{"id":26240,"date":"2019-07-29T11:47:30","date_gmt":"2019-07-29T08:47:30","guid":{"rendered":"https:\/\/kodukolle.ee\/?post_type=product&#038;p=26240"},"modified":"2023-12-22T14:54:47","modified_gmt":"2023-12-22T12:54:47","slug":"valurautatakka-plamen-tena-n","status":"publish","type":"product","link":"https:\/\/kodukolle.ee\/fi\/tuote\/valurautatakka-plamen-tena-n\/","title":{"rendered":"Valurautatakka Plamen TENA N"},"content":{"rendered":"<p>Tena N valurautatakka on klassinen Plamen malli. Se on valmistettu korkealaatuisesta harmaasta valuraudasta, mik\u00e4 antaa sille tukevan ja kest\u00e4v\u00e4n rakenteen. Emalipinnoitettu runko lis\u00e4\u00e4 ripauksen tyyli\u00e4, kun taas takan sivuilla ja p\u00e4\u00e4ll\u00e4 oleva kohokuvioitu kuviointi lis\u00e4\u00e4 sen eleganssia. Suuri lasiovi tarjoaa kauniin n\u00e4kym\u00e4n liekkeihin, ja erityisen ilmansy\u00f6tt\u00f6tavan ansiosta lasi pysyy puhtaana koko palamisajan. T\u00e4m\u00e4 tehokas palaminen ei ainoastaan s\u00e4\u00e4st\u00e4 puuta, vaan my\u00f6s suojelee ymp\u00e4rist\u00f6\u00e4 ja v\u00e4hent\u00e4\u00e4 palamisj\u00e4\u00e4mi\u00e4. Tena N valurautatakka t\u00e4ydent\u00e4\u00e4 vaivattomasti mit\u00e4 tahansa sisustusta luoden mukavan ja romanttisen tunnelman, joka lis\u00e4\u00e4 l\u00e4mp\u00f6\u00e4 ja charmia mihin tahansa tilaan.<br \/>\n&nbsp;<\/p>\n","protected":false},"excerpt":{"rendered":"<p>Tena N valurautatakka on klassinen Plamen malli. Se on valmistettu korkealaatuisesta harmaasta valuraudasta, mik\u00e4 antaa sille tukevan ja kest\u00e4v\u00e4n rakenteen. Emalipinnoitettu runko lis\u00e4\u00e4 ripauksen tyyli\u00e4, kun taas takan sivuilla ja p\u00e4\u00e4ll\u00e4 oleva kohokuvioitu kuviointi lis\u00e4\u00e4 sen eleganssia. Suuri lasiovi tarjoaa kauniin n\u00e4kym\u00e4n liekkeihin, ja erityisen ilmansy\u00f6tt\u00f6tavan ansiosta lasi pysyy puhtaana koko palamisajan.<\/p>\n","protected":false},"featured_media":16765,"template":"","meta":{"_acf_changed":false},"product_brand":[],"product_cat":[9620,9723],"product_tag":[],"class_list":{"0":"post-26240","1":"product","2":"type-product","3":"status-publish","4":"has-post-thumbnail","6":"brands-plamen-fi","7":"product_cat-takat","8":"product_cat-ale","10":"first","11":"instock","12":"shipping-taxable","13":"purchasable","14":"product-type-simple"},"acf":[],"yoast_head":"<!-- This site is optimized with the Yoast SEO plugin v27.2 - https:\/\/yoast.com\/product\/yoast-seo-wordpress\/ -->\n<title>Valurautatakka Plamen TENA N - Kodukolle<\/title>\n<meta name=\"description\" content=\"Tena N valurautatakka on klassinen Plamen malli. Se on valmistettu korkealaatuisesta harmaasta valuraudasta, mik\u00e4 antaa sille tukevan ja kest\u00e4v\u00e4n rakenteen.\" \/>\n<meta name=\"robots\" content=\"index, follow, max-snippet:-1, max-image-preview:large, max-video-preview:-1\" \/>\n<link rel=\"canonical\" href=\"https:\/\/kodukolle.ee\/fi\/tuote\/valurautatakka-plamen-tena-n\/\" \/>\n<meta property=\"og:locale\" content=\"fi_FI\" \/>\n<meta property=\"og:type\" content=\"article\" \/>\n<meta property=\"og:title\" content=\"Valurautatakka Plamen TENA N - Kodukolle\" \/>\n<meta property=\"og:description\" content=\"Tena N valurautatakka on klassinen Plamen malli. Se on valmistettu korkealaatuisesta harmaasta valuraudasta, mik\u00e4 antaa sille tukevan ja kest\u00e4v\u00e4n rakenteen.\" \/>\n<meta property=\"og:url\" content=\"https:\/\/kodukolle.ee\/fi\/tuote\/valurautatakka-plamen-tena-n\/\" \/>\n<meta property=\"og:site_name\" content=\"Kodukolle\" \/>\n<meta property=\"article:modified_time\" content=\"2023-12-22T12:54:47+00:00\" \/>\n<meta property=\"og:image\" content=\"https:\/\/kodukolle.ee\/wp-content\/uploads\/2019\/07\/Plamen-tena_N.jpg\" \/>\n\t<meta property=\"og:image:width\" content=\"800\" \/>\n\t<meta property=\"og:image:height\" content=\"600\" \/>\n\t<meta property=\"og:image:type\" content=\"image\/jpeg\" \/>\n<meta name=\"twitter:card\" content=\"summary_large_image\" \/>\n<script type=\"application\/ld+json\" class=\"yoast-schema-graph\">{\"@context\":\"https:\/\/schema.org\",\"@graph\":[{\"@type\":\"WebPage\",\"@id\":\"https:\/\/kodukolle.ee\/fi\/tuote\/valurautatakka-plamen-tena-n\/\",\"url\":\"https:\/\/kodukolle.ee\/fi\/tuote\/valurautatakka-plamen-tena-n\/\",\"name\":\"Valurautatakka Plamen TENA N - Kodukolle\",\"isPartOf\":{\"@id\":\"https:\/\/kodukolle.ee\/en\/#website\"},\"primaryImageOfPage\":{\"@id\":\"https:\/\/kodukolle.ee\/fi\/tuote\/valurautatakka-plamen-tena-n\/#primaryimage\"},\"image\":{\"@id\":\"https:\/\/kodukolle.ee\/fi\/tuote\/valurautatakka-plamen-tena-n\/#primaryimage\"},\"thumbnailUrl\":\"https:\/\/kodukolle.ee\/wp-content\/uploads\/2019\/07\/Plamen-tena_N.jpg\",\"datePublished\":\"2019-07-29T08:47:30+00:00\",\"dateModified\":\"2023-12-22T12:54:47+00:00\",\"description\":\"Tena N valurautatakka on klassinen Plamen malli. Se on valmistettu korkealaatuisesta harmaasta valuraudasta, mik\u00e4 antaa sille tukevan ja kest\u00e4v\u00e4n rakenteen.\",\"breadcrumb\":{\"@id\":\"https:\/\/kodukolle.ee\/fi\/tuote\/valurautatakka-plamen-tena-n\/#breadcrumb\"},\"inLanguage\":\"fi\",\"potentialAction\":[{\"@type\":\"ReadAction\",\"target\":[\"https:\/\/kodukolle.ee\/fi\/tuote\/valurautatakka-plamen-tena-n\/\"]}]},{\"@type\":\"ImageObject\",\"inLanguage\":\"fi\",\"@id\":\"https:\/\/kodukolle.ee\/fi\/tuote\/valurautatakka-plamen-tena-n\/#primaryimage\",\"url\":\"https:\/\/kodukolle.ee\/wp-content\/uploads\/2019\/07\/Plamen-tena_N.jpg\",\"contentUrl\":\"https:\/\/kodukolle.ee\/wp-content\/uploads\/2019\/07\/Plamen-tena_N.jpg\",\"width\":800,\"height\":600,\"caption\":\"Plamen Tena N\"},{\"@type\":\"BreadcrumbList\",\"@id\":\"https:\/\/kodukolle.ee\/fi\/tuote\/valurautatakka-plamen-tena-n\/#breadcrumb\",\"itemListElement\":[{\"@type\":\"ListItem\",\"position\":1,\"name\":\"Home\",\"item\":\"https:\/\/kodukolle.ee\/fi\/\"},{\"@type\":\"ListItem\",\"position\":2,\"name\":\"Tuotteet\",\"item\":\"https:\/\/kodukolle.ee\/fi\/tuotteet\/\"},{\"@type\":\"ListItem\",\"position\":3,\"name\":\"Valurautatakka Plamen TENA N\"}]},{\"@type\":\"WebSite\",\"@id\":\"https:\/\/kodukolle.ee\/en\/#website\",\"url\":\"https:\/\/kodukolle.ee\/en\/\",\"name\":\"Kodukolle\",\"description\":\"\",\"publisher\":{\"@id\":\"https:\/\/kodukolle.ee\/en\/#organization\"},\"potentialAction\":[{\"@type\":\"SearchAction\",\"target\":{\"@type\":\"EntryPoint\",\"urlTemplate\":\"https:\/\/kodukolle.ee\/en\/?s={search_term_string}\"},\"query-input\":{\"@type\":\"PropertyValueSpecification\",\"valueRequired\":true,\"valueName\":\"search_term_string\"}}],\"inLanguage\":\"fi\"},{\"@type\":\"Organization\",\"@id\":\"https:\/\/kodukolle.ee\/en\/#organization\",\"name\":\"Kodukolle\",\"url\":\"https:\/\/kodukolle.ee\/en\/\",\"logo\":{\"@type\":\"ImageObject\",\"inLanguage\":\"fi\",\"@id\":\"https:\/\/kodukolle.ee\/en\/#\/schema\/logo\/image\/\",\"url\":\"https:\/\/kodukolle.ee\/wp-content\/uploads\/2025\/06\/logo_must_gradient.svg\",\"contentUrl\":\"https:\/\/kodukolle.ee\/wp-content\/uploads\/2025\/06\/logo_must_gradient.svg\",\"caption\":\"Kodukolle\"},\"image\":{\"@id\":\"https:\/\/kodukolle.ee\/en\/#\/schema\/logo\/image\/\"}}]}<\/script>\n<!-- \/ Yoast SEO plugin. -->","yoast_head_json":{"title":"Valurautatakka Plamen TENA N - Kodukolle","description":"Tena N valurautatakka on klassinen Plamen malli. Se on valmistettu korkealaatuisesta harmaasta valuraudasta, mik\u00e4 antaa sille tukevan ja kest\u00e4v\u00e4n rakenteen.","robots":{"index":"index","follow":"follow","max-snippet":"max-snippet:-1","max-image-preview":"max-image-preview:large","max-video-preview":"max-video-preview:-1"},"canonical":"https:\/\/kodukolle.ee\/fi\/tuote\/valurautatakka-plamen-tena-n\/","og_locale":"fi_FI","og_type":"article","og_title":"Valurautatakka Plamen TENA N - Kodukolle","og_description":"Tena N valurautatakka on klassinen Plamen malli. Se on valmistettu korkealaatuisesta harmaasta valuraudasta, mik\u00e4 antaa sille tukevan ja kest\u00e4v\u00e4n rakenteen.","og_url":"https:\/\/kodukolle.ee\/fi\/tuote\/valurautatakka-plamen-tena-n\/","og_site_name":"Kodukolle","article_modified_time":"2023-12-22T12:54:47+00:00","og_image":[{"width":800,"height":600,"url":"https:\/\/kodukolle.ee\/wp-content\/uploads\/2019\/07\/Plamen-tena_N.jpg","type":"image\/jpeg"}],"twitter_card":"summary_large_image","schema":{"@context":"https:\/\/schema.org","@graph":[{"@type":"WebPage","@id":"https:\/\/kodukolle.ee\/fi\/tuote\/valurautatakka-plamen-tena-n\/","url":"https:\/\/kodukolle.ee\/fi\/tuote\/valurautatakka-plamen-tena-n\/","name":"Valurautatakka Plamen TENA N - Kodukolle","isPartOf":{"@id":"https:\/\/kodukolle.ee\/en\/#website"},"primaryImageOfPage":{"@id":"https:\/\/kodukolle.ee\/fi\/tuote\/valurautatakka-plamen-tena-n\/#primaryimage"},"image":{"@id":"https:\/\/kodukolle.ee\/fi\/tuote\/valurautatakka-plamen-tena-n\/#primaryimage"},"thumbnailUrl":"https:\/\/kodukolle.ee\/wp-content\/uploads\/2019\/07\/Plamen-tena_N.jpg","datePublished":"2019-07-29T08:47:30+00:00","dateModified":"2023-12-22T12:54:47+00:00","description":"Tena N valurautatakka on klassinen Plamen malli. Se on valmistettu korkealaatuisesta harmaasta valuraudasta, mik\u00e4 antaa sille tukevan ja kest\u00e4v\u00e4n rakenteen.","breadcrumb":{"@id":"https:\/\/kodukolle.ee\/fi\/tuote\/valurautatakka-plamen-tena-n\/#breadcrumb"},"inLanguage":"fi","potentialAction":[{"@type":"ReadAction","target":["https:\/\/kodukolle.ee\/fi\/tuote\/valurautatakka-plamen-tena-n\/"]}]},{"@type":"ImageObject","inLanguage":"fi","@id":"https:\/\/kodukolle.ee\/fi\/tuote\/valurautatakka-plamen-tena-n\/#primaryimage","url":"https:\/\/kodukolle.ee\/wp-content\/uploads\/2019\/07\/Plamen-tena_N.jpg","contentUrl":"https:\/\/kodukolle.ee\/wp-content\/uploads\/2019\/07\/Plamen-tena_N.jpg","width":800,"height":600,"caption":"Plamen Tena N"},{"@type":"BreadcrumbList","@id":"https:\/\/kodukolle.ee\/fi\/tuote\/valurautatakka-plamen-tena-n\/#breadcrumb","itemListElement":[{"@type":"ListItem","position":1,"name":"Home","item":"https:\/\/kodukolle.ee\/fi\/"},{"@type":"ListItem","position":2,"name":"Tuotteet","item":"https:\/\/kodukolle.ee\/fi\/tuotteet\/"},{"@type":"ListItem","position":3,"name":"Valurautatakka Plamen TENA N"}]},{"@type":"WebSite","@id":"https:\/\/kodukolle.ee\/en\/#website","url":"https:\/\/kodukolle.ee\/en\/","name":"Kodukolle","description":"","publisher":{"@id":"https:\/\/kodukolle.ee\/en\/#organization"},"potentialAction":[{"@type":"SearchAction","target":{"@type":"EntryPoint","urlTemplate":"https:\/\/kodukolle.ee\/en\/?s={search_term_string}"},"query-input":{"@type":"PropertyValueSpecification","valueRequired":true,"valueName":"search_term_string"}}],"inLanguage":"fi"},{"@type":"Organization","@id":"https:\/\/kodukolle.ee\/en\/#organization","name":"Kodukolle","url":"https:\/\/kodukolle.ee\/en\/","logo":{"@type":"ImageObject","inLanguage":"fi","@id":"https:\/\/kodukolle.ee\/en\/#\/schema\/logo\/image\/","url":"https:\/\/kodukolle.ee\/wp-content\/uploads\/2025\/06\/logo_must_gradient.svg","contentUrl":"https:\/\/kodukolle.ee\/wp-content\/uploads\/2025\/06\/logo_must_gradient.svg","caption":"Kodukolle"},"image":{"@id":"https:\/\/kodukolle.ee\/en\/#\/schema\/logo\/image\/"}}]}},"_links":{"self":[{"href":"https:\/\/kodukolle.ee\/fi\/wp-json\/wp\/v2\/product\/26240","targetHints":{"allow":["GET"]}}],"collection":[{"href":"https:\/\/kodukolle.ee\/fi\/wp-json\/wp\/v2\/product"}],"about":[{"href":"https:\/\/kodukolle.ee\/fi\/wp-json\/wp\/v2\/types\/product"}],"wp:featuredmedia":[{"embeddable":true,"href":"https:\/\/kodukolle.ee\/fi\/wp-json\/wp\/v2\/media\/16765"}],"wp:attachment":[{"href":"https:\/\/kodukolle.ee\/fi\/wp-json\/wp\/v2\/media?parent=26240"}],"wp:term":[{"taxonomy":"product_brand","embeddable":true,"href":"https:\/\/kodukolle.ee\/fi\/wp-json\/wp\/v2\/product_brand?post=26240"},{"taxonomy":"product_cat","embeddable":true,"href":"https:\/\/kodukolle.ee\/fi\/wp-json\/wp\/v2\/product_cat?post=26240"},{"taxonomy":"product_tag","embeddable":true,"href":"https:\/\/kodukolle.ee\/fi\/wp-json\/wp\/v2\/product_tag?post=26240"}],"curies":[{"name":"wp","href":"https:\/\/api.w.org\/{rel}","templated":true}]}}