{"id":26277,"date":"2019-07-29T11:47:28","date_gmt":"2019-07-29T08:47:28","guid":{"rendered":"https:\/\/kodukolle.ee\/?post_type=product&#038;p=26277"},"modified":"2023-12-22T16:00:30","modified_gmt":"2023-12-22T14:00:30","slug":"valurautatakka-plamen-amity-3-n","status":"publish","type":"product","link":"https:\/\/kodukolle.ee\/fi\/tuote\/valurautatakka-plamen-amity-3-n\/","title":{"rendered":"Valurautatakka Plamen AMITY 3 N"},"content":{"rendered":"<p>Plamen Amity 3 N valurautatakka inspiroi sinua upealla ulkon\u00e4\u00f6ll\u00e4\u00e4n, ja sen tyylik\u00e4s muotoilu tekee siit\u00e4 visuaalisen herkkupalan kotiisi luoden samalla kodikkaan tunnelman. Vahva valurautarakenne takaa kest\u00e4vyyden ja vuosien ongelmattoman l\u00e4mmityksen. Pienest\u00e4 koostaan huolimatta t\u00e4m\u00e4 takka on poikkeuksellisen tehokas. Suuri lasiovi tarjoaa kauniin n\u00e4kym\u00e4n liekkeihin, ja erityinen ilmansy\u00f6tt\u00f6tapa pit\u00e4\u00e4 lasin puhtaana koko palamisajan.\n<\/ul>\n<p>&nbsp;<\/p>\n","protected":false},"excerpt":{"rendered":"<p>Plamen Amity 3 N valurautatakka inspiroi sinua upealla ulkon\u00e4\u00f6ll\u00e4\u00e4n, ja sen tyylik\u00e4s muotoilu tekee siit\u00e4 visuaalisen herkkupalan kotiisi luoden samalla kodikkaan tunnelman. Vahva valurautarakenne takaa kest\u00e4vyyden ja vuosien ongelmattoman l\u00e4mmityksen. Pienest\u00e4 koostaan huolimatta t\u00e4m\u00e4 takka on poikkeuksellisen tehokas. Suuri lasiovi tarjoaa kauniin n\u00e4kym\u00e4n liekkeihin, ja erityinen ilmansy\u00f6tt\u00f6tapa pit\u00e4\u00e4 lasin puhtaana koko palamisajan.<\/p>\n","protected":false},"featured_media":16094,"template":"","meta":{"_acf_changed":false},"product_brand":[],"product_cat":[9620,9723],"product_tag":[],"class_list":{"0":"post-26277","1":"product","2":"type-product","3":"status-publish","4":"has-post-thumbnail","6":"brands-plamen-fi","7":"product_cat-takat","8":"product_cat-ale","10":"first","11":"instock","12":"shipping-taxable","13":"purchasable","14":"product-type-simple"},"acf":[],"yoast_head":"<!-- This site is optimized with the Yoast SEO plugin v27.2 - https:\/\/yoast.com\/product\/yoast-seo-wordpress\/ -->\n<title>Valurautatakka Plamen AMITY 3 N - Kodukolle<\/title>\n<meta name=\"description\" content=\"Plamen Amity 3 N valurautatakka inspiroi sinua upealla ulkon\u00e4\u00f6ll\u00e4\u00e4n, ja sen tyylik\u00e4s muotoilu tekee siit\u00e4 visuaalisen herkkupalan kotiisi luoden samalla kodikkaan tunnelman.\" \/>\n<meta name=\"robots\" content=\"index, follow, max-snippet:-1, max-image-preview:large, max-video-preview:-1\" \/>\n<link rel=\"canonical\" href=\"https:\/\/kodukolle.ee\/tuote\/malmkamin-plamen-amity-3\/\" \/>\n<meta property=\"og:locale\" content=\"fi_FI\" \/>\n<meta property=\"og:type\" content=\"article\" \/>\n<meta property=\"og:title\" content=\"Valurautatakka Plamen AMITY 3 N - Kodukolle\" \/>\n<meta property=\"og:description\" content=\"Plamen Amity 3 N valurautatakka inspiroi sinua upealla ulkon\u00e4\u00f6ll\u00e4\u00e4n, ja sen tyylik\u00e4s muotoilu tekee siit\u00e4 visuaalisen herkkupalan kotiisi luoden samalla kodikkaan tunnelman.\" \/>\n<meta property=\"og:url\" content=\"https:\/\/kodukolle.ee\/tuote\/malmkamin-plamen-amity-3\/\" \/>\n<meta property=\"og:site_name\" content=\"Kodukolle\" \/>\n<meta property=\"article:modified_time\" content=\"2023-12-22T14:00:30+00:00\" \/>\n<meta property=\"og:image\" content=\"https:\/\/kodukolle.ee\/wp-content\/uploads\/2019\/07\/Plamen-Amity-3.jpg\" \/>\n\t<meta property=\"og:image:width\" content=\"1389\" \/>\n\t<meta property=\"og:image:height\" content=\"1490\" \/>\n\t<meta property=\"og:image:type\" content=\"image\/jpeg\" \/>\n<meta name=\"twitter:card\" content=\"summary_large_image\" \/>\n<script type=\"application\/ld+json\" class=\"yoast-schema-graph\">{\"@context\":\"https:\/\/schema.org\",\"@graph\":[{\"@type\":\"WebPage\",\"@id\":\"https:\/\/kodukolle.ee\/tuote\/malmkamin-plamen-amity-3\/\",\"url\":\"https:\/\/kodukolle.ee\/tuote\/malmkamin-plamen-amity-3\/\",\"name\":\"Valurautatakka Plamen AMITY 3 N - Kodukolle\",\"isPartOf\":{\"@id\":\"https:\/\/kodukolle.ee\/en\/#website\"},\"primaryImageOfPage\":{\"@id\":\"https:\/\/kodukolle.ee\/tuote\/malmkamin-plamen-amity-3\/#primaryimage\"},\"image\":{\"@id\":\"https:\/\/kodukolle.ee\/tuote\/malmkamin-plamen-amity-3\/#primaryimage\"},\"thumbnailUrl\":\"https:\/\/kodukolle.ee\/wp-content\/uploads\/2019\/07\/Plamen-Amity-3.jpg\",\"datePublished\":\"2019-07-29T08:47:28+00:00\",\"dateModified\":\"2023-12-22T14:00:30+00:00\",\"description\":\"Plamen Amity 3 N valurautatakka inspiroi sinua upealla ulkon\u00e4\u00f6ll\u00e4\u00e4n, ja sen tyylik\u00e4s muotoilu tekee siit\u00e4 visuaalisen herkkupalan kotiisi luoden samalla kodikkaan tunnelman.\",\"breadcrumb\":{\"@id\":\"https:\/\/kodukolle.ee\/tuote\/malmkamin-plamen-amity-3\/#breadcrumb\"},\"inLanguage\":\"fi\",\"potentialAction\":[{\"@type\":\"ReadAction\",\"target\":[\"https:\/\/kodukolle.ee\/tuote\/malmkamin-plamen-amity-3\/\"]}]},{\"@type\":\"ImageObject\",\"inLanguage\":\"fi\",\"@id\":\"https:\/\/kodukolle.ee\/tuote\/malmkamin-plamen-amity-3\/#primaryimage\",\"url\":\"https:\/\/kodukolle.ee\/wp-content\/uploads\/2019\/07\/Plamen-Amity-3.jpg\",\"contentUrl\":\"https:\/\/kodukolle.ee\/wp-content\/uploads\/2019\/07\/Plamen-Amity-3.jpg\",\"width\":1389,\"height\":1490},{\"@type\":\"BreadcrumbList\",\"@id\":\"https:\/\/kodukolle.ee\/tuote\/malmkamin-plamen-amity-3\/#breadcrumb\",\"itemListElement\":[{\"@type\":\"ListItem\",\"position\":1,\"name\":\"Home\",\"item\":\"https:\/\/kodukolle.ee\/fi\/\"},{\"@type\":\"ListItem\",\"position\":2,\"name\":\"Tuotteet\",\"item\":\"https:\/\/kodukolle.ee\/fi\/tuotteet\/\"},{\"@type\":\"ListItem\",\"position\":3,\"name\":\"Valurautatakka Plamen AMITY 3 N\"}]},{\"@type\":\"WebSite\",\"@id\":\"https:\/\/kodukolle.ee\/en\/#website\",\"url\":\"https:\/\/kodukolle.ee\/en\/\",\"name\":\"Kodukolle\",\"description\":\"\",\"publisher\":{\"@id\":\"https:\/\/kodukolle.ee\/en\/#organization\"},\"potentialAction\":[{\"@type\":\"SearchAction\",\"target\":{\"@type\":\"EntryPoint\",\"urlTemplate\":\"https:\/\/kodukolle.ee\/en\/?s={search_term_string}\"},\"query-input\":{\"@type\":\"PropertyValueSpecification\",\"valueRequired\":true,\"valueName\":\"search_term_string\"}}],\"inLanguage\":\"fi\"},{\"@type\":\"Organization\",\"@id\":\"https:\/\/kodukolle.ee\/en\/#organization\",\"name\":\"Kodukolle\",\"url\":\"https:\/\/kodukolle.ee\/en\/\",\"logo\":{\"@type\":\"ImageObject\",\"inLanguage\":\"fi\",\"@id\":\"https:\/\/kodukolle.ee\/en\/#\/schema\/logo\/image\/\",\"url\":\"https:\/\/kodukolle.ee\/wp-content\/uploads\/2025\/06\/logo_must_gradient.svg\",\"contentUrl\":\"https:\/\/kodukolle.ee\/wp-content\/uploads\/2025\/06\/logo_must_gradient.svg\",\"caption\":\"Kodukolle\"},\"image\":{\"@id\":\"https:\/\/kodukolle.ee\/en\/#\/schema\/logo\/image\/\"}}]}<\/script>\n<!-- \/ Yoast SEO plugin. -->","yoast_head_json":{"title":"Valurautatakka Plamen AMITY 3 N - Kodukolle","description":"Plamen Amity 3 N valurautatakka inspiroi sinua upealla ulkon\u00e4\u00f6ll\u00e4\u00e4n, ja sen tyylik\u00e4s muotoilu tekee siit\u00e4 visuaalisen herkkupalan kotiisi luoden samalla kodikkaan tunnelman.","robots":{"index":"index","follow":"follow","max-snippet":"max-snippet:-1","max-image-preview":"max-image-preview:large","max-video-preview":"max-video-preview:-1"},"canonical":"https:\/\/kodukolle.ee\/tuote\/malmkamin-plamen-amity-3\/","og_locale":"fi_FI","og_type":"article","og_title":"Valurautatakka Plamen AMITY 3 N - Kodukolle","og_description":"Plamen Amity 3 N valurautatakka inspiroi sinua upealla ulkon\u00e4\u00f6ll\u00e4\u00e4n, ja sen tyylik\u00e4s muotoilu tekee siit\u00e4 visuaalisen herkkupalan kotiisi luoden samalla kodikkaan tunnelman.","og_url":"https:\/\/kodukolle.ee\/tuote\/malmkamin-plamen-amity-3\/","og_site_name":"Kodukolle","article_modified_time":"2023-12-22T14:00:30+00:00","og_image":[{"width":1389,"height":1490,"url":"https:\/\/kodukolle.ee\/wp-content\/uploads\/2019\/07\/Plamen-Amity-3.jpg","type":"image\/jpeg"}],"twitter_card":"summary_large_image","schema":{"@context":"https:\/\/schema.org","@graph":[{"@type":"WebPage","@id":"https:\/\/kodukolle.ee\/tuote\/malmkamin-plamen-amity-3\/","url":"https:\/\/kodukolle.ee\/tuote\/malmkamin-plamen-amity-3\/","name":"Valurautatakka Plamen AMITY 3 N - Kodukolle","isPartOf":{"@id":"https:\/\/kodukolle.ee\/en\/#website"},"primaryImageOfPage":{"@id":"https:\/\/kodukolle.ee\/tuote\/malmkamin-plamen-amity-3\/#primaryimage"},"image":{"@id":"https:\/\/kodukolle.ee\/tuote\/malmkamin-plamen-amity-3\/#primaryimage"},"thumbnailUrl":"https:\/\/kodukolle.ee\/wp-content\/uploads\/2019\/07\/Plamen-Amity-3.jpg","datePublished":"2019-07-29T08:47:28+00:00","dateModified":"2023-12-22T14:00:30+00:00","description":"Plamen Amity 3 N valurautatakka inspiroi sinua upealla ulkon\u00e4\u00f6ll\u00e4\u00e4n, ja sen tyylik\u00e4s muotoilu tekee siit\u00e4 visuaalisen herkkupalan kotiisi luoden samalla kodikkaan tunnelman.","breadcrumb":{"@id":"https:\/\/kodukolle.ee\/tuote\/malmkamin-plamen-amity-3\/#breadcrumb"},"inLanguage":"fi","potentialAction":[{"@type":"ReadAction","target":["https:\/\/kodukolle.ee\/tuote\/malmkamin-plamen-amity-3\/"]}]},{"@type":"ImageObject","inLanguage":"fi","@id":"https:\/\/kodukolle.ee\/tuote\/malmkamin-plamen-amity-3\/#primaryimage","url":"https:\/\/kodukolle.ee\/wp-content\/uploads\/2019\/07\/Plamen-Amity-3.jpg","contentUrl":"https:\/\/kodukolle.ee\/wp-content\/uploads\/2019\/07\/Plamen-Amity-3.jpg","width":1389,"height":1490},{"@type":"BreadcrumbList","@id":"https:\/\/kodukolle.ee\/tuote\/malmkamin-plamen-amity-3\/#breadcrumb","itemListElement":[{"@type":"ListItem","position":1,"name":"Home","item":"https:\/\/kodukolle.ee\/fi\/"},{"@type":"ListItem","position":2,"name":"Tuotteet","item":"https:\/\/kodukolle.ee\/fi\/tuotteet\/"},{"@type":"ListItem","position":3,"name":"Valurautatakka Plamen AMITY 3 N"}]},{"@type":"WebSite","@id":"https:\/\/kodukolle.ee\/en\/#website","url":"https:\/\/kodukolle.ee\/en\/","name":"Kodukolle","description":"","publisher":{"@id":"https:\/\/kodukolle.ee\/en\/#organization"},"potentialAction":[{"@type":"SearchAction","target":{"@type":"EntryPoint","urlTemplate":"https:\/\/kodukolle.ee\/en\/?s={search_term_string}"},"query-input":{"@type":"PropertyValueSpecification","valueRequired":true,"valueName":"search_term_string"}}],"inLanguage":"fi"},{"@type":"Organization","@id":"https:\/\/kodukolle.ee\/en\/#organization","name":"Kodukolle","url":"https:\/\/kodukolle.ee\/en\/","logo":{"@type":"ImageObject","inLanguage":"fi","@id":"https:\/\/kodukolle.ee\/en\/#\/schema\/logo\/image\/","url":"https:\/\/kodukolle.ee\/wp-content\/uploads\/2025\/06\/logo_must_gradient.svg","contentUrl":"https:\/\/kodukolle.ee\/wp-content\/uploads\/2025\/06\/logo_must_gradient.svg","caption":"Kodukolle"},"image":{"@id":"https:\/\/kodukolle.ee\/en\/#\/schema\/logo\/image\/"}}]}},"_links":{"self":[{"href":"https:\/\/kodukolle.ee\/fi\/wp-json\/wp\/v2\/product\/26277","targetHints":{"allow":["GET"]}}],"collection":[{"href":"https:\/\/kodukolle.ee\/fi\/wp-json\/wp\/v2\/product"}],"about":[{"href":"https:\/\/kodukolle.ee\/fi\/wp-json\/wp\/v2\/types\/product"}],"wp:featuredmedia":[{"embeddable":true,"href":"https:\/\/kodukolle.ee\/fi\/wp-json\/wp\/v2\/media\/16094"}],"wp:attachment":[{"href":"https:\/\/kodukolle.ee\/fi\/wp-json\/wp\/v2\/media?parent=26277"}],"wp:term":[{"taxonomy":"product_brand","embeddable":true,"href":"https:\/\/kodukolle.ee\/fi\/wp-json\/wp\/v2\/product_brand?post=26277"},{"taxonomy":"product_cat","embeddable":true,"href":"https:\/\/kodukolle.ee\/fi\/wp-json\/wp\/v2\/product_cat?post=26277"},{"taxonomy":"product_tag","embeddable":true,"href":"https:\/\/kodukolle.ee\/fi\/wp-json\/wp\/v2\/product_tag?post=26277"}],"curies":[{"name":"wp","href":"https:\/\/api.w.org\/{rel}","templated":true}]}}