{"id":26337,"date":"2019-10-31T16:55:14","date_gmt":"2019-10-31T14:55:14","guid":{"rendered":"https:\/\/kodukolle.ee\/?post_type=product&#038;p=26337"},"modified":"2023-12-27T10:27:28","modified_gmt":"2023-12-27T08:27:28","slug":"design-takka-rocal-angle","status":"publish","type":"product","link":"https:\/\/kodukolle.ee\/fi\/tuote\/design-takka-rocal-angle\/","title":{"rendered":"Design takka Rocal ANGLE"},"content":{"rendered":"<p>Yksi Rocal Angle -designtakan merkitt\u00e4vimmist\u00e4 ominaisuuksista on sen monipuolisuus. Takan ainutlaatuinen muoto lis\u00e4\u00e4 alkuper\u00e4ist\u00e4 ilmett\u00e4 mihin tahansa moderniin olohuoneeseen. Se voidaan asentaa k\u00e4tev\u00e4sti nurkkaan tai tasaista sein\u00e4\u00e4 vasten, jolloin voit maksimoida k\u00e4ytett\u00e4viss\u00e4 olevan tilan ja valita tarpeitasi parhaiten vastaavan pohjaratkaisun. Lis\u00e4varusteet, kuten py\u00f6riv\u00e4 sein\u00e4teline kaukos\u00e4\u00e4timell\u00e4 ja jalustalla, tarjoavat vapaasti seisova asennusvaihtoehdon. T\u00e4m\u00e4n innovatiivisen ominaisuuden avulla voit s\u00e4\u00e4t\u00e4\u00e4 takan kulmaa mukavasti sohvaltasi kaukos\u00e4\u00e4timell\u00e4, jolloin l\u00e4mm\u00f6n tarkka suuntaaminen on helppoa. Rocal Angle on t\u00e4ydellinen valinta niille, jotka etsiv\u00e4t lis\u00e4mukavuutta ja joustavuutta.<\/p>\n<p>&nbsp; <\/p>\n","protected":false},"excerpt":{"rendered":"<p>Yksi Rocal Angle -designtakan merkitt\u00e4vimmist\u00e4 ominaisuuksista on sen monipuolisuus. Takan ainutlaatuinen muoto lis\u00e4\u00e4 alkuper\u00e4ist\u00e4 ilmett\u00e4 mihin tahansa moderniin olohuoneeseen. Se voidaan asentaa k\u00e4tev\u00e4sti nurkkaan tai tasaista sein\u00e4\u00e4 vasten, jolloin voit maksimoida k\u00e4ytett\u00e4viss\u00e4 olevan tilan ja valita tarpeitasi parhaiten vastaavan pohjaratkaisun. Lis\u00e4varusteet, kuten py\u00f6riv\u00e4 sein\u00e4teline kaukos\u00e4\u00e4timell\u00e4 ja jalustalla, tarjoavat vapaasti seisova asennusvaihtoehdon.<\/p>\n","protected":false},"featured_media":10886,"template":"","meta":{"_acf_changed":false},"product_brand":[],"product_cat":[1584],"product_tag":[],"class_list":{"0":"post-26337","1":"product","2":"type-product","3":"status-publish","4":"has-post-thumbnail","6":"brands-rocal-fi","7":"product_cat-design-takat","9":"first","10":"instock","11":"shipping-taxable","12":"purchasable","13":"product-type-simple"},"acf":[],"yoast_head":"<!-- This site is optimized with the Yoast SEO plugin v27.2 - https:\/\/yoast.com\/product\/yoast-seo-wordpress\/ -->\n<title>Design takka Rocal ANGLE - Kodukolle<\/title>\n<meta name=\"description\" content=\"Yksi Rocal Angle -designtakan merkitt\u00e4vimmist\u00e4 ominaisuuksista on sen monipuolisuus. Takan ainutlaatuinen muoto lis\u00e4\u00e4 alkuper\u00e4ist\u00e4 ilmett\u00e4 mihin tahansa moderniin olohuoneeseen.\" \/>\n<meta name=\"robots\" content=\"index, follow, max-snippet:-1, max-image-preview:large, max-video-preview:-1\" \/>\n<link rel=\"canonical\" href=\"https:\/\/kodukolle.ee\/fi\/tuote\/design-takka-rocal-angle\/\" \/>\n<meta property=\"og:locale\" content=\"fi_FI\" \/>\n<meta property=\"og:type\" content=\"article\" \/>\n<meta property=\"og:title\" content=\"Design takka Rocal ANGLE - Kodukolle\" \/>\n<meta property=\"og:description\" content=\"Yksi Rocal Angle -designtakan merkitt\u00e4vimmist\u00e4 ominaisuuksista on sen monipuolisuus. Takan ainutlaatuinen muoto lis\u00e4\u00e4 alkuper\u00e4ist\u00e4 ilmett\u00e4 mihin tahansa moderniin olohuoneeseen.\" \/>\n<meta property=\"og:url\" content=\"https:\/\/kodukolle.ee\/fi\/tuote\/design-takka-rocal-angle\/\" \/>\n<meta property=\"og:site_name\" content=\"Kodukolle\" \/>\n<meta property=\"article:modified_time\" content=\"2023-12-27T08:27:28+00:00\" \/>\n<meta property=\"og:image\" content=\"https:\/\/kodukolle.ee\/wp-content\/uploads\/2019\/10\/ANGLE-1-1.jpg\" \/>\n\t<meta property=\"og:image:width\" content=\"1580\" \/>\n\t<meta property=\"og:image:height\" content=\"1040\" \/>\n\t<meta property=\"og:image:type\" content=\"image\/jpeg\" \/>\n<meta name=\"twitter:card\" content=\"summary_large_image\" \/>\n<script type=\"application\/ld+json\" class=\"yoast-schema-graph\">{\"@context\":\"https:\/\/schema.org\",\"@graph\":[{\"@type\":\"WebPage\",\"@id\":\"https:\/\/kodukolle.ee\/fi\/tuote\/design-takka-rocal-angle\/\",\"url\":\"https:\/\/kodukolle.ee\/fi\/tuote\/design-takka-rocal-angle\/\",\"name\":\"Design takka Rocal ANGLE - Kodukolle\",\"isPartOf\":{\"@id\":\"https:\/\/kodukolle.ee\/en\/#website\"},\"primaryImageOfPage\":{\"@id\":\"https:\/\/kodukolle.ee\/fi\/tuote\/design-takka-rocal-angle\/#primaryimage\"},\"image\":{\"@id\":\"https:\/\/kodukolle.ee\/fi\/tuote\/design-takka-rocal-angle\/#primaryimage\"},\"thumbnailUrl\":\"https:\/\/kodukolle.ee\/wp-content\/uploads\/2019\/10\/ANGLE-1-1.jpg\",\"datePublished\":\"2019-10-31T14:55:14+00:00\",\"dateModified\":\"2023-12-27T08:27:28+00:00\",\"description\":\"Yksi Rocal Angle -designtakan merkitt\u00e4vimmist\u00e4 ominaisuuksista on sen monipuolisuus. Takan ainutlaatuinen muoto lis\u00e4\u00e4 alkuper\u00e4ist\u00e4 ilmett\u00e4 mihin tahansa moderniin olohuoneeseen.\",\"breadcrumb\":{\"@id\":\"https:\/\/kodukolle.ee\/fi\/tuote\/design-takka-rocal-angle\/#breadcrumb\"},\"inLanguage\":\"fi\",\"potentialAction\":[{\"@type\":\"ReadAction\",\"target\":[\"https:\/\/kodukolle.ee\/fi\/tuote\/design-takka-rocal-angle\/\"]}]},{\"@type\":\"ImageObject\",\"inLanguage\":\"fi\",\"@id\":\"https:\/\/kodukolle.ee\/fi\/tuote\/design-takka-rocal-angle\/#primaryimage\",\"url\":\"https:\/\/kodukolle.ee\/wp-content\/uploads\/2019\/10\/ANGLE-1-1.jpg\",\"contentUrl\":\"https:\/\/kodukolle.ee\/wp-content\/uploads\/2019\/10\/ANGLE-1-1.jpg\",\"width\":1580,\"height\":1040},{\"@type\":\"BreadcrumbList\",\"@id\":\"https:\/\/kodukolle.ee\/fi\/tuote\/design-takka-rocal-angle\/#breadcrumb\",\"itemListElement\":[{\"@type\":\"ListItem\",\"position\":1,\"name\":\"Home\",\"item\":\"https:\/\/kodukolle.ee\/fi\/\"},{\"@type\":\"ListItem\",\"position\":2,\"name\":\"Tuotteet\",\"item\":\"https:\/\/kodukolle.ee\/fi\/tuotteet\/\"},{\"@type\":\"ListItem\",\"position\":3,\"name\":\"Design takka Rocal ANGLE\"}]},{\"@type\":\"WebSite\",\"@id\":\"https:\/\/kodukolle.ee\/en\/#website\",\"url\":\"https:\/\/kodukolle.ee\/en\/\",\"name\":\"Kodukolle\",\"description\":\"\",\"publisher\":{\"@id\":\"https:\/\/kodukolle.ee\/en\/#organization\"},\"potentialAction\":[{\"@type\":\"SearchAction\",\"target\":{\"@type\":\"EntryPoint\",\"urlTemplate\":\"https:\/\/kodukolle.ee\/en\/?s={search_term_string}\"},\"query-input\":{\"@type\":\"PropertyValueSpecification\",\"valueRequired\":true,\"valueName\":\"search_term_string\"}}],\"inLanguage\":\"fi\"},{\"@type\":\"Organization\",\"@id\":\"https:\/\/kodukolle.ee\/en\/#organization\",\"name\":\"Kodukolle\",\"url\":\"https:\/\/kodukolle.ee\/en\/\",\"logo\":{\"@type\":\"ImageObject\",\"inLanguage\":\"fi\",\"@id\":\"https:\/\/kodukolle.ee\/en\/#\/schema\/logo\/image\/\",\"url\":\"https:\/\/kodukolle.ee\/wp-content\/uploads\/2025\/06\/logo_must_gradient.svg\",\"contentUrl\":\"https:\/\/kodukolle.ee\/wp-content\/uploads\/2025\/06\/logo_must_gradient.svg\",\"caption\":\"Kodukolle\"},\"image\":{\"@id\":\"https:\/\/kodukolle.ee\/en\/#\/schema\/logo\/image\/\"}}]}<\/script>\n<!-- \/ Yoast SEO plugin. -->","yoast_head_json":{"title":"Design takka Rocal ANGLE - Kodukolle","description":"Yksi Rocal Angle -designtakan merkitt\u00e4vimmist\u00e4 ominaisuuksista on sen monipuolisuus. Takan ainutlaatuinen muoto lis\u00e4\u00e4 alkuper\u00e4ist\u00e4 ilmett\u00e4 mihin tahansa moderniin olohuoneeseen.","robots":{"index":"index","follow":"follow","max-snippet":"max-snippet:-1","max-image-preview":"max-image-preview:large","max-video-preview":"max-video-preview:-1"},"canonical":"https:\/\/kodukolle.ee\/fi\/tuote\/design-takka-rocal-angle\/","og_locale":"fi_FI","og_type":"article","og_title":"Design takka Rocal ANGLE - Kodukolle","og_description":"Yksi Rocal Angle -designtakan merkitt\u00e4vimmist\u00e4 ominaisuuksista on sen monipuolisuus. Takan ainutlaatuinen muoto lis\u00e4\u00e4 alkuper\u00e4ist\u00e4 ilmett\u00e4 mihin tahansa moderniin olohuoneeseen.","og_url":"https:\/\/kodukolle.ee\/fi\/tuote\/design-takka-rocal-angle\/","og_site_name":"Kodukolle","article_modified_time":"2023-12-27T08:27:28+00:00","og_image":[{"width":1580,"height":1040,"url":"https:\/\/kodukolle.ee\/wp-content\/uploads\/2019\/10\/ANGLE-1-1.jpg","type":"image\/jpeg"}],"twitter_card":"summary_large_image","schema":{"@context":"https:\/\/schema.org","@graph":[{"@type":"WebPage","@id":"https:\/\/kodukolle.ee\/fi\/tuote\/design-takka-rocal-angle\/","url":"https:\/\/kodukolle.ee\/fi\/tuote\/design-takka-rocal-angle\/","name":"Design takka Rocal ANGLE - Kodukolle","isPartOf":{"@id":"https:\/\/kodukolle.ee\/en\/#website"},"primaryImageOfPage":{"@id":"https:\/\/kodukolle.ee\/fi\/tuote\/design-takka-rocal-angle\/#primaryimage"},"image":{"@id":"https:\/\/kodukolle.ee\/fi\/tuote\/design-takka-rocal-angle\/#primaryimage"},"thumbnailUrl":"https:\/\/kodukolle.ee\/wp-content\/uploads\/2019\/10\/ANGLE-1-1.jpg","datePublished":"2019-10-31T14:55:14+00:00","dateModified":"2023-12-27T08:27:28+00:00","description":"Yksi Rocal Angle -designtakan merkitt\u00e4vimmist\u00e4 ominaisuuksista on sen monipuolisuus. Takan ainutlaatuinen muoto lis\u00e4\u00e4 alkuper\u00e4ist\u00e4 ilmett\u00e4 mihin tahansa moderniin olohuoneeseen.","breadcrumb":{"@id":"https:\/\/kodukolle.ee\/fi\/tuote\/design-takka-rocal-angle\/#breadcrumb"},"inLanguage":"fi","potentialAction":[{"@type":"ReadAction","target":["https:\/\/kodukolle.ee\/fi\/tuote\/design-takka-rocal-angle\/"]}]},{"@type":"ImageObject","inLanguage":"fi","@id":"https:\/\/kodukolle.ee\/fi\/tuote\/design-takka-rocal-angle\/#primaryimage","url":"https:\/\/kodukolle.ee\/wp-content\/uploads\/2019\/10\/ANGLE-1-1.jpg","contentUrl":"https:\/\/kodukolle.ee\/wp-content\/uploads\/2019\/10\/ANGLE-1-1.jpg","width":1580,"height":1040},{"@type":"BreadcrumbList","@id":"https:\/\/kodukolle.ee\/fi\/tuote\/design-takka-rocal-angle\/#breadcrumb","itemListElement":[{"@type":"ListItem","position":1,"name":"Home","item":"https:\/\/kodukolle.ee\/fi\/"},{"@type":"ListItem","position":2,"name":"Tuotteet","item":"https:\/\/kodukolle.ee\/fi\/tuotteet\/"},{"@type":"ListItem","position":3,"name":"Design takka Rocal ANGLE"}]},{"@type":"WebSite","@id":"https:\/\/kodukolle.ee\/en\/#website","url":"https:\/\/kodukolle.ee\/en\/","name":"Kodukolle","description":"","publisher":{"@id":"https:\/\/kodukolle.ee\/en\/#organization"},"potentialAction":[{"@type":"SearchAction","target":{"@type":"EntryPoint","urlTemplate":"https:\/\/kodukolle.ee\/en\/?s={search_term_string}"},"query-input":{"@type":"PropertyValueSpecification","valueRequired":true,"valueName":"search_term_string"}}],"inLanguage":"fi"},{"@type":"Organization","@id":"https:\/\/kodukolle.ee\/en\/#organization","name":"Kodukolle","url":"https:\/\/kodukolle.ee\/en\/","logo":{"@type":"ImageObject","inLanguage":"fi","@id":"https:\/\/kodukolle.ee\/en\/#\/schema\/logo\/image\/","url":"https:\/\/kodukolle.ee\/wp-content\/uploads\/2025\/06\/logo_must_gradient.svg","contentUrl":"https:\/\/kodukolle.ee\/wp-content\/uploads\/2025\/06\/logo_must_gradient.svg","caption":"Kodukolle"},"image":{"@id":"https:\/\/kodukolle.ee\/en\/#\/schema\/logo\/image\/"}}]}},"_links":{"self":[{"href":"https:\/\/kodukolle.ee\/fi\/wp-json\/wp\/v2\/product\/26337","targetHints":{"allow":["GET"]}}],"collection":[{"href":"https:\/\/kodukolle.ee\/fi\/wp-json\/wp\/v2\/product"}],"about":[{"href":"https:\/\/kodukolle.ee\/fi\/wp-json\/wp\/v2\/types\/product"}],"wp:featuredmedia":[{"embeddable":true,"href":"https:\/\/kodukolle.ee\/fi\/wp-json\/wp\/v2\/media\/10886"}],"wp:attachment":[{"href":"https:\/\/kodukolle.ee\/fi\/wp-json\/wp\/v2\/media?parent=26337"}],"wp:term":[{"taxonomy":"product_brand","embeddable":true,"href":"https:\/\/kodukolle.ee\/fi\/wp-json\/wp\/v2\/product_brand?post=26337"},{"taxonomy":"product_cat","embeddable":true,"href":"https:\/\/kodukolle.ee\/fi\/wp-json\/wp\/v2\/product_cat?post=26337"},{"taxonomy":"product_tag","embeddable":true,"href":"https:\/\/kodukolle.ee\/fi\/wp-json\/wp\/v2\/product_tag?post=26337"}],"curies":[{"name":"wp","href":"https:\/\/api.w.org\/{rel}","templated":true}]}}