{"id":26404,"date":"2023-05-18T09:51:33","date_gmt":"2023-05-18T06:51:33","guid":{"rendered":"https:\/\/kodukolle.ee\/?post_type=product&#038;p=26404"},"modified":"2023-12-27T11:19:32","modified_gmt":"2023-12-27T09:19:32","slug":"grilli-rocal-palma-75-inox-jardin","status":"publish","type":"product","link":"https:\/\/kodukolle.ee\/fi\/tuote\/grilli-rocal-palma-75-inox-jardin\/","title":{"rendered":"Grilli Rocal PALMA-75 INOX JARDIN"},"content":{"rendered":"<p>Grilli Rocal Palma-75 Inox Jardin on luotettava ja tyylik\u00e4s valinta jokaiselle ulkoilmaruoan yst\u00e4v\u00e4lle. Siit\u00e4 tulee ehdottomasti puutarhasi keskipiste. Tyylikk\u00e4\u00e4ll\u00e4 ja modernilla muotoilullaan t\u00e4m\u00e4 Rocal-grilli tekee taatusti vaikutuksen vieraasi ja tekee kaikista ulkotapahtumista onnistuneen. Mustaksi maalatusta ruostumattomasta ter\u00e4ksest\u00e4 valmistettu grilli on kest\u00e4v\u00e4, luotettava ja suunniteltu kest\u00e4m\u00e4\u00e4n vuosia. Rocal Palma-75 grilliss\u00e4 on grillausalue, jonka koko on 655\u00d7450 mm. Grillauspinnan korkeutta voidaan s\u00e4\u00e4t\u00e4\u00e4 optimaalisen kypsennysl\u00e4mp\u00f6tilan saavuttamiseksi. Lis\u00e4ksi grilliss\u00e4 on paellapannu, kalagrilli ja pihdit, jotka tarjoavat monipuolisuutta ja k\u00e4ytt\u00f6mukavuutta. Tilavan grillausalueen ja lis\u00e4varusteiden ansiosta voit valmistaa helposti erilaisia liha-, vihannes- ja muita ruokia.<br \/>\n&nbsp; <\/p>\n","protected":false},"excerpt":{"rendered":"<p>Grilli Rocal Palma-75 Inox Jardin on luotettava ja tyylik\u00e4s valinta jokaiselle ulkoilmaruoan yst\u00e4v\u00e4lle. Siit\u00e4 tulee ehdottomasti puutarhasi keskipiste. Tyylikk\u00e4\u00e4ll\u00e4 ja modernilla muotoilullaan t\u00e4m\u00e4 Rocal-grilli tekee taatusti vaikutuksen vieraasi ja tekee kaikista ulkotapahtumista onnistuneen. Mustaksi maalatusta ruostumattomasta ter\u00e4ksest\u00e4 valmistettu grilli on kest\u00e4v\u00e4, luotettava ja suunniteltu kest\u00e4m\u00e4\u00e4n vuosia. Rocal Palma-75 grilliss\u00e4 on grillausalue, jonka koko on 655\u00d7450 mm.<\/p>\n","protected":false},"featured_media":11837,"template":"","meta":{"_acf_changed":false},"product_brand":[],"product_cat":[9692],"product_tag":[],"class_list":{"0":"post-26404","1":"product","2":"type-product","3":"status-publish","4":"has-post-thumbnail","6":"brands-rocal-fi","7":"product_cat-kiukaat-ja-grillit","9":"first","10":"instock","11":"shipping-taxable","12":"purchasable","13":"product-type-simple"},"acf":[],"yoast_head":"<!-- This site is optimized with the Yoast SEO plugin v27.2 - https:\/\/yoast.com\/product\/yoast-seo-wordpress\/ -->\n<title>Grilli Rocal PALMA-75 INOX JARDIN - Kodukolle<\/title>\n<meta name=\"description\" content=\"Grilli Rocal Palma-75 Inox Jardin on luotettava ja tyylik\u00e4s valinta jokaiselle ulkoilmaruoan yst\u00e4v\u00e4lle. Siit\u00e4 tulee ehdottomasti puutarhasi keskipiste.\" \/>\n<meta name=\"robots\" content=\"index, follow, max-snippet:-1, max-image-preview:large, max-video-preview:-1\" \/>\n<link rel=\"canonical\" href=\"https:\/\/kodukolle.ee\/fi\/tuote\/grilli-rocal-palma-75-inox-jardin\/\" \/>\n<meta property=\"og:locale\" content=\"fi_FI\" \/>\n<meta property=\"og:type\" content=\"article\" \/>\n<meta property=\"og:title\" content=\"Grilli Rocal PALMA-75 INOX JARDIN - Kodukolle\" \/>\n<meta property=\"og:description\" content=\"Grilli Rocal Palma-75 Inox Jardin on luotettava ja tyylik\u00e4s valinta jokaiselle ulkoilmaruoan yst\u00e4v\u00e4lle. Siit\u00e4 tulee ehdottomasti puutarhasi keskipiste.\" \/>\n<meta property=\"og:url\" content=\"https:\/\/kodukolle.ee\/fi\/tuote\/grilli-rocal-palma-75-inox-jardin\/\" \/>\n<meta property=\"og:site_name\" content=\"Kodukolle\" \/>\n<meta property=\"article:modified_time\" content=\"2023-12-27T09:19:32+00:00\" \/>\n<meta property=\"og:image\" content=\"https:\/\/kodukolle.ee\/wp-content\/uploads\/2023\/05\/Palma-75-inox-jardin-scaled.jpg\" \/>\n\t<meta property=\"og:image:width\" content=\"2560\" \/>\n\t<meta property=\"og:image:height\" content=\"1811\" \/>\n\t<meta property=\"og:image:type\" content=\"image\/jpeg\" \/>\n<meta name=\"twitter:card\" content=\"summary_large_image\" \/>\n<script type=\"application\/ld+json\" class=\"yoast-schema-graph\">{\"@context\":\"https:\/\/schema.org\",\"@graph\":[{\"@type\":\"WebPage\",\"@id\":\"https:\/\/kodukolle.ee\/fi\/tuote\/grilli-rocal-palma-75-inox-jardin\/\",\"url\":\"https:\/\/kodukolle.ee\/fi\/tuote\/grilli-rocal-palma-75-inox-jardin\/\",\"name\":\"Grilli Rocal PALMA-75 INOX JARDIN - Kodukolle\",\"isPartOf\":{\"@id\":\"https:\/\/kodukolle.ee\/en\/#website\"},\"primaryImageOfPage\":{\"@id\":\"https:\/\/kodukolle.ee\/fi\/tuote\/grilli-rocal-palma-75-inox-jardin\/#primaryimage\"},\"image\":{\"@id\":\"https:\/\/kodukolle.ee\/fi\/tuote\/grilli-rocal-palma-75-inox-jardin\/#primaryimage\"},\"thumbnailUrl\":\"https:\/\/kodukolle.ee\/wp-content\/uploads\/2023\/05\/Palma-75-inox-jardin-scaled.jpg\",\"datePublished\":\"2023-05-18T06:51:33+00:00\",\"dateModified\":\"2023-12-27T09:19:32+00:00\",\"description\":\"Grilli Rocal Palma-75 Inox Jardin on luotettava ja tyylik\u00e4s valinta jokaiselle ulkoilmaruoan yst\u00e4v\u00e4lle. Siit\u00e4 tulee ehdottomasti puutarhasi keskipiste.\",\"breadcrumb\":{\"@id\":\"https:\/\/kodukolle.ee\/fi\/tuote\/grilli-rocal-palma-75-inox-jardin\/#breadcrumb\"},\"inLanguage\":\"fi\",\"potentialAction\":[{\"@type\":\"ReadAction\",\"target\":[\"https:\/\/kodukolle.ee\/fi\/tuote\/grilli-rocal-palma-75-inox-jardin\/\"]}]},{\"@type\":\"ImageObject\",\"inLanguage\":\"fi\",\"@id\":\"https:\/\/kodukolle.ee\/fi\/tuote\/grilli-rocal-palma-75-inox-jardin\/#primaryimage\",\"url\":\"https:\/\/kodukolle.ee\/wp-content\/uploads\/2023\/05\/Palma-75-inox-jardin-scaled.jpg\",\"contentUrl\":\"https:\/\/kodukolle.ee\/wp-content\/uploads\/2023\/05\/Palma-75-inox-jardin-scaled.jpg\",\"width\":2560,\"height\":1811,\"caption\":\"Rocal Palma 75 Inox Jardin\"},{\"@type\":\"BreadcrumbList\",\"@id\":\"https:\/\/kodukolle.ee\/fi\/tuote\/grilli-rocal-palma-75-inox-jardin\/#breadcrumb\",\"itemListElement\":[{\"@type\":\"ListItem\",\"position\":1,\"name\":\"Home\",\"item\":\"https:\/\/kodukolle.ee\/fi\/\"},{\"@type\":\"ListItem\",\"position\":2,\"name\":\"Tuotteet\",\"item\":\"https:\/\/kodukolle.ee\/fi\/tuotteet\/\"},{\"@type\":\"ListItem\",\"position\":3,\"name\":\"Grilli Rocal PALMA-75 INOX JARDIN\"}]},{\"@type\":\"WebSite\",\"@id\":\"https:\/\/kodukolle.ee\/en\/#website\",\"url\":\"https:\/\/kodukolle.ee\/en\/\",\"name\":\"Kodukolle\",\"description\":\"\",\"publisher\":{\"@id\":\"https:\/\/kodukolle.ee\/en\/#organization\"},\"potentialAction\":[{\"@type\":\"SearchAction\",\"target\":{\"@type\":\"EntryPoint\",\"urlTemplate\":\"https:\/\/kodukolle.ee\/en\/?s={search_term_string}\"},\"query-input\":{\"@type\":\"PropertyValueSpecification\",\"valueRequired\":true,\"valueName\":\"search_term_string\"}}],\"inLanguage\":\"fi\"},{\"@type\":\"Organization\",\"@id\":\"https:\/\/kodukolle.ee\/en\/#organization\",\"name\":\"Kodukolle\",\"url\":\"https:\/\/kodukolle.ee\/en\/\",\"logo\":{\"@type\":\"ImageObject\",\"inLanguage\":\"fi\",\"@id\":\"https:\/\/kodukolle.ee\/en\/#\/schema\/logo\/image\/\",\"url\":\"https:\/\/kodukolle.ee\/wp-content\/uploads\/2025\/06\/logo_must_gradient.svg\",\"contentUrl\":\"https:\/\/kodukolle.ee\/wp-content\/uploads\/2025\/06\/logo_must_gradient.svg\",\"caption\":\"Kodukolle\"},\"image\":{\"@id\":\"https:\/\/kodukolle.ee\/en\/#\/schema\/logo\/image\/\"}}]}<\/script>\n<!-- \/ Yoast SEO plugin. -->","yoast_head_json":{"title":"Grilli Rocal PALMA-75 INOX JARDIN - Kodukolle","description":"Grilli Rocal Palma-75 Inox Jardin on luotettava ja tyylik\u00e4s valinta jokaiselle ulkoilmaruoan yst\u00e4v\u00e4lle. Siit\u00e4 tulee ehdottomasti puutarhasi keskipiste.","robots":{"index":"index","follow":"follow","max-snippet":"max-snippet:-1","max-image-preview":"max-image-preview:large","max-video-preview":"max-video-preview:-1"},"canonical":"https:\/\/kodukolle.ee\/fi\/tuote\/grilli-rocal-palma-75-inox-jardin\/","og_locale":"fi_FI","og_type":"article","og_title":"Grilli Rocal PALMA-75 INOX JARDIN - Kodukolle","og_description":"Grilli Rocal Palma-75 Inox Jardin on luotettava ja tyylik\u00e4s valinta jokaiselle ulkoilmaruoan yst\u00e4v\u00e4lle. Siit\u00e4 tulee ehdottomasti puutarhasi keskipiste.","og_url":"https:\/\/kodukolle.ee\/fi\/tuote\/grilli-rocal-palma-75-inox-jardin\/","og_site_name":"Kodukolle","article_modified_time":"2023-12-27T09:19:32+00:00","og_image":[{"width":2560,"height":1811,"url":"https:\/\/kodukolle.ee\/wp-content\/uploads\/2023\/05\/Palma-75-inox-jardin-scaled.jpg","type":"image\/jpeg"}],"twitter_card":"summary_large_image","schema":{"@context":"https:\/\/schema.org","@graph":[{"@type":"WebPage","@id":"https:\/\/kodukolle.ee\/fi\/tuote\/grilli-rocal-palma-75-inox-jardin\/","url":"https:\/\/kodukolle.ee\/fi\/tuote\/grilli-rocal-palma-75-inox-jardin\/","name":"Grilli Rocal PALMA-75 INOX JARDIN - Kodukolle","isPartOf":{"@id":"https:\/\/kodukolle.ee\/en\/#website"},"primaryImageOfPage":{"@id":"https:\/\/kodukolle.ee\/fi\/tuote\/grilli-rocal-palma-75-inox-jardin\/#primaryimage"},"image":{"@id":"https:\/\/kodukolle.ee\/fi\/tuote\/grilli-rocal-palma-75-inox-jardin\/#primaryimage"},"thumbnailUrl":"https:\/\/kodukolle.ee\/wp-content\/uploads\/2023\/05\/Palma-75-inox-jardin-scaled.jpg","datePublished":"2023-05-18T06:51:33+00:00","dateModified":"2023-12-27T09:19:32+00:00","description":"Grilli Rocal Palma-75 Inox Jardin on luotettava ja tyylik\u00e4s valinta jokaiselle ulkoilmaruoan yst\u00e4v\u00e4lle. Siit\u00e4 tulee ehdottomasti puutarhasi keskipiste.","breadcrumb":{"@id":"https:\/\/kodukolle.ee\/fi\/tuote\/grilli-rocal-palma-75-inox-jardin\/#breadcrumb"},"inLanguage":"fi","potentialAction":[{"@type":"ReadAction","target":["https:\/\/kodukolle.ee\/fi\/tuote\/grilli-rocal-palma-75-inox-jardin\/"]}]},{"@type":"ImageObject","inLanguage":"fi","@id":"https:\/\/kodukolle.ee\/fi\/tuote\/grilli-rocal-palma-75-inox-jardin\/#primaryimage","url":"https:\/\/kodukolle.ee\/wp-content\/uploads\/2023\/05\/Palma-75-inox-jardin-scaled.jpg","contentUrl":"https:\/\/kodukolle.ee\/wp-content\/uploads\/2023\/05\/Palma-75-inox-jardin-scaled.jpg","width":2560,"height":1811,"caption":"Rocal Palma 75 Inox Jardin"},{"@type":"BreadcrumbList","@id":"https:\/\/kodukolle.ee\/fi\/tuote\/grilli-rocal-palma-75-inox-jardin\/#breadcrumb","itemListElement":[{"@type":"ListItem","position":1,"name":"Home","item":"https:\/\/kodukolle.ee\/fi\/"},{"@type":"ListItem","position":2,"name":"Tuotteet","item":"https:\/\/kodukolle.ee\/fi\/tuotteet\/"},{"@type":"ListItem","position":3,"name":"Grilli Rocal PALMA-75 INOX JARDIN"}]},{"@type":"WebSite","@id":"https:\/\/kodukolle.ee\/en\/#website","url":"https:\/\/kodukolle.ee\/en\/","name":"Kodukolle","description":"","publisher":{"@id":"https:\/\/kodukolle.ee\/en\/#organization"},"potentialAction":[{"@type":"SearchAction","target":{"@type":"EntryPoint","urlTemplate":"https:\/\/kodukolle.ee\/en\/?s={search_term_string}"},"query-input":{"@type":"PropertyValueSpecification","valueRequired":true,"valueName":"search_term_string"}}],"inLanguage":"fi"},{"@type":"Organization","@id":"https:\/\/kodukolle.ee\/en\/#organization","name":"Kodukolle","url":"https:\/\/kodukolle.ee\/en\/","logo":{"@type":"ImageObject","inLanguage":"fi","@id":"https:\/\/kodukolle.ee\/en\/#\/schema\/logo\/image\/","url":"https:\/\/kodukolle.ee\/wp-content\/uploads\/2025\/06\/logo_must_gradient.svg","contentUrl":"https:\/\/kodukolle.ee\/wp-content\/uploads\/2025\/06\/logo_must_gradient.svg","caption":"Kodukolle"},"image":{"@id":"https:\/\/kodukolle.ee\/en\/#\/schema\/logo\/image\/"}}]}},"_links":{"self":[{"href":"https:\/\/kodukolle.ee\/fi\/wp-json\/wp\/v2\/product\/26404","targetHints":{"allow":["GET"]}}],"collection":[{"href":"https:\/\/kodukolle.ee\/fi\/wp-json\/wp\/v2\/product"}],"about":[{"href":"https:\/\/kodukolle.ee\/fi\/wp-json\/wp\/v2\/types\/product"}],"wp:featuredmedia":[{"embeddable":true,"href":"https:\/\/kodukolle.ee\/fi\/wp-json\/wp\/v2\/media\/11837"}],"wp:attachment":[{"href":"https:\/\/kodukolle.ee\/fi\/wp-json\/wp\/v2\/media?parent=26404"}],"wp:term":[{"taxonomy":"product_brand","embeddable":true,"href":"https:\/\/kodukolle.ee\/fi\/wp-json\/wp\/v2\/product_brand?post=26404"},{"taxonomy":"product_cat","embeddable":true,"href":"https:\/\/kodukolle.ee\/fi\/wp-json\/wp\/v2\/product_cat?post=26404"},{"taxonomy":"product_tag","embeddable":true,"href":"https:\/\/kodukolle.ee\/fi\/wp-json\/wp\/v2\/product_tag?post=26404"}],"curies":[{"name":"wp","href":"https:\/\/api.w.org\/{rel}","templated":true}]}}