{"id":26406,"date":"2023-05-17T13:22:00","date_gmt":"2023-05-17T10:22:00","guid":{"rendered":"https:\/\/kodukolle.ee\/?post_type=product&#038;p=26406"},"modified":"2023-12-27T11:34:57","modified_gmt":"2023-12-27T09:34:57","slug":"takkasydan-rocal-g300-ld-g450-ld","status":"publish","type":"product","link":"https:\/\/kodukolle.ee\/fi\/tuote\/takkasydan-rocal-g300-ld-g450-ld\/","title":{"rendered":"Takkasyd\u00e4n Rocal G300 LD \/ G450 LD"},"content":{"rendered":"<p>G-sarjan takkasyd\u00e4miss\u00e4 on kaikki Rocalin arvot: tehokkuus, laatu, muotoilu, mukavuus ja turvallisuus. Korkealaatuisen takkasyd\u00e4men ansiosta sinulla on vapaus muokata tulisijasi ulkoasua mieltymystesi mukaan. Kotelo on valmistettu kest\u00e4vist\u00e4 materiaaleista, ja l\u00e4mm\u00f6nkest\u00e4v\u00e4 palotila takaa pitk\u00e4kestoisen nautinnon mukavasta l\u00e4mm\u00f6st\u00e4. Rocal G-sarjan takkasyd\u00e4miss\u00e4 on s\u00e4\u00e4dett\u00e4v\u00e4 korkeus. Ilmanvaihtoyksikk\u00f6 saatavana lis\u00e4varusteena.<\/p>\n<p>&nbsp;<\/p>\n","protected":false},"excerpt":{"rendered":"<p>G-sarjan takkasyd\u00e4miss\u00e4 on kaikki Rocalin arvot: tehokkuus, laatu, muotoilu, mukavuus ja turvallisuus. Korkealaatuisen takkasyd\u00e4men ansiosta sinulla on vapaus muokata tulisijasi ulkoasua mieltymystesi mukaan. Kotelo on valmistettu kest\u00e4vist\u00e4 materiaaleista, ja l\u00e4mm\u00f6nkest\u00e4v\u00e4 palotila takaa pitk\u00e4kestoisen nautinnon mukavasta l\u00e4mm\u00f6st\u00e4. Rocal G-sarjan takkasyd\u00e4miss\u00e4 on s\u00e4\u00e4dett\u00e4v\u00e4 korkeus. Ilmanvaihtoyksikk\u00f6 saatavana lis\u00e4varusteena.<\/p>\n","protected":false},"featured_media":11629,"template":"","meta":{"_acf_changed":false},"product_brand":[],"product_cat":[9690],"product_tag":[],"class_list":{"0":"post-26406","1":"product","2":"type-product","3":"status-publish","4":"has-post-thumbnail","6":"brands-rocal-fi","7":"product_cat-takkasydamet","9":"first","10":"instock","11":"shipping-taxable","12":"purchasable","13":"product-type-simple"},"acf":[],"yoast_head":"<!-- This site is optimized with the Yoast SEO plugin v27.2 - https:\/\/yoast.com\/product\/yoast-seo-wordpress\/ -->\n<title>Takkasyd\u00e4n Rocal G300 LD \/ G450 LD - Kodukolle<\/title>\n<meta name=\"description\" content=\"G-sarjan takkasyd\u00e4miss\u00e4 on kaikki Rocalin arvot: tehokkuus, laatu, muotoilu, mukavuus ja turvallisuus. Korkealaatuisen takkasyd\u00e4men ansiosta sinulla on vapaus muokata tulisijasi ulkoasua mieltymystesi mukaan.\" \/>\n<meta name=\"robots\" content=\"index, follow, max-snippet:-1, max-image-preview:large, max-video-preview:-1\" \/>\n<link rel=\"canonical\" href=\"https:\/\/kodukolle.ee\/fi\/tuote\/takkasydan-rocal-g300-ld-g450-ld\/\" \/>\n<meta property=\"og:locale\" content=\"fi_FI\" \/>\n<meta property=\"og:type\" content=\"article\" \/>\n<meta property=\"og:title\" content=\"Takkasyd\u00e4n Rocal G300 LD \/ G450 LD - Kodukolle\" \/>\n<meta property=\"og:description\" content=\"G-sarjan takkasyd\u00e4miss\u00e4 on kaikki Rocalin arvot: tehokkuus, laatu, muotoilu, mukavuus ja turvallisuus. Korkealaatuisen takkasyd\u00e4men ansiosta sinulla on vapaus muokata tulisijasi ulkoasua mieltymystesi mukaan.\" \/>\n<meta property=\"og:url\" content=\"https:\/\/kodukolle.ee\/fi\/tuote\/takkasydan-rocal-g300-ld-g450-ld\/\" \/>\n<meta property=\"og:site_name\" content=\"Kodukolle\" \/>\n<meta property=\"article:modified_time\" content=\"2023-12-27T09:34:57+00:00\" \/>\n<meta property=\"og:image\" content=\"https:\/\/kodukolle.ee\/wp-content\/uploads\/2023\/05\/G300-LD.jpg\" \/>\n\t<meta property=\"og:image:width\" content=\"1225\" \/>\n\t<meta property=\"og:image:height\" content=\"875\" \/>\n\t<meta property=\"og:image:type\" content=\"image\/jpeg\" \/>\n<meta name=\"twitter:card\" content=\"summary_large_image\" \/>\n<script type=\"application\/ld+json\" class=\"yoast-schema-graph\">{\"@context\":\"https:\/\/schema.org\",\"@graph\":[{\"@type\":\"WebPage\",\"@id\":\"https:\/\/kodukolle.ee\/fi\/tuote\/takkasydan-rocal-g300-ld-g450-ld\/\",\"url\":\"https:\/\/kodukolle.ee\/fi\/tuote\/takkasydan-rocal-g300-ld-g450-ld\/\",\"name\":\"Takkasyd\u00e4n Rocal G300 LD \/ G450 LD - Kodukolle\",\"isPartOf\":{\"@id\":\"https:\/\/kodukolle.ee\/en\/#website\"},\"primaryImageOfPage\":{\"@id\":\"https:\/\/kodukolle.ee\/fi\/tuote\/takkasydan-rocal-g300-ld-g450-ld\/#primaryimage\"},\"image\":{\"@id\":\"https:\/\/kodukolle.ee\/fi\/tuote\/takkasydan-rocal-g300-ld-g450-ld\/#primaryimage\"},\"thumbnailUrl\":\"https:\/\/kodukolle.ee\/wp-content\/uploads\/2023\/05\/G300-LD.jpg\",\"datePublished\":\"2023-05-17T10:22:00+00:00\",\"dateModified\":\"2023-12-27T09:34:57+00:00\",\"description\":\"G-sarjan takkasyd\u00e4miss\u00e4 on kaikki Rocalin arvot: tehokkuus, laatu, muotoilu, mukavuus ja turvallisuus. Korkealaatuisen takkasyd\u00e4men ansiosta sinulla on vapaus muokata tulisijasi ulkoasua mieltymystesi mukaan.\",\"breadcrumb\":{\"@id\":\"https:\/\/kodukolle.ee\/fi\/tuote\/takkasydan-rocal-g300-ld-g450-ld\/#breadcrumb\"},\"inLanguage\":\"fi\",\"potentialAction\":[{\"@type\":\"ReadAction\",\"target\":[\"https:\/\/kodukolle.ee\/fi\/tuote\/takkasydan-rocal-g300-ld-g450-ld\/\"]}]},{\"@type\":\"ImageObject\",\"inLanguage\":\"fi\",\"@id\":\"https:\/\/kodukolle.ee\/fi\/tuote\/takkasydan-rocal-g300-ld-g450-ld\/#primaryimage\",\"url\":\"https:\/\/kodukolle.ee\/wp-content\/uploads\/2023\/05\/G300-LD.jpg\",\"contentUrl\":\"https:\/\/kodukolle.ee\/wp-content\/uploads\/2023\/05\/G300-LD.jpg\",\"width\":1225,\"height\":875},{\"@type\":\"BreadcrumbList\",\"@id\":\"https:\/\/kodukolle.ee\/fi\/tuote\/takkasydan-rocal-g300-ld-g450-ld\/#breadcrumb\",\"itemListElement\":[{\"@type\":\"ListItem\",\"position\":1,\"name\":\"Home\",\"item\":\"https:\/\/kodukolle.ee\/fi\/\"},{\"@type\":\"ListItem\",\"position\":2,\"name\":\"Tuotteet\",\"item\":\"https:\/\/kodukolle.ee\/fi\/tuotteet\/\"},{\"@type\":\"ListItem\",\"position\":3,\"name\":\"Takkasyd\u00e4n Rocal G300 LD \/ G450 LD\"}]},{\"@type\":\"WebSite\",\"@id\":\"https:\/\/kodukolle.ee\/en\/#website\",\"url\":\"https:\/\/kodukolle.ee\/en\/\",\"name\":\"Kodukolle\",\"description\":\"\",\"publisher\":{\"@id\":\"https:\/\/kodukolle.ee\/en\/#organization\"},\"potentialAction\":[{\"@type\":\"SearchAction\",\"target\":{\"@type\":\"EntryPoint\",\"urlTemplate\":\"https:\/\/kodukolle.ee\/en\/?s={search_term_string}\"},\"query-input\":{\"@type\":\"PropertyValueSpecification\",\"valueRequired\":true,\"valueName\":\"search_term_string\"}}],\"inLanguage\":\"fi\"},{\"@type\":\"Organization\",\"@id\":\"https:\/\/kodukolle.ee\/en\/#organization\",\"name\":\"Kodukolle\",\"url\":\"https:\/\/kodukolle.ee\/en\/\",\"logo\":{\"@type\":\"ImageObject\",\"inLanguage\":\"fi\",\"@id\":\"https:\/\/kodukolle.ee\/en\/#\/schema\/logo\/image\/\",\"url\":\"https:\/\/kodukolle.ee\/wp-content\/uploads\/2025\/06\/logo_must_gradient.svg\",\"contentUrl\":\"https:\/\/kodukolle.ee\/wp-content\/uploads\/2025\/06\/logo_must_gradient.svg\",\"caption\":\"Kodukolle\"},\"image\":{\"@id\":\"https:\/\/kodukolle.ee\/en\/#\/schema\/logo\/image\/\"}}]}<\/script>\n<!-- \/ Yoast SEO plugin. -->","yoast_head_json":{"title":"Takkasyd\u00e4n Rocal G300 LD \/ G450 LD - Kodukolle","description":"G-sarjan takkasyd\u00e4miss\u00e4 on kaikki Rocalin arvot: tehokkuus, laatu, muotoilu, mukavuus ja turvallisuus. Korkealaatuisen takkasyd\u00e4men ansiosta sinulla on vapaus muokata tulisijasi ulkoasua mieltymystesi mukaan.","robots":{"index":"index","follow":"follow","max-snippet":"max-snippet:-1","max-image-preview":"max-image-preview:large","max-video-preview":"max-video-preview:-1"},"canonical":"https:\/\/kodukolle.ee\/fi\/tuote\/takkasydan-rocal-g300-ld-g450-ld\/","og_locale":"fi_FI","og_type":"article","og_title":"Takkasyd\u00e4n Rocal G300 LD \/ G450 LD - Kodukolle","og_description":"G-sarjan takkasyd\u00e4miss\u00e4 on kaikki Rocalin arvot: tehokkuus, laatu, muotoilu, mukavuus ja turvallisuus. Korkealaatuisen takkasyd\u00e4men ansiosta sinulla on vapaus muokata tulisijasi ulkoasua mieltymystesi mukaan.","og_url":"https:\/\/kodukolle.ee\/fi\/tuote\/takkasydan-rocal-g300-ld-g450-ld\/","og_site_name":"Kodukolle","article_modified_time":"2023-12-27T09:34:57+00:00","og_image":[{"width":1225,"height":875,"url":"https:\/\/kodukolle.ee\/wp-content\/uploads\/2023\/05\/G300-LD.jpg","type":"image\/jpeg"}],"twitter_card":"summary_large_image","schema":{"@context":"https:\/\/schema.org","@graph":[{"@type":"WebPage","@id":"https:\/\/kodukolle.ee\/fi\/tuote\/takkasydan-rocal-g300-ld-g450-ld\/","url":"https:\/\/kodukolle.ee\/fi\/tuote\/takkasydan-rocal-g300-ld-g450-ld\/","name":"Takkasyd\u00e4n Rocal G300 LD \/ G450 LD - Kodukolle","isPartOf":{"@id":"https:\/\/kodukolle.ee\/en\/#website"},"primaryImageOfPage":{"@id":"https:\/\/kodukolle.ee\/fi\/tuote\/takkasydan-rocal-g300-ld-g450-ld\/#primaryimage"},"image":{"@id":"https:\/\/kodukolle.ee\/fi\/tuote\/takkasydan-rocal-g300-ld-g450-ld\/#primaryimage"},"thumbnailUrl":"https:\/\/kodukolle.ee\/wp-content\/uploads\/2023\/05\/G300-LD.jpg","datePublished":"2023-05-17T10:22:00+00:00","dateModified":"2023-12-27T09:34:57+00:00","description":"G-sarjan takkasyd\u00e4miss\u00e4 on kaikki Rocalin arvot: tehokkuus, laatu, muotoilu, mukavuus ja turvallisuus. Korkealaatuisen takkasyd\u00e4men ansiosta sinulla on vapaus muokata tulisijasi ulkoasua mieltymystesi mukaan.","breadcrumb":{"@id":"https:\/\/kodukolle.ee\/fi\/tuote\/takkasydan-rocal-g300-ld-g450-ld\/#breadcrumb"},"inLanguage":"fi","potentialAction":[{"@type":"ReadAction","target":["https:\/\/kodukolle.ee\/fi\/tuote\/takkasydan-rocal-g300-ld-g450-ld\/"]}]},{"@type":"ImageObject","inLanguage":"fi","@id":"https:\/\/kodukolle.ee\/fi\/tuote\/takkasydan-rocal-g300-ld-g450-ld\/#primaryimage","url":"https:\/\/kodukolle.ee\/wp-content\/uploads\/2023\/05\/G300-LD.jpg","contentUrl":"https:\/\/kodukolle.ee\/wp-content\/uploads\/2023\/05\/G300-LD.jpg","width":1225,"height":875},{"@type":"BreadcrumbList","@id":"https:\/\/kodukolle.ee\/fi\/tuote\/takkasydan-rocal-g300-ld-g450-ld\/#breadcrumb","itemListElement":[{"@type":"ListItem","position":1,"name":"Home","item":"https:\/\/kodukolle.ee\/fi\/"},{"@type":"ListItem","position":2,"name":"Tuotteet","item":"https:\/\/kodukolle.ee\/fi\/tuotteet\/"},{"@type":"ListItem","position":3,"name":"Takkasyd\u00e4n Rocal G300 LD \/ G450 LD"}]},{"@type":"WebSite","@id":"https:\/\/kodukolle.ee\/en\/#website","url":"https:\/\/kodukolle.ee\/en\/","name":"Kodukolle","description":"","publisher":{"@id":"https:\/\/kodukolle.ee\/en\/#organization"},"potentialAction":[{"@type":"SearchAction","target":{"@type":"EntryPoint","urlTemplate":"https:\/\/kodukolle.ee\/en\/?s={search_term_string}"},"query-input":{"@type":"PropertyValueSpecification","valueRequired":true,"valueName":"search_term_string"}}],"inLanguage":"fi"},{"@type":"Organization","@id":"https:\/\/kodukolle.ee\/en\/#organization","name":"Kodukolle","url":"https:\/\/kodukolle.ee\/en\/","logo":{"@type":"ImageObject","inLanguage":"fi","@id":"https:\/\/kodukolle.ee\/en\/#\/schema\/logo\/image\/","url":"https:\/\/kodukolle.ee\/wp-content\/uploads\/2025\/06\/logo_must_gradient.svg","contentUrl":"https:\/\/kodukolle.ee\/wp-content\/uploads\/2025\/06\/logo_must_gradient.svg","caption":"Kodukolle"},"image":{"@id":"https:\/\/kodukolle.ee\/en\/#\/schema\/logo\/image\/"}}]}},"_links":{"self":[{"href":"https:\/\/kodukolle.ee\/fi\/wp-json\/wp\/v2\/product\/26406","targetHints":{"allow":["GET"]}}],"collection":[{"href":"https:\/\/kodukolle.ee\/fi\/wp-json\/wp\/v2\/product"}],"about":[{"href":"https:\/\/kodukolle.ee\/fi\/wp-json\/wp\/v2\/types\/product"}],"wp:featuredmedia":[{"embeddable":true,"href":"https:\/\/kodukolle.ee\/fi\/wp-json\/wp\/v2\/media\/11629"}],"wp:attachment":[{"href":"https:\/\/kodukolle.ee\/fi\/wp-json\/wp\/v2\/media?parent=26406"}],"wp:term":[{"taxonomy":"product_brand","embeddable":true,"href":"https:\/\/kodukolle.ee\/fi\/wp-json\/wp\/v2\/product_brand?post=26406"},{"taxonomy":"product_cat","embeddable":true,"href":"https:\/\/kodukolle.ee\/fi\/wp-json\/wp\/v2\/product_cat?post=26406"},{"taxonomy":"product_tag","embeddable":true,"href":"https:\/\/kodukolle.ee\/fi\/wp-json\/wp\/v2\/product_tag?post=26406"}],"curies":[{"name":"wp","href":"https:\/\/api.w.org\/{rel}","templated":true}]}}