{"id":26417,"date":"2023-05-16T11:05:04","date_gmt":"2023-05-16T08:05:04","guid":{"rendered":"https:\/\/kodukolle.ee\/?post_type=product&#038;p=26417"},"modified":"2024-03-14T11:03:20","modified_gmt":"2024-03-14T09:03:20","slug":"rocal-hebar-takka-grillilla-ja-paistouunilla","status":"publish","type":"product","link":"https:\/\/kodukolle.ee\/fi\/tuote\/rocal-hebar-takka-grillilla-ja-paistouunilla\/","title":{"rendered":"Rocal HEBAR takka grillill\u00e4 ja paistouunilla"},"content":{"rendered":"<p>Tuo Rocal Hebar -takan l\u00e4mp\u00f6 ja mukavuus kotiisi t\u00e4n\u00e4\u00e4n ja tee ruokaa, leipoa ja grillaa. Hebar-takka on yksi markkinoiden t\u00e4ydellisimmist\u00e4 ja tehokkaimmista tuotteista, sill\u00e4 korkean suorituskyvyn ansiosta se pystyy l\u00e4mmitt\u00e4m\u00e4\u00e4n my\u00f6s suuren pinnan. Uunissa on lasiluukku, jossa on sis\u00e4\u00e4nrakennettu l\u00e4mp\u00f6mittari, joten voit helposti seurata l\u00e4mp\u00f6tilaa ja varmistaa, ett\u00e4 ruokasi kypsyy t\u00e4ydellisesti. Uunissa on kiilt\u00e4v\u00e4 ruostumattomasta ter\u00e4ksest\u00e4 valmistettu sis\u00e4puoli ja ruostumattomasta ter\u00e4ksest\u00e4 valmistettu levy, joka sopii t\u00e4ydellisesti paistamiseen. Ja jos t\u00e4m\u00e4 ei riit\u00e4, Hebarissa on my\u00f6s ter\u00e4sgrilli, jota voidaan k\u00e4ytt\u00e4\u00e4 p\u00e4\u00e4tulisijassa, mik\u00e4 antaa sinulle entist\u00e4 enemm\u00e4n ruoanlaittovaihtoehtoja.<\/p>\n<p>&nbsp; <\/p>\n","protected":false},"excerpt":{"rendered":"<p>Tuo Rocal Hebar -takan l\u00e4mp\u00f6 ja mukavuus kotiisi t\u00e4n\u00e4\u00e4n ja tee ruokaa, leipoa ja grillaa. Hebar-takka on yksi markkinoiden t\u00e4ydellisimmist\u00e4 ja tehokkaimmista tuotteista, sill\u00e4 korkean suorituskyvyn ansiosta se pystyy l\u00e4mmitt\u00e4m\u00e4\u00e4n my\u00f6s suuren pinnan. Uunissa on lasiluukku, jossa on sis\u00e4\u00e4nrakennettu l\u00e4mp\u00f6mittari, joten voit helposti seurata l\u00e4mp\u00f6tilaa ja varmistaa, ett\u00e4 ruokasi kypsyy t\u00e4ydellisesti.<\/p>\n","protected":false},"featured_media":11443,"template":"","meta":{"_acf_changed":false},"product_brand":[],"product_cat":[9620],"product_tag":[],"class_list":{"0":"post-26417","1":"product","2":"type-product","3":"status-publish","4":"has-post-thumbnail","6":"brands-rocal-fi","7":"product_cat-takat","9":"first","10":"instock","11":"shipping-taxable","12":"purchasable","13":"product-type-simple"},"acf":[],"yoast_head":"<!-- This site is optimized with the Yoast SEO plugin v27.2 - https:\/\/yoast.com\/product\/yoast-seo-wordpress\/ -->\n<title>Rocal HEBAR takka grillill\u00e4 ja paistouunilla - Kodukolle<\/title>\n<meta name=\"description\" content=\"Tuo Rocal Hebar -takan l\u00e4mp\u00f6 ja mukavuus kotiisi t\u00e4n\u00e4\u00e4n ja tee ruokaa, leipoa ja grillaa. Hebar-takka on yksi markkinoiden t\u00e4ydellisimmist\u00e4 ja tehokkaimmista tuotteista.\" \/>\n<meta name=\"robots\" content=\"index, follow, max-snippet:-1, max-image-preview:large, max-video-preview:-1\" \/>\n<link rel=\"canonical\" href=\"https:\/\/kodukolle.ee\/fi\/tuote\/rocal-hebar-takka-grillilla-ja-paistouunilla\/\" \/>\n<meta property=\"og:locale\" content=\"fi_FI\" \/>\n<meta property=\"og:type\" content=\"article\" \/>\n<meta property=\"og:title\" content=\"Rocal HEBAR takka grillill\u00e4 ja paistouunilla - Kodukolle\" \/>\n<meta property=\"og:description\" content=\"Tuo Rocal Hebar -takan l\u00e4mp\u00f6 ja mukavuus kotiisi t\u00e4n\u00e4\u00e4n ja tee ruokaa, leipoa ja grillaa. Hebar-takka on yksi markkinoiden t\u00e4ydellisimmist\u00e4 ja tehokkaimmista tuotteista.\" \/>\n<meta property=\"og:url\" content=\"https:\/\/kodukolle.ee\/fi\/tuote\/rocal-hebar-takka-grillilla-ja-paistouunilla\/\" \/>\n<meta property=\"og:site_name\" content=\"Kodukolle\" \/>\n<meta property=\"article:modified_time\" content=\"2024-03-14T09:03:20+00:00\" \/>\n<meta property=\"og:image\" content=\"https:\/\/kodukolle.ee\/wp-content\/uploads\/2023\/05\/Hebar.jpg\" \/>\n\t<meta property=\"og:image:width\" content=\"1580\" \/>\n\t<meta property=\"og:image:height\" content=\"1040\" \/>\n\t<meta property=\"og:image:type\" content=\"image\/jpeg\" \/>\n<meta name=\"twitter:card\" content=\"summary_large_image\" \/>\n<meta name=\"twitter:label1\" content=\"Est. reading time\" \/>\n\t<meta name=\"twitter:data1\" content=\"1 minuutti\" \/>\n<script type=\"application\/ld+json\" class=\"yoast-schema-graph\">{\"@context\":\"https:\/\/schema.org\",\"@graph\":[{\"@type\":\"WebPage\",\"@id\":\"https:\/\/kodukolle.ee\/fi\/tuote\/rocal-hebar-takka-grillilla-ja-paistouunilla\/\",\"url\":\"https:\/\/kodukolle.ee\/fi\/tuote\/rocal-hebar-takka-grillilla-ja-paistouunilla\/\",\"name\":\"Rocal HEBAR takka grillill\u00e4 ja paistouunilla - Kodukolle\",\"isPartOf\":{\"@id\":\"https:\/\/kodukolle.ee\/en\/#website\"},\"primaryImageOfPage\":{\"@id\":\"https:\/\/kodukolle.ee\/fi\/tuote\/rocal-hebar-takka-grillilla-ja-paistouunilla\/#primaryimage\"},\"image\":{\"@id\":\"https:\/\/kodukolle.ee\/fi\/tuote\/rocal-hebar-takka-grillilla-ja-paistouunilla\/#primaryimage\"},\"thumbnailUrl\":\"https:\/\/kodukolle.ee\/wp-content\/uploads\/2023\/05\/Hebar.jpg\",\"datePublished\":\"2023-05-16T08:05:04+00:00\",\"dateModified\":\"2024-03-14T09:03:20+00:00\",\"description\":\"Tuo Rocal Hebar -takan l\u00e4mp\u00f6 ja mukavuus kotiisi t\u00e4n\u00e4\u00e4n ja tee ruokaa, leipoa ja grillaa. Hebar-takka on yksi markkinoiden t\u00e4ydellisimmist\u00e4 ja tehokkaimmista tuotteista.\",\"breadcrumb\":{\"@id\":\"https:\/\/kodukolle.ee\/fi\/tuote\/rocal-hebar-takka-grillilla-ja-paistouunilla\/#breadcrumb\"},\"inLanguage\":\"fi\",\"potentialAction\":[{\"@type\":\"ReadAction\",\"target\":[\"https:\/\/kodukolle.ee\/fi\/tuote\/rocal-hebar-takka-grillilla-ja-paistouunilla\/\"]}]},{\"@type\":\"ImageObject\",\"inLanguage\":\"fi\",\"@id\":\"https:\/\/kodukolle.ee\/fi\/tuote\/rocal-hebar-takka-grillilla-ja-paistouunilla\/#primaryimage\",\"url\":\"https:\/\/kodukolle.ee\/wp-content\/uploads\/2023\/05\/Hebar.jpg\",\"contentUrl\":\"https:\/\/kodukolle.ee\/wp-content\/uploads\/2023\/05\/Hebar.jpg\",\"width\":1580,\"height\":1040},{\"@type\":\"BreadcrumbList\",\"@id\":\"https:\/\/kodukolle.ee\/fi\/tuote\/rocal-hebar-takka-grillilla-ja-paistouunilla\/#breadcrumb\",\"itemListElement\":[{\"@type\":\"ListItem\",\"position\":1,\"name\":\"Home\",\"item\":\"https:\/\/kodukolle.ee\/fi\/\"},{\"@type\":\"ListItem\",\"position\":2,\"name\":\"Tuotteet\",\"item\":\"https:\/\/kodukolle.ee\/fi\/tuotteet\/\"},{\"@type\":\"ListItem\",\"position\":3,\"name\":\"Rocal HEBAR takka grillill\u00e4 ja paistouunilla\"}]},{\"@type\":\"WebSite\",\"@id\":\"https:\/\/kodukolle.ee\/en\/#website\",\"url\":\"https:\/\/kodukolle.ee\/en\/\",\"name\":\"Kodukolle\",\"description\":\"\",\"publisher\":{\"@id\":\"https:\/\/kodukolle.ee\/en\/#organization\"},\"potentialAction\":[{\"@type\":\"SearchAction\",\"target\":{\"@type\":\"EntryPoint\",\"urlTemplate\":\"https:\/\/kodukolle.ee\/en\/?s={search_term_string}\"},\"query-input\":{\"@type\":\"PropertyValueSpecification\",\"valueRequired\":true,\"valueName\":\"search_term_string\"}}],\"inLanguage\":\"fi\"},{\"@type\":\"Organization\",\"@id\":\"https:\/\/kodukolle.ee\/en\/#organization\",\"name\":\"Kodukolle\",\"url\":\"https:\/\/kodukolle.ee\/en\/\",\"logo\":{\"@type\":\"ImageObject\",\"inLanguage\":\"fi\",\"@id\":\"https:\/\/kodukolle.ee\/en\/#\/schema\/logo\/image\/\",\"url\":\"https:\/\/kodukolle.ee\/wp-content\/uploads\/2025\/06\/logo_must_gradient.svg\",\"contentUrl\":\"https:\/\/kodukolle.ee\/wp-content\/uploads\/2025\/06\/logo_must_gradient.svg\",\"caption\":\"Kodukolle\"},\"image\":{\"@id\":\"https:\/\/kodukolle.ee\/en\/#\/schema\/logo\/image\/\"}}]}<\/script>\n<!-- \/ Yoast SEO plugin. -->","yoast_head_json":{"title":"Rocal HEBAR takka grillill\u00e4 ja paistouunilla - Kodukolle","description":"Tuo Rocal Hebar -takan l\u00e4mp\u00f6 ja mukavuus kotiisi t\u00e4n\u00e4\u00e4n ja tee ruokaa, leipoa ja grillaa. Hebar-takka on yksi markkinoiden t\u00e4ydellisimmist\u00e4 ja tehokkaimmista tuotteista.","robots":{"index":"index","follow":"follow","max-snippet":"max-snippet:-1","max-image-preview":"max-image-preview:large","max-video-preview":"max-video-preview:-1"},"canonical":"https:\/\/kodukolle.ee\/fi\/tuote\/rocal-hebar-takka-grillilla-ja-paistouunilla\/","og_locale":"fi_FI","og_type":"article","og_title":"Rocal HEBAR takka grillill\u00e4 ja paistouunilla - Kodukolle","og_description":"Tuo Rocal Hebar -takan l\u00e4mp\u00f6 ja mukavuus kotiisi t\u00e4n\u00e4\u00e4n ja tee ruokaa, leipoa ja grillaa. Hebar-takka on yksi markkinoiden t\u00e4ydellisimmist\u00e4 ja tehokkaimmista tuotteista.","og_url":"https:\/\/kodukolle.ee\/fi\/tuote\/rocal-hebar-takka-grillilla-ja-paistouunilla\/","og_site_name":"Kodukolle","article_modified_time":"2024-03-14T09:03:20+00:00","og_image":[{"width":1580,"height":1040,"url":"https:\/\/kodukolle.ee\/wp-content\/uploads\/2023\/05\/Hebar.jpg","type":"image\/jpeg"}],"twitter_card":"summary_large_image","twitter_misc":{"Est. reading time":"1 minuutti"},"schema":{"@context":"https:\/\/schema.org","@graph":[{"@type":"WebPage","@id":"https:\/\/kodukolle.ee\/fi\/tuote\/rocal-hebar-takka-grillilla-ja-paistouunilla\/","url":"https:\/\/kodukolle.ee\/fi\/tuote\/rocal-hebar-takka-grillilla-ja-paistouunilla\/","name":"Rocal HEBAR takka grillill\u00e4 ja paistouunilla - Kodukolle","isPartOf":{"@id":"https:\/\/kodukolle.ee\/en\/#website"},"primaryImageOfPage":{"@id":"https:\/\/kodukolle.ee\/fi\/tuote\/rocal-hebar-takka-grillilla-ja-paistouunilla\/#primaryimage"},"image":{"@id":"https:\/\/kodukolle.ee\/fi\/tuote\/rocal-hebar-takka-grillilla-ja-paistouunilla\/#primaryimage"},"thumbnailUrl":"https:\/\/kodukolle.ee\/wp-content\/uploads\/2023\/05\/Hebar.jpg","datePublished":"2023-05-16T08:05:04+00:00","dateModified":"2024-03-14T09:03:20+00:00","description":"Tuo Rocal Hebar -takan l\u00e4mp\u00f6 ja mukavuus kotiisi t\u00e4n\u00e4\u00e4n ja tee ruokaa, leipoa ja grillaa. Hebar-takka on yksi markkinoiden t\u00e4ydellisimmist\u00e4 ja tehokkaimmista tuotteista.","breadcrumb":{"@id":"https:\/\/kodukolle.ee\/fi\/tuote\/rocal-hebar-takka-grillilla-ja-paistouunilla\/#breadcrumb"},"inLanguage":"fi","potentialAction":[{"@type":"ReadAction","target":["https:\/\/kodukolle.ee\/fi\/tuote\/rocal-hebar-takka-grillilla-ja-paistouunilla\/"]}]},{"@type":"ImageObject","inLanguage":"fi","@id":"https:\/\/kodukolle.ee\/fi\/tuote\/rocal-hebar-takka-grillilla-ja-paistouunilla\/#primaryimage","url":"https:\/\/kodukolle.ee\/wp-content\/uploads\/2023\/05\/Hebar.jpg","contentUrl":"https:\/\/kodukolle.ee\/wp-content\/uploads\/2023\/05\/Hebar.jpg","width":1580,"height":1040},{"@type":"BreadcrumbList","@id":"https:\/\/kodukolle.ee\/fi\/tuote\/rocal-hebar-takka-grillilla-ja-paistouunilla\/#breadcrumb","itemListElement":[{"@type":"ListItem","position":1,"name":"Home","item":"https:\/\/kodukolle.ee\/fi\/"},{"@type":"ListItem","position":2,"name":"Tuotteet","item":"https:\/\/kodukolle.ee\/fi\/tuotteet\/"},{"@type":"ListItem","position":3,"name":"Rocal HEBAR takka grillill\u00e4 ja paistouunilla"}]},{"@type":"WebSite","@id":"https:\/\/kodukolle.ee\/en\/#website","url":"https:\/\/kodukolle.ee\/en\/","name":"Kodukolle","description":"","publisher":{"@id":"https:\/\/kodukolle.ee\/en\/#organization"},"potentialAction":[{"@type":"SearchAction","target":{"@type":"EntryPoint","urlTemplate":"https:\/\/kodukolle.ee\/en\/?s={search_term_string}"},"query-input":{"@type":"PropertyValueSpecification","valueRequired":true,"valueName":"search_term_string"}}],"inLanguage":"fi"},{"@type":"Organization","@id":"https:\/\/kodukolle.ee\/en\/#organization","name":"Kodukolle","url":"https:\/\/kodukolle.ee\/en\/","logo":{"@type":"ImageObject","inLanguage":"fi","@id":"https:\/\/kodukolle.ee\/en\/#\/schema\/logo\/image\/","url":"https:\/\/kodukolle.ee\/wp-content\/uploads\/2025\/06\/logo_must_gradient.svg","contentUrl":"https:\/\/kodukolle.ee\/wp-content\/uploads\/2025\/06\/logo_must_gradient.svg","caption":"Kodukolle"},"image":{"@id":"https:\/\/kodukolle.ee\/en\/#\/schema\/logo\/image\/"}}]}},"_links":{"self":[{"href":"https:\/\/kodukolle.ee\/fi\/wp-json\/wp\/v2\/product\/26417","targetHints":{"allow":["GET"]}}],"collection":[{"href":"https:\/\/kodukolle.ee\/fi\/wp-json\/wp\/v2\/product"}],"about":[{"href":"https:\/\/kodukolle.ee\/fi\/wp-json\/wp\/v2\/types\/product"}],"wp:featuredmedia":[{"embeddable":true,"href":"https:\/\/kodukolle.ee\/fi\/wp-json\/wp\/v2\/media\/11443"}],"wp:attachment":[{"href":"https:\/\/kodukolle.ee\/fi\/wp-json\/wp\/v2\/media?parent=26417"}],"wp:term":[{"taxonomy":"product_brand","embeddable":true,"href":"https:\/\/kodukolle.ee\/fi\/wp-json\/wp\/v2\/product_brand?post=26417"},{"taxonomy":"product_cat","embeddable":true,"href":"https:\/\/kodukolle.ee\/fi\/wp-json\/wp\/v2\/product_cat?post=26417"},{"taxonomy":"product_tag","embeddable":true,"href":"https:\/\/kodukolle.ee\/fi\/wp-json\/wp\/v2\/product_tag?post=26417"}],"curies":[{"name":"wp","href":"https:\/\/api.w.org\/{rel}","templated":true}]}}