{"id":26422,"date":"2023-05-16T10:22:22","date_gmt":"2023-05-16T07:22:22","guid":{"rendered":"https:\/\/kodukolle.ee\/?post_type=product&#038;p=26422"},"modified":"2023-12-27T16:36:21","modified_gmt":"2023-12-27T14:36:21","slug":"takka-rocal-habit-100dc-t","status":"publish","type":"product","link":"https:\/\/kodukolle.ee\/fi\/tuote\/takka-rocal-habit-100dc-t\/","title":{"rendered":"Takka Rocal HABIT 100DC + T"},"content":{"rendered":"<p>Rocal Habit 100DC + T erottuu muista kaksipuolisista tulisijoista uskomattoman monipuolisuutensa ansiosta ja tarjoaa luotettavaa l\u00e4mp\u00f6\u00e4 ja luonnetta kotiisi. Takan molemmin puolin iso lasi, jossa on tyylik\u00e4s ja moderni muotoilu, mahdollistaa liekkien nauttimisen molemmilta puolilta. Vaikuttavan suorituskyvyn ja toimivuuden lis\u00e4ksi Rocal Habit 100 DC + T -takka voidaan asentaa erityiseen penkkiin tai halkotilan p\u00e4\u00e4lle. Lis\u00e4varusteena saatavilla sek\u00e4 eri leveit\u00e4 penkkej\u00e4 ett\u00e4 halkotilan.<\/p>\n<p>&nbsp; <\/p>\n","protected":false},"excerpt":{"rendered":"<p>Rocal Habit 100DC + T erottuu muista kaksipuolisista tulisijoista uskomattoman monipuolisuutensa ansiosta ja tarjoaa luotettavaa l\u00e4mp\u00f6\u00e4 ja luonnetta kotiisi. Takan molemmin puolin iso lasi, jossa on tyylik\u00e4s ja moderni muotoilu, mahdollistaa liekkien nauttimisen molemmilta puolilta. Vaikuttavan suorituskyvyn ja toimivuuden lis\u00e4ksi Rocal Habit 100 DC + T -takka voidaan asentaa erityiseen penkkiin tai halkotilan p\u00e4\u00e4lle. Lis\u00e4varusteena saatavilla sek\u00e4 eri leveit\u00e4 penkkej\u00e4 ett\u00e4 halkotilan.<\/p>\n","protected":false},"featured_media":11425,"template":"","meta":{"_acf_changed":false},"product_brand":[],"product_cat":[9620],"product_tag":[],"class_list":{"0":"post-26422","1":"product","2":"type-product","3":"status-publish","4":"has-post-thumbnail","6":"brands-rocal-fi","7":"product_cat-takat","9":"first","10":"instock","11":"shipping-taxable","12":"purchasable","13":"product-type-simple"},"acf":[],"yoast_head":"<!-- This site is optimized with the Yoast SEO plugin v27.2 - https:\/\/yoast.com\/product\/yoast-seo-wordpress\/ -->\n<title>Takka Rocal HABIT 100DC + T - Kodukolle<\/title>\n<meta name=\"description\" content=\"Rocal Habit 100DC + T erottuu muista kaksipuolisista tulisijoista uskomattoman monipuolisuutensa ansiosta ja tarjoaa luotettavaa l\u00e4mp\u00f6\u00e4 ja luonnetta kotiisi.\" \/>\n<meta name=\"robots\" content=\"index, follow, max-snippet:-1, max-image-preview:large, max-video-preview:-1\" \/>\n<link rel=\"canonical\" href=\"https:\/\/kodukolle.ee\/fi\/tuote\/takka-rocal-habit-100dc-t\/\" \/>\n<meta property=\"og:locale\" content=\"fi_FI\" \/>\n<meta property=\"og:type\" content=\"article\" \/>\n<meta property=\"og:title\" content=\"Takka Rocal HABIT 100DC + T - Kodukolle\" \/>\n<meta property=\"og:description\" content=\"Rocal Habit 100DC + T erottuu muista kaksipuolisista tulisijoista uskomattoman monipuolisuutensa ansiosta ja tarjoaa luotettavaa l\u00e4mp\u00f6\u00e4 ja luonnetta kotiisi.\" \/>\n<meta property=\"og:url\" content=\"https:\/\/kodukolle.ee\/fi\/tuote\/takka-rocal-habit-100dc-t\/\" \/>\n<meta property=\"og:site_name\" content=\"Kodukolle\" \/>\n<meta property=\"article:modified_time\" content=\"2023-12-27T14:36:21+00:00\" \/>\n<meta property=\"og:image\" content=\"https:\/\/kodukolle.ee\/wp-content\/uploads\/2023\/05\/Habit100DC-1.jpg\" \/>\n\t<meta property=\"og:image:width\" content=\"1580\" \/>\n\t<meta property=\"og:image:height\" content=\"1040\" \/>\n\t<meta property=\"og:image:type\" content=\"image\/jpeg\" \/>\n<meta name=\"twitter:card\" content=\"summary_large_image\" \/>\n<script type=\"application\/ld+json\" class=\"yoast-schema-graph\">{\"@context\":\"https:\/\/schema.org\",\"@graph\":[{\"@type\":\"WebPage\",\"@id\":\"https:\/\/kodukolle.ee\/fi\/tuote\/takka-rocal-habit-100dc-t\/\",\"url\":\"https:\/\/kodukolle.ee\/fi\/tuote\/takka-rocal-habit-100dc-t\/\",\"name\":\"Takka Rocal HABIT 100DC + T - Kodukolle\",\"isPartOf\":{\"@id\":\"https:\/\/kodukolle.ee\/en\/#website\"},\"primaryImageOfPage\":{\"@id\":\"https:\/\/kodukolle.ee\/fi\/tuote\/takka-rocal-habit-100dc-t\/#primaryimage\"},\"image\":{\"@id\":\"https:\/\/kodukolle.ee\/fi\/tuote\/takka-rocal-habit-100dc-t\/#primaryimage\"},\"thumbnailUrl\":\"https:\/\/kodukolle.ee\/wp-content\/uploads\/2023\/05\/Habit100DC-1.jpg\",\"datePublished\":\"2023-05-16T07:22:22+00:00\",\"dateModified\":\"2023-12-27T14:36:21+00:00\",\"description\":\"Rocal Habit 100DC + T erottuu muista kaksipuolisista tulisijoista uskomattoman monipuolisuutensa ansiosta ja tarjoaa luotettavaa l\u00e4mp\u00f6\u00e4 ja luonnetta kotiisi.\",\"breadcrumb\":{\"@id\":\"https:\/\/kodukolle.ee\/fi\/tuote\/takka-rocal-habit-100dc-t\/#breadcrumb\"},\"inLanguage\":\"fi\",\"potentialAction\":[{\"@type\":\"ReadAction\",\"target\":[\"https:\/\/kodukolle.ee\/fi\/tuote\/takka-rocal-habit-100dc-t\/\"]}]},{\"@type\":\"ImageObject\",\"inLanguage\":\"fi\",\"@id\":\"https:\/\/kodukolle.ee\/fi\/tuote\/takka-rocal-habit-100dc-t\/#primaryimage\",\"url\":\"https:\/\/kodukolle.ee\/wp-content\/uploads\/2023\/05\/Habit100DC-1.jpg\",\"contentUrl\":\"https:\/\/kodukolle.ee\/wp-content\/uploads\/2023\/05\/Habit100DC-1.jpg\",\"width\":1580,\"height\":1040},{\"@type\":\"BreadcrumbList\",\"@id\":\"https:\/\/kodukolle.ee\/fi\/tuote\/takka-rocal-habit-100dc-t\/#breadcrumb\",\"itemListElement\":[{\"@type\":\"ListItem\",\"position\":1,\"name\":\"Home\",\"item\":\"https:\/\/kodukolle.ee\/fi\/\"},{\"@type\":\"ListItem\",\"position\":2,\"name\":\"Tuotteet\",\"item\":\"https:\/\/kodukolle.ee\/fi\/tuotteet\/\"},{\"@type\":\"ListItem\",\"position\":3,\"name\":\"Takka Rocal HABIT 100DC + T\"}]},{\"@type\":\"WebSite\",\"@id\":\"https:\/\/kodukolle.ee\/en\/#website\",\"url\":\"https:\/\/kodukolle.ee\/en\/\",\"name\":\"Kodukolle\",\"description\":\"\",\"publisher\":{\"@id\":\"https:\/\/kodukolle.ee\/en\/#organization\"},\"potentialAction\":[{\"@type\":\"SearchAction\",\"target\":{\"@type\":\"EntryPoint\",\"urlTemplate\":\"https:\/\/kodukolle.ee\/en\/?s={search_term_string}\"},\"query-input\":{\"@type\":\"PropertyValueSpecification\",\"valueRequired\":true,\"valueName\":\"search_term_string\"}}],\"inLanguage\":\"fi\"},{\"@type\":\"Organization\",\"@id\":\"https:\/\/kodukolle.ee\/en\/#organization\",\"name\":\"Kodukolle\",\"url\":\"https:\/\/kodukolle.ee\/en\/\",\"logo\":{\"@type\":\"ImageObject\",\"inLanguage\":\"fi\",\"@id\":\"https:\/\/kodukolle.ee\/en\/#\/schema\/logo\/image\/\",\"url\":\"https:\/\/kodukolle.ee\/wp-content\/uploads\/2025\/06\/logo_must_gradient.svg\",\"contentUrl\":\"https:\/\/kodukolle.ee\/wp-content\/uploads\/2025\/06\/logo_must_gradient.svg\",\"caption\":\"Kodukolle\"},\"image\":{\"@id\":\"https:\/\/kodukolle.ee\/en\/#\/schema\/logo\/image\/\"}}]}<\/script>\n<!-- \/ Yoast SEO plugin. -->","yoast_head_json":{"title":"Takka Rocal HABIT 100DC + T - Kodukolle","description":"Rocal Habit 100DC + T erottuu muista kaksipuolisista tulisijoista uskomattoman monipuolisuutensa ansiosta ja tarjoaa luotettavaa l\u00e4mp\u00f6\u00e4 ja luonnetta kotiisi.","robots":{"index":"index","follow":"follow","max-snippet":"max-snippet:-1","max-image-preview":"max-image-preview:large","max-video-preview":"max-video-preview:-1"},"canonical":"https:\/\/kodukolle.ee\/fi\/tuote\/takka-rocal-habit-100dc-t\/","og_locale":"fi_FI","og_type":"article","og_title":"Takka Rocal HABIT 100DC + T - Kodukolle","og_description":"Rocal Habit 100DC + T erottuu muista kaksipuolisista tulisijoista uskomattoman monipuolisuutensa ansiosta ja tarjoaa luotettavaa l\u00e4mp\u00f6\u00e4 ja luonnetta kotiisi.","og_url":"https:\/\/kodukolle.ee\/fi\/tuote\/takka-rocal-habit-100dc-t\/","og_site_name":"Kodukolle","article_modified_time":"2023-12-27T14:36:21+00:00","og_image":[{"width":1580,"height":1040,"url":"https:\/\/kodukolle.ee\/wp-content\/uploads\/2023\/05\/Habit100DC-1.jpg","type":"image\/jpeg"}],"twitter_card":"summary_large_image","schema":{"@context":"https:\/\/schema.org","@graph":[{"@type":"WebPage","@id":"https:\/\/kodukolle.ee\/fi\/tuote\/takka-rocal-habit-100dc-t\/","url":"https:\/\/kodukolle.ee\/fi\/tuote\/takka-rocal-habit-100dc-t\/","name":"Takka Rocal HABIT 100DC + T - Kodukolle","isPartOf":{"@id":"https:\/\/kodukolle.ee\/en\/#website"},"primaryImageOfPage":{"@id":"https:\/\/kodukolle.ee\/fi\/tuote\/takka-rocal-habit-100dc-t\/#primaryimage"},"image":{"@id":"https:\/\/kodukolle.ee\/fi\/tuote\/takka-rocal-habit-100dc-t\/#primaryimage"},"thumbnailUrl":"https:\/\/kodukolle.ee\/wp-content\/uploads\/2023\/05\/Habit100DC-1.jpg","datePublished":"2023-05-16T07:22:22+00:00","dateModified":"2023-12-27T14:36:21+00:00","description":"Rocal Habit 100DC + T erottuu muista kaksipuolisista tulisijoista uskomattoman monipuolisuutensa ansiosta ja tarjoaa luotettavaa l\u00e4mp\u00f6\u00e4 ja luonnetta kotiisi.","breadcrumb":{"@id":"https:\/\/kodukolle.ee\/fi\/tuote\/takka-rocal-habit-100dc-t\/#breadcrumb"},"inLanguage":"fi","potentialAction":[{"@type":"ReadAction","target":["https:\/\/kodukolle.ee\/fi\/tuote\/takka-rocal-habit-100dc-t\/"]}]},{"@type":"ImageObject","inLanguage":"fi","@id":"https:\/\/kodukolle.ee\/fi\/tuote\/takka-rocal-habit-100dc-t\/#primaryimage","url":"https:\/\/kodukolle.ee\/wp-content\/uploads\/2023\/05\/Habit100DC-1.jpg","contentUrl":"https:\/\/kodukolle.ee\/wp-content\/uploads\/2023\/05\/Habit100DC-1.jpg","width":1580,"height":1040},{"@type":"BreadcrumbList","@id":"https:\/\/kodukolle.ee\/fi\/tuote\/takka-rocal-habit-100dc-t\/#breadcrumb","itemListElement":[{"@type":"ListItem","position":1,"name":"Home","item":"https:\/\/kodukolle.ee\/fi\/"},{"@type":"ListItem","position":2,"name":"Tuotteet","item":"https:\/\/kodukolle.ee\/fi\/tuotteet\/"},{"@type":"ListItem","position":3,"name":"Takka Rocal HABIT 100DC + T"}]},{"@type":"WebSite","@id":"https:\/\/kodukolle.ee\/en\/#website","url":"https:\/\/kodukolle.ee\/en\/","name":"Kodukolle","description":"","publisher":{"@id":"https:\/\/kodukolle.ee\/en\/#organization"},"potentialAction":[{"@type":"SearchAction","target":{"@type":"EntryPoint","urlTemplate":"https:\/\/kodukolle.ee\/en\/?s={search_term_string}"},"query-input":{"@type":"PropertyValueSpecification","valueRequired":true,"valueName":"search_term_string"}}],"inLanguage":"fi"},{"@type":"Organization","@id":"https:\/\/kodukolle.ee\/en\/#organization","name":"Kodukolle","url":"https:\/\/kodukolle.ee\/en\/","logo":{"@type":"ImageObject","inLanguage":"fi","@id":"https:\/\/kodukolle.ee\/en\/#\/schema\/logo\/image\/","url":"https:\/\/kodukolle.ee\/wp-content\/uploads\/2025\/06\/logo_must_gradient.svg","contentUrl":"https:\/\/kodukolle.ee\/wp-content\/uploads\/2025\/06\/logo_must_gradient.svg","caption":"Kodukolle"},"image":{"@id":"https:\/\/kodukolle.ee\/en\/#\/schema\/logo\/image\/"}}]}},"_links":{"self":[{"href":"https:\/\/kodukolle.ee\/fi\/wp-json\/wp\/v2\/product\/26422","targetHints":{"allow":["GET"]}}],"collection":[{"href":"https:\/\/kodukolle.ee\/fi\/wp-json\/wp\/v2\/product"}],"about":[{"href":"https:\/\/kodukolle.ee\/fi\/wp-json\/wp\/v2\/types\/product"}],"wp:featuredmedia":[{"embeddable":true,"href":"https:\/\/kodukolle.ee\/fi\/wp-json\/wp\/v2\/media\/11425"}],"wp:attachment":[{"href":"https:\/\/kodukolle.ee\/fi\/wp-json\/wp\/v2\/media?parent=26422"}],"wp:term":[{"taxonomy":"product_brand","embeddable":true,"href":"https:\/\/kodukolle.ee\/fi\/wp-json\/wp\/v2\/product_brand?post=26422"},{"taxonomy":"product_cat","embeddable":true,"href":"https:\/\/kodukolle.ee\/fi\/wp-json\/wp\/v2\/product_cat?post=26422"},{"taxonomy":"product_tag","embeddable":true,"href":"https:\/\/kodukolle.ee\/fi\/wp-json\/wp\/v2\/product_tag?post=26422"}],"curies":[{"name":"wp","href":"https:\/\/api.w.org\/{rel}","templated":true}]}}