{"id":26430,"date":"2023-05-15T16:53:54","date_gmt":"2023-05-15T13:53:54","guid":{"rendered":"https:\/\/kodukolle.ee\/?post_type=product&#038;p=26430"},"modified":"2023-12-28T10:29:10","modified_gmt":"2023-12-28T08:29:10","slug":"takka-rocal-habit-73tc-t","status":"publish","type":"product","link":"https:\/\/kodukolle.ee\/fi\/tuote\/takka-rocal-habit-73tc-t\/","title":{"rendered":"Takka Rocal HABIT 73TC + T"},"content":{"rendered":"<p>Uuden Habit-sarjan tulisijat voit muokata mieleiseksesi. Tuuletuslaitteella varustettu Habit 73TC + T -takka voidaan asentaa sein\u00e4lle, erikoispenkille tai halkotilan p\u00e4\u00e4lle. Saatavilla on lis\u00e4varusteita, kuten sein\u00e4kiinnikkeet, erileve\u00e4t penkit ja halkotilan. Lis\u00e4ksi on saatavana lis\u00e4varusteena automaattinen tuulettimen nopeudens\u00e4\u00e4t\u00f6laite. Takkaan Habit 73TC + T on kolmisivuinen n\u00e4kym\u00e4, joten voit nauttia tulesta useista kulmista, my\u00f6s sivuilta.<br \/>\n&nbsp; <\/p>\n","protected":false},"excerpt":{"rendered":"<p>Uuden Habit-sarjan tulisijat voit muokata mieleiseksesi. Tuuletuslaitteella varustettu Habit 73TC + T -takka voidaan asentaa sein\u00e4lle, erikoispenkille tai halkotilan p\u00e4\u00e4lle. Saatavilla on lis\u00e4varusteita, kuten sein\u00e4kiinnikkeet, erileve\u00e4t penkit ja halkotilan. Lis\u00e4ksi on saatavana lis\u00e4varusteena automaattinen tuulettimen nopeudens\u00e4\u00e4t\u00f6laite. Takkaan Habit 73TC + T on kolmisivuinen n\u00e4kym\u00e4, joten voit nauttia tulesta useista kulmista, my\u00f6s sivuilta.<\/p>\n","protected":false},"featured_media":11293,"template":"","meta":{"_acf_changed":false},"product_brand":[],"product_cat":[9620],"product_tag":[],"class_list":{"0":"post-26430","1":"product","2":"type-product","3":"status-publish","4":"has-post-thumbnail","6":"brands-rocal-fi","7":"product_cat-takat","9":"first","10":"instock","11":"shipping-taxable","12":"purchasable","13":"product-type-simple"},"acf":[],"yoast_head":"<!-- This site is optimized with the Yoast SEO plugin v27.2 - https:\/\/yoast.com\/product\/yoast-seo-wordpress\/ -->\n<title>Takka Rocal HABIT 73TC + T - Kodukolle<\/title>\n<meta name=\"description\" content=\"Tuuletuslaitteella varustettu Rocal Habit 73TC + T -takka voidaan asentaa sein\u00e4lle, erikoispenkille tai halkotilan p\u00e4\u00e4lle.\" \/>\n<meta name=\"robots\" content=\"index, follow, max-snippet:-1, max-image-preview:large, max-video-preview:-1\" \/>\n<link rel=\"canonical\" href=\"https:\/\/kodukolle.ee\/fi\/tuote\/takka-rocal-habit-73tc-t\/\" \/>\n<meta property=\"og:locale\" content=\"fi_FI\" \/>\n<meta property=\"og:type\" content=\"article\" \/>\n<meta property=\"og:title\" content=\"Takka Rocal HABIT 73TC + T - Kodukolle\" \/>\n<meta property=\"og:description\" content=\"Tuuletuslaitteella varustettu Rocal Habit 73TC + T -takka voidaan asentaa sein\u00e4lle, erikoispenkille tai halkotilan p\u00e4\u00e4lle.\" \/>\n<meta property=\"og:url\" content=\"https:\/\/kodukolle.ee\/fi\/tuote\/takka-rocal-habit-73tc-t\/\" \/>\n<meta property=\"og:site_name\" content=\"Kodukolle\" \/>\n<meta property=\"article:modified_time\" content=\"2023-12-28T08:29:10+00:00\" \/>\n<meta property=\"og:image\" content=\"https:\/\/kodukolle.ee\/wp-content\/uploads\/2023\/05\/Habit73TC.jpg\" \/>\n\t<meta property=\"og:image:width\" content=\"1580\" \/>\n\t<meta property=\"og:image:height\" content=\"1040\" \/>\n\t<meta property=\"og:image:type\" content=\"image\/jpeg\" \/>\n<meta name=\"twitter:card\" content=\"summary_large_image\" \/>\n<script type=\"application\/ld+json\" class=\"yoast-schema-graph\">{\"@context\":\"https:\/\/schema.org\",\"@graph\":[{\"@type\":\"WebPage\",\"@id\":\"https:\/\/kodukolle.ee\/fi\/tuote\/takka-rocal-habit-73tc-t\/\",\"url\":\"https:\/\/kodukolle.ee\/fi\/tuote\/takka-rocal-habit-73tc-t\/\",\"name\":\"Takka Rocal HABIT 73TC + T - Kodukolle\",\"isPartOf\":{\"@id\":\"https:\/\/kodukolle.ee\/en\/#website\"},\"primaryImageOfPage\":{\"@id\":\"https:\/\/kodukolle.ee\/fi\/tuote\/takka-rocal-habit-73tc-t\/#primaryimage\"},\"image\":{\"@id\":\"https:\/\/kodukolle.ee\/fi\/tuote\/takka-rocal-habit-73tc-t\/#primaryimage\"},\"thumbnailUrl\":\"https:\/\/kodukolle.ee\/wp-content\/uploads\/2023\/05\/Habit73TC.jpg\",\"datePublished\":\"2023-05-15T13:53:54+00:00\",\"dateModified\":\"2023-12-28T08:29:10+00:00\",\"description\":\"Tuuletuslaitteella varustettu Rocal Habit 73TC + T -takka voidaan asentaa sein\u00e4lle, erikoispenkille tai halkotilan p\u00e4\u00e4lle.\",\"breadcrumb\":{\"@id\":\"https:\/\/kodukolle.ee\/fi\/tuote\/takka-rocal-habit-73tc-t\/#breadcrumb\"},\"inLanguage\":\"fi\",\"potentialAction\":[{\"@type\":\"ReadAction\",\"target\":[\"https:\/\/kodukolle.ee\/fi\/tuote\/takka-rocal-habit-73tc-t\/\"]}]},{\"@type\":\"ImageObject\",\"inLanguage\":\"fi\",\"@id\":\"https:\/\/kodukolle.ee\/fi\/tuote\/takka-rocal-habit-73tc-t\/#primaryimage\",\"url\":\"https:\/\/kodukolle.ee\/wp-content\/uploads\/2023\/05\/Habit73TC.jpg\",\"contentUrl\":\"https:\/\/kodukolle.ee\/wp-content\/uploads\/2023\/05\/Habit73TC.jpg\",\"width\":1580,\"height\":1040},{\"@type\":\"BreadcrumbList\",\"@id\":\"https:\/\/kodukolle.ee\/fi\/tuote\/takka-rocal-habit-73tc-t\/#breadcrumb\",\"itemListElement\":[{\"@type\":\"ListItem\",\"position\":1,\"name\":\"Home\",\"item\":\"https:\/\/kodukolle.ee\/fi\/\"},{\"@type\":\"ListItem\",\"position\":2,\"name\":\"Tuotteet\",\"item\":\"https:\/\/kodukolle.ee\/fi\/tuotteet\/\"},{\"@type\":\"ListItem\",\"position\":3,\"name\":\"Takka Rocal HABIT 73TC + T\"}]},{\"@type\":\"WebSite\",\"@id\":\"https:\/\/kodukolle.ee\/en\/#website\",\"url\":\"https:\/\/kodukolle.ee\/en\/\",\"name\":\"Kodukolle\",\"description\":\"\",\"publisher\":{\"@id\":\"https:\/\/kodukolle.ee\/en\/#organization\"},\"potentialAction\":[{\"@type\":\"SearchAction\",\"target\":{\"@type\":\"EntryPoint\",\"urlTemplate\":\"https:\/\/kodukolle.ee\/en\/?s={search_term_string}\"},\"query-input\":{\"@type\":\"PropertyValueSpecification\",\"valueRequired\":true,\"valueName\":\"search_term_string\"}}],\"inLanguage\":\"fi\"},{\"@type\":\"Organization\",\"@id\":\"https:\/\/kodukolle.ee\/en\/#organization\",\"name\":\"Kodukolle\",\"url\":\"https:\/\/kodukolle.ee\/en\/\",\"logo\":{\"@type\":\"ImageObject\",\"inLanguage\":\"fi\",\"@id\":\"https:\/\/kodukolle.ee\/en\/#\/schema\/logo\/image\/\",\"url\":\"https:\/\/kodukolle.ee\/wp-content\/uploads\/2025\/06\/logo_must_gradient.svg\",\"contentUrl\":\"https:\/\/kodukolle.ee\/wp-content\/uploads\/2025\/06\/logo_must_gradient.svg\",\"caption\":\"Kodukolle\"},\"image\":{\"@id\":\"https:\/\/kodukolle.ee\/en\/#\/schema\/logo\/image\/\"}}]}<\/script>\n<!-- \/ Yoast SEO plugin. -->","yoast_head_json":{"title":"Takka Rocal HABIT 73TC + T - Kodukolle","description":"Tuuletuslaitteella varustettu Rocal Habit 73TC + T -takka voidaan asentaa sein\u00e4lle, erikoispenkille tai halkotilan p\u00e4\u00e4lle.","robots":{"index":"index","follow":"follow","max-snippet":"max-snippet:-1","max-image-preview":"max-image-preview:large","max-video-preview":"max-video-preview:-1"},"canonical":"https:\/\/kodukolle.ee\/fi\/tuote\/takka-rocal-habit-73tc-t\/","og_locale":"fi_FI","og_type":"article","og_title":"Takka Rocal HABIT 73TC + T - Kodukolle","og_description":"Tuuletuslaitteella varustettu Rocal Habit 73TC + T -takka voidaan asentaa sein\u00e4lle, erikoispenkille tai halkotilan p\u00e4\u00e4lle.","og_url":"https:\/\/kodukolle.ee\/fi\/tuote\/takka-rocal-habit-73tc-t\/","og_site_name":"Kodukolle","article_modified_time":"2023-12-28T08:29:10+00:00","og_image":[{"width":1580,"height":1040,"url":"https:\/\/kodukolle.ee\/wp-content\/uploads\/2023\/05\/Habit73TC.jpg","type":"image\/jpeg"}],"twitter_card":"summary_large_image","schema":{"@context":"https:\/\/schema.org","@graph":[{"@type":"WebPage","@id":"https:\/\/kodukolle.ee\/fi\/tuote\/takka-rocal-habit-73tc-t\/","url":"https:\/\/kodukolle.ee\/fi\/tuote\/takka-rocal-habit-73tc-t\/","name":"Takka Rocal HABIT 73TC + T - Kodukolle","isPartOf":{"@id":"https:\/\/kodukolle.ee\/en\/#website"},"primaryImageOfPage":{"@id":"https:\/\/kodukolle.ee\/fi\/tuote\/takka-rocal-habit-73tc-t\/#primaryimage"},"image":{"@id":"https:\/\/kodukolle.ee\/fi\/tuote\/takka-rocal-habit-73tc-t\/#primaryimage"},"thumbnailUrl":"https:\/\/kodukolle.ee\/wp-content\/uploads\/2023\/05\/Habit73TC.jpg","datePublished":"2023-05-15T13:53:54+00:00","dateModified":"2023-12-28T08:29:10+00:00","description":"Tuuletuslaitteella varustettu Rocal Habit 73TC + T -takka voidaan asentaa sein\u00e4lle, erikoispenkille tai halkotilan p\u00e4\u00e4lle.","breadcrumb":{"@id":"https:\/\/kodukolle.ee\/fi\/tuote\/takka-rocal-habit-73tc-t\/#breadcrumb"},"inLanguage":"fi","potentialAction":[{"@type":"ReadAction","target":["https:\/\/kodukolle.ee\/fi\/tuote\/takka-rocal-habit-73tc-t\/"]}]},{"@type":"ImageObject","inLanguage":"fi","@id":"https:\/\/kodukolle.ee\/fi\/tuote\/takka-rocal-habit-73tc-t\/#primaryimage","url":"https:\/\/kodukolle.ee\/wp-content\/uploads\/2023\/05\/Habit73TC.jpg","contentUrl":"https:\/\/kodukolle.ee\/wp-content\/uploads\/2023\/05\/Habit73TC.jpg","width":1580,"height":1040},{"@type":"BreadcrumbList","@id":"https:\/\/kodukolle.ee\/fi\/tuote\/takka-rocal-habit-73tc-t\/#breadcrumb","itemListElement":[{"@type":"ListItem","position":1,"name":"Home","item":"https:\/\/kodukolle.ee\/fi\/"},{"@type":"ListItem","position":2,"name":"Tuotteet","item":"https:\/\/kodukolle.ee\/fi\/tuotteet\/"},{"@type":"ListItem","position":3,"name":"Takka Rocal HABIT 73TC + T"}]},{"@type":"WebSite","@id":"https:\/\/kodukolle.ee\/en\/#website","url":"https:\/\/kodukolle.ee\/en\/","name":"Kodukolle","description":"","publisher":{"@id":"https:\/\/kodukolle.ee\/en\/#organization"},"potentialAction":[{"@type":"SearchAction","target":{"@type":"EntryPoint","urlTemplate":"https:\/\/kodukolle.ee\/en\/?s={search_term_string}"},"query-input":{"@type":"PropertyValueSpecification","valueRequired":true,"valueName":"search_term_string"}}],"inLanguage":"fi"},{"@type":"Organization","@id":"https:\/\/kodukolle.ee\/en\/#organization","name":"Kodukolle","url":"https:\/\/kodukolle.ee\/en\/","logo":{"@type":"ImageObject","inLanguage":"fi","@id":"https:\/\/kodukolle.ee\/en\/#\/schema\/logo\/image\/","url":"https:\/\/kodukolle.ee\/wp-content\/uploads\/2025\/06\/logo_must_gradient.svg","contentUrl":"https:\/\/kodukolle.ee\/wp-content\/uploads\/2025\/06\/logo_must_gradient.svg","caption":"Kodukolle"},"image":{"@id":"https:\/\/kodukolle.ee\/en\/#\/schema\/logo\/image\/"}}]}},"_links":{"self":[{"href":"https:\/\/kodukolle.ee\/fi\/wp-json\/wp\/v2\/product\/26430","targetHints":{"allow":["GET"]}}],"collection":[{"href":"https:\/\/kodukolle.ee\/fi\/wp-json\/wp\/v2\/product"}],"about":[{"href":"https:\/\/kodukolle.ee\/fi\/wp-json\/wp\/v2\/types\/product"}],"wp:featuredmedia":[{"embeddable":true,"href":"https:\/\/kodukolle.ee\/fi\/wp-json\/wp\/v2\/media\/11293"}],"wp:attachment":[{"href":"https:\/\/kodukolle.ee\/fi\/wp-json\/wp\/v2\/media?parent=26430"}],"wp:term":[{"taxonomy":"product_brand","embeddable":true,"href":"https:\/\/kodukolle.ee\/fi\/wp-json\/wp\/v2\/product_brand?post=26430"},{"taxonomy":"product_cat","embeddable":true,"href":"https:\/\/kodukolle.ee\/fi\/wp-json\/wp\/v2\/product_cat?post=26430"},{"taxonomy":"product_tag","embeddable":true,"href":"https:\/\/kodukolle.ee\/fi\/wp-json\/wp\/v2\/product_tag?post=26430"}],"curies":[{"name":"wp","href":"https:\/\/api.w.org\/{rel}","templated":true}]}}