{"id":26432,"date":"2023-05-15T16:04:40","date_gmt":"2023-05-15T13:04:40","guid":{"rendered":"https:\/\/kodukolle.ee\/?post_type=product&#038;p=26432"},"modified":"2023-12-28T10:47:35","modified_gmt":"2023-12-28T08:47:35","slug":"takka-rocal-habit-50v-t","status":"publish","type":"product","link":"https:\/\/kodukolle.ee\/fi\/tuote\/takka-rocal-habit-50v-t\/","title":{"rendered":"Takka Rocal HABIT 50V + T"},"content":{"rendered":"<p>Uuden Habit-sarjan tulisijat voit muokata mieleiseksesi. Pakkoilmanvaihdolla varustettu Rocal Habit 50V + T -takka tarjoaa monipuoliset asennusvaihtoehdot. Se voidaan asentaa sein\u00e4lle, asettaa erityiselle penkille tai integroida halkotilan p\u00e4\u00e4lle. Saatavilla on my\u00f6s lis\u00e4tarvikkeita, kuten sein\u00e4asennussarjoja, eri leveyksi\u00e4 penkkej\u00e4 ja halkotila. Lis\u00e4ksi lis\u00e4varusteena saatava automaattinen tuulettimen nopeuden s\u00e4\u00e4t\u00f6laite. Lis\u00e4ksi on mahdollista muuttaa takan oven aukeamissuunta. <\/p>\n<p>&nbsp; <\/p>\n","protected":false},"excerpt":{"rendered":"<p>Uuden Habit-sarjan tulisijat voit muokata mieleiseksesi. Pakkoilmanvaihdolla varustettu Rocal Habit 50V + T -takka tarjoaa monipuoliset asennusvaihtoehdot. Se voidaan asentaa sein\u00e4lle, asettaa erityiselle penkille tai integroida halkotilan p\u00e4\u00e4lle. Saatavilla on my\u00f6s lis\u00e4tarvikkeita, kuten sein\u00e4asennussarjoja, eri leveyksi\u00e4 penkkej\u00e4 ja halkotila. Lis\u00e4ksi lis\u00e4varusteena saatava automaattinen tuulettimen nopeuden s\u00e4\u00e4t\u00f6laite. Lis\u00e4ksi on mahdollista muuttaa takan oven aukeamissuunta. <\/p>\n","protected":false},"featured_media":11263,"template":"","meta":{"_acf_changed":false},"product_brand":[],"product_cat":[9620],"product_tag":[],"class_list":{"0":"post-26432","1":"product","2":"type-product","3":"status-publish","4":"has-post-thumbnail","6":"brands-rocal-fi","7":"product_cat-takat","9":"first","10":"instock","11":"shipping-taxable","12":"purchasable","13":"product-type-simple"},"acf":[],"yoast_head":"<!-- This site is optimized with the Yoast SEO plugin v27.2 - https:\/\/yoast.com\/product\/yoast-seo-wordpress\/ -->\n<title>Takka Rocal HABIT 50V + T - Kodukolle<\/title>\n<meta name=\"description\" content=\"Uuden Habit-sarjan tulisijat voit muokata mieleiseksesi. Pakkoilmanvaihdolla varustettu Rocal Habit 50V + T -takka tarjoaa monipuoliset asennusvaihtoehdot.\" \/>\n<meta name=\"robots\" content=\"index, follow, max-snippet:-1, max-image-preview:large, max-video-preview:-1\" \/>\n<link rel=\"canonical\" href=\"https:\/\/kodukolle.ee\/fi\/tuote\/takka-rocal-habit-50v-t\/\" \/>\n<meta property=\"og:locale\" content=\"fi_FI\" \/>\n<meta property=\"og:type\" content=\"article\" \/>\n<meta property=\"og:title\" content=\"Takka Rocal HABIT 50V + T - Kodukolle\" \/>\n<meta property=\"og:description\" content=\"Uuden Habit-sarjan tulisijat voit muokata mieleiseksesi. Pakkoilmanvaihdolla varustettu Rocal Habit 50V + T -takka tarjoaa monipuoliset asennusvaihtoehdot.\" \/>\n<meta property=\"og:url\" content=\"https:\/\/kodukolle.ee\/fi\/tuote\/takka-rocal-habit-50v-t\/\" \/>\n<meta property=\"og:site_name\" content=\"Kodukolle\" \/>\n<meta property=\"article:modified_time\" content=\"2023-12-28T08:47:35+00:00\" \/>\n<meta property=\"og:image\" content=\"https:\/\/kodukolle.ee\/wp-content\/uploads\/2023\/05\/habit50V.jpg\" \/>\n\t<meta property=\"og:image:width\" content=\"1580\" \/>\n\t<meta property=\"og:image:height\" content=\"1040\" \/>\n\t<meta property=\"og:image:type\" content=\"image\/jpeg\" \/>\n<meta name=\"twitter:card\" content=\"summary_large_image\" \/>\n<script type=\"application\/ld+json\" class=\"yoast-schema-graph\">{\"@context\":\"https:\/\/schema.org\",\"@graph\":[{\"@type\":\"WebPage\",\"@id\":\"https:\/\/kodukolle.ee\/fi\/tuote\/takka-rocal-habit-50v-t\/\",\"url\":\"https:\/\/kodukolle.ee\/fi\/tuote\/takka-rocal-habit-50v-t\/\",\"name\":\"Takka Rocal HABIT 50V + T - Kodukolle\",\"isPartOf\":{\"@id\":\"https:\/\/kodukolle.ee\/en\/#website\"},\"primaryImageOfPage\":{\"@id\":\"https:\/\/kodukolle.ee\/fi\/tuote\/takka-rocal-habit-50v-t\/#primaryimage\"},\"image\":{\"@id\":\"https:\/\/kodukolle.ee\/fi\/tuote\/takka-rocal-habit-50v-t\/#primaryimage\"},\"thumbnailUrl\":\"https:\/\/kodukolle.ee\/wp-content\/uploads\/2023\/05\/habit50V.jpg\",\"datePublished\":\"2023-05-15T13:04:40+00:00\",\"dateModified\":\"2023-12-28T08:47:35+00:00\",\"description\":\"Uuden Habit-sarjan tulisijat voit muokata mieleiseksesi. Pakkoilmanvaihdolla varustettu Rocal Habit 50V + T -takka tarjoaa monipuoliset asennusvaihtoehdot.\",\"breadcrumb\":{\"@id\":\"https:\/\/kodukolle.ee\/fi\/tuote\/takka-rocal-habit-50v-t\/#breadcrumb\"},\"inLanguage\":\"fi\",\"potentialAction\":[{\"@type\":\"ReadAction\",\"target\":[\"https:\/\/kodukolle.ee\/fi\/tuote\/takka-rocal-habit-50v-t\/\"]}]},{\"@type\":\"ImageObject\",\"inLanguage\":\"fi\",\"@id\":\"https:\/\/kodukolle.ee\/fi\/tuote\/takka-rocal-habit-50v-t\/#primaryimage\",\"url\":\"https:\/\/kodukolle.ee\/wp-content\/uploads\/2023\/05\/habit50V.jpg\",\"contentUrl\":\"https:\/\/kodukolle.ee\/wp-content\/uploads\/2023\/05\/habit50V.jpg\",\"width\":1580,\"height\":1040},{\"@type\":\"BreadcrumbList\",\"@id\":\"https:\/\/kodukolle.ee\/fi\/tuote\/takka-rocal-habit-50v-t\/#breadcrumb\",\"itemListElement\":[{\"@type\":\"ListItem\",\"position\":1,\"name\":\"Home\",\"item\":\"https:\/\/kodukolle.ee\/fi\/\"},{\"@type\":\"ListItem\",\"position\":2,\"name\":\"Tuotteet\",\"item\":\"https:\/\/kodukolle.ee\/fi\/tuotteet\/\"},{\"@type\":\"ListItem\",\"position\":3,\"name\":\"Takka Rocal HABIT 50V + T\"}]},{\"@type\":\"WebSite\",\"@id\":\"https:\/\/kodukolle.ee\/en\/#website\",\"url\":\"https:\/\/kodukolle.ee\/en\/\",\"name\":\"Kodukolle\",\"description\":\"\",\"publisher\":{\"@id\":\"https:\/\/kodukolle.ee\/en\/#organization\"},\"potentialAction\":[{\"@type\":\"SearchAction\",\"target\":{\"@type\":\"EntryPoint\",\"urlTemplate\":\"https:\/\/kodukolle.ee\/en\/?s={search_term_string}\"},\"query-input\":{\"@type\":\"PropertyValueSpecification\",\"valueRequired\":true,\"valueName\":\"search_term_string\"}}],\"inLanguage\":\"fi\"},{\"@type\":\"Organization\",\"@id\":\"https:\/\/kodukolle.ee\/en\/#organization\",\"name\":\"Kodukolle\",\"url\":\"https:\/\/kodukolle.ee\/en\/\",\"logo\":{\"@type\":\"ImageObject\",\"inLanguage\":\"fi\",\"@id\":\"https:\/\/kodukolle.ee\/en\/#\/schema\/logo\/image\/\",\"url\":\"https:\/\/kodukolle.ee\/wp-content\/uploads\/2025\/06\/logo_must_gradient.svg\",\"contentUrl\":\"https:\/\/kodukolle.ee\/wp-content\/uploads\/2025\/06\/logo_must_gradient.svg\",\"caption\":\"Kodukolle\"},\"image\":{\"@id\":\"https:\/\/kodukolle.ee\/en\/#\/schema\/logo\/image\/\"}}]}<\/script>\n<!-- \/ Yoast SEO plugin. -->","yoast_head_json":{"title":"Takka Rocal HABIT 50V + T - Kodukolle","description":"Uuden Habit-sarjan tulisijat voit muokata mieleiseksesi. Pakkoilmanvaihdolla varustettu Rocal Habit 50V + T -takka tarjoaa monipuoliset asennusvaihtoehdot.","robots":{"index":"index","follow":"follow","max-snippet":"max-snippet:-1","max-image-preview":"max-image-preview:large","max-video-preview":"max-video-preview:-1"},"canonical":"https:\/\/kodukolle.ee\/fi\/tuote\/takka-rocal-habit-50v-t\/","og_locale":"fi_FI","og_type":"article","og_title":"Takka Rocal HABIT 50V + T - Kodukolle","og_description":"Uuden Habit-sarjan tulisijat voit muokata mieleiseksesi. Pakkoilmanvaihdolla varustettu Rocal Habit 50V + T -takka tarjoaa monipuoliset asennusvaihtoehdot.","og_url":"https:\/\/kodukolle.ee\/fi\/tuote\/takka-rocal-habit-50v-t\/","og_site_name":"Kodukolle","article_modified_time":"2023-12-28T08:47:35+00:00","og_image":[{"width":1580,"height":1040,"url":"https:\/\/kodukolle.ee\/wp-content\/uploads\/2023\/05\/habit50V.jpg","type":"image\/jpeg"}],"twitter_card":"summary_large_image","schema":{"@context":"https:\/\/schema.org","@graph":[{"@type":"WebPage","@id":"https:\/\/kodukolle.ee\/fi\/tuote\/takka-rocal-habit-50v-t\/","url":"https:\/\/kodukolle.ee\/fi\/tuote\/takka-rocal-habit-50v-t\/","name":"Takka Rocal HABIT 50V + T - Kodukolle","isPartOf":{"@id":"https:\/\/kodukolle.ee\/en\/#website"},"primaryImageOfPage":{"@id":"https:\/\/kodukolle.ee\/fi\/tuote\/takka-rocal-habit-50v-t\/#primaryimage"},"image":{"@id":"https:\/\/kodukolle.ee\/fi\/tuote\/takka-rocal-habit-50v-t\/#primaryimage"},"thumbnailUrl":"https:\/\/kodukolle.ee\/wp-content\/uploads\/2023\/05\/habit50V.jpg","datePublished":"2023-05-15T13:04:40+00:00","dateModified":"2023-12-28T08:47:35+00:00","description":"Uuden Habit-sarjan tulisijat voit muokata mieleiseksesi. Pakkoilmanvaihdolla varustettu Rocal Habit 50V + T -takka tarjoaa monipuoliset asennusvaihtoehdot.","breadcrumb":{"@id":"https:\/\/kodukolle.ee\/fi\/tuote\/takka-rocal-habit-50v-t\/#breadcrumb"},"inLanguage":"fi","potentialAction":[{"@type":"ReadAction","target":["https:\/\/kodukolle.ee\/fi\/tuote\/takka-rocal-habit-50v-t\/"]}]},{"@type":"ImageObject","inLanguage":"fi","@id":"https:\/\/kodukolle.ee\/fi\/tuote\/takka-rocal-habit-50v-t\/#primaryimage","url":"https:\/\/kodukolle.ee\/wp-content\/uploads\/2023\/05\/habit50V.jpg","contentUrl":"https:\/\/kodukolle.ee\/wp-content\/uploads\/2023\/05\/habit50V.jpg","width":1580,"height":1040},{"@type":"BreadcrumbList","@id":"https:\/\/kodukolle.ee\/fi\/tuote\/takka-rocal-habit-50v-t\/#breadcrumb","itemListElement":[{"@type":"ListItem","position":1,"name":"Home","item":"https:\/\/kodukolle.ee\/fi\/"},{"@type":"ListItem","position":2,"name":"Tuotteet","item":"https:\/\/kodukolle.ee\/fi\/tuotteet\/"},{"@type":"ListItem","position":3,"name":"Takka Rocal HABIT 50V + T"}]},{"@type":"WebSite","@id":"https:\/\/kodukolle.ee\/en\/#website","url":"https:\/\/kodukolle.ee\/en\/","name":"Kodukolle","description":"","publisher":{"@id":"https:\/\/kodukolle.ee\/en\/#organization"},"potentialAction":[{"@type":"SearchAction","target":{"@type":"EntryPoint","urlTemplate":"https:\/\/kodukolle.ee\/en\/?s={search_term_string}"},"query-input":{"@type":"PropertyValueSpecification","valueRequired":true,"valueName":"search_term_string"}}],"inLanguage":"fi"},{"@type":"Organization","@id":"https:\/\/kodukolle.ee\/en\/#organization","name":"Kodukolle","url":"https:\/\/kodukolle.ee\/en\/","logo":{"@type":"ImageObject","inLanguage":"fi","@id":"https:\/\/kodukolle.ee\/en\/#\/schema\/logo\/image\/","url":"https:\/\/kodukolle.ee\/wp-content\/uploads\/2025\/06\/logo_must_gradient.svg","contentUrl":"https:\/\/kodukolle.ee\/wp-content\/uploads\/2025\/06\/logo_must_gradient.svg","caption":"Kodukolle"},"image":{"@id":"https:\/\/kodukolle.ee\/en\/#\/schema\/logo\/image\/"}}]}},"_links":{"self":[{"href":"https:\/\/kodukolle.ee\/fi\/wp-json\/wp\/v2\/product\/26432","targetHints":{"allow":["GET"]}}],"collection":[{"href":"https:\/\/kodukolle.ee\/fi\/wp-json\/wp\/v2\/product"}],"about":[{"href":"https:\/\/kodukolle.ee\/fi\/wp-json\/wp\/v2\/types\/product"}],"wp:featuredmedia":[{"embeddable":true,"href":"https:\/\/kodukolle.ee\/fi\/wp-json\/wp\/v2\/media\/11263"}],"wp:attachment":[{"href":"https:\/\/kodukolle.ee\/fi\/wp-json\/wp\/v2\/media?parent=26432"}],"wp:term":[{"taxonomy":"product_brand","embeddable":true,"href":"https:\/\/kodukolle.ee\/fi\/wp-json\/wp\/v2\/product_brand?post=26432"},{"taxonomy":"product_cat","embeddable":true,"href":"https:\/\/kodukolle.ee\/fi\/wp-json\/wp\/v2\/product_cat?post=26432"},{"taxonomy":"product_tag","embeddable":true,"href":"https:\/\/kodukolle.ee\/fi\/wp-json\/wp\/v2\/product_tag?post=26432"}],"curies":[{"name":"wp","href":"https:\/\/api.w.org\/{rel}","templated":true}]}}