{"id":26442,"date":"2023-06-06T17:00:47","date_gmt":"2023-06-06T14:00:47","guid":{"rendered":"https:\/\/kodukolle.ee\/?post_type=product&#038;p=26442"},"modified":"2023-12-28T12:55:30","modified_gmt":"2023-12-28T10:55:30","slug":"pizzauuni-fontanaforni-margherita","status":"publish","type":"product","link":"https:\/\/kodukolle.ee\/fi\/tuote\/pizzauuni-fontanaforni-margherita\/","title":{"rendered":"Pizzauuni FontanaForni MARGHERITA"},"content":{"rendered":"<p>Pizzauuni FontanaForni Margherita ei ole vain pizzauuni &#8211; valmista pizzan lis\u00e4ksi pihvej\u00e4, vihanneksia, leip\u00e4\u00e4, j\u00e4lkiruokia ja tee ruoanlaitosta monipuolista.<\/p>\n<p>Ainutlaatuinen keittokammion muotoilu varmistaa tasaisen l\u00e4mm\u00f6n jakautumisen v\u00e4ltt\u00e4en kuumia kohtia. Uunin paistokammion mitat ovat 60\u00d760 cm, tulisija on valmistettu korkealaatuisesta tulenkest\u00e4v\u00e4st\u00e4 samottista. S\u00e4hk\u00f6sinkitty ja jauhemaalattu ulkopinta takaa maksimaalisen l\u00e4mm\u00f6n-, s\u00e4\u00e4- ja ruosteenkest\u00e4vyyden. Uunin eristys on valmistettu luonnonkivivillasta ja sen avulla l\u00e4mp\u00f6tila pysyy tehokkaammin yll\u00e4 ja ulkorakenne ei kuumene liikaa. Ruostumattomasta ter\u00e4ksest\u00e4 valmistetun pellin s\u00e4\u00e4t\u00f6 mahdollistaa tarkan l\u00e4mp\u00f6tilan s\u00e4\u00e4d\u00f6n maksimaalisen l\u00e4mm\u00f6npid\u00e4tyksen saavuttamiseksi.<\/p>\n<p>FontanaForni Margherita pizzauuni on kauniisti suunniteltu, laadukas, suorituskykyinen pizzauuni, joka on varustettu helposti siirrett\u00e4v\u00e4ll\u00e4 kest\u00e4v\u00e4ll\u00e4 ruostumattomasta ter\u00e4ksest\u00e4 tehdyll\u00e4 pohjarungolla, jossa on k\u00e4tev\u00e4 s\u00e4ilytyshylly, py\u00f6r\u00e4t ja ripustuskoukku ty\u00f6kaluille. On my\u00f6s mahdollista tilata antrasiittis\u00e4vy.\n<\/ul>\n<p>&nbsp;<\/p>\n","protected":false},"excerpt":{"rendered":"<p>Pizzauuni FontanaForni Margherita ei ole vain pizzauuni &#8211; valmista pizzan lis\u00e4ksi pihvej\u00e4, vihanneksia, leip\u00e4\u00e4, j\u00e4lkiruokia ja tee ruoanlaitosta monipuolista. FontanaForni Margherita pizzauuni on kauniisti suunniteltu, laadukas, suorituskykyinen pizzauuni, joka on varustettu helposti siirrett\u00e4v\u00e4ll\u00e4 kest\u00e4v\u00e4ll\u00e4 ruostumattomasta ter\u00e4ksest\u00e4 tehdyll\u00e4 pohjarungolla, jossa on k\u00e4tev\u00e4 s\u00e4ilytyshylly, py\u00f6r\u00e4t ja ripustuskoukku ty\u00f6kaluille. On my\u00f6s mahdollista tilata antrasiittis\u00e4vy.<\/p>\n","protected":false},"featured_media":12783,"template":"","meta":{"_acf_changed":false},"product_brand":[],"product_cat":[9692,9694],"product_tag":[],"class_list":{"0":"post-26442","1":"product","2":"type-product","3":"status-publish","4":"has-post-thumbnail","6":"brands-fontana-forni-fi","7":"product_cat-kiukaat-ja-grillit","8":"product_cat-outlet-fi","10":"first","11":"instock","12":"sale","13":"shipping-taxable","14":"purchasable","15":"product-type-simple"},"acf":[],"yoast_head":"<!-- This site is optimized with the Yoast SEO plugin v27.2 - https:\/\/yoast.com\/product\/yoast-seo-wordpress\/ -->\n<title>Pizzauuni FontanaForni MARGHERITA - Kodukolle<\/title>\n<meta name=\"description\" content=\"Pizzauuni FontanaForni Margherita ei ole vain pizzauuni - valmista pizzan lis\u00e4ksi pihvej\u00e4, vihanneksia, leip\u00e4\u00e4, j\u00e4lkiruokia ja tee ruoanlaitosta monipuolista.\" \/>\n<meta name=\"robots\" content=\"index, follow, max-snippet:-1, max-image-preview:large, max-video-preview:-1\" \/>\n<link rel=\"canonical\" href=\"https:\/\/kodukolle.ee\/fi\/tuote\/pizzauuni-fontanaforni-margherita\/\" \/>\n<meta property=\"og:locale\" content=\"fi_FI\" \/>\n<meta property=\"og:type\" content=\"article\" \/>\n<meta property=\"og:title\" content=\"Pizzauuni FontanaForni MARGHERITA - Kodukolle\" \/>\n<meta property=\"og:description\" content=\"Pizzauuni FontanaForni Margherita ei ole vain pizzauuni - valmista pizzan lis\u00e4ksi pihvej\u00e4, vihanneksia, leip\u00e4\u00e4, j\u00e4lkiruokia ja tee ruoanlaitosta monipuolista.\" \/>\n<meta property=\"og:url\" content=\"https:\/\/kodukolle.ee\/fi\/tuote\/pizzauuni-fontanaforni-margherita\/\" \/>\n<meta property=\"og:site_name\" content=\"Kodukolle\" \/>\n<meta property=\"article:modified_time\" content=\"2023-12-28T10:55:30+00:00\" \/>\n<meta property=\"og:image\" content=\"https:\/\/kodukolle.ee\/wp-content\/uploads\/2023\/06\/102522_LIFESTYLE_45of187_fbde30a0-eab9-4f8e-ac8d-311125ef276c_1800x1800.jpg\" \/>\n\t<meta property=\"og:image:width\" content=\"1042\" \/>\n\t<meta property=\"og:image:height\" content=\"1219\" \/>\n\t<meta property=\"og:image:type\" content=\"image\/jpeg\" \/>\n<meta name=\"twitter:card\" content=\"summary_large_image\" \/>\n<meta name=\"twitter:label1\" content=\"Est. reading time\" \/>\n\t<meta name=\"twitter:data1\" content=\"1 minuutti\" \/>\n<script type=\"application\/ld+json\" class=\"yoast-schema-graph\">{\"@context\":\"https:\/\/schema.org\",\"@graph\":[{\"@type\":\"WebPage\",\"@id\":\"https:\/\/kodukolle.ee\/fi\/tuote\/pizzauuni-fontanaforni-margherita\/\",\"url\":\"https:\/\/kodukolle.ee\/fi\/tuote\/pizzauuni-fontanaforni-margherita\/\",\"name\":\"Pizzauuni FontanaForni MARGHERITA - Kodukolle\",\"isPartOf\":{\"@id\":\"https:\/\/kodukolle.ee\/en\/#website\"},\"primaryImageOfPage\":{\"@id\":\"https:\/\/kodukolle.ee\/fi\/tuote\/pizzauuni-fontanaforni-margherita\/#primaryimage\"},\"image\":{\"@id\":\"https:\/\/kodukolle.ee\/fi\/tuote\/pizzauuni-fontanaforni-margherita\/#primaryimage\"},\"thumbnailUrl\":\"https:\/\/kodukolle.ee\/wp-content\/uploads\/2023\/06\/102522_LIFESTYLE_45of187_fbde30a0-eab9-4f8e-ac8d-311125ef276c_1800x1800.jpg\",\"datePublished\":\"2023-06-06T14:00:47+00:00\",\"dateModified\":\"2023-12-28T10:55:30+00:00\",\"description\":\"Pizzauuni FontanaForni Margherita ei ole vain pizzauuni - valmista pizzan lis\u00e4ksi pihvej\u00e4, vihanneksia, leip\u00e4\u00e4, j\u00e4lkiruokia ja tee ruoanlaitosta monipuolista.\",\"breadcrumb\":{\"@id\":\"https:\/\/kodukolle.ee\/fi\/tuote\/pizzauuni-fontanaforni-margherita\/#breadcrumb\"},\"inLanguage\":\"fi\",\"potentialAction\":[{\"@type\":\"ReadAction\",\"target\":[\"https:\/\/kodukolle.ee\/fi\/tuote\/pizzauuni-fontanaforni-margherita\/\"]}]},{\"@type\":\"ImageObject\",\"inLanguage\":\"fi\",\"@id\":\"https:\/\/kodukolle.ee\/fi\/tuote\/pizzauuni-fontanaforni-margherita\/#primaryimage\",\"url\":\"https:\/\/kodukolle.ee\/wp-content\/uploads\/2023\/06\/102522_LIFESTYLE_45of187_fbde30a0-eab9-4f8e-ac8d-311125ef276c_1800x1800.jpg\",\"contentUrl\":\"https:\/\/kodukolle.ee\/wp-content\/uploads\/2023\/06\/102522_LIFESTYLE_45of187_fbde30a0-eab9-4f8e-ac8d-311125ef276c_1800x1800.jpg\",\"width\":1042,\"height\":1219,\"caption\":\"MARGHERITA\"},{\"@type\":\"BreadcrumbList\",\"@id\":\"https:\/\/kodukolle.ee\/fi\/tuote\/pizzauuni-fontanaforni-margherita\/#breadcrumb\",\"itemListElement\":[{\"@type\":\"ListItem\",\"position\":1,\"name\":\"Home\",\"item\":\"https:\/\/kodukolle.ee\/fi\/\"},{\"@type\":\"ListItem\",\"position\":2,\"name\":\"Tuotteet\",\"item\":\"https:\/\/kodukolle.ee\/fi\/tuotteet\/\"},{\"@type\":\"ListItem\",\"position\":3,\"name\":\"Pizzauuni FontanaForni MARGHERITA\"}]},{\"@type\":\"WebSite\",\"@id\":\"https:\/\/kodukolle.ee\/en\/#website\",\"url\":\"https:\/\/kodukolle.ee\/en\/\",\"name\":\"Kodukolle\",\"description\":\"\",\"publisher\":{\"@id\":\"https:\/\/kodukolle.ee\/en\/#organization\"},\"potentialAction\":[{\"@type\":\"SearchAction\",\"target\":{\"@type\":\"EntryPoint\",\"urlTemplate\":\"https:\/\/kodukolle.ee\/en\/?s={search_term_string}\"},\"query-input\":{\"@type\":\"PropertyValueSpecification\",\"valueRequired\":true,\"valueName\":\"search_term_string\"}}],\"inLanguage\":\"fi\"},{\"@type\":\"Organization\",\"@id\":\"https:\/\/kodukolle.ee\/en\/#organization\",\"name\":\"Kodukolle\",\"url\":\"https:\/\/kodukolle.ee\/en\/\",\"logo\":{\"@type\":\"ImageObject\",\"inLanguage\":\"fi\",\"@id\":\"https:\/\/kodukolle.ee\/en\/#\/schema\/logo\/image\/\",\"url\":\"https:\/\/kodukolle.ee\/wp-content\/uploads\/2025\/06\/logo_must_gradient.svg\",\"contentUrl\":\"https:\/\/kodukolle.ee\/wp-content\/uploads\/2025\/06\/logo_must_gradient.svg\",\"caption\":\"Kodukolle\"},\"image\":{\"@id\":\"https:\/\/kodukolle.ee\/en\/#\/schema\/logo\/image\/\"}}]}<\/script>\n<!-- \/ Yoast SEO plugin. -->","yoast_head_json":{"title":"Pizzauuni FontanaForni MARGHERITA - Kodukolle","description":"Pizzauuni FontanaForni Margherita ei ole vain pizzauuni - valmista pizzan lis\u00e4ksi pihvej\u00e4, vihanneksia, leip\u00e4\u00e4, j\u00e4lkiruokia ja tee ruoanlaitosta monipuolista.","robots":{"index":"index","follow":"follow","max-snippet":"max-snippet:-1","max-image-preview":"max-image-preview:large","max-video-preview":"max-video-preview:-1"},"canonical":"https:\/\/kodukolle.ee\/fi\/tuote\/pizzauuni-fontanaforni-margherita\/","og_locale":"fi_FI","og_type":"article","og_title":"Pizzauuni FontanaForni MARGHERITA - Kodukolle","og_description":"Pizzauuni FontanaForni Margherita ei ole vain pizzauuni - valmista pizzan lis\u00e4ksi pihvej\u00e4, vihanneksia, leip\u00e4\u00e4, j\u00e4lkiruokia ja tee ruoanlaitosta monipuolista.","og_url":"https:\/\/kodukolle.ee\/fi\/tuote\/pizzauuni-fontanaforni-margherita\/","og_site_name":"Kodukolle","article_modified_time":"2023-12-28T10:55:30+00:00","og_image":[{"width":1042,"height":1219,"url":"https:\/\/kodukolle.ee\/wp-content\/uploads\/2023\/06\/102522_LIFESTYLE_45of187_fbde30a0-eab9-4f8e-ac8d-311125ef276c_1800x1800.jpg","type":"image\/jpeg"}],"twitter_card":"summary_large_image","twitter_misc":{"Est. reading time":"1 minuutti"},"schema":{"@context":"https:\/\/schema.org","@graph":[{"@type":"WebPage","@id":"https:\/\/kodukolle.ee\/fi\/tuote\/pizzauuni-fontanaforni-margherita\/","url":"https:\/\/kodukolle.ee\/fi\/tuote\/pizzauuni-fontanaforni-margherita\/","name":"Pizzauuni FontanaForni MARGHERITA - Kodukolle","isPartOf":{"@id":"https:\/\/kodukolle.ee\/en\/#website"},"primaryImageOfPage":{"@id":"https:\/\/kodukolle.ee\/fi\/tuote\/pizzauuni-fontanaforni-margherita\/#primaryimage"},"image":{"@id":"https:\/\/kodukolle.ee\/fi\/tuote\/pizzauuni-fontanaforni-margherita\/#primaryimage"},"thumbnailUrl":"https:\/\/kodukolle.ee\/wp-content\/uploads\/2023\/06\/102522_LIFESTYLE_45of187_fbde30a0-eab9-4f8e-ac8d-311125ef276c_1800x1800.jpg","datePublished":"2023-06-06T14:00:47+00:00","dateModified":"2023-12-28T10:55:30+00:00","description":"Pizzauuni FontanaForni Margherita ei ole vain pizzauuni - valmista pizzan lis\u00e4ksi pihvej\u00e4, vihanneksia, leip\u00e4\u00e4, j\u00e4lkiruokia ja tee ruoanlaitosta monipuolista.","breadcrumb":{"@id":"https:\/\/kodukolle.ee\/fi\/tuote\/pizzauuni-fontanaforni-margherita\/#breadcrumb"},"inLanguage":"fi","potentialAction":[{"@type":"ReadAction","target":["https:\/\/kodukolle.ee\/fi\/tuote\/pizzauuni-fontanaforni-margherita\/"]}]},{"@type":"ImageObject","inLanguage":"fi","@id":"https:\/\/kodukolle.ee\/fi\/tuote\/pizzauuni-fontanaforni-margherita\/#primaryimage","url":"https:\/\/kodukolle.ee\/wp-content\/uploads\/2023\/06\/102522_LIFESTYLE_45of187_fbde30a0-eab9-4f8e-ac8d-311125ef276c_1800x1800.jpg","contentUrl":"https:\/\/kodukolle.ee\/wp-content\/uploads\/2023\/06\/102522_LIFESTYLE_45of187_fbde30a0-eab9-4f8e-ac8d-311125ef276c_1800x1800.jpg","width":1042,"height":1219,"caption":"MARGHERITA"},{"@type":"BreadcrumbList","@id":"https:\/\/kodukolle.ee\/fi\/tuote\/pizzauuni-fontanaforni-margherita\/#breadcrumb","itemListElement":[{"@type":"ListItem","position":1,"name":"Home","item":"https:\/\/kodukolle.ee\/fi\/"},{"@type":"ListItem","position":2,"name":"Tuotteet","item":"https:\/\/kodukolle.ee\/fi\/tuotteet\/"},{"@type":"ListItem","position":3,"name":"Pizzauuni FontanaForni MARGHERITA"}]},{"@type":"WebSite","@id":"https:\/\/kodukolle.ee\/en\/#website","url":"https:\/\/kodukolle.ee\/en\/","name":"Kodukolle","description":"","publisher":{"@id":"https:\/\/kodukolle.ee\/en\/#organization"},"potentialAction":[{"@type":"SearchAction","target":{"@type":"EntryPoint","urlTemplate":"https:\/\/kodukolle.ee\/en\/?s={search_term_string}"},"query-input":{"@type":"PropertyValueSpecification","valueRequired":true,"valueName":"search_term_string"}}],"inLanguage":"fi"},{"@type":"Organization","@id":"https:\/\/kodukolle.ee\/en\/#organization","name":"Kodukolle","url":"https:\/\/kodukolle.ee\/en\/","logo":{"@type":"ImageObject","inLanguage":"fi","@id":"https:\/\/kodukolle.ee\/en\/#\/schema\/logo\/image\/","url":"https:\/\/kodukolle.ee\/wp-content\/uploads\/2025\/06\/logo_must_gradient.svg","contentUrl":"https:\/\/kodukolle.ee\/wp-content\/uploads\/2025\/06\/logo_must_gradient.svg","caption":"Kodukolle"},"image":{"@id":"https:\/\/kodukolle.ee\/en\/#\/schema\/logo\/image\/"}}]}},"_links":{"self":[{"href":"https:\/\/kodukolle.ee\/fi\/wp-json\/wp\/v2\/product\/26442","targetHints":{"allow":["GET"]}}],"collection":[{"href":"https:\/\/kodukolle.ee\/fi\/wp-json\/wp\/v2\/product"}],"about":[{"href":"https:\/\/kodukolle.ee\/fi\/wp-json\/wp\/v2\/types\/product"}],"wp:featuredmedia":[{"embeddable":true,"href":"https:\/\/kodukolle.ee\/fi\/wp-json\/wp\/v2\/media\/12783"}],"wp:attachment":[{"href":"https:\/\/kodukolle.ee\/fi\/wp-json\/wp\/v2\/media?parent=26442"}],"wp:term":[{"taxonomy":"product_brand","embeddable":true,"href":"https:\/\/kodukolle.ee\/fi\/wp-json\/wp\/v2\/product_brand?post=26442"},{"taxonomy":"product_cat","embeddable":true,"href":"https:\/\/kodukolle.ee\/fi\/wp-json\/wp\/v2\/product_cat?post=26442"},{"taxonomy":"product_tag","embeddable":true,"href":"https:\/\/kodukolle.ee\/fi\/wp-json\/wp\/v2\/product_tag?post=26442"}],"curies":[{"name":"wp","href":"https:\/\/api.w.org\/{rel}","templated":true}]}}