{"id":26444,"date":"2023-06-06T13:44:31","date_gmt":"2023-06-06T10:44:31","guid":{"rendered":"https:\/\/kodukolle.ee\/?post_type=product&#038;p=26444"},"modified":"2023-12-28T13:24:51","modified_gmt":"2023-12-28T11:24:51","slug":"pizzauuni-fontanaforni-mangiafuoco","status":"publish","type":"product","link":"https:\/\/kodukolle.ee\/fi\/tuote\/pizzauuni-fontanaforni-mangiafuoco\/","title":{"rendered":"Pizzauuni FontanaForni MANGIAFUOCO"},"content":{"rendered":"<p>Pizzauuni FontanaForni Mangiafuoco ei ole vain pizzauuni &#8211; valmista pizzojen lis\u00e4ksi pihvej\u00e4, vihanneksia, leip\u00e4\u00e4, j\u00e4lkiruokia ja tee ruoanlaitosta monipuolista.<\/p>\n<p>Ainutlaatuinen keittokammion muotoilu varmistaa tasaisen l\u00e4mm\u00f6n jakautumisen v\u00e4ltt\u00e4en kuumia kohtia. Uunin paistokammion mitat ovat 60\u00d780 cm, tulisija on valmistettu korkealaatuisesta tulenkest\u00e4v\u00e4st\u00e4 samottista. S\u00e4hk\u00f6sinkitty ja jauhemaalattu ulkopinta takaa maksimaalisen l\u00e4mm\u00f6n-, s\u00e4\u00e4- ja ruosteenkest\u00e4vyyden. Uunin eristys on valmistettu luonnonkivivillasta ja sen avulla l\u00e4mp\u00f6tila pysyy tehokkaammin yll\u00e4 ja ulkorakenne ei kuumene liikaa. Ruostumattomasta ter\u00e4ksest\u00e4 valmistetun pellin s\u00e4\u00e4t\u00f6 mahdollistaa tarkan l\u00e4mp\u00f6tilan s\u00e4\u00e4d\u00f6n maksimaalisen l\u00e4mm\u00f6npid\u00e4tyksen saavuttamiseksi.<\/p>\n<p>FontanaForni Mangiafuoco pizzauuni on kauniisti suunniteltu, laadukas, suorituskykyinen pizzauuni, joka on varustettu helposti siirrett\u00e4v\u00e4ll\u00e4 kest\u00e4v\u00e4ll\u00e4 ruostumattomasta ter\u00e4ksest\u00e4 tehdyll\u00e4 pohjarungolla, jossa on k\u00e4tev\u00e4 s\u00e4ilytyshylly, py\u00f6r\u00e4t ja ripustuskoukku ty\u00f6kaluille. My\u00f6s punainen s\u00e4vy on mahdollista tilata.\n<\/ul>\n<p>&nbsp;<\/p>\n","protected":false},"excerpt":{"rendered":"<p>Pizzauuni FontanaForni Mangiafuoco ei ole vain pizzauuni &#8211; valmista pizzojen lis\u00e4ksi pihvej\u00e4, vihanneksia, leip\u00e4\u00e4, j\u00e4lkiruokia ja tee ruoanlaitosta monipuolista. Ainutlaatuinen keittokammion muotoilu varmistaa tasaisen l\u00e4mm\u00f6n jakautumisen v\u00e4ltt\u00e4en kuumia kohtia. Uunin paistokammion mitat ovat 60\u00d780 cm, tulisija on valmistettu korkealaatuisesta tulenkest\u00e4v\u00e4st\u00e4 samottista. S\u00e4hk\u00f6sinkitty ja jauhemaalattu ulkopinta takaa maksimaalisen l\u00e4mm\u00f6n-, s\u00e4\u00e4- ja ruosteenkest\u00e4vyyden. Uunin eristys on valmistettu luonnonkivivillasta ja sen avulla l\u00e4mp\u00f6tila pysyy tehokkaammin yll\u00e4 ja ulkorakenne ei kuumene liikaa. Ruostumattomasta ter\u00e4ksest\u00e4 valmistetun pellin s\u00e4\u00e4t\u00f6 mahdollistaa tarkan l\u00e4mp\u00f6tilan s\u00e4\u00e4d\u00f6n maksimaalisen l\u00e4mm\u00f6npid\u00e4tyksen saavuttamiseksi. FontanaForni Mangiafuoco pizzauuni on kauniisti suunniteltu, laadukas, suorituskykyinen pizzauuni, joka on varustettu helposti siirrett\u00e4v\u00e4ll\u00e4 kest\u00e4v\u00e4ll\u00e4 ruostumattomasta ter\u00e4ksest\u00e4 tehdyll\u00e4 pohjarungolla, jossa on k\u00e4tev\u00e4 s\u00e4ilytyshylly, py\u00f6r\u00e4t ja ripustuskoukku ty\u00f6kaluille. My\u00f6s punainen s\u00e4vy on mahdollista tilata.<\/p>\n","protected":false},"featured_media":12740,"template":"","meta":{"_acf_changed":false},"product_brand":[],"product_cat":[9692,9694],"product_tag":[],"class_list":{"0":"post-26444","1":"product","2":"type-product","3":"status-publish","4":"has-post-thumbnail","6":"brands-fontana-forni-fi","7":"product_cat-kiukaat-ja-grillit","8":"product_cat-outlet-fi","10":"first","11":"instock","12":"sale","13":"shipping-taxable","14":"purchasable","15":"product-type-simple"},"acf":[],"yoast_head":"<!-- This site is optimized with the Yoast SEO plugin v27.2 - https:\/\/yoast.com\/product\/yoast-seo-wordpress\/ -->\n<title>Pizzauuni FontanaForni MANGIAFUOCO - Kodukolle<\/title>\n<meta name=\"description\" content=\"FontanaForni Mangiafuoco pizzauuni on kauniisti suunniteltu, laadukas, suorituskykyinen pizzauuni, joka on varustettu helposti siirrett\u00e4v\u00e4ll\u00e4 kest\u00e4v\u00e4ll\u00e4 ruostumattomasta ter\u00e4ksest\u00e4 tehdyll\u00e4 pohjarungolla, jossa on k\u00e4tev\u00e4 s\u00e4ilytyshylly, py\u00f6r\u00e4t ja ripustuskoukku ty\u00f6kaluille.\" \/>\n<meta name=\"robots\" content=\"index, follow, max-snippet:-1, max-image-preview:large, max-video-preview:-1\" \/>\n<link rel=\"canonical\" href=\"https:\/\/kodukolle.ee\/fi\/tuote\/pizzauuni-fontanaforni-mangiafuoco\/\" \/>\n<meta property=\"og:locale\" content=\"fi_FI\" \/>\n<meta property=\"og:type\" content=\"article\" \/>\n<meta property=\"og:title\" content=\"Pizzauuni FontanaForni MANGIAFUOCO - Kodukolle\" \/>\n<meta property=\"og:description\" content=\"FontanaForni Mangiafuoco pizzauuni on kauniisti suunniteltu, laadukas, suorituskykyinen pizzauuni, joka on varustettu helposti siirrett\u00e4v\u00e4ll\u00e4 kest\u00e4v\u00e4ll\u00e4 ruostumattomasta ter\u00e4ksest\u00e4 tehdyll\u00e4 pohjarungolla, jossa on k\u00e4tev\u00e4 s\u00e4ilytyshylly, py\u00f6r\u00e4t ja ripustuskoukku ty\u00f6kaluille.\" \/>\n<meta property=\"og:url\" content=\"https:\/\/kodukolle.ee\/fi\/tuote\/pizzauuni-fontanaforni-mangiafuoco\/\" \/>\n<meta property=\"og:site_name\" content=\"Kodukolle\" \/>\n<meta property=\"article:modified_time\" content=\"2023-12-28T11:24:51+00:00\" \/>\n<meta property=\"og:image\" content=\"https:\/\/kodukolle.ee\/wp-content\/uploads\/2023\/06\/330138448_1297597330786426_5996154980227669327_n.jpg\" \/>\n\t<meta property=\"og:image:width\" content=\"1080\" \/>\n\t<meta property=\"og:image:height\" content=\"1080\" \/>\n\t<meta property=\"og:image:type\" content=\"image\/jpeg\" \/>\n<meta name=\"twitter:card\" content=\"summary_large_image\" \/>\n<script type=\"application\/ld+json\" class=\"yoast-schema-graph\">{\"@context\":\"https:\/\/schema.org\",\"@graph\":[{\"@type\":\"WebPage\",\"@id\":\"https:\/\/kodukolle.ee\/fi\/tuote\/pizzauuni-fontanaforni-mangiafuoco\/\",\"url\":\"https:\/\/kodukolle.ee\/fi\/tuote\/pizzauuni-fontanaforni-mangiafuoco\/\",\"name\":\"Pizzauuni FontanaForni MANGIAFUOCO - Kodukolle\",\"isPartOf\":{\"@id\":\"https:\/\/kodukolle.ee\/en\/#website\"},\"primaryImageOfPage\":{\"@id\":\"https:\/\/kodukolle.ee\/fi\/tuote\/pizzauuni-fontanaforni-mangiafuoco\/#primaryimage\"},\"image\":{\"@id\":\"https:\/\/kodukolle.ee\/fi\/tuote\/pizzauuni-fontanaforni-mangiafuoco\/#primaryimage\"},\"thumbnailUrl\":\"https:\/\/kodukolle.ee\/wp-content\/uploads\/2023\/06\/330138448_1297597330786426_5996154980227669327_n.jpg\",\"datePublished\":\"2023-06-06T10:44:31+00:00\",\"dateModified\":\"2023-12-28T11:24:51+00:00\",\"description\":\"FontanaForni Mangiafuoco pizzauuni on kauniisti suunniteltu, laadukas, suorituskykyinen pizzauuni, joka on varustettu helposti siirrett\u00e4v\u00e4ll\u00e4 kest\u00e4v\u00e4ll\u00e4 ruostumattomasta ter\u00e4ksest\u00e4 tehdyll\u00e4 pohjarungolla, jossa on k\u00e4tev\u00e4 s\u00e4ilytyshylly, py\u00f6r\u00e4t ja ripustuskoukku ty\u00f6kaluille.\",\"breadcrumb\":{\"@id\":\"https:\/\/kodukolle.ee\/fi\/tuote\/pizzauuni-fontanaforni-mangiafuoco\/#breadcrumb\"},\"inLanguage\":\"fi\",\"potentialAction\":[{\"@type\":\"ReadAction\",\"target\":[\"https:\/\/kodukolle.ee\/fi\/tuote\/pizzauuni-fontanaforni-mangiafuoco\/\"]}]},{\"@type\":\"ImageObject\",\"inLanguage\":\"fi\",\"@id\":\"https:\/\/kodukolle.ee\/fi\/tuote\/pizzauuni-fontanaforni-mangiafuoco\/#primaryimage\",\"url\":\"https:\/\/kodukolle.ee\/wp-content\/uploads\/2023\/06\/330138448_1297597330786426_5996154980227669327_n.jpg\",\"contentUrl\":\"https:\/\/kodukolle.ee\/wp-content\/uploads\/2023\/06\/330138448_1297597330786426_5996154980227669327_n.jpg\",\"width\":1080,\"height\":1080,\"caption\":\"MANGIAFUOCO\"},{\"@type\":\"BreadcrumbList\",\"@id\":\"https:\/\/kodukolle.ee\/fi\/tuote\/pizzauuni-fontanaforni-mangiafuoco\/#breadcrumb\",\"itemListElement\":[{\"@type\":\"ListItem\",\"position\":1,\"name\":\"Home\",\"item\":\"https:\/\/kodukolle.ee\/fi\/\"},{\"@type\":\"ListItem\",\"position\":2,\"name\":\"Tuotteet\",\"item\":\"https:\/\/kodukolle.ee\/fi\/tuotteet\/\"},{\"@type\":\"ListItem\",\"position\":3,\"name\":\"Pizzauuni FontanaForni MANGIAFUOCO\"}]},{\"@type\":\"WebSite\",\"@id\":\"https:\/\/kodukolle.ee\/en\/#website\",\"url\":\"https:\/\/kodukolle.ee\/en\/\",\"name\":\"Kodukolle\",\"description\":\"\",\"publisher\":{\"@id\":\"https:\/\/kodukolle.ee\/en\/#organization\"},\"potentialAction\":[{\"@type\":\"SearchAction\",\"target\":{\"@type\":\"EntryPoint\",\"urlTemplate\":\"https:\/\/kodukolle.ee\/en\/?s={search_term_string}\"},\"query-input\":{\"@type\":\"PropertyValueSpecification\",\"valueRequired\":true,\"valueName\":\"search_term_string\"}}],\"inLanguage\":\"fi\"},{\"@type\":\"Organization\",\"@id\":\"https:\/\/kodukolle.ee\/en\/#organization\",\"name\":\"Kodukolle\",\"url\":\"https:\/\/kodukolle.ee\/en\/\",\"logo\":{\"@type\":\"ImageObject\",\"inLanguage\":\"fi\",\"@id\":\"https:\/\/kodukolle.ee\/en\/#\/schema\/logo\/image\/\",\"url\":\"https:\/\/kodukolle.ee\/wp-content\/uploads\/2025\/06\/logo_must_gradient.svg\",\"contentUrl\":\"https:\/\/kodukolle.ee\/wp-content\/uploads\/2025\/06\/logo_must_gradient.svg\",\"caption\":\"Kodukolle\"},\"image\":{\"@id\":\"https:\/\/kodukolle.ee\/en\/#\/schema\/logo\/image\/\"}}]}<\/script>\n<!-- \/ Yoast SEO plugin. -->","yoast_head_json":{"title":"Pizzauuni FontanaForni MANGIAFUOCO - Kodukolle","description":"FontanaForni Mangiafuoco pizzauuni on kauniisti suunniteltu, laadukas, suorituskykyinen pizzauuni, joka on varustettu helposti siirrett\u00e4v\u00e4ll\u00e4 kest\u00e4v\u00e4ll\u00e4 ruostumattomasta ter\u00e4ksest\u00e4 tehdyll\u00e4 pohjarungolla, jossa on k\u00e4tev\u00e4 s\u00e4ilytyshylly, py\u00f6r\u00e4t ja ripustuskoukku ty\u00f6kaluille.","robots":{"index":"index","follow":"follow","max-snippet":"max-snippet:-1","max-image-preview":"max-image-preview:large","max-video-preview":"max-video-preview:-1"},"canonical":"https:\/\/kodukolle.ee\/fi\/tuote\/pizzauuni-fontanaforni-mangiafuoco\/","og_locale":"fi_FI","og_type":"article","og_title":"Pizzauuni FontanaForni MANGIAFUOCO - Kodukolle","og_description":"FontanaForni Mangiafuoco pizzauuni on kauniisti suunniteltu, laadukas, suorituskykyinen pizzauuni, joka on varustettu helposti siirrett\u00e4v\u00e4ll\u00e4 kest\u00e4v\u00e4ll\u00e4 ruostumattomasta ter\u00e4ksest\u00e4 tehdyll\u00e4 pohjarungolla, jossa on k\u00e4tev\u00e4 s\u00e4ilytyshylly, py\u00f6r\u00e4t ja ripustuskoukku ty\u00f6kaluille.","og_url":"https:\/\/kodukolle.ee\/fi\/tuote\/pizzauuni-fontanaforni-mangiafuoco\/","og_site_name":"Kodukolle","article_modified_time":"2023-12-28T11:24:51+00:00","og_image":[{"width":1080,"height":1080,"url":"https:\/\/kodukolle.ee\/wp-content\/uploads\/2023\/06\/330138448_1297597330786426_5996154980227669327_n.jpg","type":"image\/jpeg"}],"twitter_card":"summary_large_image","schema":{"@context":"https:\/\/schema.org","@graph":[{"@type":"WebPage","@id":"https:\/\/kodukolle.ee\/fi\/tuote\/pizzauuni-fontanaforni-mangiafuoco\/","url":"https:\/\/kodukolle.ee\/fi\/tuote\/pizzauuni-fontanaforni-mangiafuoco\/","name":"Pizzauuni FontanaForni MANGIAFUOCO - Kodukolle","isPartOf":{"@id":"https:\/\/kodukolle.ee\/en\/#website"},"primaryImageOfPage":{"@id":"https:\/\/kodukolle.ee\/fi\/tuote\/pizzauuni-fontanaforni-mangiafuoco\/#primaryimage"},"image":{"@id":"https:\/\/kodukolle.ee\/fi\/tuote\/pizzauuni-fontanaforni-mangiafuoco\/#primaryimage"},"thumbnailUrl":"https:\/\/kodukolle.ee\/wp-content\/uploads\/2023\/06\/330138448_1297597330786426_5996154980227669327_n.jpg","datePublished":"2023-06-06T10:44:31+00:00","dateModified":"2023-12-28T11:24:51+00:00","description":"FontanaForni Mangiafuoco pizzauuni on kauniisti suunniteltu, laadukas, suorituskykyinen pizzauuni, joka on varustettu helposti siirrett\u00e4v\u00e4ll\u00e4 kest\u00e4v\u00e4ll\u00e4 ruostumattomasta ter\u00e4ksest\u00e4 tehdyll\u00e4 pohjarungolla, jossa on k\u00e4tev\u00e4 s\u00e4ilytyshylly, py\u00f6r\u00e4t ja ripustuskoukku ty\u00f6kaluille.","breadcrumb":{"@id":"https:\/\/kodukolle.ee\/fi\/tuote\/pizzauuni-fontanaforni-mangiafuoco\/#breadcrumb"},"inLanguage":"fi","potentialAction":[{"@type":"ReadAction","target":["https:\/\/kodukolle.ee\/fi\/tuote\/pizzauuni-fontanaforni-mangiafuoco\/"]}]},{"@type":"ImageObject","inLanguage":"fi","@id":"https:\/\/kodukolle.ee\/fi\/tuote\/pizzauuni-fontanaforni-mangiafuoco\/#primaryimage","url":"https:\/\/kodukolle.ee\/wp-content\/uploads\/2023\/06\/330138448_1297597330786426_5996154980227669327_n.jpg","contentUrl":"https:\/\/kodukolle.ee\/wp-content\/uploads\/2023\/06\/330138448_1297597330786426_5996154980227669327_n.jpg","width":1080,"height":1080,"caption":"MANGIAFUOCO"},{"@type":"BreadcrumbList","@id":"https:\/\/kodukolle.ee\/fi\/tuote\/pizzauuni-fontanaforni-mangiafuoco\/#breadcrumb","itemListElement":[{"@type":"ListItem","position":1,"name":"Home","item":"https:\/\/kodukolle.ee\/fi\/"},{"@type":"ListItem","position":2,"name":"Tuotteet","item":"https:\/\/kodukolle.ee\/fi\/tuotteet\/"},{"@type":"ListItem","position":3,"name":"Pizzauuni FontanaForni MANGIAFUOCO"}]},{"@type":"WebSite","@id":"https:\/\/kodukolle.ee\/en\/#website","url":"https:\/\/kodukolle.ee\/en\/","name":"Kodukolle","description":"","publisher":{"@id":"https:\/\/kodukolle.ee\/en\/#organization"},"potentialAction":[{"@type":"SearchAction","target":{"@type":"EntryPoint","urlTemplate":"https:\/\/kodukolle.ee\/en\/?s={search_term_string}"},"query-input":{"@type":"PropertyValueSpecification","valueRequired":true,"valueName":"search_term_string"}}],"inLanguage":"fi"},{"@type":"Organization","@id":"https:\/\/kodukolle.ee\/en\/#organization","name":"Kodukolle","url":"https:\/\/kodukolle.ee\/en\/","logo":{"@type":"ImageObject","inLanguage":"fi","@id":"https:\/\/kodukolle.ee\/en\/#\/schema\/logo\/image\/","url":"https:\/\/kodukolle.ee\/wp-content\/uploads\/2025\/06\/logo_must_gradient.svg","contentUrl":"https:\/\/kodukolle.ee\/wp-content\/uploads\/2025\/06\/logo_must_gradient.svg","caption":"Kodukolle"},"image":{"@id":"https:\/\/kodukolle.ee\/en\/#\/schema\/logo\/image\/"}}]}},"_links":{"self":[{"href":"https:\/\/kodukolle.ee\/fi\/wp-json\/wp\/v2\/product\/26444","targetHints":{"allow":["GET"]}}],"collection":[{"href":"https:\/\/kodukolle.ee\/fi\/wp-json\/wp\/v2\/product"}],"about":[{"href":"https:\/\/kodukolle.ee\/fi\/wp-json\/wp\/v2\/types\/product"}],"wp:featuredmedia":[{"embeddable":true,"href":"https:\/\/kodukolle.ee\/fi\/wp-json\/wp\/v2\/media\/12740"}],"wp:attachment":[{"href":"https:\/\/kodukolle.ee\/fi\/wp-json\/wp\/v2\/media?parent=26444"}],"wp:term":[{"taxonomy":"product_brand","embeddable":true,"href":"https:\/\/kodukolle.ee\/fi\/wp-json\/wp\/v2\/product_brand?post=26444"},{"taxonomy":"product_cat","embeddable":true,"href":"https:\/\/kodukolle.ee\/fi\/wp-json\/wp\/v2\/product_cat?post=26444"},{"taxonomy":"product_tag","embeddable":true,"href":"https:\/\/kodukolle.ee\/fi\/wp-json\/wp\/v2\/product_tag?post=26444"}],"curies":[{"name":"wp","href":"https:\/\/api.w.org\/{rel}","templated":true}]}}