{"id":26576,"date":"2023-06-15T12:23:25","date_gmt":"2023-06-15T09:23:25","guid":{"rendered":"https:\/\/kodukolle.ee\/?post_type=product&#038;p=26576"},"modified":"2024-01-17T11:29:13","modified_gmt":"2024-01-17T09:29:13","slug":"ulkotulisija-cook-king-verona","status":"publish","type":"product","link":"https:\/\/kodukolle.ee\/fi\/tuote\/ulkotulisija-cook-king-verona\/","title":{"rendered":"Ulkotulisija Cook King VERONA"},"content":{"rendered":"<p>Viilein\u00e4 p\u00e4ivin\u00e4 ja iltoina ajanvietto raittiissa ilmassa on ehdottomasti viel\u00e4kin miellytt\u00e4v\u00e4mp\u00e4\u00e4 Veronan Cook King -ulkotulisijan ansiosta. Tulisijan voidaan k\u00e4ytt\u00e4\u00e4 ymp\u00e4ri vuoden tuomaan l\u00e4mp\u00f6\u00e4 ja tunnelmaa ajanviettoon perheen ja yst\u00e4vien kanssa. Tukeva tulisija on valmistettu paksuista ja leveist\u00e4 ter\u00e4stangoista, jotka on hitsattu yhteen muodostamaan yksi massiivinen rakenne. Tulisijan mahtuu suuri m\u00e4\u00e4r\u00e4 puuta ja se valaisee mink\u00e4 tahansa alueen pime\u00e4ss\u00e4. Tuote sopii erinomaisesti terassi- tai puutarhavalaistukseen. Kun teet tulen tulisijan, n\u00e4et ainutlaatuisen ja j\u00e4ljittelem\u00e4tt\u00f6m\u00e4n tulen hehkun tulisijan avoimesta rakenteesta. Sen moderni muotoilu sopii kaikkiin ymp\u00e4rist\u00f6ihin ja on tyylik\u00e4s koriste jokaiseen puutarhaan. Kiinteiden kantokahvojen ansiosta tulisija voidaan helposti siirt\u00e4\u00e4 paikasta toiseen ennen k\u00e4ytt\u00f6\u00e4. Tulisijat on valmistettu raakater\u00e4ksest\u00e4, joten niiden v\u00e4ri saattaa poiketa kuvissa n\u00e4kyv\u00e4st\u00e4. T\u00e4m\u00e4 on ter\u00e4ksen luonnollinen ominaisuus, eik\u00e4 sill\u00e4 ole kielteist\u00e4 vaikutusta tuotteen toimivuuteen tai vakauteen.<\/p>\n<p>Saatavana halkaisija: 60 cm.<\/p>\n<p><strong>Saatavana lis\u00e4varusteena<\/strong><\/p>\n<ul>\n<li>Grilliritil\u00e4t<\/li>\n<li>Ulkotulisijan alusta<\/li>\n<li>Hiilihanko<\/li>\n<\/ul>\n<p>&nbsp;<\/p>\n","protected":false},"excerpt":{"rendered":"<p>Viilein\u00e4 p\u00e4ivin\u00e4 ja iltoina ajanvietto raittiissa ilmassa on ehdottomasti viel\u00e4kin miellytt\u00e4v\u00e4mp\u00e4\u00e4 Veronan Cook King -ulkotulisijan ansiosta. Tulisijan voidaan k\u00e4ytt\u00e4\u00e4 ymp\u00e4ri vuoden tuomaan l\u00e4mp\u00f6\u00e4 ja tunnelmaa ajanviettoon perheen ja yst\u00e4vien kanssa. Tukeva tulisija on valmistettu paksuista ja leveist\u00e4 ter\u00e4stangoista, jotka on hitsattu yhteen muodostamaan yksi massiivinen rakenne. <\/p>\n","protected":false},"featured_media":13413,"template":"","meta":{"_acf_changed":false},"product_brand":[],"product_cat":[9692],"product_tag":[],"class_list":{"0":"post-26576","1":"product","2":"type-product","3":"status-publish","4":"has-post-thumbnail","6":"brands-cook-king-fi","7":"product_cat-kiukaat-ja-grillit","9":"first","10":"instock","11":"shipping-taxable","12":"product-type-simple"},"acf":[],"yoast_head":"<!-- This site is optimized with the Yoast SEO plugin v27.2 - https:\/\/yoast.com\/product\/yoast-seo-wordpress\/ -->\n<title>Ulkotulisija Cook King VERONA - Kodukolle<\/title>\n<meta name=\"description\" content=\"Viilein\u00e4 p\u00e4ivin\u00e4 ja iltoina ajanvietto raittiissa ilmassa on ehdottomasti viel\u00e4kin miellytt\u00e4v\u00e4mp\u00e4\u00e4 Veronan Cook King -ulkotulisijan ansiosta.\" \/>\n<meta name=\"robots\" content=\"index, follow, max-snippet:-1, max-image-preview:large, max-video-preview:-1\" \/>\n<link rel=\"canonical\" href=\"https:\/\/kodukolle.ee\/fi\/tuote\/ulkotulisija-cook-king-verona\/\" \/>\n<meta property=\"og:locale\" content=\"fi_FI\" \/>\n<meta property=\"og:type\" content=\"article\" \/>\n<meta property=\"og:title\" content=\"Ulkotulisija Cook King VERONA - Kodukolle\" \/>\n<meta property=\"og:description\" content=\"Viilein\u00e4 p\u00e4ivin\u00e4 ja iltoina ajanvietto raittiissa ilmassa on ehdottomasti viel\u00e4kin miellytt\u00e4v\u00e4mp\u00e4\u00e4 Veronan Cook King -ulkotulisijan ansiosta.\" \/>\n<meta property=\"og:url\" content=\"https:\/\/kodukolle.ee\/fi\/tuote\/ulkotulisija-cook-king-verona\/\" \/>\n<meta property=\"og:site_name\" content=\"Kodukolle\" \/>\n<meta property=\"article:modified_time\" content=\"2024-01-17T09:29:13+00:00\" \/>\n<meta property=\"og:image\" content=\"https:\/\/kodukolle.ee\/wp-content\/uploads\/2023\/06\/Verona-2000x1333-1.jpg\" \/>\n\t<meta property=\"og:image:width\" content=\"2000\" \/>\n\t<meta property=\"og:image:height\" content=\"1333\" \/>\n\t<meta property=\"og:image:type\" content=\"image\/jpeg\" \/>\n<meta name=\"twitter:card\" content=\"summary_large_image\" \/>\n<meta name=\"twitter:label1\" content=\"Est. reading time\" \/>\n\t<meta name=\"twitter:data1\" content=\"1 minuutti\" \/>\n<script type=\"application\/ld+json\" class=\"yoast-schema-graph\">{\"@context\":\"https:\/\/schema.org\",\"@graph\":[{\"@type\":\"WebPage\",\"@id\":\"https:\/\/kodukolle.ee\/fi\/tuote\/ulkotulisija-cook-king-verona\/\",\"url\":\"https:\/\/kodukolle.ee\/fi\/tuote\/ulkotulisija-cook-king-verona\/\",\"name\":\"Ulkotulisija Cook King VERONA - Kodukolle\",\"isPartOf\":{\"@id\":\"https:\/\/kodukolle.ee\/en\/#website\"},\"primaryImageOfPage\":{\"@id\":\"https:\/\/kodukolle.ee\/fi\/tuote\/ulkotulisija-cook-king-verona\/#primaryimage\"},\"image\":{\"@id\":\"https:\/\/kodukolle.ee\/fi\/tuote\/ulkotulisija-cook-king-verona\/#primaryimage\"},\"thumbnailUrl\":\"https:\/\/kodukolle.ee\/wp-content\/uploads\/2023\/06\/Verona-2000x1333-1.jpg\",\"datePublished\":\"2023-06-15T09:23:25+00:00\",\"dateModified\":\"2024-01-17T09:29:13+00:00\",\"description\":\"Viilein\u00e4 p\u00e4ivin\u00e4 ja iltoina ajanvietto raittiissa ilmassa on ehdottomasti viel\u00e4kin miellytt\u00e4v\u00e4mp\u00e4\u00e4 Veronan Cook King -ulkotulisijan ansiosta.\",\"breadcrumb\":{\"@id\":\"https:\/\/kodukolle.ee\/fi\/tuote\/ulkotulisija-cook-king-verona\/#breadcrumb\"},\"inLanguage\":\"fi\",\"potentialAction\":[{\"@type\":\"ReadAction\",\"target\":[\"https:\/\/kodukolle.ee\/fi\/tuote\/ulkotulisija-cook-king-verona\/\"]}]},{\"@type\":\"ImageObject\",\"inLanguage\":\"fi\",\"@id\":\"https:\/\/kodukolle.ee\/fi\/tuote\/ulkotulisija-cook-king-verona\/#primaryimage\",\"url\":\"https:\/\/kodukolle.ee\/wp-content\/uploads\/2023\/06\/Verona-2000x1333-1.jpg\",\"contentUrl\":\"https:\/\/kodukolle.ee\/wp-content\/uploads\/2023\/06\/Verona-2000x1333-1.jpg\",\"width\":2000,\"height\":1333,\"caption\":\"Verona\"},{\"@type\":\"BreadcrumbList\",\"@id\":\"https:\/\/kodukolle.ee\/fi\/tuote\/ulkotulisija-cook-king-verona\/#breadcrumb\",\"itemListElement\":[{\"@type\":\"ListItem\",\"position\":1,\"name\":\"Home\",\"item\":\"https:\/\/kodukolle.ee\/fi\/\"},{\"@type\":\"ListItem\",\"position\":2,\"name\":\"Tuotteet\",\"item\":\"https:\/\/kodukolle.ee\/fi\/tuotteet\/\"},{\"@type\":\"ListItem\",\"position\":3,\"name\":\"Ulkotulisija Cook King VERONA\"}]},{\"@type\":\"WebSite\",\"@id\":\"https:\/\/kodukolle.ee\/en\/#website\",\"url\":\"https:\/\/kodukolle.ee\/en\/\",\"name\":\"Kodukolle\",\"description\":\"\",\"publisher\":{\"@id\":\"https:\/\/kodukolle.ee\/en\/#organization\"},\"potentialAction\":[{\"@type\":\"SearchAction\",\"target\":{\"@type\":\"EntryPoint\",\"urlTemplate\":\"https:\/\/kodukolle.ee\/en\/?s={search_term_string}\"},\"query-input\":{\"@type\":\"PropertyValueSpecification\",\"valueRequired\":true,\"valueName\":\"search_term_string\"}}],\"inLanguage\":\"fi\"},{\"@type\":\"Organization\",\"@id\":\"https:\/\/kodukolle.ee\/en\/#organization\",\"name\":\"Kodukolle\",\"url\":\"https:\/\/kodukolle.ee\/en\/\",\"logo\":{\"@type\":\"ImageObject\",\"inLanguage\":\"fi\",\"@id\":\"https:\/\/kodukolle.ee\/en\/#\/schema\/logo\/image\/\",\"url\":\"https:\/\/kodukolle.ee\/wp-content\/uploads\/2025\/06\/logo_must_gradient.svg\",\"contentUrl\":\"https:\/\/kodukolle.ee\/wp-content\/uploads\/2025\/06\/logo_must_gradient.svg\",\"caption\":\"Kodukolle\"},\"image\":{\"@id\":\"https:\/\/kodukolle.ee\/en\/#\/schema\/logo\/image\/\"}}]}<\/script>\n<!-- \/ Yoast SEO plugin. -->","yoast_head_json":{"title":"Ulkotulisija Cook King VERONA - Kodukolle","description":"Viilein\u00e4 p\u00e4ivin\u00e4 ja iltoina ajanvietto raittiissa ilmassa on ehdottomasti viel\u00e4kin miellytt\u00e4v\u00e4mp\u00e4\u00e4 Veronan Cook King -ulkotulisijan ansiosta.","robots":{"index":"index","follow":"follow","max-snippet":"max-snippet:-1","max-image-preview":"max-image-preview:large","max-video-preview":"max-video-preview:-1"},"canonical":"https:\/\/kodukolle.ee\/fi\/tuote\/ulkotulisija-cook-king-verona\/","og_locale":"fi_FI","og_type":"article","og_title":"Ulkotulisija Cook King VERONA - Kodukolle","og_description":"Viilein\u00e4 p\u00e4ivin\u00e4 ja iltoina ajanvietto raittiissa ilmassa on ehdottomasti viel\u00e4kin miellytt\u00e4v\u00e4mp\u00e4\u00e4 Veronan Cook King -ulkotulisijan ansiosta.","og_url":"https:\/\/kodukolle.ee\/fi\/tuote\/ulkotulisija-cook-king-verona\/","og_site_name":"Kodukolle","article_modified_time":"2024-01-17T09:29:13+00:00","og_image":[{"width":2000,"height":1333,"url":"https:\/\/kodukolle.ee\/wp-content\/uploads\/2023\/06\/Verona-2000x1333-1.jpg","type":"image\/jpeg"}],"twitter_card":"summary_large_image","twitter_misc":{"Est. reading time":"1 minuutti"},"schema":{"@context":"https:\/\/schema.org","@graph":[{"@type":"WebPage","@id":"https:\/\/kodukolle.ee\/fi\/tuote\/ulkotulisija-cook-king-verona\/","url":"https:\/\/kodukolle.ee\/fi\/tuote\/ulkotulisija-cook-king-verona\/","name":"Ulkotulisija Cook King VERONA - Kodukolle","isPartOf":{"@id":"https:\/\/kodukolle.ee\/en\/#website"},"primaryImageOfPage":{"@id":"https:\/\/kodukolle.ee\/fi\/tuote\/ulkotulisija-cook-king-verona\/#primaryimage"},"image":{"@id":"https:\/\/kodukolle.ee\/fi\/tuote\/ulkotulisija-cook-king-verona\/#primaryimage"},"thumbnailUrl":"https:\/\/kodukolle.ee\/wp-content\/uploads\/2023\/06\/Verona-2000x1333-1.jpg","datePublished":"2023-06-15T09:23:25+00:00","dateModified":"2024-01-17T09:29:13+00:00","description":"Viilein\u00e4 p\u00e4ivin\u00e4 ja iltoina ajanvietto raittiissa ilmassa on ehdottomasti viel\u00e4kin miellytt\u00e4v\u00e4mp\u00e4\u00e4 Veronan Cook King -ulkotulisijan ansiosta.","breadcrumb":{"@id":"https:\/\/kodukolle.ee\/fi\/tuote\/ulkotulisija-cook-king-verona\/#breadcrumb"},"inLanguage":"fi","potentialAction":[{"@type":"ReadAction","target":["https:\/\/kodukolle.ee\/fi\/tuote\/ulkotulisija-cook-king-verona\/"]}]},{"@type":"ImageObject","inLanguage":"fi","@id":"https:\/\/kodukolle.ee\/fi\/tuote\/ulkotulisija-cook-king-verona\/#primaryimage","url":"https:\/\/kodukolle.ee\/wp-content\/uploads\/2023\/06\/Verona-2000x1333-1.jpg","contentUrl":"https:\/\/kodukolle.ee\/wp-content\/uploads\/2023\/06\/Verona-2000x1333-1.jpg","width":2000,"height":1333,"caption":"Verona"},{"@type":"BreadcrumbList","@id":"https:\/\/kodukolle.ee\/fi\/tuote\/ulkotulisija-cook-king-verona\/#breadcrumb","itemListElement":[{"@type":"ListItem","position":1,"name":"Home","item":"https:\/\/kodukolle.ee\/fi\/"},{"@type":"ListItem","position":2,"name":"Tuotteet","item":"https:\/\/kodukolle.ee\/fi\/tuotteet\/"},{"@type":"ListItem","position":3,"name":"Ulkotulisija Cook King VERONA"}]},{"@type":"WebSite","@id":"https:\/\/kodukolle.ee\/en\/#website","url":"https:\/\/kodukolle.ee\/en\/","name":"Kodukolle","description":"","publisher":{"@id":"https:\/\/kodukolle.ee\/en\/#organization"},"potentialAction":[{"@type":"SearchAction","target":{"@type":"EntryPoint","urlTemplate":"https:\/\/kodukolle.ee\/en\/?s={search_term_string}"},"query-input":{"@type":"PropertyValueSpecification","valueRequired":true,"valueName":"search_term_string"}}],"inLanguage":"fi"},{"@type":"Organization","@id":"https:\/\/kodukolle.ee\/en\/#organization","name":"Kodukolle","url":"https:\/\/kodukolle.ee\/en\/","logo":{"@type":"ImageObject","inLanguage":"fi","@id":"https:\/\/kodukolle.ee\/en\/#\/schema\/logo\/image\/","url":"https:\/\/kodukolle.ee\/wp-content\/uploads\/2025\/06\/logo_must_gradient.svg","contentUrl":"https:\/\/kodukolle.ee\/wp-content\/uploads\/2025\/06\/logo_must_gradient.svg","caption":"Kodukolle"},"image":{"@id":"https:\/\/kodukolle.ee\/en\/#\/schema\/logo\/image\/"}}]}},"_links":{"self":[{"href":"https:\/\/kodukolle.ee\/fi\/wp-json\/wp\/v2\/product\/26576","targetHints":{"allow":["GET"]}}],"collection":[{"href":"https:\/\/kodukolle.ee\/fi\/wp-json\/wp\/v2\/product"}],"about":[{"href":"https:\/\/kodukolle.ee\/fi\/wp-json\/wp\/v2\/types\/product"}],"wp:featuredmedia":[{"embeddable":true,"href":"https:\/\/kodukolle.ee\/fi\/wp-json\/wp\/v2\/media\/13413"}],"wp:attachment":[{"href":"https:\/\/kodukolle.ee\/fi\/wp-json\/wp\/v2\/media?parent=26576"}],"wp:term":[{"taxonomy":"product_brand","embeddable":true,"href":"https:\/\/kodukolle.ee\/fi\/wp-json\/wp\/v2\/product_brand?post=26576"},{"taxonomy":"product_cat","embeddable":true,"href":"https:\/\/kodukolle.ee\/fi\/wp-json\/wp\/v2\/product_cat?post=26576"},{"taxonomy":"product_tag","embeddable":true,"href":"https:\/\/kodukolle.ee\/fi\/wp-json\/wp\/v2\/product_tag?post=26576"}],"curies":[{"name":"wp","href":"https:\/\/api.w.org\/{rel}","templated":true}]}}