{"id":26647,"date":"2024-01-10T10:15:11","date_gmt":"2024-01-10T08:15:11","guid":{"rendered":"https:\/\/kodukolle.ee\/?post_type=product&#038;p=26647"},"modified":"2024-01-16T09:14:10","modified_gmt":"2024-01-16T07:14:10","slug":"takka-ll-calor-ll-15d","status":"publish","type":"product","link":"https:\/\/kodukolle.ee\/fi\/tuote\/takka-ll-calor-ll-15d\/","title":{"rendered":"Takka LL Calor LL-15D"},"content":{"rendered":"<p><strong>Takka LL Calor LL-15D &#8211; moderni ja toimiva.<\/strong><\/p>\n<p>Espanjassa valmistettu LL Calor LL-15D ter\u00e4stakka kolmipuolisella lasilla on moderni ja toimiva ratkaisu nykyaikaiseen sisustukseen. Sen puhtaat ja yksinkertaiset linjat sek\u00e4 korkealaatuiset materiaalit eiv\u00e4t ainoastaan lis\u00e4\u00e4 sen koristeellista vieh\u00e4tyst\u00e4, vaan tekev\u00e4t siit\u00e4 my\u00f6s luotettavan ja pitk\u00e4kestoisen l\u00e4mm\u00f6n ja mukavuuden l\u00e4hteen. LL Calor tulisijat on valmistettu huippulaadukkaasta ter\u00e4ksest\u00e4, pinnoitettu kuumuutta kest\u00e4v\u00e4ll\u00e4 jauhemaalilla. Takka on varustettu vitrokeraamisella lasilla, joka on suunniteltu kest\u00e4m\u00e4\u00e4n jopa 750 \u00baC l\u00e4mp\u00f6tiloja. LL Calor tulisijoissa on toissijainen polttoj\u00e4rjestelm\u00e4, joka parantaa palamistehokkuutta ja v\u00e4hent\u00e4\u00e4 puun kulutusta. &#8221;Clean glass&#8221; -j\u00e4rjestelm\u00e4n ansiosta lasi pysyy kirkkaana pitk\u00e4\u00e4n. Tarkka ilman annostelu ja pitkittynyt palaminen varmistetaan prim\u00e4\u00e4ri- ja toisioilman erilliss\u00e4\u00e4d\u00f6ll\u00e4. Takan polttokammio on vuorattu kevyill\u00e4 vermikuliittipaneeleilla, ja siin\u00e4 on tyylik\u00e4s ja eritt\u00e4in mukava kahva, joka helpottaa k\u00e4ytt\u00f6\u00e4.\n<\/ul>\n<p>&nbsp;<\/p>\n","protected":false},"excerpt":{"rendered":"<p>Espanjassa valmistettu LL Calor LL-15D ter\u00e4stakka kolmipuolisella lasilla on moderni ja toimiva ratkaisu nykyaikaiseen sisustukseen. Sen puhtaat ja yksinkertaiset linjat sek\u00e4 korkealaatuiset materiaalit eiv\u00e4t ainoastaan lis\u00e4\u00e4 sen koristeellista vieh\u00e4tyst\u00e4, vaan tekev\u00e4t siit\u00e4 my\u00f6s luotettavan ja pitk\u00e4kestoisen l\u00e4mm\u00f6n ja mukavuuden l\u00e4hteen. LL Calor tulisijat on valmistettu huippulaadukkaasta ter\u00e4ksest\u00e4, pinnoitettu kuumuutta kest\u00e4v\u00e4ll\u00e4 jauhemaalilla. Takka on varustettu vitrokeraamisella lasilla, joka on suunniteltu kest\u00e4m\u00e4\u00e4n jopa 750 \u00baC l\u00e4mp\u00f6tiloja.<\/p>\n","protected":false},"featured_media":26655,"template":"","meta":{"_acf_changed":false},"product_brand":[],"product_cat":[9620],"product_tag":[],"class_list":{"0":"post-26647","1":"product","2":"type-product","3":"status-publish","4":"has-post-thumbnail","6":"brands-ll-calor-fi","7":"product_cat-takat","9":"first","10":"instock","11":"shipping-taxable","12":"purchasable","13":"product-type-simple"},"acf":[],"yoast_head":"<!-- This site is optimized with the Yoast SEO plugin v27.2 - https:\/\/yoast.com\/product\/yoast-seo-wordpress\/ -->\n<title>Takka LL Calor LL-15D - Kodukolle<\/title>\n<meta name=\"description\" content=\"LL Calor LL-15D takat on valmistettu huippulaadukkaasta ter\u00e4ksest\u00e4, pinnoitettu kuumuutta kest\u00e4v\u00e4ll\u00e4 jauhemaalilla.\" \/>\n<meta name=\"robots\" content=\"index, follow, max-snippet:-1, max-image-preview:large, max-video-preview:-1\" \/>\n<link rel=\"canonical\" href=\"https:\/\/kodukolle.ee\/fi\/tuote\/takka-ll-calor-ll-15d\/\" \/>\n<meta property=\"og:locale\" content=\"fi_FI\" \/>\n<meta property=\"og:type\" content=\"article\" \/>\n<meta property=\"og:title\" content=\"Takka LL Calor LL-15D - Kodukolle\" \/>\n<meta property=\"og:description\" content=\"LL Calor LL-15D takat on valmistettu huippulaadukkaasta ter\u00e4ksest\u00e4, pinnoitettu kuumuutta kest\u00e4v\u00e4ll\u00e4 jauhemaalilla.\" \/>\n<meta property=\"og:url\" content=\"https:\/\/kodukolle.ee\/fi\/tuote\/takka-ll-calor-ll-15d\/\" \/>\n<meta property=\"og:site_name\" content=\"Kodukolle\" \/>\n<meta property=\"article:modified_time\" content=\"2024-01-16T07:14:10+00:00\" \/>\n<meta property=\"og:image\" content=\"https:\/\/kodukolle.ee\/wp-content\/uploads\/2024\/01\/Calor-LL-15D_int.jpg\" \/>\n\t<meta property=\"og:image:width\" content=\"1484\" \/>\n\t<meta property=\"og:image:height\" content=\"1587\" \/>\n\t<meta property=\"og:image:type\" content=\"image\/jpeg\" \/>\n<meta name=\"twitter:card\" content=\"summary_large_image\" \/>\n<meta name=\"twitter:label1\" content=\"Est. reading time\" \/>\n\t<meta name=\"twitter:data1\" content=\"1 minuutti\" \/>\n<script type=\"application\/ld+json\" class=\"yoast-schema-graph\">{\"@context\":\"https:\/\/schema.org\",\"@graph\":[{\"@type\":\"WebPage\",\"@id\":\"https:\/\/kodukolle.ee\/fi\/tuote\/takka-ll-calor-ll-15d\/\",\"url\":\"https:\/\/kodukolle.ee\/fi\/tuote\/takka-ll-calor-ll-15d\/\",\"name\":\"Takka LL Calor LL-15D - Kodukolle\",\"isPartOf\":{\"@id\":\"https:\/\/kodukolle.ee\/en\/#website\"},\"primaryImageOfPage\":{\"@id\":\"https:\/\/kodukolle.ee\/fi\/tuote\/takka-ll-calor-ll-15d\/#primaryimage\"},\"image\":{\"@id\":\"https:\/\/kodukolle.ee\/fi\/tuote\/takka-ll-calor-ll-15d\/#primaryimage\"},\"thumbnailUrl\":\"https:\/\/kodukolle.ee\/wp-content\/uploads\/2024\/01\/Calor-LL-15D_int.jpg\",\"datePublished\":\"2024-01-10T08:15:11+00:00\",\"dateModified\":\"2024-01-16T07:14:10+00:00\",\"description\":\"LL Calor LL-15D takat on valmistettu huippulaadukkaasta ter\u00e4ksest\u00e4, pinnoitettu kuumuutta kest\u00e4v\u00e4ll\u00e4 jauhemaalilla.\",\"breadcrumb\":{\"@id\":\"https:\/\/kodukolle.ee\/fi\/tuote\/takka-ll-calor-ll-15d\/#breadcrumb\"},\"inLanguage\":\"fi\",\"potentialAction\":[{\"@type\":\"ReadAction\",\"target\":[\"https:\/\/kodukolle.ee\/fi\/tuote\/takka-ll-calor-ll-15d\/\"]}]},{\"@type\":\"ImageObject\",\"inLanguage\":\"fi\",\"@id\":\"https:\/\/kodukolle.ee\/fi\/tuote\/takka-ll-calor-ll-15d\/#primaryimage\",\"url\":\"https:\/\/kodukolle.ee\/wp-content\/uploads\/2024\/01\/Calor-LL-15D_int.jpg\",\"contentUrl\":\"https:\/\/kodukolle.ee\/wp-content\/uploads\/2024\/01\/Calor-LL-15D_int.jpg\",\"width\":1484,\"height\":1587,\"caption\":\"Calor LL-15D\"},{\"@type\":\"BreadcrumbList\",\"@id\":\"https:\/\/kodukolle.ee\/fi\/tuote\/takka-ll-calor-ll-15d\/#breadcrumb\",\"itemListElement\":[{\"@type\":\"ListItem\",\"position\":1,\"name\":\"Home\",\"item\":\"https:\/\/kodukolle.ee\/fi\/\"},{\"@type\":\"ListItem\",\"position\":2,\"name\":\"Tuotteet\",\"item\":\"https:\/\/kodukolle.ee\/fi\/tuotteet\/\"},{\"@type\":\"ListItem\",\"position\":3,\"name\":\"Takka LL Calor LL-15D\"}]},{\"@type\":\"WebSite\",\"@id\":\"https:\/\/kodukolle.ee\/en\/#website\",\"url\":\"https:\/\/kodukolle.ee\/en\/\",\"name\":\"Kodukolle\",\"description\":\"\",\"publisher\":{\"@id\":\"https:\/\/kodukolle.ee\/en\/#organization\"},\"potentialAction\":[{\"@type\":\"SearchAction\",\"target\":{\"@type\":\"EntryPoint\",\"urlTemplate\":\"https:\/\/kodukolle.ee\/en\/?s={search_term_string}\"},\"query-input\":{\"@type\":\"PropertyValueSpecification\",\"valueRequired\":true,\"valueName\":\"search_term_string\"}}],\"inLanguage\":\"fi\"},{\"@type\":\"Organization\",\"@id\":\"https:\/\/kodukolle.ee\/en\/#organization\",\"name\":\"Kodukolle\",\"url\":\"https:\/\/kodukolle.ee\/en\/\",\"logo\":{\"@type\":\"ImageObject\",\"inLanguage\":\"fi\",\"@id\":\"https:\/\/kodukolle.ee\/en\/#\/schema\/logo\/image\/\",\"url\":\"https:\/\/kodukolle.ee\/wp-content\/uploads\/2025\/06\/logo_must_gradient.svg\",\"contentUrl\":\"https:\/\/kodukolle.ee\/wp-content\/uploads\/2025\/06\/logo_must_gradient.svg\",\"caption\":\"Kodukolle\"},\"image\":{\"@id\":\"https:\/\/kodukolle.ee\/en\/#\/schema\/logo\/image\/\"}}]}<\/script>\n<!-- \/ Yoast SEO plugin. -->","yoast_head_json":{"title":"Takka LL Calor LL-15D - Kodukolle","description":"LL Calor LL-15D takat on valmistettu huippulaadukkaasta ter\u00e4ksest\u00e4, pinnoitettu kuumuutta kest\u00e4v\u00e4ll\u00e4 jauhemaalilla.","robots":{"index":"index","follow":"follow","max-snippet":"max-snippet:-1","max-image-preview":"max-image-preview:large","max-video-preview":"max-video-preview:-1"},"canonical":"https:\/\/kodukolle.ee\/fi\/tuote\/takka-ll-calor-ll-15d\/","og_locale":"fi_FI","og_type":"article","og_title":"Takka LL Calor LL-15D - Kodukolle","og_description":"LL Calor LL-15D takat on valmistettu huippulaadukkaasta ter\u00e4ksest\u00e4, pinnoitettu kuumuutta kest\u00e4v\u00e4ll\u00e4 jauhemaalilla.","og_url":"https:\/\/kodukolle.ee\/fi\/tuote\/takka-ll-calor-ll-15d\/","og_site_name":"Kodukolle","article_modified_time":"2024-01-16T07:14:10+00:00","og_image":[{"width":1484,"height":1587,"url":"https:\/\/kodukolle.ee\/wp-content\/uploads\/2024\/01\/Calor-LL-15D_int.jpg","type":"image\/jpeg"}],"twitter_card":"summary_large_image","twitter_misc":{"Est. reading time":"1 minuutti"},"schema":{"@context":"https:\/\/schema.org","@graph":[{"@type":"WebPage","@id":"https:\/\/kodukolle.ee\/fi\/tuote\/takka-ll-calor-ll-15d\/","url":"https:\/\/kodukolle.ee\/fi\/tuote\/takka-ll-calor-ll-15d\/","name":"Takka LL Calor LL-15D - Kodukolle","isPartOf":{"@id":"https:\/\/kodukolle.ee\/en\/#website"},"primaryImageOfPage":{"@id":"https:\/\/kodukolle.ee\/fi\/tuote\/takka-ll-calor-ll-15d\/#primaryimage"},"image":{"@id":"https:\/\/kodukolle.ee\/fi\/tuote\/takka-ll-calor-ll-15d\/#primaryimage"},"thumbnailUrl":"https:\/\/kodukolle.ee\/wp-content\/uploads\/2024\/01\/Calor-LL-15D_int.jpg","datePublished":"2024-01-10T08:15:11+00:00","dateModified":"2024-01-16T07:14:10+00:00","description":"LL Calor LL-15D takat on valmistettu huippulaadukkaasta ter\u00e4ksest\u00e4, pinnoitettu kuumuutta kest\u00e4v\u00e4ll\u00e4 jauhemaalilla.","breadcrumb":{"@id":"https:\/\/kodukolle.ee\/fi\/tuote\/takka-ll-calor-ll-15d\/#breadcrumb"},"inLanguage":"fi","potentialAction":[{"@type":"ReadAction","target":["https:\/\/kodukolle.ee\/fi\/tuote\/takka-ll-calor-ll-15d\/"]}]},{"@type":"ImageObject","inLanguage":"fi","@id":"https:\/\/kodukolle.ee\/fi\/tuote\/takka-ll-calor-ll-15d\/#primaryimage","url":"https:\/\/kodukolle.ee\/wp-content\/uploads\/2024\/01\/Calor-LL-15D_int.jpg","contentUrl":"https:\/\/kodukolle.ee\/wp-content\/uploads\/2024\/01\/Calor-LL-15D_int.jpg","width":1484,"height":1587,"caption":"Calor LL-15D"},{"@type":"BreadcrumbList","@id":"https:\/\/kodukolle.ee\/fi\/tuote\/takka-ll-calor-ll-15d\/#breadcrumb","itemListElement":[{"@type":"ListItem","position":1,"name":"Home","item":"https:\/\/kodukolle.ee\/fi\/"},{"@type":"ListItem","position":2,"name":"Tuotteet","item":"https:\/\/kodukolle.ee\/fi\/tuotteet\/"},{"@type":"ListItem","position":3,"name":"Takka LL Calor LL-15D"}]},{"@type":"WebSite","@id":"https:\/\/kodukolle.ee\/en\/#website","url":"https:\/\/kodukolle.ee\/en\/","name":"Kodukolle","description":"","publisher":{"@id":"https:\/\/kodukolle.ee\/en\/#organization"},"potentialAction":[{"@type":"SearchAction","target":{"@type":"EntryPoint","urlTemplate":"https:\/\/kodukolle.ee\/en\/?s={search_term_string}"},"query-input":{"@type":"PropertyValueSpecification","valueRequired":true,"valueName":"search_term_string"}}],"inLanguage":"fi"},{"@type":"Organization","@id":"https:\/\/kodukolle.ee\/en\/#organization","name":"Kodukolle","url":"https:\/\/kodukolle.ee\/en\/","logo":{"@type":"ImageObject","inLanguage":"fi","@id":"https:\/\/kodukolle.ee\/en\/#\/schema\/logo\/image\/","url":"https:\/\/kodukolle.ee\/wp-content\/uploads\/2025\/06\/logo_must_gradient.svg","contentUrl":"https:\/\/kodukolle.ee\/wp-content\/uploads\/2025\/06\/logo_must_gradient.svg","caption":"Kodukolle"},"image":{"@id":"https:\/\/kodukolle.ee\/en\/#\/schema\/logo\/image\/"}}]}},"_links":{"self":[{"href":"https:\/\/kodukolle.ee\/fi\/wp-json\/wp\/v2\/product\/26647","targetHints":{"allow":["GET"]}}],"collection":[{"href":"https:\/\/kodukolle.ee\/fi\/wp-json\/wp\/v2\/product"}],"about":[{"href":"https:\/\/kodukolle.ee\/fi\/wp-json\/wp\/v2\/types\/product"}],"wp:featuredmedia":[{"embeddable":true,"href":"https:\/\/kodukolle.ee\/fi\/wp-json\/wp\/v2\/media\/26655"}],"wp:attachment":[{"href":"https:\/\/kodukolle.ee\/fi\/wp-json\/wp\/v2\/media?parent=26647"}],"wp:term":[{"taxonomy":"product_brand","embeddable":true,"href":"https:\/\/kodukolle.ee\/fi\/wp-json\/wp\/v2\/product_brand?post=26647"},{"taxonomy":"product_cat","embeddable":true,"href":"https:\/\/kodukolle.ee\/fi\/wp-json\/wp\/v2\/product_cat?post=26647"},{"taxonomy":"product_tag","embeddable":true,"href":"https:\/\/kodukolle.ee\/fi\/wp-json\/wp\/v2\/product_tag?post=26647"}],"curies":[{"name":"wp","href":"https:\/\/api.w.org\/{rel}","templated":true}]}}