{"id":26693,"date":"2024-01-10T15:08:12","date_gmt":"2024-01-10T13:08:12","guid":{"rendered":"https:\/\/kodukolle.ee\/?post_type=product&#038;p=26693"},"modified":"2024-01-16T09:15:51","modified_gmt":"2024-01-16T07:15:51","slug":"takka-ll-calor-ll-25a","status":"publish","type":"product","link":"https:\/\/kodukolle.ee\/fi\/tuote\/takka-ll-calor-ll-25a\/","title":{"rendered":"Takka LL Calor LL-25A"},"content":{"rendered":"<p><strong>Takka LL Calor LL-25A &#8211; perinteisesti maalaismainen.<\/strong><\/p>\n<p>Espanjassa valmistettu ter\u00e4skulmatakka LL Calor LL-25A kolmipuolisella lasilla on monipuolinen ratkaisu mihin tahansa sisustukseen. Sen puhtaat ja yksinkertaiset linjat sek\u00e4 korkealaatuiset materiaalit eiv\u00e4t ainoastaan lis\u00e4\u00e4 sen koristeellista vieh\u00e4tyst\u00e4, vaan tekev\u00e4t siit\u00e4 my\u00f6s luotettavan ja pitk\u00e4kestoisen l\u00e4mm\u00f6n ja mukavuuden l\u00e4hteen. LL Calor tulisijat on valmistettu huippulaadukkaasta ter\u00e4ksest\u00e4, pinnoitettu kuumuutta kest\u00e4v\u00e4ll\u00e4 jauhemaalilla. Takka on varustettu vitrokeraamisella lasilla, joka on suunniteltu kest\u00e4m\u00e4\u00e4n jopa 750 \u00baC l\u00e4mp\u00f6tiloja. LL Calor tulisijoissa on toissijainen polttoj\u00e4rjestelm\u00e4, joka parantaa palamistehokkuutta ja v\u00e4hent\u00e4\u00e4 puun kulutusta. &#8221;Clean glass&#8221; -j\u00e4rjestelm\u00e4n ansiosta lasi pysyy kirkkaana pitk\u00e4\u00e4n. Tarkka ilman annostelu ja pitkittynyt palaminen varmistetaan prim\u00e4\u00e4ri- ja toisioilman erilliss\u00e4\u00e4d\u00f6ll\u00e4. Takan polttokammio on vuorattu kevyill\u00e4 vermikuliittipaneeleilla, ja siin\u00e4 on tyylik\u00e4s ja eritt\u00e4in mukava kahva, joka helpottaa k\u00e4ytt\u00f6\u00e4.\n<\/ul>\n<p>&nbsp;<\/p>\n","protected":false},"excerpt":{"rendered":"<p>Espanjassa valmistettu ter\u00e4skulmatakka LL Calor LL-25A kolmipuolisella lasilla on monipuolinen ratkaisu mihin tahansa sisustukseen. Sen puhtaat ja yksinkertaiset linjat sek\u00e4 korkealaatuiset materiaalit eiv\u00e4t ainoastaan lis\u00e4\u00e4 sen koristeellista vieh\u00e4tyst\u00e4, vaan tekev\u00e4t siit\u00e4 my\u00f6s luotettavan ja pitk\u00e4kestoisen l\u00e4mm\u00f6n ja mukavuuden l\u00e4hteen. LL Calor tulisijat on valmistettu huippulaadukkaasta ter\u00e4ksest\u00e4, pinnoitettu kuumuutta kest\u00e4v\u00e4ll\u00e4 jauhemaalilla. Takka on varustettu vitrokeraamisella lasilla, joka on suunniteltu kest\u00e4m\u00e4\u00e4n jopa 750 \u00baC l\u00e4mp\u00f6tiloja.<\/p>\n","protected":false},"featured_media":26697,"template":"","meta":{"_acf_changed":false},"product_brand":[],"product_cat":[9620],"product_tag":[],"class_list":{"0":"post-26693","1":"product","2":"type-product","3":"status-publish","4":"has-post-thumbnail","6":"brands-ll-calor-fi","7":"product_cat-takat","9":"first","10":"instock","11":"shipping-taxable","12":"purchasable","13":"product-type-simple"},"acf":[],"yoast_head":"<!-- This site is optimized with the Yoast SEO plugin v27.2 - https:\/\/yoast.com\/product\/yoast-seo-wordpress\/ -->\n<title>Takka LL Calor LL-25A - Kodukolle<\/title>\n<meta name=\"description\" content=\"Espanjassa valmistettu ter\u00e4skulmatakka LL Calor LL-25A kolmipuolisella lasilla on monipuolinen ratkaisu mihin tahansa sisustukseen.\" \/>\n<meta name=\"robots\" content=\"index, follow, max-snippet:-1, max-image-preview:large, max-video-preview:-1\" \/>\n<link rel=\"canonical\" href=\"https:\/\/kodukolle.ee\/fi\/tuote\/takka-ll-calor-ll-25a\/\" \/>\n<meta property=\"og:locale\" content=\"fi_FI\" \/>\n<meta property=\"og:type\" content=\"article\" \/>\n<meta property=\"og:title\" content=\"Takka LL Calor LL-25A - Kodukolle\" \/>\n<meta property=\"og:description\" content=\"Espanjassa valmistettu ter\u00e4skulmatakka LL Calor LL-25A kolmipuolisella lasilla on monipuolinen ratkaisu mihin tahansa sisustukseen.\" \/>\n<meta property=\"og:url\" content=\"https:\/\/kodukolle.ee\/fi\/tuote\/takka-ll-calor-ll-25a\/\" \/>\n<meta property=\"og:site_name\" content=\"Kodukolle\" \/>\n<meta property=\"article:modified_time\" content=\"2024-01-16T07:15:51+00:00\" \/>\n<meta property=\"og:image\" content=\"https:\/\/kodukolle.ee\/wp-content\/uploads\/2024\/01\/Calor-LL-25A-int.jpg\" \/>\n\t<meta property=\"og:image:width\" content=\"1024\" \/>\n\t<meta property=\"og:image:height\" content=\"768\" \/>\n\t<meta property=\"og:image:type\" content=\"image\/jpeg\" \/>\n<meta name=\"twitter:card\" content=\"summary_large_image\" \/>\n<meta name=\"twitter:label1\" content=\"Est. reading time\" \/>\n\t<meta name=\"twitter:data1\" content=\"1 minuutti\" \/>\n<script type=\"application\/ld+json\" class=\"yoast-schema-graph\">{\"@context\":\"https:\/\/schema.org\",\"@graph\":[{\"@type\":\"WebPage\",\"@id\":\"https:\/\/kodukolle.ee\/fi\/tuote\/takka-ll-calor-ll-25a\/\",\"url\":\"https:\/\/kodukolle.ee\/fi\/tuote\/takka-ll-calor-ll-25a\/\",\"name\":\"Takka LL Calor LL-25A - Kodukolle\",\"isPartOf\":{\"@id\":\"https:\/\/kodukolle.ee\/en\/#website\"},\"primaryImageOfPage\":{\"@id\":\"https:\/\/kodukolle.ee\/fi\/tuote\/takka-ll-calor-ll-25a\/#primaryimage\"},\"image\":{\"@id\":\"https:\/\/kodukolle.ee\/fi\/tuote\/takka-ll-calor-ll-25a\/#primaryimage\"},\"thumbnailUrl\":\"https:\/\/kodukolle.ee\/wp-content\/uploads\/2024\/01\/Calor-LL-25A-int.jpg\",\"datePublished\":\"2024-01-10T13:08:12+00:00\",\"dateModified\":\"2024-01-16T07:15:51+00:00\",\"description\":\"Espanjassa valmistettu ter\u00e4skulmatakka LL Calor LL-25A kolmipuolisella lasilla on monipuolinen ratkaisu mihin tahansa sisustukseen.\",\"breadcrumb\":{\"@id\":\"https:\/\/kodukolle.ee\/fi\/tuote\/takka-ll-calor-ll-25a\/#breadcrumb\"},\"inLanguage\":\"fi\",\"potentialAction\":[{\"@type\":\"ReadAction\",\"target\":[\"https:\/\/kodukolle.ee\/fi\/tuote\/takka-ll-calor-ll-25a\/\"]}]},{\"@type\":\"ImageObject\",\"inLanguage\":\"fi\",\"@id\":\"https:\/\/kodukolle.ee\/fi\/tuote\/takka-ll-calor-ll-25a\/#primaryimage\",\"url\":\"https:\/\/kodukolle.ee\/wp-content\/uploads\/2024\/01\/Calor-LL-25A-int.jpg\",\"contentUrl\":\"https:\/\/kodukolle.ee\/wp-content\/uploads\/2024\/01\/Calor-LL-25A-int.jpg\",\"width\":1024,\"height\":768,\"caption\":\"Calor LL-25A\"},{\"@type\":\"BreadcrumbList\",\"@id\":\"https:\/\/kodukolle.ee\/fi\/tuote\/takka-ll-calor-ll-25a\/#breadcrumb\",\"itemListElement\":[{\"@type\":\"ListItem\",\"position\":1,\"name\":\"Home\",\"item\":\"https:\/\/kodukolle.ee\/fi\/\"},{\"@type\":\"ListItem\",\"position\":2,\"name\":\"Tuotteet\",\"item\":\"https:\/\/kodukolle.ee\/fi\/tuotteet\/\"},{\"@type\":\"ListItem\",\"position\":3,\"name\":\"Takka LL Calor LL-25A\"}]},{\"@type\":\"WebSite\",\"@id\":\"https:\/\/kodukolle.ee\/en\/#website\",\"url\":\"https:\/\/kodukolle.ee\/en\/\",\"name\":\"Kodukolle\",\"description\":\"\",\"publisher\":{\"@id\":\"https:\/\/kodukolle.ee\/en\/#organization\"},\"potentialAction\":[{\"@type\":\"SearchAction\",\"target\":{\"@type\":\"EntryPoint\",\"urlTemplate\":\"https:\/\/kodukolle.ee\/en\/?s={search_term_string}\"},\"query-input\":{\"@type\":\"PropertyValueSpecification\",\"valueRequired\":true,\"valueName\":\"search_term_string\"}}],\"inLanguage\":\"fi\"},{\"@type\":\"Organization\",\"@id\":\"https:\/\/kodukolle.ee\/en\/#organization\",\"name\":\"Kodukolle\",\"url\":\"https:\/\/kodukolle.ee\/en\/\",\"logo\":{\"@type\":\"ImageObject\",\"inLanguage\":\"fi\",\"@id\":\"https:\/\/kodukolle.ee\/en\/#\/schema\/logo\/image\/\",\"url\":\"https:\/\/kodukolle.ee\/wp-content\/uploads\/2025\/06\/logo_must_gradient.svg\",\"contentUrl\":\"https:\/\/kodukolle.ee\/wp-content\/uploads\/2025\/06\/logo_must_gradient.svg\",\"caption\":\"Kodukolle\"},\"image\":{\"@id\":\"https:\/\/kodukolle.ee\/en\/#\/schema\/logo\/image\/\"}}]}<\/script>\n<!-- \/ Yoast SEO plugin. -->","yoast_head_json":{"title":"Takka LL Calor LL-25A - Kodukolle","description":"Espanjassa valmistettu ter\u00e4skulmatakka LL Calor LL-25A kolmipuolisella lasilla on monipuolinen ratkaisu mihin tahansa sisustukseen.","robots":{"index":"index","follow":"follow","max-snippet":"max-snippet:-1","max-image-preview":"max-image-preview:large","max-video-preview":"max-video-preview:-1"},"canonical":"https:\/\/kodukolle.ee\/fi\/tuote\/takka-ll-calor-ll-25a\/","og_locale":"fi_FI","og_type":"article","og_title":"Takka LL Calor LL-25A - Kodukolle","og_description":"Espanjassa valmistettu ter\u00e4skulmatakka LL Calor LL-25A kolmipuolisella lasilla on monipuolinen ratkaisu mihin tahansa sisustukseen.","og_url":"https:\/\/kodukolle.ee\/fi\/tuote\/takka-ll-calor-ll-25a\/","og_site_name":"Kodukolle","article_modified_time":"2024-01-16T07:15:51+00:00","og_image":[{"width":1024,"height":768,"url":"https:\/\/kodukolle.ee\/wp-content\/uploads\/2024\/01\/Calor-LL-25A-int.jpg","type":"image\/jpeg"}],"twitter_card":"summary_large_image","twitter_misc":{"Est. reading time":"1 minuutti"},"schema":{"@context":"https:\/\/schema.org","@graph":[{"@type":"WebPage","@id":"https:\/\/kodukolle.ee\/fi\/tuote\/takka-ll-calor-ll-25a\/","url":"https:\/\/kodukolle.ee\/fi\/tuote\/takka-ll-calor-ll-25a\/","name":"Takka LL Calor LL-25A - Kodukolle","isPartOf":{"@id":"https:\/\/kodukolle.ee\/en\/#website"},"primaryImageOfPage":{"@id":"https:\/\/kodukolle.ee\/fi\/tuote\/takka-ll-calor-ll-25a\/#primaryimage"},"image":{"@id":"https:\/\/kodukolle.ee\/fi\/tuote\/takka-ll-calor-ll-25a\/#primaryimage"},"thumbnailUrl":"https:\/\/kodukolle.ee\/wp-content\/uploads\/2024\/01\/Calor-LL-25A-int.jpg","datePublished":"2024-01-10T13:08:12+00:00","dateModified":"2024-01-16T07:15:51+00:00","description":"Espanjassa valmistettu ter\u00e4skulmatakka LL Calor LL-25A kolmipuolisella lasilla on monipuolinen ratkaisu mihin tahansa sisustukseen.","breadcrumb":{"@id":"https:\/\/kodukolle.ee\/fi\/tuote\/takka-ll-calor-ll-25a\/#breadcrumb"},"inLanguage":"fi","potentialAction":[{"@type":"ReadAction","target":["https:\/\/kodukolle.ee\/fi\/tuote\/takka-ll-calor-ll-25a\/"]}]},{"@type":"ImageObject","inLanguage":"fi","@id":"https:\/\/kodukolle.ee\/fi\/tuote\/takka-ll-calor-ll-25a\/#primaryimage","url":"https:\/\/kodukolle.ee\/wp-content\/uploads\/2024\/01\/Calor-LL-25A-int.jpg","contentUrl":"https:\/\/kodukolle.ee\/wp-content\/uploads\/2024\/01\/Calor-LL-25A-int.jpg","width":1024,"height":768,"caption":"Calor LL-25A"},{"@type":"BreadcrumbList","@id":"https:\/\/kodukolle.ee\/fi\/tuote\/takka-ll-calor-ll-25a\/#breadcrumb","itemListElement":[{"@type":"ListItem","position":1,"name":"Home","item":"https:\/\/kodukolle.ee\/fi\/"},{"@type":"ListItem","position":2,"name":"Tuotteet","item":"https:\/\/kodukolle.ee\/fi\/tuotteet\/"},{"@type":"ListItem","position":3,"name":"Takka LL Calor LL-25A"}]},{"@type":"WebSite","@id":"https:\/\/kodukolle.ee\/en\/#website","url":"https:\/\/kodukolle.ee\/en\/","name":"Kodukolle","description":"","publisher":{"@id":"https:\/\/kodukolle.ee\/en\/#organization"},"potentialAction":[{"@type":"SearchAction","target":{"@type":"EntryPoint","urlTemplate":"https:\/\/kodukolle.ee\/en\/?s={search_term_string}"},"query-input":{"@type":"PropertyValueSpecification","valueRequired":true,"valueName":"search_term_string"}}],"inLanguage":"fi"},{"@type":"Organization","@id":"https:\/\/kodukolle.ee\/en\/#organization","name":"Kodukolle","url":"https:\/\/kodukolle.ee\/en\/","logo":{"@type":"ImageObject","inLanguage":"fi","@id":"https:\/\/kodukolle.ee\/en\/#\/schema\/logo\/image\/","url":"https:\/\/kodukolle.ee\/wp-content\/uploads\/2025\/06\/logo_must_gradient.svg","contentUrl":"https:\/\/kodukolle.ee\/wp-content\/uploads\/2025\/06\/logo_must_gradient.svg","caption":"Kodukolle"},"image":{"@id":"https:\/\/kodukolle.ee\/en\/#\/schema\/logo\/image\/"}}]}},"_links":{"self":[{"href":"https:\/\/kodukolle.ee\/fi\/wp-json\/wp\/v2\/product\/26693","targetHints":{"allow":["GET"]}}],"collection":[{"href":"https:\/\/kodukolle.ee\/fi\/wp-json\/wp\/v2\/product"}],"about":[{"href":"https:\/\/kodukolle.ee\/fi\/wp-json\/wp\/v2\/types\/product"}],"wp:featuredmedia":[{"embeddable":true,"href":"https:\/\/kodukolle.ee\/fi\/wp-json\/wp\/v2\/media\/26697"}],"wp:attachment":[{"href":"https:\/\/kodukolle.ee\/fi\/wp-json\/wp\/v2\/media?parent=26693"}],"wp:term":[{"taxonomy":"product_brand","embeddable":true,"href":"https:\/\/kodukolle.ee\/fi\/wp-json\/wp\/v2\/product_brand?post=26693"},{"taxonomy":"product_cat","embeddable":true,"href":"https:\/\/kodukolle.ee\/fi\/wp-json\/wp\/v2\/product_cat?post=26693"},{"taxonomy":"product_tag","embeddable":true,"href":"https:\/\/kodukolle.ee\/fi\/wp-json\/wp\/v2\/product_tag?post=26693"}],"curies":[{"name":"wp","href":"https:\/\/api.w.org\/{rel}","templated":true}]}}