{"id":26737,"date":"2024-01-11T10:56:21","date_gmt":"2024-01-11T08:56:21","guid":{"rendered":"https:\/\/kodukolle.ee\/?post_type=product&#038;p=26737"},"modified":"2024-01-11T11:53:15","modified_gmt":"2024-01-11T09:53:15","slug":"takka-ll-calor-ll-1160v2","status":"publish","type":"product","link":"https:\/\/kodukolle.ee\/fi\/tuote\/takka-ll-calor-ll-1160v2\/","title":{"rendered":"Takka LL Calor LL-1160V2"},"content":{"rendered":"<p><strong>Takka LL Calor LL-1160V2 &#8211; kompakti ja k\u00e4yt\u00e4nn\u00f6llinen.<\/strong><\/p>\n<p>LL Calor LL-1160V2 takan tyylik\u00e4s muotoilu yhdist\u00e4\u00e4 estetiikan ja k\u00e4yt\u00e4nn\u00f6llisyyden, joten se sopii t\u00e4ydellisesti moderniin sisustukseen. Korkealaatuisesta ter\u00e4ksest\u00e4 valmistettu ja kuumuutta kest\u00e4v\u00e4ll\u00e4 jauhemaalilla pinnoitettu takka tarjoaa kest\u00e4vyytt\u00e4 ja tyylikk\u00e4\u00e4n ulkon\u00e4\u00f6n. Siin\u00e4 on ensisijaiset ja toisijaiset ilmanohjaimet, tuulettimet ja termostaatti k\u00e4ytt\u00e4j\u00e4n mukavuuden vuoksi. Kompaktin kokonsa ansiosta se on helppo asentaa pienempiin tiloihin. Lis\u00e4ksi tulisijan pohjassa on k\u00e4tev\u00e4 s\u00e4ilytystila polttopuiden varastointia varten.\n<\/ul>\n<p>&nbsp;<\/p>\n","protected":false},"excerpt":{"rendered":"<p>LL Calor LL-1160V2 takan tyylik\u00e4s muotoilu yhdist\u00e4\u00e4 estetiikan ja k\u00e4yt\u00e4nn\u00f6llisyyden, joten se sopii t\u00e4ydellisesti moderniin sisustukseen. Korkealaatuisesta ter\u00e4ksest\u00e4 valmistettu ja kuumuutta kest\u00e4v\u00e4ll\u00e4 jauhemaalilla pinnoitettu takka tarjoaa kest\u00e4vyytt\u00e4 ja tyylikk\u00e4\u00e4n ulkon\u00e4\u00f6n. Siin\u00e4 on ensisijaiset ja toisijaiset ilmanohjaimet, tuulettimet ja termostaatti k\u00e4ytt\u00e4j\u00e4n mukavuuden vuoksi. Kompaktin kokonsa ansiosta se on helppo asentaa pienempiin tiloihin. Lis\u00e4ksi tulisijan pohjassa on k\u00e4tev\u00e4 s\u00e4ilytystila polttopuiden varastointia varten.<\/p>\n","protected":false},"featured_media":26741,"template":"","meta":{"_acf_changed":false},"product_brand":[],"product_cat":[9620],"product_tag":[],"class_list":{"0":"post-26737","1":"product","2":"type-product","3":"status-publish","4":"has-post-thumbnail","6":"brands-ll-calor-fi","7":"product_cat-takat","9":"first","10":"instock","11":"shipping-taxable","12":"product-type-simple"},"acf":[],"yoast_head":"<!-- This site is optimized with the Yoast SEO plugin v27.2 - https:\/\/yoast.com\/product\/yoast-seo-wordpress\/ -->\n<title>Takka LL Calor LL-1160V2 - Kodukolle<\/title>\n<meta name=\"description\" content=\"LL Calor LL-1160V2 takan tyylik\u00e4s muotoilu yhdist\u00e4\u00e4 estetiikan ja k\u00e4yt\u00e4nn\u00f6llisyyden, joten se sopii t\u00e4ydellisesti moderniin sisustukseen.\" \/>\n<meta name=\"robots\" content=\"index, follow, max-snippet:-1, max-image-preview:large, max-video-preview:-1\" \/>\n<link rel=\"canonical\" href=\"https:\/\/kodukolle.ee\/fi\/tuote\/takka-ll-calor-ll-1160v2\/\" \/>\n<meta property=\"og:locale\" content=\"fi_FI\" \/>\n<meta property=\"og:type\" content=\"article\" \/>\n<meta property=\"og:title\" content=\"Takka LL Calor LL-1160V2 - Kodukolle\" \/>\n<meta property=\"og:description\" content=\"LL Calor LL-1160V2 takan tyylik\u00e4s muotoilu yhdist\u00e4\u00e4 estetiikan ja k\u00e4yt\u00e4nn\u00f6llisyyden, joten se sopii t\u00e4ydellisesti moderniin sisustukseen.\" \/>\n<meta property=\"og:url\" content=\"https:\/\/kodukolle.ee\/fi\/tuote\/takka-ll-calor-ll-1160v2\/\" \/>\n<meta property=\"og:site_name\" content=\"Kodukolle\" \/>\n<meta property=\"article:modified_time\" content=\"2024-01-11T09:53:15+00:00\" \/>\n<meta property=\"og:image\" content=\"https:\/\/kodukolle.ee\/wp-content\/uploads\/2024\/01\/Calor-LL-1160.jpg\" \/>\n\t<meta property=\"og:image:width\" content=\"972\" \/>\n\t<meta property=\"og:image:height\" content=\"972\" \/>\n\t<meta property=\"og:image:type\" content=\"image\/jpeg\" \/>\n<meta name=\"twitter:card\" content=\"summary_large_image\" \/>\n<meta name=\"twitter:label1\" content=\"Est. reading time\" \/>\n\t<meta name=\"twitter:data1\" content=\"1 minuutti\" \/>\n<script type=\"application\/ld+json\" class=\"yoast-schema-graph\">{\"@context\":\"https:\/\/schema.org\",\"@graph\":[{\"@type\":\"WebPage\",\"@id\":\"https:\/\/kodukolle.ee\/fi\/tuote\/takka-ll-calor-ll-1160v2\/\",\"url\":\"https:\/\/kodukolle.ee\/fi\/tuote\/takka-ll-calor-ll-1160v2\/\",\"name\":\"Takka LL Calor LL-1160V2 - Kodukolle\",\"isPartOf\":{\"@id\":\"https:\/\/kodukolle.ee\/en\/#website\"},\"primaryImageOfPage\":{\"@id\":\"https:\/\/kodukolle.ee\/fi\/tuote\/takka-ll-calor-ll-1160v2\/#primaryimage\"},\"image\":{\"@id\":\"https:\/\/kodukolle.ee\/fi\/tuote\/takka-ll-calor-ll-1160v2\/#primaryimage\"},\"thumbnailUrl\":\"https:\/\/kodukolle.ee\/wp-content\/uploads\/2024\/01\/Calor-LL-1160.jpg\",\"datePublished\":\"2024-01-11T08:56:21+00:00\",\"dateModified\":\"2024-01-11T09:53:15+00:00\",\"description\":\"LL Calor LL-1160V2 takan tyylik\u00e4s muotoilu yhdist\u00e4\u00e4 estetiikan ja k\u00e4yt\u00e4nn\u00f6llisyyden, joten se sopii t\u00e4ydellisesti moderniin sisustukseen.\",\"breadcrumb\":{\"@id\":\"https:\/\/kodukolle.ee\/fi\/tuote\/takka-ll-calor-ll-1160v2\/#breadcrumb\"},\"inLanguage\":\"fi\",\"potentialAction\":[{\"@type\":\"ReadAction\",\"target\":[\"https:\/\/kodukolle.ee\/fi\/tuote\/takka-ll-calor-ll-1160v2\/\"]}]},{\"@type\":\"ImageObject\",\"inLanguage\":\"fi\",\"@id\":\"https:\/\/kodukolle.ee\/fi\/tuote\/takka-ll-calor-ll-1160v2\/#primaryimage\",\"url\":\"https:\/\/kodukolle.ee\/wp-content\/uploads\/2024\/01\/Calor-LL-1160.jpg\",\"contentUrl\":\"https:\/\/kodukolle.ee\/wp-content\/uploads\/2024\/01\/Calor-LL-1160.jpg\",\"width\":972,\"height\":972,\"caption\":\"Calor LL-1160\"},{\"@type\":\"BreadcrumbList\",\"@id\":\"https:\/\/kodukolle.ee\/fi\/tuote\/takka-ll-calor-ll-1160v2\/#breadcrumb\",\"itemListElement\":[{\"@type\":\"ListItem\",\"position\":1,\"name\":\"Home\",\"item\":\"https:\/\/kodukolle.ee\/fi\/\"},{\"@type\":\"ListItem\",\"position\":2,\"name\":\"Tuotteet\",\"item\":\"https:\/\/kodukolle.ee\/fi\/tuotteet\/\"},{\"@type\":\"ListItem\",\"position\":3,\"name\":\"Takka LL Calor LL-1160V2\"}]},{\"@type\":\"WebSite\",\"@id\":\"https:\/\/kodukolle.ee\/en\/#website\",\"url\":\"https:\/\/kodukolle.ee\/en\/\",\"name\":\"Kodukolle\",\"description\":\"\",\"publisher\":{\"@id\":\"https:\/\/kodukolle.ee\/en\/#organization\"},\"potentialAction\":[{\"@type\":\"SearchAction\",\"target\":{\"@type\":\"EntryPoint\",\"urlTemplate\":\"https:\/\/kodukolle.ee\/en\/?s={search_term_string}\"},\"query-input\":{\"@type\":\"PropertyValueSpecification\",\"valueRequired\":true,\"valueName\":\"search_term_string\"}}],\"inLanguage\":\"fi\"},{\"@type\":\"Organization\",\"@id\":\"https:\/\/kodukolle.ee\/en\/#organization\",\"name\":\"Kodukolle\",\"url\":\"https:\/\/kodukolle.ee\/en\/\",\"logo\":{\"@type\":\"ImageObject\",\"inLanguage\":\"fi\",\"@id\":\"https:\/\/kodukolle.ee\/en\/#\/schema\/logo\/image\/\",\"url\":\"https:\/\/kodukolle.ee\/wp-content\/uploads\/2025\/06\/logo_must_gradient.svg\",\"contentUrl\":\"https:\/\/kodukolle.ee\/wp-content\/uploads\/2025\/06\/logo_must_gradient.svg\",\"caption\":\"Kodukolle\"},\"image\":{\"@id\":\"https:\/\/kodukolle.ee\/en\/#\/schema\/logo\/image\/\"}}]}<\/script>\n<!-- \/ Yoast SEO plugin. -->","yoast_head_json":{"title":"Takka LL Calor LL-1160V2 - Kodukolle","description":"LL Calor LL-1160V2 takan tyylik\u00e4s muotoilu yhdist\u00e4\u00e4 estetiikan ja k\u00e4yt\u00e4nn\u00f6llisyyden, joten se sopii t\u00e4ydellisesti moderniin sisustukseen.","robots":{"index":"index","follow":"follow","max-snippet":"max-snippet:-1","max-image-preview":"max-image-preview:large","max-video-preview":"max-video-preview:-1"},"canonical":"https:\/\/kodukolle.ee\/fi\/tuote\/takka-ll-calor-ll-1160v2\/","og_locale":"fi_FI","og_type":"article","og_title":"Takka LL Calor LL-1160V2 - Kodukolle","og_description":"LL Calor LL-1160V2 takan tyylik\u00e4s muotoilu yhdist\u00e4\u00e4 estetiikan ja k\u00e4yt\u00e4nn\u00f6llisyyden, joten se sopii t\u00e4ydellisesti moderniin sisustukseen.","og_url":"https:\/\/kodukolle.ee\/fi\/tuote\/takka-ll-calor-ll-1160v2\/","og_site_name":"Kodukolle","article_modified_time":"2024-01-11T09:53:15+00:00","og_image":[{"width":972,"height":972,"url":"https:\/\/kodukolle.ee\/wp-content\/uploads\/2024\/01\/Calor-LL-1160.jpg","type":"image\/jpeg"}],"twitter_card":"summary_large_image","twitter_misc":{"Est. reading time":"1 minuutti"},"schema":{"@context":"https:\/\/schema.org","@graph":[{"@type":"WebPage","@id":"https:\/\/kodukolle.ee\/fi\/tuote\/takka-ll-calor-ll-1160v2\/","url":"https:\/\/kodukolle.ee\/fi\/tuote\/takka-ll-calor-ll-1160v2\/","name":"Takka LL Calor LL-1160V2 - Kodukolle","isPartOf":{"@id":"https:\/\/kodukolle.ee\/en\/#website"},"primaryImageOfPage":{"@id":"https:\/\/kodukolle.ee\/fi\/tuote\/takka-ll-calor-ll-1160v2\/#primaryimage"},"image":{"@id":"https:\/\/kodukolle.ee\/fi\/tuote\/takka-ll-calor-ll-1160v2\/#primaryimage"},"thumbnailUrl":"https:\/\/kodukolle.ee\/wp-content\/uploads\/2024\/01\/Calor-LL-1160.jpg","datePublished":"2024-01-11T08:56:21+00:00","dateModified":"2024-01-11T09:53:15+00:00","description":"LL Calor LL-1160V2 takan tyylik\u00e4s muotoilu yhdist\u00e4\u00e4 estetiikan ja k\u00e4yt\u00e4nn\u00f6llisyyden, joten se sopii t\u00e4ydellisesti moderniin sisustukseen.","breadcrumb":{"@id":"https:\/\/kodukolle.ee\/fi\/tuote\/takka-ll-calor-ll-1160v2\/#breadcrumb"},"inLanguage":"fi","potentialAction":[{"@type":"ReadAction","target":["https:\/\/kodukolle.ee\/fi\/tuote\/takka-ll-calor-ll-1160v2\/"]}]},{"@type":"ImageObject","inLanguage":"fi","@id":"https:\/\/kodukolle.ee\/fi\/tuote\/takka-ll-calor-ll-1160v2\/#primaryimage","url":"https:\/\/kodukolle.ee\/wp-content\/uploads\/2024\/01\/Calor-LL-1160.jpg","contentUrl":"https:\/\/kodukolle.ee\/wp-content\/uploads\/2024\/01\/Calor-LL-1160.jpg","width":972,"height":972,"caption":"Calor LL-1160"},{"@type":"BreadcrumbList","@id":"https:\/\/kodukolle.ee\/fi\/tuote\/takka-ll-calor-ll-1160v2\/#breadcrumb","itemListElement":[{"@type":"ListItem","position":1,"name":"Home","item":"https:\/\/kodukolle.ee\/fi\/"},{"@type":"ListItem","position":2,"name":"Tuotteet","item":"https:\/\/kodukolle.ee\/fi\/tuotteet\/"},{"@type":"ListItem","position":3,"name":"Takka LL Calor LL-1160V2"}]},{"@type":"WebSite","@id":"https:\/\/kodukolle.ee\/en\/#website","url":"https:\/\/kodukolle.ee\/en\/","name":"Kodukolle","description":"","publisher":{"@id":"https:\/\/kodukolle.ee\/en\/#organization"},"potentialAction":[{"@type":"SearchAction","target":{"@type":"EntryPoint","urlTemplate":"https:\/\/kodukolle.ee\/en\/?s={search_term_string}"},"query-input":{"@type":"PropertyValueSpecification","valueRequired":true,"valueName":"search_term_string"}}],"inLanguage":"fi"},{"@type":"Organization","@id":"https:\/\/kodukolle.ee\/en\/#organization","name":"Kodukolle","url":"https:\/\/kodukolle.ee\/en\/","logo":{"@type":"ImageObject","inLanguage":"fi","@id":"https:\/\/kodukolle.ee\/en\/#\/schema\/logo\/image\/","url":"https:\/\/kodukolle.ee\/wp-content\/uploads\/2025\/06\/logo_must_gradient.svg","contentUrl":"https:\/\/kodukolle.ee\/wp-content\/uploads\/2025\/06\/logo_must_gradient.svg","caption":"Kodukolle"},"image":{"@id":"https:\/\/kodukolle.ee\/en\/#\/schema\/logo\/image\/"}}]}},"_links":{"self":[{"href":"https:\/\/kodukolle.ee\/fi\/wp-json\/wp\/v2\/product\/26737","targetHints":{"allow":["GET"]}}],"collection":[{"href":"https:\/\/kodukolle.ee\/fi\/wp-json\/wp\/v2\/product"}],"about":[{"href":"https:\/\/kodukolle.ee\/fi\/wp-json\/wp\/v2\/types\/product"}],"wp:featuredmedia":[{"embeddable":true,"href":"https:\/\/kodukolle.ee\/fi\/wp-json\/wp\/v2\/media\/26741"}],"wp:attachment":[{"href":"https:\/\/kodukolle.ee\/fi\/wp-json\/wp\/v2\/media?parent=26737"}],"wp:term":[{"taxonomy":"product_brand","embeddable":true,"href":"https:\/\/kodukolle.ee\/fi\/wp-json\/wp\/v2\/product_brand?post=26737"},{"taxonomy":"product_cat","embeddable":true,"href":"https:\/\/kodukolle.ee\/fi\/wp-json\/wp\/v2\/product_cat?post=26737"},{"taxonomy":"product_tag","embeddable":true,"href":"https:\/\/kodukolle.ee\/fi\/wp-json\/wp\/v2\/product_tag?post=26737"}],"curies":[{"name":"wp","href":"https:\/\/api.w.org\/{rel}","templated":true}]}}