{"id":26773,"date":"2024-01-11T15:47:14","date_gmt":"2024-01-11T13:47:14","guid":{"rendered":"https:\/\/kodukolle.ee\/?post_type=product&#038;p=26773"},"modified":"2024-03-14T10:58:15","modified_gmt":"2024-03-14T08:58:15","slug":"takka-ll-calor-ll-1180-2-paistouunilla","status":"publish","type":"product","link":"https:\/\/kodukolle.ee\/fi\/tuote\/takka-ll-calor-ll-1180-2-paistouunilla\/","title":{"rendered":"Takka LL Calor LL-1180-2 paistouunilla"},"content":{"rendered":"<p><strong>Kulmatakka LL Calor LL-1180-2 paistouunilla &#8211; kompakti ja k\u00e4yt\u00e4nn\u00f6llinen.<\/strong><\/p>\n<p>Calor LL-1180-2 kulmatakka on varustettu 55 litran paistouunilla, jonka avulla voit helposti valmistaa ruokaa samalla kun l\u00e4mmit\u00e4t kotiasi. Paistouunissa on sis\u00e4\u00e4nrakennettu l\u00e4mp\u00f6mittari ja mukana tulee my\u00f6s uunipelti. Lis\u00e4ksi takassa on k\u00e4tev\u00e4 tuhkalaatikko. Se on valmistettu korkealaatuisesta ter\u00e4ksest\u00e4, pinnoitettu kuumuutta kest\u00e4v\u00e4ll\u00e4 jauhemaalilla. Prim\u00e4\u00e4ri- ja toisioilman sy\u00f6t\u00f6n s\u00e4\u00e4t\u00f6 takaa tarkan ilmans\u00e4\u00e4d\u00f6n pitk\u00e4kestoiseen palamiseen. Takan polttokammio on vuorattu kevyill\u00e4 vermikuliittipaneeleilla. Valinnainen takkajalka\/hissi on saatavana lis\u00e4varusteena. Tulen kodikas hehku ja leivonnaisten ihastuttavat aromit luovat upean tunnelman, joka tarjoaa l\u00e4mp\u00f6\u00e4 ja mukavuutta sisustukseesi.\n<\/ul>\n<p>&nbsp;<\/p>\n","protected":false},"excerpt":{"rendered":"<p>Calor LL-1180-2 kulmatakka on varustettu 55 litran paistouunilla, jonka avulla voit helposti valmistaa ruokaa samalla kun l\u00e4mmit\u00e4t kotiasi. Paistouunissa on sis\u00e4\u00e4nrakennettu l\u00e4mp\u00f6mittari ja mukana tulee my\u00f6s uunipelti. Lis\u00e4ksi takassa on k\u00e4tev\u00e4 tuhkalaatikko. Se on valmistettu korkealaatuisesta ter\u00e4ksest\u00e4, pinnoitettu kuumuutta kest\u00e4v\u00e4ll\u00e4 jauhemaalilla.<\/p>\n","protected":false},"featured_media":26777,"template":"","meta":{"_acf_changed":false},"product_brand":[],"product_cat":[9620],"product_tag":[],"class_list":{"0":"post-26773","1":"product","2":"type-product","3":"status-publish","4":"has-post-thumbnail","6":"brands-ll-calor-fi","7":"product_cat-takat","9":"first","10":"instock","11":"shipping-taxable","12":"purchasable","13":"product-type-simple"},"acf":[],"yoast_head":"<!-- This site is optimized with the Yoast SEO plugin v27.2 - https:\/\/yoast.com\/product\/yoast-seo-wordpress\/ -->\n<title>Takka LL Calor LL-1180-2 paistouunilla - Kodukolle<\/title>\n<meta name=\"description\" content=\"Calor LL-1180-2 kulmatakka on varustettu 55 litran paistouunilla, jonka avulla voit helposti valmistaa ruokaa samalla kun l\u00e4mmit\u00e4t kotiasi.\" \/>\n<meta name=\"robots\" content=\"index, follow, max-snippet:-1, max-image-preview:large, max-video-preview:-1\" \/>\n<link rel=\"canonical\" href=\"https:\/\/kodukolle.ee\/fi\/tuote\/takka-ll-calor-ll-1180-2-paistouunilla\/\" \/>\n<meta property=\"og:locale\" content=\"fi_FI\" \/>\n<meta property=\"og:type\" content=\"article\" \/>\n<meta property=\"og:title\" content=\"Takka LL Calor LL-1180-2 paistouunilla - Kodukolle\" \/>\n<meta property=\"og:description\" content=\"Calor LL-1180-2 kulmatakka on varustettu 55 litran paistouunilla, jonka avulla voit helposti valmistaa ruokaa samalla kun l\u00e4mmit\u00e4t kotiasi.\" \/>\n<meta property=\"og:url\" content=\"https:\/\/kodukolle.ee\/fi\/tuote\/takka-ll-calor-ll-1180-2-paistouunilla\/\" \/>\n<meta property=\"og:site_name\" content=\"Kodukolle\" \/>\n<meta property=\"article:modified_time\" content=\"2024-03-14T08:58:15+00:00\" \/>\n<meta property=\"og:image\" content=\"https:\/\/kodukolle.ee\/wp-content\/uploads\/2024\/01\/Calor-LL-1180-2_1.jpg\" \/>\n\t<meta property=\"og:image:width\" content=\"1000\" \/>\n\t<meta property=\"og:image:height\" content=\"1000\" \/>\n\t<meta property=\"og:image:type\" content=\"image\/jpeg\" \/>\n<meta name=\"twitter:card\" content=\"summary_large_image\" \/>\n<meta name=\"twitter:label1\" content=\"Est. reading time\" \/>\n\t<meta name=\"twitter:data1\" content=\"1 minuutti\" \/>\n<script type=\"application\/ld+json\" class=\"yoast-schema-graph\">{\"@context\":\"https:\/\/schema.org\",\"@graph\":[{\"@type\":\"WebPage\",\"@id\":\"https:\/\/kodukolle.ee\/fi\/tuote\/takka-ll-calor-ll-1180-2-paistouunilla\/\",\"url\":\"https:\/\/kodukolle.ee\/fi\/tuote\/takka-ll-calor-ll-1180-2-paistouunilla\/\",\"name\":\"Takka LL Calor LL-1180-2 paistouunilla - Kodukolle\",\"isPartOf\":{\"@id\":\"https:\/\/kodukolle.ee\/en\/#website\"},\"primaryImageOfPage\":{\"@id\":\"https:\/\/kodukolle.ee\/fi\/tuote\/takka-ll-calor-ll-1180-2-paistouunilla\/#primaryimage\"},\"image\":{\"@id\":\"https:\/\/kodukolle.ee\/fi\/tuote\/takka-ll-calor-ll-1180-2-paistouunilla\/#primaryimage\"},\"thumbnailUrl\":\"https:\/\/kodukolle.ee\/wp-content\/uploads\/2024\/01\/Calor-LL-1180-2_1.jpg\",\"datePublished\":\"2024-01-11T13:47:14+00:00\",\"dateModified\":\"2024-03-14T08:58:15+00:00\",\"description\":\"Calor LL-1180-2 kulmatakka on varustettu 55 litran paistouunilla, jonka avulla voit helposti valmistaa ruokaa samalla kun l\u00e4mmit\u00e4t kotiasi.\",\"breadcrumb\":{\"@id\":\"https:\/\/kodukolle.ee\/fi\/tuote\/takka-ll-calor-ll-1180-2-paistouunilla\/#breadcrumb\"},\"inLanguage\":\"fi\",\"potentialAction\":[{\"@type\":\"ReadAction\",\"target\":[\"https:\/\/kodukolle.ee\/fi\/tuote\/takka-ll-calor-ll-1180-2-paistouunilla\/\"]}]},{\"@type\":\"ImageObject\",\"inLanguage\":\"fi\",\"@id\":\"https:\/\/kodukolle.ee\/fi\/tuote\/takka-ll-calor-ll-1180-2-paistouunilla\/#primaryimage\",\"url\":\"https:\/\/kodukolle.ee\/wp-content\/uploads\/2024\/01\/Calor-LL-1180-2_1.jpg\",\"contentUrl\":\"https:\/\/kodukolle.ee\/wp-content\/uploads\/2024\/01\/Calor-LL-1180-2_1.jpg\",\"width\":1000,\"height\":1000,\"caption\":\"Calor LL-1180-2\"},{\"@type\":\"BreadcrumbList\",\"@id\":\"https:\/\/kodukolle.ee\/fi\/tuote\/takka-ll-calor-ll-1180-2-paistouunilla\/#breadcrumb\",\"itemListElement\":[{\"@type\":\"ListItem\",\"position\":1,\"name\":\"Home\",\"item\":\"https:\/\/kodukolle.ee\/fi\/\"},{\"@type\":\"ListItem\",\"position\":2,\"name\":\"Tuotteet\",\"item\":\"https:\/\/kodukolle.ee\/fi\/tuotteet\/\"},{\"@type\":\"ListItem\",\"position\":3,\"name\":\"Takka LL Calor LL-1180-2 paistouunilla\"}]},{\"@type\":\"WebSite\",\"@id\":\"https:\/\/kodukolle.ee\/en\/#website\",\"url\":\"https:\/\/kodukolle.ee\/en\/\",\"name\":\"Kodukolle\",\"description\":\"\",\"publisher\":{\"@id\":\"https:\/\/kodukolle.ee\/en\/#organization\"},\"potentialAction\":[{\"@type\":\"SearchAction\",\"target\":{\"@type\":\"EntryPoint\",\"urlTemplate\":\"https:\/\/kodukolle.ee\/en\/?s={search_term_string}\"},\"query-input\":{\"@type\":\"PropertyValueSpecification\",\"valueRequired\":true,\"valueName\":\"search_term_string\"}}],\"inLanguage\":\"fi\"},{\"@type\":\"Organization\",\"@id\":\"https:\/\/kodukolle.ee\/en\/#organization\",\"name\":\"Kodukolle\",\"url\":\"https:\/\/kodukolle.ee\/en\/\",\"logo\":{\"@type\":\"ImageObject\",\"inLanguage\":\"fi\",\"@id\":\"https:\/\/kodukolle.ee\/en\/#\/schema\/logo\/image\/\",\"url\":\"https:\/\/kodukolle.ee\/wp-content\/uploads\/2025\/06\/logo_must_gradient.svg\",\"contentUrl\":\"https:\/\/kodukolle.ee\/wp-content\/uploads\/2025\/06\/logo_must_gradient.svg\",\"caption\":\"Kodukolle\"},\"image\":{\"@id\":\"https:\/\/kodukolle.ee\/en\/#\/schema\/logo\/image\/\"}}]}<\/script>\n<!-- \/ Yoast SEO plugin. -->","yoast_head_json":{"title":"Takka LL Calor LL-1180-2 paistouunilla - Kodukolle","description":"Calor LL-1180-2 kulmatakka on varustettu 55 litran paistouunilla, jonka avulla voit helposti valmistaa ruokaa samalla kun l\u00e4mmit\u00e4t kotiasi.","robots":{"index":"index","follow":"follow","max-snippet":"max-snippet:-1","max-image-preview":"max-image-preview:large","max-video-preview":"max-video-preview:-1"},"canonical":"https:\/\/kodukolle.ee\/fi\/tuote\/takka-ll-calor-ll-1180-2-paistouunilla\/","og_locale":"fi_FI","og_type":"article","og_title":"Takka LL Calor LL-1180-2 paistouunilla - Kodukolle","og_description":"Calor LL-1180-2 kulmatakka on varustettu 55 litran paistouunilla, jonka avulla voit helposti valmistaa ruokaa samalla kun l\u00e4mmit\u00e4t kotiasi.","og_url":"https:\/\/kodukolle.ee\/fi\/tuote\/takka-ll-calor-ll-1180-2-paistouunilla\/","og_site_name":"Kodukolle","article_modified_time":"2024-03-14T08:58:15+00:00","og_image":[{"width":1000,"height":1000,"url":"https:\/\/kodukolle.ee\/wp-content\/uploads\/2024\/01\/Calor-LL-1180-2_1.jpg","type":"image\/jpeg"}],"twitter_card":"summary_large_image","twitter_misc":{"Est. reading time":"1 minuutti"},"schema":{"@context":"https:\/\/schema.org","@graph":[{"@type":"WebPage","@id":"https:\/\/kodukolle.ee\/fi\/tuote\/takka-ll-calor-ll-1180-2-paistouunilla\/","url":"https:\/\/kodukolle.ee\/fi\/tuote\/takka-ll-calor-ll-1180-2-paistouunilla\/","name":"Takka LL Calor LL-1180-2 paistouunilla - Kodukolle","isPartOf":{"@id":"https:\/\/kodukolle.ee\/en\/#website"},"primaryImageOfPage":{"@id":"https:\/\/kodukolle.ee\/fi\/tuote\/takka-ll-calor-ll-1180-2-paistouunilla\/#primaryimage"},"image":{"@id":"https:\/\/kodukolle.ee\/fi\/tuote\/takka-ll-calor-ll-1180-2-paistouunilla\/#primaryimage"},"thumbnailUrl":"https:\/\/kodukolle.ee\/wp-content\/uploads\/2024\/01\/Calor-LL-1180-2_1.jpg","datePublished":"2024-01-11T13:47:14+00:00","dateModified":"2024-03-14T08:58:15+00:00","description":"Calor LL-1180-2 kulmatakka on varustettu 55 litran paistouunilla, jonka avulla voit helposti valmistaa ruokaa samalla kun l\u00e4mmit\u00e4t kotiasi.","breadcrumb":{"@id":"https:\/\/kodukolle.ee\/fi\/tuote\/takka-ll-calor-ll-1180-2-paistouunilla\/#breadcrumb"},"inLanguage":"fi","potentialAction":[{"@type":"ReadAction","target":["https:\/\/kodukolle.ee\/fi\/tuote\/takka-ll-calor-ll-1180-2-paistouunilla\/"]}]},{"@type":"ImageObject","inLanguage":"fi","@id":"https:\/\/kodukolle.ee\/fi\/tuote\/takka-ll-calor-ll-1180-2-paistouunilla\/#primaryimage","url":"https:\/\/kodukolle.ee\/wp-content\/uploads\/2024\/01\/Calor-LL-1180-2_1.jpg","contentUrl":"https:\/\/kodukolle.ee\/wp-content\/uploads\/2024\/01\/Calor-LL-1180-2_1.jpg","width":1000,"height":1000,"caption":"Calor LL-1180-2"},{"@type":"BreadcrumbList","@id":"https:\/\/kodukolle.ee\/fi\/tuote\/takka-ll-calor-ll-1180-2-paistouunilla\/#breadcrumb","itemListElement":[{"@type":"ListItem","position":1,"name":"Home","item":"https:\/\/kodukolle.ee\/fi\/"},{"@type":"ListItem","position":2,"name":"Tuotteet","item":"https:\/\/kodukolle.ee\/fi\/tuotteet\/"},{"@type":"ListItem","position":3,"name":"Takka LL Calor LL-1180-2 paistouunilla"}]},{"@type":"WebSite","@id":"https:\/\/kodukolle.ee\/en\/#website","url":"https:\/\/kodukolle.ee\/en\/","name":"Kodukolle","description":"","publisher":{"@id":"https:\/\/kodukolle.ee\/en\/#organization"},"potentialAction":[{"@type":"SearchAction","target":{"@type":"EntryPoint","urlTemplate":"https:\/\/kodukolle.ee\/en\/?s={search_term_string}"},"query-input":{"@type":"PropertyValueSpecification","valueRequired":true,"valueName":"search_term_string"}}],"inLanguage":"fi"},{"@type":"Organization","@id":"https:\/\/kodukolle.ee\/en\/#organization","name":"Kodukolle","url":"https:\/\/kodukolle.ee\/en\/","logo":{"@type":"ImageObject","inLanguage":"fi","@id":"https:\/\/kodukolle.ee\/en\/#\/schema\/logo\/image\/","url":"https:\/\/kodukolle.ee\/wp-content\/uploads\/2025\/06\/logo_must_gradient.svg","contentUrl":"https:\/\/kodukolle.ee\/wp-content\/uploads\/2025\/06\/logo_must_gradient.svg","caption":"Kodukolle"},"image":{"@id":"https:\/\/kodukolle.ee\/en\/#\/schema\/logo\/image\/"}}]}},"_links":{"self":[{"href":"https:\/\/kodukolle.ee\/fi\/wp-json\/wp\/v2\/product\/26773","targetHints":{"allow":["GET"]}}],"collection":[{"href":"https:\/\/kodukolle.ee\/fi\/wp-json\/wp\/v2\/product"}],"about":[{"href":"https:\/\/kodukolle.ee\/fi\/wp-json\/wp\/v2\/types\/product"}],"wp:featuredmedia":[{"embeddable":true,"href":"https:\/\/kodukolle.ee\/fi\/wp-json\/wp\/v2\/media\/26777"}],"wp:attachment":[{"href":"https:\/\/kodukolle.ee\/fi\/wp-json\/wp\/v2\/media?parent=26773"}],"wp:term":[{"taxonomy":"product_brand","embeddable":true,"href":"https:\/\/kodukolle.ee\/fi\/wp-json\/wp\/v2\/product_brand?post=26773"},{"taxonomy":"product_cat","embeddable":true,"href":"https:\/\/kodukolle.ee\/fi\/wp-json\/wp\/v2\/product_cat?post=26773"},{"taxonomy":"product_tag","embeddable":true,"href":"https:\/\/kodukolle.ee\/fi\/wp-json\/wp\/v2\/product_tag?post=26773"}],"curies":[{"name":"wp","href":"https:\/\/api.w.org\/{rel}","templated":true}]}}