{"id":26817,"date":"2021-04-27T10:16:58","date_gmt":"2021-04-27T07:16:58","guid":{"rendered":"https:\/\/kodukolle.ee\/?post_type=product&#038;p=26817"},"modified":"2024-01-12T13:01:52","modified_gmt":"2024-01-12T11:01:52","slug":"takkasydan-ll-calor-ll-2060v2","status":"publish","type":"product","link":"https:\/\/kodukolle.ee\/fi\/tuote\/takkasydan-ll-calor-ll-2060v2\/","title":{"rendered":"Takkasyd\u00e4n LL Calor LL-2060V2"},"content":{"rendered":"<p><strong>Takkasyd\u00e4n LL Calor LL-2060V2 \u2013 yksinkertainen ja tyylik\u00e4s.<\/strong><\/p>\n<p>LL Calor LL-2060V2 takkasyd\u00e4mess\u00e4 yhdistyv\u00e4t saumattomasti tehokkuus, laatu, muotoilu ja turvallisuus. Sen tilava, l\u00e4mm\u00f6nkest\u00e4v\u00e4 lasinen giljotiiniovi tarjoaa t\u00e4ydellisen n\u00e4kym\u00e4n tulelle. Calor LL-2060V2 takkasyd\u00e4mess\u00e4 on hiljainen, sile\u00e4 oven avausmekanismi, joka kiinnittyy turvallisesti jokaisessa nosto- ja laskuvaiheessa. Laadukkaasta ter\u00e4ksest\u00e4 valmistettu ja kuumuutta kest\u00e4v\u00e4ll\u00e4 jauhemaalilla pinnoitettu takkasyd\u00e4n on rakennettu kest\u00e4m\u00e4\u00e4n. Palokammio on vuorattu palonkest\u00e4vill\u00e4 tiileill\u00e4 ja vermikuliitista valmistetuilla kevyill\u00e4 ohjauslevyill\u00e4, jotka est\u00e4v\u00e4t tehokkaasti kotelon palamisen ja pident\u00e4v\u00e4t sis\u00e4osan k\u00e4ytt\u00f6ik\u00e4\u00e4. Setti sis\u00e4lt\u00e4\u00e4 4 cm:n ter\u00e4srungon ja helposti tyhjennett\u00e4v\u00e4n tuhkalaatikon avuksesi. Lis\u00e4ksi on mahdollisuus hankkia galvanoidusta ter\u00e4ksest\u00e4 valmistettu ulkokuori kuuman ilman ulostuloilla, mik\u00e4 mahdollistaa l\u00e4mm\u00f6n jakamisen viereisiin huoneisiin. Lis\u00e4ksi jos haluat paitsi l\u00e4mmitt\u00e4\u00e4 tilaasi my\u00f6s valmistaa herkullisia ruokia, LL Calor -takoissa on mahdollisuus k\u00e4ytt\u00e4\u00e4 tulisijan takasein\u00e4\u00e4n kiinnitetty\u00e4 grilliritil\u00e4\u00e4.\n<\/ul>\n<p>&nbsp;<\/p>\n","protected":false},"excerpt":{"rendered":"<p>LL Calor LL-2060V2 takkasyd\u00e4mess\u00e4 yhdistyv\u00e4t saumattomasti tehokkuus, laatu, muotoilu ja turvallisuus. Sen tilava, l\u00e4mm\u00f6nkest\u00e4v\u00e4 lasinen giljotiiniovi tarjoaa t\u00e4ydellisen n\u00e4kym\u00e4n tulelle. Calor LL-2060V2 takkasyd\u00e4mess\u00e4 on hiljainen, sile\u00e4 oven avausmekanismi, joka kiinnittyy turvallisesti jokaisessa nosto- ja laskuvaiheessa. Laadukkaasta ter\u00e4ksest\u00e4 valmistettu ja kuumuutta kest\u00e4v\u00e4ll\u00e4 jauhemaalilla pinnoitettu takkasyd\u00e4n on rakennettu kest\u00e4m\u00e4\u00e4n.<\/p>\n","protected":false},"featured_media":26806,"template":"","meta":{"_acf_changed":false},"product_brand":[],"product_cat":[9690],"product_tag":[],"class_list":{"0":"post-26817","1":"product","2":"type-product","3":"status-publish","4":"has-post-thumbnail","6":"brands-ll-calor-fi","7":"product_cat-takkasydamet","9":"first","10":"instock","11":"shipping-taxable","12":"purchasable","13":"product-type-simple"},"acf":[],"yoast_head":"<!-- This site is optimized with the Yoast SEO plugin v27.2 - https:\/\/yoast.com\/product\/yoast-seo-wordpress\/ -->\n<title>Takkasyd\u00e4n LL Calor LL-2060V2 - Kodukolle<\/title>\n<meta name=\"description\" content=\"LL Calor LL-2060V2 takkasyd\u00e4mess\u00e4 yhdistyv\u00e4t saumattomasti tehokkuus, laatu, muotoilu ja turvallisuus. Sen tilava, l\u00e4mm\u00f6nkest\u00e4v\u00e4 lasinen giljotiiniovi tarjoaa t\u00e4ydellisen n\u00e4kym\u00e4n tulelle.\" \/>\n<meta name=\"robots\" content=\"index, follow, max-snippet:-1, max-image-preview:large, max-video-preview:-1\" \/>\n<link rel=\"canonical\" href=\"https:\/\/kodukolle.ee\/fi\/tuote\/takkasydan-ll-calor-ll-2060v2\/\" \/>\n<meta property=\"og:locale\" content=\"fi_FI\" \/>\n<meta property=\"og:type\" content=\"article\" \/>\n<meta property=\"og:title\" content=\"Takkasyd\u00e4n LL Calor LL-2060V2 - Kodukolle\" \/>\n<meta property=\"og:description\" content=\"LL Calor LL-2060V2 takkasyd\u00e4mess\u00e4 yhdistyv\u00e4t saumattomasti tehokkuus, laatu, muotoilu ja turvallisuus. Sen tilava, l\u00e4mm\u00f6nkest\u00e4v\u00e4 lasinen giljotiiniovi tarjoaa t\u00e4ydellisen n\u00e4kym\u00e4n tulelle.\" \/>\n<meta property=\"og:url\" content=\"https:\/\/kodukolle.ee\/fi\/tuote\/takkasydan-ll-calor-ll-2060v2\/\" \/>\n<meta property=\"og:site_name\" content=\"Kodukolle\" \/>\n<meta property=\"article:modified_time\" content=\"2024-01-12T11:01:52+00:00\" \/>\n<meta property=\"og:image\" content=\"https:\/\/kodukolle.ee\/wp-content\/uploads\/2021\/04\/Calor-LL-2060-2080-2090.jpg\" \/>\n\t<meta property=\"og:image:width\" content=\"1615\" \/>\n\t<meta property=\"og:image:height\" content=\"1349\" \/>\n\t<meta property=\"og:image:type\" content=\"image\/jpeg\" \/>\n<meta name=\"twitter:card\" content=\"summary_large_image\" \/>\n<script type=\"application\/ld+json\" class=\"yoast-schema-graph\">{\"@context\":\"https:\/\/schema.org\",\"@graph\":[{\"@type\":\"WebPage\",\"@id\":\"https:\/\/kodukolle.ee\/fi\/tuote\/takkasydan-ll-calor-ll-2060v2\/\",\"url\":\"https:\/\/kodukolle.ee\/fi\/tuote\/takkasydan-ll-calor-ll-2060v2\/\",\"name\":\"Takkasyd\u00e4n LL Calor LL-2060V2 - Kodukolle\",\"isPartOf\":{\"@id\":\"https:\/\/kodukolle.ee\/en\/#website\"},\"primaryImageOfPage\":{\"@id\":\"https:\/\/kodukolle.ee\/fi\/tuote\/takkasydan-ll-calor-ll-2060v2\/#primaryimage\"},\"image\":{\"@id\":\"https:\/\/kodukolle.ee\/fi\/tuote\/takkasydan-ll-calor-ll-2060v2\/#primaryimage\"},\"thumbnailUrl\":\"https:\/\/kodukolle.ee\/wp-content\/uploads\/2021\/04\/Calor-LL-2060-2080-2090.jpg\",\"datePublished\":\"2021-04-27T07:16:58+00:00\",\"dateModified\":\"2024-01-12T11:01:52+00:00\",\"description\":\"LL Calor LL-2060V2 takkasyd\u00e4mess\u00e4 yhdistyv\u00e4t saumattomasti tehokkuus, laatu, muotoilu ja turvallisuus. Sen tilava, l\u00e4mm\u00f6nkest\u00e4v\u00e4 lasinen giljotiiniovi tarjoaa t\u00e4ydellisen n\u00e4kym\u00e4n tulelle.\",\"breadcrumb\":{\"@id\":\"https:\/\/kodukolle.ee\/fi\/tuote\/takkasydan-ll-calor-ll-2060v2\/#breadcrumb\"},\"inLanguage\":\"fi\",\"potentialAction\":[{\"@type\":\"ReadAction\",\"target\":[\"https:\/\/kodukolle.ee\/fi\/tuote\/takkasydan-ll-calor-ll-2060v2\/\"]}]},{\"@type\":\"ImageObject\",\"inLanguage\":\"fi\",\"@id\":\"https:\/\/kodukolle.ee\/fi\/tuote\/takkasydan-ll-calor-ll-2060v2\/#primaryimage\",\"url\":\"https:\/\/kodukolle.ee\/wp-content\/uploads\/2021\/04\/Calor-LL-2060-2080-2090.jpg\",\"contentUrl\":\"https:\/\/kodukolle.ee\/wp-content\/uploads\/2021\/04\/Calor-LL-2060-2080-2090.jpg\",\"width\":1615,\"height\":1349,\"caption\":\"Calor LL-2060\"},{\"@type\":\"BreadcrumbList\",\"@id\":\"https:\/\/kodukolle.ee\/fi\/tuote\/takkasydan-ll-calor-ll-2060v2\/#breadcrumb\",\"itemListElement\":[{\"@type\":\"ListItem\",\"position\":1,\"name\":\"Home\",\"item\":\"https:\/\/kodukolle.ee\/fi\/\"},{\"@type\":\"ListItem\",\"position\":2,\"name\":\"Tuotteet\",\"item\":\"https:\/\/kodukolle.ee\/fi\/tuotteet\/\"},{\"@type\":\"ListItem\",\"position\":3,\"name\":\"Takkasyd\u00e4n LL Calor LL-2060V2\"}]},{\"@type\":\"WebSite\",\"@id\":\"https:\/\/kodukolle.ee\/en\/#website\",\"url\":\"https:\/\/kodukolle.ee\/en\/\",\"name\":\"Kodukolle\",\"description\":\"\",\"publisher\":{\"@id\":\"https:\/\/kodukolle.ee\/en\/#organization\"},\"potentialAction\":[{\"@type\":\"SearchAction\",\"target\":{\"@type\":\"EntryPoint\",\"urlTemplate\":\"https:\/\/kodukolle.ee\/en\/?s={search_term_string}\"},\"query-input\":{\"@type\":\"PropertyValueSpecification\",\"valueRequired\":true,\"valueName\":\"search_term_string\"}}],\"inLanguage\":\"fi\"},{\"@type\":\"Organization\",\"@id\":\"https:\/\/kodukolle.ee\/en\/#organization\",\"name\":\"Kodukolle\",\"url\":\"https:\/\/kodukolle.ee\/en\/\",\"logo\":{\"@type\":\"ImageObject\",\"inLanguage\":\"fi\",\"@id\":\"https:\/\/kodukolle.ee\/en\/#\/schema\/logo\/image\/\",\"url\":\"https:\/\/kodukolle.ee\/wp-content\/uploads\/2025\/06\/logo_must_gradient.svg\",\"contentUrl\":\"https:\/\/kodukolle.ee\/wp-content\/uploads\/2025\/06\/logo_must_gradient.svg\",\"caption\":\"Kodukolle\"},\"image\":{\"@id\":\"https:\/\/kodukolle.ee\/en\/#\/schema\/logo\/image\/\"}}]}<\/script>\n<!-- \/ Yoast SEO plugin. -->","yoast_head_json":{"title":"Takkasyd\u00e4n LL Calor LL-2060V2 - Kodukolle","description":"LL Calor LL-2060V2 takkasyd\u00e4mess\u00e4 yhdistyv\u00e4t saumattomasti tehokkuus, laatu, muotoilu ja turvallisuus. Sen tilava, l\u00e4mm\u00f6nkest\u00e4v\u00e4 lasinen giljotiiniovi tarjoaa t\u00e4ydellisen n\u00e4kym\u00e4n tulelle.","robots":{"index":"index","follow":"follow","max-snippet":"max-snippet:-1","max-image-preview":"max-image-preview:large","max-video-preview":"max-video-preview:-1"},"canonical":"https:\/\/kodukolle.ee\/fi\/tuote\/takkasydan-ll-calor-ll-2060v2\/","og_locale":"fi_FI","og_type":"article","og_title":"Takkasyd\u00e4n LL Calor LL-2060V2 - Kodukolle","og_description":"LL Calor LL-2060V2 takkasyd\u00e4mess\u00e4 yhdistyv\u00e4t saumattomasti tehokkuus, laatu, muotoilu ja turvallisuus. Sen tilava, l\u00e4mm\u00f6nkest\u00e4v\u00e4 lasinen giljotiiniovi tarjoaa t\u00e4ydellisen n\u00e4kym\u00e4n tulelle.","og_url":"https:\/\/kodukolle.ee\/fi\/tuote\/takkasydan-ll-calor-ll-2060v2\/","og_site_name":"Kodukolle","article_modified_time":"2024-01-12T11:01:52+00:00","og_image":[{"width":1615,"height":1349,"url":"https:\/\/kodukolle.ee\/wp-content\/uploads\/2021\/04\/Calor-LL-2060-2080-2090.jpg","type":"image\/jpeg"}],"twitter_card":"summary_large_image","schema":{"@context":"https:\/\/schema.org","@graph":[{"@type":"WebPage","@id":"https:\/\/kodukolle.ee\/fi\/tuote\/takkasydan-ll-calor-ll-2060v2\/","url":"https:\/\/kodukolle.ee\/fi\/tuote\/takkasydan-ll-calor-ll-2060v2\/","name":"Takkasyd\u00e4n LL Calor LL-2060V2 - Kodukolle","isPartOf":{"@id":"https:\/\/kodukolle.ee\/en\/#website"},"primaryImageOfPage":{"@id":"https:\/\/kodukolle.ee\/fi\/tuote\/takkasydan-ll-calor-ll-2060v2\/#primaryimage"},"image":{"@id":"https:\/\/kodukolle.ee\/fi\/tuote\/takkasydan-ll-calor-ll-2060v2\/#primaryimage"},"thumbnailUrl":"https:\/\/kodukolle.ee\/wp-content\/uploads\/2021\/04\/Calor-LL-2060-2080-2090.jpg","datePublished":"2021-04-27T07:16:58+00:00","dateModified":"2024-01-12T11:01:52+00:00","description":"LL Calor LL-2060V2 takkasyd\u00e4mess\u00e4 yhdistyv\u00e4t saumattomasti tehokkuus, laatu, muotoilu ja turvallisuus. Sen tilava, l\u00e4mm\u00f6nkest\u00e4v\u00e4 lasinen giljotiiniovi tarjoaa t\u00e4ydellisen n\u00e4kym\u00e4n tulelle.","breadcrumb":{"@id":"https:\/\/kodukolle.ee\/fi\/tuote\/takkasydan-ll-calor-ll-2060v2\/#breadcrumb"},"inLanguage":"fi","potentialAction":[{"@type":"ReadAction","target":["https:\/\/kodukolle.ee\/fi\/tuote\/takkasydan-ll-calor-ll-2060v2\/"]}]},{"@type":"ImageObject","inLanguage":"fi","@id":"https:\/\/kodukolle.ee\/fi\/tuote\/takkasydan-ll-calor-ll-2060v2\/#primaryimage","url":"https:\/\/kodukolle.ee\/wp-content\/uploads\/2021\/04\/Calor-LL-2060-2080-2090.jpg","contentUrl":"https:\/\/kodukolle.ee\/wp-content\/uploads\/2021\/04\/Calor-LL-2060-2080-2090.jpg","width":1615,"height":1349,"caption":"Calor LL-2060"},{"@type":"BreadcrumbList","@id":"https:\/\/kodukolle.ee\/fi\/tuote\/takkasydan-ll-calor-ll-2060v2\/#breadcrumb","itemListElement":[{"@type":"ListItem","position":1,"name":"Home","item":"https:\/\/kodukolle.ee\/fi\/"},{"@type":"ListItem","position":2,"name":"Tuotteet","item":"https:\/\/kodukolle.ee\/fi\/tuotteet\/"},{"@type":"ListItem","position":3,"name":"Takkasyd\u00e4n LL Calor LL-2060V2"}]},{"@type":"WebSite","@id":"https:\/\/kodukolle.ee\/en\/#website","url":"https:\/\/kodukolle.ee\/en\/","name":"Kodukolle","description":"","publisher":{"@id":"https:\/\/kodukolle.ee\/en\/#organization"},"potentialAction":[{"@type":"SearchAction","target":{"@type":"EntryPoint","urlTemplate":"https:\/\/kodukolle.ee\/en\/?s={search_term_string}"},"query-input":{"@type":"PropertyValueSpecification","valueRequired":true,"valueName":"search_term_string"}}],"inLanguage":"fi"},{"@type":"Organization","@id":"https:\/\/kodukolle.ee\/en\/#organization","name":"Kodukolle","url":"https:\/\/kodukolle.ee\/en\/","logo":{"@type":"ImageObject","inLanguage":"fi","@id":"https:\/\/kodukolle.ee\/en\/#\/schema\/logo\/image\/","url":"https:\/\/kodukolle.ee\/wp-content\/uploads\/2025\/06\/logo_must_gradient.svg","contentUrl":"https:\/\/kodukolle.ee\/wp-content\/uploads\/2025\/06\/logo_must_gradient.svg","caption":"Kodukolle"},"image":{"@id":"https:\/\/kodukolle.ee\/en\/#\/schema\/logo\/image\/"}}]}},"_links":{"self":[{"href":"https:\/\/kodukolle.ee\/fi\/wp-json\/wp\/v2\/product\/26817","targetHints":{"allow":["GET"]}}],"collection":[{"href":"https:\/\/kodukolle.ee\/fi\/wp-json\/wp\/v2\/product"}],"about":[{"href":"https:\/\/kodukolle.ee\/fi\/wp-json\/wp\/v2\/types\/product"}],"wp:featuredmedia":[{"embeddable":true,"href":"https:\/\/kodukolle.ee\/fi\/wp-json\/wp\/v2\/media\/26806"}],"wp:attachment":[{"href":"https:\/\/kodukolle.ee\/fi\/wp-json\/wp\/v2\/media?parent=26817"}],"wp:term":[{"taxonomy":"product_brand","embeddable":true,"href":"https:\/\/kodukolle.ee\/fi\/wp-json\/wp\/v2\/product_brand?post=26817"},{"taxonomy":"product_cat","embeddable":true,"href":"https:\/\/kodukolle.ee\/fi\/wp-json\/wp\/v2\/product_cat?post=26817"},{"taxonomy":"product_tag","embeddable":true,"href":"https:\/\/kodukolle.ee\/fi\/wp-json\/wp\/v2\/product_tag?post=26817"}],"curies":[{"name":"wp","href":"https:\/\/api.w.org\/{rel}","templated":true}]}}