{"id":26854,"date":"2021-04-21T15:15:49","date_gmt":"2021-04-21T12:15:49","guid":{"rendered":"https:\/\/kodukolle.ee\/?post_type=product&#038;p=26854"},"modified":"2024-01-16T09:28:28","modified_gmt":"2024-01-16T07:28:28","slug":"takkasydan-ll-calor-argo-70","status":"publish","type":"product","link":"https:\/\/kodukolle.ee\/fi\/tuote\/takkasydan-ll-calor-argo-70\/","title":{"rendered":"Takkasyd\u00e4n LL Calor ARGO-70"},"content":{"rendered":"<p><strong>Takkasyd\u00e4n LL Calor ARGO-70 \u2013 laadukas ja moderni.<\/strong><\/p>\n<p>LL Calor Argo-70 on ylellinen moderni takkasyd\u00e4n, joka on valmistettu korkealaatuisesta, l\u00e4mm\u00f6nkest\u00e4v\u00e4st\u00e4 ter\u00e4ksest\u00e4 ja jossa on tulenkest\u00e4v\u00e4ll\u00e4 vermikuliittilaatalla vuorattu tulisija. T\u00e4m\u00e4 takkasyd\u00e4men muotoilu on mieleenpainuva mutta huomaamaton, joten se sopii asennettavaksi sek\u00e4 olemassa oleviin ett\u00e4 uusiin takka-aukoihin. Kahden tuulettimen pakkotuuletusj\u00e4rjestelm\u00e4ll\u00e4 varustettu LL Calor Argo-70 tarjoaa kaksivaiheisen manuaalisen tai automaattisen termostaattikytkimen tarkkaan l\u00e4mp\u00f6tilan s\u00e4\u00e4t\u00f6\u00f6n. K\u00e4ytt\u00e4jill\u00e4 on mahdollisuus siirt\u00e4\u00e4 l\u00e4mp\u00f6\u00e4 kuumailmakonvektiolla tai pakkotuuletuksella, mik\u00e4 tarjoaa joustavuutta l\u00e4mmitystottumuksissa. LL Calor -takkasyd\u00e4miss\u00e4 on toissijainen polttoj\u00e4rjestelm\u00e4, joka parantaa palamistehokkuutta ja v\u00e4hent\u00e4\u00e4 puun kulutusta. Puhdas lasi -j\u00e4rjestelm\u00e4 varmistaa, ett\u00e4 lasi pysyy kirkkaana pitk\u00e4\u00e4n. Lis\u00e4ksi prim\u00e4\u00e4ri- ja toisioilman sy\u00f6t\u00f6n erillinen s\u00e4\u00e4t\u00f6 takaa tarkan ilman annostelun ja pitk\u00e4kestoisen palamisen. LL Calor Argo-70:n lis\u00e4varusteita ovat 4-puoliset kehykset (10 cm), automaattinen tuulettimen nopeudens\u00e4\u00e4t\u00f6laite (saatavilla sis\u00e4\u00e4nrakennettuna tai erikseen asennettuna ominaisuutena) ja ulkoinen ilmanottopelti.\n<\/ul>\n<p>&nbsp;<\/p>\n","protected":false},"excerpt":{"rendered":"<p>LL Calor Argo-70 on ylellinen moderni takkasyd\u00e4n, joka on valmistettu korkealaatuisesta, l\u00e4mm\u00f6nkest\u00e4v\u00e4st\u00e4 ter\u00e4ksest\u00e4 ja jossa on tulenkest\u00e4v\u00e4ll\u00e4 vermikuliittilaatalla vuorattu tulisija. T\u00e4m\u00e4 takkasyd\u00e4men muotoilu on mieleenpainuva mutta huomaamaton, joten se sopii asennettavaksi sek\u00e4 olemassa oleviin ett\u00e4 uusiin takka-aukoihin. Kahden tuulettimen pakkotuuletusj\u00e4rjestelm\u00e4ll\u00e4 varustettu LL Calor Argo-70 tarjoaa kaksivaiheisen manuaalisen tai automaattisen termostaattikytkimen tarkkaan l\u00e4mp\u00f6tilan s\u00e4\u00e4t\u00f6\u00f6n.<\/p>\n","protected":false},"featured_media":26843,"template":"","meta":{"_acf_changed":false},"product_brand":[],"product_cat":[9690],"product_tag":[],"class_list":{"0":"post-26854","1":"product","2":"type-product","3":"status-publish","4":"has-post-thumbnail","6":"brands-ll-calor-fi","7":"product_cat-takkasydamet","9":"first","10":"instock","11":"shipping-taxable","12":"product-type-simple"},"acf":[],"yoast_head":"<!-- This site is optimized with the Yoast SEO plugin v27.2 - https:\/\/yoast.com\/product\/yoast-seo-wordpress\/ -->\n<title>Takkasyd\u00e4n LL Calor ARGO-70 - Kodukolle<\/title>\n<meta name=\"description\" content=\"LL Calor Argo-70 on ylellinen moderni takkasyd\u00e4n, joka on valmistettu korkealaatuisesta, l\u00e4mm\u00f6nkest\u00e4v\u00e4st\u00e4 ter\u00e4ksest\u00e4 ja jossa on tulenkest\u00e4v\u00e4ll\u00e4 vermikuliittilaatalla vuorattu tulisija.\" \/>\n<meta name=\"robots\" content=\"index, follow, max-snippet:-1, max-image-preview:large, max-video-preview:-1\" \/>\n<link rel=\"canonical\" href=\"https:\/\/kodukolle.ee\/fi\/tuote\/takkasydan-ll-calor-argo-70\/\" \/>\n<meta property=\"og:locale\" content=\"fi_FI\" \/>\n<meta property=\"og:type\" content=\"article\" \/>\n<meta property=\"og:title\" content=\"Takkasyd\u00e4n LL Calor ARGO-70 - Kodukolle\" \/>\n<meta property=\"og:description\" content=\"LL Calor Argo-70 on ylellinen moderni takkasyd\u00e4n, joka on valmistettu korkealaatuisesta, l\u00e4mm\u00f6nkest\u00e4v\u00e4st\u00e4 ter\u00e4ksest\u00e4 ja jossa on tulenkest\u00e4v\u00e4ll\u00e4 vermikuliittilaatalla vuorattu tulisija.\" \/>\n<meta property=\"og:url\" content=\"https:\/\/kodukolle.ee\/fi\/tuote\/takkasydan-ll-calor-argo-70\/\" \/>\n<meta property=\"og:site_name\" content=\"Kodukolle\" \/>\n<meta property=\"article:modified_time\" content=\"2024-01-16T07:28:28+00:00\" \/>\n<meta property=\"og:image\" content=\"https:\/\/kodukolle.ee\/wp-content\/uploads\/2021\/04\/Calor-ARGO-7080100-int.jpg\" \/>\n\t<meta property=\"og:image:width\" content=\"1241\" \/>\n\t<meta property=\"og:image:height\" content=\"1154\" \/>\n\t<meta property=\"og:image:type\" content=\"image\/jpeg\" \/>\n<meta name=\"twitter:card\" content=\"summary_large_image\" \/>\n<script type=\"application\/ld+json\" class=\"yoast-schema-graph\">{\"@context\":\"https:\/\/schema.org\",\"@graph\":[{\"@type\":\"WebPage\",\"@id\":\"https:\/\/kodukolle.ee\/fi\/tuote\/takkasydan-ll-calor-argo-70\/\",\"url\":\"https:\/\/kodukolle.ee\/fi\/tuote\/takkasydan-ll-calor-argo-70\/\",\"name\":\"Takkasyd\u00e4n LL Calor ARGO-70 - Kodukolle\",\"isPartOf\":{\"@id\":\"https:\/\/kodukolle.ee\/en\/#website\"},\"primaryImageOfPage\":{\"@id\":\"https:\/\/kodukolle.ee\/fi\/tuote\/takkasydan-ll-calor-argo-70\/#primaryimage\"},\"image\":{\"@id\":\"https:\/\/kodukolle.ee\/fi\/tuote\/takkasydan-ll-calor-argo-70\/#primaryimage\"},\"thumbnailUrl\":\"https:\/\/kodukolle.ee\/wp-content\/uploads\/2021\/04\/Calor-ARGO-7080100-int.jpg\",\"datePublished\":\"2021-04-21T12:15:49+00:00\",\"dateModified\":\"2024-01-16T07:28:28+00:00\",\"description\":\"LL Calor Argo-70 on ylellinen moderni takkasyd\u00e4n, joka on valmistettu korkealaatuisesta, l\u00e4mm\u00f6nkest\u00e4v\u00e4st\u00e4 ter\u00e4ksest\u00e4 ja jossa on tulenkest\u00e4v\u00e4ll\u00e4 vermikuliittilaatalla vuorattu tulisija.\",\"breadcrumb\":{\"@id\":\"https:\/\/kodukolle.ee\/fi\/tuote\/takkasydan-ll-calor-argo-70\/#breadcrumb\"},\"inLanguage\":\"fi\",\"potentialAction\":[{\"@type\":\"ReadAction\",\"target\":[\"https:\/\/kodukolle.ee\/fi\/tuote\/takkasydan-ll-calor-argo-70\/\"]}]},{\"@type\":\"ImageObject\",\"inLanguage\":\"fi\",\"@id\":\"https:\/\/kodukolle.ee\/fi\/tuote\/takkasydan-ll-calor-argo-70\/#primaryimage\",\"url\":\"https:\/\/kodukolle.ee\/wp-content\/uploads\/2021\/04\/Calor-ARGO-7080100-int.jpg\",\"contentUrl\":\"https:\/\/kodukolle.ee\/wp-content\/uploads\/2021\/04\/Calor-ARGO-7080100-int.jpg\",\"width\":1241,\"height\":1154,\"caption\":\"Calor ARGO-70\"},{\"@type\":\"BreadcrumbList\",\"@id\":\"https:\/\/kodukolle.ee\/fi\/tuote\/takkasydan-ll-calor-argo-70\/#breadcrumb\",\"itemListElement\":[{\"@type\":\"ListItem\",\"position\":1,\"name\":\"Home\",\"item\":\"https:\/\/kodukolle.ee\/fi\/\"},{\"@type\":\"ListItem\",\"position\":2,\"name\":\"Tuotteet\",\"item\":\"https:\/\/kodukolle.ee\/fi\/tuotteet\/\"},{\"@type\":\"ListItem\",\"position\":3,\"name\":\"Takkasyd\u00e4n LL Calor ARGO-70\"}]},{\"@type\":\"WebSite\",\"@id\":\"https:\/\/kodukolle.ee\/en\/#website\",\"url\":\"https:\/\/kodukolle.ee\/en\/\",\"name\":\"Kodukolle\",\"description\":\"\",\"publisher\":{\"@id\":\"https:\/\/kodukolle.ee\/en\/#organization\"},\"potentialAction\":[{\"@type\":\"SearchAction\",\"target\":{\"@type\":\"EntryPoint\",\"urlTemplate\":\"https:\/\/kodukolle.ee\/en\/?s={search_term_string}\"},\"query-input\":{\"@type\":\"PropertyValueSpecification\",\"valueRequired\":true,\"valueName\":\"search_term_string\"}}],\"inLanguage\":\"fi\"},{\"@type\":\"Organization\",\"@id\":\"https:\/\/kodukolle.ee\/en\/#organization\",\"name\":\"Kodukolle\",\"url\":\"https:\/\/kodukolle.ee\/en\/\",\"logo\":{\"@type\":\"ImageObject\",\"inLanguage\":\"fi\",\"@id\":\"https:\/\/kodukolle.ee\/en\/#\/schema\/logo\/image\/\",\"url\":\"https:\/\/kodukolle.ee\/wp-content\/uploads\/2025\/06\/logo_must_gradient.svg\",\"contentUrl\":\"https:\/\/kodukolle.ee\/wp-content\/uploads\/2025\/06\/logo_must_gradient.svg\",\"caption\":\"Kodukolle\"},\"image\":{\"@id\":\"https:\/\/kodukolle.ee\/en\/#\/schema\/logo\/image\/\"}}]}<\/script>\n<!-- \/ Yoast SEO plugin. -->","yoast_head_json":{"title":"Takkasyd\u00e4n LL Calor ARGO-70 - Kodukolle","description":"LL Calor Argo-70 on ylellinen moderni takkasyd\u00e4n, joka on valmistettu korkealaatuisesta, l\u00e4mm\u00f6nkest\u00e4v\u00e4st\u00e4 ter\u00e4ksest\u00e4 ja jossa on tulenkest\u00e4v\u00e4ll\u00e4 vermikuliittilaatalla vuorattu tulisija.","robots":{"index":"index","follow":"follow","max-snippet":"max-snippet:-1","max-image-preview":"max-image-preview:large","max-video-preview":"max-video-preview:-1"},"canonical":"https:\/\/kodukolle.ee\/fi\/tuote\/takkasydan-ll-calor-argo-70\/","og_locale":"fi_FI","og_type":"article","og_title":"Takkasyd\u00e4n LL Calor ARGO-70 - Kodukolle","og_description":"LL Calor Argo-70 on ylellinen moderni takkasyd\u00e4n, joka on valmistettu korkealaatuisesta, l\u00e4mm\u00f6nkest\u00e4v\u00e4st\u00e4 ter\u00e4ksest\u00e4 ja jossa on tulenkest\u00e4v\u00e4ll\u00e4 vermikuliittilaatalla vuorattu tulisija.","og_url":"https:\/\/kodukolle.ee\/fi\/tuote\/takkasydan-ll-calor-argo-70\/","og_site_name":"Kodukolle","article_modified_time":"2024-01-16T07:28:28+00:00","og_image":[{"width":1241,"height":1154,"url":"https:\/\/kodukolle.ee\/wp-content\/uploads\/2021\/04\/Calor-ARGO-7080100-int.jpg","type":"image\/jpeg"}],"twitter_card":"summary_large_image","schema":{"@context":"https:\/\/schema.org","@graph":[{"@type":"WebPage","@id":"https:\/\/kodukolle.ee\/fi\/tuote\/takkasydan-ll-calor-argo-70\/","url":"https:\/\/kodukolle.ee\/fi\/tuote\/takkasydan-ll-calor-argo-70\/","name":"Takkasyd\u00e4n LL Calor ARGO-70 - Kodukolle","isPartOf":{"@id":"https:\/\/kodukolle.ee\/en\/#website"},"primaryImageOfPage":{"@id":"https:\/\/kodukolle.ee\/fi\/tuote\/takkasydan-ll-calor-argo-70\/#primaryimage"},"image":{"@id":"https:\/\/kodukolle.ee\/fi\/tuote\/takkasydan-ll-calor-argo-70\/#primaryimage"},"thumbnailUrl":"https:\/\/kodukolle.ee\/wp-content\/uploads\/2021\/04\/Calor-ARGO-7080100-int.jpg","datePublished":"2021-04-21T12:15:49+00:00","dateModified":"2024-01-16T07:28:28+00:00","description":"LL Calor Argo-70 on ylellinen moderni takkasyd\u00e4n, joka on valmistettu korkealaatuisesta, l\u00e4mm\u00f6nkest\u00e4v\u00e4st\u00e4 ter\u00e4ksest\u00e4 ja jossa on tulenkest\u00e4v\u00e4ll\u00e4 vermikuliittilaatalla vuorattu tulisija.","breadcrumb":{"@id":"https:\/\/kodukolle.ee\/fi\/tuote\/takkasydan-ll-calor-argo-70\/#breadcrumb"},"inLanguage":"fi","potentialAction":[{"@type":"ReadAction","target":["https:\/\/kodukolle.ee\/fi\/tuote\/takkasydan-ll-calor-argo-70\/"]}]},{"@type":"ImageObject","inLanguage":"fi","@id":"https:\/\/kodukolle.ee\/fi\/tuote\/takkasydan-ll-calor-argo-70\/#primaryimage","url":"https:\/\/kodukolle.ee\/wp-content\/uploads\/2021\/04\/Calor-ARGO-7080100-int.jpg","contentUrl":"https:\/\/kodukolle.ee\/wp-content\/uploads\/2021\/04\/Calor-ARGO-7080100-int.jpg","width":1241,"height":1154,"caption":"Calor ARGO-70"},{"@type":"BreadcrumbList","@id":"https:\/\/kodukolle.ee\/fi\/tuote\/takkasydan-ll-calor-argo-70\/#breadcrumb","itemListElement":[{"@type":"ListItem","position":1,"name":"Home","item":"https:\/\/kodukolle.ee\/fi\/"},{"@type":"ListItem","position":2,"name":"Tuotteet","item":"https:\/\/kodukolle.ee\/fi\/tuotteet\/"},{"@type":"ListItem","position":3,"name":"Takkasyd\u00e4n LL Calor ARGO-70"}]},{"@type":"WebSite","@id":"https:\/\/kodukolle.ee\/en\/#website","url":"https:\/\/kodukolle.ee\/en\/","name":"Kodukolle","description":"","publisher":{"@id":"https:\/\/kodukolle.ee\/en\/#organization"},"potentialAction":[{"@type":"SearchAction","target":{"@type":"EntryPoint","urlTemplate":"https:\/\/kodukolle.ee\/en\/?s={search_term_string}"},"query-input":{"@type":"PropertyValueSpecification","valueRequired":true,"valueName":"search_term_string"}}],"inLanguage":"fi"},{"@type":"Organization","@id":"https:\/\/kodukolle.ee\/en\/#organization","name":"Kodukolle","url":"https:\/\/kodukolle.ee\/en\/","logo":{"@type":"ImageObject","inLanguage":"fi","@id":"https:\/\/kodukolle.ee\/en\/#\/schema\/logo\/image\/","url":"https:\/\/kodukolle.ee\/wp-content\/uploads\/2025\/06\/logo_must_gradient.svg","contentUrl":"https:\/\/kodukolle.ee\/wp-content\/uploads\/2025\/06\/logo_must_gradient.svg","caption":"Kodukolle"},"image":{"@id":"https:\/\/kodukolle.ee\/en\/#\/schema\/logo\/image\/"}}]}},"_links":{"self":[{"href":"https:\/\/kodukolle.ee\/fi\/wp-json\/wp\/v2\/product\/26854","targetHints":{"allow":["GET"]}}],"collection":[{"href":"https:\/\/kodukolle.ee\/fi\/wp-json\/wp\/v2\/product"}],"about":[{"href":"https:\/\/kodukolle.ee\/fi\/wp-json\/wp\/v2\/types\/product"}],"wp:featuredmedia":[{"embeddable":true,"href":"https:\/\/kodukolle.ee\/fi\/wp-json\/wp\/v2\/media\/26843"}],"wp:attachment":[{"href":"https:\/\/kodukolle.ee\/fi\/wp-json\/wp\/v2\/media?parent=26854"}],"wp:term":[{"taxonomy":"product_brand","embeddable":true,"href":"https:\/\/kodukolle.ee\/fi\/wp-json\/wp\/v2\/product_brand?post=26854"},{"taxonomy":"product_cat","embeddable":true,"href":"https:\/\/kodukolle.ee\/fi\/wp-json\/wp\/v2\/product_cat?post=26854"},{"taxonomy":"product_tag","embeddable":true,"href":"https:\/\/kodukolle.ee\/fi\/wp-json\/wp\/v2\/product_tag?post=26854"}],"curies":[{"name":"wp","href":"https:\/\/api.w.org\/{rel}","templated":true}]}}