{"id":26885,"date":"2023-06-14T15:53:38","date_gmt":"2023-06-14T12:53:38","guid":{"rendered":"https:\/\/kodukolle.ee\/?post_type=product&#038;p=26885"},"modified":"2024-01-18T14:25:28","modified_gmt":"2024-01-18T12:25:28","slug":"ulkotulisija-cook-king-cuba","status":"publish","type":"product","link":"https:\/\/kodukolle.ee\/fi\/tuote\/ulkotulisija-cook-king-cuba\/","title":{"rendered":"Ulkotulisija Cook King CUBA"},"content":{"rendered":"<p>Cook King Cuba ulkotulisijan muotoilu tekee suurimman vaikutuksen &#8211; suorat linjat ja kolmion muotoiset muodot tekev\u00e4t tulisijasta modernin ja jopa futuristisen. Cuba laadukkaalle ulkotulisijalle on ominaista yksityiskohtainen viimeistely ja iso kulho, joka on valmistettu 2 mm paksusta ter\u00e4ksest\u00e4. Koko rakenne on eritt\u00e4in vakaa ja vankka, joten se on t\u00e4ydellinen valinta niille, jotka pit\u00e4v\u00e4t turvallisuutta tulen sytytt\u00e4misess\u00e4. T\u00e4t\u00e4 kannettavaa ulkotulisijaa voidaan k\u00e4ytt\u00e4\u00e4 monin eri tavoin toimien k\u00e4yt\u00e4nn\u00f6llisen\u00e4 tulipes\u00e4n\u00e4, kannettavana grillin\u00e4, l\u00e4mm\u00f6nl\u00e4hteen\u00e4 ja tyylikk\u00e4\u00e4n\u00e4 valaisimena. Kulhon muoto on suunniteltu est\u00e4m\u00e4\u00e4n palavan puun levi\u00e4minen my\u00f6s voimakkaassa tuulessa. Cuba ulkotulisija ei vain n\u00e4yt\u00e4 hyv\u00e4lt\u00e4, vaan on yht\u00e4 toimiva kuin mik\u00e4 tahansa muu Cook King -tuote: se on turvallinen ja helppok\u00e4ytt\u00f6inen, ja sit\u00e4 voidaan siirt\u00e4\u00e4 nopeasti puutarhassasi. On t\u00e4rke\u00e4\u00e4 huomata, ett\u00e4 Cook King -palokulho on valmistettu raakater\u00e4ksest\u00e4, mik\u00e4 tarkoittaa, ett\u00e4 sen v\u00e4ri voi poiketa kuvissa n\u00e4kyv\u00e4st\u00e4. T\u00e4ll\u00e4 ter\u00e4ksen v\u00e4rin luonnollisella vaihtelulla ei kuitenkaan ole negatiivista vaikutusta tuotteen toimivuuteen tai vakauteen.<\/p>\n<p>Saatavilla olevat mitat: 70 x 70 cm.<\/p>\n<p><strong>Saatavana lis\u00e4varusteena<\/strong><\/p>\n<ul>\n<li>Erilaisia grilliritil\u00f6it\u00e4<\/li>\n<li>Ulkotulisijan kansi<\/li>\n<li>Hiilihanko<\/li>\n<li>Erilaisia \u200b\u200bpannuja ja kattiloita<\/li>\n<\/ul>\n<p>&nbsp;<\/p>\n","protected":false},"excerpt":{"rendered":"<p>Cook King Cuba ulkotulisijan muotoilu tekee suurimman vaikutuksen &#8211; suorat linjat ja kolmion muotoiset muodot tekev\u00e4t tulisijasta modernin ja jopa futuristisen. Cuba laadukkaalle ulkotulisijalle on ominaista yksityiskohtainen viimeistely ja iso kulho, joka on valmistettu 2 mm paksusta ter\u00e4ksest\u00e4. Koko rakenne on eritt\u00e4in vakaa ja vankka, joten se on t\u00e4ydellinen valinta niille, jotka pit\u00e4v\u00e4t turvallisuutta tulen sytytt\u00e4misess\u00e4. T\u00e4t\u00e4 kannettavaa ulkotulisijaa voidaan k\u00e4ytt\u00e4\u00e4 monin eri tavoin toimien k\u00e4yt\u00e4nn\u00f6llisen\u00e4 tulipes\u00e4n\u00e4, kannettavana grillin\u00e4, l\u00e4mm\u00f6nl\u00e4hteen\u00e4 ja tyylikk\u00e4\u00e4n\u00e4 valaisimena. Kulhon muoto on suunniteltu est\u00e4m\u00e4\u00e4n palavan puun levi\u00e4minen my\u00f6s voimakkaassa tuulessa.<\/p>\n","protected":false},"featured_media":13334,"template":"","meta":{"_acf_changed":false},"product_brand":[],"product_cat":[9692],"product_tag":[],"class_list":{"0":"post-26885","1":"product","2":"type-product","3":"status-publish","4":"has-post-thumbnail","6":"brands-cook-king-fi","7":"product_cat-kiukaat-ja-grillit","9":"first","10":"instock","11":"shipping-taxable","12":"product-type-simple"},"acf":[],"yoast_head":"<!-- This site is optimized with the Yoast SEO plugin v27.2 - https:\/\/yoast.com\/product\/yoast-seo-wordpress\/ -->\n<title>Ulkotulisija Cook King CUBA - Kodukolle<\/title>\n<meta name=\"description\" content=\"Cook King Cuba ulkotulisijan muotoilu tekee suurimman vaikutuksen - suorat linjat ja kolmion muotoiset muodot tekev\u00e4t tulisijasta modernin ja jopa futuristisen.\" \/>\n<meta name=\"robots\" content=\"index, follow, max-snippet:-1, max-image-preview:large, max-video-preview:-1\" \/>\n<link rel=\"canonical\" href=\"https:\/\/kodukolle.ee\/fi\/tuote\/ulkotulisija-cook-king-cuba\/\" \/>\n<meta property=\"og:locale\" content=\"fi_FI\" \/>\n<meta property=\"og:type\" content=\"article\" \/>\n<meta property=\"og:title\" content=\"Ulkotulisija Cook King CUBA - Kodukolle\" \/>\n<meta property=\"og:description\" content=\"Cook King Cuba ulkotulisijan muotoilu tekee suurimman vaikutuksen - suorat linjat ja kolmion muotoiset muodot tekev\u00e4t tulisijasta modernin ja jopa futuristisen.\" \/>\n<meta property=\"og:url\" content=\"https:\/\/kodukolle.ee\/fi\/tuote\/ulkotulisija-cook-king-cuba\/\" \/>\n<meta property=\"og:site_name\" content=\"Kodukolle\" \/>\n<meta property=\"article:modified_time\" content=\"2024-01-18T12:25:28+00:00\" \/>\n<meta property=\"og:image\" content=\"https:\/\/kodukolle.ee\/wp-content\/uploads\/2023\/06\/cuba_fire.jpg\" \/>\n\t<meta property=\"og:image:width\" content=\"1894\" \/>\n\t<meta property=\"og:image:height\" content=\"1601\" \/>\n\t<meta property=\"og:image:type\" content=\"image\/jpeg\" \/>\n<meta name=\"twitter:card\" content=\"summary_large_image\" \/>\n<meta name=\"twitter:label1\" content=\"Est. reading time\" \/>\n\t<meta name=\"twitter:data1\" content=\"2 minuuttia\" \/>\n<script type=\"application\/ld+json\" class=\"yoast-schema-graph\">{\"@context\":\"https:\/\/schema.org\",\"@graph\":[{\"@type\":\"WebPage\",\"@id\":\"https:\/\/kodukolle.ee\/fi\/tuote\/ulkotulisija-cook-king-cuba\/\",\"url\":\"https:\/\/kodukolle.ee\/fi\/tuote\/ulkotulisija-cook-king-cuba\/\",\"name\":\"Ulkotulisija Cook King CUBA - Kodukolle\",\"isPartOf\":{\"@id\":\"https:\/\/kodukolle.ee\/en\/#website\"},\"primaryImageOfPage\":{\"@id\":\"https:\/\/kodukolle.ee\/fi\/tuote\/ulkotulisija-cook-king-cuba\/#primaryimage\"},\"image\":{\"@id\":\"https:\/\/kodukolle.ee\/fi\/tuote\/ulkotulisija-cook-king-cuba\/#primaryimage\"},\"thumbnailUrl\":\"https:\/\/kodukolle.ee\/wp-content\/uploads\/2023\/06\/cuba_fire.jpg\",\"datePublished\":\"2023-06-14T12:53:38+00:00\",\"dateModified\":\"2024-01-18T12:25:28+00:00\",\"description\":\"Cook King Cuba ulkotulisijan muotoilu tekee suurimman vaikutuksen - suorat linjat ja kolmion muotoiset muodot tekev\u00e4t tulisijasta modernin ja jopa futuristisen.\",\"breadcrumb\":{\"@id\":\"https:\/\/kodukolle.ee\/fi\/tuote\/ulkotulisija-cook-king-cuba\/#breadcrumb\"},\"inLanguage\":\"fi\",\"potentialAction\":[{\"@type\":\"ReadAction\",\"target\":[\"https:\/\/kodukolle.ee\/fi\/tuote\/ulkotulisija-cook-king-cuba\/\"]}]},{\"@type\":\"ImageObject\",\"inLanguage\":\"fi\",\"@id\":\"https:\/\/kodukolle.ee\/fi\/tuote\/ulkotulisija-cook-king-cuba\/#primaryimage\",\"url\":\"https:\/\/kodukolle.ee\/wp-content\/uploads\/2023\/06\/cuba_fire.jpg\",\"contentUrl\":\"https:\/\/kodukolle.ee\/wp-content\/uploads\/2023\/06\/cuba_fire.jpg\",\"width\":1894,\"height\":1601,\"caption\":\"Cuba\"},{\"@type\":\"BreadcrumbList\",\"@id\":\"https:\/\/kodukolle.ee\/fi\/tuote\/ulkotulisija-cook-king-cuba\/#breadcrumb\",\"itemListElement\":[{\"@type\":\"ListItem\",\"position\":1,\"name\":\"Home\",\"item\":\"https:\/\/kodukolle.ee\/fi\/\"},{\"@type\":\"ListItem\",\"position\":2,\"name\":\"Tuotteet\",\"item\":\"https:\/\/kodukolle.ee\/fi\/tuotteet\/\"},{\"@type\":\"ListItem\",\"position\":3,\"name\":\"Ulkotulisija Cook King CUBA\"}]},{\"@type\":\"WebSite\",\"@id\":\"https:\/\/kodukolle.ee\/en\/#website\",\"url\":\"https:\/\/kodukolle.ee\/en\/\",\"name\":\"Kodukolle\",\"description\":\"\",\"publisher\":{\"@id\":\"https:\/\/kodukolle.ee\/en\/#organization\"},\"potentialAction\":[{\"@type\":\"SearchAction\",\"target\":{\"@type\":\"EntryPoint\",\"urlTemplate\":\"https:\/\/kodukolle.ee\/en\/?s={search_term_string}\"},\"query-input\":{\"@type\":\"PropertyValueSpecification\",\"valueRequired\":true,\"valueName\":\"search_term_string\"}}],\"inLanguage\":\"fi\"},{\"@type\":\"Organization\",\"@id\":\"https:\/\/kodukolle.ee\/en\/#organization\",\"name\":\"Kodukolle\",\"url\":\"https:\/\/kodukolle.ee\/en\/\",\"logo\":{\"@type\":\"ImageObject\",\"inLanguage\":\"fi\",\"@id\":\"https:\/\/kodukolle.ee\/en\/#\/schema\/logo\/image\/\",\"url\":\"https:\/\/kodukolle.ee\/wp-content\/uploads\/2025\/06\/logo_must_gradient.svg\",\"contentUrl\":\"https:\/\/kodukolle.ee\/wp-content\/uploads\/2025\/06\/logo_must_gradient.svg\",\"caption\":\"Kodukolle\"},\"image\":{\"@id\":\"https:\/\/kodukolle.ee\/en\/#\/schema\/logo\/image\/\"}}]}<\/script>\n<!-- \/ Yoast SEO plugin. -->","yoast_head_json":{"title":"Ulkotulisija Cook King CUBA - Kodukolle","description":"Cook King Cuba ulkotulisijan muotoilu tekee suurimman vaikutuksen - suorat linjat ja kolmion muotoiset muodot tekev\u00e4t tulisijasta modernin ja jopa futuristisen.","robots":{"index":"index","follow":"follow","max-snippet":"max-snippet:-1","max-image-preview":"max-image-preview:large","max-video-preview":"max-video-preview:-1"},"canonical":"https:\/\/kodukolle.ee\/fi\/tuote\/ulkotulisija-cook-king-cuba\/","og_locale":"fi_FI","og_type":"article","og_title":"Ulkotulisija Cook King CUBA - Kodukolle","og_description":"Cook King Cuba ulkotulisijan muotoilu tekee suurimman vaikutuksen - suorat linjat ja kolmion muotoiset muodot tekev\u00e4t tulisijasta modernin ja jopa futuristisen.","og_url":"https:\/\/kodukolle.ee\/fi\/tuote\/ulkotulisija-cook-king-cuba\/","og_site_name":"Kodukolle","article_modified_time":"2024-01-18T12:25:28+00:00","og_image":[{"width":1894,"height":1601,"url":"https:\/\/kodukolle.ee\/wp-content\/uploads\/2023\/06\/cuba_fire.jpg","type":"image\/jpeg"}],"twitter_card":"summary_large_image","twitter_misc":{"Est. reading time":"2 minuuttia"},"schema":{"@context":"https:\/\/schema.org","@graph":[{"@type":"WebPage","@id":"https:\/\/kodukolle.ee\/fi\/tuote\/ulkotulisija-cook-king-cuba\/","url":"https:\/\/kodukolle.ee\/fi\/tuote\/ulkotulisija-cook-king-cuba\/","name":"Ulkotulisija Cook King CUBA - Kodukolle","isPartOf":{"@id":"https:\/\/kodukolle.ee\/en\/#website"},"primaryImageOfPage":{"@id":"https:\/\/kodukolle.ee\/fi\/tuote\/ulkotulisija-cook-king-cuba\/#primaryimage"},"image":{"@id":"https:\/\/kodukolle.ee\/fi\/tuote\/ulkotulisija-cook-king-cuba\/#primaryimage"},"thumbnailUrl":"https:\/\/kodukolle.ee\/wp-content\/uploads\/2023\/06\/cuba_fire.jpg","datePublished":"2023-06-14T12:53:38+00:00","dateModified":"2024-01-18T12:25:28+00:00","description":"Cook King Cuba ulkotulisijan muotoilu tekee suurimman vaikutuksen - suorat linjat ja kolmion muotoiset muodot tekev\u00e4t tulisijasta modernin ja jopa futuristisen.","breadcrumb":{"@id":"https:\/\/kodukolle.ee\/fi\/tuote\/ulkotulisija-cook-king-cuba\/#breadcrumb"},"inLanguage":"fi","potentialAction":[{"@type":"ReadAction","target":["https:\/\/kodukolle.ee\/fi\/tuote\/ulkotulisija-cook-king-cuba\/"]}]},{"@type":"ImageObject","inLanguage":"fi","@id":"https:\/\/kodukolle.ee\/fi\/tuote\/ulkotulisija-cook-king-cuba\/#primaryimage","url":"https:\/\/kodukolle.ee\/wp-content\/uploads\/2023\/06\/cuba_fire.jpg","contentUrl":"https:\/\/kodukolle.ee\/wp-content\/uploads\/2023\/06\/cuba_fire.jpg","width":1894,"height":1601,"caption":"Cuba"},{"@type":"BreadcrumbList","@id":"https:\/\/kodukolle.ee\/fi\/tuote\/ulkotulisija-cook-king-cuba\/#breadcrumb","itemListElement":[{"@type":"ListItem","position":1,"name":"Home","item":"https:\/\/kodukolle.ee\/fi\/"},{"@type":"ListItem","position":2,"name":"Tuotteet","item":"https:\/\/kodukolle.ee\/fi\/tuotteet\/"},{"@type":"ListItem","position":3,"name":"Ulkotulisija Cook King CUBA"}]},{"@type":"WebSite","@id":"https:\/\/kodukolle.ee\/en\/#website","url":"https:\/\/kodukolle.ee\/en\/","name":"Kodukolle","description":"","publisher":{"@id":"https:\/\/kodukolle.ee\/en\/#organization"},"potentialAction":[{"@type":"SearchAction","target":{"@type":"EntryPoint","urlTemplate":"https:\/\/kodukolle.ee\/en\/?s={search_term_string}"},"query-input":{"@type":"PropertyValueSpecification","valueRequired":true,"valueName":"search_term_string"}}],"inLanguage":"fi"},{"@type":"Organization","@id":"https:\/\/kodukolle.ee\/en\/#organization","name":"Kodukolle","url":"https:\/\/kodukolle.ee\/en\/","logo":{"@type":"ImageObject","inLanguage":"fi","@id":"https:\/\/kodukolle.ee\/en\/#\/schema\/logo\/image\/","url":"https:\/\/kodukolle.ee\/wp-content\/uploads\/2025\/06\/logo_must_gradient.svg","contentUrl":"https:\/\/kodukolle.ee\/wp-content\/uploads\/2025\/06\/logo_must_gradient.svg","caption":"Kodukolle"},"image":{"@id":"https:\/\/kodukolle.ee\/en\/#\/schema\/logo\/image\/"}}]}},"_links":{"self":[{"href":"https:\/\/kodukolle.ee\/fi\/wp-json\/wp\/v2\/product\/26885","targetHints":{"allow":["GET"]}}],"collection":[{"href":"https:\/\/kodukolle.ee\/fi\/wp-json\/wp\/v2\/product"}],"about":[{"href":"https:\/\/kodukolle.ee\/fi\/wp-json\/wp\/v2\/types\/product"}],"wp:featuredmedia":[{"embeddable":true,"href":"https:\/\/kodukolle.ee\/fi\/wp-json\/wp\/v2\/media\/13334"}],"wp:attachment":[{"href":"https:\/\/kodukolle.ee\/fi\/wp-json\/wp\/v2\/media?parent=26885"}],"wp:term":[{"taxonomy":"product_brand","embeddable":true,"href":"https:\/\/kodukolle.ee\/fi\/wp-json\/wp\/v2\/product_brand?post=26885"},{"taxonomy":"product_cat","embeddable":true,"href":"https:\/\/kodukolle.ee\/fi\/wp-json\/wp\/v2\/product_cat?post=26885"},{"taxonomy":"product_tag","embeddable":true,"href":"https:\/\/kodukolle.ee\/fi\/wp-json\/wp\/v2\/product_tag?post=26885"}],"curies":[{"name":"wp","href":"https:\/\/api.w.org\/{rel}","templated":true}]}}