{"id":26887,"date":"2023-06-14T10:07:01","date_gmt":"2023-06-14T07:07:01","guid":{"rendered":"https:\/\/kodukolle.ee\/?post_type=product&#038;p=26887"},"modified":"2024-01-18T12:49:09","modified_gmt":"2024-01-18T10:49:09","slug":"ulkotulisija-cook-king-haiti","status":"publish","type":"product","link":"https:\/\/kodukolle.ee\/fi\/tuote\/ulkotulisija-cook-king-haiti\/","title":{"rendered":"Ulkotulisija Cook King HAITI"},"content":{"rendered":"<p>Cook King Haiti ulkotulisijassa yhdistyv\u00e4t laatu, k\u00e4yt\u00e4nn\u00f6llisyys, monipuolisuus ja moderni muotoilu. Haiti ulkotulisijalle tunnusomaista on yksityiskohtainen viimeistely ja suuri tulisija, joka on valmistettu 2 mm paksusta ter\u00e4ksest\u00e4. Koko rakenne on eritt\u00e4in vakaa ja vankka. Ulkotulisija on t\u00e4ydellinen ratkaisu niille, jotka arvostavat turvallisuutta tulen sytytt\u00e4misess\u00e4. Siirrett\u00e4v\u00e4\u00e4 ulkotulisijaa voidaan k\u00e4ytt\u00e4\u00e4 monella tapaa, se voi olla k\u00e4yt\u00e4nn\u00f6llinen tulipaikka, kannettava grilli, l\u00e4mm\u00f6nl\u00e4hde ja tyylik\u00e4s valonl\u00e4hde. Pohjan muoto est\u00e4\u00e4 palavaa puuta levi\u00e4m\u00e4st\u00e4 jopa voimakkaassa tuulessa. Tulipes\u00e4n molemmille puolille hitsattujen kahvojen ansiosta se on helppo siirt\u00e4\u00e4 paikasta toiseen. Cook King -ulkotulisija on valmistettu raakater\u00e4ksest\u00e4; siksi niiden v\u00e4ri saattaa poiketa kuvissa n\u00e4kyv\u00e4st\u00e4. T\u00e4m\u00e4 on ter\u00e4ksen luonnollinen ominaisuus, eik\u00e4 sill\u00e4 ole kielteist\u00e4 vaikutusta tuotteen toimivuuteen tai vakauteen.<\/p>\n<p>Saatavana 3 eri halkaisijaa: 60cm\/70cm\/80cm. <\/p>\n<p><strong>Saatavana lis\u00e4varusteena<\/strong><\/p>\n<ul>\n<li>Kipin\u00e4suoja<\/li>\n<li>Erilaisia \u200b\u200bgrillilevyj\u00e4 ja ritil\u00f6it\u00e4<\/li>\n<li>180 cm korkea tripod grilli<\/li>\n<li>Ulkotulisijan kansi<\/li>\n<li>Hiilihanko<\/li>\n<li>Erilaisia \u200b\u200bpannuja ja kattiloita<\/li>\n<\/ul>\n<p>&nbsp;<\/p>\n","protected":false},"excerpt":{"rendered":"<p>Cook King Haiti ulkotulisijassa yhdistyv\u00e4t laatu, k\u00e4yt\u00e4nn\u00f6llisyys, monipuolisuus ja moderni muotoilu. Haiti ulkotulisijalle tunnusomaista on yksityiskohtainen viimeistely ja suuri tulisija, joka on valmistettu 2 mm paksusta ter\u00e4ksest\u00e4. Koko rakenne on eritt\u00e4in vakaa ja vankka. Ulkotulisija on t\u00e4ydellinen ratkaisu niille, jotka arvostavat turvallisuutta tulen sytytt\u00e4misess\u00e4. Siirrett\u00e4v\u00e4\u00e4 ulkotulisijaa voidaan k\u00e4ytt\u00e4\u00e4 monella tapaa, se voi olla k\u00e4yt\u00e4nn\u00f6llinen tulipaikka, kannettava grilli, l\u00e4mm\u00f6nl\u00e4hde ja tyylik\u00e4s valonl\u00e4hde.<\/p>\n","protected":false},"featured_media":13173,"template":"","meta":{"_acf_changed":false},"product_brand":[],"product_cat":[9692],"product_tag":[],"class_list":{"0":"post-26887","1":"product","2":"type-product","3":"status-publish","4":"has-post-thumbnail","6":"brands-cook-king-fi","7":"product_cat-kiukaat-ja-grillit","9":"first","10":"instock","11":"shipping-taxable","12":"product-type-simple"},"acf":[],"yoast_head":"<!-- This site is optimized with the Yoast SEO plugin v27.2 - https:\/\/yoast.com\/product\/yoast-seo-wordpress\/ -->\n<title>Ulkotulisija Cook King HAITI - Kodukolle<\/title>\n<meta name=\"description\" content=\"Cook King Haiti ulkotulisijassa yhdistyv\u00e4t laatu, k\u00e4yt\u00e4nn\u00f6llisyys, monipuolisuus ja moderni muotoilu. Se sopii hienosti sinne sinun terassille tai patiolle.\" \/>\n<meta name=\"robots\" content=\"index, follow, max-snippet:-1, max-image-preview:large, max-video-preview:-1\" \/>\n<link rel=\"canonical\" href=\"https:\/\/kodukolle.ee\/fi\/tuote\/ulkotulisija-cook-king-haiti\/\" \/>\n<meta property=\"og:locale\" content=\"fi_FI\" \/>\n<meta property=\"og:type\" content=\"article\" \/>\n<meta property=\"og:title\" content=\"Ulkotulisija Cook King HAITI - Kodukolle\" \/>\n<meta property=\"og:description\" content=\"Cook King Haiti ulkotulisijassa yhdistyv\u00e4t laatu, k\u00e4yt\u00e4nn\u00f6llisyys, monipuolisuus ja moderni muotoilu. Se sopii hienosti sinne sinun terassille tai patiolle.\" \/>\n<meta property=\"og:url\" content=\"https:\/\/kodukolle.ee\/fi\/tuote\/ulkotulisija-cook-king-haiti\/\" \/>\n<meta property=\"og:site_name\" content=\"Kodukolle\" \/>\n<meta property=\"article:modified_time\" content=\"2024-01-18T10:49:09+00:00\" \/>\n<meta property=\"og:image\" content=\"https:\/\/kodukolle.ee\/wp-content\/uploads\/2023\/06\/haiti_fire.jpg\" \/>\n\t<meta property=\"og:image:width\" content=\"2000\" \/>\n\t<meta property=\"og:image:height\" content=\"1404\" \/>\n\t<meta property=\"og:image:type\" content=\"image\/jpeg\" \/>\n<meta name=\"twitter:card\" content=\"summary_large_image\" \/>\n<meta name=\"twitter:label1\" content=\"Est. reading time\" \/>\n\t<meta name=\"twitter:data1\" content=\"1 minuutti\" \/>\n<script type=\"application\/ld+json\" class=\"yoast-schema-graph\">{\"@context\":\"https:\/\/schema.org\",\"@graph\":[{\"@type\":\"WebPage\",\"@id\":\"https:\/\/kodukolle.ee\/fi\/tuote\/ulkotulisija-cook-king-haiti\/\",\"url\":\"https:\/\/kodukolle.ee\/fi\/tuote\/ulkotulisija-cook-king-haiti\/\",\"name\":\"Ulkotulisija Cook King HAITI - Kodukolle\",\"isPartOf\":{\"@id\":\"https:\/\/kodukolle.ee\/en\/#website\"},\"primaryImageOfPage\":{\"@id\":\"https:\/\/kodukolle.ee\/fi\/tuote\/ulkotulisija-cook-king-haiti\/#primaryimage\"},\"image\":{\"@id\":\"https:\/\/kodukolle.ee\/fi\/tuote\/ulkotulisija-cook-king-haiti\/#primaryimage\"},\"thumbnailUrl\":\"https:\/\/kodukolle.ee\/wp-content\/uploads\/2023\/06\/haiti_fire.jpg\",\"datePublished\":\"2023-06-14T07:07:01+00:00\",\"dateModified\":\"2024-01-18T10:49:09+00:00\",\"description\":\"Cook King Haiti ulkotulisijassa yhdistyv\u00e4t laatu, k\u00e4yt\u00e4nn\u00f6llisyys, monipuolisuus ja moderni muotoilu. Se sopii hienosti sinne sinun terassille tai patiolle.\",\"breadcrumb\":{\"@id\":\"https:\/\/kodukolle.ee\/fi\/tuote\/ulkotulisija-cook-king-haiti\/#breadcrumb\"},\"inLanguage\":\"fi\",\"potentialAction\":[{\"@type\":\"ReadAction\",\"target\":[\"https:\/\/kodukolle.ee\/fi\/tuote\/ulkotulisija-cook-king-haiti\/\"]}]},{\"@type\":\"ImageObject\",\"inLanguage\":\"fi\",\"@id\":\"https:\/\/kodukolle.ee\/fi\/tuote\/ulkotulisija-cook-king-haiti\/#primaryimage\",\"url\":\"https:\/\/kodukolle.ee\/wp-content\/uploads\/2023\/06\/haiti_fire.jpg\",\"contentUrl\":\"https:\/\/kodukolle.ee\/wp-content\/uploads\/2023\/06\/haiti_fire.jpg\",\"width\":2000,\"height\":1404,\"caption\":\"Haiti\"},{\"@type\":\"BreadcrumbList\",\"@id\":\"https:\/\/kodukolle.ee\/fi\/tuote\/ulkotulisija-cook-king-haiti\/#breadcrumb\",\"itemListElement\":[{\"@type\":\"ListItem\",\"position\":1,\"name\":\"Home\",\"item\":\"https:\/\/kodukolle.ee\/fi\/\"},{\"@type\":\"ListItem\",\"position\":2,\"name\":\"Tuotteet\",\"item\":\"https:\/\/kodukolle.ee\/fi\/tuotteet\/\"},{\"@type\":\"ListItem\",\"position\":3,\"name\":\"Ulkotulisija Cook King HAITI\"}]},{\"@type\":\"WebSite\",\"@id\":\"https:\/\/kodukolle.ee\/en\/#website\",\"url\":\"https:\/\/kodukolle.ee\/en\/\",\"name\":\"Kodukolle\",\"description\":\"\",\"publisher\":{\"@id\":\"https:\/\/kodukolle.ee\/en\/#organization\"},\"potentialAction\":[{\"@type\":\"SearchAction\",\"target\":{\"@type\":\"EntryPoint\",\"urlTemplate\":\"https:\/\/kodukolle.ee\/en\/?s={search_term_string}\"},\"query-input\":{\"@type\":\"PropertyValueSpecification\",\"valueRequired\":true,\"valueName\":\"search_term_string\"}}],\"inLanguage\":\"fi\"},{\"@type\":\"Organization\",\"@id\":\"https:\/\/kodukolle.ee\/en\/#organization\",\"name\":\"Kodukolle\",\"url\":\"https:\/\/kodukolle.ee\/en\/\",\"logo\":{\"@type\":\"ImageObject\",\"inLanguage\":\"fi\",\"@id\":\"https:\/\/kodukolle.ee\/en\/#\/schema\/logo\/image\/\",\"url\":\"https:\/\/kodukolle.ee\/wp-content\/uploads\/2025\/06\/logo_must_gradient.svg\",\"contentUrl\":\"https:\/\/kodukolle.ee\/wp-content\/uploads\/2025\/06\/logo_must_gradient.svg\",\"caption\":\"Kodukolle\"},\"image\":{\"@id\":\"https:\/\/kodukolle.ee\/en\/#\/schema\/logo\/image\/\"}}]}<\/script>\n<!-- \/ Yoast SEO plugin. -->","yoast_head_json":{"title":"Ulkotulisija Cook King HAITI - Kodukolle","description":"Cook King Haiti ulkotulisijassa yhdistyv\u00e4t laatu, k\u00e4yt\u00e4nn\u00f6llisyys, monipuolisuus ja moderni muotoilu. Se sopii hienosti sinne sinun terassille tai patiolle.","robots":{"index":"index","follow":"follow","max-snippet":"max-snippet:-1","max-image-preview":"max-image-preview:large","max-video-preview":"max-video-preview:-1"},"canonical":"https:\/\/kodukolle.ee\/fi\/tuote\/ulkotulisija-cook-king-haiti\/","og_locale":"fi_FI","og_type":"article","og_title":"Ulkotulisija Cook King HAITI - Kodukolle","og_description":"Cook King Haiti ulkotulisijassa yhdistyv\u00e4t laatu, k\u00e4yt\u00e4nn\u00f6llisyys, monipuolisuus ja moderni muotoilu. Se sopii hienosti sinne sinun terassille tai patiolle.","og_url":"https:\/\/kodukolle.ee\/fi\/tuote\/ulkotulisija-cook-king-haiti\/","og_site_name":"Kodukolle","article_modified_time":"2024-01-18T10:49:09+00:00","og_image":[{"width":2000,"height":1404,"url":"https:\/\/kodukolle.ee\/wp-content\/uploads\/2023\/06\/haiti_fire.jpg","type":"image\/jpeg"}],"twitter_card":"summary_large_image","twitter_misc":{"Est. reading time":"1 minuutti"},"schema":{"@context":"https:\/\/schema.org","@graph":[{"@type":"WebPage","@id":"https:\/\/kodukolle.ee\/fi\/tuote\/ulkotulisija-cook-king-haiti\/","url":"https:\/\/kodukolle.ee\/fi\/tuote\/ulkotulisija-cook-king-haiti\/","name":"Ulkotulisija Cook King HAITI - Kodukolle","isPartOf":{"@id":"https:\/\/kodukolle.ee\/en\/#website"},"primaryImageOfPage":{"@id":"https:\/\/kodukolle.ee\/fi\/tuote\/ulkotulisija-cook-king-haiti\/#primaryimage"},"image":{"@id":"https:\/\/kodukolle.ee\/fi\/tuote\/ulkotulisija-cook-king-haiti\/#primaryimage"},"thumbnailUrl":"https:\/\/kodukolle.ee\/wp-content\/uploads\/2023\/06\/haiti_fire.jpg","datePublished":"2023-06-14T07:07:01+00:00","dateModified":"2024-01-18T10:49:09+00:00","description":"Cook King Haiti ulkotulisijassa yhdistyv\u00e4t laatu, k\u00e4yt\u00e4nn\u00f6llisyys, monipuolisuus ja moderni muotoilu. Se sopii hienosti sinne sinun terassille tai patiolle.","breadcrumb":{"@id":"https:\/\/kodukolle.ee\/fi\/tuote\/ulkotulisija-cook-king-haiti\/#breadcrumb"},"inLanguage":"fi","potentialAction":[{"@type":"ReadAction","target":["https:\/\/kodukolle.ee\/fi\/tuote\/ulkotulisija-cook-king-haiti\/"]}]},{"@type":"ImageObject","inLanguage":"fi","@id":"https:\/\/kodukolle.ee\/fi\/tuote\/ulkotulisija-cook-king-haiti\/#primaryimage","url":"https:\/\/kodukolle.ee\/wp-content\/uploads\/2023\/06\/haiti_fire.jpg","contentUrl":"https:\/\/kodukolle.ee\/wp-content\/uploads\/2023\/06\/haiti_fire.jpg","width":2000,"height":1404,"caption":"Haiti"},{"@type":"BreadcrumbList","@id":"https:\/\/kodukolle.ee\/fi\/tuote\/ulkotulisija-cook-king-haiti\/#breadcrumb","itemListElement":[{"@type":"ListItem","position":1,"name":"Home","item":"https:\/\/kodukolle.ee\/fi\/"},{"@type":"ListItem","position":2,"name":"Tuotteet","item":"https:\/\/kodukolle.ee\/fi\/tuotteet\/"},{"@type":"ListItem","position":3,"name":"Ulkotulisija Cook King HAITI"}]},{"@type":"WebSite","@id":"https:\/\/kodukolle.ee\/en\/#website","url":"https:\/\/kodukolle.ee\/en\/","name":"Kodukolle","description":"","publisher":{"@id":"https:\/\/kodukolle.ee\/en\/#organization"},"potentialAction":[{"@type":"SearchAction","target":{"@type":"EntryPoint","urlTemplate":"https:\/\/kodukolle.ee\/en\/?s={search_term_string}"},"query-input":{"@type":"PropertyValueSpecification","valueRequired":true,"valueName":"search_term_string"}}],"inLanguage":"fi"},{"@type":"Organization","@id":"https:\/\/kodukolle.ee\/en\/#organization","name":"Kodukolle","url":"https:\/\/kodukolle.ee\/en\/","logo":{"@type":"ImageObject","inLanguage":"fi","@id":"https:\/\/kodukolle.ee\/en\/#\/schema\/logo\/image\/","url":"https:\/\/kodukolle.ee\/wp-content\/uploads\/2025\/06\/logo_must_gradient.svg","contentUrl":"https:\/\/kodukolle.ee\/wp-content\/uploads\/2025\/06\/logo_must_gradient.svg","caption":"Kodukolle"},"image":{"@id":"https:\/\/kodukolle.ee\/en\/#\/schema\/logo\/image\/"}}]}},"_links":{"self":[{"href":"https:\/\/kodukolle.ee\/fi\/wp-json\/wp\/v2\/product\/26887","targetHints":{"allow":["GET"]}}],"collection":[{"href":"https:\/\/kodukolle.ee\/fi\/wp-json\/wp\/v2\/product"}],"about":[{"href":"https:\/\/kodukolle.ee\/fi\/wp-json\/wp\/v2\/types\/product"}],"wp:featuredmedia":[{"embeddable":true,"href":"https:\/\/kodukolle.ee\/fi\/wp-json\/wp\/v2\/media\/13173"}],"wp:attachment":[{"href":"https:\/\/kodukolle.ee\/fi\/wp-json\/wp\/v2\/media?parent=26887"}],"wp:term":[{"taxonomy":"product_brand","embeddable":true,"href":"https:\/\/kodukolle.ee\/fi\/wp-json\/wp\/v2\/product_brand?post=26887"},{"taxonomy":"product_cat","embeddable":true,"href":"https:\/\/kodukolle.ee\/fi\/wp-json\/wp\/v2\/product_cat?post=26887"},{"taxonomy":"product_tag","embeddable":true,"href":"https:\/\/kodukolle.ee\/fi\/wp-json\/wp\/v2\/product_tag?post=26887"}],"curies":[{"name":"wp","href":"https:\/\/api.w.org\/{rel}","templated":true}]}}