{"id":26894,"date":"2023-06-15T11:48:52","date_gmt":"2023-06-15T08:48:52","guid":{"rendered":"https:\/\/kodukolle.ee\/?post_type=product&#038;p=26894"},"modified":"2024-01-18T10:59:25","modified_gmt":"2024-01-18T08:59:25","slug":"ulkotakka-cook-king-rosa","status":"publish","type":"product","link":"https:\/\/kodukolle.ee\/fi\/tuote\/ulkotakka-cook-king-rosa\/","title":{"rendered":"Ulkotakka Cook King ROSA"},"content":{"rendered":"<p>Cook King ROSA ulkotakka tuo l\u00e4mpim\u00e4n ja kutsuvan tunnelman kaikkiin ulkotiloihin. Suunniteltu erityisesti ulkok\u00e4ytt\u00f6\u00f6n, se voidaan sijoittaa puutarhaasi luomaan kodikasta tunnelmaa. T\u00e4m\u00e4 tuote on t\u00e4ydellinen niille, jotka viihtyv\u00e4t ulkona, jopa my\u00f6h\u00e4\u00e4n iltaisin. Ulkotakka lis\u00e4\u00e4 tyyli\u00e4 ja eleganssia mihin tahansa puutarhaan, kun taas sen tukeva rakenne, joka on valmistettu paksusta metallista, mahdollistaa sen l\u00e4mpenemisen nopeasti ja tehokkaasti ymp\u00e4r\u00f6iv\u00e4n alueen. Takan reuna on tarkasti leikattu paksusta ter\u00e4slevyst\u00e4 CNC-lasertekniikalla. Kun sytyt\u00e4t tulen, tulet lumoamaan takan ainutlaatuisesta ja kiehtovasta hehkusta. Koko rakenne on poikkeuksellisen vakaa ja vankka, ja kaikki elementit on hitsattu turvallisesti yhteen, mik\u00e4 varmistaa luotettavan ja kest\u00e4v\u00e4n tuotteen. Takassa on my\u00f6s k\u00e4tev\u00e4 hylly, johon voit s\u00e4ilytt\u00e4\u00e4 suuren m\u00e4\u00e4r\u00e4n puuta, ja hylly toimii suojaavana esteen\u00e4 korkeita l\u00e4mp\u00f6tiloja vastaan maassa. Pistorasian korkea asento suojaa tuotteen k\u00e4ytt\u00e4ji\u00e4 est\u00e4m\u00e4ll\u00e4 altistumisen savulle. Takan etuna on my\u00f6s sen irrotettava tuhka-allas, joka helpottaa tulisijan puhdistamista.\n<\/ul>\n<p>&nbsp;<\/p>\n","protected":false},"excerpt":{"rendered":"<p>Cook King ROSA ulkotakka tuo l\u00e4mpim\u00e4n ja kutsuvan tunnelman kaikkiin ulkotiloihin. Suunniteltu erityisesti ulkok\u00e4ytt\u00f6\u00f6n, se voidaan sijoittaa puutarhaasi luomaan kodikasta tunnelmaa. T\u00e4m\u00e4 tuote on t\u00e4ydellinen niille, jotka viihtyv\u00e4t ulkona, jopa my\u00f6h\u00e4\u00e4n iltaisin. Ulkotakka lis\u00e4\u00e4 tyyli\u00e4 ja eleganssia mihin tahansa puutarhaan, kun taas sen tukeva rakenne, joka on valmistettu paksusta metallista, mahdollistaa sen l\u00e4mpenemisen nopeasti ja tehokkaasti ymp\u00e4r\u00f6iv\u00e4n alueen.<\/p>\n","protected":false},"featured_media":13383,"template":"","meta":{"_acf_changed":false},"product_brand":[],"product_cat":[9692],"product_tag":[],"class_list":{"0":"post-26894","1":"product","2":"type-product","3":"status-publish","4":"has-post-thumbnail","6":"brands-cook-king-fi","7":"product_cat-kiukaat-ja-grillit","9":"first","10":"instock","11":"shipping-taxable","12":"product-type-simple"},"acf":[],"yoast_head":"<!-- This site is optimized with the Yoast SEO plugin v27.2 - https:\/\/yoast.com\/product\/yoast-seo-wordpress\/ -->\n<title>Ulkotakka Cook King ROSA - Kodukolle<\/title>\n<meta name=\"description\" content=\"Cook King ROSA ulkotakka tuo l\u00e4mpim\u00e4n ja kutsuvan tunnelman kaikkiin ulkotiloihin. Kun sytyt\u00e4t tulen, tulet lumoamaan takan ainutlaatuisesta ja kiehtovasta hehkusta.\" \/>\n<meta name=\"robots\" content=\"index, follow, max-snippet:-1, max-image-preview:large, max-video-preview:-1\" \/>\n<link rel=\"canonical\" href=\"https:\/\/kodukolle.ee\/fi\/tuote\/ulkotakka-cook-king-rosa\/\" \/>\n<meta property=\"og:locale\" content=\"fi_FI\" \/>\n<meta property=\"og:type\" content=\"article\" \/>\n<meta property=\"og:title\" content=\"Ulkotakka Cook King ROSA - Kodukolle\" \/>\n<meta property=\"og:description\" content=\"Cook King ROSA ulkotakka tuo l\u00e4mpim\u00e4n ja kutsuvan tunnelman kaikkiin ulkotiloihin. Kun sytyt\u00e4t tulen, tulet lumoamaan takan ainutlaatuisesta ja kiehtovasta hehkusta.\" \/>\n<meta property=\"og:url\" content=\"https:\/\/kodukolle.ee\/fi\/tuote\/ulkotakka-cook-king-rosa\/\" \/>\n<meta property=\"og:site_name\" content=\"Kodukolle\" \/>\n<meta property=\"article:modified_time\" content=\"2024-01-18T08:59:25+00:00\" \/>\n<meta property=\"og:image\" content=\"https:\/\/kodukolle.ee\/wp-content\/uploads\/2023\/06\/rosa4-1-1040x1600-1.jpg\" \/>\n\t<meta property=\"og:image:width\" content=\"1040\" \/>\n\t<meta property=\"og:image:height\" content=\"1600\" \/>\n\t<meta property=\"og:image:type\" content=\"image\/jpeg\" \/>\n<meta name=\"twitter:card\" content=\"summary_large_image\" \/>\n<script type=\"application\/ld+json\" class=\"yoast-schema-graph\">{\"@context\":\"https:\/\/schema.org\",\"@graph\":[{\"@type\":\"WebPage\",\"@id\":\"https:\/\/kodukolle.ee\/fi\/tuote\/ulkotakka-cook-king-rosa\/\",\"url\":\"https:\/\/kodukolle.ee\/fi\/tuote\/ulkotakka-cook-king-rosa\/\",\"name\":\"Ulkotakka Cook King ROSA - Kodukolle\",\"isPartOf\":{\"@id\":\"https:\/\/kodukolle.ee\/en\/#website\"},\"primaryImageOfPage\":{\"@id\":\"https:\/\/kodukolle.ee\/fi\/tuote\/ulkotakka-cook-king-rosa\/#primaryimage\"},\"image\":{\"@id\":\"https:\/\/kodukolle.ee\/fi\/tuote\/ulkotakka-cook-king-rosa\/#primaryimage\"},\"thumbnailUrl\":\"https:\/\/kodukolle.ee\/wp-content\/uploads\/2023\/06\/rosa4-1-1040x1600-1.jpg\",\"datePublished\":\"2023-06-15T08:48:52+00:00\",\"dateModified\":\"2024-01-18T08:59:25+00:00\",\"description\":\"Cook King ROSA ulkotakka tuo l\u00e4mpim\u00e4n ja kutsuvan tunnelman kaikkiin ulkotiloihin. Kun sytyt\u00e4t tulen, tulet lumoamaan takan ainutlaatuisesta ja kiehtovasta hehkusta.\",\"breadcrumb\":{\"@id\":\"https:\/\/kodukolle.ee\/fi\/tuote\/ulkotakka-cook-king-rosa\/#breadcrumb\"},\"inLanguage\":\"fi\",\"potentialAction\":[{\"@type\":\"ReadAction\",\"target\":[\"https:\/\/kodukolle.ee\/fi\/tuote\/ulkotakka-cook-king-rosa\/\"]}]},{\"@type\":\"ImageObject\",\"inLanguage\":\"fi\",\"@id\":\"https:\/\/kodukolle.ee\/fi\/tuote\/ulkotakka-cook-king-rosa\/#primaryimage\",\"url\":\"https:\/\/kodukolle.ee\/wp-content\/uploads\/2023\/06\/rosa4-1-1040x1600-1.jpg\",\"contentUrl\":\"https:\/\/kodukolle.ee\/wp-content\/uploads\/2023\/06\/rosa4-1-1040x1600-1.jpg\",\"width\":1040,\"height\":1600,\"caption\":\"Rosa\"},{\"@type\":\"BreadcrumbList\",\"@id\":\"https:\/\/kodukolle.ee\/fi\/tuote\/ulkotakka-cook-king-rosa\/#breadcrumb\",\"itemListElement\":[{\"@type\":\"ListItem\",\"position\":1,\"name\":\"Home\",\"item\":\"https:\/\/kodukolle.ee\/fi\/\"},{\"@type\":\"ListItem\",\"position\":2,\"name\":\"Tuotteet\",\"item\":\"https:\/\/kodukolle.ee\/fi\/tuotteet\/\"},{\"@type\":\"ListItem\",\"position\":3,\"name\":\"Ulkotakka Cook King ROSA\"}]},{\"@type\":\"WebSite\",\"@id\":\"https:\/\/kodukolle.ee\/en\/#website\",\"url\":\"https:\/\/kodukolle.ee\/en\/\",\"name\":\"Kodukolle\",\"description\":\"\",\"publisher\":{\"@id\":\"https:\/\/kodukolle.ee\/en\/#organization\"},\"potentialAction\":[{\"@type\":\"SearchAction\",\"target\":{\"@type\":\"EntryPoint\",\"urlTemplate\":\"https:\/\/kodukolle.ee\/en\/?s={search_term_string}\"},\"query-input\":{\"@type\":\"PropertyValueSpecification\",\"valueRequired\":true,\"valueName\":\"search_term_string\"}}],\"inLanguage\":\"fi\"},{\"@type\":\"Organization\",\"@id\":\"https:\/\/kodukolle.ee\/en\/#organization\",\"name\":\"Kodukolle\",\"url\":\"https:\/\/kodukolle.ee\/en\/\",\"logo\":{\"@type\":\"ImageObject\",\"inLanguage\":\"fi\",\"@id\":\"https:\/\/kodukolle.ee\/en\/#\/schema\/logo\/image\/\",\"url\":\"https:\/\/kodukolle.ee\/wp-content\/uploads\/2025\/06\/logo_must_gradient.svg\",\"contentUrl\":\"https:\/\/kodukolle.ee\/wp-content\/uploads\/2025\/06\/logo_must_gradient.svg\",\"caption\":\"Kodukolle\"},\"image\":{\"@id\":\"https:\/\/kodukolle.ee\/en\/#\/schema\/logo\/image\/\"}}]}<\/script>\n<!-- \/ Yoast SEO plugin. -->","yoast_head_json":{"title":"Ulkotakka Cook King ROSA - Kodukolle","description":"Cook King ROSA ulkotakka tuo l\u00e4mpim\u00e4n ja kutsuvan tunnelman kaikkiin ulkotiloihin. Kun sytyt\u00e4t tulen, tulet lumoamaan takan ainutlaatuisesta ja kiehtovasta hehkusta.","robots":{"index":"index","follow":"follow","max-snippet":"max-snippet:-1","max-image-preview":"max-image-preview:large","max-video-preview":"max-video-preview:-1"},"canonical":"https:\/\/kodukolle.ee\/fi\/tuote\/ulkotakka-cook-king-rosa\/","og_locale":"fi_FI","og_type":"article","og_title":"Ulkotakka Cook King ROSA - Kodukolle","og_description":"Cook King ROSA ulkotakka tuo l\u00e4mpim\u00e4n ja kutsuvan tunnelman kaikkiin ulkotiloihin. Kun sytyt\u00e4t tulen, tulet lumoamaan takan ainutlaatuisesta ja kiehtovasta hehkusta.","og_url":"https:\/\/kodukolle.ee\/fi\/tuote\/ulkotakka-cook-king-rosa\/","og_site_name":"Kodukolle","article_modified_time":"2024-01-18T08:59:25+00:00","og_image":[{"width":1040,"height":1600,"url":"https:\/\/kodukolle.ee\/wp-content\/uploads\/2023\/06\/rosa4-1-1040x1600-1.jpg","type":"image\/jpeg"}],"twitter_card":"summary_large_image","schema":{"@context":"https:\/\/schema.org","@graph":[{"@type":"WebPage","@id":"https:\/\/kodukolle.ee\/fi\/tuote\/ulkotakka-cook-king-rosa\/","url":"https:\/\/kodukolle.ee\/fi\/tuote\/ulkotakka-cook-king-rosa\/","name":"Ulkotakka Cook King ROSA - Kodukolle","isPartOf":{"@id":"https:\/\/kodukolle.ee\/en\/#website"},"primaryImageOfPage":{"@id":"https:\/\/kodukolle.ee\/fi\/tuote\/ulkotakka-cook-king-rosa\/#primaryimage"},"image":{"@id":"https:\/\/kodukolle.ee\/fi\/tuote\/ulkotakka-cook-king-rosa\/#primaryimage"},"thumbnailUrl":"https:\/\/kodukolle.ee\/wp-content\/uploads\/2023\/06\/rosa4-1-1040x1600-1.jpg","datePublished":"2023-06-15T08:48:52+00:00","dateModified":"2024-01-18T08:59:25+00:00","description":"Cook King ROSA ulkotakka tuo l\u00e4mpim\u00e4n ja kutsuvan tunnelman kaikkiin ulkotiloihin. Kun sytyt\u00e4t tulen, tulet lumoamaan takan ainutlaatuisesta ja kiehtovasta hehkusta.","breadcrumb":{"@id":"https:\/\/kodukolle.ee\/fi\/tuote\/ulkotakka-cook-king-rosa\/#breadcrumb"},"inLanguage":"fi","potentialAction":[{"@type":"ReadAction","target":["https:\/\/kodukolle.ee\/fi\/tuote\/ulkotakka-cook-king-rosa\/"]}]},{"@type":"ImageObject","inLanguage":"fi","@id":"https:\/\/kodukolle.ee\/fi\/tuote\/ulkotakka-cook-king-rosa\/#primaryimage","url":"https:\/\/kodukolle.ee\/wp-content\/uploads\/2023\/06\/rosa4-1-1040x1600-1.jpg","contentUrl":"https:\/\/kodukolle.ee\/wp-content\/uploads\/2023\/06\/rosa4-1-1040x1600-1.jpg","width":1040,"height":1600,"caption":"Rosa"},{"@type":"BreadcrumbList","@id":"https:\/\/kodukolle.ee\/fi\/tuote\/ulkotakka-cook-king-rosa\/#breadcrumb","itemListElement":[{"@type":"ListItem","position":1,"name":"Home","item":"https:\/\/kodukolle.ee\/fi\/"},{"@type":"ListItem","position":2,"name":"Tuotteet","item":"https:\/\/kodukolle.ee\/fi\/tuotteet\/"},{"@type":"ListItem","position":3,"name":"Ulkotakka Cook King ROSA"}]},{"@type":"WebSite","@id":"https:\/\/kodukolle.ee\/en\/#website","url":"https:\/\/kodukolle.ee\/en\/","name":"Kodukolle","description":"","publisher":{"@id":"https:\/\/kodukolle.ee\/en\/#organization"},"potentialAction":[{"@type":"SearchAction","target":{"@type":"EntryPoint","urlTemplate":"https:\/\/kodukolle.ee\/en\/?s={search_term_string}"},"query-input":{"@type":"PropertyValueSpecification","valueRequired":true,"valueName":"search_term_string"}}],"inLanguage":"fi"},{"@type":"Organization","@id":"https:\/\/kodukolle.ee\/en\/#organization","name":"Kodukolle","url":"https:\/\/kodukolle.ee\/en\/","logo":{"@type":"ImageObject","inLanguage":"fi","@id":"https:\/\/kodukolle.ee\/en\/#\/schema\/logo\/image\/","url":"https:\/\/kodukolle.ee\/wp-content\/uploads\/2025\/06\/logo_must_gradient.svg","contentUrl":"https:\/\/kodukolle.ee\/wp-content\/uploads\/2025\/06\/logo_must_gradient.svg","caption":"Kodukolle"},"image":{"@id":"https:\/\/kodukolle.ee\/en\/#\/schema\/logo\/image\/"}}]}},"_links":{"self":[{"href":"https:\/\/kodukolle.ee\/fi\/wp-json\/wp\/v2\/product\/26894","targetHints":{"allow":["GET"]}}],"collection":[{"href":"https:\/\/kodukolle.ee\/fi\/wp-json\/wp\/v2\/product"}],"about":[{"href":"https:\/\/kodukolle.ee\/fi\/wp-json\/wp\/v2\/types\/product"}],"wp:featuredmedia":[{"embeddable":true,"href":"https:\/\/kodukolle.ee\/fi\/wp-json\/wp\/v2\/media\/13383"}],"wp:attachment":[{"href":"https:\/\/kodukolle.ee\/fi\/wp-json\/wp\/v2\/media?parent=26894"}],"wp:term":[{"taxonomy":"product_brand","embeddable":true,"href":"https:\/\/kodukolle.ee\/fi\/wp-json\/wp\/v2\/product_brand?post=26894"},{"taxonomy":"product_cat","embeddable":true,"href":"https:\/\/kodukolle.ee\/fi\/wp-json\/wp\/v2\/product_cat?post=26894"},{"taxonomy":"product_tag","embeddable":true,"href":"https:\/\/kodukolle.ee\/fi\/wp-json\/wp\/v2\/product_tag?post=26894"}],"curies":[{"name":"wp","href":"https:\/\/api.w.org\/{rel}","templated":true}]}}