{"id":26939,"date":"2023-06-21T09:28:04","date_gmt":"2023-06-21T06:28:04","guid":{"rendered":"https:\/\/kodukolle.ee\/?post_type=product&#038;p=26939"},"modified":"2024-01-19T10:40:35","modified_gmt":"2024-01-19T08:40:35","slug":"lampoa-varaava-kaakeliuuni-gabriel-gabriel","status":"publish","type":"product","link":"https:\/\/kodukolle.ee\/fi\/tuote\/lampoa-varaava-kaakeliuuni-gabriel-gabriel\/","title":{"rendered":"L\u00e4mp\u00f6\u00e4 varaava kaakeliuuni Gabriel GABRIEL"},"content":{"rendered":"<p>Gabriel-kaakeliuuni erottuu edukseen ainutlaatuisella kruunullaan ja yhteensopivilla yksityiskohdilla, jotka antavat sille ainutlaatuisen ulkon\u00e4\u00f6n. Kiukaassa yhdistyy perinteisten kaakeliuunien eleganssi, kauniilla linjoilla ja koristeilla, tilavaan moderniin lasioveen luoden eksklusiivisen vaikutelman. Rentoudu hetkeksi tulen kutsuvan hehkun edess\u00e4 ja koe kiukaan poikkeuksellinen ominaisuus, lempe\u00e4 ja asteittainen l\u00e4mm\u00f6n vapautuminen, mik\u00e4 lis\u00e4\u00e4 sen ainutlaatuista vieh\u00e4tyst\u00e4. Vakiovarusteisiin kuuluu moderni kuumailmakasetti ja messinkiovi. Uunin voi tilata eri korkeuksilla ja v\u00e4reill\u00e4 sek\u00e4 k\u00e4sinmaalatuilla koristeilla. Vakiomalli on 4\/5 laatoitettu, vakiomallin korkeus on 2290 mm.<\/p>\n<p><strong>Lis\u00e4varusteet ja -vaihtoehdot<\/strong><\/p>\n<ul>\n<li>Korkeutta voidaan s\u00e4\u00e4t\u00e4\u00e4 yl\u00f6s tai alas noin 100 mm:n v\u00e4lein.<\/li>\n<li>Valkoisen lis\u00e4ksi on mahdollista tilata lis\u00e4v\u00e4rin\u00e4 musta ja punainen. Haluttaessa on mahdollista kehitt\u00e4\u00e4 erityinen lasite.<\/li>\n<li>K\u00e4sinmaalatut koristeet, voit valita olemassa olevista koristeista tai luoda erikoiskuvion, joka on ainutlaatuinen.<\/li>\n<li>On mahdollista tilata se kaakeloituna ymp\u00e4ri.<\/li>\n<li>Kaikki messinkiosat on mahdollista vaihtaa ruostumattomiin ter\u00e4sosiin.<\/li>\n<li>Muita koriste-elementtej\u00e4 on mahdollista tilata: simit, reunalistat, friisit.<\/li>\n<li>Uunin etulevy on mahdollista tilata messingist\u00e4 tai ruostumattomasta ter\u00e4ksest\u00e4.<\/li>\n<li>On mahdollista tilata tuuletin ja tuulettimen ohjauslaite.<\/li>\n<li>On mahdollista tilata ulkoinen ilmansy\u00f6tt\u00f6 liit\u00e4nt\u00e4.<\/li>\n<\/ul>\n<p>&nbsp;<\/p>\n","protected":false},"excerpt":{"rendered":"<p>Gabriel-kaakeliuuni erottuu edukseen ainutlaatuisella kruunullaan ja yhteensopivilla yksityiskohdilla, jotka antavat sille ainutlaatuisen ulkon\u00e4\u00f6n. Kiukaassa yhdistyy perinteisten kaakeliuunien eleganssi, kauniilla linjoilla ja koristeilla, tilavaan moderniin lasioveen luoden eksklusiivisen vaikutelman. Rentoudu hetkeksi tulen kutsuvan hehkun edess\u00e4 ja koe kiukaan poikkeuksellinen ominaisuus, lempe\u00e4 ja asteittainen l\u00e4mm\u00f6n vapautuminen, mik\u00e4 lis\u00e4\u00e4 sen ainutlaatuista vieh\u00e4tyst\u00e4. Vakiovarusteisiin kuuluu moderni kuumailmakasetti ja messinkiovi. Uunin voi tilata eri korkeuksilla ja v\u00e4reill\u00e4 sek\u00e4 k\u00e4sinmaalatuilla koristeilla. Vakiomalli on 4\/5 laatoitettu, vakiomallin korkeus on 2290 mm.<\/p>\n","protected":false},"featured_media":14046,"template":"","meta":{"_acf_changed":false},"product_brand":[],"product_cat":[9684],"product_tag":[],"class_list":{"0":"post-26939","1":"product","2":"type-product","3":"status-publish","4":"has-post-thumbnail","6":"brands-gabriel-fi","7":"product_cat-varaavat-takat","9":"first","10":"instock","11":"shipping-taxable","12":"purchasable","13":"product-type-simple"},"acf":[],"yoast_head":"<!-- This site is optimized with the Yoast SEO plugin v27.2 - https:\/\/yoast.com\/product\/yoast-seo-wordpress\/ -->\n<title>L\u00e4mp\u00f6\u00e4 varaava kaakeliuuni Gabriel GABRIEL - Kodukolle<\/title>\n<meta name=\"description\" content=\"Gabriel-kaakeliuuni erottuu edukseen ainutlaatuisella kruunullaan ja yhteensopivilla yksityiskohdilla, jotka antavat sille ainutlaatuisen ulkon\u00e4\u00f6n.\" \/>\n<meta name=\"robots\" content=\"index, follow, max-snippet:-1, max-image-preview:large, max-video-preview:-1\" \/>\n<link rel=\"canonical\" href=\"https:\/\/kodukolle.ee\/fi\/tuote\/lampoa-varaava-kaakeliuuni-gabriel-gabriel\/\" \/>\n<meta property=\"og:locale\" content=\"fi_FI\" \/>\n<meta property=\"og:type\" content=\"article\" \/>\n<meta property=\"og:title\" content=\"L\u00e4mp\u00f6\u00e4 varaava kaakeliuuni Gabriel GABRIEL - Kodukolle\" \/>\n<meta property=\"og:description\" content=\"Gabriel-kaakeliuuni erottuu edukseen ainutlaatuisella kruunullaan ja yhteensopivilla yksityiskohdilla, jotka antavat sille ainutlaatuisen ulkon\u00e4\u00f6n.\" \/>\n<meta property=\"og:url\" content=\"https:\/\/kodukolle.ee\/fi\/tuote\/lampoa-varaava-kaakeliuuni-gabriel-gabriel\/\" \/>\n<meta property=\"og:site_name\" content=\"Kodukolle\" \/>\n<meta property=\"article:modified_time\" content=\"2024-01-19T08:40:35+00:00\" \/>\n<meta property=\"og:image\" content=\"https:\/\/kodukolle.ee\/wp-content\/uploads\/2023\/06\/Gabriel_kakelugn_5_lowres.jpg\" \/>\n\t<meta property=\"og:image:width\" content=\"1200\" \/>\n\t<meta property=\"og:image:height\" content=\"1200\" \/>\n\t<meta property=\"og:image:type\" content=\"image\/jpeg\" \/>\n<meta name=\"twitter:card\" content=\"summary_large_image\" \/>\n<script type=\"application\/ld+json\" class=\"yoast-schema-graph\">{\"@context\":\"https:\/\/schema.org\",\"@graph\":[{\"@type\":\"WebPage\",\"@id\":\"https:\/\/kodukolle.ee\/fi\/tuote\/lampoa-varaava-kaakeliuuni-gabriel-gabriel\/\",\"url\":\"https:\/\/kodukolle.ee\/fi\/tuote\/lampoa-varaava-kaakeliuuni-gabriel-gabriel\/\",\"name\":\"L\u00e4mp\u00f6\u00e4 varaava kaakeliuuni Gabriel GABRIEL - Kodukolle\",\"isPartOf\":{\"@id\":\"https:\/\/kodukolle.ee\/en\/#website\"},\"primaryImageOfPage\":{\"@id\":\"https:\/\/kodukolle.ee\/fi\/tuote\/lampoa-varaava-kaakeliuuni-gabriel-gabriel\/#primaryimage\"},\"image\":{\"@id\":\"https:\/\/kodukolle.ee\/fi\/tuote\/lampoa-varaava-kaakeliuuni-gabriel-gabriel\/#primaryimage\"},\"thumbnailUrl\":\"https:\/\/kodukolle.ee\/wp-content\/uploads\/2023\/06\/Gabriel_kakelugn_5_lowres.jpg\",\"datePublished\":\"2023-06-21T06:28:04+00:00\",\"dateModified\":\"2024-01-19T08:40:35+00:00\",\"description\":\"Gabriel-kaakeliuuni erottuu edukseen ainutlaatuisella kruunullaan ja yhteensopivilla yksityiskohdilla, jotka antavat sille ainutlaatuisen ulkon\u00e4\u00f6n.\",\"breadcrumb\":{\"@id\":\"https:\/\/kodukolle.ee\/fi\/tuote\/lampoa-varaava-kaakeliuuni-gabriel-gabriel\/#breadcrumb\"},\"inLanguage\":\"fi\",\"potentialAction\":[{\"@type\":\"ReadAction\",\"target\":[\"https:\/\/kodukolle.ee\/fi\/tuote\/lampoa-varaava-kaakeliuuni-gabriel-gabriel\/\"]}]},{\"@type\":\"ImageObject\",\"inLanguage\":\"fi\",\"@id\":\"https:\/\/kodukolle.ee\/fi\/tuote\/lampoa-varaava-kaakeliuuni-gabriel-gabriel\/#primaryimage\",\"url\":\"https:\/\/kodukolle.ee\/wp-content\/uploads\/2023\/06\/Gabriel_kakelugn_5_lowres.jpg\",\"contentUrl\":\"https:\/\/kodukolle.ee\/wp-content\/uploads\/2023\/06\/Gabriel_kakelugn_5_lowres.jpg\",\"width\":1200,\"height\":1200,\"caption\":\"Gabriel\"},{\"@type\":\"BreadcrumbList\",\"@id\":\"https:\/\/kodukolle.ee\/fi\/tuote\/lampoa-varaava-kaakeliuuni-gabriel-gabriel\/#breadcrumb\",\"itemListElement\":[{\"@type\":\"ListItem\",\"position\":1,\"name\":\"Home\",\"item\":\"https:\/\/kodukolle.ee\/fi\/\"},{\"@type\":\"ListItem\",\"position\":2,\"name\":\"Tuotteet\",\"item\":\"https:\/\/kodukolle.ee\/fi\/tuotteet\/\"},{\"@type\":\"ListItem\",\"position\":3,\"name\":\"L\u00e4mp\u00f6\u00e4 varaava kaakeliuuni Gabriel GABRIEL\"}]},{\"@type\":\"WebSite\",\"@id\":\"https:\/\/kodukolle.ee\/en\/#website\",\"url\":\"https:\/\/kodukolle.ee\/en\/\",\"name\":\"Kodukolle\",\"description\":\"\",\"publisher\":{\"@id\":\"https:\/\/kodukolle.ee\/en\/#organization\"},\"potentialAction\":[{\"@type\":\"SearchAction\",\"target\":{\"@type\":\"EntryPoint\",\"urlTemplate\":\"https:\/\/kodukolle.ee\/en\/?s={search_term_string}\"},\"query-input\":{\"@type\":\"PropertyValueSpecification\",\"valueRequired\":true,\"valueName\":\"search_term_string\"}}],\"inLanguage\":\"fi\"},{\"@type\":\"Organization\",\"@id\":\"https:\/\/kodukolle.ee\/en\/#organization\",\"name\":\"Kodukolle\",\"url\":\"https:\/\/kodukolle.ee\/en\/\",\"logo\":{\"@type\":\"ImageObject\",\"inLanguage\":\"fi\",\"@id\":\"https:\/\/kodukolle.ee\/en\/#\/schema\/logo\/image\/\",\"url\":\"https:\/\/kodukolle.ee\/wp-content\/uploads\/2025\/06\/logo_must_gradient.svg\",\"contentUrl\":\"https:\/\/kodukolle.ee\/wp-content\/uploads\/2025\/06\/logo_must_gradient.svg\",\"caption\":\"Kodukolle\"},\"image\":{\"@id\":\"https:\/\/kodukolle.ee\/en\/#\/schema\/logo\/image\/\"}}]}<\/script>\n<!-- \/ Yoast SEO plugin. -->","yoast_head_json":{"title":"L\u00e4mp\u00f6\u00e4 varaava kaakeliuuni Gabriel GABRIEL - Kodukolle","description":"Gabriel-kaakeliuuni erottuu edukseen ainutlaatuisella kruunullaan ja yhteensopivilla yksityiskohdilla, jotka antavat sille ainutlaatuisen ulkon\u00e4\u00f6n.","robots":{"index":"index","follow":"follow","max-snippet":"max-snippet:-1","max-image-preview":"max-image-preview:large","max-video-preview":"max-video-preview:-1"},"canonical":"https:\/\/kodukolle.ee\/fi\/tuote\/lampoa-varaava-kaakeliuuni-gabriel-gabriel\/","og_locale":"fi_FI","og_type":"article","og_title":"L\u00e4mp\u00f6\u00e4 varaava kaakeliuuni Gabriel GABRIEL - Kodukolle","og_description":"Gabriel-kaakeliuuni erottuu edukseen ainutlaatuisella kruunullaan ja yhteensopivilla yksityiskohdilla, jotka antavat sille ainutlaatuisen ulkon\u00e4\u00f6n.","og_url":"https:\/\/kodukolle.ee\/fi\/tuote\/lampoa-varaava-kaakeliuuni-gabriel-gabriel\/","og_site_name":"Kodukolle","article_modified_time":"2024-01-19T08:40:35+00:00","og_image":[{"width":1200,"height":1200,"url":"https:\/\/kodukolle.ee\/wp-content\/uploads\/2023\/06\/Gabriel_kakelugn_5_lowres.jpg","type":"image\/jpeg"}],"twitter_card":"summary_large_image","schema":{"@context":"https:\/\/schema.org","@graph":[{"@type":"WebPage","@id":"https:\/\/kodukolle.ee\/fi\/tuote\/lampoa-varaava-kaakeliuuni-gabriel-gabriel\/","url":"https:\/\/kodukolle.ee\/fi\/tuote\/lampoa-varaava-kaakeliuuni-gabriel-gabriel\/","name":"L\u00e4mp\u00f6\u00e4 varaava kaakeliuuni Gabriel GABRIEL - Kodukolle","isPartOf":{"@id":"https:\/\/kodukolle.ee\/en\/#website"},"primaryImageOfPage":{"@id":"https:\/\/kodukolle.ee\/fi\/tuote\/lampoa-varaava-kaakeliuuni-gabriel-gabriel\/#primaryimage"},"image":{"@id":"https:\/\/kodukolle.ee\/fi\/tuote\/lampoa-varaava-kaakeliuuni-gabriel-gabriel\/#primaryimage"},"thumbnailUrl":"https:\/\/kodukolle.ee\/wp-content\/uploads\/2023\/06\/Gabriel_kakelugn_5_lowres.jpg","datePublished":"2023-06-21T06:28:04+00:00","dateModified":"2024-01-19T08:40:35+00:00","description":"Gabriel-kaakeliuuni erottuu edukseen ainutlaatuisella kruunullaan ja yhteensopivilla yksityiskohdilla, jotka antavat sille ainutlaatuisen ulkon\u00e4\u00f6n.","breadcrumb":{"@id":"https:\/\/kodukolle.ee\/fi\/tuote\/lampoa-varaava-kaakeliuuni-gabriel-gabriel\/#breadcrumb"},"inLanguage":"fi","potentialAction":[{"@type":"ReadAction","target":["https:\/\/kodukolle.ee\/fi\/tuote\/lampoa-varaava-kaakeliuuni-gabriel-gabriel\/"]}]},{"@type":"ImageObject","inLanguage":"fi","@id":"https:\/\/kodukolle.ee\/fi\/tuote\/lampoa-varaava-kaakeliuuni-gabriel-gabriel\/#primaryimage","url":"https:\/\/kodukolle.ee\/wp-content\/uploads\/2023\/06\/Gabriel_kakelugn_5_lowres.jpg","contentUrl":"https:\/\/kodukolle.ee\/wp-content\/uploads\/2023\/06\/Gabriel_kakelugn_5_lowres.jpg","width":1200,"height":1200,"caption":"Gabriel"},{"@type":"BreadcrumbList","@id":"https:\/\/kodukolle.ee\/fi\/tuote\/lampoa-varaava-kaakeliuuni-gabriel-gabriel\/#breadcrumb","itemListElement":[{"@type":"ListItem","position":1,"name":"Home","item":"https:\/\/kodukolle.ee\/fi\/"},{"@type":"ListItem","position":2,"name":"Tuotteet","item":"https:\/\/kodukolle.ee\/fi\/tuotteet\/"},{"@type":"ListItem","position":3,"name":"L\u00e4mp\u00f6\u00e4 varaava kaakeliuuni Gabriel GABRIEL"}]},{"@type":"WebSite","@id":"https:\/\/kodukolle.ee\/en\/#website","url":"https:\/\/kodukolle.ee\/en\/","name":"Kodukolle","description":"","publisher":{"@id":"https:\/\/kodukolle.ee\/en\/#organization"},"potentialAction":[{"@type":"SearchAction","target":{"@type":"EntryPoint","urlTemplate":"https:\/\/kodukolle.ee\/en\/?s={search_term_string}"},"query-input":{"@type":"PropertyValueSpecification","valueRequired":true,"valueName":"search_term_string"}}],"inLanguage":"fi"},{"@type":"Organization","@id":"https:\/\/kodukolle.ee\/en\/#organization","name":"Kodukolle","url":"https:\/\/kodukolle.ee\/en\/","logo":{"@type":"ImageObject","inLanguage":"fi","@id":"https:\/\/kodukolle.ee\/en\/#\/schema\/logo\/image\/","url":"https:\/\/kodukolle.ee\/wp-content\/uploads\/2025\/06\/logo_must_gradient.svg","contentUrl":"https:\/\/kodukolle.ee\/wp-content\/uploads\/2025\/06\/logo_must_gradient.svg","caption":"Kodukolle"},"image":{"@id":"https:\/\/kodukolle.ee\/en\/#\/schema\/logo\/image\/"}}]}},"_links":{"self":[{"href":"https:\/\/kodukolle.ee\/fi\/wp-json\/wp\/v2\/product\/26939","targetHints":{"allow":["GET"]}}],"collection":[{"href":"https:\/\/kodukolle.ee\/fi\/wp-json\/wp\/v2\/product"}],"about":[{"href":"https:\/\/kodukolle.ee\/fi\/wp-json\/wp\/v2\/types\/product"}],"wp:featuredmedia":[{"embeddable":true,"href":"https:\/\/kodukolle.ee\/fi\/wp-json\/wp\/v2\/media\/14046"}],"wp:attachment":[{"href":"https:\/\/kodukolle.ee\/fi\/wp-json\/wp\/v2\/media?parent=26939"}],"wp:term":[{"taxonomy":"product_brand","embeddable":true,"href":"https:\/\/kodukolle.ee\/fi\/wp-json\/wp\/v2\/product_brand?post=26939"},{"taxonomy":"product_cat","embeddable":true,"href":"https:\/\/kodukolle.ee\/fi\/wp-json\/wp\/v2\/product_cat?post=26939"},{"taxonomy":"product_tag","embeddable":true,"href":"https:\/\/kodukolle.ee\/fi\/wp-json\/wp\/v2\/product_tag?post=26939"}],"curies":[{"name":"wp","href":"https:\/\/api.w.org\/{rel}","templated":true}]}}