{"id":26949,"date":"2023-06-20T12:55:10","date_gmt":"2023-06-20T09:55:10","guid":{"rendered":"https:\/\/kodukolle.ee\/?post_type=product&#038;p=26949"},"modified":"2024-01-19T12:05:14","modified_gmt":"2024-01-19T10:05:14","slug":"lampoa-varaava-kaakeliuuni-gabriel-ekeby","status":"publish","type":"product","link":"https:\/\/kodukolle.ee\/fi\/tuote\/lampoa-varaava-kaakeliuuni-gabriel-ekeby\/","title":{"rendered":"L\u00e4mp\u00f6\u00e4 varaava kaakeliuuni Gabriel EKEBY"},"content":{"rendered":"<p>Gabriel-kaakeliuuni Ekeby on saanut inspiraationsa komeista kartanoista, joita ymp\u00e4r\u00f6iv\u00e4t v\u00e4rikk\u00e4\u00e4t ja putoavat lehdet. Se on klassisilla linjoilla varustettu kaakeliuuni, joka sopii useimpiin sisustuksiin. Gabriel-kaakeliuunilla Ekeby voit nauttia sek\u00e4 lumoavasta tunnelmasta ett\u00e4 miellytt\u00e4v\u00e4st\u00e4 l\u00e4mm\u00f6st\u00e4, joka kest\u00e4\u00e4 sukupolvien ajan. Vakiokokoonpano sis\u00e4lt\u00e4\u00e4 nykyaikaisen kuumailmakasetin ja messinkiluukun. Uunin voi tilata eri korkeuksilla ja v\u00e4reill\u00e4 sek\u00e4 k\u00e4sinmaalatuilla koristeilla. Vakiomallin korkeus on 2350 mm.<\/p>\n<p><strong>Lis\u00e4varusteet ja -vaihtoehdot<\/strong><\/p>\n<ul>\n<li>Korkeutta voidaan s\u00e4\u00e4t\u00e4\u00e4 yl\u00f6s tai alas noin 110 mm:n v\u00e4lein.<\/li>\n<li>Valkoisen lis\u00e4ksi on mahdollista tilata lis\u00e4v\u00e4rin\u00e4 musta ja punainen. Haluttaessa on mahdollista kehitt\u00e4\u00e4 erityinen lasite.<\/li>\n<li>K\u00e4sinmaalatut koristeet, voit valita olemassa olevista koristeista tai luoda erikoiskuvion, joka on ainutlaatuinen.<\/li>\n<li>On mahdollista tilata se kaakeloituna ymp\u00e4ri.<\/li>\n<li>Kaikki messinkiosat on mahdollista vaihtaa ruostumattomiin ter\u00e4sosiin.<\/li>\n<li>Muita koriste-elementtej\u00e4 on mahdollista tilata: simit, reunalistat, friisit.<\/li>\n<li>Uunin etulevy on mahdollista tilata messingist\u00e4 tai ruostumattomasta ter\u00e4ksest\u00e4.<\/li>\n<li>On mahdollista tilata tuuletin ja tuulettimen ohjauslaite.<\/li>\n<li>On mahdollista tilata ulkoinen ilmansy\u00f6tt\u00f6 liit\u00e4nt\u00e4.<\/li>\n<\/ul>\n<p>&nbsp;<\/p>\n","protected":false},"excerpt":{"rendered":"<p>Gabriel-kaakeliuuni Ekeby on saanut inspiraationsa komeista kartanoista, joita ymp\u00e4r\u00f6iv\u00e4t v\u00e4rikk\u00e4\u00e4t ja putoavat lehdet. Se on klassisilla linjoilla varustettu kaakeliuuni, joka sopii useimpiin sisustuksiin. Gabriel-kaakeliuunilla Ekeby voit nauttia sek\u00e4 lumoavasta tunnelmasta ett\u00e4 miellytt\u00e4v\u00e4st\u00e4 l\u00e4mm\u00f6st\u00e4, joka kest\u00e4\u00e4 sukupolvien ajan. Vakiokokoonpano sis\u00e4lt\u00e4\u00e4 nykyaikaisen kuumailmakasetin ja messinkiluukun. Uunin voi tilata eri korkeuksilla ja v\u00e4reill\u00e4 sek\u00e4 k\u00e4sinmaalatuilla koristeilla. Vakiomallin korkeus on 2350 mm.<\/p>\n","protected":false},"featured_media":13908,"template":"","meta":{"_acf_changed":false},"product_brand":[],"product_cat":[9684],"product_tag":[],"class_list":{"0":"post-26949","1":"product","2":"type-product","3":"status-publish","4":"has-post-thumbnail","6":"brands-gabriel-fi","7":"product_cat-varaavat-takat","9":"first","10":"instock","11":"shipping-taxable","12":"purchasable","13":"product-type-simple"},"acf":[],"yoast_head":"<!-- This site is optimized with the Yoast SEO plugin v27.2 - https:\/\/yoast.com\/product\/yoast-seo-wordpress\/ -->\n<title>L\u00e4mp\u00f6\u00e4 varaava kaakeliuuni Gabriel EKEBY - Kodukolle<\/title>\n<meta name=\"description\" content=\"Gabriel-kaakeliuuni Ekeby on saanut inspiraationsa komeista kartanoista, joita ymp\u00e4r\u00f6iv\u00e4t v\u00e4rikk\u00e4\u00e4t ja putoavat lehdet.\" \/>\n<meta name=\"robots\" content=\"index, follow, max-snippet:-1, max-image-preview:large, max-video-preview:-1\" \/>\n<link rel=\"canonical\" href=\"https:\/\/kodukolle.ee\/fi\/tuote\/lampoa-varaava-kaakeliuuni-gabriel-ekeby\/\" \/>\n<meta property=\"og:locale\" content=\"fi_FI\" \/>\n<meta property=\"og:type\" content=\"article\" \/>\n<meta property=\"og:title\" content=\"L\u00e4mp\u00f6\u00e4 varaava kaakeliuuni Gabriel EKEBY - Kodukolle\" \/>\n<meta property=\"og:description\" content=\"Gabriel-kaakeliuuni Ekeby on saanut inspiraationsa komeista kartanoista, joita ymp\u00e4r\u00f6iv\u00e4t v\u00e4rikk\u00e4\u00e4t ja putoavat lehdet.\" \/>\n<meta property=\"og:url\" content=\"https:\/\/kodukolle.ee\/fi\/tuote\/lampoa-varaava-kaakeliuuni-gabriel-ekeby\/\" \/>\n<meta property=\"og:site_name\" content=\"Kodukolle\" \/>\n<meta property=\"article:modified_time\" content=\"2024-01-19T10:05:14+00:00\" \/>\n<meta property=\"og:image\" content=\"https:\/\/kodukolle.ee\/wp-content\/uploads\/2023\/06\/ekeby_kakelugn.jpg\" \/>\n\t<meta property=\"og:image:width\" content=\"1200\" \/>\n\t<meta property=\"og:image:height\" content=\"1200\" \/>\n\t<meta property=\"og:image:type\" content=\"image\/jpeg\" \/>\n<meta name=\"twitter:card\" content=\"summary_large_image\" \/>\n<script type=\"application\/ld+json\" class=\"yoast-schema-graph\">{\"@context\":\"https:\/\/schema.org\",\"@graph\":[{\"@type\":\"WebPage\",\"@id\":\"https:\/\/kodukolle.ee\/fi\/tuote\/lampoa-varaava-kaakeliuuni-gabriel-ekeby\/\",\"url\":\"https:\/\/kodukolle.ee\/fi\/tuote\/lampoa-varaava-kaakeliuuni-gabriel-ekeby\/\",\"name\":\"L\u00e4mp\u00f6\u00e4 varaava kaakeliuuni Gabriel EKEBY - Kodukolle\",\"isPartOf\":{\"@id\":\"https:\/\/kodukolle.ee\/en\/#website\"},\"primaryImageOfPage\":{\"@id\":\"https:\/\/kodukolle.ee\/fi\/tuote\/lampoa-varaava-kaakeliuuni-gabriel-ekeby\/#primaryimage\"},\"image\":{\"@id\":\"https:\/\/kodukolle.ee\/fi\/tuote\/lampoa-varaava-kaakeliuuni-gabriel-ekeby\/#primaryimage\"},\"thumbnailUrl\":\"https:\/\/kodukolle.ee\/wp-content\/uploads\/2023\/06\/ekeby_kakelugn.jpg\",\"datePublished\":\"2023-06-20T09:55:10+00:00\",\"dateModified\":\"2024-01-19T10:05:14+00:00\",\"description\":\"Gabriel-kaakeliuuni Ekeby on saanut inspiraationsa komeista kartanoista, joita ymp\u00e4r\u00f6iv\u00e4t v\u00e4rikk\u00e4\u00e4t ja putoavat lehdet.\",\"breadcrumb\":{\"@id\":\"https:\/\/kodukolle.ee\/fi\/tuote\/lampoa-varaava-kaakeliuuni-gabriel-ekeby\/#breadcrumb\"},\"inLanguage\":\"fi\",\"potentialAction\":[{\"@type\":\"ReadAction\",\"target\":[\"https:\/\/kodukolle.ee\/fi\/tuote\/lampoa-varaava-kaakeliuuni-gabriel-ekeby\/\"]}]},{\"@type\":\"ImageObject\",\"inLanguage\":\"fi\",\"@id\":\"https:\/\/kodukolle.ee\/fi\/tuote\/lampoa-varaava-kaakeliuuni-gabriel-ekeby\/#primaryimage\",\"url\":\"https:\/\/kodukolle.ee\/wp-content\/uploads\/2023\/06\/ekeby_kakelugn.jpg\",\"contentUrl\":\"https:\/\/kodukolle.ee\/wp-content\/uploads\/2023\/06\/ekeby_kakelugn.jpg\",\"width\":1200,\"height\":1200,\"caption\":\"ekeby\"},{\"@type\":\"BreadcrumbList\",\"@id\":\"https:\/\/kodukolle.ee\/fi\/tuote\/lampoa-varaava-kaakeliuuni-gabriel-ekeby\/#breadcrumb\",\"itemListElement\":[{\"@type\":\"ListItem\",\"position\":1,\"name\":\"Home\",\"item\":\"https:\/\/kodukolle.ee\/fi\/\"},{\"@type\":\"ListItem\",\"position\":2,\"name\":\"Tuotteet\",\"item\":\"https:\/\/kodukolle.ee\/fi\/tuotteet\/\"},{\"@type\":\"ListItem\",\"position\":3,\"name\":\"L\u00e4mp\u00f6\u00e4 varaava kaakeliuuni Gabriel EKEBY\"}]},{\"@type\":\"WebSite\",\"@id\":\"https:\/\/kodukolle.ee\/en\/#website\",\"url\":\"https:\/\/kodukolle.ee\/en\/\",\"name\":\"Kodukolle\",\"description\":\"\",\"publisher\":{\"@id\":\"https:\/\/kodukolle.ee\/en\/#organization\"},\"potentialAction\":[{\"@type\":\"SearchAction\",\"target\":{\"@type\":\"EntryPoint\",\"urlTemplate\":\"https:\/\/kodukolle.ee\/en\/?s={search_term_string}\"},\"query-input\":{\"@type\":\"PropertyValueSpecification\",\"valueRequired\":true,\"valueName\":\"search_term_string\"}}],\"inLanguage\":\"fi\"},{\"@type\":\"Organization\",\"@id\":\"https:\/\/kodukolle.ee\/en\/#organization\",\"name\":\"Kodukolle\",\"url\":\"https:\/\/kodukolle.ee\/en\/\",\"logo\":{\"@type\":\"ImageObject\",\"inLanguage\":\"fi\",\"@id\":\"https:\/\/kodukolle.ee\/en\/#\/schema\/logo\/image\/\",\"url\":\"https:\/\/kodukolle.ee\/wp-content\/uploads\/2025\/06\/logo_must_gradient.svg\",\"contentUrl\":\"https:\/\/kodukolle.ee\/wp-content\/uploads\/2025\/06\/logo_must_gradient.svg\",\"caption\":\"Kodukolle\"},\"image\":{\"@id\":\"https:\/\/kodukolle.ee\/en\/#\/schema\/logo\/image\/\"}}]}<\/script>\n<!-- \/ Yoast SEO plugin. -->","yoast_head_json":{"title":"L\u00e4mp\u00f6\u00e4 varaava kaakeliuuni Gabriel EKEBY - Kodukolle","description":"Gabriel-kaakeliuuni Ekeby on saanut inspiraationsa komeista kartanoista, joita ymp\u00e4r\u00f6iv\u00e4t v\u00e4rikk\u00e4\u00e4t ja putoavat lehdet.","robots":{"index":"index","follow":"follow","max-snippet":"max-snippet:-1","max-image-preview":"max-image-preview:large","max-video-preview":"max-video-preview:-1"},"canonical":"https:\/\/kodukolle.ee\/fi\/tuote\/lampoa-varaava-kaakeliuuni-gabriel-ekeby\/","og_locale":"fi_FI","og_type":"article","og_title":"L\u00e4mp\u00f6\u00e4 varaava kaakeliuuni Gabriel EKEBY - Kodukolle","og_description":"Gabriel-kaakeliuuni Ekeby on saanut inspiraationsa komeista kartanoista, joita ymp\u00e4r\u00f6iv\u00e4t v\u00e4rikk\u00e4\u00e4t ja putoavat lehdet.","og_url":"https:\/\/kodukolle.ee\/fi\/tuote\/lampoa-varaava-kaakeliuuni-gabriel-ekeby\/","og_site_name":"Kodukolle","article_modified_time":"2024-01-19T10:05:14+00:00","og_image":[{"width":1200,"height":1200,"url":"https:\/\/kodukolle.ee\/wp-content\/uploads\/2023\/06\/ekeby_kakelugn.jpg","type":"image\/jpeg"}],"twitter_card":"summary_large_image","schema":{"@context":"https:\/\/schema.org","@graph":[{"@type":"WebPage","@id":"https:\/\/kodukolle.ee\/fi\/tuote\/lampoa-varaava-kaakeliuuni-gabriel-ekeby\/","url":"https:\/\/kodukolle.ee\/fi\/tuote\/lampoa-varaava-kaakeliuuni-gabriel-ekeby\/","name":"L\u00e4mp\u00f6\u00e4 varaava kaakeliuuni Gabriel EKEBY - Kodukolle","isPartOf":{"@id":"https:\/\/kodukolle.ee\/en\/#website"},"primaryImageOfPage":{"@id":"https:\/\/kodukolle.ee\/fi\/tuote\/lampoa-varaava-kaakeliuuni-gabriel-ekeby\/#primaryimage"},"image":{"@id":"https:\/\/kodukolle.ee\/fi\/tuote\/lampoa-varaava-kaakeliuuni-gabriel-ekeby\/#primaryimage"},"thumbnailUrl":"https:\/\/kodukolle.ee\/wp-content\/uploads\/2023\/06\/ekeby_kakelugn.jpg","datePublished":"2023-06-20T09:55:10+00:00","dateModified":"2024-01-19T10:05:14+00:00","description":"Gabriel-kaakeliuuni Ekeby on saanut inspiraationsa komeista kartanoista, joita ymp\u00e4r\u00f6iv\u00e4t v\u00e4rikk\u00e4\u00e4t ja putoavat lehdet.","breadcrumb":{"@id":"https:\/\/kodukolle.ee\/fi\/tuote\/lampoa-varaava-kaakeliuuni-gabriel-ekeby\/#breadcrumb"},"inLanguage":"fi","potentialAction":[{"@type":"ReadAction","target":["https:\/\/kodukolle.ee\/fi\/tuote\/lampoa-varaava-kaakeliuuni-gabriel-ekeby\/"]}]},{"@type":"ImageObject","inLanguage":"fi","@id":"https:\/\/kodukolle.ee\/fi\/tuote\/lampoa-varaava-kaakeliuuni-gabriel-ekeby\/#primaryimage","url":"https:\/\/kodukolle.ee\/wp-content\/uploads\/2023\/06\/ekeby_kakelugn.jpg","contentUrl":"https:\/\/kodukolle.ee\/wp-content\/uploads\/2023\/06\/ekeby_kakelugn.jpg","width":1200,"height":1200,"caption":"ekeby"},{"@type":"BreadcrumbList","@id":"https:\/\/kodukolle.ee\/fi\/tuote\/lampoa-varaava-kaakeliuuni-gabriel-ekeby\/#breadcrumb","itemListElement":[{"@type":"ListItem","position":1,"name":"Home","item":"https:\/\/kodukolle.ee\/fi\/"},{"@type":"ListItem","position":2,"name":"Tuotteet","item":"https:\/\/kodukolle.ee\/fi\/tuotteet\/"},{"@type":"ListItem","position":3,"name":"L\u00e4mp\u00f6\u00e4 varaava kaakeliuuni Gabriel EKEBY"}]},{"@type":"WebSite","@id":"https:\/\/kodukolle.ee\/en\/#website","url":"https:\/\/kodukolle.ee\/en\/","name":"Kodukolle","description":"","publisher":{"@id":"https:\/\/kodukolle.ee\/en\/#organization"},"potentialAction":[{"@type":"SearchAction","target":{"@type":"EntryPoint","urlTemplate":"https:\/\/kodukolle.ee\/en\/?s={search_term_string}"},"query-input":{"@type":"PropertyValueSpecification","valueRequired":true,"valueName":"search_term_string"}}],"inLanguage":"fi"},{"@type":"Organization","@id":"https:\/\/kodukolle.ee\/en\/#organization","name":"Kodukolle","url":"https:\/\/kodukolle.ee\/en\/","logo":{"@type":"ImageObject","inLanguage":"fi","@id":"https:\/\/kodukolle.ee\/en\/#\/schema\/logo\/image\/","url":"https:\/\/kodukolle.ee\/wp-content\/uploads\/2025\/06\/logo_must_gradient.svg","contentUrl":"https:\/\/kodukolle.ee\/wp-content\/uploads\/2025\/06\/logo_must_gradient.svg","caption":"Kodukolle"},"image":{"@id":"https:\/\/kodukolle.ee\/en\/#\/schema\/logo\/image\/"}}]}},"_links":{"self":[{"href":"https:\/\/kodukolle.ee\/fi\/wp-json\/wp\/v2\/product\/26949","targetHints":{"allow":["GET"]}}],"collection":[{"href":"https:\/\/kodukolle.ee\/fi\/wp-json\/wp\/v2\/product"}],"about":[{"href":"https:\/\/kodukolle.ee\/fi\/wp-json\/wp\/v2\/types\/product"}],"wp:featuredmedia":[{"embeddable":true,"href":"https:\/\/kodukolle.ee\/fi\/wp-json\/wp\/v2\/media\/13908"}],"wp:attachment":[{"href":"https:\/\/kodukolle.ee\/fi\/wp-json\/wp\/v2\/media?parent=26949"}],"wp:term":[{"taxonomy":"product_brand","embeddable":true,"href":"https:\/\/kodukolle.ee\/fi\/wp-json\/wp\/v2\/product_brand?post=26949"},{"taxonomy":"product_cat","embeddable":true,"href":"https:\/\/kodukolle.ee\/fi\/wp-json\/wp\/v2\/product_cat?post=26949"},{"taxonomy":"product_tag","embeddable":true,"href":"https:\/\/kodukolle.ee\/fi\/wp-json\/wp\/v2\/product_tag?post=26949"}],"curies":[{"name":"wp","href":"https:\/\/api.w.org\/{rel}","templated":true}]}}