{"id":26954,"date":"2023-09-05T14:32:33","date_gmt":"2023-09-05T11:32:33","guid":{"rendered":"https:\/\/kodukolle.ee\/?post_type=product&#038;p=26954"},"modified":"2024-01-19T14:27:49","modified_gmt":"2024-01-19T12:27:49","slug":"ulkotakka-jotul-terrazza-xl","status":"publish","type":"product","link":"https:\/\/kodukolle.ee\/fi\/tuote\/ulkotakka-jotul-terrazza-xl\/","title":{"rendered":"Ulkotakka JOTUL TERRAZZA XL"},"content":{"rendered":"<p>Terrazza XL -ulkotakka on Jotulin ja Hareide Designin yhteisty\u00f6n tulos. Sen rohkea ulkon\u00e4k\u00f6 ja silmiinpist\u00e4v\u00e4 muotoilu tekev\u00e4t siit\u00e4 sopivan mit\u00e4 tahansa patioa tai terassia. T\u00e4ll\u00e4 modernilla ulkotakalla voit pident\u00e4\u00e4 iltojasi ulkona vuodenajasta riippumatta. Tilava tulisija tarjoaa paitsi erinomaisen n\u00e4kym\u00e4n sivuilta, my\u00f6s l\u00e4mpim\u00e4n ja kodikkaan tunnelman kaikille ymp\u00e4rill\u00e4 oleville. Terrazza XL palvelee kahta tarkoitusta, ei vain tarjoa l\u00e4mp\u00f6\u00e4, vaan toimii my\u00f6s grillin\u00e4, jolloin voit joustaa ruoanlaittoa takan \u00e4\u00e4ress\u00e4. T\u00e4m\u00e4 Corten-ter\u00e4ksest\u00e4 valmistettu takka muodostaa nopeasti rustiikkisen, s\u00e4\u00e4nkest\u00e4v\u00e4n pinnan ja tarjoaa ymp\u00e4rivuotisen suojan kaikenlaisilta s\u00e4\u00e4olosuhteilta. Corten-ter\u00e4st\u00e4 k\u00e4ytet\u00e4\u00e4n yleisesti my\u00f6s rakennusten julkisivuissa s\u00e4\u00e4n kuluneen, ruosteisen ulkon\u00e4\u00f6n saavuttamiseksi. Kokoonnu perheesi ja yst\u00e4viesi kanssa nauttimaan Jotul Terrazza XL:n valloittavasta nuotiokokemuksesta.\n<\/ul>\n<p><strong>Saatavana lis\u00e4varusteena<\/strong><\/p>\n<ul>\n<li>Kipin\u00e4suoja<\/li>\n<li>Grillausritil\u00e4<\/li>\n<\/ul>\n<p>&nbsp;<\/p>\n","protected":false},"excerpt":{"rendered":"<p>Terrazza XL -ulkotakka on Jotulin ja Hareide Designin yhteisty\u00f6n tulos. Sen rohkea ulkon\u00e4k\u00f6 ja silmiinpist\u00e4v\u00e4 muotoilu tekev\u00e4t siit\u00e4 sopivan mit\u00e4 tahansa patioa tai terassia. T\u00e4ll\u00e4 modernilla ulkotakalla voit pident\u00e4\u00e4 iltojasi ulkona vuodenajasta riippumatta. Tilava tulisija tarjoaa paitsi erinomaisen n\u00e4kym\u00e4n sivuilta, my\u00f6s l\u00e4mpim\u00e4n ja kodikkaan tunnelman kaikille ymp\u00e4rill\u00e4 oleville. Terrazza XL palvelee kahta tarkoitusta, ei vain tarjoa l\u00e4mp\u00f6\u00e4, vaan toimii my\u00f6s grillin\u00e4, jolloin voit joustaa ruoanlaittoa takan \u00e4\u00e4ress\u00e4.<\/p>\n","protected":false},"featured_media":20113,"template":"","meta":{"_acf_changed":false},"product_brand":[],"product_cat":[9692],"product_tag":[],"class_list":{"0":"post-26954","1":"product","2":"type-product","3":"status-publish","4":"has-post-thumbnail","6":"brands-jotul-fi","7":"product_cat-kiukaat-ja-grillit","9":"first","10":"instock","11":"shipping-taxable","12":"purchasable","13":"product-type-simple"},"acf":[],"yoast_head":"<!-- This site is optimized with the Yoast SEO plugin v27.2 - https:\/\/yoast.com\/product\/yoast-seo-wordpress\/ -->\n<title>Ulkotakka JOTUL TERRAZZA XL - Kodukolle<\/title>\n<meta name=\"description\" content=\"Terrazza XL -ulkotakka on Jotulin ja Hareide Designin yhteisty\u00f6n tulos. Sen rohkea ulkon\u00e4k\u00f6 ja silmiinpist\u00e4v\u00e4 muotoilu tekev\u00e4t siit\u00e4 sopivan mit\u00e4 tahansa patioa tai terassia.\" \/>\n<meta name=\"robots\" content=\"index, follow, max-snippet:-1, max-image-preview:large, max-video-preview:-1\" \/>\n<link rel=\"canonical\" href=\"https:\/\/kodukolle.ee\/fi\/tuote\/ulkotakka-jotul-terrazza-xl\/\" \/>\n<meta property=\"og:locale\" content=\"fi_FI\" \/>\n<meta property=\"og:type\" content=\"article\" \/>\n<meta property=\"og:title\" content=\"Ulkotakka JOTUL TERRAZZA XL - Kodukolle\" \/>\n<meta property=\"og:description\" content=\"Terrazza XL -ulkotakka on Jotulin ja Hareide Designin yhteisty\u00f6n tulos. Sen rohkea ulkon\u00e4k\u00f6 ja silmiinpist\u00e4v\u00e4 muotoilu tekev\u00e4t siit\u00e4 sopivan mit\u00e4 tahansa patioa tai terassia.\" \/>\n<meta property=\"og:url\" content=\"https:\/\/kodukolle.ee\/fi\/tuote\/ulkotakka-jotul-terrazza-xl\/\" \/>\n<meta property=\"og:site_name\" content=\"Kodukolle\" \/>\n<meta property=\"article:modified_time\" content=\"2024-01-19T12:27:49+00:00\" \/>\n<meta property=\"og:image\" content=\"https:\/\/kodukolle.ee\/wp-content\/uploads\/2023\/09\/Jotul-Terrazza-XL_1.jpg\" \/>\n\t<meta property=\"og:image:width\" content=\"1196\" \/>\n\t<meta property=\"og:image:height\" content=\"1037\" \/>\n\t<meta property=\"og:image:type\" content=\"image\/jpeg\" \/>\n<meta name=\"twitter:card\" content=\"summary_large_image\" \/>\n<script type=\"application\/ld+json\" class=\"yoast-schema-graph\">{\"@context\":\"https:\/\/schema.org\",\"@graph\":[{\"@type\":\"WebPage\",\"@id\":\"https:\/\/kodukolle.ee\/fi\/tuote\/ulkotakka-jotul-terrazza-xl\/\",\"url\":\"https:\/\/kodukolle.ee\/fi\/tuote\/ulkotakka-jotul-terrazza-xl\/\",\"name\":\"Ulkotakka JOTUL TERRAZZA XL - Kodukolle\",\"isPartOf\":{\"@id\":\"https:\/\/kodukolle.ee\/en\/#website\"},\"primaryImageOfPage\":{\"@id\":\"https:\/\/kodukolle.ee\/fi\/tuote\/ulkotakka-jotul-terrazza-xl\/#primaryimage\"},\"image\":{\"@id\":\"https:\/\/kodukolle.ee\/fi\/tuote\/ulkotakka-jotul-terrazza-xl\/#primaryimage\"},\"thumbnailUrl\":\"https:\/\/kodukolle.ee\/wp-content\/uploads\/2023\/09\/Jotul-Terrazza-XL_1.jpg\",\"datePublished\":\"2023-09-05T11:32:33+00:00\",\"dateModified\":\"2024-01-19T12:27:49+00:00\",\"description\":\"Terrazza XL -ulkotakka on Jotulin ja Hareide Designin yhteisty\u00f6n tulos. Sen rohkea ulkon\u00e4k\u00f6 ja silmiinpist\u00e4v\u00e4 muotoilu tekev\u00e4t siit\u00e4 sopivan mit\u00e4 tahansa patioa tai terassia.\",\"breadcrumb\":{\"@id\":\"https:\/\/kodukolle.ee\/fi\/tuote\/ulkotakka-jotul-terrazza-xl\/#breadcrumb\"},\"inLanguage\":\"fi\",\"potentialAction\":[{\"@type\":\"ReadAction\",\"target\":[\"https:\/\/kodukolle.ee\/fi\/tuote\/ulkotakka-jotul-terrazza-xl\/\"]}]},{\"@type\":\"ImageObject\",\"inLanguage\":\"fi\",\"@id\":\"https:\/\/kodukolle.ee\/fi\/tuote\/ulkotakka-jotul-terrazza-xl\/#primaryimage\",\"url\":\"https:\/\/kodukolle.ee\/wp-content\/uploads\/2023\/09\/Jotul-Terrazza-XL_1.jpg\",\"contentUrl\":\"https:\/\/kodukolle.ee\/wp-content\/uploads\/2023\/09\/Jotul-Terrazza-XL_1.jpg\",\"width\":1196,\"height\":1037,\"caption\":\"Jotul Terrazza XL\"},{\"@type\":\"BreadcrumbList\",\"@id\":\"https:\/\/kodukolle.ee\/fi\/tuote\/ulkotakka-jotul-terrazza-xl\/#breadcrumb\",\"itemListElement\":[{\"@type\":\"ListItem\",\"position\":1,\"name\":\"Home\",\"item\":\"https:\/\/kodukolle.ee\/fi\/\"},{\"@type\":\"ListItem\",\"position\":2,\"name\":\"Tuotteet\",\"item\":\"https:\/\/kodukolle.ee\/fi\/tuotteet\/\"},{\"@type\":\"ListItem\",\"position\":3,\"name\":\"Ulkotakka JOTUL TERRAZZA XL\"}]},{\"@type\":\"WebSite\",\"@id\":\"https:\/\/kodukolle.ee\/en\/#website\",\"url\":\"https:\/\/kodukolle.ee\/en\/\",\"name\":\"Kodukolle\",\"description\":\"\",\"publisher\":{\"@id\":\"https:\/\/kodukolle.ee\/en\/#organization\"},\"potentialAction\":[{\"@type\":\"SearchAction\",\"target\":{\"@type\":\"EntryPoint\",\"urlTemplate\":\"https:\/\/kodukolle.ee\/en\/?s={search_term_string}\"},\"query-input\":{\"@type\":\"PropertyValueSpecification\",\"valueRequired\":true,\"valueName\":\"search_term_string\"}}],\"inLanguage\":\"fi\"},{\"@type\":\"Organization\",\"@id\":\"https:\/\/kodukolle.ee\/en\/#organization\",\"name\":\"Kodukolle\",\"url\":\"https:\/\/kodukolle.ee\/en\/\",\"logo\":{\"@type\":\"ImageObject\",\"inLanguage\":\"fi\",\"@id\":\"https:\/\/kodukolle.ee\/en\/#\/schema\/logo\/image\/\",\"url\":\"https:\/\/kodukolle.ee\/wp-content\/uploads\/2025\/06\/logo_must_gradient.svg\",\"contentUrl\":\"https:\/\/kodukolle.ee\/wp-content\/uploads\/2025\/06\/logo_must_gradient.svg\",\"caption\":\"Kodukolle\"},\"image\":{\"@id\":\"https:\/\/kodukolle.ee\/en\/#\/schema\/logo\/image\/\"}}]}<\/script>\n<!-- \/ Yoast SEO plugin. -->","yoast_head_json":{"title":"Ulkotakka JOTUL TERRAZZA XL - Kodukolle","description":"Terrazza XL -ulkotakka on Jotulin ja Hareide Designin yhteisty\u00f6n tulos. Sen rohkea ulkon\u00e4k\u00f6 ja silmiinpist\u00e4v\u00e4 muotoilu tekev\u00e4t siit\u00e4 sopivan mit\u00e4 tahansa patioa tai terassia.","robots":{"index":"index","follow":"follow","max-snippet":"max-snippet:-1","max-image-preview":"max-image-preview:large","max-video-preview":"max-video-preview:-1"},"canonical":"https:\/\/kodukolle.ee\/fi\/tuote\/ulkotakka-jotul-terrazza-xl\/","og_locale":"fi_FI","og_type":"article","og_title":"Ulkotakka JOTUL TERRAZZA XL - Kodukolle","og_description":"Terrazza XL -ulkotakka on Jotulin ja Hareide Designin yhteisty\u00f6n tulos. Sen rohkea ulkon\u00e4k\u00f6 ja silmiinpist\u00e4v\u00e4 muotoilu tekev\u00e4t siit\u00e4 sopivan mit\u00e4 tahansa patioa tai terassia.","og_url":"https:\/\/kodukolle.ee\/fi\/tuote\/ulkotakka-jotul-terrazza-xl\/","og_site_name":"Kodukolle","article_modified_time":"2024-01-19T12:27:49+00:00","og_image":[{"width":1196,"height":1037,"url":"https:\/\/kodukolle.ee\/wp-content\/uploads\/2023\/09\/Jotul-Terrazza-XL_1.jpg","type":"image\/jpeg"}],"twitter_card":"summary_large_image","schema":{"@context":"https:\/\/schema.org","@graph":[{"@type":"WebPage","@id":"https:\/\/kodukolle.ee\/fi\/tuote\/ulkotakka-jotul-terrazza-xl\/","url":"https:\/\/kodukolle.ee\/fi\/tuote\/ulkotakka-jotul-terrazza-xl\/","name":"Ulkotakka JOTUL TERRAZZA XL - Kodukolle","isPartOf":{"@id":"https:\/\/kodukolle.ee\/en\/#website"},"primaryImageOfPage":{"@id":"https:\/\/kodukolle.ee\/fi\/tuote\/ulkotakka-jotul-terrazza-xl\/#primaryimage"},"image":{"@id":"https:\/\/kodukolle.ee\/fi\/tuote\/ulkotakka-jotul-terrazza-xl\/#primaryimage"},"thumbnailUrl":"https:\/\/kodukolle.ee\/wp-content\/uploads\/2023\/09\/Jotul-Terrazza-XL_1.jpg","datePublished":"2023-09-05T11:32:33+00:00","dateModified":"2024-01-19T12:27:49+00:00","description":"Terrazza XL -ulkotakka on Jotulin ja Hareide Designin yhteisty\u00f6n tulos. Sen rohkea ulkon\u00e4k\u00f6 ja silmiinpist\u00e4v\u00e4 muotoilu tekev\u00e4t siit\u00e4 sopivan mit\u00e4 tahansa patioa tai terassia.","breadcrumb":{"@id":"https:\/\/kodukolle.ee\/fi\/tuote\/ulkotakka-jotul-terrazza-xl\/#breadcrumb"},"inLanguage":"fi","potentialAction":[{"@type":"ReadAction","target":["https:\/\/kodukolle.ee\/fi\/tuote\/ulkotakka-jotul-terrazza-xl\/"]}]},{"@type":"ImageObject","inLanguage":"fi","@id":"https:\/\/kodukolle.ee\/fi\/tuote\/ulkotakka-jotul-terrazza-xl\/#primaryimage","url":"https:\/\/kodukolle.ee\/wp-content\/uploads\/2023\/09\/Jotul-Terrazza-XL_1.jpg","contentUrl":"https:\/\/kodukolle.ee\/wp-content\/uploads\/2023\/09\/Jotul-Terrazza-XL_1.jpg","width":1196,"height":1037,"caption":"Jotul Terrazza XL"},{"@type":"BreadcrumbList","@id":"https:\/\/kodukolle.ee\/fi\/tuote\/ulkotakka-jotul-terrazza-xl\/#breadcrumb","itemListElement":[{"@type":"ListItem","position":1,"name":"Home","item":"https:\/\/kodukolle.ee\/fi\/"},{"@type":"ListItem","position":2,"name":"Tuotteet","item":"https:\/\/kodukolle.ee\/fi\/tuotteet\/"},{"@type":"ListItem","position":3,"name":"Ulkotakka JOTUL TERRAZZA XL"}]},{"@type":"WebSite","@id":"https:\/\/kodukolle.ee\/en\/#website","url":"https:\/\/kodukolle.ee\/en\/","name":"Kodukolle","description":"","publisher":{"@id":"https:\/\/kodukolle.ee\/en\/#organization"},"potentialAction":[{"@type":"SearchAction","target":{"@type":"EntryPoint","urlTemplate":"https:\/\/kodukolle.ee\/en\/?s={search_term_string}"},"query-input":{"@type":"PropertyValueSpecification","valueRequired":true,"valueName":"search_term_string"}}],"inLanguage":"fi"},{"@type":"Organization","@id":"https:\/\/kodukolle.ee\/en\/#organization","name":"Kodukolle","url":"https:\/\/kodukolle.ee\/en\/","logo":{"@type":"ImageObject","inLanguage":"fi","@id":"https:\/\/kodukolle.ee\/en\/#\/schema\/logo\/image\/","url":"https:\/\/kodukolle.ee\/wp-content\/uploads\/2025\/06\/logo_must_gradient.svg","contentUrl":"https:\/\/kodukolle.ee\/wp-content\/uploads\/2025\/06\/logo_must_gradient.svg","caption":"Kodukolle"},"image":{"@id":"https:\/\/kodukolle.ee\/en\/#\/schema\/logo\/image\/"}}]}},"_links":{"self":[{"href":"https:\/\/kodukolle.ee\/fi\/wp-json\/wp\/v2\/product\/26954","targetHints":{"allow":["GET"]}}],"collection":[{"href":"https:\/\/kodukolle.ee\/fi\/wp-json\/wp\/v2\/product"}],"about":[{"href":"https:\/\/kodukolle.ee\/fi\/wp-json\/wp\/v2\/types\/product"}],"wp:featuredmedia":[{"embeddable":true,"href":"https:\/\/kodukolle.ee\/fi\/wp-json\/wp\/v2\/media\/20113"}],"wp:attachment":[{"href":"https:\/\/kodukolle.ee\/fi\/wp-json\/wp\/v2\/media?parent=26954"}],"wp:term":[{"taxonomy":"product_brand","embeddable":true,"href":"https:\/\/kodukolle.ee\/fi\/wp-json\/wp\/v2\/product_brand?post=26954"},{"taxonomy":"product_cat","embeddable":true,"href":"https:\/\/kodukolle.ee\/fi\/wp-json\/wp\/v2\/product_cat?post=26954"},{"taxonomy":"product_tag","embeddable":true,"href":"https:\/\/kodukolle.ee\/fi\/wp-json\/wp\/v2\/product_tag?post=26954"}],"curies":[{"name":"wp","href":"https:\/\/api.w.org\/{rel}","templated":true}]}}