{"id":27021,"date":"2023-09-04T14:15:31","date_gmt":"2023-09-04T11:15:31","guid":{"rendered":"https:\/\/kodukolle.ee\/?post_type=product&#038;p=27021"},"modified":"2024-01-30T12:13:45","modified_gmt":"2024-01-30T10:13:45","slug":"valurautatakka-jotul-f-136","status":"publish","type":"product","link":"https:\/\/kodukolle.ee\/fi\/tuote\/valurautatakka-jotul-f-136\/","title":{"rendered":"Valurautatakka JOTUL F 136"},"content":{"rendered":"<p>Jotul F 136 on moderni ja tyylikk\u00e4\u00e4sti suunniteltu takka, jossa on tyylik\u00e4s jalusta. Jotul F 130 -sarjan takana on palkittu suunnitteluyritys Hareide Design. Pienyydest\u00e4\u00e4n huolimatta Jotul F 136 on suunniteltu optimaaliseen palamiseen my\u00f6s hiljaisemmissa olosuhteissa. Nykyaikaisen polttomenetelm\u00e4n ansiosta F 130 -sarjan tulisijat palavat puhtaasti, mik\u00e4 puolestaan \u200b\u200btehostaa tulisijoja ja v\u00e4hent\u00e4\u00e4 puunkulutusta jopa 40 %. Hell\u00e4varainen mattamusta pinta antaa Jotul F 130 -sarjalle puhtaan ja hienostuneen ilmeen. Jotul F 136 -takalla taataan positiivinen l\u00e4mmityskokemus sek\u00e4 upea n\u00e4kyvyys liekkeihin.<\/p>\n<ul>\n<li>Moderni muotoilu<\/li>\n<li>Upea n\u00e4kym\u00e4 tulelle<\/li>\n<li>Tyylik\u00e4s jalusta<\/li>\n<li>Helppo asentaa<\/li>\n<li>Clean burn j\u00e4rjestelm\u00e4<\/li>\n<\/ul>\n<p>&nbsp;<\/p>\n","protected":false},"excerpt":{"rendered":"<p>Jotul F 136 on moderni ja tyylikk\u00e4\u00e4sti suunniteltu takka, jossa on tyylik\u00e4s jalusta. Jotul F 130 -sarjan takana on palkittu suunnitteluyritys Hareide Design. Pienyydest\u00e4\u00e4n huolimatta Jotul F 136 on suunniteltu optimaaliseen palamiseen my\u00f6s hiljaisemmissa olosuhteissa. Nykyaikaisen polttomenetelm\u00e4n ansiosta F 130 -sarjan tulisijat palavat puhtaasti, mik\u00e4 puolestaan \u200b\u200btehostaa tulisijoja ja v\u00e4hent\u00e4\u00e4 puunkulutusta jopa 40 %. Hell\u00e4varainen mattamusta pinta antaa Jotul F 130 -sarjalle puhtaan ja hienostuneen ilmeen. Jotul F 136 -takalla taataan positiivinen l\u00e4mmityskokemus sek\u00e4 upea n\u00e4kyvyys liekkeihin.<\/p>\n","protected":false},"featured_media":19891,"template":"","meta":{"_acf_changed":false},"product_brand":[],"product_cat":[9620],"product_tag":[],"class_list":{"0":"post-27021","1":"product","2":"type-product","3":"status-publish","4":"has-post-thumbnail","6":"brands-jotul-fi","7":"product_cat-takat","9":"first","10":"instock","11":"shipping-taxable","12":"purchasable","13":"product-type-simple"},"acf":[],"yoast_head":"<!-- This site is optimized with the Yoast SEO plugin v27.2 - https:\/\/yoast.com\/product\/yoast-seo-wordpress\/ -->\n<title>Valurautatakka JOTUL F 136 - Kodukolle<\/title>\n<meta name=\"description\" content=\"Jotul F 136 on moderni ja tyylikk\u00e4\u00e4sti suunniteltu takka, jossa on tyylik\u00e4s jalusta. Jotul F 130 -sarjan takana on palkittu suunnitteluyritys Hareide Design.\" \/>\n<meta name=\"robots\" content=\"index, follow, max-snippet:-1, max-image-preview:large, max-video-preview:-1\" \/>\n<link rel=\"canonical\" href=\"https:\/\/kodukolle.ee\/fi\/tuote\/valurautatakka-jotul-f-136\/\" \/>\n<meta property=\"og:locale\" content=\"fi_FI\" \/>\n<meta property=\"og:type\" content=\"article\" \/>\n<meta property=\"og:title\" content=\"Valurautatakka JOTUL F 136 - Kodukolle\" \/>\n<meta property=\"og:description\" content=\"Jotul F 136 on moderni ja tyylikk\u00e4\u00e4sti suunniteltu takka, jossa on tyylik\u00e4s jalusta. Jotul F 130 -sarjan takana on palkittu suunnitteluyritys Hareide Design.\" \/>\n<meta property=\"og:url\" content=\"https:\/\/kodukolle.ee\/fi\/tuote\/valurautatakka-jotul-f-136\/\" \/>\n<meta property=\"og:site_name\" content=\"Kodukolle\" \/>\n<meta property=\"article:modified_time\" content=\"2024-01-30T10:13:45+00:00\" \/>\n<meta property=\"og:image\" content=\"https:\/\/kodukolle.ee\/wp-content\/uploads\/2023\/09\/Jotul-F-136-BP-int-1-1024x871.jpg\" \/>\n\t<meta property=\"og:image:width\" content=\"1024\" \/>\n\t<meta property=\"og:image:height\" content=\"871\" \/>\n\t<meta property=\"og:image:type\" content=\"image\/jpeg\" \/>\n<meta name=\"twitter:card\" content=\"summary_large_image\" \/>\n<meta name=\"twitter:label1\" content=\"Est. reading time\" \/>\n\t<meta name=\"twitter:data1\" content=\"1 minuutti\" \/>\n<script type=\"application\/ld+json\" class=\"yoast-schema-graph\">{\"@context\":\"https:\/\/schema.org\",\"@graph\":[{\"@type\":\"WebPage\",\"@id\":\"https:\/\/kodukolle.ee\/fi\/tuote\/valurautatakka-jotul-f-136\/\",\"url\":\"https:\/\/kodukolle.ee\/fi\/tuote\/valurautatakka-jotul-f-136\/\",\"name\":\"Valurautatakka JOTUL F 136 - Kodukolle\",\"isPartOf\":{\"@id\":\"https:\/\/kodukolle.ee\/en\/#website\"},\"primaryImageOfPage\":{\"@id\":\"https:\/\/kodukolle.ee\/fi\/tuote\/valurautatakka-jotul-f-136\/#primaryimage\"},\"image\":{\"@id\":\"https:\/\/kodukolle.ee\/fi\/tuote\/valurautatakka-jotul-f-136\/#primaryimage\"},\"thumbnailUrl\":\"https:\/\/kodukolle.ee\/wp-content\/uploads\/2023\/09\/Jotul-F-136-BP-int-1.jpg\",\"datePublished\":\"2023-09-04T11:15:31+00:00\",\"dateModified\":\"2024-01-30T10:13:45+00:00\",\"description\":\"Jotul F 136 on moderni ja tyylikk\u00e4\u00e4sti suunniteltu takka, jossa on tyylik\u00e4s jalusta. Jotul F 130 -sarjan takana on palkittu suunnitteluyritys Hareide Design.\",\"breadcrumb\":{\"@id\":\"https:\/\/kodukolle.ee\/fi\/tuote\/valurautatakka-jotul-f-136\/#breadcrumb\"},\"inLanguage\":\"fi\",\"potentialAction\":[{\"@type\":\"ReadAction\",\"target\":[\"https:\/\/kodukolle.ee\/fi\/tuote\/valurautatakka-jotul-f-136\/\"]}]},{\"@type\":\"ImageObject\",\"inLanguage\":\"fi\",\"@id\":\"https:\/\/kodukolle.ee\/fi\/tuote\/valurautatakka-jotul-f-136\/#primaryimage\",\"url\":\"https:\/\/kodukolle.ee\/wp-content\/uploads\/2023\/09\/Jotul-F-136-BP-int-1.jpg\",\"contentUrl\":\"https:\/\/kodukolle.ee\/wp-content\/uploads\/2023\/09\/Jotul-F-136-BP-int-1.jpg\",\"width\":2056,\"height\":1748,\"caption\":\"Jotul F 136\"},{\"@type\":\"BreadcrumbList\",\"@id\":\"https:\/\/kodukolle.ee\/fi\/tuote\/valurautatakka-jotul-f-136\/#breadcrumb\",\"itemListElement\":[{\"@type\":\"ListItem\",\"position\":1,\"name\":\"Home\",\"item\":\"https:\/\/kodukolle.ee\/fi\/\"},{\"@type\":\"ListItem\",\"position\":2,\"name\":\"Tuotteet\",\"item\":\"https:\/\/kodukolle.ee\/fi\/tuotteet\/\"},{\"@type\":\"ListItem\",\"position\":3,\"name\":\"Valurautatakka JOTUL F 136\"}]},{\"@type\":\"WebSite\",\"@id\":\"https:\/\/kodukolle.ee\/en\/#website\",\"url\":\"https:\/\/kodukolle.ee\/en\/\",\"name\":\"Kodukolle\",\"description\":\"\",\"publisher\":{\"@id\":\"https:\/\/kodukolle.ee\/en\/#organization\"},\"potentialAction\":[{\"@type\":\"SearchAction\",\"target\":{\"@type\":\"EntryPoint\",\"urlTemplate\":\"https:\/\/kodukolle.ee\/en\/?s={search_term_string}\"},\"query-input\":{\"@type\":\"PropertyValueSpecification\",\"valueRequired\":true,\"valueName\":\"search_term_string\"}}],\"inLanguage\":\"fi\"},{\"@type\":\"Organization\",\"@id\":\"https:\/\/kodukolle.ee\/en\/#organization\",\"name\":\"Kodukolle\",\"url\":\"https:\/\/kodukolle.ee\/en\/\",\"logo\":{\"@type\":\"ImageObject\",\"inLanguage\":\"fi\",\"@id\":\"https:\/\/kodukolle.ee\/en\/#\/schema\/logo\/image\/\",\"url\":\"https:\/\/kodukolle.ee\/wp-content\/uploads\/2025\/06\/logo_must_gradient.svg\",\"contentUrl\":\"https:\/\/kodukolle.ee\/wp-content\/uploads\/2025\/06\/logo_must_gradient.svg\",\"caption\":\"Kodukolle\"},\"image\":{\"@id\":\"https:\/\/kodukolle.ee\/en\/#\/schema\/logo\/image\/\"}}]}<\/script>\n<!-- \/ Yoast SEO plugin. -->","yoast_head_json":{"title":"Valurautatakka JOTUL F 136 - Kodukolle","description":"Jotul F 136 on moderni ja tyylikk\u00e4\u00e4sti suunniteltu takka, jossa on tyylik\u00e4s jalusta. Jotul F 130 -sarjan takana on palkittu suunnitteluyritys Hareide Design.","robots":{"index":"index","follow":"follow","max-snippet":"max-snippet:-1","max-image-preview":"max-image-preview:large","max-video-preview":"max-video-preview:-1"},"canonical":"https:\/\/kodukolle.ee\/fi\/tuote\/valurautatakka-jotul-f-136\/","og_locale":"fi_FI","og_type":"article","og_title":"Valurautatakka JOTUL F 136 - Kodukolle","og_description":"Jotul F 136 on moderni ja tyylikk\u00e4\u00e4sti suunniteltu takka, jossa on tyylik\u00e4s jalusta. Jotul F 130 -sarjan takana on palkittu suunnitteluyritys Hareide Design.","og_url":"https:\/\/kodukolle.ee\/fi\/tuote\/valurautatakka-jotul-f-136\/","og_site_name":"Kodukolle","article_modified_time":"2024-01-30T10:13:45+00:00","og_image":[{"width":1024,"height":871,"url":"https:\/\/kodukolle.ee\/wp-content\/uploads\/2023\/09\/Jotul-F-136-BP-int-1-1024x871.jpg","type":"image\/jpeg"}],"twitter_card":"summary_large_image","twitter_misc":{"Est. reading time":"1 minuutti"},"schema":{"@context":"https:\/\/schema.org","@graph":[{"@type":"WebPage","@id":"https:\/\/kodukolle.ee\/fi\/tuote\/valurautatakka-jotul-f-136\/","url":"https:\/\/kodukolle.ee\/fi\/tuote\/valurautatakka-jotul-f-136\/","name":"Valurautatakka JOTUL F 136 - Kodukolle","isPartOf":{"@id":"https:\/\/kodukolle.ee\/en\/#website"},"primaryImageOfPage":{"@id":"https:\/\/kodukolle.ee\/fi\/tuote\/valurautatakka-jotul-f-136\/#primaryimage"},"image":{"@id":"https:\/\/kodukolle.ee\/fi\/tuote\/valurautatakka-jotul-f-136\/#primaryimage"},"thumbnailUrl":"https:\/\/kodukolle.ee\/wp-content\/uploads\/2023\/09\/Jotul-F-136-BP-int-1.jpg","datePublished":"2023-09-04T11:15:31+00:00","dateModified":"2024-01-30T10:13:45+00:00","description":"Jotul F 136 on moderni ja tyylikk\u00e4\u00e4sti suunniteltu takka, jossa on tyylik\u00e4s jalusta. Jotul F 130 -sarjan takana on palkittu suunnitteluyritys Hareide Design.","breadcrumb":{"@id":"https:\/\/kodukolle.ee\/fi\/tuote\/valurautatakka-jotul-f-136\/#breadcrumb"},"inLanguage":"fi","potentialAction":[{"@type":"ReadAction","target":["https:\/\/kodukolle.ee\/fi\/tuote\/valurautatakka-jotul-f-136\/"]}]},{"@type":"ImageObject","inLanguage":"fi","@id":"https:\/\/kodukolle.ee\/fi\/tuote\/valurautatakka-jotul-f-136\/#primaryimage","url":"https:\/\/kodukolle.ee\/wp-content\/uploads\/2023\/09\/Jotul-F-136-BP-int-1.jpg","contentUrl":"https:\/\/kodukolle.ee\/wp-content\/uploads\/2023\/09\/Jotul-F-136-BP-int-1.jpg","width":2056,"height":1748,"caption":"Jotul F 136"},{"@type":"BreadcrumbList","@id":"https:\/\/kodukolle.ee\/fi\/tuote\/valurautatakka-jotul-f-136\/#breadcrumb","itemListElement":[{"@type":"ListItem","position":1,"name":"Home","item":"https:\/\/kodukolle.ee\/fi\/"},{"@type":"ListItem","position":2,"name":"Tuotteet","item":"https:\/\/kodukolle.ee\/fi\/tuotteet\/"},{"@type":"ListItem","position":3,"name":"Valurautatakka JOTUL F 136"}]},{"@type":"WebSite","@id":"https:\/\/kodukolle.ee\/en\/#website","url":"https:\/\/kodukolle.ee\/en\/","name":"Kodukolle","description":"","publisher":{"@id":"https:\/\/kodukolle.ee\/en\/#organization"},"potentialAction":[{"@type":"SearchAction","target":{"@type":"EntryPoint","urlTemplate":"https:\/\/kodukolle.ee\/en\/?s={search_term_string}"},"query-input":{"@type":"PropertyValueSpecification","valueRequired":true,"valueName":"search_term_string"}}],"inLanguage":"fi"},{"@type":"Organization","@id":"https:\/\/kodukolle.ee\/en\/#organization","name":"Kodukolle","url":"https:\/\/kodukolle.ee\/en\/","logo":{"@type":"ImageObject","inLanguage":"fi","@id":"https:\/\/kodukolle.ee\/en\/#\/schema\/logo\/image\/","url":"https:\/\/kodukolle.ee\/wp-content\/uploads\/2025\/06\/logo_must_gradient.svg","contentUrl":"https:\/\/kodukolle.ee\/wp-content\/uploads\/2025\/06\/logo_must_gradient.svg","caption":"Kodukolle"},"image":{"@id":"https:\/\/kodukolle.ee\/en\/#\/schema\/logo\/image\/"}}]}},"_links":{"self":[{"href":"https:\/\/kodukolle.ee\/fi\/wp-json\/wp\/v2\/product\/27021","targetHints":{"allow":["GET"]}}],"collection":[{"href":"https:\/\/kodukolle.ee\/fi\/wp-json\/wp\/v2\/product"}],"about":[{"href":"https:\/\/kodukolle.ee\/fi\/wp-json\/wp\/v2\/types\/product"}],"wp:featuredmedia":[{"embeddable":true,"href":"https:\/\/kodukolle.ee\/fi\/wp-json\/wp\/v2\/media\/19891"}],"wp:attachment":[{"href":"https:\/\/kodukolle.ee\/fi\/wp-json\/wp\/v2\/media?parent=27021"}],"wp:term":[{"taxonomy":"product_brand","embeddable":true,"href":"https:\/\/kodukolle.ee\/fi\/wp-json\/wp\/v2\/product_brand?post=27021"},{"taxonomy":"product_cat","embeddable":true,"href":"https:\/\/kodukolle.ee\/fi\/wp-json\/wp\/v2\/product_cat?post=27021"},{"taxonomy":"product_tag","embeddable":true,"href":"https:\/\/kodukolle.ee\/fi\/wp-json\/wp\/v2\/product_tag?post=27021"}],"curies":[{"name":"wp","href":"https:\/\/api.w.org\/{rel}","templated":true}]}}