{"id":27029,"date":"2023-08-30T16:19:54","date_gmt":"2023-08-30T13:19:54","guid":{"rendered":"https:\/\/kodukolle.ee\/?post_type=product&#038;p=27029"},"modified":"2024-01-30T13:07:23","modified_gmt":"2024-01-30T11:07:23","slug":"valurautatakka-jotul-f-233","status":"publish","type":"product","link":"https:\/\/kodukolle.ee\/fi\/tuote\/valurautatakka-jotul-f-233\/","title":{"rendered":"Valurautatakka JOTUL F 233"},"content":{"rendered":"<p>Modernissa Jotul F 233 -takassa on yksinkertaiset ja selke\u00e4t linjat, jotka antavat sille ajattoman ilmeen, kun taas sivulasipaneelit tarjoavat upeat n\u00e4kym\u00e4t. Hareide Design on hy\u00f6dynt\u00e4nyt valuraudan muotoiluyst\u00e4v\u00e4llisi\u00e4 ominaisuuksia luodakseen upean takan, jolla on lempe\u00e4 kokonaisvaikutelma. Cool-touch kahva on sijoitettu k\u00e4tev\u00e4sti oven yl\u00e4osaan, ja magneettinen ovensulkumekanismi tekee lujan, raskaan oven helposti suljettavan. T\u00e4ss\u00e4 tulisijassa on uraauurtava polttotekniikka, ja se on my\u00f6s helppo asentaa. Jotul F 233 -takka on ihanteellinen valinta nykyaikaisiin, energiatehokkaisiin koteihin, jotka on rakennettu nykyp\u00e4iv\u00e4n standardien mukaan.<\/p>\n<ul>\n<li>Moderni ajaton muotoilu<\/li>\n<li>Kolmen sivun n\u00e4kym\u00e4 tulesta<\/li>\n<li>Clean burn j\u00e4rjestelm\u00e4<\/li>\n<li>Uutta sytytysteknologiaa<\/li>\n<li>Cool-touch kahva ja magneettinen oven sulkemismekanismi<\/li>\n<\/ul>\n<p><strong>Saatavana lis\u00e4varusteena<\/strong><\/p>\n<ul>\n<li>Tarvikesarja yl\u00e4- tai takaliit\u00e4nt\u00e4\u00e4n<\/li>\n<li>Elektroninen poltonohjausj\u00e4rjestelm\u00e4<\/li>\n<\/ul>\n<p>&nbsp;<\/p>\n","protected":false},"excerpt":{"rendered":"<p>Modernissa Jotul F 233 -takassa on yksinkertaiset ja selke\u00e4t linjat, jotka antavat sille ajattoman ilmeen, kun taas sivulasipaneelit tarjoavat upeat n\u00e4kym\u00e4t. Hareide Design on hy\u00f6dynt\u00e4nyt valuraudan muotoiluyst\u00e4v\u00e4llisi\u00e4 ominaisuuksia luodakseen upean takan, jolla on lempe\u00e4 kokonaisvaikutelma. Cool-touch kahva on sijoitettu k\u00e4tev\u00e4sti oven yl\u00e4osaan, ja magneettinen ovensulkumekanismi tekee lujan, raskaan oven helposti suljettavan. <\/p>\n","protected":false},"featured_media":19463,"template":"","meta":{"_acf_changed":false},"product_brand":[],"product_cat":[9620],"product_tag":[],"class_list":{"0":"post-27029","1":"product","2":"type-product","3":"status-publish","4":"has-post-thumbnail","6":"brands-jotul-fi","7":"product_cat-takat","9":"first","10":"instock","11":"shipping-taxable","12":"purchasable","13":"product-type-simple"},"acf":[],"yoast_head":"<!-- This site is optimized with the Yoast SEO plugin v27.2 - https:\/\/yoast.com\/product\/yoast-seo-wordpress\/ -->\n<title>Valurautatakka JOTUL F 233 - Kodukolle<\/title>\n<meta name=\"description\" content=\"Modernissa Jotul F 233 -takassa on yksinkertaiset ja selke\u00e4t linjat, jotka antavat sille ajattoman ilmeen, kun taas sivulasipaneelit tarjoavat upeat n\u00e4kym\u00e4t.\" \/>\n<meta name=\"robots\" content=\"index, follow, max-snippet:-1, max-image-preview:large, max-video-preview:-1\" \/>\n<link rel=\"canonical\" href=\"https:\/\/kodukolle.ee\/fi\/tuote\/valurautatakka-jotul-f-233\/\" \/>\n<meta property=\"og:locale\" content=\"fi_FI\" \/>\n<meta property=\"og:type\" content=\"article\" \/>\n<meta property=\"og:title\" content=\"Valurautatakka JOTUL F 233 - Kodukolle\" \/>\n<meta property=\"og:description\" content=\"Modernissa Jotul F 233 -takassa on yksinkertaiset ja selke\u00e4t linjat, jotka antavat sille ajattoman ilmeen, kun taas sivulasipaneelit tarjoavat upeat n\u00e4kym\u00e4t.\" \/>\n<meta property=\"og:url\" content=\"https:\/\/kodukolle.ee\/fi\/tuote\/valurautatakka-jotul-f-233\/\" \/>\n<meta property=\"og:site_name\" content=\"Kodukolle\" \/>\n<meta property=\"article:modified_time\" content=\"2024-01-30T11:07:23+00:00\" \/>\n<meta property=\"og:image\" content=\"https:\/\/kodukolle.ee\/wp-content\/uploads\/2023\/08\/Jotul-F-233-BP-int-1-scaled.jpg\" \/>\n\t<meta property=\"og:image:width\" content=\"2560\" \/>\n\t<meta property=\"og:image:height\" content=\"2045\" \/>\n\t<meta property=\"og:image:type\" content=\"image\/jpeg\" \/>\n<meta name=\"twitter:card\" content=\"summary_large_image\" \/>\n<meta name=\"twitter:label1\" content=\"Est. reading time\" \/>\n\t<meta name=\"twitter:data1\" content=\"1 minuutti\" \/>\n<script type=\"application\/ld+json\" class=\"yoast-schema-graph\">{\"@context\":\"https:\/\/schema.org\",\"@graph\":[{\"@type\":\"WebPage\",\"@id\":\"https:\/\/kodukolle.ee\/fi\/tuote\/valurautatakka-jotul-f-233\/\",\"url\":\"https:\/\/kodukolle.ee\/fi\/tuote\/valurautatakka-jotul-f-233\/\",\"name\":\"Valurautatakka JOTUL F 233 - Kodukolle\",\"isPartOf\":{\"@id\":\"https:\/\/kodukolle.ee\/en\/#website\"},\"primaryImageOfPage\":{\"@id\":\"https:\/\/kodukolle.ee\/fi\/tuote\/valurautatakka-jotul-f-233\/#primaryimage\"},\"image\":{\"@id\":\"https:\/\/kodukolle.ee\/fi\/tuote\/valurautatakka-jotul-f-233\/#primaryimage\"},\"thumbnailUrl\":\"https:\/\/kodukolle.ee\/wp-content\/uploads\/2023\/08\/Jotul-F-233-BP-int-1-scaled.jpg\",\"datePublished\":\"2023-08-30T13:19:54+00:00\",\"dateModified\":\"2024-01-30T11:07:23+00:00\",\"description\":\"Modernissa Jotul F 233 -takassa on yksinkertaiset ja selke\u00e4t linjat, jotka antavat sille ajattoman ilmeen, kun taas sivulasipaneelit tarjoavat upeat n\u00e4kym\u00e4t.\",\"breadcrumb\":{\"@id\":\"https:\/\/kodukolle.ee\/fi\/tuote\/valurautatakka-jotul-f-233\/#breadcrumb\"},\"inLanguage\":\"fi\",\"potentialAction\":[{\"@type\":\"ReadAction\",\"target\":[\"https:\/\/kodukolle.ee\/fi\/tuote\/valurautatakka-jotul-f-233\/\"]}]},{\"@type\":\"ImageObject\",\"inLanguage\":\"fi\",\"@id\":\"https:\/\/kodukolle.ee\/fi\/tuote\/valurautatakka-jotul-f-233\/#primaryimage\",\"url\":\"https:\/\/kodukolle.ee\/wp-content\/uploads\/2023\/08\/Jotul-F-233-BP-int-1-scaled.jpg\",\"contentUrl\":\"https:\/\/kodukolle.ee\/wp-content\/uploads\/2023\/08\/Jotul-F-233-BP-int-1-scaled.jpg\",\"width\":2560,\"height\":2045,\"caption\":\"Jotul F 233\"},{\"@type\":\"BreadcrumbList\",\"@id\":\"https:\/\/kodukolle.ee\/fi\/tuote\/valurautatakka-jotul-f-233\/#breadcrumb\",\"itemListElement\":[{\"@type\":\"ListItem\",\"position\":1,\"name\":\"Home\",\"item\":\"https:\/\/kodukolle.ee\/fi\/\"},{\"@type\":\"ListItem\",\"position\":2,\"name\":\"Tuotteet\",\"item\":\"https:\/\/kodukolle.ee\/fi\/tuotteet\/\"},{\"@type\":\"ListItem\",\"position\":3,\"name\":\"Valurautatakka JOTUL F 233\"}]},{\"@type\":\"WebSite\",\"@id\":\"https:\/\/kodukolle.ee\/en\/#website\",\"url\":\"https:\/\/kodukolle.ee\/en\/\",\"name\":\"Kodukolle\",\"description\":\"\",\"publisher\":{\"@id\":\"https:\/\/kodukolle.ee\/en\/#organization\"},\"potentialAction\":[{\"@type\":\"SearchAction\",\"target\":{\"@type\":\"EntryPoint\",\"urlTemplate\":\"https:\/\/kodukolle.ee\/en\/?s={search_term_string}\"},\"query-input\":{\"@type\":\"PropertyValueSpecification\",\"valueRequired\":true,\"valueName\":\"search_term_string\"}}],\"inLanguage\":\"fi\"},{\"@type\":\"Organization\",\"@id\":\"https:\/\/kodukolle.ee\/en\/#organization\",\"name\":\"Kodukolle\",\"url\":\"https:\/\/kodukolle.ee\/en\/\",\"logo\":{\"@type\":\"ImageObject\",\"inLanguage\":\"fi\",\"@id\":\"https:\/\/kodukolle.ee\/en\/#\/schema\/logo\/image\/\",\"url\":\"https:\/\/kodukolle.ee\/wp-content\/uploads\/2025\/06\/logo_must_gradient.svg\",\"contentUrl\":\"https:\/\/kodukolle.ee\/wp-content\/uploads\/2025\/06\/logo_must_gradient.svg\",\"caption\":\"Kodukolle\"},\"image\":{\"@id\":\"https:\/\/kodukolle.ee\/en\/#\/schema\/logo\/image\/\"}}]}<\/script>\n<!-- \/ Yoast SEO plugin. -->","yoast_head_json":{"title":"Valurautatakka JOTUL F 233 - Kodukolle","description":"Modernissa Jotul F 233 -takassa on yksinkertaiset ja selke\u00e4t linjat, jotka antavat sille ajattoman ilmeen, kun taas sivulasipaneelit tarjoavat upeat n\u00e4kym\u00e4t.","robots":{"index":"index","follow":"follow","max-snippet":"max-snippet:-1","max-image-preview":"max-image-preview:large","max-video-preview":"max-video-preview:-1"},"canonical":"https:\/\/kodukolle.ee\/fi\/tuote\/valurautatakka-jotul-f-233\/","og_locale":"fi_FI","og_type":"article","og_title":"Valurautatakka JOTUL F 233 - Kodukolle","og_description":"Modernissa Jotul F 233 -takassa on yksinkertaiset ja selke\u00e4t linjat, jotka antavat sille ajattoman ilmeen, kun taas sivulasipaneelit tarjoavat upeat n\u00e4kym\u00e4t.","og_url":"https:\/\/kodukolle.ee\/fi\/tuote\/valurautatakka-jotul-f-233\/","og_site_name":"Kodukolle","article_modified_time":"2024-01-30T11:07:23+00:00","og_image":[{"width":2560,"height":2045,"url":"https:\/\/kodukolle.ee\/wp-content\/uploads\/2023\/08\/Jotul-F-233-BP-int-1-scaled.jpg","type":"image\/jpeg"}],"twitter_card":"summary_large_image","twitter_misc":{"Est. reading time":"1 minuutti"},"schema":{"@context":"https:\/\/schema.org","@graph":[{"@type":"WebPage","@id":"https:\/\/kodukolle.ee\/fi\/tuote\/valurautatakka-jotul-f-233\/","url":"https:\/\/kodukolle.ee\/fi\/tuote\/valurautatakka-jotul-f-233\/","name":"Valurautatakka JOTUL F 233 - Kodukolle","isPartOf":{"@id":"https:\/\/kodukolle.ee\/en\/#website"},"primaryImageOfPage":{"@id":"https:\/\/kodukolle.ee\/fi\/tuote\/valurautatakka-jotul-f-233\/#primaryimage"},"image":{"@id":"https:\/\/kodukolle.ee\/fi\/tuote\/valurautatakka-jotul-f-233\/#primaryimage"},"thumbnailUrl":"https:\/\/kodukolle.ee\/wp-content\/uploads\/2023\/08\/Jotul-F-233-BP-int-1-scaled.jpg","datePublished":"2023-08-30T13:19:54+00:00","dateModified":"2024-01-30T11:07:23+00:00","description":"Modernissa Jotul F 233 -takassa on yksinkertaiset ja selke\u00e4t linjat, jotka antavat sille ajattoman ilmeen, kun taas sivulasipaneelit tarjoavat upeat n\u00e4kym\u00e4t.","breadcrumb":{"@id":"https:\/\/kodukolle.ee\/fi\/tuote\/valurautatakka-jotul-f-233\/#breadcrumb"},"inLanguage":"fi","potentialAction":[{"@type":"ReadAction","target":["https:\/\/kodukolle.ee\/fi\/tuote\/valurautatakka-jotul-f-233\/"]}]},{"@type":"ImageObject","inLanguage":"fi","@id":"https:\/\/kodukolle.ee\/fi\/tuote\/valurautatakka-jotul-f-233\/#primaryimage","url":"https:\/\/kodukolle.ee\/wp-content\/uploads\/2023\/08\/Jotul-F-233-BP-int-1-scaled.jpg","contentUrl":"https:\/\/kodukolle.ee\/wp-content\/uploads\/2023\/08\/Jotul-F-233-BP-int-1-scaled.jpg","width":2560,"height":2045,"caption":"Jotul F 233"},{"@type":"BreadcrumbList","@id":"https:\/\/kodukolle.ee\/fi\/tuote\/valurautatakka-jotul-f-233\/#breadcrumb","itemListElement":[{"@type":"ListItem","position":1,"name":"Home","item":"https:\/\/kodukolle.ee\/fi\/"},{"@type":"ListItem","position":2,"name":"Tuotteet","item":"https:\/\/kodukolle.ee\/fi\/tuotteet\/"},{"@type":"ListItem","position":3,"name":"Valurautatakka JOTUL F 233"}]},{"@type":"WebSite","@id":"https:\/\/kodukolle.ee\/en\/#website","url":"https:\/\/kodukolle.ee\/en\/","name":"Kodukolle","description":"","publisher":{"@id":"https:\/\/kodukolle.ee\/en\/#organization"},"potentialAction":[{"@type":"SearchAction","target":{"@type":"EntryPoint","urlTemplate":"https:\/\/kodukolle.ee\/en\/?s={search_term_string}"},"query-input":{"@type":"PropertyValueSpecification","valueRequired":true,"valueName":"search_term_string"}}],"inLanguage":"fi"},{"@type":"Organization","@id":"https:\/\/kodukolle.ee\/en\/#organization","name":"Kodukolle","url":"https:\/\/kodukolle.ee\/en\/","logo":{"@type":"ImageObject","inLanguage":"fi","@id":"https:\/\/kodukolle.ee\/en\/#\/schema\/logo\/image\/","url":"https:\/\/kodukolle.ee\/wp-content\/uploads\/2025\/06\/logo_must_gradient.svg","contentUrl":"https:\/\/kodukolle.ee\/wp-content\/uploads\/2025\/06\/logo_must_gradient.svg","caption":"Kodukolle"},"image":{"@id":"https:\/\/kodukolle.ee\/en\/#\/schema\/logo\/image\/"}}]}},"_links":{"self":[{"href":"https:\/\/kodukolle.ee\/fi\/wp-json\/wp\/v2\/product\/27029","targetHints":{"allow":["GET"]}}],"collection":[{"href":"https:\/\/kodukolle.ee\/fi\/wp-json\/wp\/v2\/product"}],"about":[{"href":"https:\/\/kodukolle.ee\/fi\/wp-json\/wp\/v2\/types\/product"}],"wp:featuredmedia":[{"embeddable":true,"href":"https:\/\/kodukolle.ee\/fi\/wp-json\/wp\/v2\/media\/19463"}],"wp:attachment":[{"href":"https:\/\/kodukolle.ee\/fi\/wp-json\/wp\/v2\/media?parent=27029"}],"wp:term":[{"taxonomy":"product_brand","embeddable":true,"href":"https:\/\/kodukolle.ee\/fi\/wp-json\/wp\/v2\/product_brand?post=27029"},{"taxonomy":"product_cat","embeddable":true,"href":"https:\/\/kodukolle.ee\/fi\/wp-json\/wp\/v2\/product_cat?post=27029"},{"taxonomy":"product_tag","embeddable":true,"href":"https:\/\/kodukolle.ee\/fi\/wp-json\/wp\/v2\/product_tag?post=27029"}],"curies":[{"name":"wp","href":"https:\/\/api.w.org\/{rel}","templated":true}]}}