{"id":27033,"date":"2023-08-30T10:58:04","date_gmt":"2023-08-30T07:58:04","guid":{"rendered":"https:\/\/kodukolle.ee\/?post_type=product&#038;p=27033"},"modified":"2024-01-30T12:57:16","modified_gmt":"2024-01-30T10:57:16","slug":"valurautatakka-jotul-f-167","status":"publish","type":"product","link":"https:\/\/kodukolle.ee\/fi\/tuote\/valurautatakka-jotul-f-167\/","title":{"rendered":"Valurautatakka JOTUL F 167"},"content":{"rendered":"<p>Moderni Jotul F 167 valurautatakka leimaa suuret sivulasit ja tyylik\u00e4s pylv\u00e4sjalka, josta on ajan mittaan tullut Jotulin palkittu tunnusmerkki. Jotul F 167 tulisijaan voidaan asentaa vuolukivinen p\u00e4\u00e4llyslevy, joka lis\u00e4\u00e4 l\u00e4mm\u00f6nkestokyky\u00e4 ja hieman erilaista ilmett\u00e4. Jotul F 167 on t\u00e4ydellinen matalaenergiataloihin, t\u00e4ytt\u00e4\u00e4 tiukimmat p\u00e4\u00e4st\u00f6rajat ja voi palaa ekologisesti pienell\u00e4kin teholla.<\/p>\n<ul>\n<li>Moderni muotoilu<\/li>\n<li>Tyylik\u00e4s pylv\u00e4sjalka<\/li>\n<li>Clean burn j\u00e4rjestelm\u00e4<\/li>\n<\/ul>\n<p><strong>Saatavana lis\u00e4varusteena<\/strong><\/p>\n<ul>\n<li>Elektroninen poltonohjausj\u00e4rjestelm\u00e4<\/li>\n<li>Vuolukivinen p\u00e4\u00e4llyslevy<\/li>\n<\/ul>\n<p>&nbsp;<\/p>\n","protected":false},"excerpt":{"rendered":"<p>Moderni Jotul F 167 valurautatakka leimaa suuret sivulasit ja tyylik\u00e4s pylv\u00e4sjalka, josta on ajan mittaan tullut Jotulin palkittu tunnusmerkki. Jotul F 167 tulisijaan voidaan asentaa vuolukivinen p\u00e4\u00e4llyslevy, joka lis\u00e4\u00e4 l\u00e4mm\u00f6nkestokyky\u00e4 ja hieman erilaista ilmett\u00e4. Jotul F 167 on t\u00e4ydellinen matalaenergiataloihin, t\u00e4ytt\u00e4\u00e4 tiukimmat p\u00e4\u00e4st\u00f6rajat ja voi palaa ekologisesti pienell\u00e4kin teholla.<\/p>\n","protected":false},"featured_media":19331,"template":"","meta":{"_acf_changed":false},"product_brand":[],"product_cat":[9620],"product_tag":[],"class_list":{"0":"post-27033","1":"product","2":"type-product","3":"status-publish","4":"has-post-thumbnail","6":"brands-jotul-fi","7":"product_cat-takat","9":"first","10":"instock","11":"shipping-taxable","12":"purchasable","13":"product-type-simple"},"acf":[],"yoast_head":"<!-- This site is optimized with the Yoast SEO plugin v27.2 - https:\/\/yoast.com\/product\/yoast-seo-wordpress\/ -->\n<title>Valurautatakka JOTUL F 167 - Kodukolle<\/title>\n<meta name=\"description\" content=\"Moderni Jotul F 167 valurautatakka leimaa suuret sivulasit ja tyylik\u00e4s pylv\u00e4sjalka, josta on ajan mittaan tullut Jotulin palkittu tunnusmerkki.\" \/>\n<meta name=\"robots\" content=\"index, follow, max-snippet:-1, max-image-preview:large, max-video-preview:-1\" \/>\n<link rel=\"canonical\" href=\"https:\/\/kodukolle.ee\/fi\/tuote\/valurautatakka-jotul-f-167\/\" \/>\n<meta property=\"og:locale\" content=\"fi_FI\" \/>\n<meta property=\"og:type\" content=\"article\" \/>\n<meta property=\"og:title\" content=\"Valurautatakka JOTUL F 167 - Kodukolle\" \/>\n<meta property=\"og:description\" content=\"Moderni Jotul F 167 valurautatakka leimaa suuret sivulasit ja tyylik\u00e4s pylv\u00e4sjalka, josta on ajan mittaan tullut Jotulin palkittu tunnusmerkki.\" \/>\n<meta property=\"og:url\" content=\"https:\/\/kodukolle.ee\/fi\/tuote\/valurautatakka-jotul-f-167\/\" \/>\n<meta property=\"og:site_name\" content=\"Kodukolle\" \/>\n<meta property=\"article:modified_time\" content=\"2024-01-30T10:57:16+00:00\" \/>\n<meta property=\"og:image\" content=\"https:\/\/kodukolle.ee\/wp-content\/uploads\/2023\/08\/Jotul-F-167-BP-int-1-2-scaled.jpg\" \/>\n\t<meta property=\"og:image:width\" content=\"2560\" \/>\n\t<meta property=\"og:image:height\" content=\"2057\" \/>\n\t<meta property=\"og:image:type\" content=\"image\/jpeg\" \/>\n<meta name=\"twitter:card\" content=\"summary_large_image\" \/>\n<meta name=\"twitter:label1\" content=\"Est. reading time\" \/>\n\t<meta name=\"twitter:data1\" content=\"1 minuutti\" \/>\n<script type=\"application\/ld+json\" class=\"yoast-schema-graph\">{\"@context\":\"https:\/\/schema.org\",\"@graph\":[{\"@type\":\"WebPage\",\"@id\":\"https:\/\/kodukolle.ee\/fi\/tuote\/valurautatakka-jotul-f-167\/\",\"url\":\"https:\/\/kodukolle.ee\/fi\/tuote\/valurautatakka-jotul-f-167\/\",\"name\":\"Valurautatakka JOTUL F 167 - Kodukolle\",\"isPartOf\":{\"@id\":\"https:\/\/kodukolle.ee\/en\/#website\"},\"primaryImageOfPage\":{\"@id\":\"https:\/\/kodukolle.ee\/fi\/tuote\/valurautatakka-jotul-f-167\/#primaryimage\"},\"image\":{\"@id\":\"https:\/\/kodukolle.ee\/fi\/tuote\/valurautatakka-jotul-f-167\/#primaryimage\"},\"thumbnailUrl\":\"https:\/\/kodukolle.ee\/wp-content\/uploads\/2023\/08\/Jotul-F-167-BP-int-1-2-scaled.jpg\",\"datePublished\":\"2023-08-30T07:58:04+00:00\",\"dateModified\":\"2024-01-30T10:57:16+00:00\",\"description\":\"Moderni Jotul F 167 valurautatakka leimaa suuret sivulasit ja tyylik\u00e4s pylv\u00e4sjalka, josta on ajan mittaan tullut Jotulin palkittu tunnusmerkki.\",\"breadcrumb\":{\"@id\":\"https:\/\/kodukolle.ee\/fi\/tuote\/valurautatakka-jotul-f-167\/#breadcrumb\"},\"inLanguage\":\"fi\",\"potentialAction\":[{\"@type\":\"ReadAction\",\"target\":[\"https:\/\/kodukolle.ee\/fi\/tuote\/valurautatakka-jotul-f-167\/\"]}]},{\"@type\":\"ImageObject\",\"inLanguage\":\"fi\",\"@id\":\"https:\/\/kodukolle.ee\/fi\/tuote\/valurautatakka-jotul-f-167\/#primaryimage\",\"url\":\"https:\/\/kodukolle.ee\/wp-content\/uploads\/2023\/08\/Jotul-F-167-BP-int-1-2-scaled.jpg\",\"contentUrl\":\"https:\/\/kodukolle.ee\/wp-content\/uploads\/2023\/08\/Jotul-F-167-BP-int-1-2-scaled.jpg\",\"width\":2560,\"height\":2057,\"caption\":\"Jotul F 167\"},{\"@type\":\"BreadcrumbList\",\"@id\":\"https:\/\/kodukolle.ee\/fi\/tuote\/valurautatakka-jotul-f-167\/#breadcrumb\",\"itemListElement\":[{\"@type\":\"ListItem\",\"position\":1,\"name\":\"Home\",\"item\":\"https:\/\/kodukolle.ee\/fi\/\"},{\"@type\":\"ListItem\",\"position\":2,\"name\":\"Tuotteet\",\"item\":\"https:\/\/kodukolle.ee\/fi\/tuotteet\/\"},{\"@type\":\"ListItem\",\"position\":3,\"name\":\"Valurautatakka JOTUL F 167\"}]},{\"@type\":\"WebSite\",\"@id\":\"https:\/\/kodukolle.ee\/en\/#website\",\"url\":\"https:\/\/kodukolle.ee\/en\/\",\"name\":\"Kodukolle\",\"description\":\"\",\"publisher\":{\"@id\":\"https:\/\/kodukolle.ee\/en\/#organization\"},\"potentialAction\":[{\"@type\":\"SearchAction\",\"target\":{\"@type\":\"EntryPoint\",\"urlTemplate\":\"https:\/\/kodukolle.ee\/en\/?s={search_term_string}\"},\"query-input\":{\"@type\":\"PropertyValueSpecification\",\"valueRequired\":true,\"valueName\":\"search_term_string\"}}],\"inLanguage\":\"fi\"},{\"@type\":\"Organization\",\"@id\":\"https:\/\/kodukolle.ee\/en\/#organization\",\"name\":\"Kodukolle\",\"url\":\"https:\/\/kodukolle.ee\/en\/\",\"logo\":{\"@type\":\"ImageObject\",\"inLanguage\":\"fi\",\"@id\":\"https:\/\/kodukolle.ee\/en\/#\/schema\/logo\/image\/\",\"url\":\"https:\/\/kodukolle.ee\/wp-content\/uploads\/2025\/06\/logo_must_gradient.svg\",\"contentUrl\":\"https:\/\/kodukolle.ee\/wp-content\/uploads\/2025\/06\/logo_must_gradient.svg\",\"caption\":\"Kodukolle\"},\"image\":{\"@id\":\"https:\/\/kodukolle.ee\/en\/#\/schema\/logo\/image\/\"}}]}<\/script>\n<!-- \/ Yoast SEO plugin. -->","yoast_head_json":{"title":"Valurautatakka JOTUL F 167 - Kodukolle","description":"Moderni Jotul F 167 valurautatakka leimaa suuret sivulasit ja tyylik\u00e4s pylv\u00e4sjalka, josta on ajan mittaan tullut Jotulin palkittu tunnusmerkki.","robots":{"index":"index","follow":"follow","max-snippet":"max-snippet:-1","max-image-preview":"max-image-preview:large","max-video-preview":"max-video-preview:-1"},"canonical":"https:\/\/kodukolle.ee\/fi\/tuote\/valurautatakka-jotul-f-167\/","og_locale":"fi_FI","og_type":"article","og_title":"Valurautatakka JOTUL F 167 - Kodukolle","og_description":"Moderni Jotul F 167 valurautatakka leimaa suuret sivulasit ja tyylik\u00e4s pylv\u00e4sjalka, josta on ajan mittaan tullut Jotulin palkittu tunnusmerkki.","og_url":"https:\/\/kodukolle.ee\/fi\/tuote\/valurautatakka-jotul-f-167\/","og_site_name":"Kodukolle","article_modified_time":"2024-01-30T10:57:16+00:00","og_image":[{"width":2560,"height":2057,"url":"https:\/\/kodukolle.ee\/wp-content\/uploads\/2023\/08\/Jotul-F-167-BP-int-1-2-scaled.jpg","type":"image\/jpeg"}],"twitter_card":"summary_large_image","twitter_misc":{"Est. reading time":"1 minuutti"},"schema":{"@context":"https:\/\/schema.org","@graph":[{"@type":"WebPage","@id":"https:\/\/kodukolle.ee\/fi\/tuote\/valurautatakka-jotul-f-167\/","url":"https:\/\/kodukolle.ee\/fi\/tuote\/valurautatakka-jotul-f-167\/","name":"Valurautatakka JOTUL F 167 - Kodukolle","isPartOf":{"@id":"https:\/\/kodukolle.ee\/en\/#website"},"primaryImageOfPage":{"@id":"https:\/\/kodukolle.ee\/fi\/tuote\/valurautatakka-jotul-f-167\/#primaryimage"},"image":{"@id":"https:\/\/kodukolle.ee\/fi\/tuote\/valurautatakka-jotul-f-167\/#primaryimage"},"thumbnailUrl":"https:\/\/kodukolle.ee\/wp-content\/uploads\/2023\/08\/Jotul-F-167-BP-int-1-2-scaled.jpg","datePublished":"2023-08-30T07:58:04+00:00","dateModified":"2024-01-30T10:57:16+00:00","description":"Moderni Jotul F 167 valurautatakka leimaa suuret sivulasit ja tyylik\u00e4s pylv\u00e4sjalka, josta on ajan mittaan tullut Jotulin palkittu tunnusmerkki.","breadcrumb":{"@id":"https:\/\/kodukolle.ee\/fi\/tuote\/valurautatakka-jotul-f-167\/#breadcrumb"},"inLanguage":"fi","potentialAction":[{"@type":"ReadAction","target":["https:\/\/kodukolle.ee\/fi\/tuote\/valurautatakka-jotul-f-167\/"]}]},{"@type":"ImageObject","inLanguage":"fi","@id":"https:\/\/kodukolle.ee\/fi\/tuote\/valurautatakka-jotul-f-167\/#primaryimage","url":"https:\/\/kodukolle.ee\/wp-content\/uploads\/2023\/08\/Jotul-F-167-BP-int-1-2-scaled.jpg","contentUrl":"https:\/\/kodukolle.ee\/wp-content\/uploads\/2023\/08\/Jotul-F-167-BP-int-1-2-scaled.jpg","width":2560,"height":2057,"caption":"Jotul F 167"},{"@type":"BreadcrumbList","@id":"https:\/\/kodukolle.ee\/fi\/tuote\/valurautatakka-jotul-f-167\/#breadcrumb","itemListElement":[{"@type":"ListItem","position":1,"name":"Home","item":"https:\/\/kodukolle.ee\/fi\/"},{"@type":"ListItem","position":2,"name":"Tuotteet","item":"https:\/\/kodukolle.ee\/fi\/tuotteet\/"},{"@type":"ListItem","position":3,"name":"Valurautatakka JOTUL F 167"}]},{"@type":"WebSite","@id":"https:\/\/kodukolle.ee\/en\/#website","url":"https:\/\/kodukolle.ee\/en\/","name":"Kodukolle","description":"","publisher":{"@id":"https:\/\/kodukolle.ee\/en\/#organization"},"potentialAction":[{"@type":"SearchAction","target":{"@type":"EntryPoint","urlTemplate":"https:\/\/kodukolle.ee\/en\/?s={search_term_string}"},"query-input":{"@type":"PropertyValueSpecification","valueRequired":true,"valueName":"search_term_string"}}],"inLanguage":"fi"},{"@type":"Organization","@id":"https:\/\/kodukolle.ee\/en\/#organization","name":"Kodukolle","url":"https:\/\/kodukolle.ee\/en\/","logo":{"@type":"ImageObject","inLanguage":"fi","@id":"https:\/\/kodukolle.ee\/en\/#\/schema\/logo\/image\/","url":"https:\/\/kodukolle.ee\/wp-content\/uploads\/2025\/06\/logo_must_gradient.svg","contentUrl":"https:\/\/kodukolle.ee\/wp-content\/uploads\/2025\/06\/logo_must_gradient.svg","caption":"Kodukolle"},"image":{"@id":"https:\/\/kodukolle.ee\/en\/#\/schema\/logo\/image\/"}}]}},"_links":{"self":[{"href":"https:\/\/kodukolle.ee\/fi\/wp-json\/wp\/v2\/product\/27033","targetHints":{"allow":["GET"]}}],"collection":[{"href":"https:\/\/kodukolle.ee\/fi\/wp-json\/wp\/v2\/product"}],"about":[{"href":"https:\/\/kodukolle.ee\/fi\/wp-json\/wp\/v2\/types\/product"}],"wp:featuredmedia":[{"embeddable":true,"href":"https:\/\/kodukolle.ee\/fi\/wp-json\/wp\/v2\/media\/19331"}],"wp:attachment":[{"href":"https:\/\/kodukolle.ee\/fi\/wp-json\/wp\/v2\/media?parent=27033"}],"wp:term":[{"taxonomy":"product_brand","embeddable":true,"href":"https:\/\/kodukolle.ee\/fi\/wp-json\/wp\/v2\/product_brand?post=27033"},{"taxonomy":"product_cat","embeddable":true,"href":"https:\/\/kodukolle.ee\/fi\/wp-json\/wp\/v2\/product_cat?post=27033"},{"taxonomy":"product_tag","embeddable":true,"href":"https:\/\/kodukolle.ee\/fi\/wp-json\/wp\/v2\/product_tag?post=27033"}],"curies":[{"name":"wp","href":"https:\/\/api.w.org\/{rel}","templated":true}]}}