{"id":27042,"date":"2023-08-24T15:05:01","date_gmt":"2023-08-24T12:05:01","guid":{"rendered":"https:\/\/kodukolle.ee\/?post_type=product&#038;p=27042"},"modified":"2024-03-07T11:35:44","modified_gmt":"2024-03-07T09:35:44","slug":"elementtitakka-jotul-fs-520-frl","status":"publish","type":"product","link":"https:\/\/kodukolle.ee\/fi\/tuote\/elementtitakka-jotul-fs-520-frl\/","title":{"rendered":"Elementtitakka JOTUL FS 520 FRL"},"content":{"rendered":"<p>Jotul FS 520 FRL takka on suunniteltu nopeaan ja helppoon asennukseen. Sen pinta voidaan maalata mihin tahansa v\u00e4riin t\u00e4ydent\u00e4m\u00e4\u00e4n sisustusta. Sinun tarvitsee vain nauttia tanssivista liekeist\u00e4 ja takasta tulevan puun rauhoittavasta r\u00e4tisemisest\u00e4. Jotul FS 520 FRL sopii t\u00e4ydellisesti Jotul I 520 FRL -takkasyd\u00e4men kanssa. Takkalasissa on erityinen heijastava pinta, joka est\u00e4\u00e4 noen kertymisen, tehostaa palamista ja siten tehostaa tulisijan tehoa.<\/p>\n<ul>\n<li>Valurautainen takkasyd\u00e4n ja kalsiumsilikaattikotelo<\/li>\n<li>Nopea ja helppo asentaa<\/li>\n<li>Clean burn j\u00e4rjestelm\u00e4<\/li>\n<li>Anna takalle sisustukseen sopiva v\u00e4ri<\/li>\n<\/ul>\n<p><strong>Saatavana lis\u00e4varusteena<\/strong><\/p>\n<ul>\n<li>Elektroninen poltonohjausj\u00e4rjestelm\u00e4<\/li>\n<\/ul>\n<p>&nbsp;<\/p>\n","protected":false},"excerpt":{"rendered":"<p>Jotul FS 520 FRL takka on suunniteltu nopeaan ja helppoon asennukseen. Sen pinta voidaan maalata mihin tahansa v\u00e4riin t\u00e4ydent\u00e4m\u00e4\u00e4n sisustusta. Sinun tarvitsee vain nauttia tanssivista liekeist\u00e4 ja takasta tulevan puun rauhoittavasta r\u00e4tisemisest\u00e4. Jotul FS 520 FRL sopii t\u00e4ydellisesti Jotul I 520 FRL -takkasyd\u00e4men kanssa. Takkalasissa on erityinen heijastava pinta, joka est\u00e4\u00e4 noen kertymisen, tehostaa palamista ja siten tehostaa tulisijan tehoa.<\/p>\n","protected":false},"featured_media":18741,"template":"","meta":{"_acf_changed":false},"product_brand":[],"product_cat":[9620],"product_tag":[],"class_list":{"0":"post-27042","1":"product","2":"type-product","3":"status-publish","4":"has-post-thumbnail","6":"brands-jotul-fi","7":"product_cat-takat","9":"first","10":"instock","11":"shipping-taxable","12":"purchasable","13":"product-type-simple"},"acf":[],"yoast_head":"<!-- This site is optimized with the Yoast SEO plugin v27.2 - https:\/\/yoast.com\/product\/yoast-seo-wordpress\/ -->\n<title>Elementtitakka JOTUL FS 520 FRL - Kodukolle<\/title>\n<meta name=\"description\" content=\"Jotul FS 520 FRL takka on suunniteltu nopeaan ja helppoon asennukseen. Sen pinta voidaan maalata mihin tahansa v\u00e4riin t\u00e4ydent\u00e4m\u00e4\u00e4n sisustusta.\" \/>\n<meta name=\"robots\" content=\"index, follow, max-snippet:-1, max-image-preview:large, max-video-preview:-1\" \/>\n<link rel=\"canonical\" href=\"https:\/\/kodukolle.ee\/fi\/tuote\/elementtitakka-jotul-fs-520-frl\/\" \/>\n<meta property=\"og:locale\" content=\"fi_FI\" \/>\n<meta property=\"og:type\" content=\"article\" \/>\n<meta property=\"og:title\" content=\"Elementtitakka JOTUL FS 520 FRL - Kodukolle\" \/>\n<meta property=\"og:description\" content=\"Jotul FS 520 FRL takka on suunniteltu nopeaan ja helppoon asennukseen. Sen pinta voidaan maalata mihin tahansa v\u00e4riin t\u00e4ydent\u00e4m\u00e4\u00e4n sisustusta.\" \/>\n<meta property=\"og:url\" content=\"https:\/\/kodukolle.ee\/fi\/tuote\/elementtitakka-jotul-fs-520-frl\/\" \/>\n<meta property=\"og:site_name\" content=\"Kodukolle\" \/>\n<meta property=\"article:modified_time\" content=\"2024-03-07T09:35:44+00:00\" \/>\n<meta property=\"og:image\" content=\"https:\/\/kodukolle.ee\/wp-content\/uploads\/2023\/08\/Jotul-FS-520-FRL-int-2.jpg\" \/>\n\t<meta property=\"og:image:width\" content=\"1222\" \/>\n\t<meta property=\"og:image:height\" content=\"961\" \/>\n\t<meta property=\"og:image:type\" content=\"image\/jpeg\" \/>\n<meta name=\"twitter:card\" content=\"summary_large_image\" \/>\n<meta name=\"twitter:label1\" content=\"Est. reading time\" \/>\n\t<meta name=\"twitter:data1\" content=\"1 minute\" \/>\n<script type=\"application\/ld+json\" class=\"yoast-schema-graph\">{\"@context\":\"https:\/\/schema.org\",\"@graph\":[{\"@type\":\"WebPage\",\"@id\":\"https:\/\/kodukolle.ee\/fi\/tuote\/elementtitakka-jotul-fs-520-frl\/\",\"url\":\"https:\/\/kodukolle.ee\/fi\/tuote\/elementtitakka-jotul-fs-520-frl\/\",\"name\":\"Elementtitakka JOTUL FS 520 FRL - Kodukolle\",\"isPartOf\":{\"@id\":\"https:\/\/kodukolle.ee\/en\/#website\"},\"primaryImageOfPage\":{\"@id\":\"https:\/\/kodukolle.ee\/fi\/tuote\/elementtitakka-jotul-fs-520-frl\/#primaryimage\"},\"image\":{\"@id\":\"https:\/\/kodukolle.ee\/fi\/tuote\/elementtitakka-jotul-fs-520-frl\/#primaryimage\"},\"thumbnailUrl\":\"https:\/\/kodukolle.ee\/wp-content\/uploads\/2023\/08\/Jotul-FS-520-FRL-int-2.jpg\",\"datePublished\":\"2023-08-24T12:05:01+00:00\",\"dateModified\":\"2024-03-07T09:35:44+00:00\",\"description\":\"Jotul FS 520 FRL takka on suunniteltu nopeaan ja helppoon asennukseen. Sen pinta voidaan maalata mihin tahansa v\u00e4riin t\u00e4ydent\u00e4m\u00e4\u00e4n sisustusta.\",\"breadcrumb\":{\"@id\":\"https:\/\/kodukolle.ee\/fi\/tuote\/elementtitakka-jotul-fs-520-frl\/#breadcrumb\"},\"inLanguage\":\"fi-FI\",\"potentialAction\":[{\"@type\":\"ReadAction\",\"target\":[\"https:\/\/kodukolle.ee\/fi\/tuote\/elementtitakka-jotul-fs-520-frl\/\"]}]},{\"@type\":\"ImageObject\",\"inLanguage\":\"fi-FI\",\"@id\":\"https:\/\/kodukolle.ee\/fi\/tuote\/elementtitakka-jotul-fs-520-frl\/#primaryimage\",\"url\":\"https:\/\/kodukolle.ee\/wp-content\/uploads\/2023\/08\/Jotul-FS-520-FRL-int-2.jpg\",\"contentUrl\":\"https:\/\/kodukolle.ee\/wp-content\/uploads\/2023\/08\/Jotul-FS-520-FRL-int-2.jpg\",\"width\":1222,\"height\":961,\"caption\":\"Jotul FS 520 FRL\"},{\"@type\":\"BreadcrumbList\",\"@id\":\"https:\/\/kodukolle.ee\/fi\/tuote\/elementtitakka-jotul-fs-520-frl\/#breadcrumb\",\"itemListElement\":[{\"@type\":\"ListItem\",\"position\":1,\"name\":\"Home\",\"item\":\"https:\/\/kodukolle.ee\/fi\/\"},{\"@type\":\"ListItem\",\"position\":2,\"name\":\"Tuotteet\",\"item\":\"https:\/\/kodukolle.ee\/fi\/tuotteet\/\"},{\"@type\":\"ListItem\",\"position\":3,\"name\":\"Elementtitakka JOTUL FS 520 FRL\"}]},{\"@type\":\"WebSite\",\"@id\":\"https:\/\/kodukolle.ee\/en\/#website\",\"url\":\"https:\/\/kodukolle.ee\/en\/\",\"name\":\"Kodukolle\",\"description\":\"\",\"publisher\":{\"@id\":\"https:\/\/kodukolle.ee\/en\/#organization\"},\"potentialAction\":[{\"@type\":\"SearchAction\",\"target\":{\"@type\":\"EntryPoint\",\"urlTemplate\":\"https:\/\/kodukolle.ee\/en\/?s={search_term_string}\"},\"query-input\":{\"@type\":\"PropertyValueSpecification\",\"valueRequired\":true,\"valueName\":\"search_term_string\"}}],\"inLanguage\":\"fi-FI\"},{\"@type\":\"Organization\",\"@id\":\"https:\/\/kodukolle.ee\/en\/#organization\",\"name\":\"Kodukolle\",\"url\":\"https:\/\/kodukolle.ee\/en\/\",\"logo\":{\"@type\":\"ImageObject\",\"inLanguage\":\"fi-FI\",\"@id\":\"https:\/\/kodukolle.ee\/en\/#\/schema\/logo\/image\/\",\"url\":\"https:\/\/kodukolle.ee\/wp-content\/uploads\/2025\/06\/logo_must_gradient.svg\",\"contentUrl\":\"https:\/\/kodukolle.ee\/wp-content\/uploads\/2025\/06\/logo_must_gradient.svg\",\"caption\":\"Kodukolle\"},\"image\":{\"@id\":\"https:\/\/kodukolle.ee\/en\/#\/schema\/logo\/image\/\"}}]}<\/script>\n<!-- \/ Yoast SEO plugin. -->","yoast_head_json":{"title":"Elementtitakka JOTUL FS 520 FRL - Kodukolle","description":"Jotul FS 520 FRL takka on suunniteltu nopeaan ja helppoon asennukseen. Sen pinta voidaan maalata mihin tahansa v\u00e4riin t\u00e4ydent\u00e4m\u00e4\u00e4n sisustusta.","robots":{"index":"index","follow":"follow","max-snippet":"max-snippet:-1","max-image-preview":"max-image-preview:large","max-video-preview":"max-video-preview:-1"},"canonical":"https:\/\/kodukolle.ee\/fi\/tuote\/elementtitakka-jotul-fs-520-frl\/","og_locale":"fi_FI","og_type":"article","og_title":"Elementtitakka JOTUL FS 520 FRL - Kodukolle","og_description":"Jotul FS 520 FRL takka on suunniteltu nopeaan ja helppoon asennukseen. Sen pinta voidaan maalata mihin tahansa v\u00e4riin t\u00e4ydent\u00e4m\u00e4\u00e4n sisustusta.","og_url":"https:\/\/kodukolle.ee\/fi\/tuote\/elementtitakka-jotul-fs-520-frl\/","og_site_name":"Kodukolle","article_modified_time":"2024-03-07T09:35:44+00:00","og_image":[{"width":1222,"height":961,"url":"https:\/\/kodukolle.ee\/wp-content\/uploads\/2023\/08\/Jotul-FS-520-FRL-int-2.jpg","type":"image\/jpeg"}],"twitter_card":"summary_large_image","twitter_misc":{"Est. reading time":"1 minute"},"schema":{"@context":"https:\/\/schema.org","@graph":[{"@type":"WebPage","@id":"https:\/\/kodukolle.ee\/fi\/tuote\/elementtitakka-jotul-fs-520-frl\/","url":"https:\/\/kodukolle.ee\/fi\/tuote\/elementtitakka-jotul-fs-520-frl\/","name":"Elementtitakka JOTUL FS 520 FRL - Kodukolle","isPartOf":{"@id":"https:\/\/kodukolle.ee\/en\/#website"},"primaryImageOfPage":{"@id":"https:\/\/kodukolle.ee\/fi\/tuote\/elementtitakka-jotul-fs-520-frl\/#primaryimage"},"image":{"@id":"https:\/\/kodukolle.ee\/fi\/tuote\/elementtitakka-jotul-fs-520-frl\/#primaryimage"},"thumbnailUrl":"https:\/\/kodukolle.ee\/wp-content\/uploads\/2023\/08\/Jotul-FS-520-FRL-int-2.jpg","datePublished":"2023-08-24T12:05:01+00:00","dateModified":"2024-03-07T09:35:44+00:00","description":"Jotul FS 520 FRL takka on suunniteltu nopeaan ja helppoon asennukseen. Sen pinta voidaan maalata mihin tahansa v\u00e4riin t\u00e4ydent\u00e4m\u00e4\u00e4n sisustusta.","breadcrumb":{"@id":"https:\/\/kodukolle.ee\/fi\/tuote\/elementtitakka-jotul-fs-520-frl\/#breadcrumb"},"inLanguage":"fi-FI","potentialAction":[{"@type":"ReadAction","target":["https:\/\/kodukolle.ee\/fi\/tuote\/elementtitakka-jotul-fs-520-frl\/"]}]},{"@type":"ImageObject","inLanguage":"fi-FI","@id":"https:\/\/kodukolle.ee\/fi\/tuote\/elementtitakka-jotul-fs-520-frl\/#primaryimage","url":"https:\/\/kodukolle.ee\/wp-content\/uploads\/2023\/08\/Jotul-FS-520-FRL-int-2.jpg","contentUrl":"https:\/\/kodukolle.ee\/wp-content\/uploads\/2023\/08\/Jotul-FS-520-FRL-int-2.jpg","width":1222,"height":961,"caption":"Jotul FS 520 FRL"},{"@type":"BreadcrumbList","@id":"https:\/\/kodukolle.ee\/fi\/tuote\/elementtitakka-jotul-fs-520-frl\/#breadcrumb","itemListElement":[{"@type":"ListItem","position":1,"name":"Home","item":"https:\/\/kodukolle.ee\/fi\/"},{"@type":"ListItem","position":2,"name":"Tuotteet","item":"https:\/\/kodukolle.ee\/fi\/tuotteet\/"},{"@type":"ListItem","position":3,"name":"Elementtitakka JOTUL FS 520 FRL"}]},{"@type":"WebSite","@id":"https:\/\/kodukolle.ee\/en\/#website","url":"https:\/\/kodukolle.ee\/en\/","name":"Kodukolle","description":"","publisher":{"@id":"https:\/\/kodukolle.ee\/en\/#organization"},"potentialAction":[{"@type":"SearchAction","target":{"@type":"EntryPoint","urlTemplate":"https:\/\/kodukolle.ee\/en\/?s={search_term_string}"},"query-input":{"@type":"PropertyValueSpecification","valueRequired":true,"valueName":"search_term_string"}}],"inLanguage":"fi-FI"},{"@type":"Organization","@id":"https:\/\/kodukolle.ee\/en\/#organization","name":"Kodukolle","url":"https:\/\/kodukolle.ee\/en\/","logo":{"@type":"ImageObject","inLanguage":"fi-FI","@id":"https:\/\/kodukolle.ee\/en\/#\/schema\/logo\/image\/","url":"https:\/\/kodukolle.ee\/wp-content\/uploads\/2025\/06\/logo_must_gradient.svg","contentUrl":"https:\/\/kodukolle.ee\/wp-content\/uploads\/2025\/06\/logo_must_gradient.svg","caption":"Kodukolle"},"image":{"@id":"https:\/\/kodukolle.ee\/en\/#\/schema\/logo\/image\/"}}]}},"_links":{"self":[{"href":"https:\/\/kodukolle.ee\/fi\/wp-json\/wp\/v2\/product\/27042","targetHints":{"allow":["GET"]}}],"collection":[{"href":"https:\/\/kodukolle.ee\/fi\/wp-json\/wp\/v2\/product"}],"about":[{"href":"https:\/\/kodukolle.ee\/fi\/wp-json\/wp\/v2\/types\/product"}],"wp:featuredmedia":[{"embeddable":true,"href":"https:\/\/kodukolle.ee\/fi\/wp-json\/wp\/v2\/media\/18741"}],"wp:attachment":[{"href":"https:\/\/kodukolle.ee\/fi\/wp-json\/wp\/v2\/media?parent=27042"}],"wp:term":[{"taxonomy":"product_brand","embeddable":true,"href":"https:\/\/kodukolle.ee\/fi\/wp-json\/wp\/v2\/product_brand?post=27042"},{"taxonomy":"product_cat","embeddable":true,"href":"https:\/\/kodukolle.ee\/fi\/wp-json\/wp\/v2\/product_cat?post=27042"},{"taxonomy":"product_tag","embeddable":true,"href":"https:\/\/kodukolle.ee\/fi\/wp-json\/wp\/v2\/product_tag?post=27042"}],"curies":[{"name":"wp","href":"https:\/\/api.w.org\/{rel}","templated":true}]}}