{"id":27063,"date":"2021-05-14T12:27:38","date_gmt":"2021-05-14T09:27:38","guid":{"rendered":"https:\/\/kodukolle.ee\/?post_type=product&#038;p=27063"},"modified":"2024-01-30T10:56:26","modified_gmt":"2024-01-30T08:56:26","slug":"takkasydan-jotul-i-620-f","status":"publish","type":"product","link":"https:\/\/kodukolle.ee\/fi\/tuote\/takkasydan-jotul-i-620-f\/","title":{"rendered":"Takkasyd\u00e4n JOTUL I 620 F"},"content":{"rendered":"<p>Jotul I 620 F on suuri valurautatakkasyd\u00e4n, josta avautuu tilava panoraaman\u00e4kym\u00e4 tuleen. Kokostaan huolimatta t\u00e4m\u00e4 takkasyd\u00e4n on suunniteltu varmistamaan optimaalinen palaminen my\u00f6s alhaisemmilla asetuksilla. Kirkkaat vermikuliittilevyt ja kest\u00e4v\u00e4 valkoinen emaloitu valurauta lis\u00e4\u00e4v\u00e4t tulisijan sis\u00e4tilojen s\u00e4teilemist\u00e4. Tuuletusaukkojen symbolit auttavat ohjaamaan tulisijan oikeaa k\u00e4ytt\u00f6\u00e4. Jotul I 620 F on helppo asentaa ja soveltuu erilaisiin sovelluksiin, kuten avoimiin aukkoihin, vanhojen tulisijaosien korvaamiseen ja tulisijojen t\u00e4ydent\u00e4miseen nykyaikaisemmalla muotoilulla. Ohut, irrotettava koristekehys on vakiovaruste, joka tarjoaa saumattoman siirtymisen paloalueelle.<\/p>\n<ul>\n<li>Helppo asentaa<\/li>\n<li>Hurmaava panoraaman\u00e4kym\u00e4 tulelle<\/li>\n<li>Clean burn j\u00e4rjestelm\u00e4<\/li>\n<\/ul>\n<p><strong>Saatavana lis\u00e4varusteena<\/strong><\/p>\n<ul>\n<li>Elektroninen poltonohjausj\u00e4rjestelm\u00e4<\/li>\n<li>L\u00e4mp\u00f6\u00e4 varaavat kivet<\/li>\n<li>S\u00e4\u00e4dett\u00e4v\u00e4t jalat\/pohja<\/li>\n<\/ul>\n<p>&nbsp;<\/p>\n","protected":false},"excerpt":{"rendered":"<p>Jotul I 620 F on suuri valurautatakkasyd\u00e4n, josta avautuu tilava panoraaman\u00e4kym\u00e4 tuleen. Kokostaan huolimatta t\u00e4m\u00e4 takkasyd\u00e4n on suunniteltu varmistamaan optimaalinen palaminen my\u00f6s alhaisemmilla asetuksilla. Kirkkaat vermikuliittilevyt ja kest\u00e4v\u00e4 valkoinen emaloitu valurauta lis\u00e4\u00e4v\u00e4t tulisijan sis\u00e4tilojen s\u00e4teilemist\u00e4. Tuuletusaukkojen symbolit auttavat ohjaamaan tulisijan oikeaa k\u00e4ytt\u00f6\u00e4.<\/p>\n","protected":false},"featured_media":18331,"template":"","meta":{"_acf_changed":false},"product_brand":[],"product_cat":[9690],"product_tag":[],"class_list":{"0":"post-27063","1":"product","2":"type-product","3":"status-publish","4":"has-post-thumbnail","6":"brands-jotul-fi","7":"product_cat-takkasydamet","9":"first","10":"instock","11":"shipping-taxable","12":"purchasable","13":"product-type-simple"},"acf":[],"yoast_head":"<!-- This site is optimized with the Yoast SEO plugin v27.4 - https:\/\/yoast.com\/product\/yoast-seo-wordpress\/ -->\n<title>Takkasyd\u00e4n JOTUL I 620 F - Kodukolle<\/title>\n<meta name=\"description\" content=\"Jotul I 620 F on suuri valurautatakkasyd\u00e4n, josta avautuu tilava panoraaman\u00e4kym\u00e4 tuleen. Ohut, irrotettava koristekehys on vakiovaruste, joka tarjoaa saumattoman siirtymisen paloalueelle.\" \/>\n<meta name=\"robots\" content=\"index, follow, max-snippet:-1, max-image-preview:large, max-video-preview:-1\" \/>\n<link rel=\"canonical\" href=\"https:\/\/kodukolle.ee\/fi\/tuote\/takkasydan-jotul-i-620-f\/\" \/>\n<meta property=\"og:locale\" content=\"fi_FI\" \/>\n<meta property=\"og:type\" content=\"article\" \/>\n<meta property=\"og:title\" content=\"Takkasyd\u00e4n JOTUL I 620 F - Kodukolle\" \/>\n<meta property=\"og:description\" content=\"Jotul I 620 F on suuri valurautatakkasyd\u00e4n, josta avautuu tilava panoraaman\u00e4kym\u00e4 tuleen. Ohut, irrotettava koristekehys on vakiovaruste, joka tarjoaa saumattoman siirtymisen paloalueelle.\" \/>\n<meta property=\"og:url\" content=\"https:\/\/kodukolle.ee\/fi\/tuote\/takkasydan-jotul-i-620-f\/\" \/>\n<meta property=\"og:site_name\" content=\"Kodukolle\" \/>\n<meta property=\"article:modified_time\" content=\"2024-01-30T08:56:26+00:00\" \/>\n<meta property=\"og:image\" content=\"https:\/\/kodukolle.ee\/wp-content\/uploads\/2021\/05\/Jotul-I-620-F_1.jpg\" \/>\n\t<meta property=\"og:image:width\" content=\"1320\" \/>\n\t<meta property=\"og:image:height\" content=\"1020\" \/>\n\t<meta property=\"og:image:type\" content=\"image\/jpeg\" \/>\n<meta name=\"twitter:card\" content=\"summary_large_image\" \/>\n<meta name=\"twitter:label1\" content=\"Est. reading time\" \/>\n\t<meta name=\"twitter:data1\" content=\"1 minuutti\" \/>\n<script type=\"application\/ld+json\" class=\"yoast-schema-graph\">{\"@context\":\"https:\\\/\\\/schema.org\",\"@graph\":[{\"@type\":\"WebPage\",\"@id\":\"https:\\\/\\\/kodukolle.ee\\\/fi\\\/tuote\\\/takkasydan-jotul-i-620-f\\\/\",\"url\":\"https:\\\/\\\/kodukolle.ee\\\/fi\\\/tuote\\\/takkasydan-jotul-i-620-f\\\/\",\"name\":\"Takkasyd\u00e4n JOTUL I 620 F - Kodukolle\",\"isPartOf\":{\"@id\":\"https:\\\/\\\/kodukolle.ee\\\/en\\\/#website\"},\"primaryImageOfPage\":{\"@id\":\"https:\\\/\\\/kodukolle.ee\\\/fi\\\/tuote\\\/takkasydan-jotul-i-620-f\\\/#primaryimage\"},\"image\":{\"@id\":\"https:\\\/\\\/kodukolle.ee\\\/fi\\\/tuote\\\/takkasydan-jotul-i-620-f\\\/#primaryimage\"},\"thumbnailUrl\":\"https:\\\/\\\/kodukolle.ee\\\/wp-content\\\/uploads\\\/2021\\\/05\\\/Jotul-I-620-F_1.jpg\",\"datePublished\":\"2021-05-14T09:27:38+00:00\",\"dateModified\":\"2024-01-30T08:56:26+00:00\",\"description\":\"Jotul I 620 F on suuri valurautatakkasyd\u00e4n, josta avautuu tilava panoraaman\u00e4kym\u00e4 tuleen. Ohut, irrotettava koristekehys on vakiovaruste, joka tarjoaa saumattoman siirtymisen paloalueelle.\",\"breadcrumb\":{\"@id\":\"https:\\\/\\\/kodukolle.ee\\\/fi\\\/tuote\\\/takkasydan-jotul-i-620-f\\\/#breadcrumb\"},\"inLanguage\":\"fi\",\"potentialAction\":[{\"@type\":\"ReadAction\",\"target\":[\"https:\\\/\\\/kodukolle.ee\\\/fi\\\/tuote\\\/takkasydan-jotul-i-620-f\\\/\"]}]},{\"@type\":\"ImageObject\",\"inLanguage\":\"fi\",\"@id\":\"https:\\\/\\\/kodukolle.ee\\\/fi\\\/tuote\\\/takkasydan-jotul-i-620-f\\\/#primaryimage\",\"url\":\"https:\\\/\\\/kodukolle.ee\\\/wp-content\\\/uploads\\\/2021\\\/05\\\/Jotul-I-620-F_1.jpg\",\"contentUrl\":\"https:\\\/\\\/kodukolle.ee\\\/wp-content\\\/uploads\\\/2021\\\/05\\\/Jotul-I-620-F_1.jpg\",\"width\":1320,\"height\":1020,\"caption\":\"Jotul I 620 F\"},{\"@type\":\"BreadcrumbList\",\"@id\":\"https:\\\/\\\/kodukolle.ee\\\/fi\\\/tuote\\\/takkasydan-jotul-i-620-f\\\/#breadcrumb\",\"itemListElement\":[{\"@type\":\"ListItem\",\"position\":1,\"name\":\"Home\",\"item\":\"https:\\\/\\\/kodukolle.ee\\\/fi\\\/\"},{\"@type\":\"ListItem\",\"position\":2,\"name\":\"Tuotteet\",\"item\":\"https:\\\/\\\/kodukolle.ee\\\/fi\\\/tuotteet\\\/\"},{\"@type\":\"ListItem\",\"position\":3,\"name\":\"Takkasyd\u00e4n JOTUL I 620 F\"}]},{\"@type\":\"WebSite\",\"@id\":\"https:\\\/\\\/kodukolle.ee\\\/en\\\/#website\",\"url\":\"https:\\\/\\\/kodukolle.ee\\\/en\\\/\",\"name\":\"Kodukolle\",\"description\":\"\",\"publisher\":{\"@id\":\"https:\\\/\\\/kodukolle.ee\\\/en\\\/#organization\"},\"potentialAction\":[{\"@type\":\"SearchAction\",\"target\":{\"@type\":\"EntryPoint\",\"urlTemplate\":\"https:\\\/\\\/kodukolle.ee\\\/en\\\/?s={search_term_string}\"},\"query-input\":{\"@type\":\"PropertyValueSpecification\",\"valueRequired\":true,\"valueName\":\"search_term_string\"}}],\"inLanguage\":\"fi\"},{\"@type\":\"Organization\",\"@id\":\"https:\\\/\\\/kodukolle.ee\\\/en\\\/#organization\",\"name\":\"Kodukolle\",\"url\":\"https:\\\/\\\/kodukolle.ee\\\/en\\\/\",\"logo\":{\"@type\":\"ImageObject\",\"inLanguage\":\"fi\",\"@id\":\"https:\\\/\\\/kodukolle.ee\\\/en\\\/#\\\/schema\\\/logo\\\/image\\\/\",\"url\":\"https:\\\/\\\/kodukolle.ee\\\/wp-content\\\/uploads\\\/2025\\\/06\\\/logo_must_gradient.svg\",\"contentUrl\":\"https:\\\/\\\/kodukolle.ee\\\/wp-content\\\/uploads\\\/2025\\\/06\\\/logo_must_gradient.svg\",\"caption\":\"Kodukolle\"},\"image\":{\"@id\":\"https:\\\/\\\/kodukolle.ee\\\/en\\\/#\\\/schema\\\/logo\\\/image\\\/\"}}]}<\/script>\n<!-- \/ Yoast SEO plugin. -->","yoast_head_json":{"title":"Takkasyd\u00e4n JOTUL I 620 F - Kodukolle","description":"Jotul I 620 F on suuri valurautatakkasyd\u00e4n, josta avautuu tilava panoraaman\u00e4kym\u00e4 tuleen. Ohut, irrotettava koristekehys on vakiovaruste, joka tarjoaa saumattoman siirtymisen paloalueelle.","robots":{"index":"index","follow":"follow","max-snippet":"max-snippet:-1","max-image-preview":"max-image-preview:large","max-video-preview":"max-video-preview:-1"},"canonical":"https:\/\/kodukolle.ee\/fi\/tuote\/takkasydan-jotul-i-620-f\/","og_locale":"fi_FI","og_type":"article","og_title":"Takkasyd\u00e4n JOTUL I 620 F - Kodukolle","og_description":"Jotul I 620 F on suuri valurautatakkasyd\u00e4n, josta avautuu tilava panoraaman\u00e4kym\u00e4 tuleen. Ohut, irrotettava koristekehys on vakiovaruste, joka tarjoaa saumattoman siirtymisen paloalueelle.","og_url":"https:\/\/kodukolle.ee\/fi\/tuote\/takkasydan-jotul-i-620-f\/","og_site_name":"Kodukolle","article_modified_time":"2024-01-30T08:56:26+00:00","og_image":[{"width":1320,"height":1020,"url":"https:\/\/kodukolle.ee\/wp-content\/uploads\/2021\/05\/Jotul-I-620-F_1.jpg","type":"image\/jpeg"}],"twitter_card":"summary_large_image","twitter_misc":{"Est. reading time":"1 minuutti"},"schema":{"@context":"https:\/\/schema.org","@graph":[{"@type":"WebPage","@id":"https:\/\/kodukolle.ee\/fi\/tuote\/takkasydan-jotul-i-620-f\/","url":"https:\/\/kodukolle.ee\/fi\/tuote\/takkasydan-jotul-i-620-f\/","name":"Takkasyd\u00e4n JOTUL I 620 F - Kodukolle","isPartOf":{"@id":"https:\/\/kodukolle.ee\/en\/#website"},"primaryImageOfPage":{"@id":"https:\/\/kodukolle.ee\/fi\/tuote\/takkasydan-jotul-i-620-f\/#primaryimage"},"image":{"@id":"https:\/\/kodukolle.ee\/fi\/tuote\/takkasydan-jotul-i-620-f\/#primaryimage"},"thumbnailUrl":"https:\/\/kodukolle.ee\/wp-content\/uploads\/2021\/05\/Jotul-I-620-F_1.jpg","datePublished":"2021-05-14T09:27:38+00:00","dateModified":"2024-01-30T08:56:26+00:00","description":"Jotul I 620 F on suuri valurautatakkasyd\u00e4n, josta avautuu tilava panoraaman\u00e4kym\u00e4 tuleen. Ohut, irrotettava koristekehys on vakiovaruste, joka tarjoaa saumattoman siirtymisen paloalueelle.","breadcrumb":{"@id":"https:\/\/kodukolle.ee\/fi\/tuote\/takkasydan-jotul-i-620-f\/#breadcrumb"},"inLanguage":"fi","potentialAction":[{"@type":"ReadAction","target":["https:\/\/kodukolle.ee\/fi\/tuote\/takkasydan-jotul-i-620-f\/"]}]},{"@type":"ImageObject","inLanguage":"fi","@id":"https:\/\/kodukolle.ee\/fi\/tuote\/takkasydan-jotul-i-620-f\/#primaryimage","url":"https:\/\/kodukolle.ee\/wp-content\/uploads\/2021\/05\/Jotul-I-620-F_1.jpg","contentUrl":"https:\/\/kodukolle.ee\/wp-content\/uploads\/2021\/05\/Jotul-I-620-F_1.jpg","width":1320,"height":1020,"caption":"Jotul I 620 F"},{"@type":"BreadcrumbList","@id":"https:\/\/kodukolle.ee\/fi\/tuote\/takkasydan-jotul-i-620-f\/#breadcrumb","itemListElement":[{"@type":"ListItem","position":1,"name":"Home","item":"https:\/\/kodukolle.ee\/fi\/"},{"@type":"ListItem","position":2,"name":"Tuotteet","item":"https:\/\/kodukolle.ee\/fi\/tuotteet\/"},{"@type":"ListItem","position":3,"name":"Takkasyd\u00e4n JOTUL I 620 F"}]},{"@type":"WebSite","@id":"https:\/\/kodukolle.ee\/en\/#website","url":"https:\/\/kodukolle.ee\/en\/","name":"Kodukolle","description":"","publisher":{"@id":"https:\/\/kodukolle.ee\/en\/#organization"},"potentialAction":[{"@type":"SearchAction","target":{"@type":"EntryPoint","urlTemplate":"https:\/\/kodukolle.ee\/en\/?s={search_term_string}"},"query-input":{"@type":"PropertyValueSpecification","valueRequired":true,"valueName":"search_term_string"}}],"inLanguage":"fi"},{"@type":"Organization","@id":"https:\/\/kodukolle.ee\/en\/#organization","name":"Kodukolle","url":"https:\/\/kodukolle.ee\/en\/","logo":{"@type":"ImageObject","inLanguage":"fi","@id":"https:\/\/kodukolle.ee\/en\/#\/schema\/logo\/image\/","url":"https:\/\/kodukolle.ee\/wp-content\/uploads\/2025\/06\/logo_must_gradient.svg","contentUrl":"https:\/\/kodukolle.ee\/wp-content\/uploads\/2025\/06\/logo_must_gradient.svg","caption":"Kodukolle"},"image":{"@id":"https:\/\/kodukolle.ee\/en\/#\/schema\/logo\/image\/"}}]}},"_links":{"self":[{"href":"https:\/\/kodukolle.ee\/fi\/wp-json\/wp\/v2\/product\/27063","targetHints":{"allow":["GET"]}}],"collection":[{"href":"https:\/\/kodukolle.ee\/fi\/wp-json\/wp\/v2\/product"}],"about":[{"href":"https:\/\/kodukolle.ee\/fi\/wp-json\/wp\/v2\/types\/product"}],"wp:featuredmedia":[{"embeddable":true,"href":"https:\/\/kodukolle.ee\/fi\/wp-json\/wp\/v2\/media\/18331"}],"wp:attachment":[{"href":"https:\/\/kodukolle.ee\/fi\/wp-json\/wp\/v2\/media?parent=27063"}],"wp:term":[{"taxonomy":"product_brand","embeddable":true,"href":"https:\/\/kodukolle.ee\/fi\/wp-json\/wp\/v2\/product_brand?post=27063"},{"taxonomy":"product_cat","embeddable":true,"href":"https:\/\/kodukolle.ee\/fi\/wp-json\/wp\/v2\/product_cat?post=27063"},{"taxonomy":"product_tag","embeddable":true,"href":"https:\/\/kodukolle.ee\/fi\/wp-json\/wp\/v2\/product_tag?post=27063"}],"curies":[{"name":"wp","href":"https:\/\/api.w.org\/{rel}","templated":true}]}}