{"id":27067,"date":"2021-04-12T13:04:06","date_gmt":"2021-04-12T10:04:06","guid":{"rendered":"https:\/\/kodukolle.ee\/?post_type=product&#038;p=27067"},"modified":"2024-01-30T12:54:08","modified_gmt":"2024-01-30T10:54:08","slug":"valurautatakka-jotul-f-165-s-vuolukivella","status":"publish","type":"product","link":"https:\/\/kodukolle.ee\/fi\/tuote\/valurautatakka-jotul-f-165-s-vuolukivella\/","title":{"rendered":"Valurautatakka JOTUL F 165 S, vuolukivell\u00e4"},"content":{"rendered":"<p>Jotul F 165 S -takalle on ominaista suuret sivulasit, jotka antavat sille visuaalisen keveyden ja nykyaikaisuuden tunteen. Takkaa k\u00e4ytett\u00e4ess\u00e4 vuolukivi varastoi l\u00e4mp\u00f6\u00e4 ja luovuttaa sit\u00e4 hitaasti huonetilaan sen j\u00e4lkeen, kun tuli on sammunut. Lis\u00e4ksi tulisijassa on k\u00e4yt\u00e4nn\u00f6llinen s\u00e4ilytystila, johon voit s\u00e4ilytt\u00e4\u00e4 tarvittavat tarvikkeet huomaamattomasti. Jotul F 165 sopii erityisen hyvin v\u00e4h\u00e4n energiaa kuluttaviin koteihin. Lis\u00e4ksi takka noudattaa tiukimpia p\u00e4\u00e4st\u00f6rajoja, mik\u00e4 mahdollistaa ymp\u00e4rist\u00f6yst\u00e4v\u00e4llisen polton my\u00f6s pienemmill\u00e4 tehotasoilla.<\/p>\n<ul>\n<li>Yksinkertainen ja moderni muotoilu<\/li>\n<li>Clean burn j\u00e4rjestelm\u00e4<\/li>\n<li>L\u00e4mp\u00f6\u00e4 varaava vuolukivi<\/li>\n<\/ul>\n<p>&nbsp;<\/p>\n","protected":false},"excerpt":{"rendered":"<p>Jotul F 165 S -takalle on ominaista suuret sivulasit, jotka antavat sille visuaalisen keveyden ja nykyaikaisuuden tunteen. Takkaa k\u00e4ytett\u00e4ess\u00e4 vuolukivi varastoi l\u00e4mp\u00f6\u00e4 ja luovuttaa sit\u00e4 hitaasti huonetilaan sen j\u00e4lkeen, kun tuli on sammunut. Lis\u00e4ksi tulisijassa on k\u00e4yt\u00e4nn\u00f6llinen s\u00e4ilytystila, johon voit s\u00e4ilytt\u00e4\u00e4 tarvittavat tarvikkeet huomaamattomasti.<\/p>\n","protected":false},"featured_media":18935,"template":"","meta":{"_acf_changed":false},"product_brand":[],"product_cat":[9620],"product_tag":[],"class_list":{"0":"post-27067","1":"product","2":"type-product","3":"status-publish","4":"has-post-thumbnail","6":"brands-jotul-fi","7":"product_cat-takat","9":"first","10":"instock","11":"shipping-taxable","12":"purchasable","13":"product-type-simple"},"acf":[],"yoast_head":"<!-- This site is optimized with the Yoast SEO plugin v27.4 - https:\/\/yoast.com\/product\/yoast-seo-wordpress\/ -->\n<title>Valurautatakka JOTUL F 165 S, vuolukivell\u00e4 - Kodukolle<\/title>\n<meta name=\"description\" content=\"Jotul F 165 S takkaa k\u00e4ytett\u00e4ess\u00e4 vuolukivi varastoi l\u00e4mp\u00f6\u00e4 ja luovuttaa sit\u00e4 hitaasti huonetilaan sen j\u00e4lkeen, kun tuli on sammunut.\" \/>\n<meta name=\"robots\" content=\"index, follow, max-snippet:-1, max-image-preview:large, max-video-preview:-1\" \/>\n<link rel=\"canonical\" href=\"https:\/\/kodukolle.ee\/fi\/tuote\/valurautatakka-jotul-f-165-s-vuolukivella\/\" \/>\n<meta property=\"og:locale\" content=\"fi_FI\" \/>\n<meta property=\"og:type\" content=\"article\" \/>\n<meta property=\"og:title\" content=\"Valurautatakka JOTUL F 165 S, vuolukivell\u00e4 - Kodukolle\" \/>\n<meta property=\"og:description\" content=\"Jotul F 165 S takkaa k\u00e4ytett\u00e4ess\u00e4 vuolukivi varastoi l\u00e4mp\u00f6\u00e4 ja luovuttaa sit\u00e4 hitaasti huonetilaan sen j\u00e4lkeen, kun tuli on sammunut.\" \/>\n<meta property=\"og:url\" content=\"https:\/\/kodukolle.ee\/fi\/tuote\/valurautatakka-jotul-f-165-s-vuolukivella\/\" \/>\n<meta property=\"og:site_name\" content=\"Kodukolle\" \/>\n<meta property=\"article:modified_time\" content=\"2024-01-30T10:54:08+00:00\" \/>\n<meta property=\"og:image\" content=\"https:\/\/kodukolle.ee\/wp-content\/uploads\/2021\/04\/Jotul-F-165-S-BP-int-1-scaled.jpg\" \/>\n\t<meta property=\"og:image:width\" content=\"2560\" \/>\n\t<meta property=\"og:image:height\" content=\"2284\" \/>\n\t<meta property=\"og:image:type\" content=\"image\/jpeg\" \/>\n<meta name=\"twitter:card\" content=\"summary_large_image\" \/>\n<meta name=\"twitter:label1\" content=\"Est. reading time\" \/>\n\t<meta name=\"twitter:data1\" content=\"1 minuutti\" \/>\n<script type=\"application\/ld+json\" class=\"yoast-schema-graph\">{\"@context\":\"https:\\\/\\\/schema.org\",\"@graph\":[{\"@type\":\"WebPage\",\"@id\":\"https:\\\/\\\/kodukolle.ee\\\/fi\\\/tuote\\\/valurautatakka-jotul-f-165-s-vuolukivella\\\/\",\"url\":\"https:\\\/\\\/kodukolle.ee\\\/fi\\\/tuote\\\/valurautatakka-jotul-f-165-s-vuolukivella\\\/\",\"name\":\"Valurautatakka JOTUL F 165 S, vuolukivell\u00e4 - Kodukolle\",\"isPartOf\":{\"@id\":\"https:\\\/\\\/kodukolle.ee\\\/en\\\/#website\"},\"primaryImageOfPage\":{\"@id\":\"https:\\\/\\\/kodukolle.ee\\\/fi\\\/tuote\\\/valurautatakka-jotul-f-165-s-vuolukivella\\\/#primaryimage\"},\"image\":{\"@id\":\"https:\\\/\\\/kodukolle.ee\\\/fi\\\/tuote\\\/valurautatakka-jotul-f-165-s-vuolukivella\\\/#primaryimage\"},\"thumbnailUrl\":\"https:\\\/\\\/kodukolle.ee\\\/wp-content\\\/uploads\\\/2021\\\/04\\\/Jotul-F-165-S-BP-int-1-scaled.jpg\",\"datePublished\":\"2021-04-12T10:04:06+00:00\",\"dateModified\":\"2024-01-30T10:54:08+00:00\",\"description\":\"Jotul F 165 S takkaa k\u00e4ytett\u00e4ess\u00e4 vuolukivi varastoi l\u00e4mp\u00f6\u00e4 ja luovuttaa sit\u00e4 hitaasti huonetilaan sen j\u00e4lkeen, kun tuli on sammunut.\",\"breadcrumb\":{\"@id\":\"https:\\\/\\\/kodukolle.ee\\\/fi\\\/tuote\\\/valurautatakka-jotul-f-165-s-vuolukivella\\\/#breadcrumb\"},\"inLanguage\":\"fi\",\"potentialAction\":[{\"@type\":\"ReadAction\",\"target\":[\"https:\\\/\\\/kodukolle.ee\\\/fi\\\/tuote\\\/valurautatakka-jotul-f-165-s-vuolukivella\\\/\"]}]},{\"@type\":\"ImageObject\",\"inLanguage\":\"fi\",\"@id\":\"https:\\\/\\\/kodukolle.ee\\\/fi\\\/tuote\\\/valurautatakka-jotul-f-165-s-vuolukivella\\\/#primaryimage\",\"url\":\"https:\\\/\\\/kodukolle.ee\\\/wp-content\\\/uploads\\\/2021\\\/04\\\/Jotul-F-165-S-BP-int-1-scaled.jpg\",\"contentUrl\":\"https:\\\/\\\/kodukolle.ee\\\/wp-content\\\/uploads\\\/2021\\\/04\\\/Jotul-F-165-S-BP-int-1-scaled.jpg\",\"width\":2560,\"height\":2284,\"caption\":\"Jotul F 165 S\"},{\"@type\":\"BreadcrumbList\",\"@id\":\"https:\\\/\\\/kodukolle.ee\\\/fi\\\/tuote\\\/valurautatakka-jotul-f-165-s-vuolukivella\\\/#breadcrumb\",\"itemListElement\":[{\"@type\":\"ListItem\",\"position\":1,\"name\":\"Home\",\"item\":\"https:\\\/\\\/kodukolle.ee\\\/fi\\\/\"},{\"@type\":\"ListItem\",\"position\":2,\"name\":\"Tuotteet\",\"item\":\"https:\\\/\\\/kodukolle.ee\\\/fi\\\/tuotteet\\\/\"},{\"@type\":\"ListItem\",\"position\":3,\"name\":\"Valurautatakka JOTUL F 165 S, vuolukivell\u00e4\"}]},{\"@type\":\"WebSite\",\"@id\":\"https:\\\/\\\/kodukolle.ee\\\/en\\\/#website\",\"url\":\"https:\\\/\\\/kodukolle.ee\\\/en\\\/\",\"name\":\"Kodukolle\",\"description\":\"\",\"publisher\":{\"@id\":\"https:\\\/\\\/kodukolle.ee\\\/en\\\/#organization\"},\"potentialAction\":[{\"@type\":\"SearchAction\",\"target\":{\"@type\":\"EntryPoint\",\"urlTemplate\":\"https:\\\/\\\/kodukolle.ee\\\/en\\\/?s={search_term_string}\"},\"query-input\":{\"@type\":\"PropertyValueSpecification\",\"valueRequired\":true,\"valueName\":\"search_term_string\"}}],\"inLanguage\":\"fi\"},{\"@type\":\"Organization\",\"@id\":\"https:\\\/\\\/kodukolle.ee\\\/en\\\/#organization\",\"name\":\"Kodukolle\",\"url\":\"https:\\\/\\\/kodukolle.ee\\\/en\\\/\",\"logo\":{\"@type\":\"ImageObject\",\"inLanguage\":\"fi\",\"@id\":\"https:\\\/\\\/kodukolle.ee\\\/en\\\/#\\\/schema\\\/logo\\\/image\\\/\",\"url\":\"https:\\\/\\\/kodukolle.ee\\\/wp-content\\\/uploads\\\/2025\\\/06\\\/logo_must_gradient.svg\",\"contentUrl\":\"https:\\\/\\\/kodukolle.ee\\\/wp-content\\\/uploads\\\/2025\\\/06\\\/logo_must_gradient.svg\",\"caption\":\"Kodukolle\"},\"image\":{\"@id\":\"https:\\\/\\\/kodukolle.ee\\\/en\\\/#\\\/schema\\\/logo\\\/image\\\/\"}}]}<\/script>\n<!-- \/ Yoast SEO plugin. -->","yoast_head_json":{"title":"Valurautatakka JOTUL F 165 S, vuolukivell\u00e4 - Kodukolle","description":"Jotul F 165 S takkaa k\u00e4ytett\u00e4ess\u00e4 vuolukivi varastoi l\u00e4mp\u00f6\u00e4 ja luovuttaa sit\u00e4 hitaasti huonetilaan sen j\u00e4lkeen, kun tuli on sammunut.","robots":{"index":"index","follow":"follow","max-snippet":"max-snippet:-1","max-image-preview":"max-image-preview:large","max-video-preview":"max-video-preview:-1"},"canonical":"https:\/\/kodukolle.ee\/fi\/tuote\/valurautatakka-jotul-f-165-s-vuolukivella\/","og_locale":"fi_FI","og_type":"article","og_title":"Valurautatakka JOTUL F 165 S, vuolukivell\u00e4 - Kodukolle","og_description":"Jotul F 165 S takkaa k\u00e4ytett\u00e4ess\u00e4 vuolukivi varastoi l\u00e4mp\u00f6\u00e4 ja luovuttaa sit\u00e4 hitaasti huonetilaan sen j\u00e4lkeen, kun tuli on sammunut.","og_url":"https:\/\/kodukolle.ee\/fi\/tuote\/valurautatakka-jotul-f-165-s-vuolukivella\/","og_site_name":"Kodukolle","article_modified_time":"2024-01-30T10:54:08+00:00","og_image":[{"width":2560,"height":2284,"url":"https:\/\/kodukolle.ee\/wp-content\/uploads\/2021\/04\/Jotul-F-165-S-BP-int-1-scaled.jpg","type":"image\/jpeg"}],"twitter_card":"summary_large_image","twitter_misc":{"Est. reading time":"1 minuutti"},"schema":{"@context":"https:\/\/schema.org","@graph":[{"@type":"WebPage","@id":"https:\/\/kodukolle.ee\/fi\/tuote\/valurautatakka-jotul-f-165-s-vuolukivella\/","url":"https:\/\/kodukolle.ee\/fi\/tuote\/valurautatakka-jotul-f-165-s-vuolukivella\/","name":"Valurautatakka JOTUL F 165 S, vuolukivell\u00e4 - Kodukolle","isPartOf":{"@id":"https:\/\/kodukolle.ee\/en\/#website"},"primaryImageOfPage":{"@id":"https:\/\/kodukolle.ee\/fi\/tuote\/valurautatakka-jotul-f-165-s-vuolukivella\/#primaryimage"},"image":{"@id":"https:\/\/kodukolle.ee\/fi\/tuote\/valurautatakka-jotul-f-165-s-vuolukivella\/#primaryimage"},"thumbnailUrl":"https:\/\/kodukolle.ee\/wp-content\/uploads\/2021\/04\/Jotul-F-165-S-BP-int-1-scaled.jpg","datePublished":"2021-04-12T10:04:06+00:00","dateModified":"2024-01-30T10:54:08+00:00","description":"Jotul F 165 S takkaa k\u00e4ytett\u00e4ess\u00e4 vuolukivi varastoi l\u00e4mp\u00f6\u00e4 ja luovuttaa sit\u00e4 hitaasti huonetilaan sen j\u00e4lkeen, kun tuli on sammunut.","breadcrumb":{"@id":"https:\/\/kodukolle.ee\/fi\/tuote\/valurautatakka-jotul-f-165-s-vuolukivella\/#breadcrumb"},"inLanguage":"fi","potentialAction":[{"@type":"ReadAction","target":["https:\/\/kodukolle.ee\/fi\/tuote\/valurautatakka-jotul-f-165-s-vuolukivella\/"]}]},{"@type":"ImageObject","inLanguage":"fi","@id":"https:\/\/kodukolle.ee\/fi\/tuote\/valurautatakka-jotul-f-165-s-vuolukivella\/#primaryimage","url":"https:\/\/kodukolle.ee\/wp-content\/uploads\/2021\/04\/Jotul-F-165-S-BP-int-1-scaled.jpg","contentUrl":"https:\/\/kodukolle.ee\/wp-content\/uploads\/2021\/04\/Jotul-F-165-S-BP-int-1-scaled.jpg","width":2560,"height":2284,"caption":"Jotul F 165 S"},{"@type":"BreadcrumbList","@id":"https:\/\/kodukolle.ee\/fi\/tuote\/valurautatakka-jotul-f-165-s-vuolukivella\/#breadcrumb","itemListElement":[{"@type":"ListItem","position":1,"name":"Home","item":"https:\/\/kodukolle.ee\/fi\/"},{"@type":"ListItem","position":2,"name":"Tuotteet","item":"https:\/\/kodukolle.ee\/fi\/tuotteet\/"},{"@type":"ListItem","position":3,"name":"Valurautatakka JOTUL F 165 S, vuolukivell\u00e4"}]},{"@type":"WebSite","@id":"https:\/\/kodukolle.ee\/en\/#website","url":"https:\/\/kodukolle.ee\/en\/","name":"Kodukolle","description":"","publisher":{"@id":"https:\/\/kodukolle.ee\/en\/#organization"},"potentialAction":[{"@type":"SearchAction","target":{"@type":"EntryPoint","urlTemplate":"https:\/\/kodukolle.ee\/en\/?s={search_term_string}"},"query-input":{"@type":"PropertyValueSpecification","valueRequired":true,"valueName":"search_term_string"}}],"inLanguage":"fi"},{"@type":"Organization","@id":"https:\/\/kodukolle.ee\/en\/#organization","name":"Kodukolle","url":"https:\/\/kodukolle.ee\/en\/","logo":{"@type":"ImageObject","inLanguage":"fi","@id":"https:\/\/kodukolle.ee\/en\/#\/schema\/logo\/image\/","url":"https:\/\/kodukolle.ee\/wp-content\/uploads\/2025\/06\/logo_must_gradient.svg","contentUrl":"https:\/\/kodukolle.ee\/wp-content\/uploads\/2025\/06\/logo_must_gradient.svg","caption":"Kodukolle"},"image":{"@id":"https:\/\/kodukolle.ee\/en\/#\/schema\/logo\/image\/"}}]}},"_links":{"self":[{"href":"https:\/\/kodukolle.ee\/fi\/wp-json\/wp\/v2\/product\/27067","targetHints":{"allow":["GET"]}}],"collection":[{"href":"https:\/\/kodukolle.ee\/fi\/wp-json\/wp\/v2\/product"}],"about":[{"href":"https:\/\/kodukolle.ee\/fi\/wp-json\/wp\/v2\/types\/product"}],"wp:featuredmedia":[{"embeddable":true,"href":"https:\/\/kodukolle.ee\/fi\/wp-json\/wp\/v2\/media\/18935"}],"wp:attachment":[{"href":"https:\/\/kodukolle.ee\/fi\/wp-json\/wp\/v2\/media?parent=27067"}],"wp:term":[{"taxonomy":"product_brand","embeddable":true,"href":"https:\/\/kodukolle.ee\/fi\/wp-json\/wp\/v2\/product_brand?post=27067"},{"taxonomy":"product_cat","embeddable":true,"href":"https:\/\/kodukolle.ee\/fi\/wp-json\/wp\/v2\/product_cat?post=27067"},{"taxonomy":"product_tag","embeddable":true,"href":"https:\/\/kodukolle.ee\/fi\/wp-json\/wp\/v2\/product_tag?post=27067"}],"curies":[{"name":"wp","href":"https:\/\/api.w.org\/{rel}","templated":true}]}}