{"id":27076,"date":"2021-04-12T11:18:28","date_gmt":"2021-04-12T08:18:28","guid":{"rendered":"https:\/\/kodukolle.ee\/?post_type=product&#038;p=27076"},"modified":"2024-01-30T13:40:53","modified_gmt":"2024-01-30T11:40:53","slug":"valurautatakka-jotul-f-368-v2-advance-ht","status":"publish","type":"product","link":"https:\/\/kodukolle.ee\/fi\/tuote\/valurautatakka-jotul-f-368-v2-advance-ht\/","title":{"rendered":"Valurautatakka JOTUL F 368 V2 ADVANCE HT"},"content":{"rendered":"<p>Jotul F 368 V2 Advance HT toiminnallinen moderni takka tarjoaa yksinkertaisen ja kompaktin muotoilun, joka sopii saumattomasti mihin tahansa olohuoneeseen. Sen polttokammiossa on kevyet ja kest\u00e4v\u00e4t sein\u00e4t, ja tilava lasiovi tarjoaa mahdollisuuden nauttia liekkien lumoavasta tanssista. Erityisen kiitett\u00e4v\u00e4\u00e4 ovat sen alhainen polttoaineenkulutus, itsepuhdistuva lasi ja ymp\u00e4rist\u00f6yst\u00e4v\u00e4llinen palamisprosessi. Lis\u00e4ksi tulisijaan kuuluu k\u00e4yt\u00e4nn\u00f6llinen s\u00e4ilytystila, jonka alaosassa on irrotettava hylly. Jotul F 368 V2 Advance HT -takkamalliin voidaan liitt\u00e4\u00e4 l\u00e4mp\u00f6\u00e4 varaavia kivi\u00e4, jotta l\u00e4mp\u00f6 pysyy pidemp\u00e4\u00e4n my\u00f6s tulen sammumisen j\u00e4lkeen. T\u00e4m\u00e4 ominaisuus takaa miellytt\u00e4v\u00e4n l\u00e4mm\u00f6n vapautumisen pitk\u00e4ksi aikaa.<\/p>\n<ul>\n<li>Toimiva moderni muotoilu<\/li>\n<li>Upea n\u00e4kym\u00e4 tulelle<\/li>\n<li>Clean burn j\u00e4rjestelm\u00e4<\/li>\n<\/ul>\n<p><strong>Saatavana lis\u00e4varusteena<\/strong><\/p>\n<ul>\n<li>Elektroninen poltonohjausj\u00e4rjestelm\u00e4<\/li>\n<li>L\u00e4mp\u00f6\u00e4 varaavat kivet<\/li>\n<\/ul>\n<p>&nbsp;<\/p>\n","protected":false},"excerpt":{"rendered":"<p>Jotul F 368 V2 Advance HT toiminnallinen moderni takka tarjoaa yksinkertaisen ja kompaktin muotoilun, joka sopii saumattomasti mihin tahansa olohuoneeseen. Sen polttokammiossa on kevyet ja kest\u00e4v\u00e4t sein\u00e4t, ja tilava lasiovi tarjoaa mahdollisuuden nauttia liekkien lumoavasta tanssista. Erityisen kiitett\u00e4v\u00e4\u00e4 ovat sen alhainen polttoaineenkulutus, itsepuhdistuva lasi ja ymp\u00e4rist\u00f6yst\u00e4v\u00e4llinen palamisprosessi. <\/p>\n","protected":false},"featured_media":19631,"template":"","meta":{"_acf_changed":false},"product_brand":[],"product_cat":[9620],"product_tag":[],"class_list":{"0":"post-27076","1":"product","2":"type-product","3":"status-publish","4":"has-post-thumbnail","6":"brands-jotul-fi","7":"product_cat-takat","9":"first","10":"instock","11":"shipping-taxable","12":"purchasable","13":"product-type-simple"},"acf":[],"yoast_head":"<!-- This site is optimized with the Yoast SEO plugin v27.2 - https:\/\/yoast.com\/product\/yoast-seo-wordpress\/ -->\n<title>Valurautatakka JOTUL F 368 V2 ADVANCE HT - Kodukolle<\/title>\n<meta name=\"description\" content=\"Jotul F 368 V2 Advance HT toiminnallinen moderni takka tarjoaa yksinkertaisen ja kompaktin muotoilun, joka sopii saumattomasti mihin tahansa olohuoneeseen.\" \/>\n<meta name=\"robots\" content=\"index, follow, max-snippet:-1, max-image-preview:large, max-video-preview:-1\" \/>\n<link rel=\"canonical\" href=\"https:\/\/kodukolle.ee\/fi\/tuote\/valurautatakka-jotul-f-368-v2-advance-ht\/\" \/>\n<meta property=\"og:locale\" content=\"fi_FI\" \/>\n<meta property=\"og:type\" content=\"article\" \/>\n<meta property=\"og:title\" content=\"Valurautatakka JOTUL F 368 V2 ADVANCE HT - Kodukolle\" \/>\n<meta property=\"og:description\" content=\"Jotul F 368 V2 Advance HT toiminnallinen moderni takka tarjoaa yksinkertaisen ja kompaktin muotoilun, joka sopii saumattomasti mihin tahansa olohuoneeseen.\" \/>\n<meta property=\"og:url\" content=\"https:\/\/kodukolle.ee\/fi\/tuote\/valurautatakka-jotul-f-368-v2-advance-ht\/\" \/>\n<meta property=\"og:site_name\" content=\"Kodukolle\" \/>\n<meta property=\"article:modified_time\" content=\"2024-01-30T11:40:53+00:00\" \/>\n<meta property=\"og:image\" content=\"https:\/\/kodukolle.ee\/wp-content\/uploads\/2021\/04\/Jotul-F-368-Advance-HT-int-1-1024x862.jpg\" \/>\n\t<meta property=\"og:image:width\" content=\"1024\" \/>\n\t<meta property=\"og:image:height\" content=\"862\" \/>\n\t<meta property=\"og:image:type\" content=\"image\/jpeg\" \/>\n<meta name=\"twitter:card\" content=\"summary_large_image\" \/>\n<meta name=\"twitter:label1\" content=\"Est. reading time\" \/>\n\t<meta name=\"twitter:data1\" content=\"1 minuutti\" \/>\n<script type=\"application\/ld+json\" class=\"yoast-schema-graph\">{\"@context\":\"https:\/\/schema.org\",\"@graph\":[{\"@type\":\"WebPage\",\"@id\":\"https:\/\/kodukolle.ee\/fi\/tuote\/valurautatakka-jotul-f-368-v2-advance-ht\/\",\"url\":\"https:\/\/kodukolle.ee\/fi\/tuote\/valurautatakka-jotul-f-368-v2-advance-ht\/\",\"name\":\"Valurautatakka JOTUL F 368 V2 ADVANCE HT - Kodukolle\",\"isPartOf\":{\"@id\":\"https:\/\/kodukolle.ee\/en\/#website\"},\"primaryImageOfPage\":{\"@id\":\"https:\/\/kodukolle.ee\/fi\/tuote\/valurautatakka-jotul-f-368-v2-advance-ht\/#primaryimage\"},\"image\":{\"@id\":\"https:\/\/kodukolle.ee\/fi\/tuote\/valurautatakka-jotul-f-368-v2-advance-ht\/#primaryimage\"},\"thumbnailUrl\":\"https:\/\/kodukolle.ee\/wp-content\/uploads\/2021\/04\/Jotul-F-368-Advance-HT-int-1.jpg\",\"datePublished\":\"2021-04-12T08:18:28+00:00\",\"dateModified\":\"2024-01-30T11:40:53+00:00\",\"description\":\"Jotul F 368 V2 Advance HT toiminnallinen moderni takka tarjoaa yksinkertaisen ja kompaktin muotoilun, joka sopii saumattomasti mihin tahansa olohuoneeseen.\",\"breadcrumb\":{\"@id\":\"https:\/\/kodukolle.ee\/fi\/tuote\/valurautatakka-jotul-f-368-v2-advance-ht\/#breadcrumb\"},\"inLanguage\":\"fi\",\"potentialAction\":[{\"@type\":\"ReadAction\",\"target\":[\"https:\/\/kodukolle.ee\/fi\/tuote\/valurautatakka-jotul-f-368-v2-advance-ht\/\"]}]},{\"@type\":\"ImageObject\",\"inLanguage\":\"fi\",\"@id\":\"https:\/\/kodukolle.ee\/fi\/tuote\/valurautatakka-jotul-f-368-v2-advance-ht\/#primaryimage\",\"url\":\"https:\/\/kodukolle.ee\/wp-content\/uploads\/2021\/04\/Jotul-F-368-Advance-HT-int-1.jpg\",\"contentUrl\":\"https:\/\/kodukolle.ee\/wp-content\/uploads\/2021\/04\/Jotul-F-368-Advance-HT-int-1.jpg\",\"width\":2009,\"height\":1692,\"caption\":\"ProEXR File Description =Attributes= cameraAperture (float): 36.000004 cameraFNumber (float): 8.000000 cameraFarClip (float): 17814.009766 cameraFarRange (float): 1000.000000 cameraFocalLength (float): 60.000004 cameraFov (float): 33.166706 cameraNearClip (float): 5425.000000 cameraNearRange (float): 0.000000 cameraProjection (int): 0 cameraTargetDistance (float): 8169.235352 cameraTransform (m44f) channels (chlist) compression (compression): Zip16 dataWindow (box2i): [0, 0, 4999, 3499] displayWindow (box2i): [0, 0, 4999, 3499] lineOrder (lineOrder): Increasing Y pixelAspectRatio (float): 1.000000 screenWindowCenter (v2f): [0.000000, 0.000000] screenWindowWidth (float): 1.000000 =Channels= A (half) AO.B (half) AO.G (half) AO.R (half) B (half) G (half) MM_1-3.B (half) MM_1-3.G (half) MM_1-3.R (half) MM_4-6.B (half) MM_4-6.G (half) MM_4-6.R (half) MM_7-9.B (half) MM_7-9.G (half) MM_7-9.R (half) R (half) Reflection.B (half) Reflection.G (half) Reflection.R (half) Z (half)\"},{\"@type\":\"BreadcrumbList\",\"@id\":\"https:\/\/kodukolle.ee\/fi\/tuote\/valurautatakka-jotul-f-368-v2-advance-ht\/#breadcrumb\",\"itemListElement\":[{\"@type\":\"ListItem\",\"position\":1,\"name\":\"Home\",\"item\":\"https:\/\/kodukolle.ee\/fi\/\"},{\"@type\":\"ListItem\",\"position\":2,\"name\":\"Tuotteet\",\"item\":\"https:\/\/kodukolle.ee\/fi\/tuotteet\/\"},{\"@type\":\"ListItem\",\"position\":3,\"name\":\"Valurautatakka JOTUL F 368 V2 ADVANCE HT\"}]},{\"@type\":\"WebSite\",\"@id\":\"https:\/\/kodukolle.ee\/en\/#website\",\"url\":\"https:\/\/kodukolle.ee\/en\/\",\"name\":\"Kodukolle\",\"description\":\"\",\"publisher\":{\"@id\":\"https:\/\/kodukolle.ee\/en\/#organization\"},\"potentialAction\":[{\"@type\":\"SearchAction\",\"target\":{\"@type\":\"EntryPoint\",\"urlTemplate\":\"https:\/\/kodukolle.ee\/en\/?s={search_term_string}\"},\"query-input\":{\"@type\":\"PropertyValueSpecification\",\"valueRequired\":true,\"valueName\":\"search_term_string\"}}],\"inLanguage\":\"fi\"},{\"@type\":\"Organization\",\"@id\":\"https:\/\/kodukolle.ee\/en\/#organization\",\"name\":\"Kodukolle\",\"url\":\"https:\/\/kodukolle.ee\/en\/\",\"logo\":{\"@type\":\"ImageObject\",\"inLanguage\":\"fi\",\"@id\":\"https:\/\/kodukolle.ee\/en\/#\/schema\/logo\/image\/\",\"url\":\"https:\/\/kodukolle.ee\/wp-content\/uploads\/2025\/06\/logo_must_gradient.svg\",\"contentUrl\":\"https:\/\/kodukolle.ee\/wp-content\/uploads\/2025\/06\/logo_must_gradient.svg\",\"caption\":\"Kodukolle\"},\"image\":{\"@id\":\"https:\/\/kodukolle.ee\/en\/#\/schema\/logo\/image\/\"}}]}<\/script>\n<!-- \/ Yoast SEO plugin. -->","yoast_head_json":{"title":"Valurautatakka JOTUL F 368 V2 ADVANCE HT - Kodukolle","description":"Jotul F 368 V2 Advance HT toiminnallinen moderni takka tarjoaa yksinkertaisen ja kompaktin muotoilun, joka sopii saumattomasti mihin tahansa olohuoneeseen.","robots":{"index":"index","follow":"follow","max-snippet":"max-snippet:-1","max-image-preview":"max-image-preview:large","max-video-preview":"max-video-preview:-1"},"canonical":"https:\/\/kodukolle.ee\/fi\/tuote\/valurautatakka-jotul-f-368-v2-advance-ht\/","og_locale":"fi_FI","og_type":"article","og_title":"Valurautatakka JOTUL F 368 V2 ADVANCE HT - Kodukolle","og_description":"Jotul F 368 V2 Advance HT toiminnallinen moderni takka tarjoaa yksinkertaisen ja kompaktin muotoilun, joka sopii saumattomasti mihin tahansa olohuoneeseen.","og_url":"https:\/\/kodukolle.ee\/fi\/tuote\/valurautatakka-jotul-f-368-v2-advance-ht\/","og_site_name":"Kodukolle","article_modified_time":"2024-01-30T11:40:53+00:00","og_image":[{"width":1024,"height":862,"url":"https:\/\/kodukolle.ee\/wp-content\/uploads\/2021\/04\/Jotul-F-368-Advance-HT-int-1-1024x862.jpg","type":"image\/jpeg"}],"twitter_card":"summary_large_image","twitter_misc":{"Est. reading time":"1 minuutti"},"schema":{"@context":"https:\/\/schema.org","@graph":[{"@type":"WebPage","@id":"https:\/\/kodukolle.ee\/fi\/tuote\/valurautatakka-jotul-f-368-v2-advance-ht\/","url":"https:\/\/kodukolle.ee\/fi\/tuote\/valurautatakka-jotul-f-368-v2-advance-ht\/","name":"Valurautatakka JOTUL F 368 V2 ADVANCE HT - Kodukolle","isPartOf":{"@id":"https:\/\/kodukolle.ee\/en\/#website"},"primaryImageOfPage":{"@id":"https:\/\/kodukolle.ee\/fi\/tuote\/valurautatakka-jotul-f-368-v2-advance-ht\/#primaryimage"},"image":{"@id":"https:\/\/kodukolle.ee\/fi\/tuote\/valurautatakka-jotul-f-368-v2-advance-ht\/#primaryimage"},"thumbnailUrl":"https:\/\/kodukolle.ee\/wp-content\/uploads\/2021\/04\/Jotul-F-368-Advance-HT-int-1.jpg","datePublished":"2021-04-12T08:18:28+00:00","dateModified":"2024-01-30T11:40:53+00:00","description":"Jotul F 368 V2 Advance HT toiminnallinen moderni takka tarjoaa yksinkertaisen ja kompaktin muotoilun, joka sopii saumattomasti mihin tahansa olohuoneeseen.","breadcrumb":{"@id":"https:\/\/kodukolle.ee\/fi\/tuote\/valurautatakka-jotul-f-368-v2-advance-ht\/#breadcrumb"},"inLanguage":"fi","potentialAction":[{"@type":"ReadAction","target":["https:\/\/kodukolle.ee\/fi\/tuote\/valurautatakka-jotul-f-368-v2-advance-ht\/"]}]},{"@type":"ImageObject","inLanguage":"fi","@id":"https:\/\/kodukolle.ee\/fi\/tuote\/valurautatakka-jotul-f-368-v2-advance-ht\/#primaryimage","url":"https:\/\/kodukolle.ee\/wp-content\/uploads\/2021\/04\/Jotul-F-368-Advance-HT-int-1.jpg","contentUrl":"https:\/\/kodukolle.ee\/wp-content\/uploads\/2021\/04\/Jotul-F-368-Advance-HT-int-1.jpg","width":2009,"height":1692,"caption":"ProEXR File Description =Attributes= cameraAperture (float): 36.000004 cameraFNumber (float): 8.000000 cameraFarClip (float): 17814.009766 cameraFarRange (float): 1000.000000 cameraFocalLength (float): 60.000004 cameraFov (float): 33.166706 cameraNearClip (float): 5425.000000 cameraNearRange (float): 0.000000 cameraProjection (int): 0 cameraTargetDistance (float): 8169.235352 cameraTransform (m44f) channels (chlist) compression (compression): Zip16 dataWindow (box2i): [0, 0, 4999, 3499] displayWindow (box2i): [0, 0, 4999, 3499] lineOrder (lineOrder): Increasing Y pixelAspectRatio (float): 1.000000 screenWindowCenter (v2f): [0.000000, 0.000000] screenWindowWidth (float): 1.000000 =Channels= A (half) AO.B (half) AO.G (half) AO.R (half) B (half) G (half) MM_1-3.B (half) MM_1-3.G (half) MM_1-3.R (half) MM_4-6.B (half) MM_4-6.G (half) MM_4-6.R (half) MM_7-9.B (half) MM_7-9.G (half) MM_7-9.R (half) R (half) Reflection.B (half) Reflection.G (half) Reflection.R (half) Z (half)"},{"@type":"BreadcrumbList","@id":"https:\/\/kodukolle.ee\/fi\/tuote\/valurautatakka-jotul-f-368-v2-advance-ht\/#breadcrumb","itemListElement":[{"@type":"ListItem","position":1,"name":"Home","item":"https:\/\/kodukolle.ee\/fi\/"},{"@type":"ListItem","position":2,"name":"Tuotteet","item":"https:\/\/kodukolle.ee\/fi\/tuotteet\/"},{"@type":"ListItem","position":3,"name":"Valurautatakka JOTUL F 368 V2 ADVANCE HT"}]},{"@type":"WebSite","@id":"https:\/\/kodukolle.ee\/en\/#website","url":"https:\/\/kodukolle.ee\/en\/","name":"Kodukolle","description":"","publisher":{"@id":"https:\/\/kodukolle.ee\/en\/#organization"},"potentialAction":[{"@type":"SearchAction","target":{"@type":"EntryPoint","urlTemplate":"https:\/\/kodukolle.ee\/en\/?s={search_term_string}"},"query-input":{"@type":"PropertyValueSpecification","valueRequired":true,"valueName":"search_term_string"}}],"inLanguage":"fi"},{"@type":"Organization","@id":"https:\/\/kodukolle.ee\/en\/#organization","name":"Kodukolle","url":"https:\/\/kodukolle.ee\/en\/","logo":{"@type":"ImageObject","inLanguage":"fi","@id":"https:\/\/kodukolle.ee\/en\/#\/schema\/logo\/image\/","url":"https:\/\/kodukolle.ee\/wp-content\/uploads\/2025\/06\/logo_must_gradient.svg","contentUrl":"https:\/\/kodukolle.ee\/wp-content\/uploads\/2025\/06\/logo_must_gradient.svg","caption":"Kodukolle"},"image":{"@id":"https:\/\/kodukolle.ee\/en\/#\/schema\/logo\/image\/"}}]}},"_links":{"self":[{"href":"https:\/\/kodukolle.ee\/fi\/wp-json\/wp\/v2\/product\/27076","targetHints":{"allow":["GET"]}}],"collection":[{"href":"https:\/\/kodukolle.ee\/fi\/wp-json\/wp\/v2\/product"}],"about":[{"href":"https:\/\/kodukolle.ee\/fi\/wp-json\/wp\/v2\/types\/product"}],"wp:featuredmedia":[{"embeddable":true,"href":"https:\/\/kodukolle.ee\/fi\/wp-json\/wp\/v2\/media\/19631"}],"wp:attachment":[{"href":"https:\/\/kodukolle.ee\/fi\/wp-json\/wp\/v2\/media?parent=27076"}],"wp:term":[{"taxonomy":"product_brand","embeddable":true,"href":"https:\/\/kodukolle.ee\/fi\/wp-json\/wp\/v2\/product_brand?post=27076"},{"taxonomy":"product_cat","embeddable":true,"href":"https:\/\/kodukolle.ee\/fi\/wp-json\/wp\/v2\/product_cat?post=27076"},{"taxonomy":"product_tag","embeddable":true,"href":"https:\/\/kodukolle.ee\/fi\/wp-json\/wp\/v2\/product_tag?post=27076"}],"curies":[{"name":"wp","href":"https:\/\/api.w.org\/{rel}","templated":true}]}}