{"id":27081,"date":"2021-04-12T10:34:44","date_gmt":"2021-04-12T07:34:44","guid":{"rendered":"https:\/\/kodukolle.ee\/?post_type=product&#038;p=27081"},"modified":"2024-01-30T13:49:16","modified_gmt":"2024-01-30T11:49:16","slug":"valurautatakka-jotul-f-371-v2-advance-ht","status":"publish","type":"product","link":"https:\/\/kodukolle.ee\/fi\/tuote\/valurautatakka-jotul-f-371-v2-advance-ht\/","title":{"rendered":"Valurautatakka JOTUL F 371 V2 ADVANCE HT"},"content":{"rendered":"<p>Tervetuloa tulevaisuuteen! Esittelyss\u00e4 Jotul F 371 V2 Advance HT, joka on ylpe\u00e4 arvostetun &#8221;Best of the Best&#8221; Red Dot Design Award -palkinnon saaja ja yksi Euroopan halutuimmista tulisijoista. Jotul F 371 erottuu tyylikk\u00e4\u00e4st\u00e4 muotoilustaan, sulavista linjoistaan ja k\u00e4yt\u00e4nn\u00f6llisest\u00e4 s\u00e4ilytystilastaan pohjassa. Se tarjoaa kolmipuolisen n\u00e4kym\u00e4n tuleen, ja siin\u00e4 on edistyksellinen Airwash-j\u00e4rjestelm\u00e4, joka pit\u00e4\u00e4 lasin kristallinkirkkaana. Uuden ergonomisen oviratkaisun ja magneettisen oven sulkemismekanismin ansiosta voit nauttia saumattomasta ja vaivattomasta kokemuksesta oven k\u00e4yt\u00f6ss\u00e4. Lis\u00e4varusteena tulisijan alaosaan voidaan asentaa valurautaovi. Jotul F 371 V2 Advance HT -malliin voidaan liitt\u00e4\u00e4 l\u00e4mp\u00f6\u00e4 varaavia kivi\u00e4 lis\u00e4\u00e4m\u00e4\u00e4n l\u00e4mp\u00f6\u00e4, mik\u00e4 takaa miellytt\u00e4v\u00e4n l\u00e4mm\u00f6n p\u00e4\u00e4st\u00e4misen viel\u00e4 pitk\u00e4\u00e4n viimeisen tulen palamisen j\u00e4lkeen. Jotul F 371 -takka on t\u00e4ydellinen valinta nykyaikaisiin, energiatehokkaisiin koteihin, jotka on rakennettu t\u00e4m\u00e4n p\u00e4iv\u00e4n standardien ja vaatimusten mukaisesti.<\/p>\n<ul>\n<li>Tyylik\u00e4s muotoilu<\/li>\n<li>Kolmen sivun n\u00e4kym\u00e4 tulesta<\/li>\n<li>Clean burn j\u00e4rjestelm\u00e4<\/li>\n<li>Magneettinen oven sulkemismekanismi<\/li>\n<li>Jotul 370 -sarja on saanut &#8221;Best of the best&#8221; Red Dot -muotoilupalkinnon<\/li>\n<\/ul>\n<p><strong>Saatavana lis\u00e4varusteena<\/strong><\/p>\n<ul>\n<li>Valurautaovi alaosaan<\/li>\n<li>L\u00e4mp\u00f6\u00e4 varaavat kivet<\/li>\n<li>Elektroninen poltonohjausj\u00e4rjestelm\u00e4<\/li>\n<\/ul>\n<p>&nbsp;<\/p>\n","protected":false},"excerpt":{"rendered":"<p>Tervetuloa tulevaisuuteen! Esittelyss\u00e4 Jotul F 371 V2 Advance HT, joka on ylpe\u00e4 arvostetun &#8221;Best of the Best&#8221; Red Dot Design Award -palkinnon saaja ja yksi Euroopan halutuimmista tulisijoista. Jotul F 371 erottuu tyylikk\u00e4\u00e4st\u00e4 muotoilustaan, sulavista linjoistaan ja k\u00e4yt\u00e4nn\u00f6llisest\u00e4 s\u00e4ilytystilastaan pohjassa. Se tarjoaa kolmipuolisen n\u00e4kym\u00e4n tuleen, ja siin\u00e4 on edistyksellinen Airwash-j\u00e4rjestelm\u00e4, joka pit\u00e4\u00e4 lasin kristallinkirkkaana.<\/p>\n","protected":false},"featured_media":19680,"template":"","meta":{"_acf_changed":false},"product_brand":[],"product_cat":[9620],"product_tag":[],"class_list":{"0":"post-27081","1":"product","2":"type-product","3":"status-publish","4":"has-post-thumbnail","6":"brands-jotul-fi","7":"product_cat-takat","9":"first","10":"instock","11":"shipping-taxable","12":"product-type-simple"},"acf":[],"yoast_head":"<!-- This site is optimized with the Yoast SEO plugin v27.4 - https:\/\/yoast.com\/product\/yoast-seo-wordpress\/ -->\n<title>Valurautatakka JOTUL F 371 V2 ADVANCE HT - Kodukolle<\/title>\n<meta name=\"description\" content=\"Esittelyss\u00e4 Jotul F 371 V2 Advance HT, joka on ylpe\u00e4 arvostetun &quot;Best of the Best&quot; Red Dot Design Award -palkinnon saaja ja yksi Euroopan halutuimmista tulisijoista.\" \/>\n<meta name=\"robots\" content=\"index, follow, max-snippet:-1, max-image-preview:large, max-video-preview:-1\" \/>\n<link rel=\"canonical\" href=\"https:\/\/kodukolle.ee\/fi\/tuote\/valurautatakka-jotul-f-371-v2-advance-ht\/\" \/>\n<meta property=\"og:locale\" content=\"fi_FI\" \/>\n<meta property=\"og:type\" content=\"article\" \/>\n<meta property=\"og:title\" content=\"Valurautatakka JOTUL F 371 V2 ADVANCE HT - Kodukolle\" \/>\n<meta property=\"og:description\" content=\"Esittelyss\u00e4 Jotul F 371 V2 Advance HT, joka on ylpe\u00e4 arvostetun &quot;Best of the Best&quot; Red Dot Design Award -palkinnon saaja ja yksi Euroopan halutuimmista tulisijoista.\" \/>\n<meta property=\"og:url\" content=\"https:\/\/kodukolle.ee\/fi\/tuote\/valurautatakka-jotul-f-371-v2-advance-ht\/\" \/>\n<meta property=\"og:site_name\" content=\"Kodukolle\" \/>\n<meta property=\"article:modified_time\" content=\"2024-01-30T11:49:16+00:00\" \/>\n<meta property=\"og:image\" content=\"https:\/\/kodukolle.ee\/wp-content\/uploads\/2021\/04\/Jotul-F-371-Advance-HT-BP-int-1-1024x806.jpg\" \/>\n\t<meta property=\"og:image:width\" content=\"1024\" \/>\n\t<meta property=\"og:image:height\" content=\"806\" \/>\n\t<meta property=\"og:image:type\" content=\"image\/jpeg\" \/>\n<meta name=\"twitter:card\" content=\"summary_large_image\" \/>\n<meta name=\"twitter:label1\" content=\"Est. reading time\" \/>\n\t<meta name=\"twitter:data1\" content=\"2 minuuttia\" \/>\n<script type=\"application\/ld+json\" class=\"yoast-schema-graph\">{\"@context\":\"https:\\\/\\\/schema.org\",\"@graph\":[{\"@type\":\"WebPage\",\"@id\":\"https:\\\/\\\/kodukolle.ee\\\/fi\\\/tuote\\\/valurautatakka-jotul-f-371-v2-advance-ht\\\/\",\"url\":\"https:\\\/\\\/kodukolle.ee\\\/fi\\\/tuote\\\/valurautatakka-jotul-f-371-v2-advance-ht\\\/\",\"name\":\"Valurautatakka JOTUL F 371 V2 ADVANCE HT - Kodukolle\",\"isPartOf\":{\"@id\":\"https:\\\/\\\/kodukolle.ee\\\/en\\\/#website\"},\"primaryImageOfPage\":{\"@id\":\"https:\\\/\\\/kodukolle.ee\\\/fi\\\/tuote\\\/valurautatakka-jotul-f-371-v2-advance-ht\\\/#primaryimage\"},\"image\":{\"@id\":\"https:\\\/\\\/kodukolle.ee\\\/fi\\\/tuote\\\/valurautatakka-jotul-f-371-v2-advance-ht\\\/#primaryimage\"},\"thumbnailUrl\":\"https:\\\/\\\/kodukolle.ee\\\/wp-content\\\/uploads\\\/2021\\\/04\\\/Jotul-F-371-Advance-HT-BP-int-1.jpg\",\"datePublished\":\"2021-04-12T07:34:44+00:00\",\"dateModified\":\"2024-01-30T11:49:16+00:00\",\"description\":\"Esittelyss\u00e4 Jotul F 371 V2 Advance HT, joka on ylpe\u00e4 arvostetun \\\"Best of the Best\\\" Red Dot Design Award -palkinnon saaja ja yksi Euroopan halutuimmista tulisijoista.\",\"breadcrumb\":{\"@id\":\"https:\\\/\\\/kodukolle.ee\\\/fi\\\/tuote\\\/valurautatakka-jotul-f-371-v2-advance-ht\\\/#breadcrumb\"},\"inLanguage\":\"fi\",\"potentialAction\":[{\"@type\":\"ReadAction\",\"target\":[\"https:\\\/\\\/kodukolle.ee\\\/fi\\\/tuote\\\/valurautatakka-jotul-f-371-v2-advance-ht\\\/\"]}]},{\"@type\":\"ImageObject\",\"inLanguage\":\"fi\",\"@id\":\"https:\\\/\\\/kodukolle.ee\\\/fi\\\/tuote\\\/valurautatakka-jotul-f-371-v2-advance-ht\\\/#primaryimage\",\"url\":\"https:\\\/\\\/kodukolle.ee\\\/wp-content\\\/uploads\\\/2021\\\/04\\\/Jotul-F-371-Advance-HT-BP-int-1.jpg\",\"contentUrl\":\"https:\\\/\\\/kodukolle.ee\\\/wp-content\\\/uploads\\\/2021\\\/04\\\/Jotul-F-371-Advance-HT-BP-int-1.jpg\",\"width\":2435,\"height\":1916,\"caption\":\"Jotul F 371 V2 Advance HT\"},{\"@type\":\"BreadcrumbList\",\"@id\":\"https:\\\/\\\/kodukolle.ee\\\/fi\\\/tuote\\\/valurautatakka-jotul-f-371-v2-advance-ht\\\/#breadcrumb\",\"itemListElement\":[{\"@type\":\"ListItem\",\"position\":1,\"name\":\"Home\",\"item\":\"https:\\\/\\\/kodukolle.ee\\\/fi\\\/\"},{\"@type\":\"ListItem\",\"position\":2,\"name\":\"Tuotteet\",\"item\":\"https:\\\/\\\/kodukolle.ee\\\/fi\\\/tuotteet\\\/\"},{\"@type\":\"ListItem\",\"position\":3,\"name\":\"Valurautatakka JOTUL F 371 V2 ADVANCE HT\"}]},{\"@type\":\"WebSite\",\"@id\":\"https:\\\/\\\/kodukolle.ee\\\/en\\\/#website\",\"url\":\"https:\\\/\\\/kodukolle.ee\\\/en\\\/\",\"name\":\"Kodukolle\",\"description\":\"\",\"publisher\":{\"@id\":\"https:\\\/\\\/kodukolle.ee\\\/en\\\/#organization\"},\"potentialAction\":[{\"@type\":\"SearchAction\",\"target\":{\"@type\":\"EntryPoint\",\"urlTemplate\":\"https:\\\/\\\/kodukolle.ee\\\/en\\\/?s={search_term_string}\"},\"query-input\":{\"@type\":\"PropertyValueSpecification\",\"valueRequired\":true,\"valueName\":\"search_term_string\"}}],\"inLanguage\":\"fi\"},{\"@type\":\"Organization\",\"@id\":\"https:\\\/\\\/kodukolle.ee\\\/en\\\/#organization\",\"name\":\"Kodukolle\",\"url\":\"https:\\\/\\\/kodukolle.ee\\\/en\\\/\",\"logo\":{\"@type\":\"ImageObject\",\"inLanguage\":\"fi\",\"@id\":\"https:\\\/\\\/kodukolle.ee\\\/en\\\/#\\\/schema\\\/logo\\\/image\\\/\",\"url\":\"https:\\\/\\\/kodukolle.ee\\\/wp-content\\\/uploads\\\/2025\\\/06\\\/logo_must_gradient.svg\",\"contentUrl\":\"https:\\\/\\\/kodukolle.ee\\\/wp-content\\\/uploads\\\/2025\\\/06\\\/logo_must_gradient.svg\",\"caption\":\"Kodukolle\"},\"image\":{\"@id\":\"https:\\\/\\\/kodukolle.ee\\\/en\\\/#\\\/schema\\\/logo\\\/image\\\/\"}}]}<\/script>\n<!-- \/ Yoast SEO plugin. -->","yoast_head_json":{"title":"Valurautatakka JOTUL F 371 V2 ADVANCE HT - Kodukolle","description":"Esittelyss\u00e4 Jotul F 371 V2 Advance HT, joka on ylpe\u00e4 arvostetun \"Best of the Best\" Red Dot Design Award -palkinnon saaja ja yksi Euroopan halutuimmista tulisijoista.","robots":{"index":"index","follow":"follow","max-snippet":"max-snippet:-1","max-image-preview":"max-image-preview:large","max-video-preview":"max-video-preview:-1"},"canonical":"https:\/\/kodukolle.ee\/fi\/tuote\/valurautatakka-jotul-f-371-v2-advance-ht\/","og_locale":"fi_FI","og_type":"article","og_title":"Valurautatakka JOTUL F 371 V2 ADVANCE HT - Kodukolle","og_description":"Esittelyss\u00e4 Jotul F 371 V2 Advance HT, joka on ylpe\u00e4 arvostetun \"Best of the Best\" Red Dot Design Award -palkinnon saaja ja yksi Euroopan halutuimmista tulisijoista.","og_url":"https:\/\/kodukolle.ee\/fi\/tuote\/valurautatakka-jotul-f-371-v2-advance-ht\/","og_site_name":"Kodukolle","article_modified_time":"2024-01-30T11:49:16+00:00","og_image":[{"width":1024,"height":806,"url":"https:\/\/kodukolle.ee\/wp-content\/uploads\/2021\/04\/Jotul-F-371-Advance-HT-BP-int-1-1024x806.jpg","type":"image\/jpeg"}],"twitter_card":"summary_large_image","twitter_misc":{"Est. reading time":"2 minuuttia"},"schema":{"@context":"https:\/\/schema.org","@graph":[{"@type":"WebPage","@id":"https:\/\/kodukolle.ee\/fi\/tuote\/valurautatakka-jotul-f-371-v2-advance-ht\/","url":"https:\/\/kodukolle.ee\/fi\/tuote\/valurautatakka-jotul-f-371-v2-advance-ht\/","name":"Valurautatakka JOTUL F 371 V2 ADVANCE HT - Kodukolle","isPartOf":{"@id":"https:\/\/kodukolle.ee\/en\/#website"},"primaryImageOfPage":{"@id":"https:\/\/kodukolle.ee\/fi\/tuote\/valurautatakka-jotul-f-371-v2-advance-ht\/#primaryimage"},"image":{"@id":"https:\/\/kodukolle.ee\/fi\/tuote\/valurautatakka-jotul-f-371-v2-advance-ht\/#primaryimage"},"thumbnailUrl":"https:\/\/kodukolle.ee\/wp-content\/uploads\/2021\/04\/Jotul-F-371-Advance-HT-BP-int-1.jpg","datePublished":"2021-04-12T07:34:44+00:00","dateModified":"2024-01-30T11:49:16+00:00","description":"Esittelyss\u00e4 Jotul F 371 V2 Advance HT, joka on ylpe\u00e4 arvostetun \"Best of the Best\" Red Dot Design Award -palkinnon saaja ja yksi Euroopan halutuimmista tulisijoista.","breadcrumb":{"@id":"https:\/\/kodukolle.ee\/fi\/tuote\/valurautatakka-jotul-f-371-v2-advance-ht\/#breadcrumb"},"inLanguage":"fi","potentialAction":[{"@type":"ReadAction","target":["https:\/\/kodukolle.ee\/fi\/tuote\/valurautatakka-jotul-f-371-v2-advance-ht\/"]}]},{"@type":"ImageObject","inLanguage":"fi","@id":"https:\/\/kodukolle.ee\/fi\/tuote\/valurautatakka-jotul-f-371-v2-advance-ht\/#primaryimage","url":"https:\/\/kodukolle.ee\/wp-content\/uploads\/2021\/04\/Jotul-F-371-Advance-HT-BP-int-1.jpg","contentUrl":"https:\/\/kodukolle.ee\/wp-content\/uploads\/2021\/04\/Jotul-F-371-Advance-HT-BP-int-1.jpg","width":2435,"height":1916,"caption":"Jotul F 371 V2 Advance HT"},{"@type":"BreadcrumbList","@id":"https:\/\/kodukolle.ee\/fi\/tuote\/valurautatakka-jotul-f-371-v2-advance-ht\/#breadcrumb","itemListElement":[{"@type":"ListItem","position":1,"name":"Home","item":"https:\/\/kodukolle.ee\/fi\/"},{"@type":"ListItem","position":2,"name":"Tuotteet","item":"https:\/\/kodukolle.ee\/fi\/tuotteet\/"},{"@type":"ListItem","position":3,"name":"Valurautatakka JOTUL F 371 V2 ADVANCE HT"}]},{"@type":"WebSite","@id":"https:\/\/kodukolle.ee\/en\/#website","url":"https:\/\/kodukolle.ee\/en\/","name":"Kodukolle","description":"","publisher":{"@id":"https:\/\/kodukolle.ee\/en\/#organization"},"potentialAction":[{"@type":"SearchAction","target":{"@type":"EntryPoint","urlTemplate":"https:\/\/kodukolle.ee\/en\/?s={search_term_string}"},"query-input":{"@type":"PropertyValueSpecification","valueRequired":true,"valueName":"search_term_string"}}],"inLanguage":"fi"},{"@type":"Organization","@id":"https:\/\/kodukolle.ee\/en\/#organization","name":"Kodukolle","url":"https:\/\/kodukolle.ee\/en\/","logo":{"@type":"ImageObject","inLanguage":"fi","@id":"https:\/\/kodukolle.ee\/en\/#\/schema\/logo\/image\/","url":"https:\/\/kodukolle.ee\/wp-content\/uploads\/2025\/06\/logo_must_gradient.svg","contentUrl":"https:\/\/kodukolle.ee\/wp-content\/uploads\/2025\/06\/logo_must_gradient.svg","caption":"Kodukolle"},"image":{"@id":"https:\/\/kodukolle.ee\/en\/#\/schema\/logo\/image\/"}}]}},"_links":{"self":[{"href":"https:\/\/kodukolle.ee\/fi\/wp-json\/wp\/v2\/product\/27081","targetHints":{"allow":["GET"]}}],"collection":[{"href":"https:\/\/kodukolle.ee\/fi\/wp-json\/wp\/v2\/product"}],"about":[{"href":"https:\/\/kodukolle.ee\/fi\/wp-json\/wp\/v2\/types\/product"}],"wp:featuredmedia":[{"embeddable":true,"href":"https:\/\/kodukolle.ee\/fi\/wp-json\/wp\/v2\/media\/19680"}],"wp:attachment":[{"href":"https:\/\/kodukolle.ee\/fi\/wp-json\/wp\/v2\/media?parent=27081"}],"wp:term":[{"taxonomy":"product_brand","embeddable":true,"href":"https:\/\/kodukolle.ee\/fi\/wp-json\/wp\/v2\/product_brand?post=27081"},{"taxonomy":"product_cat","embeddable":true,"href":"https:\/\/kodukolle.ee\/fi\/wp-json\/wp\/v2\/product_cat?post=27081"},{"taxonomy":"product_tag","embeddable":true,"href":"https:\/\/kodukolle.ee\/fi\/wp-json\/wp\/v2\/product_tag?post=27081"}],"curies":[{"name":"wp","href":"https:\/\/api.w.org\/{rel}","templated":true}]}}