{"id":27083,"date":"2021-04-12T10:14:34","date_gmt":"2021-04-12T07:14:34","guid":{"rendered":"https:\/\/kodukolle.ee\/?post_type=product&#038;p=27083"},"modified":"2024-01-30T14:13:10","modified_gmt":"2024-01-30T12:13:10","slug":"valurautatakka-jotul-f-481","status":"publish","type":"product","link":"https:\/\/kodukolle.ee\/fi\/tuote\/valurautatakka-jotul-f-481\/","title":{"rendered":"Valurautatakka JOTUL F 481"},"content":{"rendered":"<p>Jotul F 481 on valurautainen konvektio takka, joka on suunniteltu asennettavaksi seinien l\u00e4helle. Korotettu palotila ja py\u00f6re\u00e4 lasiovi tarjoavat erinomaisen n\u00e4kym\u00e4n kiehtoviin liekkeihin. Lis\u00e4ksi tulisijan pohjassa on k\u00e4tev\u00e4 s\u00e4ilytystila v\u00e4ltt\u00e4m\u00e4tt\u00f6mille tarvikkeille tai polttopuille. Tehostettu polttoj\u00e4rjestelm\u00e4 varmistaa puhtaan ja tehokkaan palamisen, mik\u00e4 v\u00e4hent\u00e4\u00e4 p\u00e4\u00e4st\u00f6j\u00e4 ja l\u00e4mmityskustannuksia. Jotul F 481 takka yhdist\u00e4\u00e4 saumattomasti estetiikan ja k\u00e4ytt\u00e4j\u00e4yst\u00e4v\u00e4llisyyden.<\/p>\n<ul>\n<li>Moderni muotoilu<\/li>\n<li>Upea n\u00e4kym\u00e4 tulelle<\/li>\n<li>Clean burn j\u00e4rjestelm\u00e4<\/li>\n<\/ul>\n<p><strong>Saatavana lis\u00e4varusteena<\/strong><\/p>\n<ul>\n<li>Elektroninen poltonohjausj\u00e4rjestelm\u00e4<\/li>\n<li>Raitisilmaliit\u00e4nt\u00e4sarja<\/li>\n<\/ul>\n<p>&nbsp;<\/p>\n","protected":false},"excerpt":{"rendered":"<p>Jotul F 481 on valurautainen konvektio takka, joka on suunniteltu asennettavaksi seinien l\u00e4helle. Korotettu palotila ja py\u00f6re\u00e4 lasiovi tarjoavat erinomaisen n\u00e4kym\u00e4n kiehtoviin liekkeihin. Lis\u00e4ksi tulisijan pohjassa on k\u00e4tev\u00e4 s\u00e4ilytystila v\u00e4ltt\u00e4m\u00e4tt\u00f6mille tarvikkeille tai polttopuille. Tehostettu polttoj\u00e4rjestelm\u00e4 varmistaa puhtaan ja tehokkaan palamisen, mik\u00e4 v\u00e4hent\u00e4\u00e4 p\u00e4\u00e4st\u00f6j\u00e4 ja l\u00e4mmityskustannuksia. Jotul F 481 takka yhdist\u00e4\u00e4 saumattomasti estetiikan ja k\u00e4ytt\u00e4j\u00e4yst\u00e4v\u00e4llisyyden.<\/p>\n","protected":false},"featured_media":19244,"template":"","meta":{"_acf_changed":false},"product_brand":[],"product_cat":[9620],"product_tag":[],"class_list":{"0":"post-27083","1":"product","2":"type-product","3":"status-publish","4":"has-post-thumbnail","6":"brands-jotul-fi","7":"product_cat-takat","9":"first","10":"instock","11":"shipping-taxable","12":"product-type-simple"},"acf":[],"yoast_head":"<!-- This site is optimized with the Yoast SEO plugin v27.4 - https:\/\/yoast.com\/product\/yoast-seo-wordpress\/ -->\n<title>Valurautatakka JOTUL F 481 - Kodukolle<\/title>\n<meta name=\"description\" content=\"Jotul F 481 on valurautainen konvektio takka, joka on suunniteltu asennettavaksi seinien l\u00e4helle. Py\u00f6re\u00e4 lasiovi tarjoa erinomaisen n\u00e4kym\u00e4n kiehtoviin liekkeihin.\" \/>\n<meta name=\"robots\" content=\"index, follow, max-snippet:-1, max-image-preview:large, max-video-preview:-1\" \/>\n<link rel=\"canonical\" href=\"https:\/\/kodukolle.ee\/fi\/tuote\/valurautatakka-jotul-f-481\/\" \/>\n<meta property=\"og:locale\" content=\"fi_FI\" \/>\n<meta property=\"og:type\" content=\"article\" \/>\n<meta property=\"og:title\" content=\"Valurautatakka JOTUL F 481 - Kodukolle\" \/>\n<meta property=\"og:description\" content=\"Jotul F 481 on valurautainen konvektio takka, joka on suunniteltu asennettavaksi seinien l\u00e4helle. Py\u00f6re\u00e4 lasiovi tarjoa erinomaisen n\u00e4kym\u00e4n kiehtoviin liekkeihin.\" \/>\n<meta property=\"og:url\" content=\"https:\/\/kodukolle.ee\/fi\/tuote\/valurautatakka-jotul-f-481\/\" \/>\n<meta property=\"og:site_name\" content=\"Kodukolle\" \/>\n<meta property=\"article:modified_time\" content=\"2024-01-30T12:13:10+00:00\" \/>\n<meta property=\"og:image\" content=\"https:\/\/kodukolle.ee\/wp-content\/uploads\/2021\/04\/Jotul-F-481-int-2-1024x933.jpg\" \/>\n\t<meta property=\"og:image:width\" content=\"1024\" \/>\n\t<meta property=\"og:image:height\" content=\"933\" \/>\n\t<meta property=\"og:image:type\" content=\"image\/jpeg\" \/>\n<meta name=\"twitter:card\" content=\"summary_large_image\" \/>\n<meta name=\"twitter:label1\" content=\"Est. reading time\" \/>\n\t<meta name=\"twitter:data1\" content=\"1 minuutti\" \/>\n<script type=\"application\/ld+json\" class=\"yoast-schema-graph\">{\"@context\":\"https:\\\/\\\/schema.org\",\"@graph\":[{\"@type\":\"WebPage\",\"@id\":\"https:\\\/\\\/kodukolle.ee\\\/fi\\\/tuote\\\/valurautatakka-jotul-f-481\\\/\",\"url\":\"https:\\\/\\\/kodukolle.ee\\\/fi\\\/tuote\\\/valurautatakka-jotul-f-481\\\/\",\"name\":\"Valurautatakka JOTUL F 481 - Kodukolle\",\"isPartOf\":{\"@id\":\"https:\\\/\\\/kodukolle.ee\\\/en\\\/#website\"},\"primaryImageOfPage\":{\"@id\":\"https:\\\/\\\/kodukolle.ee\\\/fi\\\/tuote\\\/valurautatakka-jotul-f-481\\\/#primaryimage\"},\"image\":{\"@id\":\"https:\\\/\\\/kodukolle.ee\\\/fi\\\/tuote\\\/valurautatakka-jotul-f-481\\\/#primaryimage\"},\"thumbnailUrl\":\"https:\\\/\\\/kodukolle.ee\\\/wp-content\\\/uploads\\\/2021\\\/04\\\/Jotul-F-481-int-2.jpg\",\"datePublished\":\"2021-04-12T07:14:34+00:00\",\"dateModified\":\"2024-01-30T12:13:10+00:00\",\"description\":\"Jotul F 481 on valurautainen konvektio takka, joka on suunniteltu asennettavaksi seinien l\u00e4helle. Py\u00f6re\u00e4 lasiovi tarjoa erinomaisen n\u00e4kym\u00e4n kiehtoviin liekkeihin.\",\"breadcrumb\":{\"@id\":\"https:\\\/\\\/kodukolle.ee\\\/fi\\\/tuote\\\/valurautatakka-jotul-f-481\\\/#breadcrumb\"},\"inLanguage\":\"fi\",\"potentialAction\":[{\"@type\":\"ReadAction\",\"target\":[\"https:\\\/\\\/kodukolle.ee\\\/fi\\\/tuote\\\/valurautatakka-jotul-f-481\\\/\"]}]},{\"@type\":\"ImageObject\",\"inLanguage\":\"fi\",\"@id\":\"https:\\\/\\\/kodukolle.ee\\\/fi\\\/tuote\\\/valurautatakka-jotul-f-481\\\/#primaryimage\",\"url\":\"https:\\\/\\\/kodukolle.ee\\\/wp-content\\\/uploads\\\/2021\\\/04\\\/Jotul-F-481-int-2.jpg\",\"contentUrl\":\"https:\\\/\\\/kodukolle.ee\\\/wp-content\\\/uploads\\\/2021\\\/04\\\/Jotul-F-481-int-2.jpg\",\"width\":1708,\"height\":1557,\"caption\":\"Jotul F 481\"},{\"@type\":\"BreadcrumbList\",\"@id\":\"https:\\\/\\\/kodukolle.ee\\\/fi\\\/tuote\\\/valurautatakka-jotul-f-481\\\/#breadcrumb\",\"itemListElement\":[{\"@type\":\"ListItem\",\"position\":1,\"name\":\"Home\",\"item\":\"https:\\\/\\\/kodukolle.ee\\\/fi\\\/\"},{\"@type\":\"ListItem\",\"position\":2,\"name\":\"Tuotteet\",\"item\":\"https:\\\/\\\/kodukolle.ee\\\/fi\\\/tuotteet\\\/\"},{\"@type\":\"ListItem\",\"position\":3,\"name\":\"Valurautatakka JOTUL F 481\"}]},{\"@type\":\"WebSite\",\"@id\":\"https:\\\/\\\/kodukolle.ee\\\/en\\\/#website\",\"url\":\"https:\\\/\\\/kodukolle.ee\\\/en\\\/\",\"name\":\"Kodukolle\",\"description\":\"\",\"publisher\":{\"@id\":\"https:\\\/\\\/kodukolle.ee\\\/en\\\/#organization\"},\"potentialAction\":[{\"@type\":\"SearchAction\",\"target\":{\"@type\":\"EntryPoint\",\"urlTemplate\":\"https:\\\/\\\/kodukolle.ee\\\/en\\\/?s={search_term_string}\"},\"query-input\":{\"@type\":\"PropertyValueSpecification\",\"valueRequired\":true,\"valueName\":\"search_term_string\"}}],\"inLanguage\":\"fi\"},{\"@type\":\"Organization\",\"@id\":\"https:\\\/\\\/kodukolle.ee\\\/en\\\/#organization\",\"name\":\"Kodukolle\",\"url\":\"https:\\\/\\\/kodukolle.ee\\\/en\\\/\",\"logo\":{\"@type\":\"ImageObject\",\"inLanguage\":\"fi\",\"@id\":\"https:\\\/\\\/kodukolle.ee\\\/en\\\/#\\\/schema\\\/logo\\\/image\\\/\",\"url\":\"https:\\\/\\\/kodukolle.ee\\\/wp-content\\\/uploads\\\/2025\\\/06\\\/logo_must_gradient.svg\",\"contentUrl\":\"https:\\\/\\\/kodukolle.ee\\\/wp-content\\\/uploads\\\/2025\\\/06\\\/logo_must_gradient.svg\",\"caption\":\"Kodukolle\"},\"image\":{\"@id\":\"https:\\\/\\\/kodukolle.ee\\\/en\\\/#\\\/schema\\\/logo\\\/image\\\/\"}}]}<\/script>\n<!-- \/ Yoast SEO plugin. -->","yoast_head_json":{"title":"Valurautatakka JOTUL F 481 - Kodukolle","description":"Jotul F 481 on valurautainen konvektio takka, joka on suunniteltu asennettavaksi seinien l\u00e4helle. Py\u00f6re\u00e4 lasiovi tarjoa erinomaisen n\u00e4kym\u00e4n kiehtoviin liekkeihin.","robots":{"index":"index","follow":"follow","max-snippet":"max-snippet:-1","max-image-preview":"max-image-preview:large","max-video-preview":"max-video-preview:-1"},"canonical":"https:\/\/kodukolle.ee\/fi\/tuote\/valurautatakka-jotul-f-481\/","og_locale":"fi_FI","og_type":"article","og_title":"Valurautatakka JOTUL F 481 - Kodukolle","og_description":"Jotul F 481 on valurautainen konvektio takka, joka on suunniteltu asennettavaksi seinien l\u00e4helle. Py\u00f6re\u00e4 lasiovi tarjoa erinomaisen n\u00e4kym\u00e4n kiehtoviin liekkeihin.","og_url":"https:\/\/kodukolle.ee\/fi\/tuote\/valurautatakka-jotul-f-481\/","og_site_name":"Kodukolle","article_modified_time":"2024-01-30T12:13:10+00:00","og_image":[{"width":1024,"height":933,"url":"https:\/\/kodukolle.ee\/wp-content\/uploads\/2021\/04\/Jotul-F-481-int-2-1024x933.jpg","type":"image\/jpeg"}],"twitter_card":"summary_large_image","twitter_misc":{"Est. reading time":"1 minuutti"},"schema":{"@context":"https:\/\/schema.org","@graph":[{"@type":"WebPage","@id":"https:\/\/kodukolle.ee\/fi\/tuote\/valurautatakka-jotul-f-481\/","url":"https:\/\/kodukolle.ee\/fi\/tuote\/valurautatakka-jotul-f-481\/","name":"Valurautatakka JOTUL F 481 - Kodukolle","isPartOf":{"@id":"https:\/\/kodukolle.ee\/en\/#website"},"primaryImageOfPage":{"@id":"https:\/\/kodukolle.ee\/fi\/tuote\/valurautatakka-jotul-f-481\/#primaryimage"},"image":{"@id":"https:\/\/kodukolle.ee\/fi\/tuote\/valurautatakka-jotul-f-481\/#primaryimage"},"thumbnailUrl":"https:\/\/kodukolle.ee\/wp-content\/uploads\/2021\/04\/Jotul-F-481-int-2.jpg","datePublished":"2021-04-12T07:14:34+00:00","dateModified":"2024-01-30T12:13:10+00:00","description":"Jotul F 481 on valurautainen konvektio takka, joka on suunniteltu asennettavaksi seinien l\u00e4helle. Py\u00f6re\u00e4 lasiovi tarjoa erinomaisen n\u00e4kym\u00e4n kiehtoviin liekkeihin.","breadcrumb":{"@id":"https:\/\/kodukolle.ee\/fi\/tuote\/valurautatakka-jotul-f-481\/#breadcrumb"},"inLanguage":"fi","potentialAction":[{"@type":"ReadAction","target":["https:\/\/kodukolle.ee\/fi\/tuote\/valurautatakka-jotul-f-481\/"]}]},{"@type":"ImageObject","inLanguage":"fi","@id":"https:\/\/kodukolle.ee\/fi\/tuote\/valurautatakka-jotul-f-481\/#primaryimage","url":"https:\/\/kodukolle.ee\/wp-content\/uploads\/2021\/04\/Jotul-F-481-int-2.jpg","contentUrl":"https:\/\/kodukolle.ee\/wp-content\/uploads\/2021\/04\/Jotul-F-481-int-2.jpg","width":1708,"height":1557,"caption":"Jotul F 481"},{"@type":"BreadcrumbList","@id":"https:\/\/kodukolle.ee\/fi\/tuote\/valurautatakka-jotul-f-481\/#breadcrumb","itemListElement":[{"@type":"ListItem","position":1,"name":"Home","item":"https:\/\/kodukolle.ee\/fi\/"},{"@type":"ListItem","position":2,"name":"Tuotteet","item":"https:\/\/kodukolle.ee\/fi\/tuotteet\/"},{"@type":"ListItem","position":3,"name":"Valurautatakka JOTUL F 481"}]},{"@type":"WebSite","@id":"https:\/\/kodukolle.ee\/en\/#website","url":"https:\/\/kodukolle.ee\/en\/","name":"Kodukolle","description":"","publisher":{"@id":"https:\/\/kodukolle.ee\/en\/#organization"},"potentialAction":[{"@type":"SearchAction","target":{"@type":"EntryPoint","urlTemplate":"https:\/\/kodukolle.ee\/en\/?s={search_term_string}"},"query-input":{"@type":"PropertyValueSpecification","valueRequired":true,"valueName":"search_term_string"}}],"inLanguage":"fi"},{"@type":"Organization","@id":"https:\/\/kodukolle.ee\/en\/#organization","name":"Kodukolle","url":"https:\/\/kodukolle.ee\/en\/","logo":{"@type":"ImageObject","inLanguage":"fi","@id":"https:\/\/kodukolle.ee\/en\/#\/schema\/logo\/image\/","url":"https:\/\/kodukolle.ee\/wp-content\/uploads\/2025\/06\/logo_must_gradient.svg","contentUrl":"https:\/\/kodukolle.ee\/wp-content\/uploads\/2025\/06\/logo_must_gradient.svg","caption":"Kodukolle"},"image":{"@id":"https:\/\/kodukolle.ee\/en\/#\/schema\/logo\/image\/"}}]}},"_links":{"self":[{"href":"https:\/\/kodukolle.ee\/fi\/wp-json\/wp\/v2\/product\/27083","targetHints":{"allow":["GET"]}}],"collection":[{"href":"https:\/\/kodukolle.ee\/fi\/wp-json\/wp\/v2\/product"}],"about":[{"href":"https:\/\/kodukolle.ee\/fi\/wp-json\/wp\/v2\/types\/product"}],"wp:featuredmedia":[{"embeddable":true,"href":"https:\/\/kodukolle.ee\/fi\/wp-json\/wp\/v2\/media\/19244"}],"wp:attachment":[{"href":"https:\/\/kodukolle.ee\/fi\/wp-json\/wp\/v2\/media?parent=27083"}],"wp:term":[{"taxonomy":"product_brand","embeddable":true,"href":"https:\/\/kodukolle.ee\/fi\/wp-json\/wp\/v2\/product_brand?post=27083"},{"taxonomy":"product_cat","embeddable":true,"href":"https:\/\/kodukolle.ee\/fi\/wp-json\/wp\/v2\/product_cat?post=27083"},{"taxonomy":"product_tag","embeddable":true,"href":"https:\/\/kodukolle.ee\/fi\/wp-json\/wp\/v2\/product_tag?post=27083"}],"curies":[{"name":"wp","href":"https:\/\/api.w.org\/{rel}","templated":true}]}}