{"id":27088,"date":"2021-04-12T09:36:28","date_gmt":"2021-04-12T06:36:28","guid":{"rendered":"https:\/\/kodukolle.ee\/?post_type=product&#038;p=27088"},"modified":"2024-01-30T14:08:25","modified_gmt":"2024-01-30T12:08:25","slug":"valurautatakka-jotul-f-378-v2-advance-ht","status":"publish","type":"product","link":"https:\/\/kodukolle.ee\/fi\/tuote\/valurautatakka-jotul-f-378-v2-advance-ht\/","title":{"rendered":"Valurautatakka JOTUL F 378 V2 ADVANCE HT"},"content":{"rendered":"<p>Tervetuloa tulevaisuuteen! Jotul F 378 V2 Advance HT, arvostetun &#8221;Best of the Best&#8221; Red Dot -muotoilupalkinnon saaja ja yksi Euroopan halutuimmista takoista, ilment\u00e4\u00e4 modernia muotoilua, sulavia linjoja ja k\u00e4yt\u00e4nn\u00f6llisyytt\u00e4, ja sen alaosassa on irrotettava hylly. T\u00e4ss\u00e4 tulisijassa on panoraaman\u00e4kym\u00e4 tuleen kolmelta sivulta, ja siin\u00e4 on edistyksellinen Airwash-j\u00e4rjestelm\u00e4, joka pit\u00e4\u00e4 lasin puhtaana. Uuden ergonomisen oven muotoilun ja magneettisen oven sulkemismekanismin ansiosta voit nauttia saumattomasta ja vaivattomasta kokemuksesta oven k\u00e4yt\u00f6ss\u00e4. Lis\u00e4ksi sinulla on mahdollisuus parantaa Jotul F 378 V2 Advance HT:ta lis\u00e4\u00e4m\u00e4ll\u00e4 l\u00e4mp\u00f6\u00e4 varaavia kivi\u00e4, mik\u00e4 varmistaa pitk\u00e4aikaisen ja miellytt\u00e4v\u00e4n l\u00e4mm\u00f6n vapautumisen pitk\u00e4\u00e4n viimeisen tulipalon sammumisen j\u00e4lkeen.<\/p>\n<ul>\n<li>Tyylik\u00e4s muotoilu<\/li>\n<li>Kolmen sivun n\u00e4kym\u00e4 tulesta<\/li>\n<li>Clean burn j\u00e4rjestelm\u00e4<\/li>\n<li>Magneettinen oven sulkemismekanismi<\/li>\n<li>Jotul 370 -sarja on saanut \u201cBest of the best\u201d Red Dot -muotoilupalkinnon<\/li>\n<\/ul>\n<p><strong>Saatavana lis\u00e4varusteena<\/strong><\/p>\n<ul>\n<li>Elektroninen poltonohjausj\u00e4rjestelm\u00e4<\/li>\n<li>L\u00e4mp\u00f6\u00e4 varaavat kivet<\/li>\n<\/ul>\n<p>&nbsp;<\/p>\n","protected":false},"excerpt":{"rendered":"<p>Tervetuloa tulevaisuuteen! Jotul F 378 V2 Advance HT, arvostetun &#8221;Best of the Best&#8221; Red Dot -muotoilupalkinnon saaja ja yksi Euroopan halutuimmista takoista, ilment\u00e4\u00e4 modernia muotoilua, sulavia linjoja ja k\u00e4yt\u00e4nn\u00f6llisyytt\u00e4, ja sen alaosassa on irrotettava hylly. T\u00e4ss\u00e4 tulisijassa on panoraaman\u00e4kym\u00e4 tuleen kolmelta sivulta, ja siin\u00e4 on edistyksellinen Airwash-j\u00e4rjestelm\u00e4, joka pit\u00e4\u00e4 lasin puhtaana. <\/p>\n","protected":false},"featured_media":19747,"template":"","meta":{"_acf_changed":false},"product_brand":[],"product_cat":[9620],"product_tag":[],"class_list":{"0":"post-27088","1":"product","2":"type-product","3":"status-publish","4":"has-post-thumbnail","6":"brands-jotul-fi","7":"product_cat-takat","9":"first","10":"instock","11":"shipping-taxable","12":"purchasable","13":"product-type-simple"},"acf":[],"yoast_head":"<!-- This site is optimized with the Yoast SEO plugin v27.4 - https:\/\/yoast.com\/product\/yoast-seo-wordpress\/ -->\n<title>Valurautatakka JOTUL F 378 V2 ADVANCE HT - Kodukolle<\/title>\n<meta name=\"description\" content=\"Jotul F 378 V2 Advance HT, arvostetun &quot;Best of the Best&quot; Red Dot -muotoilupalkinnon saaja ja yksi Euroopan halutuimmista takoista, ilment\u00e4\u00e4 modernia muotoilua, sulavia linjoja ja k\u00e4yt\u00e4nn\u00f6llisyytt\u00e4.\" \/>\n<meta name=\"robots\" content=\"index, follow, max-snippet:-1, max-image-preview:large, max-video-preview:-1\" \/>\n<link rel=\"canonical\" href=\"https:\/\/kodukolle.ee\/fi\/tuote\/valurautatakka-jotul-f-378-v2-advance-ht\/\" \/>\n<meta property=\"og:locale\" content=\"fi_FI\" \/>\n<meta property=\"og:type\" content=\"article\" \/>\n<meta property=\"og:title\" content=\"Valurautatakka JOTUL F 378 V2 ADVANCE HT - Kodukolle\" \/>\n<meta property=\"og:description\" content=\"Jotul F 378 V2 Advance HT, arvostetun &quot;Best of the Best&quot; Red Dot -muotoilupalkinnon saaja ja yksi Euroopan halutuimmista takoista, ilment\u00e4\u00e4 modernia muotoilua, sulavia linjoja ja k\u00e4yt\u00e4nn\u00f6llisyytt\u00e4.\" \/>\n<meta property=\"og:url\" content=\"https:\/\/kodukolle.ee\/fi\/tuote\/valurautatakka-jotul-f-378-v2-advance-ht\/\" \/>\n<meta property=\"og:site_name\" content=\"Kodukolle\" \/>\n<meta property=\"article:modified_time\" content=\"2024-01-30T12:08:25+00:00\" \/>\n<meta property=\"og:image\" content=\"https:\/\/kodukolle.ee\/wp-content\/uploads\/2021\/04\/Jotul-F-378-Advance-HT-int-1-1024x803.jpg\" \/>\n\t<meta property=\"og:image:width\" content=\"1024\" \/>\n\t<meta property=\"og:image:height\" content=\"803\" \/>\n\t<meta property=\"og:image:type\" content=\"image\/jpeg\" \/>\n<meta name=\"twitter:card\" content=\"summary_large_image\" \/>\n<meta name=\"twitter:label1\" content=\"Est. reading time\" \/>\n\t<meta name=\"twitter:data1\" content=\"1 minuutti\" \/>\n<script type=\"application\/ld+json\" class=\"yoast-schema-graph\">{\"@context\":\"https:\\\/\\\/schema.org\",\"@graph\":[{\"@type\":\"WebPage\",\"@id\":\"https:\\\/\\\/kodukolle.ee\\\/fi\\\/tuote\\\/valurautatakka-jotul-f-378-v2-advance-ht\\\/\",\"url\":\"https:\\\/\\\/kodukolle.ee\\\/fi\\\/tuote\\\/valurautatakka-jotul-f-378-v2-advance-ht\\\/\",\"name\":\"Valurautatakka JOTUL F 378 V2 ADVANCE HT - Kodukolle\",\"isPartOf\":{\"@id\":\"https:\\\/\\\/kodukolle.ee\\\/en\\\/#website\"},\"primaryImageOfPage\":{\"@id\":\"https:\\\/\\\/kodukolle.ee\\\/fi\\\/tuote\\\/valurautatakka-jotul-f-378-v2-advance-ht\\\/#primaryimage\"},\"image\":{\"@id\":\"https:\\\/\\\/kodukolle.ee\\\/fi\\\/tuote\\\/valurautatakka-jotul-f-378-v2-advance-ht\\\/#primaryimage\"},\"thumbnailUrl\":\"https:\\\/\\\/kodukolle.ee\\\/wp-content\\\/uploads\\\/2021\\\/04\\\/Jotul-F-378-Advance-HT-int-1.jpg\",\"datePublished\":\"2021-04-12T06:36:28+00:00\",\"dateModified\":\"2024-01-30T12:08:25+00:00\",\"description\":\"Jotul F 378 V2 Advance HT, arvostetun \\\"Best of the Best\\\" Red Dot -muotoilupalkinnon saaja ja yksi Euroopan halutuimmista takoista, ilment\u00e4\u00e4 modernia muotoilua, sulavia linjoja ja k\u00e4yt\u00e4nn\u00f6llisyytt\u00e4.\",\"breadcrumb\":{\"@id\":\"https:\\\/\\\/kodukolle.ee\\\/fi\\\/tuote\\\/valurautatakka-jotul-f-378-v2-advance-ht\\\/#breadcrumb\"},\"inLanguage\":\"fi\",\"potentialAction\":[{\"@type\":\"ReadAction\",\"target\":[\"https:\\\/\\\/kodukolle.ee\\\/fi\\\/tuote\\\/valurautatakka-jotul-f-378-v2-advance-ht\\\/\"]}]},{\"@type\":\"ImageObject\",\"inLanguage\":\"fi\",\"@id\":\"https:\\\/\\\/kodukolle.ee\\\/fi\\\/tuote\\\/valurautatakka-jotul-f-378-v2-advance-ht\\\/#primaryimage\",\"url\":\"https:\\\/\\\/kodukolle.ee\\\/wp-content\\\/uploads\\\/2021\\\/04\\\/Jotul-F-378-Advance-HT-int-1.jpg\",\"contentUrl\":\"https:\\\/\\\/kodukolle.ee\\\/wp-content\\\/uploads\\\/2021\\\/04\\\/Jotul-F-378-Advance-HT-int-1.jpg\",\"width\":2412,\"height\":1892,\"caption\":\"Jotul F 378 V2 Advance HT\"},{\"@type\":\"BreadcrumbList\",\"@id\":\"https:\\\/\\\/kodukolle.ee\\\/fi\\\/tuote\\\/valurautatakka-jotul-f-378-v2-advance-ht\\\/#breadcrumb\",\"itemListElement\":[{\"@type\":\"ListItem\",\"position\":1,\"name\":\"Home\",\"item\":\"https:\\\/\\\/kodukolle.ee\\\/fi\\\/\"},{\"@type\":\"ListItem\",\"position\":2,\"name\":\"Tuotteet\",\"item\":\"https:\\\/\\\/kodukolle.ee\\\/fi\\\/tuotteet\\\/\"},{\"@type\":\"ListItem\",\"position\":3,\"name\":\"Valurautatakka JOTUL F 378 V2 ADVANCE HT\"}]},{\"@type\":\"WebSite\",\"@id\":\"https:\\\/\\\/kodukolle.ee\\\/en\\\/#website\",\"url\":\"https:\\\/\\\/kodukolle.ee\\\/en\\\/\",\"name\":\"Kodukolle\",\"description\":\"\",\"publisher\":{\"@id\":\"https:\\\/\\\/kodukolle.ee\\\/en\\\/#organization\"},\"potentialAction\":[{\"@type\":\"SearchAction\",\"target\":{\"@type\":\"EntryPoint\",\"urlTemplate\":\"https:\\\/\\\/kodukolle.ee\\\/en\\\/?s={search_term_string}\"},\"query-input\":{\"@type\":\"PropertyValueSpecification\",\"valueRequired\":true,\"valueName\":\"search_term_string\"}}],\"inLanguage\":\"fi\"},{\"@type\":\"Organization\",\"@id\":\"https:\\\/\\\/kodukolle.ee\\\/en\\\/#organization\",\"name\":\"Kodukolle\",\"url\":\"https:\\\/\\\/kodukolle.ee\\\/en\\\/\",\"logo\":{\"@type\":\"ImageObject\",\"inLanguage\":\"fi\",\"@id\":\"https:\\\/\\\/kodukolle.ee\\\/en\\\/#\\\/schema\\\/logo\\\/image\\\/\",\"url\":\"https:\\\/\\\/kodukolle.ee\\\/wp-content\\\/uploads\\\/2025\\\/06\\\/logo_must_gradient.svg\",\"contentUrl\":\"https:\\\/\\\/kodukolle.ee\\\/wp-content\\\/uploads\\\/2025\\\/06\\\/logo_must_gradient.svg\",\"caption\":\"Kodukolle\"},\"image\":{\"@id\":\"https:\\\/\\\/kodukolle.ee\\\/en\\\/#\\\/schema\\\/logo\\\/image\\\/\"}}]}<\/script>\n<!-- \/ Yoast SEO plugin. -->","yoast_head_json":{"title":"Valurautatakka JOTUL F 378 V2 ADVANCE HT - Kodukolle","description":"Jotul F 378 V2 Advance HT, arvostetun \"Best of the Best\" Red Dot -muotoilupalkinnon saaja ja yksi Euroopan halutuimmista takoista, ilment\u00e4\u00e4 modernia muotoilua, sulavia linjoja ja k\u00e4yt\u00e4nn\u00f6llisyytt\u00e4.","robots":{"index":"index","follow":"follow","max-snippet":"max-snippet:-1","max-image-preview":"max-image-preview:large","max-video-preview":"max-video-preview:-1"},"canonical":"https:\/\/kodukolle.ee\/fi\/tuote\/valurautatakka-jotul-f-378-v2-advance-ht\/","og_locale":"fi_FI","og_type":"article","og_title":"Valurautatakka JOTUL F 378 V2 ADVANCE HT - Kodukolle","og_description":"Jotul F 378 V2 Advance HT, arvostetun \"Best of the Best\" Red Dot -muotoilupalkinnon saaja ja yksi Euroopan halutuimmista takoista, ilment\u00e4\u00e4 modernia muotoilua, sulavia linjoja ja k\u00e4yt\u00e4nn\u00f6llisyytt\u00e4.","og_url":"https:\/\/kodukolle.ee\/fi\/tuote\/valurautatakka-jotul-f-378-v2-advance-ht\/","og_site_name":"Kodukolle","article_modified_time":"2024-01-30T12:08:25+00:00","og_image":[{"width":1024,"height":803,"url":"https:\/\/kodukolle.ee\/wp-content\/uploads\/2021\/04\/Jotul-F-378-Advance-HT-int-1-1024x803.jpg","type":"image\/jpeg"}],"twitter_card":"summary_large_image","twitter_misc":{"Est. reading time":"1 minuutti"},"schema":{"@context":"https:\/\/schema.org","@graph":[{"@type":"WebPage","@id":"https:\/\/kodukolle.ee\/fi\/tuote\/valurautatakka-jotul-f-378-v2-advance-ht\/","url":"https:\/\/kodukolle.ee\/fi\/tuote\/valurautatakka-jotul-f-378-v2-advance-ht\/","name":"Valurautatakka JOTUL F 378 V2 ADVANCE HT - Kodukolle","isPartOf":{"@id":"https:\/\/kodukolle.ee\/en\/#website"},"primaryImageOfPage":{"@id":"https:\/\/kodukolle.ee\/fi\/tuote\/valurautatakka-jotul-f-378-v2-advance-ht\/#primaryimage"},"image":{"@id":"https:\/\/kodukolle.ee\/fi\/tuote\/valurautatakka-jotul-f-378-v2-advance-ht\/#primaryimage"},"thumbnailUrl":"https:\/\/kodukolle.ee\/wp-content\/uploads\/2021\/04\/Jotul-F-378-Advance-HT-int-1.jpg","datePublished":"2021-04-12T06:36:28+00:00","dateModified":"2024-01-30T12:08:25+00:00","description":"Jotul F 378 V2 Advance HT, arvostetun \"Best of the Best\" Red Dot -muotoilupalkinnon saaja ja yksi Euroopan halutuimmista takoista, ilment\u00e4\u00e4 modernia muotoilua, sulavia linjoja ja k\u00e4yt\u00e4nn\u00f6llisyytt\u00e4.","breadcrumb":{"@id":"https:\/\/kodukolle.ee\/fi\/tuote\/valurautatakka-jotul-f-378-v2-advance-ht\/#breadcrumb"},"inLanguage":"fi","potentialAction":[{"@type":"ReadAction","target":["https:\/\/kodukolle.ee\/fi\/tuote\/valurautatakka-jotul-f-378-v2-advance-ht\/"]}]},{"@type":"ImageObject","inLanguage":"fi","@id":"https:\/\/kodukolle.ee\/fi\/tuote\/valurautatakka-jotul-f-378-v2-advance-ht\/#primaryimage","url":"https:\/\/kodukolle.ee\/wp-content\/uploads\/2021\/04\/Jotul-F-378-Advance-HT-int-1.jpg","contentUrl":"https:\/\/kodukolle.ee\/wp-content\/uploads\/2021\/04\/Jotul-F-378-Advance-HT-int-1.jpg","width":2412,"height":1892,"caption":"Jotul F 378 V2 Advance HT"},{"@type":"BreadcrumbList","@id":"https:\/\/kodukolle.ee\/fi\/tuote\/valurautatakka-jotul-f-378-v2-advance-ht\/#breadcrumb","itemListElement":[{"@type":"ListItem","position":1,"name":"Home","item":"https:\/\/kodukolle.ee\/fi\/"},{"@type":"ListItem","position":2,"name":"Tuotteet","item":"https:\/\/kodukolle.ee\/fi\/tuotteet\/"},{"@type":"ListItem","position":3,"name":"Valurautatakka JOTUL F 378 V2 ADVANCE HT"}]},{"@type":"WebSite","@id":"https:\/\/kodukolle.ee\/en\/#website","url":"https:\/\/kodukolle.ee\/en\/","name":"Kodukolle","description":"","publisher":{"@id":"https:\/\/kodukolle.ee\/en\/#organization"},"potentialAction":[{"@type":"SearchAction","target":{"@type":"EntryPoint","urlTemplate":"https:\/\/kodukolle.ee\/en\/?s={search_term_string}"},"query-input":{"@type":"PropertyValueSpecification","valueRequired":true,"valueName":"search_term_string"}}],"inLanguage":"fi"},{"@type":"Organization","@id":"https:\/\/kodukolle.ee\/en\/#organization","name":"Kodukolle","url":"https:\/\/kodukolle.ee\/en\/","logo":{"@type":"ImageObject","inLanguage":"fi","@id":"https:\/\/kodukolle.ee\/en\/#\/schema\/logo\/image\/","url":"https:\/\/kodukolle.ee\/wp-content\/uploads\/2025\/06\/logo_must_gradient.svg","contentUrl":"https:\/\/kodukolle.ee\/wp-content\/uploads\/2025\/06\/logo_must_gradient.svg","caption":"Kodukolle"},"image":{"@id":"https:\/\/kodukolle.ee\/en\/#\/schema\/logo\/image\/"}}]}},"_links":{"self":[{"href":"https:\/\/kodukolle.ee\/fi\/wp-json\/wp\/v2\/product\/27088","targetHints":{"allow":["GET"]}}],"collection":[{"href":"https:\/\/kodukolle.ee\/fi\/wp-json\/wp\/v2\/product"}],"about":[{"href":"https:\/\/kodukolle.ee\/fi\/wp-json\/wp\/v2\/types\/product"}],"wp:featuredmedia":[{"embeddable":true,"href":"https:\/\/kodukolle.ee\/fi\/wp-json\/wp\/v2\/media\/19747"}],"wp:attachment":[{"href":"https:\/\/kodukolle.ee\/fi\/wp-json\/wp\/v2\/media?parent=27088"}],"wp:term":[{"taxonomy":"product_brand","embeddable":true,"href":"https:\/\/kodukolle.ee\/fi\/wp-json\/wp\/v2\/product_brand?post=27088"},{"taxonomy":"product_cat","embeddable":true,"href":"https:\/\/kodukolle.ee\/fi\/wp-json\/wp\/v2\/product_cat?post=27088"},{"taxonomy":"product_tag","embeddable":true,"href":"https:\/\/kodukolle.ee\/fi\/wp-json\/wp\/v2\/product_tag?post=27088"}],"curies":[{"name":"wp","href":"https:\/\/api.w.org\/{rel}","templated":true}]}}