{"id":27127,"date":"2019-07-29T11:47:25","date_gmt":"2019-07-29T08:47:25","guid":{"rendered":"https:\/\/kodukolle.ee\/?post_type=product&#038;p=27127"},"modified":"2026-03-19T18:06:31","modified_gmt":"2026-03-19T16:06:31","slug":"valurautatakka-jotul-f-305-r-b","status":"publish","type":"product","link":"https:\/\/kodukolle.ee\/fi\/tuote\/valurautatakka-jotul-f-305-r-b\/","title":{"rendered":"Valurautatakka JOTUL F 305 R B (myym\u00e4l\u00e4n n\u00e4ytetuote)"},"content":{"rendered":"<p>Yhteisty\u00f6ss\u00e4 norjalaisen suunnittelijan Anderssen &amp; Vollin kanssa on luotu takka, joka yhdist\u00e4\u00e4 saumattomasti 160 vuoden kokemuksen ajattomaan muotoiluun. Jotul F 305 R B, moderni ja tyylikk\u00e4\u00e4sti suunniteltu pieni takka, on valmistettu valuraudasta. Pienist\u00e4 mitoistaan huolimatta Jotul F 305 erottuu kilpailijoistaan. Tukevalle alustalle sijoitettu Jotul F 305 R B tarjoaa lis\u00e4mukavuutta puiden s\u00e4ilytykseen takan alla. Huomionarvoisia suunnitteluelementtej\u00e4 ovat reilun kokoinen vaakasuora lasiovi, joka tarjoaa kiehtovan n\u00e4kym\u00e4n tulelle, sek\u00e4 intuitiiviset ilmanohjaimet, jotka lis\u00e4\u00e4v\u00e4t k\u00e4ytt\u00e4j\u00e4yst\u00e4v\u00e4llisyytt\u00e4. Jotul F 305 sopii erityisen hyvin energiatehokkaisiin koteihin. Lis\u00e4ksi takka noudattaa tiukkoja p\u00e4\u00e4st\u00f6rajoja ja pystyy palamaan ekologisesti vastuullisesti my\u00f6s pienemmill\u00e4 tehoasetuksilla.<\/p>\n<ul>\n<li>Ainutlaatuinen muotoilu<\/li>\n<li>Clean burn j\u00e4rjestelm\u00e4<\/li>\n<\/ul>\n<p><strong>Saatavana lis\u00e4varusteena<\/strong><\/p>\n<ul>\n<li>Vuolukivinen p\u00e4\u00e4llyslevy<\/li>\n<li>Konvektiolevyt<\/li>\n<li>Raitisilmaliit\u00e4nt\u00e4sarja<\/li>\n<li>Elektroninen poltonohjausj\u00e4rjestelm\u00e4<\/li>\n<\/ul>\n<p>&nbsp;<\/p>\n","protected":false},"excerpt":{"rendered":"<p>Yhteisty\u00f6ss\u00e4 norjalaisen suunnittelijan Anderssen &amp; Vollin kanssa on luotu takka, joka yhdist\u00e4\u00e4 saumattomasti 160 vuoden kokemuksen ajattomaan muotoiluun. Jotul F 305 R B, moderni ja tyylikk\u00e4\u00e4sti suunniteltu pieni takka, on valmistettu valuraudasta. Pienist\u00e4 mitoistaan huolimatta Jotul F 305 erottuu kilpailijoistaan. Tukevalle alustalle sijoitettu Jotul F 305 R B tarjoaa lis\u00e4mukavuutta puiden s\u00e4ilytykseen takan alla.<\/p>\n","protected":false},"featured_media":18961,"template":"","meta":{"_acf_changed":false},"product_brand":[],"product_cat":[9620,9694],"product_tag":[],"class_list":{"0":"post-27127","1":"product","2":"type-product","3":"status-publish","4":"has-post-thumbnail","6":"brands-jotul-fi","7":"product_cat-takat","8":"product_cat-outlet-fi","10":"first","11":"instock","12":"sale","13":"shipping-taxable","14":"purchasable","15":"product-type-simple"},"acf":[],"yoast_head":"<!-- This site is optimized with the Yoast SEO plugin v27.2 - https:\/\/yoast.com\/product\/yoast-seo-wordpress\/ -->\n<title>Valurautatakka JOTUL F 305 R B (myym\u00e4l\u00e4n n\u00e4ytetuote) - Kodukolle<\/title>\n<meta name=\"description\" content=\"Jotul F 305 R B, moderni ja tyylikk\u00e4\u00e4sti suunniteltu pieni takka, on valmistettu valuraudasta. Pienist\u00e4 mitoistaan huolimatta Jotul F 305 erottuu kilpailijoistaan.\" \/>\n<meta name=\"robots\" content=\"index, follow, max-snippet:-1, max-image-preview:large, max-video-preview:-1\" \/>\n<link rel=\"canonical\" href=\"https:\/\/kodukolle.ee\/fi\/tuote\/valurautatakka-jotul-f-305-r-b\/\" \/>\n<meta property=\"og:locale\" content=\"fi_FI\" \/>\n<meta property=\"og:type\" content=\"article\" \/>\n<meta property=\"og:title\" content=\"Valurautatakka JOTUL F 305 R B (myym\u00e4l\u00e4n n\u00e4ytetuote) - Kodukolle\" \/>\n<meta property=\"og:description\" content=\"Jotul F 305 R B, moderni ja tyylikk\u00e4\u00e4sti suunniteltu pieni takka, on valmistettu valuraudasta. Pienist\u00e4 mitoistaan huolimatta Jotul F 305 erottuu kilpailijoistaan.\" \/>\n<meta property=\"og:url\" content=\"https:\/\/kodukolle.ee\/fi\/tuote\/valurautatakka-jotul-f-305-r-b\/\" \/>\n<meta property=\"og:site_name\" content=\"Kodukolle\" \/>\n<meta property=\"article:modified_time\" content=\"2026-03-19T16:06:31+00:00\" \/>\n<meta property=\"og:image\" content=\"https:\/\/kodukolle.ee\/wp-content\/uploads\/2019\/07\/Jotul-F-305-R-B-BP-int-1-1024x869.jpg\" \/>\n\t<meta property=\"og:image:width\" content=\"1024\" \/>\n\t<meta property=\"og:image:height\" content=\"869\" \/>\n\t<meta property=\"og:image:type\" content=\"image\/jpeg\" \/>\n<meta name=\"twitter:card\" content=\"summary_large_image\" \/>\n<meta name=\"twitter:label1\" content=\"Est. reading time\" \/>\n\t<meta name=\"twitter:data1\" content=\"1 minuutti\" \/>\n<script type=\"application\/ld+json\" class=\"yoast-schema-graph\">{\"@context\":\"https:\/\/schema.org\",\"@graph\":[{\"@type\":\"WebPage\",\"@id\":\"https:\/\/kodukolle.ee\/fi\/tuote\/valurautatakka-jotul-f-305-r-b\/\",\"url\":\"https:\/\/kodukolle.ee\/fi\/tuote\/valurautatakka-jotul-f-305-r-b\/\",\"name\":\"Valurautatakka JOTUL F 305 R B (myym\u00e4l\u00e4n n\u00e4ytetuote) - Kodukolle\",\"isPartOf\":{\"@id\":\"https:\/\/kodukolle.ee\/en\/#website\"},\"primaryImageOfPage\":{\"@id\":\"https:\/\/kodukolle.ee\/fi\/tuote\/valurautatakka-jotul-f-305-r-b\/#primaryimage\"},\"image\":{\"@id\":\"https:\/\/kodukolle.ee\/fi\/tuote\/valurautatakka-jotul-f-305-r-b\/#primaryimage\"},\"thumbnailUrl\":\"https:\/\/kodukolle.ee\/wp-content\/uploads\/2019\/07\/Jotul-F-305-R-B-BP-int-1.jpg\",\"datePublished\":\"2019-07-29T08:47:25+00:00\",\"dateModified\":\"2026-03-19T16:06:31+00:00\",\"description\":\"Jotul F 305 R B, moderni ja tyylikk\u00e4\u00e4sti suunniteltu pieni takka, on valmistettu valuraudasta. Pienist\u00e4 mitoistaan huolimatta Jotul F 305 erottuu kilpailijoistaan.\",\"breadcrumb\":{\"@id\":\"https:\/\/kodukolle.ee\/fi\/tuote\/valurautatakka-jotul-f-305-r-b\/#breadcrumb\"},\"inLanguage\":\"fi\",\"potentialAction\":[{\"@type\":\"ReadAction\",\"target\":[\"https:\/\/kodukolle.ee\/fi\/tuote\/valurautatakka-jotul-f-305-r-b\/\"]}]},{\"@type\":\"ImageObject\",\"inLanguage\":\"fi\",\"@id\":\"https:\/\/kodukolle.ee\/fi\/tuote\/valurautatakka-jotul-f-305-r-b\/#primaryimage\",\"url\":\"https:\/\/kodukolle.ee\/wp-content\/uploads\/2019\/07\/Jotul-F-305-R-B-BP-int-1.jpg\",\"contentUrl\":\"https:\/\/kodukolle.ee\/wp-content\/uploads\/2019\/07\/Jotul-F-305-R-B-BP-int-1.jpg\",\"width\":2305,\"height\":1955,\"caption\":\"ProEXR File Description =Attributes= cameraAperture (float): 40.000004 cameraFNumber (float): 7.000000 cameraFarClip (float): 29480.759766 cameraFarRange (float): 1000.000000 cameraFocalLength (float): 40.000004 cameraFov (float): 52.756084 cameraNearClip (float): 1672.065186 cameraNearRange (float): 0.000000 cameraProjection (int): 0 cameraTargetDistance (float): 4910.076172 cameraTransform (m44f) channels (chlist) compression (compression): Zip dataWindow (box2i): [0, 0, 4999, 3499] displayWindow (box2i): [0, 0, 4999, 3499] lineOrder (lineOrder): Increasing Y pixelAspectRatio (float): 1.000000 screenWindowCenter (v2f): [0.000000, 0.000000] screenWindowWidth (float): 1.000000 =Channels= A (half) AO.B (half) AO.G (half) AO.R (half) B (half) G (half) MM_1-3.B (half) MM_1-3.G (half) MM_1-3.R (half) MM_4-6.B (half) MM_4-6.G (half) MM_4-6.R (half) MM_7-9.B (half) MM_7-9.G (half) MM_7-9.R (half) R (half) RawTotalLighting.B (half) RawTotalLighting.G (half) RawTotalLighting.R (half) Reflection.B (half) Reflection.G (half) Reflection.R (half) Z (half)\"},{\"@type\":\"BreadcrumbList\",\"@id\":\"https:\/\/kodukolle.ee\/fi\/tuote\/valurautatakka-jotul-f-305-r-b\/#breadcrumb\",\"itemListElement\":[{\"@type\":\"ListItem\",\"position\":1,\"name\":\"Home\",\"item\":\"https:\/\/kodukolle.ee\/fi\/\"},{\"@type\":\"ListItem\",\"position\":2,\"name\":\"Tuotteet\",\"item\":\"https:\/\/kodukolle.ee\/fi\/tuotteet\/\"},{\"@type\":\"ListItem\",\"position\":3,\"name\":\"Valurautatakka JOTUL F 305 R B (myym\u00e4l\u00e4n n\u00e4ytetuote)\"}]},{\"@type\":\"WebSite\",\"@id\":\"https:\/\/kodukolle.ee\/en\/#website\",\"url\":\"https:\/\/kodukolle.ee\/en\/\",\"name\":\"Kodukolle\",\"description\":\"\",\"publisher\":{\"@id\":\"https:\/\/kodukolle.ee\/en\/#organization\"},\"potentialAction\":[{\"@type\":\"SearchAction\",\"target\":{\"@type\":\"EntryPoint\",\"urlTemplate\":\"https:\/\/kodukolle.ee\/en\/?s={search_term_string}\"},\"query-input\":{\"@type\":\"PropertyValueSpecification\",\"valueRequired\":true,\"valueName\":\"search_term_string\"}}],\"inLanguage\":\"fi\"},{\"@type\":\"Organization\",\"@id\":\"https:\/\/kodukolle.ee\/en\/#organization\",\"name\":\"Kodukolle\",\"url\":\"https:\/\/kodukolle.ee\/en\/\",\"logo\":{\"@type\":\"ImageObject\",\"inLanguage\":\"fi\",\"@id\":\"https:\/\/kodukolle.ee\/en\/#\/schema\/logo\/image\/\",\"url\":\"https:\/\/kodukolle.ee\/wp-content\/uploads\/2025\/06\/logo_must_gradient.svg\",\"contentUrl\":\"https:\/\/kodukolle.ee\/wp-content\/uploads\/2025\/06\/logo_must_gradient.svg\",\"caption\":\"Kodukolle\"},\"image\":{\"@id\":\"https:\/\/kodukolle.ee\/en\/#\/schema\/logo\/image\/\"}}]}<\/script>\n<!-- \/ Yoast SEO plugin. -->","yoast_head_json":{"title":"Valurautatakka JOTUL F 305 R B (myym\u00e4l\u00e4n n\u00e4ytetuote) - Kodukolle","description":"Jotul F 305 R B, moderni ja tyylikk\u00e4\u00e4sti suunniteltu pieni takka, on valmistettu valuraudasta. Pienist\u00e4 mitoistaan huolimatta Jotul F 305 erottuu kilpailijoistaan.","robots":{"index":"index","follow":"follow","max-snippet":"max-snippet:-1","max-image-preview":"max-image-preview:large","max-video-preview":"max-video-preview:-1"},"canonical":"https:\/\/kodukolle.ee\/fi\/tuote\/valurautatakka-jotul-f-305-r-b\/","og_locale":"fi_FI","og_type":"article","og_title":"Valurautatakka JOTUL F 305 R B (myym\u00e4l\u00e4n n\u00e4ytetuote) - Kodukolle","og_description":"Jotul F 305 R B, moderni ja tyylikk\u00e4\u00e4sti suunniteltu pieni takka, on valmistettu valuraudasta. Pienist\u00e4 mitoistaan huolimatta Jotul F 305 erottuu kilpailijoistaan.","og_url":"https:\/\/kodukolle.ee\/fi\/tuote\/valurautatakka-jotul-f-305-r-b\/","og_site_name":"Kodukolle","article_modified_time":"2026-03-19T16:06:31+00:00","og_image":[{"width":1024,"height":869,"url":"https:\/\/kodukolle.ee\/wp-content\/uploads\/2019\/07\/Jotul-F-305-R-B-BP-int-1-1024x869.jpg","type":"image\/jpeg"}],"twitter_card":"summary_large_image","twitter_misc":{"Est. reading time":"1 minuutti"},"schema":{"@context":"https:\/\/schema.org","@graph":[{"@type":"WebPage","@id":"https:\/\/kodukolle.ee\/fi\/tuote\/valurautatakka-jotul-f-305-r-b\/","url":"https:\/\/kodukolle.ee\/fi\/tuote\/valurautatakka-jotul-f-305-r-b\/","name":"Valurautatakka JOTUL F 305 R B (myym\u00e4l\u00e4n n\u00e4ytetuote) - Kodukolle","isPartOf":{"@id":"https:\/\/kodukolle.ee\/en\/#website"},"primaryImageOfPage":{"@id":"https:\/\/kodukolle.ee\/fi\/tuote\/valurautatakka-jotul-f-305-r-b\/#primaryimage"},"image":{"@id":"https:\/\/kodukolle.ee\/fi\/tuote\/valurautatakka-jotul-f-305-r-b\/#primaryimage"},"thumbnailUrl":"https:\/\/kodukolle.ee\/wp-content\/uploads\/2019\/07\/Jotul-F-305-R-B-BP-int-1.jpg","datePublished":"2019-07-29T08:47:25+00:00","dateModified":"2026-03-19T16:06:31+00:00","description":"Jotul F 305 R B, moderni ja tyylikk\u00e4\u00e4sti suunniteltu pieni takka, on valmistettu valuraudasta. Pienist\u00e4 mitoistaan huolimatta Jotul F 305 erottuu kilpailijoistaan.","breadcrumb":{"@id":"https:\/\/kodukolle.ee\/fi\/tuote\/valurautatakka-jotul-f-305-r-b\/#breadcrumb"},"inLanguage":"fi","potentialAction":[{"@type":"ReadAction","target":["https:\/\/kodukolle.ee\/fi\/tuote\/valurautatakka-jotul-f-305-r-b\/"]}]},{"@type":"ImageObject","inLanguage":"fi","@id":"https:\/\/kodukolle.ee\/fi\/tuote\/valurautatakka-jotul-f-305-r-b\/#primaryimage","url":"https:\/\/kodukolle.ee\/wp-content\/uploads\/2019\/07\/Jotul-F-305-R-B-BP-int-1.jpg","contentUrl":"https:\/\/kodukolle.ee\/wp-content\/uploads\/2019\/07\/Jotul-F-305-R-B-BP-int-1.jpg","width":2305,"height":1955,"caption":"ProEXR File Description =Attributes= cameraAperture (float): 40.000004 cameraFNumber (float): 7.000000 cameraFarClip (float): 29480.759766 cameraFarRange (float): 1000.000000 cameraFocalLength (float): 40.000004 cameraFov (float): 52.756084 cameraNearClip (float): 1672.065186 cameraNearRange (float): 0.000000 cameraProjection (int): 0 cameraTargetDistance (float): 4910.076172 cameraTransform (m44f) channels (chlist) compression (compression): Zip dataWindow (box2i): [0, 0, 4999, 3499] displayWindow (box2i): [0, 0, 4999, 3499] lineOrder (lineOrder): Increasing Y pixelAspectRatio (float): 1.000000 screenWindowCenter (v2f): [0.000000, 0.000000] screenWindowWidth (float): 1.000000 =Channels= A (half) AO.B (half) AO.G (half) AO.R (half) B (half) G (half) MM_1-3.B (half) MM_1-3.G (half) MM_1-3.R (half) MM_4-6.B (half) MM_4-6.G (half) MM_4-6.R (half) MM_7-9.B (half) MM_7-9.G (half) MM_7-9.R (half) R (half) RawTotalLighting.B (half) RawTotalLighting.G (half) RawTotalLighting.R (half) Reflection.B (half) Reflection.G (half) Reflection.R (half) Z (half)"},{"@type":"BreadcrumbList","@id":"https:\/\/kodukolle.ee\/fi\/tuote\/valurautatakka-jotul-f-305-r-b\/#breadcrumb","itemListElement":[{"@type":"ListItem","position":1,"name":"Home","item":"https:\/\/kodukolle.ee\/fi\/"},{"@type":"ListItem","position":2,"name":"Tuotteet","item":"https:\/\/kodukolle.ee\/fi\/tuotteet\/"},{"@type":"ListItem","position":3,"name":"Valurautatakka JOTUL F 305 R B (myym\u00e4l\u00e4n n\u00e4ytetuote)"}]},{"@type":"WebSite","@id":"https:\/\/kodukolle.ee\/en\/#website","url":"https:\/\/kodukolle.ee\/en\/","name":"Kodukolle","description":"","publisher":{"@id":"https:\/\/kodukolle.ee\/en\/#organization"},"potentialAction":[{"@type":"SearchAction","target":{"@type":"EntryPoint","urlTemplate":"https:\/\/kodukolle.ee\/en\/?s={search_term_string}"},"query-input":{"@type":"PropertyValueSpecification","valueRequired":true,"valueName":"search_term_string"}}],"inLanguage":"fi"},{"@type":"Organization","@id":"https:\/\/kodukolle.ee\/en\/#organization","name":"Kodukolle","url":"https:\/\/kodukolle.ee\/en\/","logo":{"@type":"ImageObject","inLanguage":"fi","@id":"https:\/\/kodukolle.ee\/en\/#\/schema\/logo\/image\/","url":"https:\/\/kodukolle.ee\/wp-content\/uploads\/2025\/06\/logo_must_gradient.svg","contentUrl":"https:\/\/kodukolle.ee\/wp-content\/uploads\/2025\/06\/logo_must_gradient.svg","caption":"Kodukolle"},"image":{"@id":"https:\/\/kodukolle.ee\/en\/#\/schema\/logo\/image\/"}}]}},"_links":{"self":[{"href":"https:\/\/kodukolle.ee\/fi\/wp-json\/wp\/v2\/product\/27127","targetHints":{"allow":["GET"]}}],"collection":[{"href":"https:\/\/kodukolle.ee\/fi\/wp-json\/wp\/v2\/product"}],"about":[{"href":"https:\/\/kodukolle.ee\/fi\/wp-json\/wp\/v2\/types\/product"}],"wp:featuredmedia":[{"embeddable":true,"href":"https:\/\/kodukolle.ee\/fi\/wp-json\/wp\/v2\/media\/18961"}],"wp:attachment":[{"href":"https:\/\/kodukolle.ee\/fi\/wp-json\/wp\/v2\/media?parent=27127"}],"wp:term":[{"taxonomy":"product_brand","embeddable":true,"href":"https:\/\/kodukolle.ee\/fi\/wp-json\/wp\/v2\/product_brand?post=27127"},{"taxonomy":"product_cat","embeddable":true,"href":"https:\/\/kodukolle.ee\/fi\/wp-json\/wp\/v2\/product_cat?post=27127"},{"taxonomy":"product_tag","embeddable":true,"href":"https:\/\/kodukolle.ee\/fi\/wp-json\/wp\/v2\/product_tag?post=27127"}],"curies":[{"name":"wp","href":"https:\/\/api.w.org\/{rel}","templated":true}]}}