{"id":27135,"date":"2020-03-05T12:32:43","date_gmt":"2020-03-05T10:32:43","guid":{"rendered":"https:\/\/kodukolle.ee\/?post_type=product&#038;p=27135"},"modified":"2024-01-30T09:24:57","modified_gmt":"2024-01-30T07:24:57","slug":"varaava-takka-jotul-fs-175-vuolukivella","status":"publish","type":"product","link":"https:\/\/kodukolle.ee\/fi\/tuote\/varaava-takka-jotul-fs-175-vuolukivella\/","title":{"rendered":"Varaava takka JOTUL FS 175, vuolukivell\u00e4"},"content":{"rendered":"<p>Miellytt\u00e4v\u00e4\u00e4 l\u00e4mp\u00f6\u00e4 luovuttava Jotul FS 175 on tyylik\u00e4s vuolukivitakka, jonka emali tulisijan sis\u00e4lt\u00f6 takaa kirkkaan ja ilmavan liekkikuvan, kun taas n\u00e4kym\u00e4 tulelle luo lumoavan tunnelman. Takan yl\u00e4osaan sijoitetun venttiilin avulla voit p\u00e4\u00e4tt\u00e4\u00e4, s\u00e4teiletk\u00f6 l\u00e4mp\u00f6\u00e4 suoraan huoneeseen vai varastoitko se vuolukiveen asteittaista vapautumista varten. Jotul FS 175 on sovitettu Jotul I 520 F -takkasyd\u00e4meen. Takkalasit on valmistettu erityisell\u00e4 heijastavalla pinnalla, joka est\u00e4\u00e4 noen kertymisen, optimoi palamisen ja lis\u00e4\u00e4 siten tulisijan tehoa. <\/p>\n<ul>\n<li>Valurautatakkasyd\u00e4n ja vuolukivikotelo<\/li>\n<li>Tyylik\u00e4s muotoilu<\/li>\n<li>Clean burn j\u00e4rjestelm\u00e4<\/li>\n<li>Lumoava n\u00e4kym\u00e4 tulelle<\/li>\n<\/ul>\n<p><strong>Saatavana lis\u00e4varusteena<\/strong><\/p>\n<ul>\n<li>Elektroninen poltonohjausj\u00e4rjestelm\u00e4<\/li>\n<li>Korotuselementti, takan korkeus 1530mm<\/li>\n<\/ul>\n<p>&nbsp;<\/p>\n","protected":false},"excerpt":{"rendered":"<p>Miellytt\u00e4v\u00e4\u00e4 l\u00e4mp\u00f6\u00e4 luovuttava Jotul FS 175 on tyylik\u00e4s vuolukivitakka, jonka emali tulisijan sis\u00e4lt\u00f6 takaa kirkkaan ja ilmavan liekkikuvan, kun taas n\u00e4kym\u00e4 tulelle luo lumoavan tunnelman. Takan yl\u00e4osaan sijoitetun venttiilin avulla voit p\u00e4\u00e4tt\u00e4\u00e4, s\u00e4teiletk\u00f6 l\u00e4mp\u00f6\u00e4 suoraan huoneeseen vai varastoitko se vuolukiveen asteittaista vapautumista varten. <\/p>\n","protected":false},"featured_media":18618,"template":"","meta":{"_acf_changed":false},"product_brand":[],"product_cat":[9684,9620],"product_tag":[],"class_list":{"0":"post-27135","1":"product","2":"type-product","3":"status-publish","4":"has-post-thumbnail","6":"brands-jotul-fi","7":"product_cat-varaavat-takat","8":"product_cat-takat","10":"first","11":"instock","12":"shipping-taxable","13":"purchasable","14":"product-type-simple"},"acf":[],"yoast_head":"<!-- This site is optimized with the Yoast SEO plugin v27.2 - https:\/\/yoast.com\/product\/yoast-seo-wordpress\/ -->\n<title>Varaava takka JOTUL FS 175, vuolukivell\u00e4 - Kodukolle<\/title>\n<meta name=\"description\" content=\"Miellytt\u00e4v\u00e4\u00e4 l\u00e4mp\u00f6\u00e4 luovuttava Jotul FS 175 on tyylik\u00e4s vuolukivitakka, jonka emali tulisijan sis\u00e4lt\u00f6 takaa kirkkaan ja ilmavan liekkikuvan, kun taas n\u00e4kym\u00e4 tulelle luo lumoavan tunnelman.\" \/>\n<meta name=\"robots\" content=\"index, follow, max-snippet:-1, max-image-preview:large, max-video-preview:-1\" \/>\n<link rel=\"canonical\" href=\"https:\/\/kodukolle.ee\/fi\/tuote\/varaava-takka-jotul-fs-175-vuolukivella\/\" \/>\n<meta property=\"og:locale\" content=\"fi_FI\" \/>\n<meta property=\"og:type\" content=\"article\" \/>\n<meta property=\"og:title\" content=\"Varaava takka JOTUL FS 175, vuolukivell\u00e4 - Kodukolle\" \/>\n<meta property=\"og:description\" content=\"Miellytt\u00e4v\u00e4\u00e4 l\u00e4mp\u00f6\u00e4 luovuttava Jotul FS 175 on tyylik\u00e4s vuolukivitakka, jonka emali tulisijan sis\u00e4lt\u00f6 takaa kirkkaan ja ilmavan liekkikuvan, kun taas n\u00e4kym\u00e4 tulelle luo lumoavan tunnelman.\" \/>\n<meta property=\"og:url\" content=\"https:\/\/kodukolle.ee\/fi\/tuote\/varaava-takka-jotul-fs-175-vuolukivella\/\" \/>\n<meta property=\"og:site_name\" content=\"Kodukolle\" \/>\n<meta property=\"article:modified_time\" content=\"2024-01-30T07:24:57+00:00\" \/>\n<meta property=\"og:image\" content=\"https:\/\/kodukolle.ee\/wp-content\/uploads\/2020\/03\/Jotul-FS-175-int-1-1024x803.jpg\" \/>\n\t<meta property=\"og:image:width\" content=\"1024\" \/>\n\t<meta property=\"og:image:height\" content=\"803\" \/>\n\t<meta property=\"og:image:type\" content=\"image\/jpeg\" \/>\n<meta name=\"twitter:card\" content=\"summary_large_image\" \/>\n<meta name=\"twitter:label1\" content=\"Est. reading time\" \/>\n\t<meta name=\"twitter:data1\" content=\"1 minuutti\" \/>\n<script type=\"application\/ld+json\" class=\"yoast-schema-graph\">{\"@context\":\"https:\/\/schema.org\",\"@graph\":[{\"@type\":\"WebPage\",\"@id\":\"https:\/\/kodukolle.ee\/fi\/tuote\/varaava-takka-jotul-fs-175-vuolukivella\/\",\"url\":\"https:\/\/kodukolle.ee\/fi\/tuote\/varaava-takka-jotul-fs-175-vuolukivella\/\",\"name\":\"Varaava takka JOTUL FS 175, vuolukivell\u00e4 - Kodukolle\",\"isPartOf\":{\"@id\":\"https:\/\/kodukolle.ee\/en\/#website\"},\"primaryImageOfPage\":{\"@id\":\"https:\/\/kodukolle.ee\/fi\/tuote\/varaava-takka-jotul-fs-175-vuolukivella\/#primaryimage\"},\"image\":{\"@id\":\"https:\/\/kodukolle.ee\/fi\/tuote\/varaava-takka-jotul-fs-175-vuolukivella\/#primaryimage\"},\"thumbnailUrl\":\"https:\/\/kodukolle.ee\/wp-content\/uploads\/2020\/03\/Jotul-FS-175-int-1.jpg\",\"datePublished\":\"2020-03-05T10:32:43+00:00\",\"dateModified\":\"2024-01-30T07:24:57+00:00\",\"description\":\"Miellytt\u00e4v\u00e4\u00e4 l\u00e4mp\u00f6\u00e4 luovuttava Jotul FS 175 on tyylik\u00e4s vuolukivitakka, jonka emali tulisijan sis\u00e4lt\u00f6 takaa kirkkaan ja ilmavan liekkikuvan, kun taas n\u00e4kym\u00e4 tulelle luo lumoavan tunnelman.\",\"breadcrumb\":{\"@id\":\"https:\/\/kodukolle.ee\/fi\/tuote\/varaava-takka-jotul-fs-175-vuolukivella\/#breadcrumb\"},\"inLanguage\":\"fi\",\"potentialAction\":[{\"@type\":\"ReadAction\",\"target\":[\"https:\/\/kodukolle.ee\/fi\/tuote\/varaava-takka-jotul-fs-175-vuolukivella\/\"]}]},{\"@type\":\"ImageObject\",\"inLanguage\":\"fi\",\"@id\":\"https:\/\/kodukolle.ee\/fi\/tuote\/varaava-takka-jotul-fs-175-vuolukivella\/#primaryimage\",\"url\":\"https:\/\/kodukolle.ee\/wp-content\/uploads\/2020\/03\/Jotul-FS-175-int-1.jpg\",\"contentUrl\":\"https:\/\/kodukolle.ee\/wp-content\/uploads\/2020\/03\/Jotul-FS-175-int-1.jpg\",\"width\":2310,\"height\":1812,\"caption\":\"Jotul FS 175\"},{\"@type\":\"BreadcrumbList\",\"@id\":\"https:\/\/kodukolle.ee\/fi\/tuote\/varaava-takka-jotul-fs-175-vuolukivella\/#breadcrumb\",\"itemListElement\":[{\"@type\":\"ListItem\",\"position\":1,\"name\":\"Home\",\"item\":\"https:\/\/kodukolle.ee\/fi\/\"},{\"@type\":\"ListItem\",\"position\":2,\"name\":\"Tuotteet\",\"item\":\"https:\/\/kodukolle.ee\/fi\/tuotteet\/\"},{\"@type\":\"ListItem\",\"position\":3,\"name\":\"Varaava takka JOTUL FS 175, vuolukivell\u00e4\"}]},{\"@type\":\"WebSite\",\"@id\":\"https:\/\/kodukolle.ee\/en\/#website\",\"url\":\"https:\/\/kodukolle.ee\/en\/\",\"name\":\"Kodukolle\",\"description\":\"\",\"publisher\":{\"@id\":\"https:\/\/kodukolle.ee\/en\/#organization\"},\"potentialAction\":[{\"@type\":\"SearchAction\",\"target\":{\"@type\":\"EntryPoint\",\"urlTemplate\":\"https:\/\/kodukolle.ee\/en\/?s={search_term_string}\"},\"query-input\":{\"@type\":\"PropertyValueSpecification\",\"valueRequired\":true,\"valueName\":\"search_term_string\"}}],\"inLanguage\":\"fi\"},{\"@type\":\"Organization\",\"@id\":\"https:\/\/kodukolle.ee\/en\/#organization\",\"name\":\"Kodukolle\",\"url\":\"https:\/\/kodukolle.ee\/en\/\",\"logo\":{\"@type\":\"ImageObject\",\"inLanguage\":\"fi\",\"@id\":\"https:\/\/kodukolle.ee\/en\/#\/schema\/logo\/image\/\",\"url\":\"https:\/\/kodukolle.ee\/wp-content\/uploads\/2025\/06\/logo_must_gradient.svg\",\"contentUrl\":\"https:\/\/kodukolle.ee\/wp-content\/uploads\/2025\/06\/logo_must_gradient.svg\",\"caption\":\"Kodukolle\"},\"image\":{\"@id\":\"https:\/\/kodukolle.ee\/en\/#\/schema\/logo\/image\/\"}}]}<\/script>\n<!-- \/ Yoast SEO plugin. -->","yoast_head_json":{"title":"Varaava takka JOTUL FS 175, vuolukivell\u00e4 - Kodukolle","description":"Miellytt\u00e4v\u00e4\u00e4 l\u00e4mp\u00f6\u00e4 luovuttava Jotul FS 175 on tyylik\u00e4s vuolukivitakka, jonka emali tulisijan sis\u00e4lt\u00f6 takaa kirkkaan ja ilmavan liekkikuvan, kun taas n\u00e4kym\u00e4 tulelle luo lumoavan tunnelman.","robots":{"index":"index","follow":"follow","max-snippet":"max-snippet:-1","max-image-preview":"max-image-preview:large","max-video-preview":"max-video-preview:-1"},"canonical":"https:\/\/kodukolle.ee\/fi\/tuote\/varaava-takka-jotul-fs-175-vuolukivella\/","og_locale":"fi_FI","og_type":"article","og_title":"Varaava takka JOTUL FS 175, vuolukivell\u00e4 - Kodukolle","og_description":"Miellytt\u00e4v\u00e4\u00e4 l\u00e4mp\u00f6\u00e4 luovuttava Jotul FS 175 on tyylik\u00e4s vuolukivitakka, jonka emali tulisijan sis\u00e4lt\u00f6 takaa kirkkaan ja ilmavan liekkikuvan, kun taas n\u00e4kym\u00e4 tulelle luo lumoavan tunnelman.","og_url":"https:\/\/kodukolle.ee\/fi\/tuote\/varaava-takka-jotul-fs-175-vuolukivella\/","og_site_name":"Kodukolle","article_modified_time":"2024-01-30T07:24:57+00:00","og_image":[{"width":1024,"height":803,"url":"https:\/\/kodukolle.ee\/wp-content\/uploads\/2020\/03\/Jotul-FS-175-int-1-1024x803.jpg","type":"image\/jpeg"}],"twitter_card":"summary_large_image","twitter_misc":{"Est. reading time":"1 minuutti"},"schema":{"@context":"https:\/\/schema.org","@graph":[{"@type":"WebPage","@id":"https:\/\/kodukolle.ee\/fi\/tuote\/varaava-takka-jotul-fs-175-vuolukivella\/","url":"https:\/\/kodukolle.ee\/fi\/tuote\/varaava-takka-jotul-fs-175-vuolukivella\/","name":"Varaava takka JOTUL FS 175, vuolukivell\u00e4 - Kodukolle","isPartOf":{"@id":"https:\/\/kodukolle.ee\/en\/#website"},"primaryImageOfPage":{"@id":"https:\/\/kodukolle.ee\/fi\/tuote\/varaava-takka-jotul-fs-175-vuolukivella\/#primaryimage"},"image":{"@id":"https:\/\/kodukolle.ee\/fi\/tuote\/varaava-takka-jotul-fs-175-vuolukivella\/#primaryimage"},"thumbnailUrl":"https:\/\/kodukolle.ee\/wp-content\/uploads\/2020\/03\/Jotul-FS-175-int-1.jpg","datePublished":"2020-03-05T10:32:43+00:00","dateModified":"2024-01-30T07:24:57+00:00","description":"Miellytt\u00e4v\u00e4\u00e4 l\u00e4mp\u00f6\u00e4 luovuttava Jotul FS 175 on tyylik\u00e4s vuolukivitakka, jonka emali tulisijan sis\u00e4lt\u00f6 takaa kirkkaan ja ilmavan liekkikuvan, kun taas n\u00e4kym\u00e4 tulelle luo lumoavan tunnelman.","breadcrumb":{"@id":"https:\/\/kodukolle.ee\/fi\/tuote\/varaava-takka-jotul-fs-175-vuolukivella\/#breadcrumb"},"inLanguage":"fi","potentialAction":[{"@type":"ReadAction","target":["https:\/\/kodukolle.ee\/fi\/tuote\/varaava-takka-jotul-fs-175-vuolukivella\/"]}]},{"@type":"ImageObject","inLanguage":"fi","@id":"https:\/\/kodukolle.ee\/fi\/tuote\/varaava-takka-jotul-fs-175-vuolukivella\/#primaryimage","url":"https:\/\/kodukolle.ee\/wp-content\/uploads\/2020\/03\/Jotul-FS-175-int-1.jpg","contentUrl":"https:\/\/kodukolle.ee\/wp-content\/uploads\/2020\/03\/Jotul-FS-175-int-1.jpg","width":2310,"height":1812,"caption":"Jotul FS 175"},{"@type":"BreadcrumbList","@id":"https:\/\/kodukolle.ee\/fi\/tuote\/varaava-takka-jotul-fs-175-vuolukivella\/#breadcrumb","itemListElement":[{"@type":"ListItem","position":1,"name":"Home","item":"https:\/\/kodukolle.ee\/fi\/"},{"@type":"ListItem","position":2,"name":"Tuotteet","item":"https:\/\/kodukolle.ee\/fi\/tuotteet\/"},{"@type":"ListItem","position":3,"name":"Varaava takka JOTUL FS 175, vuolukivell\u00e4"}]},{"@type":"WebSite","@id":"https:\/\/kodukolle.ee\/en\/#website","url":"https:\/\/kodukolle.ee\/en\/","name":"Kodukolle","description":"","publisher":{"@id":"https:\/\/kodukolle.ee\/en\/#organization"},"potentialAction":[{"@type":"SearchAction","target":{"@type":"EntryPoint","urlTemplate":"https:\/\/kodukolle.ee\/en\/?s={search_term_string}"},"query-input":{"@type":"PropertyValueSpecification","valueRequired":true,"valueName":"search_term_string"}}],"inLanguage":"fi"},{"@type":"Organization","@id":"https:\/\/kodukolle.ee\/en\/#organization","name":"Kodukolle","url":"https:\/\/kodukolle.ee\/en\/","logo":{"@type":"ImageObject","inLanguage":"fi","@id":"https:\/\/kodukolle.ee\/en\/#\/schema\/logo\/image\/","url":"https:\/\/kodukolle.ee\/wp-content\/uploads\/2025\/06\/logo_must_gradient.svg","contentUrl":"https:\/\/kodukolle.ee\/wp-content\/uploads\/2025\/06\/logo_must_gradient.svg","caption":"Kodukolle"},"image":{"@id":"https:\/\/kodukolle.ee\/en\/#\/schema\/logo\/image\/"}}]}},"_links":{"self":[{"href":"https:\/\/kodukolle.ee\/fi\/wp-json\/wp\/v2\/product\/27135","targetHints":{"allow":["GET"]}}],"collection":[{"href":"https:\/\/kodukolle.ee\/fi\/wp-json\/wp\/v2\/product"}],"about":[{"href":"https:\/\/kodukolle.ee\/fi\/wp-json\/wp\/v2\/types\/product"}],"wp:featuredmedia":[{"embeddable":true,"href":"https:\/\/kodukolle.ee\/fi\/wp-json\/wp\/v2\/media\/18618"}],"wp:attachment":[{"href":"https:\/\/kodukolle.ee\/fi\/wp-json\/wp\/v2\/media?parent=27135"}],"wp:term":[{"taxonomy":"product_brand","embeddable":true,"href":"https:\/\/kodukolle.ee\/fi\/wp-json\/wp\/v2\/product_brand?post=27135"},{"taxonomy":"product_cat","embeddable":true,"href":"https:\/\/kodukolle.ee\/fi\/wp-json\/wp\/v2\/product_cat?post=27135"},{"taxonomy":"product_tag","embeddable":true,"href":"https:\/\/kodukolle.ee\/fi\/wp-json\/wp\/v2\/product_tag?post=27135"}],"curies":[{"name":"wp","href":"https:\/\/api.w.org\/{rel}","templated":true}]}}