{"id":27165,"date":"2020-03-05T12:32:42","date_gmt":"2020-03-05T10:32:42","guid":{"rendered":"https:\/\/kodukolle.ee\/?post_type=product&#038;p=27165"},"modified":"2024-03-07T11:33:06","modified_gmt":"2024-03-07T09:33:06","slug":"elementtitakka-jotul-fs-620","status":"publish","type":"product","link":"https:\/\/kodukolle.ee\/fi\/tuote\/elementtitakka-jotul-fs-620\/","title":{"rendered":"Elementtitakka JOTUL FS 620"},"content":{"rendered":"<p>Jotul FS 620 takka on nopea ja helppo asentaa, ja pinta voidaan maalata mihin tahansa v\u00e4riin sopivaksi sisustukseen. Sinun tarvitsee vain nauttia liekeist\u00e4 ja kuunnella takkapuun r\u00e4tisemist\u00e4. Jotul FS 620 on suunniteltu t\u00e4ydent\u00e4m\u00e4\u00e4n Jotul I 620 FRL -takkasyd\u00e4met. Kirkkaat vermikuliittilevyt ja kest\u00e4v\u00e4 valkoinen emaloitu valurauta korostavat tulisijan sis\u00e4tilaa tehden siit\u00e4 valoisan ja kutsuvan. Tuuletusaukkojen symbolit helpottavat my\u00f6s tulisijan oikeaa k\u00e4ytt\u00f6\u00e4.<\/p>\n<ul>\n<li>Valurautainen takkasyd\u00e4n ja kalsiumsilikaattikotelo<\/li>\n<li>Nopea ja helppo asentaa<\/li>\n<li>Clean burn j\u00e4rjestelm\u00e4<\/li>\n<li>Anna takalle sisustukseen sopiva v\u00e4ri<\/li>\n<\/ul>\n<p><strong>Saatavana lis\u00e4varusteena<\/strong><\/p>\n<ul>\n<li>Elektroninen poltonohjausj\u00e4rjestelm\u00e4<\/li>\n<li>L\u00e4mp\u00f6\u00e4 varaavat kivet<\/li>\n<\/ul>\n<p>&nbsp;<\/p>\n","protected":false},"excerpt":{"rendered":"<p>Jotul FS 620 takka on nopea ja helppo asentaa, ja pinta voidaan maalata mihin tahansa v\u00e4riin sopivaksi sisustukseen. Sinun tarvitsee vain nauttia liekeist\u00e4 ja kuunnella takkapuun r\u00e4tisemist\u00e4. Jotul FS 620 on suunniteltu t\u00e4ydent\u00e4m\u00e4\u00e4n Jotul I 620 FRL -takkasyd\u00e4met. Kirkkaat vermikuliittilevyt ja kest\u00e4v\u00e4 valkoinen emaloitu valurauta korostavat tulisijan sis\u00e4tilaa tehden siit\u00e4 valoisan ja kutsuvan. Tuuletusaukkojen symbolit helpottavat my\u00f6s tulisijan oikeaa k\u00e4ytt\u00f6\u00e4.<\/p>\n","protected":false},"featured_media":18668,"template":"","meta":{"_acf_changed":false},"product_brand":[],"product_cat":[9620],"product_tag":[],"class_list":{"0":"post-27165","1":"product","2":"type-product","3":"status-publish","4":"has-post-thumbnail","6":"brands-jotul-fi","7":"product_cat-takat","9":"first","10":"instock","11":"shipping-taxable","12":"purchasable","13":"product-type-simple"},"acf":[],"yoast_head":"<!-- This site is optimized with the Yoast SEO plugin v27.4 - https:\/\/yoast.com\/product\/yoast-seo-wordpress\/ -->\n<title>Elementtitakka JOTUL FS 620 - Kodukolle<\/title>\n<meta name=\"description\" content=\"Jotul FS 620 takka on nopea ja helppo asentaa, ja pinta voidaan maalata mihin tahansa v\u00e4riin sopivaksi sisustukseen.\" \/>\n<meta name=\"robots\" content=\"index, follow, max-snippet:-1, max-image-preview:large, max-video-preview:-1\" \/>\n<link rel=\"canonical\" href=\"https:\/\/kodukolle.ee\/fi\/tuote\/elementtitakka-jotul-fs-620\/\" \/>\n<meta property=\"og:locale\" content=\"fi_FI\" \/>\n<meta property=\"og:type\" content=\"article\" \/>\n<meta property=\"og:title\" content=\"Elementtitakka JOTUL FS 620 - Kodukolle\" \/>\n<meta property=\"og:description\" content=\"Jotul FS 620 takka on nopea ja helppo asentaa, ja pinta voidaan maalata mihin tahansa v\u00e4riin sopivaksi sisustukseen.\" \/>\n<meta property=\"og:url\" content=\"https:\/\/kodukolle.ee\/fi\/tuote\/elementtitakka-jotul-fs-620\/\" \/>\n<meta property=\"og:site_name\" content=\"Kodukolle\" \/>\n<meta property=\"article:modified_time\" content=\"2024-03-07T09:33:06+00:00\" \/>\n<meta property=\"og:image\" content=\"https:\/\/kodukolle.ee\/wp-content\/uploads\/2020\/03\/Jotul-FS-620-int-1-1024x840.jpg\" \/>\n\t<meta property=\"og:image:width\" content=\"1024\" \/>\n\t<meta property=\"og:image:height\" content=\"840\" \/>\n\t<meta property=\"og:image:type\" content=\"image\/jpeg\" \/>\n<meta name=\"twitter:card\" content=\"summary_large_image\" \/>\n<meta name=\"twitter:label1\" content=\"Est. reading time\" \/>\n\t<meta name=\"twitter:data1\" content=\"1 minuutti\" \/>\n<script type=\"application\/ld+json\" class=\"yoast-schema-graph\">{\"@context\":\"https:\\\/\\\/schema.org\",\"@graph\":[{\"@type\":\"WebPage\",\"@id\":\"https:\\\/\\\/kodukolle.ee\\\/fi\\\/tuote\\\/elementtitakka-jotul-fs-620\\\/\",\"url\":\"https:\\\/\\\/kodukolle.ee\\\/fi\\\/tuote\\\/elementtitakka-jotul-fs-620\\\/\",\"name\":\"Elementtitakka JOTUL FS 620 - Kodukolle\",\"isPartOf\":{\"@id\":\"https:\\\/\\\/kodukolle.ee\\\/en\\\/#website\"},\"primaryImageOfPage\":{\"@id\":\"https:\\\/\\\/kodukolle.ee\\\/fi\\\/tuote\\\/elementtitakka-jotul-fs-620\\\/#primaryimage\"},\"image\":{\"@id\":\"https:\\\/\\\/kodukolle.ee\\\/fi\\\/tuote\\\/elementtitakka-jotul-fs-620\\\/#primaryimage\"},\"thumbnailUrl\":\"https:\\\/\\\/kodukolle.ee\\\/wp-content\\\/uploads\\\/2020\\\/03\\\/Jotul-FS-620-int-1.jpg\",\"datePublished\":\"2020-03-05T10:32:42+00:00\",\"dateModified\":\"2024-03-07T09:33:06+00:00\",\"description\":\"Jotul FS 620 takka on nopea ja helppo asentaa, ja pinta voidaan maalata mihin tahansa v\u00e4riin sopivaksi sisustukseen.\",\"breadcrumb\":{\"@id\":\"https:\\\/\\\/kodukolle.ee\\\/fi\\\/tuote\\\/elementtitakka-jotul-fs-620\\\/#breadcrumb\"},\"inLanguage\":\"fi\",\"potentialAction\":[{\"@type\":\"ReadAction\",\"target\":[\"https:\\\/\\\/kodukolle.ee\\\/fi\\\/tuote\\\/elementtitakka-jotul-fs-620\\\/\"]}]},{\"@type\":\"ImageObject\",\"inLanguage\":\"fi\",\"@id\":\"https:\\\/\\\/kodukolle.ee\\\/fi\\\/tuote\\\/elementtitakka-jotul-fs-620\\\/#primaryimage\",\"url\":\"https:\\\/\\\/kodukolle.ee\\\/wp-content\\\/uploads\\\/2020\\\/03\\\/Jotul-FS-620-int-1.jpg\",\"contentUrl\":\"https:\\\/\\\/kodukolle.ee\\\/wp-content\\\/uploads\\\/2020\\\/03\\\/Jotul-FS-620-int-1.jpg\",\"width\":2150,\"height\":1764,\"caption\":\"ProEXR File Description =Attributes= cameraAperture (float): 45.000000 cameraFNumber (float): 8.000000 cameraFarClip (float): 29480.759766 cameraFarRange (float): 1000.000000 cameraFocalLength (float): 30.000002 cameraFov (float): 73.438927 cameraNearClip (float): 2245.588379 cameraNearRange (float): 0.000000 cameraProjection (int): 0 cameraTargetDistance (float): 5494.204590 cameraTransform (m44f) channels (chlist) compression (compression): Zip16 dataWindow (box2i): [0, 0, 4999, 3499] displayWindow (box2i): [0, 0, 4999, 3499] lineOrder (lineOrder): Increasing Y pixelAspectRatio (float): 1.000000 screenWindowCenter (v2f): [0.000000, 0.000000] screenWindowWidth (float): 1.000000 =Channels= A (half) AO.B (half) AO.G (half) AO.R (half) B (half) G (half) MM_1-3.B (half) MM_1-3.G (half) MM_1-3.R (half) MM_4-6.B (half) MM_4-6.G (half) MM_4-6.R (half) MM_7-9.B (half) MM_7-9.G (half) MM_7-9.R (half) R (half) Reflection.B (half) Reflection.G (half) Reflection.R (half) WireColor.B (half) WireColor.G (half) WireColor.R (half)\"},{\"@type\":\"BreadcrumbList\",\"@id\":\"https:\\\/\\\/kodukolle.ee\\\/fi\\\/tuote\\\/elementtitakka-jotul-fs-620\\\/#breadcrumb\",\"itemListElement\":[{\"@type\":\"ListItem\",\"position\":1,\"name\":\"Home\",\"item\":\"https:\\\/\\\/kodukolle.ee\\\/fi\\\/\"},{\"@type\":\"ListItem\",\"position\":2,\"name\":\"Tuotteet\",\"item\":\"https:\\\/\\\/kodukolle.ee\\\/fi\\\/tuotteet\\\/\"},{\"@type\":\"ListItem\",\"position\":3,\"name\":\"Elementtitakka JOTUL FS 620\"}]},{\"@type\":\"WebSite\",\"@id\":\"https:\\\/\\\/kodukolle.ee\\\/en\\\/#website\",\"url\":\"https:\\\/\\\/kodukolle.ee\\\/en\\\/\",\"name\":\"Kodukolle\",\"description\":\"\",\"publisher\":{\"@id\":\"https:\\\/\\\/kodukolle.ee\\\/en\\\/#organization\"},\"potentialAction\":[{\"@type\":\"SearchAction\",\"target\":{\"@type\":\"EntryPoint\",\"urlTemplate\":\"https:\\\/\\\/kodukolle.ee\\\/en\\\/?s={search_term_string}\"},\"query-input\":{\"@type\":\"PropertyValueSpecification\",\"valueRequired\":true,\"valueName\":\"search_term_string\"}}],\"inLanguage\":\"fi\"},{\"@type\":\"Organization\",\"@id\":\"https:\\\/\\\/kodukolle.ee\\\/en\\\/#organization\",\"name\":\"Kodukolle\",\"url\":\"https:\\\/\\\/kodukolle.ee\\\/en\\\/\",\"logo\":{\"@type\":\"ImageObject\",\"inLanguage\":\"fi\",\"@id\":\"https:\\\/\\\/kodukolle.ee\\\/en\\\/#\\\/schema\\\/logo\\\/image\\\/\",\"url\":\"https:\\\/\\\/kodukolle.ee\\\/wp-content\\\/uploads\\\/2025\\\/06\\\/logo_must_gradient.svg\",\"contentUrl\":\"https:\\\/\\\/kodukolle.ee\\\/wp-content\\\/uploads\\\/2025\\\/06\\\/logo_must_gradient.svg\",\"caption\":\"Kodukolle\"},\"image\":{\"@id\":\"https:\\\/\\\/kodukolle.ee\\\/en\\\/#\\\/schema\\\/logo\\\/image\\\/\"}}]}<\/script>\n<!-- \/ Yoast SEO plugin. -->","yoast_head_json":{"title":"Elementtitakka JOTUL FS 620 - Kodukolle","description":"Jotul FS 620 takka on nopea ja helppo asentaa, ja pinta voidaan maalata mihin tahansa v\u00e4riin sopivaksi sisustukseen.","robots":{"index":"index","follow":"follow","max-snippet":"max-snippet:-1","max-image-preview":"max-image-preview:large","max-video-preview":"max-video-preview:-1"},"canonical":"https:\/\/kodukolle.ee\/fi\/tuote\/elementtitakka-jotul-fs-620\/","og_locale":"fi_FI","og_type":"article","og_title":"Elementtitakka JOTUL FS 620 - Kodukolle","og_description":"Jotul FS 620 takka on nopea ja helppo asentaa, ja pinta voidaan maalata mihin tahansa v\u00e4riin sopivaksi sisustukseen.","og_url":"https:\/\/kodukolle.ee\/fi\/tuote\/elementtitakka-jotul-fs-620\/","og_site_name":"Kodukolle","article_modified_time":"2024-03-07T09:33:06+00:00","og_image":[{"width":1024,"height":840,"url":"https:\/\/kodukolle.ee\/wp-content\/uploads\/2020\/03\/Jotul-FS-620-int-1-1024x840.jpg","type":"image\/jpeg"}],"twitter_card":"summary_large_image","twitter_misc":{"Est. reading time":"1 minuutti"},"schema":{"@context":"https:\/\/schema.org","@graph":[{"@type":"WebPage","@id":"https:\/\/kodukolle.ee\/fi\/tuote\/elementtitakka-jotul-fs-620\/","url":"https:\/\/kodukolle.ee\/fi\/tuote\/elementtitakka-jotul-fs-620\/","name":"Elementtitakka JOTUL FS 620 - Kodukolle","isPartOf":{"@id":"https:\/\/kodukolle.ee\/en\/#website"},"primaryImageOfPage":{"@id":"https:\/\/kodukolle.ee\/fi\/tuote\/elementtitakka-jotul-fs-620\/#primaryimage"},"image":{"@id":"https:\/\/kodukolle.ee\/fi\/tuote\/elementtitakka-jotul-fs-620\/#primaryimage"},"thumbnailUrl":"https:\/\/kodukolle.ee\/wp-content\/uploads\/2020\/03\/Jotul-FS-620-int-1.jpg","datePublished":"2020-03-05T10:32:42+00:00","dateModified":"2024-03-07T09:33:06+00:00","description":"Jotul FS 620 takka on nopea ja helppo asentaa, ja pinta voidaan maalata mihin tahansa v\u00e4riin sopivaksi sisustukseen.","breadcrumb":{"@id":"https:\/\/kodukolle.ee\/fi\/tuote\/elementtitakka-jotul-fs-620\/#breadcrumb"},"inLanguage":"fi","potentialAction":[{"@type":"ReadAction","target":["https:\/\/kodukolle.ee\/fi\/tuote\/elementtitakka-jotul-fs-620\/"]}]},{"@type":"ImageObject","inLanguage":"fi","@id":"https:\/\/kodukolle.ee\/fi\/tuote\/elementtitakka-jotul-fs-620\/#primaryimage","url":"https:\/\/kodukolle.ee\/wp-content\/uploads\/2020\/03\/Jotul-FS-620-int-1.jpg","contentUrl":"https:\/\/kodukolle.ee\/wp-content\/uploads\/2020\/03\/Jotul-FS-620-int-1.jpg","width":2150,"height":1764,"caption":"ProEXR File Description =Attributes= cameraAperture (float): 45.000000 cameraFNumber (float): 8.000000 cameraFarClip (float): 29480.759766 cameraFarRange (float): 1000.000000 cameraFocalLength (float): 30.000002 cameraFov (float): 73.438927 cameraNearClip (float): 2245.588379 cameraNearRange (float): 0.000000 cameraProjection (int): 0 cameraTargetDistance (float): 5494.204590 cameraTransform (m44f) channels (chlist) compression (compression): Zip16 dataWindow (box2i): [0, 0, 4999, 3499] displayWindow (box2i): [0, 0, 4999, 3499] lineOrder (lineOrder): Increasing Y pixelAspectRatio (float): 1.000000 screenWindowCenter (v2f): [0.000000, 0.000000] screenWindowWidth (float): 1.000000 =Channels= A (half) AO.B (half) AO.G (half) AO.R (half) B (half) G (half) MM_1-3.B (half) MM_1-3.G (half) MM_1-3.R (half) MM_4-6.B (half) MM_4-6.G (half) MM_4-6.R (half) MM_7-9.B (half) MM_7-9.G (half) MM_7-9.R (half) R (half) Reflection.B (half) Reflection.G (half) Reflection.R (half) WireColor.B (half) WireColor.G (half) WireColor.R (half)"},{"@type":"BreadcrumbList","@id":"https:\/\/kodukolle.ee\/fi\/tuote\/elementtitakka-jotul-fs-620\/#breadcrumb","itemListElement":[{"@type":"ListItem","position":1,"name":"Home","item":"https:\/\/kodukolle.ee\/fi\/"},{"@type":"ListItem","position":2,"name":"Tuotteet","item":"https:\/\/kodukolle.ee\/fi\/tuotteet\/"},{"@type":"ListItem","position":3,"name":"Elementtitakka JOTUL FS 620"}]},{"@type":"WebSite","@id":"https:\/\/kodukolle.ee\/en\/#website","url":"https:\/\/kodukolle.ee\/en\/","name":"Kodukolle","description":"","publisher":{"@id":"https:\/\/kodukolle.ee\/en\/#organization"},"potentialAction":[{"@type":"SearchAction","target":{"@type":"EntryPoint","urlTemplate":"https:\/\/kodukolle.ee\/en\/?s={search_term_string}"},"query-input":{"@type":"PropertyValueSpecification","valueRequired":true,"valueName":"search_term_string"}}],"inLanguage":"fi"},{"@type":"Organization","@id":"https:\/\/kodukolle.ee\/en\/#organization","name":"Kodukolle","url":"https:\/\/kodukolle.ee\/en\/","logo":{"@type":"ImageObject","inLanguage":"fi","@id":"https:\/\/kodukolle.ee\/en\/#\/schema\/logo\/image\/","url":"https:\/\/kodukolle.ee\/wp-content\/uploads\/2025\/06\/logo_must_gradient.svg","contentUrl":"https:\/\/kodukolle.ee\/wp-content\/uploads\/2025\/06\/logo_must_gradient.svg","caption":"Kodukolle"},"image":{"@id":"https:\/\/kodukolle.ee\/en\/#\/schema\/logo\/image\/"}}]}},"_links":{"self":[{"href":"https:\/\/kodukolle.ee\/fi\/wp-json\/wp\/v2\/product\/27165","targetHints":{"allow":["GET"]}}],"collection":[{"href":"https:\/\/kodukolle.ee\/fi\/wp-json\/wp\/v2\/product"}],"about":[{"href":"https:\/\/kodukolle.ee\/fi\/wp-json\/wp\/v2\/types\/product"}],"wp:featuredmedia":[{"embeddable":true,"href":"https:\/\/kodukolle.ee\/fi\/wp-json\/wp\/v2\/media\/18668"}],"wp:attachment":[{"href":"https:\/\/kodukolle.ee\/fi\/wp-json\/wp\/v2\/media?parent=27165"}],"wp:term":[{"taxonomy":"product_brand","embeddable":true,"href":"https:\/\/kodukolle.ee\/fi\/wp-json\/wp\/v2\/product_brand?post=27165"},{"taxonomy":"product_cat","embeddable":true,"href":"https:\/\/kodukolle.ee\/fi\/wp-json\/wp\/v2\/product_cat?post=27165"},{"taxonomy":"product_tag","embeddable":true,"href":"https:\/\/kodukolle.ee\/fi\/wp-json\/wp\/v2\/product_tag?post=27165"}],"curies":[{"name":"wp","href":"https:\/\/api.w.org\/{rel}","templated":true}]}}