{"id":27176,"date":"2019-07-29T11:47:26","date_gmt":"2019-07-29T08:47:26","guid":{"rendered":"https:\/\/kodukolle.ee\/?post_type=product&#038;p=27176"},"modified":"2024-01-30T13:35:16","modified_gmt":"2024-01-30T11:35:16","slug":"valurautatakka-jotul-f-363-v2-advance","status":"publish","type":"product","link":"https:\/\/kodukolle.ee\/fi\/tuote\/valurautatakka-jotul-f-363-v2-advance\/","title":{"rendered":"Valurautatakka JOTUL F 363 V2 ADVANCE"},"content":{"rendered":"<p>Jotul F 363 V2 Advance -takka on yksinkertainen ja kompakti muotoilu, joten se on t\u00e4ydellinen lis\u00e4 jokaiseen olohuoneeseen. Sen toimiva moderni takkatyyli sulautuu saumattomasti yhteen, ja lis\u00e4tty jalusta tuo ylim\u00e4\u00e4r\u00e4isen ripauksen eleganssia. Polttokammiossa on kevyet ja kest\u00e4v\u00e4t sein\u00e4t, ja tilava lasiovi mahdollistaa esteett\u00f6m\u00e4n n\u00e4kym\u00e4n lumoaviin liekkeihin. Huomionarvoista on sen alhainen polttoaineenkulutus, joka varmistaa taloudellisen ja ymp\u00e4rist\u00f6yst\u00e4v\u00e4llisen palamisprosessin ja pit\u00e4\u00e4 lasin puhtaana. K\u00e4ytt\u00f6mukavuuden lis\u00e4\u00e4miseksi Jotul F 363 -takka voidaan asentaa k\u00e4\u00e4nt\u00f6levylle, joka tarjoaa 360 astetta k\u00e4\u00e4ntyv\u00e4n ja optimaaliset katselukulmat. T\u00e4m\u00e4 tarkoittaa, ett\u00e4 voit nauttia tulen l\u00e4mm\u00f6st\u00e4 ja kauneudesta mist\u00e4 tahansa huoneen kulmasta.<\/p>\n<ul>\n<li>Toimiva moderni muotoilu<\/li>\n<li>Upea n\u00e4kym\u00e4 tulelle<\/li>\n<li>Tyylik\u00e4s jalusta<\/li>\n<li>Clean burn j\u00e4rjestelm\u00e4<\/li>\n<\/ul>\n<p><strong>Saatavana lis\u00e4varusteena<\/strong><\/p>\n<ul>\n<li>Py\u00f6riv\u00e4 k\u00e4\u00e4nt\u00f6levy<\/li>\n<\/ul>\n<p>&nbsp;<\/p>\n","protected":false},"excerpt":{"rendered":"<p>Jotul F 363 V2 Advance -takka on yksinkertainen ja kompakti muotoilu, joten se on t\u00e4ydellinen lis\u00e4 jokaiseen olohuoneeseen. Sen toimiva moderni takkatyyli sulautuu saumattomasti yhteen, ja lis\u00e4tty jalusta tuo ylim\u00e4\u00e4r\u00e4isen ripauksen eleganssia. Polttokammiossa on kevyet ja kest\u00e4v\u00e4t sein\u00e4t, ja tilava lasiovi mahdollistaa esteett\u00f6m\u00e4n n\u00e4kym\u00e4n lumoaviin liekkeihin. Huomionarvoista on sen alhainen polttoaineenkulutus, joka varmistaa taloudellisen ja ymp\u00e4rist\u00f6yst\u00e4v\u00e4llisen palamisprosessin ja pit\u00e4\u00e4 lasin puhtaana.<\/p>\n","protected":false},"featured_media":19567,"template":"","meta":{"_acf_changed":false},"product_brand":[],"product_cat":[9620],"product_tag":[],"class_list":{"0":"post-27176","1":"product","2":"type-product","3":"status-publish","4":"has-post-thumbnail","6":"brands-jotul-fi","7":"product_cat-takat","9":"first","10":"instock","11":"shipping-taxable","12":"purchasable","13":"product-type-simple"},"acf":[],"yoast_head":"<!-- This site is optimized with the Yoast SEO plugin v27.2 - https:\/\/yoast.com\/product\/yoast-seo-wordpress\/ -->\n<title>Valurautatakka JOTUL F 363 V2 ADVANCE - Kodukolle<\/title>\n<meta name=\"description\" content=\"Jotul F 363 V2 Advance -takka on yksinkertainen ja kompakti muotoilu, joten se on t\u00e4ydellinen lis\u00e4 jokaiseen olohuoneeseen.\" \/>\n<meta name=\"robots\" content=\"index, follow, max-snippet:-1, max-image-preview:large, max-video-preview:-1\" \/>\n<link rel=\"canonical\" href=\"https:\/\/kodukolle.ee\/fi\/tuote\/valurautatakka-jotul-f-363-v2-advance\/\" \/>\n<meta property=\"og:locale\" content=\"fi_FI\" \/>\n<meta property=\"og:type\" content=\"article\" \/>\n<meta property=\"og:title\" content=\"Valurautatakka JOTUL F 363 V2 ADVANCE - Kodukolle\" \/>\n<meta property=\"og:description\" content=\"Jotul F 363 V2 Advance -takka on yksinkertainen ja kompakti muotoilu, joten se on t\u00e4ydellinen lis\u00e4 jokaiseen olohuoneeseen.\" \/>\n<meta property=\"og:url\" content=\"https:\/\/kodukolle.ee\/fi\/tuote\/valurautatakka-jotul-f-363-v2-advance\/\" \/>\n<meta property=\"og:site_name\" content=\"Kodukolle\" \/>\n<meta property=\"article:modified_time\" content=\"2024-01-30T11:35:16+00:00\" \/>\n<meta property=\"og:image\" content=\"https:\/\/kodukolle.ee\/wp-content\/uploads\/2019\/07\/Jotul-F-363-Advance-int-1-1024x873.jpg\" \/>\n\t<meta property=\"og:image:width\" content=\"1024\" \/>\n\t<meta property=\"og:image:height\" content=\"873\" \/>\n\t<meta property=\"og:image:type\" content=\"image\/jpeg\" \/>\n<meta name=\"twitter:card\" content=\"summary_large_image\" \/>\n<meta name=\"twitter:label1\" content=\"Est. reading time\" \/>\n\t<meta name=\"twitter:data1\" content=\"1 minuutti\" \/>\n<script type=\"application\/ld+json\" class=\"yoast-schema-graph\">{\"@context\":\"https:\/\/schema.org\",\"@graph\":[{\"@type\":\"WebPage\",\"@id\":\"https:\/\/kodukolle.ee\/fi\/tuote\/valurautatakka-jotul-f-363-v2-advance\/\",\"url\":\"https:\/\/kodukolle.ee\/fi\/tuote\/valurautatakka-jotul-f-363-v2-advance\/\",\"name\":\"Valurautatakka JOTUL F 363 V2 ADVANCE - Kodukolle\",\"isPartOf\":{\"@id\":\"https:\/\/kodukolle.ee\/en\/#website\"},\"primaryImageOfPage\":{\"@id\":\"https:\/\/kodukolle.ee\/fi\/tuote\/valurautatakka-jotul-f-363-v2-advance\/#primaryimage\"},\"image\":{\"@id\":\"https:\/\/kodukolle.ee\/fi\/tuote\/valurautatakka-jotul-f-363-v2-advance\/#primaryimage\"},\"thumbnailUrl\":\"https:\/\/kodukolle.ee\/wp-content\/uploads\/2019\/07\/Jotul-F-363-Advance-int-1.jpg\",\"datePublished\":\"2019-07-29T08:47:26+00:00\",\"dateModified\":\"2024-01-30T11:35:16+00:00\",\"description\":\"Jotul F 363 V2 Advance -takka on yksinkertainen ja kompakti muotoilu, joten se on t\u00e4ydellinen lis\u00e4 jokaiseen olohuoneeseen.\",\"breadcrumb\":{\"@id\":\"https:\/\/kodukolle.ee\/fi\/tuote\/valurautatakka-jotul-f-363-v2-advance\/#breadcrumb\"},\"inLanguage\":\"fi\",\"potentialAction\":[{\"@type\":\"ReadAction\",\"target\":[\"https:\/\/kodukolle.ee\/fi\/tuote\/valurautatakka-jotul-f-363-v2-advance\/\"]}]},{\"@type\":\"ImageObject\",\"inLanguage\":\"fi\",\"@id\":\"https:\/\/kodukolle.ee\/fi\/tuote\/valurautatakka-jotul-f-363-v2-advance\/#primaryimage\",\"url\":\"https:\/\/kodukolle.ee\/wp-content\/uploads\/2019\/07\/Jotul-F-363-Advance-int-1.jpg\",\"contentUrl\":\"https:\/\/kodukolle.ee\/wp-content\/uploads\/2019\/07\/Jotul-F-363-Advance-int-1.jpg\",\"width\":2259,\"height\":1926,\"caption\":\"JOTUL F 363 V2 ADVANCE\"},{\"@type\":\"BreadcrumbList\",\"@id\":\"https:\/\/kodukolle.ee\/fi\/tuote\/valurautatakka-jotul-f-363-v2-advance\/#breadcrumb\",\"itemListElement\":[{\"@type\":\"ListItem\",\"position\":1,\"name\":\"Home\",\"item\":\"https:\/\/kodukolle.ee\/fi\/\"},{\"@type\":\"ListItem\",\"position\":2,\"name\":\"Tuotteet\",\"item\":\"https:\/\/kodukolle.ee\/fi\/tuotteet\/\"},{\"@type\":\"ListItem\",\"position\":3,\"name\":\"Valurautatakka JOTUL F 363 V2 ADVANCE\"}]},{\"@type\":\"WebSite\",\"@id\":\"https:\/\/kodukolle.ee\/en\/#website\",\"url\":\"https:\/\/kodukolle.ee\/en\/\",\"name\":\"Kodukolle\",\"description\":\"\",\"publisher\":{\"@id\":\"https:\/\/kodukolle.ee\/en\/#organization\"},\"potentialAction\":[{\"@type\":\"SearchAction\",\"target\":{\"@type\":\"EntryPoint\",\"urlTemplate\":\"https:\/\/kodukolle.ee\/en\/?s={search_term_string}\"},\"query-input\":{\"@type\":\"PropertyValueSpecification\",\"valueRequired\":true,\"valueName\":\"search_term_string\"}}],\"inLanguage\":\"fi\"},{\"@type\":\"Organization\",\"@id\":\"https:\/\/kodukolle.ee\/en\/#organization\",\"name\":\"Kodukolle\",\"url\":\"https:\/\/kodukolle.ee\/en\/\",\"logo\":{\"@type\":\"ImageObject\",\"inLanguage\":\"fi\",\"@id\":\"https:\/\/kodukolle.ee\/en\/#\/schema\/logo\/image\/\",\"url\":\"https:\/\/kodukolle.ee\/wp-content\/uploads\/2025\/06\/logo_must_gradient.svg\",\"contentUrl\":\"https:\/\/kodukolle.ee\/wp-content\/uploads\/2025\/06\/logo_must_gradient.svg\",\"caption\":\"Kodukolle\"},\"image\":{\"@id\":\"https:\/\/kodukolle.ee\/en\/#\/schema\/logo\/image\/\"}}]}<\/script>\n<!-- \/ Yoast SEO plugin. -->","yoast_head_json":{"title":"Valurautatakka JOTUL F 363 V2 ADVANCE - Kodukolle","description":"Jotul F 363 V2 Advance -takka on yksinkertainen ja kompakti muotoilu, joten se on t\u00e4ydellinen lis\u00e4 jokaiseen olohuoneeseen.","robots":{"index":"index","follow":"follow","max-snippet":"max-snippet:-1","max-image-preview":"max-image-preview:large","max-video-preview":"max-video-preview:-1"},"canonical":"https:\/\/kodukolle.ee\/fi\/tuote\/valurautatakka-jotul-f-363-v2-advance\/","og_locale":"fi_FI","og_type":"article","og_title":"Valurautatakka JOTUL F 363 V2 ADVANCE - Kodukolle","og_description":"Jotul F 363 V2 Advance -takka on yksinkertainen ja kompakti muotoilu, joten se on t\u00e4ydellinen lis\u00e4 jokaiseen olohuoneeseen.","og_url":"https:\/\/kodukolle.ee\/fi\/tuote\/valurautatakka-jotul-f-363-v2-advance\/","og_site_name":"Kodukolle","article_modified_time":"2024-01-30T11:35:16+00:00","og_image":[{"width":1024,"height":873,"url":"https:\/\/kodukolle.ee\/wp-content\/uploads\/2019\/07\/Jotul-F-363-Advance-int-1-1024x873.jpg","type":"image\/jpeg"}],"twitter_card":"summary_large_image","twitter_misc":{"Est. reading time":"1 minuutti"},"schema":{"@context":"https:\/\/schema.org","@graph":[{"@type":"WebPage","@id":"https:\/\/kodukolle.ee\/fi\/tuote\/valurautatakka-jotul-f-363-v2-advance\/","url":"https:\/\/kodukolle.ee\/fi\/tuote\/valurautatakka-jotul-f-363-v2-advance\/","name":"Valurautatakka JOTUL F 363 V2 ADVANCE - Kodukolle","isPartOf":{"@id":"https:\/\/kodukolle.ee\/en\/#website"},"primaryImageOfPage":{"@id":"https:\/\/kodukolle.ee\/fi\/tuote\/valurautatakka-jotul-f-363-v2-advance\/#primaryimage"},"image":{"@id":"https:\/\/kodukolle.ee\/fi\/tuote\/valurautatakka-jotul-f-363-v2-advance\/#primaryimage"},"thumbnailUrl":"https:\/\/kodukolle.ee\/wp-content\/uploads\/2019\/07\/Jotul-F-363-Advance-int-1.jpg","datePublished":"2019-07-29T08:47:26+00:00","dateModified":"2024-01-30T11:35:16+00:00","description":"Jotul F 363 V2 Advance -takka on yksinkertainen ja kompakti muotoilu, joten se on t\u00e4ydellinen lis\u00e4 jokaiseen olohuoneeseen.","breadcrumb":{"@id":"https:\/\/kodukolle.ee\/fi\/tuote\/valurautatakka-jotul-f-363-v2-advance\/#breadcrumb"},"inLanguage":"fi","potentialAction":[{"@type":"ReadAction","target":["https:\/\/kodukolle.ee\/fi\/tuote\/valurautatakka-jotul-f-363-v2-advance\/"]}]},{"@type":"ImageObject","inLanguage":"fi","@id":"https:\/\/kodukolle.ee\/fi\/tuote\/valurautatakka-jotul-f-363-v2-advance\/#primaryimage","url":"https:\/\/kodukolle.ee\/wp-content\/uploads\/2019\/07\/Jotul-F-363-Advance-int-1.jpg","contentUrl":"https:\/\/kodukolle.ee\/wp-content\/uploads\/2019\/07\/Jotul-F-363-Advance-int-1.jpg","width":2259,"height":1926,"caption":"JOTUL F 363 V2 ADVANCE"},{"@type":"BreadcrumbList","@id":"https:\/\/kodukolle.ee\/fi\/tuote\/valurautatakka-jotul-f-363-v2-advance\/#breadcrumb","itemListElement":[{"@type":"ListItem","position":1,"name":"Home","item":"https:\/\/kodukolle.ee\/fi\/"},{"@type":"ListItem","position":2,"name":"Tuotteet","item":"https:\/\/kodukolle.ee\/fi\/tuotteet\/"},{"@type":"ListItem","position":3,"name":"Valurautatakka JOTUL F 363 V2 ADVANCE"}]},{"@type":"WebSite","@id":"https:\/\/kodukolle.ee\/en\/#website","url":"https:\/\/kodukolle.ee\/en\/","name":"Kodukolle","description":"","publisher":{"@id":"https:\/\/kodukolle.ee\/en\/#organization"},"potentialAction":[{"@type":"SearchAction","target":{"@type":"EntryPoint","urlTemplate":"https:\/\/kodukolle.ee\/en\/?s={search_term_string}"},"query-input":{"@type":"PropertyValueSpecification","valueRequired":true,"valueName":"search_term_string"}}],"inLanguage":"fi"},{"@type":"Organization","@id":"https:\/\/kodukolle.ee\/en\/#organization","name":"Kodukolle","url":"https:\/\/kodukolle.ee\/en\/","logo":{"@type":"ImageObject","inLanguage":"fi","@id":"https:\/\/kodukolle.ee\/en\/#\/schema\/logo\/image\/","url":"https:\/\/kodukolle.ee\/wp-content\/uploads\/2025\/06\/logo_must_gradient.svg","contentUrl":"https:\/\/kodukolle.ee\/wp-content\/uploads\/2025\/06\/logo_must_gradient.svg","caption":"Kodukolle"},"image":{"@id":"https:\/\/kodukolle.ee\/en\/#\/schema\/logo\/image\/"}}]}},"_links":{"self":[{"href":"https:\/\/kodukolle.ee\/fi\/wp-json\/wp\/v2\/product\/27176","targetHints":{"allow":["GET"]}}],"collection":[{"href":"https:\/\/kodukolle.ee\/fi\/wp-json\/wp\/v2\/product"}],"about":[{"href":"https:\/\/kodukolle.ee\/fi\/wp-json\/wp\/v2\/types\/product"}],"wp:featuredmedia":[{"embeddable":true,"href":"https:\/\/kodukolle.ee\/fi\/wp-json\/wp\/v2\/media\/19567"}],"wp:attachment":[{"href":"https:\/\/kodukolle.ee\/fi\/wp-json\/wp\/v2\/media?parent=27176"}],"wp:term":[{"taxonomy":"product_brand","embeddable":true,"href":"https:\/\/kodukolle.ee\/fi\/wp-json\/wp\/v2\/product_brand?post=27176"},{"taxonomy":"product_cat","embeddable":true,"href":"https:\/\/kodukolle.ee\/fi\/wp-json\/wp\/v2\/product_cat?post=27176"},{"taxonomy":"product_tag","embeddable":true,"href":"https:\/\/kodukolle.ee\/fi\/wp-json\/wp\/v2\/product_tag?post=27176"}],"curies":[{"name":"wp","href":"https:\/\/api.w.org\/{rel}","templated":true}]}}