{"id":27178,"date":"2019-07-29T08:47:27","date_gmt":"2019-07-29T05:47:27","guid":{"rendered":"https:\/\/kodukolle.ee\/?post_type=product&#038;p=27178"},"modified":"2024-01-30T11:41:35","modified_gmt":"2024-01-30T09:41:35","slug":"valurautatakka-jotul-f-400-eco","status":"publish","type":"product","link":"https:\/\/kodukolle.ee\/fi\/tuote\/valurautatakka-jotul-f-400-eco\/","title":{"rendered":"Valurautatakka JOTUL F 400 ECO"},"content":{"rendered":"<p>Jotul F 400 Eco on yksi Norjan markkinoiden suurimmista puul\u00e4mmitteisist\u00e4 takkoista, ja siihen mahtuvat 50 cm pitk\u00e4t polttopuut. T\u00e4ss\u00e4 tulisijassa on tilava irrotettava tuhkalaatikko, joka tarjoaa k\u00e4tev\u00e4n tuhkanpoiston, sek\u00e4 tuhkahylly, joka on suunniteltu ker\u00e4\u00e4m\u00e4\u00e4n tuhkaa ja kipin\u00f6it\u00e4, jotka muuten voisivat karkaa tulisijasta. Jotul F 400 tulisijassa on reilun kokoinen lasiovi, joka tarjoaa erinomaisen n\u00e4kym\u00e4n palamisprosessiin. Lis\u00e4ksi takkaa koristaa kuvio, joka esittelee vieh\u00e4tt\u00e4v\u00e4\u00e4 Norjan rannikkoa.<\/p>\n<ul>\n<li>Klassinen muotoilu norjalaisella rantaviivakuviolla<\/li>\n<li>Clean burn j\u00e4rjestelm\u00e4<\/li>\n<li>K\u00e4tev\u00e4 tuhkalaatikko ja tuhkahylly<\/li>\n<\/ul>\n<p>&nbsp;<\/p>\n","protected":false},"excerpt":{"rendered":"<p>Jotul F 400 Eco on yksi Norjan markkinoiden suurimmista puul\u00e4mmitteisist\u00e4 takkoista, ja siihen mahtuvat 50 cm pitk\u00e4t polttopuut. T\u00e4ss\u00e4 tulisijassa on tilava irrotettava tuhkalaatikko, joka tarjoaa k\u00e4tev\u00e4n tuhkanpoiston, sek\u00e4 tuhkahylly, joka on suunniteltu ker\u00e4\u00e4m\u00e4\u00e4n tuhkaa ja kipin\u00f6it\u00e4, jotka muuten voisivat karkaa tulisijasta.<\/p>\n","protected":false},"featured_media":19129,"template":"","meta":{"_acf_changed":false},"product_brand":[],"product_cat":[9620],"product_tag":[],"class_list":{"0":"post-27178","1":"product","2":"type-product","3":"status-publish","4":"has-post-thumbnail","6":"brands-jotul-fi","7":"product_cat-takat","9":"first","10":"instock","11":"shipping-taxable","12":"purchasable","13":"product-type-simple"},"acf":[],"yoast_head":"<!-- This site is optimized with the Yoast SEO plugin v27.2 - https:\/\/yoast.com\/product\/yoast-seo-wordpress\/ -->\n<title>Valurautatakka JOTUL F 400 ECO - Kodukolle<\/title>\n<meta name=\"description\" content=\"Jotul F 400 Eco on yksi Norjan markkinoiden suurimmista puul\u00e4mmitteisist\u00e4 takkoista, ja siihen mahtuvat 50 cm pitk\u00e4t polttopuut.\" \/>\n<meta name=\"robots\" content=\"index, follow, max-snippet:-1, max-image-preview:large, max-video-preview:-1\" \/>\n<link rel=\"canonical\" href=\"https:\/\/kodukolle.ee\/fi\/tuote\/valurautatakka-jotul-f-400-eco\/\" \/>\n<meta property=\"og:locale\" content=\"fi_FI\" \/>\n<meta property=\"og:type\" content=\"article\" \/>\n<meta property=\"og:title\" content=\"Valurautatakka JOTUL F 400 ECO - Kodukolle\" \/>\n<meta property=\"og:description\" content=\"Jotul F 400 Eco on yksi Norjan markkinoiden suurimmista puul\u00e4mmitteisist\u00e4 takkoista, ja siihen mahtuvat 50 cm pitk\u00e4t polttopuut.\" \/>\n<meta property=\"og:url\" content=\"https:\/\/kodukolle.ee\/fi\/tuote\/valurautatakka-jotul-f-400-eco\/\" \/>\n<meta property=\"og:site_name\" content=\"Kodukolle\" \/>\n<meta property=\"article:modified_time\" content=\"2024-01-30T09:41:35+00:00\" \/>\n<meta property=\"og:image\" content=\"https:\/\/kodukolle.ee\/wp-content\/uploads\/2019\/07\/Jotul-F-400-Eco-BP-int-3.jpg\" \/>\n\t<meta property=\"og:image:width\" content=\"1177\" \/>\n\t<meta property=\"og:image:height\" content=\"949\" \/>\n\t<meta property=\"og:image:type\" content=\"image\/jpeg\" \/>\n<meta name=\"twitter:card\" content=\"summary_large_image\" \/>\n<meta name=\"twitter:label1\" content=\"Est. reading time\" \/>\n\t<meta name=\"twitter:data1\" content=\"1 minuutti\" \/>\n<script type=\"application\/ld+json\" class=\"yoast-schema-graph\">{\"@context\":\"https:\/\/schema.org\",\"@graph\":[{\"@type\":\"WebPage\",\"@id\":\"https:\/\/kodukolle.ee\/fi\/tuote\/valurautatakka-jotul-f-400-eco\/\",\"url\":\"https:\/\/kodukolle.ee\/fi\/tuote\/valurautatakka-jotul-f-400-eco\/\",\"name\":\"Valurautatakka JOTUL F 400 ECO - Kodukolle\",\"isPartOf\":{\"@id\":\"https:\/\/kodukolle.ee\/en\/#website\"},\"primaryImageOfPage\":{\"@id\":\"https:\/\/kodukolle.ee\/fi\/tuote\/valurautatakka-jotul-f-400-eco\/#primaryimage\"},\"image\":{\"@id\":\"https:\/\/kodukolle.ee\/fi\/tuote\/valurautatakka-jotul-f-400-eco\/#primaryimage\"},\"thumbnailUrl\":\"https:\/\/kodukolle.ee\/wp-content\/uploads\/2019\/07\/Jotul-F-400-Eco-BP-int-3.jpg\",\"datePublished\":\"2019-07-29T05:47:27+00:00\",\"dateModified\":\"2024-01-30T09:41:35+00:00\",\"description\":\"Jotul F 400 Eco on yksi Norjan markkinoiden suurimmista puul\u00e4mmitteisist\u00e4 takkoista, ja siihen mahtuvat 50 cm pitk\u00e4t polttopuut.\",\"breadcrumb\":{\"@id\":\"https:\/\/kodukolle.ee\/fi\/tuote\/valurautatakka-jotul-f-400-eco\/#breadcrumb\"},\"inLanguage\":\"fi\",\"potentialAction\":[{\"@type\":\"ReadAction\",\"target\":[\"https:\/\/kodukolle.ee\/fi\/tuote\/valurautatakka-jotul-f-400-eco\/\"]}]},{\"@type\":\"ImageObject\",\"inLanguage\":\"fi\",\"@id\":\"https:\/\/kodukolle.ee\/fi\/tuote\/valurautatakka-jotul-f-400-eco\/#primaryimage\",\"url\":\"https:\/\/kodukolle.ee\/wp-content\/uploads\/2019\/07\/Jotul-F-400-Eco-BP-int-3.jpg\",\"contentUrl\":\"https:\/\/kodukolle.ee\/wp-content\/uploads\/2019\/07\/Jotul-F-400-Eco-BP-int-3.jpg\",\"width\":1177,\"height\":949,\"caption\":\"Jotul F 400 ECO\"},{\"@type\":\"BreadcrumbList\",\"@id\":\"https:\/\/kodukolle.ee\/fi\/tuote\/valurautatakka-jotul-f-400-eco\/#breadcrumb\",\"itemListElement\":[{\"@type\":\"ListItem\",\"position\":1,\"name\":\"Home\",\"item\":\"https:\/\/kodukolle.ee\/fi\/\"},{\"@type\":\"ListItem\",\"position\":2,\"name\":\"Tuotteet\",\"item\":\"https:\/\/kodukolle.ee\/fi\/tuotteet\/\"},{\"@type\":\"ListItem\",\"position\":3,\"name\":\"Valurautatakka JOTUL F 400 ECO\"}]},{\"@type\":\"WebSite\",\"@id\":\"https:\/\/kodukolle.ee\/en\/#website\",\"url\":\"https:\/\/kodukolle.ee\/en\/\",\"name\":\"Kodukolle\",\"description\":\"\",\"publisher\":{\"@id\":\"https:\/\/kodukolle.ee\/en\/#organization\"},\"potentialAction\":[{\"@type\":\"SearchAction\",\"target\":{\"@type\":\"EntryPoint\",\"urlTemplate\":\"https:\/\/kodukolle.ee\/en\/?s={search_term_string}\"},\"query-input\":{\"@type\":\"PropertyValueSpecification\",\"valueRequired\":true,\"valueName\":\"search_term_string\"}}],\"inLanguage\":\"fi\"},{\"@type\":\"Organization\",\"@id\":\"https:\/\/kodukolle.ee\/en\/#organization\",\"name\":\"Kodukolle\",\"url\":\"https:\/\/kodukolle.ee\/en\/\",\"logo\":{\"@type\":\"ImageObject\",\"inLanguage\":\"fi\",\"@id\":\"https:\/\/kodukolle.ee\/en\/#\/schema\/logo\/image\/\",\"url\":\"https:\/\/kodukolle.ee\/wp-content\/uploads\/2025\/06\/logo_must_gradient.svg\",\"contentUrl\":\"https:\/\/kodukolle.ee\/wp-content\/uploads\/2025\/06\/logo_must_gradient.svg\",\"caption\":\"Kodukolle\"},\"image\":{\"@id\":\"https:\/\/kodukolle.ee\/en\/#\/schema\/logo\/image\/\"}}]}<\/script>\n<!-- \/ Yoast SEO plugin. -->","yoast_head_json":{"title":"Valurautatakka JOTUL F 400 ECO - Kodukolle","description":"Jotul F 400 Eco on yksi Norjan markkinoiden suurimmista puul\u00e4mmitteisist\u00e4 takkoista, ja siihen mahtuvat 50 cm pitk\u00e4t polttopuut.","robots":{"index":"index","follow":"follow","max-snippet":"max-snippet:-1","max-image-preview":"max-image-preview:large","max-video-preview":"max-video-preview:-1"},"canonical":"https:\/\/kodukolle.ee\/fi\/tuote\/valurautatakka-jotul-f-400-eco\/","og_locale":"fi_FI","og_type":"article","og_title":"Valurautatakka JOTUL F 400 ECO - Kodukolle","og_description":"Jotul F 400 Eco on yksi Norjan markkinoiden suurimmista puul\u00e4mmitteisist\u00e4 takkoista, ja siihen mahtuvat 50 cm pitk\u00e4t polttopuut.","og_url":"https:\/\/kodukolle.ee\/fi\/tuote\/valurautatakka-jotul-f-400-eco\/","og_site_name":"Kodukolle","article_modified_time":"2024-01-30T09:41:35+00:00","og_image":[{"width":1177,"height":949,"url":"https:\/\/kodukolle.ee\/wp-content\/uploads\/2019\/07\/Jotul-F-400-Eco-BP-int-3.jpg","type":"image\/jpeg"}],"twitter_card":"summary_large_image","twitter_misc":{"Est. reading time":"1 minuutti"},"schema":{"@context":"https:\/\/schema.org","@graph":[{"@type":"WebPage","@id":"https:\/\/kodukolle.ee\/fi\/tuote\/valurautatakka-jotul-f-400-eco\/","url":"https:\/\/kodukolle.ee\/fi\/tuote\/valurautatakka-jotul-f-400-eco\/","name":"Valurautatakka JOTUL F 400 ECO - Kodukolle","isPartOf":{"@id":"https:\/\/kodukolle.ee\/en\/#website"},"primaryImageOfPage":{"@id":"https:\/\/kodukolle.ee\/fi\/tuote\/valurautatakka-jotul-f-400-eco\/#primaryimage"},"image":{"@id":"https:\/\/kodukolle.ee\/fi\/tuote\/valurautatakka-jotul-f-400-eco\/#primaryimage"},"thumbnailUrl":"https:\/\/kodukolle.ee\/wp-content\/uploads\/2019\/07\/Jotul-F-400-Eco-BP-int-3.jpg","datePublished":"2019-07-29T05:47:27+00:00","dateModified":"2024-01-30T09:41:35+00:00","description":"Jotul F 400 Eco on yksi Norjan markkinoiden suurimmista puul\u00e4mmitteisist\u00e4 takkoista, ja siihen mahtuvat 50 cm pitk\u00e4t polttopuut.","breadcrumb":{"@id":"https:\/\/kodukolle.ee\/fi\/tuote\/valurautatakka-jotul-f-400-eco\/#breadcrumb"},"inLanguage":"fi","potentialAction":[{"@type":"ReadAction","target":["https:\/\/kodukolle.ee\/fi\/tuote\/valurautatakka-jotul-f-400-eco\/"]}]},{"@type":"ImageObject","inLanguage":"fi","@id":"https:\/\/kodukolle.ee\/fi\/tuote\/valurautatakka-jotul-f-400-eco\/#primaryimage","url":"https:\/\/kodukolle.ee\/wp-content\/uploads\/2019\/07\/Jotul-F-400-Eco-BP-int-3.jpg","contentUrl":"https:\/\/kodukolle.ee\/wp-content\/uploads\/2019\/07\/Jotul-F-400-Eco-BP-int-3.jpg","width":1177,"height":949,"caption":"Jotul F 400 ECO"},{"@type":"BreadcrumbList","@id":"https:\/\/kodukolle.ee\/fi\/tuote\/valurautatakka-jotul-f-400-eco\/#breadcrumb","itemListElement":[{"@type":"ListItem","position":1,"name":"Home","item":"https:\/\/kodukolle.ee\/fi\/"},{"@type":"ListItem","position":2,"name":"Tuotteet","item":"https:\/\/kodukolle.ee\/fi\/tuotteet\/"},{"@type":"ListItem","position":3,"name":"Valurautatakka JOTUL F 400 ECO"}]},{"@type":"WebSite","@id":"https:\/\/kodukolle.ee\/en\/#website","url":"https:\/\/kodukolle.ee\/en\/","name":"Kodukolle","description":"","publisher":{"@id":"https:\/\/kodukolle.ee\/en\/#organization"},"potentialAction":[{"@type":"SearchAction","target":{"@type":"EntryPoint","urlTemplate":"https:\/\/kodukolle.ee\/en\/?s={search_term_string}"},"query-input":{"@type":"PropertyValueSpecification","valueRequired":true,"valueName":"search_term_string"}}],"inLanguage":"fi"},{"@type":"Organization","@id":"https:\/\/kodukolle.ee\/en\/#organization","name":"Kodukolle","url":"https:\/\/kodukolle.ee\/en\/","logo":{"@type":"ImageObject","inLanguage":"fi","@id":"https:\/\/kodukolle.ee\/en\/#\/schema\/logo\/image\/","url":"https:\/\/kodukolle.ee\/wp-content\/uploads\/2025\/06\/logo_must_gradient.svg","contentUrl":"https:\/\/kodukolle.ee\/wp-content\/uploads\/2025\/06\/logo_must_gradient.svg","caption":"Kodukolle"},"image":{"@id":"https:\/\/kodukolle.ee\/en\/#\/schema\/logo\/image\/"}}]}},"_links":{"self":[{"href":"https:\/\/kodukolle.ee\/fi\/wp-json\/wp\/v2\/product\/27178","targetHints":{"allow":["GET"]}}],"collection":[{"href":"https:\/\/kodukolle.ee\/fi\/wp-json\/wp\/v2\/product"}],"about":[{"href":"https:\/\/kodukolle.ee\/fi\/wp-json\/wp\/v2\/types\/product"}],"wp:featuredmedia":[{"embeddable":true,"href":"https:\/\/kodukolle.ee\/fi\/wp-json\/wp\/v2\/media\/19129"}],"wp:attachment":[{"href":"https:\/\/kodukolle.ee\/fi\/wp-json\/wp\/v2\/media?parent=27178"}],"wp:term":[{"taxonomy":"product_brand","embeddable":true,"href":"https:\/\/kodukolle.ee\/fi\/wp-json\/wp\/v2\/product_brand?post=27178"},{"taxonomy":"product_cat","embeddable":true,"href":"https:\/\/kodukolle.ee\/fi\/wp-json\/wp\/v2\/product_cat?post=27178"},{"taxonomy":"product_tag","embeddable":true,"href":"https:\/\/kodukolle.ee\/fi\/wp-json\/wp\/v2\/product_tag?post=27178"}],"curies":[{"name":"wp","href":"https:\/\/api.w.org\/{rel}","templated":true}]}}