{"id":27184,"date":"2019-07-29T08:47:27","date_gmt":"2019-07-29T05:47:27","guid":{"rendered":"https:\/\/kodukolle.ee\/?post_type=product&#038;p=27184"},"modified":"2024-01-30T11:44:00","modified_gmt":"2024-01-30T09:44:00","slug":"valurautatakka-jotul-f-400-eco-se","status":"publish","type":"product","link":"https:\/\/kodukolle.ee\/fi\/tuote\/valurautatakka-jotul-f-400-eco-se\/","title":{"rendered":"Valurautatakka JOTUL F 400 ECO SE"},"content":{"rendered":"<p>Jotul F 400 Eco on yksi Norjan markkinoiden suurimmista puul\u00e4mmitteisist\u00e4 takkoista, ja siihen mahtuvat 50 cm pitk\u00e4t polttopuut. T\u00e4ss\u00e4 tulisijassa on tilava irrotettava tuhkalaatikko, joka tarjoaa k\u00e4tev\u00e4n tuhkanpoiston, sek\u00e4 tuhkahylly, joka on suunniteltu ker\u00e4\u00e4m\u00e4\u00e4n tuhkaa ja kipin\u00f6it\u00e4, jotka muuten voisivat karkaa tulisijasta. Jotul F 400 tulisijassa on reilun kokoinen lasiovi, joka tarjoaa erinomaisen n\u00e4kym\u00e4n palamisprosessiin. Lis\u00e4ksi takkaa koristaa kuvio, joka esittelee vieh\u00e4tt\u00e4v\u00e4\u00e4 Norjan rannikkoa.<\/p>\n<ul>\n<li>Klassinen muotoilu norjalaisella rantaviivakuviolla<\/li>\n<li>Clean burn j\u00e4rjestelm\u00e4<\/li>\n<li>K\u00e4tev\u00e4 tuhkalaatikko ja tuhkahylly<\/li>\n<li>V\u00e4rivalinta<\/li>\n<\/ul>\n<p>&nbsp;<\/p>\n","protected":false},"excerpt":{"rendered":"<p>Jotul F 400 Eco on yksi Norjan markkinoiden suurimmista puul\u00e4mmitteisist\u00e4 takkoista, ja siihen mahtuvat 50 cm pitk\u00e4t polttopuut. T\u00e4ss\u00e4 tulisijassa on tilava irrotettava tuhkalaatikko, joka tarjoaa k\u00e4tev\u00e4n tuhkanpoiston, sek\u00e4 tuhkahylly, joka on suunniteltu ker\u00e4\u00e4m\u00e4\u00e4n tuhkaa ja kipin\u00f6it\u00e4, jotka muuten voisivat karkaa tulisijasta.<\/p>\n","protected":false},"featured_media":19158,"template":"","meta":{"_acf_changed":false},"product_brand":[],"product_cat":[9620],"product_tag":[],"class_list":{"0":"post-27184","1":"product","2":"type-product","3":"status-publish","4":"has-post-thumbnail","6":"brands-jotul-fi","7":"product_cat-takat","9":"first","10":"instock","11":"shipping-taxable","12":"purchasable","13":"product-type-simple"},"acf":[],"yoast_head":"<!-- This site is optimized with the Yoast SEO plugin v27.2 - https:\/\/yoast.com\/product\/yoast-seo-wordpress\/ -->\n<title>Valurautatakka JOTUL F 400 ECO SE - Kodukolle<\/title>\n<meta name=\"description\" content=\"Jotul F 400 ECO SE tulisijassa on reilun kokoinen lasiovi, joka tarjoaa erinomaisen n\u00e4kym\u00e4n palamisprosessiin.\" \/>\n<meta name=\"robots\" content=\"index, follow, max-snippet:-1, max-image-preview:large, max-video-preview:-1\" \/>\n<link rel=\"canonical\" href=\"https:\/\/kodukolle.ee\/fi\/tuote\/valurautatakka-jotul-f-400-eco-se\/\" \/>\n<meta property=\"og:locale\" content=\"fi_FI\" \/>\n<meta property=\"og:type\" content=\"article\" \/>\n<meta property=\"og:title\" content=\"Valurautatakka JOTUL F 400 ECO SE - Kodukolle\" \/>\n<meta property=\"og:description\" content=\"Jotul F 400 ECO SE tulisijassa on reilun kokoinen lasiovi, joka tarjoaa erinomaisen n\u00e4kym\u00e4n palamisprosessiin.\" \/>\n<meta property=\"og:url\" content=\"https:\/\/kodukolle.ee\/fi\/tuote\/valurautatakka-jotul-f-400-eco-se\/\" \/>\n<meta property=\"og:site_name\" content=\"Kodukolle\" \/>\n<meta property=\"article:modified_time\" content=\"2024-01-30T09:44:00+00:00\" \/>\n<meta property=\"og:image\" content=\"https:\/\/kodukolle.ee\/wp-content\/uploads\/2019\/07\/Jotul-F-400-Eco-SE-BP-int-1.jpg\" \/>\n\t<meta property=\"og:image:width\" content=\"1522\" \/>\n\t<meta property=\"og:image:height\" content=\"1169\" \/>\n\t<meta property=\"og:image:type\" content=\"image\/jpeg\" \/>\n<meta name=\"twitter:card\" content=\"summary_large_image\" \/>\n<meta name=\"twitter:label1\" content=\"Est. reading time\" \/>\n\t<meta name=\"twitter:data1\" content=\"1 minuutti\" \/>\n<script type=\"application\/ld+json\" class=\"yoast-schema-graph\">{\"@context\":\"https:\/\/schema.org\",\"@graph\":[{\"@type\":\"WebPage\",\"@id\":\"https:\/\/kodukolle.ee\/fi\/tuote\/valurautatakka-jotul-f-400-eco-se\/\",\"url\":\"https:\/\/kodukolle.ee\/fi\/tuote\/valurautatakka-jotul-f-400-eco-se\/\",\"name\":\"Valurautatakka JOTUL F 400 ECO SE - Kodukolle\",\"isPartOf\":{\"@id\":\"https:\/\/kodukolle.ee\/en\/#website\"},\"primaryImageOfPage\":{\"@id\":\"https:\/\/kodukolle.ee\/fi\/tuote\/valurautatakka-jotul-f-400-eco-se\/#primaryimage\"},\"image\":{\"@id\":\"https:\/\/kodukolle.ee\/fi\/tuote\/valurautatakka-jotul-f-400-eco-se\/#primaryimage\"},\"thumbnailUrl\":\"https:\/\/kodukolle.ee\/wp-content\/uploads\/2019\/07\/Jotul-F-400-Eco-SE-BP-int-1.jpg\",\"datePublished\":\"2019-07-29T05:47:27+00:00\",\"dateModified\":\"2024-01-30T09:44:00+00:00\",\"description\":\"Jotul F 400 ECO SE tulisijassa on reilun kokoinen lasiovi, joka tarjoaa erinomaisen n\u00e4kym\u00e4n palamisprosessiin.\",\"breadcrumb\":{\"@id\":\"https:\/\/kodukolle.ee\/fi\/tuote\/valurautatakka-jotul-f-400-eco-se\/#breadcrumb\"},\"inLanguage\":\"fi\",\"potentialAction\":[{\"@type\":\"ReadAction\",\"target\":[\"https:\/\/kodukolle.ee\/fi\/tuote\/valurautatakka-jotul-f-400-eco-se\/\"]}]},{\"@type\":\"ImageObject\",\"inLanguage\":\"fi\",\"@id\":\"https:\/\/kodukolle.ee\/fi\/tuote\/valurautatakka-jotul-f-400-eco-se\/#primaryimage\",\"url\":\"https:\/\/kodukolle.ee\/wp-content\/uploads\/2019\/07\/Jotul-F-400-Eco-SE-BP-int-1.jpg\",\"contentUrl\":\"https:\/\/kodukolle.ee\/wp-content\/uploads\/2019\/07\/Jotul-F-400-Eco-SE-BP-int-1.jpg\",\"width\":1522,\"height\":1169,\"caption\":\"Jotul F 400 ECO SE\"},{\"@type\":\"BreadcrumbList\",\"@id\":\"https:\/\/kodukolle.ee\/fi\/tuote\/valurautatakka-jotul-f-400-eco-se\/#breadcrumb\",\"itemListElement\":[{\"@type\":\"ListItem\",\"position\":1,\"name\":\"Home\",\"item\":\"https:\/\/kodukolle.ee\/fi\/\"},{\"@type\":\"ListItem\",\"position\":2,\"name\":\"Tuotteet\",\"item\":\"https:\/\/kodukolle.ee\/fi\/tuotteet\/\"},{\"@type\":\"ListItem\",\"position\":3,\"name\":\"Valurautatakka JOTUL F 400 ECO SE\"}]},{\"@type\":\"WebSite\",\"@id\":\"https:\/\/kodukolle.ee\/en\/#website\",\"url\":\"https:\/\/kodukolle.ee\/en\/\",\"name\":\"Kodukolle\",\"description\":\"\",\"publisher\":{\"@id\":\"https:\/\/kodukolle.ee\/en\/#organization\"},\"potentialAction\":[{\"@type\":\"SearchAction\",\"target\":{\"@type\":\"EntryPoint\",\"urlTemplate\":\"https:\/\/kodukolle.ee\/en\/?s={search_term_string}\"},\"query-input\":{\"@type\":\"PropertyValueSpecification\",\"valueRequired\":true,\"valueName\":\"search_term_string\"}}],\"inLanguage\":\"fi\"},{\"@type\":\"Organization\",\"@id\":\"https:\/\/kodukolle.ee\/en\/#organization\",\"name\":\"Kodukolle\",\"url\":\"https:\/\/kodukolle.ee\/en\/\",\"logo\":{\"@type\":\"ImageObject\",\"inLanguage\":\"fi\",\"@id\":\"https:\/\/kodukolle.ee\/en\/#\/schema\/logo\/image\/\",\"url\":\"https:\/\/kodukolle.ee\/wp-content\/uploads\/2025\/06\/logo_must_gradient.svg\",\"contentUrl\":\"https:\/\/kodukolle.ee\/wp-content\/uploads\/2025\/06\/logo_must_gradient.svg\",\"caption\":\"Kodukolle\"},\"image\":{\"@id\":\"https:\/\/kodukolle.ee\/en\/#\/schema\/logo\/image\/\"}}]}<\/script>\n<!-- \/ Yoast SEO plugin. -->","yoast_head_json":{"title":"Valurautatakka JOTUL F 400 ECO SE - Kodukolle","description":"Jotul F 400 ECO SE tulisijassa on reilun kokoinen lasiovi, joka tarjoaa erinomaisen n\u00e4kym\u00e4n palamisprosessiin.","robots":{"index":"index","follow":"follow","max-snippet":"max-snippet:-1","max-image-preview":"max-image-preview:large","max-video-preview":"max-video-preview:-1"},"canonical":"https:\/\/kodukolle.ee\/fi\/tuote\/valurautatakka-jotul-f-400-eco-se\/","og_locale":"fi_FI","og_type":"article","og_title":"Valurautatakka JOTUL F 400 ECO SE - Kodukolle","og_description":"Jotul F 400 ECO SE tulisijassa on reilun kokoinen lasiovi, joka tarjoaa erinomaisen n\u00e4kym\u00e4n palamisprosessiin.","og_url":"https:\/\/kodukolle.ee\/fi\/tuote\/valurautatakka-jotul-f-400-eco-se\/","og_site_name":"Kodukolle","article_modified_time":"2024-01-30T09:44:00+00:00","og_image":[{"width":1522,"height":1169,"url":"https:\/\/kodukolle.ee\/wp-content\/uploads\/2019\/07\/Jotul-F-400-Eco-SE-BP-int-1.jpg","type":"image\/jpeg"}],"twitter_card":"summary_large_image","twitter_misc":{"Est. reading time":"1 minuutti"},"schema":{"@context":"https:\/\/schema.org","@graph":[{"@type":"WebPage","@id":"https:\/\/kodukolle.ee\/fi\/tuote\/valurautatakka-jotul-f-400-eco-se\/","url":"https:\/\/kodukolle.ee\/fi\/tuote\/valurautatakka-jotul-f-400-eco-se\/","name":"Valurautatakka JOTUL F 400 ECO SE - Kodukolle","isPartOf":{"@id":"https:\/\/kodukolle.ee\/en\/#website"},"primaryImageOfPage":{"@id":"https:\/\/kodukolle.ee\/fi\/tuote\/valurautatakka-jotul-f-400-eco-se\/#primaryimage"},"image":{"@id":"https:\/\/kodukolle.ee\/fi\/tuote\/valurautatakka-jotul-f-400-eco-se\/#primaryimage"},"thumbnailUrl":"https:\/\/kodukolle.ee\/wp-content\/uploads\/2019\/07\/Jotul-F-400-Eco-SE-BP-int-1.jpg","datePublished":"2019-07-29T05:47:27+00:00","dateModified":"2024-01-30T09:44:00+00:00","description":"Jotul F 400 ECO SE tulisijassa on reilun kokoinen lasiovi, joka tarjoaa erinomaisen n\u00e4kym\u00e4n palamisprosessiin.","breadcrumb":{"@id":"https:\/\/kodukolle.ee\/fi\/tuote\/valurautatakka-jotul-f-400-eco-se\/#breadcrumb"},"inLanguage":"fi","potentialAction":[{"@type":"ReadAction","target":["https:\/\/kodukolle.ee\/fi\/tuote\/valurautatakka-jotul-f-400-eco-se\/"]}]},{"@type":"ImageObject","inLanguage":"fi","@id":"https:\/\/kodukolle.ee\/fi\/tuote\/valurautatakka-jotul-f-400-eco-se\/#primaryimage","url":"https:\/\/kodukolle.ee\/wp-content\/uploads\/2019\/07\/Jotul-F-400-Eco-SE-BP-int-1.jpg","contentUrl":"https:\/\/kodukolle.ee\/wp-content\/uploads\/2019\/07\/Jotul-F-400-Eco-SE-BP-int-1.jpg","width":1522,"height":1169,"caption":"Jotul F 400 ECO SE"},{"@type":"BreadcrumbList","@id":"https:\/\/kodukolle.ee\/fi\/tuote\/valurautatakka-jotul-f-400-eco-se\/#breadcrumb","itemListElement":[{"@type":"ListItem","position":1,"name":"Home","item":"https:\/\/kodukolle.ee\/fi\/"},{"@type":"ListItem","position":2,"name":"Tuotteet","item":"https:\/\/kodukolle.ee\/fi\/tuotteet\/"},{"@type":"ListItem","position":3,"name":"Valurautatakka JOTUL F 400 ECO SE"}]},{"@type":"WebSite","@id":"https:\/\/kodukolle.ee\/en\/#website","url":"https:\/\/kodukolle.ee\/en\/","name":"Kodukolle","description":"","publisher":{"@id":"https:\/\/kodukolle.ee\/en\/#organization"},"potentialAction":[{"@type":"SearchAction","target":{"@type":"EntryPoint","urlTemplate":"https:\/\/kodukolle.ee\/en\/?s={search_term_string}"},"query-input":{"@type":"PropertyValueSpecification","valueRequired":true,"valueName":"search_term_string"}}],"inLanguage":"fi"},{"@type":"Organization","@id":"https:\/\/kodukolle.ee\/en\/#organization","name":"Kodukolle","url":"https:\/\/kodukolle.ee\/en\/","logo":{"@type":"ImageObject","inLanguage":"fi","@id":"https:\/\/kodukolle.ee\/en\/#\/schema\/logo\/image\/","url":"https:\/\/kodukolle.ee\/wp-content\/uploads\/2025\/06\/logo_must_gradient.svg","contentUrl":"https:\/\/kodukolle.ee\/wp-content\/uploads\/2025\/06\/logo_must_gradient.svg","caption":"Kodukolle"},"image":{"@id":"https:\/\/kodukolle.ee\/en\/#\/schema\/logo\/image\/"}}]}},"_links":{"self":[{"href":"https:\/\/kodukolle.ee\/fi\/wp-json\/wp\/v2\/product\/27184","targetHints":{"allow":["GET"]}}],"collection":[{"href":"https:\/\/kodukolle.ee\/fi\/wp-json\/wp\/v2\/product"}],"about":[{"href":"https:\/\/kodukolle.ee\/fi\/wp-json\/wp\/v2\/types\/product"}],"wp:featuredmedia":[{"embeddable":true,"href":"https:\/\/kodukolle.ee\/fi\/wp-json\/wp\/v2\/media\/19158"}],"wp:attachment":[{"href":"https:\/\/kodukolle.ee\/fi\/wp-json\/wp\/v2\/media?parent=27184"}],"wp:term":[{"taxonomy":"product_brand","embeddable":true,"href":"https:\/\/kodukolle.ee\/fi\/wp-json\/wp\/v2\/product_brand?post=27184"},{"taxonomy":"product_cat","embeddable":true,"href":"https:\/\/kodukolle.ee\/fi\/wp-json\/wp\/v2\/product_cat?post=27184"},{"taxonomy":"product_tag","embeddable":true,"href":"https:\/\/kodukolle.ee\/fi\/wp-json\/wp\/v2\/product_tag?post=27184"}],"curies":[{"name":"wp","href":"https:\/\/api.w.org\/{rel}","templated":true}]}}