{"id":27188,"date":"2019-07-29T08:47:26","date_gmt":"2019-07-29T05:47:26","guid":{"rendered":"https:\/\/kodukolle.ee\/?post_type=product&#038;p=27188"},"modified":"2024-01-30T13:46:23","modified_gmt":"2024-01-30T11:46:23","slug":"valurautatakka-jotul-f-371-v2-advance","status":"publish","type":"product","link":"https:\/\/kodukolle.ee\/fi\/tuote\/valurautatakka-jotul-f-371-v2-advance\/","title":{"rendered":"Valurautatakka JOTUL F 371 V2 ADVANCE"},"content":{"rendered":"<p>Tervetuloa tulevaisuuteen! Jotul F 371 V2 Advance, himoitun &#8221;Best of the Best&#8221; Red Dot Design Award -palkinnon voittaja ja yksi Euroopan suosituimmista tulisijoista, ilment\u00e4\u00e4 eleganttia muotoilua, jossa on selke\u00e4t linjat ja k\u00e4yt\u00e4nn\u00f6llinen s\u00e4ilytystila alareunassa. Se tarjoaa kolmipuolisen n\u00e4kym\u00e4n tuleen edistyneen Airwash-j\u00e4rjestelm\u00e4n ansiosta, joka pit\u00e4\u00e4 lasin puhtaana. Uusi ergonominen oviratkaisu ja magneettinen ovensulkumekanismi takaavat sujuvan ja vaivattoman k\u00e4ytt\u00f6kokemuksen. Lis\u00e4ksi takan alaosaan on mahdollista asentaa valurautaovi lis\u00e4varusteena. Jotul F 371 -takka on erinomainen valinta nykyaikaisiin matalaenergiataloihin, jotka on rakennettu t\u00e4m\u00e4n p\u00e4iv\u00e4n vaatimusten mukaan.<\/p>\n<ul>\n<li>Tyylik\u00e4s muotoilu<\/li>\n<li>Kolmen sivun n\u00e4kym\u00e4 tulesta<\/li>\n<li>Clean burn j\u00e4rjestelm\u00e4<\/li>\n<li>Magneettinen oven sulkemismekanismi<\/li>\n<li>Jotul 370 -sarja on saanut \u201cBest of the best\u201d Red Dot -muotoilupalkinnon<\/li>\n<\/ul>\n<p><strong>Saatavana lis\u00e4varusteena<\/strong><\/p>\n<ul>\n<li>Valurautaovi alaosaan<\/li>\n<li>Elektroninen poltonohjausj\u00e4rjestelm\u00e4<\/li>\n<\/ul>\n<p>&nbsp;<\/p>\n","protected":false},"excerpt":{"rendered":"<p>Tervetuloa tulevaisuuteen! Jotul F 371 V2 Advance, himoitun &#8221;Best of the Best&#8221; Red Dot Design Award -palkinnon voittaja ja yksi Euroopan suosituimmista tulisijoista, ilment\u00e4\u00e4 eleganttia muotoilua, jossa on selke\u00e4t linjat ja k\u00e4yt\u00e4nn\u00f6llinen s\u00e4ilytystila alareunassa. Se tarjoaa kolmipuolisen n\u00e4kym\u00e4n tuleen edistyneen Airwash-j\u00e4rjestelm\u00e4n ansiosta, joka pit\u00e4\u00e4 lasin puhtaana.<\/p>\n","protected":false},"featured_media":19643,"template":"","meta":{"_acf_changed":false},"product_brand":[],"product_cat":[9620],"product_tag":[],"class_list":{"0":"post-27188","1":"product","2":"type-product","3":"status-publish","4":"has-post-thumbnail","6":"brands-jotul-fi","7":"product_cat-takat","9":"first","10":"instock","11":"shipping-taxable","12":"purchasable","13":"product-type-simple"},"acf":[],"yoast_head":"<!-- This site is optimized with the Yoast SEO plugin v27.2 - https:\/\/yoast.com\/product\/yoast-seo-wordpress\/ -->\n<title>Valurautatakka JOTUL F 371 V2 ADVANCE - Kodukolle<\/title>\n<meta name=\"description\" content=\"Jotul F 371 -takka on erinomainen valinta nykyaikaisiin matalaenergiataloihin, jotka on rakennettu t\u00e4m\u00e4n p\u00e4iv\u00e4n vaatimusten mukaan.\" \/>\n<meta name=\"robots\" content=\"index, follow, max-snippet:-1, max-image-preview:large, max-video-preview:-1\" \/>\n<link rel=\"canonical\" href=\"https:\/\/kodukolle.ee\/fi\/tuote\/valurautatakka-jotul-f-371-v2-advance\/\" \/>\n<meta property=\"og:locale\" content=\"fi_FI\" \/>\n<meta property=\"og:type\" content=\"article\" \/>\n<meta property=\"og:title\" content=\"Valurautatakka JOTUL F 371 V2 ADVANCE - Kodukolle\" \/>\n<meta property=\"og:description\" content=\"Jotul F 371 -takka on erinomainen valinta nykyaikaisiin matalaenergiataloihin, jotka on rakennettu t\u00e4m\u00e4n p\u00e4iv\u00e4n vaatimusten mukaan.\" \/>\n<meta property=\"og:url\" content=\"https:\/\/kodukolle.ee\/fi\/tuote\/valurautatakka-jotul-f-371-v2-advance\/\" \/>\n<meta property=\"og:site_name\" content=\"Kodukolle\" \/>\n<meta property=\"article:modified_time\" content=\"2024-01-30T11:46:23+00:00\" \/>\n<meta property=\"og:image\" content=\"https:\/\/kodukolle.ee\/wp-content\/uploads\/2019\/07\/Jotul-F-371-Advance-BP-int-1-1024x816.jpg\" \/>\n\t<meta property=\"og:image:width\" content=\"1024\" \/>\n\t<meta property=\"og:image:height\" content=\"816\" \/>\n\t<meta property=\"og:image:type\" content=\"image\/jpeg\" \/>\n<meta name=\"twitter:card\" content=\"summary_large_image\" \/>\n<meta name=\"twitter:label1\" content=\"Est. reading time\" \/>\n\t<meta name=\"twitter:data1\" content=\"1 minuutti\" \/>\n<script type=\"application\/ld+json\" class=\"yoast-schema-graph\">{\"@context\":\"https:\/\/schema.org\",\"@graph\":[{\"@type\":\"WebPage\",\"@id\":\"https:\/\/kodukolle.ee\/fi\/tuote\/valurautatakka-jotul-f-371-v2-advance\/\",\"url\":\"https:\/\/kodukolle.ee\/fi\/tuote\/valurautatakka-jotul-f-371-v2-advance\/\",\"name\":\"Valurautatakka JOTUL F 371 V2 ADVANCE - Kodukolle\",\"isPartOf\":{\"@id\":\"https:\/\/kodukolle.ee\/en\/#website\"},\"primaryImageOfPage\":{\"@id\":\"https:\/\/kodukolle.ee\/fi\/tuote\/valurautatakka-jotul-f-371-v2-advance\/#primaryimage\"},\"image\":{\"@id\":\"https:\/\/kodukolle.ee\/fi\/tuote\/valurautatakka-jotul-f-371-v2-advance\/#primaryimage\"},\"thumbnailUrl\":\"https:\/\/kodukolle.ee\/wp-content\/uploads\/2019\/07\/Jotul-F-371-Advance-BP-int-1.jpg\",\"datePublished\":\"2019-07-29T05:47:26+00:00\",\"dateModified\":\"2024-01-30T11:46:23+00:00\",\"description\":\"Jotul F 371 -takka on erinomainen valinta nykyaikaisiin matalaenergiataloihin, jotka on rakennettu t\u00e4m\u00e4n p\u00e4iv\u00e4n vaatimusten mukaan.\",\"breadcrumb\":{\"@id\":\"https:\/\/kodukolle.ee\/fi\/tuote\/valurautatakka-jotul-f-371-v2-advance\/#breadcrumb\"},\"inLanguage\":\"fi\",\"potentialAction\":[{\"@type\":\"ReadAction\",\"target\":[\"https:\/\/kodukolle.ee\/fi\/tuote\/valurautatakka-jotul-f-371-v2-advance\/\"]}]},{\"@type\":\"ImageObject\",\"inLanguage\":\"fi\",\"@id\":\"https:\/\/kodukolle.ee\/fi\/tuote\/valurautatakka-jotul-f-371-v2-advance\/#primaryimage\",\"url\":\"https:\/\/kodukolle.ee\/wp-content\/uploads\/2019\/07\/Jotul-F-371-Advance-BP-int-1.jpg\",\"contentUrl\":\"https:\/\/kodukolle.ee\/wp-content\/uploads\/2019\/07\/Jotul-F-371-Advance-BP-int-1.jpg\",\"width\":2375,\"height\":1892,\"caption\":\"Jotul F 371 V2 Advance\"},{\"@type\":\"BreadcrumbList\",\"@id\":\"https:\/\/kodukolle.ee\/fi\/tuote\/valurautatakka-jotul-f-371-v2-advance\/#breadcrumb\",\"itemListElement\":[{\"@type\":\"ListItem\",\"position\":1,\"name\":\"Home\",\"item\":\"https:\/\/kodukolle.ee\/fi\/\"},{\"@type\":\"ListItem\",\"position\":2,\"name\":\"Tuotteet\",\"item\":\"https:\/\/kodukolle.ee\/fi\/tuotteet\/\"},{\"@type\":\"ListItem\",\"position\":3,\"name\":\"Valurautatakka JOTUL F 371 V2 ADVANCE\"}]},{\"@type\":\"WebSite\",\"@id\":\"https:\/\/kodukolle.ee\/en\/#website\",\"url\":\"https:\/\/kodukolle.ee\/en\/\",\"name\":\"Kodukolle\",\"description\":\"\",\"publisher\":{\"@id\":\"https:\/\/kodukolle.ee\/en\/#organization\"},\"potentialAction\":[{\"@type\":\"SearchAction\",\"target\":{\"@type\":\"EntryPoint\",\"urlTemplate\":\"https:\/\/kodukolle.ee\/en\/?s={search_term_string}\"},\"query-input\":{\"@type\":\"PropertyValueSpecification\",\"valueRequired\":true,\"valueName\":\"search_term_string\"}}],\"inLanguage\":\"fi\"},{\"@type\":\"Organization\",\"@id\":\"https:\/\/kodukolle.ee\/en\/#organization\",\"name\":\"Kodukolle\",\"url\":\"https:\/\/kodukolle.ee\/en\/\",\"logo\":{\"@type\":\"ImageObject\",\"inLanguage\":\"fi\",\"@id\":\"https:\/\/kodukolle.ee\/en\/#\/schema\/logo\/image\/\",\"url\":\"https:\/\/kodukolle.ee\/wp-content\/uploads\/2025\/06\/logo_must_gradient.svg\",\"contentUrl\":\"https:\/\/kodukolle.ee\/wp-content\/uploads\/2025\/06\/logo_must_gradient.svg\",\"caption\":\"Kodukolle\"},\"image\":{\"@id\":\"https:\/\/kodukolle.ee\/en\/#\/schema\/logo\/image\/\"}}]}<\/script>\n<!-- \/ Yoast SEO plugin. -->","yoast_head_json":{"title":"Valurautatakka JOTUL F 371 V2 ADVANCE - Kodukolle","description":"Jotul F 371 -takka on erinomainen valinta nykyaikaisiin matalaenergiataloihin, jotka on rakennettu t\u00e4m\u00e4n p\u00e4iv\u00e4n vaatimusten mukaan.","robots":{"index":"index","follow":"follow","max-snippet":"max-snippet:-1","max-image-preview":"max-image-preview:large","max-video-preview":"max-video-preview:-1"},"canonical":"https:\/\/kodukolle.ee\/fi\/tuote\/valurautatakka-jotul-f-371-v2-advance\/","og_locale":"fi_FI","og_type":"article","og_title":"Valurautatakka JOTUL F 371 V2 ADVANCE - Kodukolle","og_description":"Jotul F 371 -takka on erinomainen valinta nykyaikaisiin matalaenergiataloihin, jotka on rakennettu t\u00e4m\u00e4n p\u00e4iv\u00e4n vaatimusten mukaan.","og_url":"https:\/\/kodukolle.ee\/fi\/tuote\/valurautatakka-jotul-f-371-v2-advance\/","og_site_name":"Kodukolle","article_modified_time":"2024-01-30T11:46:23+00:00","og_image":[{"width":1024,"height":816,"url":"https:\/\/kodukolle.ee\/wp-content\/uploads\/2019\/07\/Jotul-F-371-Advance-BP-int-1-1024x816.jpg","type":"image\/jpeg"}],"twitter_card":"summary_large_image","twitter_misc":{"Est. reading time":"1 minuutti"},"schema":{"@context":"https:\/\/schema.org","@graph":[{"@type":"WebPage","@id":"https:\/\/kodukolle.ee\/fi\/tuote\/valurautatakka-jotul-f-371-v2-advance\/","url":"https:\/\/kodukolle.ee\/fi\/tuote\/valurautatakka-jotul-f-371-v2-advance\/","name":"Valurautatakka JOTUL F 371 V2 ADVANCE - Kodukolle","isPartOf":{"@id":"https:\/\/kodukolle.ee\/en\/#website"},"primaryImageOfPage":{"@id":"https:\/\/kodukolle.ee\/fi\/tuote\/valurautatakka-jotul-f-371-v2-advance\/#primaryimage"},"image":{"@id":"https:\/\/kodukolle.ee\/fi\/tuote\/valurautatakka-jotul-f-371-v2-advance\/#primaryimage"},"thumbnailUrl":"https:\/\/kodukolle.ee\/wp-content\/uploads\/2019\/07\/Jotul-F-371-Advance-BP-int-1.jpg","datePublished":"2019-07-29T05:47:26+00:00","dateModified":"2024-01-30T11:46:23+00:00","description":"Jotul F 371 -takka on erinomainen valinta nykyaikaisiin matalaenergiataloihin, jotka on rakennettu t\u00e4m\u00e4n p\u00e4iv\u00e4n vaatimusten mukaan.","breadcrumb":{"@id":"https:\/\/kodukolle.ee\/fi\/tuote\/valurautatakka-jotul-f-371-v2-advance\/#breadcrumb"},"inLanguage":"fi","potentialAction":[{"@type":"ReadAction","target":["https:\/\/kodukolle.ee\/fi\/tuote\/valurautatakka-jotul-f-371-v2-advance\/"]}]},{"@type":"ImageObject","inLanguage":"fi","@id":"https:\/\/kodukolle.ee\/fi\/tuote\/valurautatakka-jotul-f-371-v2-advance\/#primaryimage","url":"https:\/\/kodukolle.ee\/wp-content\/uploads\/2019\/07\/Jotul-F-371-Advance-BP-int-1.jpg","contentUrl":"https:\/\/kodukolle.ee\/wp-content\/uploads\/2019\/07\/Jotul-F-371-Advance-BP-int-1.jpg","width":2375,"height":1892,"caption":"Jotul F 371 V2 Advance"},{"@type":"BreadcrumbList","@id":"https:\/\/kodukolle.ee\/fi\/tuote\/valurautatakka-jotul-f-371-v2-advance\/#breadcrumb","itemListElement":[{"@type":"ListItem","position":1,"name":"Home","item":"https:\/\/kodukolle.ee\/fi\/"},{"@type":"ListItem","position":2,"name":"Tuotteet","item":"https:\/\/kodukolle.ee\/fi\/tuotteet\/"},{"@type":"ListItem","position":3,"name":"Valurautatakka JOTUL F 371 V2 ADVANCE"}]},{"@type":"WebSite","@id":"https:\/\/kodukolle.ee\/en\/#website","url":"https:\/\/kodukolle.ee\/en\/","name":"Kodukolle","description":"","publisher":{"@id":"https:\/\/kodukolle.ee\/en\/#organization"},"potentialAction":[{"@type":"SearchAction","target":{"@type":"EntryPoint","urlTemplate":"https:\/\/kodukolle.ee\/en\/?s={search_term_string}"},"query-input":{"@type":"PropertyValueSpecification","valueRequired":true,"valueName":"search_term_string"}}],"inLanguage":"fi"},{"@type":"Organization","@id":"https:\/\/kodukolle.ee\/en\/#organization","name":"Kodukolle","url":"https:\/\/kodukolle.ee\/en\/","logo":{"@type":"ImageObject","inLanguage":"fi","@id":"https:\/\/kodukolle.ee\/en\/#\/schema\/logo\/image\/","url":"https:\/\/kodukolle.ee\/wp-content\/uploads\/2025\/06\/logo_must_gradient.svg","contentUrl":"https:\/\/kodukolle.ee\/wp-content\/uploads\/2025\/06\/logo_must_gradient.svg","caption":"Kodukolle"},"image":{"@id":"https:\/\/kodukolle.ee\/en\/#\/schema\/logo\/image\/"}}]}},"_links":{"self":[{"href":"https:\/\/kodukolle.ee\/fi\/wp-json\/wp\/v2\/product\/27188","targetHints":{"allow":["GET"]}}],"collection":[{"href":"https:\/\/kodukolle.ee\/fi\/wp-json\/wp\/v2\/product"}],"about":[{"href":"https:\/\/kodukolle.ee\/fi\/wp-json\/wp\/v2\/types\/product"}],"wp:featuredmedia":[{"embeddable":true,"href":"https:\/\/kodukolle.ee\/fi\/wp-json\/wp\/v2\/media\/19643"}],"wp:attachment":[{"href":"https:\/\/kodukolle.ee\/fi\/wp-json\/wp\/v2\/media?parent=27188"}],"wp:term":[{"taxonomy":"product_brand","embeddable":true,"href":"https:\/\/kodukolle.ee\/fi\/wp-json\/wp\/v2\/product_brand?post=27188"},{"taxonomy":"product_cat","embeddable":true,"href":"https:\/\/kodukolle.ee\/fi\/wp-json\/wp\/v2\/product_cat?post=27188"},{"taxonomy":"product_tag","embeddable":true,"href":"https:\/\/kodukolle.ee\/fi\/wp-json\/wp\/v2\/product_tag?post=27188"}],"curies":[{"name":"wp","href":"https:\/\/api.w.org\/{rel}","templated":true}]}}