{"id":27194,"date":"2019-07-29T08:47:26","date_gmt":"2019-07-29T05:47:26","guid":{"rendered":"https:\/\/kodukolle.ee\/?post_type=product&#038;p=27194"},"modified":"2024-01-30T14:02:41","modified_gmt":"2024-01-30T12:02:41","slug":"valurautatakka-jotul-f-377-v2-advance-vuolukivella","status":"publish","type":"product","link":"https:\/\/kodukolle.ee\/fi\/tuote\/valurautatakka-jotul-f-377-v2-advance-vuolukivella\/","title":{"rendered":"Valurautatakka JOTUL F 377 V2 ADVANCE, vuolukivell\u00e4"},"content":{"rendered":"<p>Tervetuloa tulevaisuuteen! Jotul F 377 V2 Advance, himoitun &#8221;Best of the Best&#8221; Red Dot Design Award -palkinnon voittaja ja yksi Euroopan suosituimmista takoista, on t\u00e4\u00e4ll\u00e4. Jotul F 377:ss\u00e4 on tyylik\u00e4s muotoilu ja selke\u00e4t linjat, k\u00e4yt\u00e4nn\u00f6llinen s\u00e4ilytystila takan pohjassa ja upea vuolukivikotelo, joka varastoi tehokkaasti l\u00e4mp\u00f6\u00e4. T\u00e4m\u00e4 ainutlaatuinen takka tarjoaa panoraaman\u00e4kym\u00e4t tuleen kolmelta sivulta pit\u00e4en lasin tahrattoman puhtaana edistyneen Airwash-j\u00e4rjestelm\u00e4n ansiosta. Koe k\u00e4ytt\u00f6mukavuuden uusi taso parannetun ergonomisen oviratkaisun ja magneettisen oven sulkemismekanismin avulla, mik\u00e4 varmistaa sujuvan ja vaivattoman k\u00e4yt\u00f6n joka kerta. Valinnaisena lis\u00e4varusteena voit asentaa jopa valurautaisen oven takan alaosaan. Jotul F 377 -takka on t\u00e4ydellinen valinta nykyaikaisiin, energiatehokkaisiin koteihin, jotka on rakennettu nykyp\u00e4iv\u00e4n standardien ja vaatimusten mukaisesti. Siin\u00e4 yhdistyv\u00e4t estetiikka, toiminnallisuus ja tehokkuus, mik\u00e4 tekee siit\u00e4 erottuvan lis\u00e4yksen mihin tahansa nykyaikaiseen asuintiloihin.<\/p>\n<ul>\n<li>Tyylik\u00e4s muotoilu<\/li>\n<li>Kolmen sivun n\u00e4kym\u00e4 tulesta<\/li>\n<li>Clean burn j\u00e4rjestelm\u00e4<\/li>\n<li>Magneettinen oven sulkemismekanismi<\/li>\n<li>Jotul 370 -sarja on saanut &#8221;Best of the best&#8221; Red Dot -muotoilupalkinnon<\/li>\n<\/ul>\n<p><strong>Saatavana lis\u00e4varusteena<\/strong><\/p>\n<ul>\n<li>Valurautaovi alaosaan<\/li>\n<li>Elektroninen poltonohjausj\u00e4rjestelm\u00e4<\/li>\n<\/ul>\n<p>&nbsp;<\/p>\n","protected":false},"excerpt":{"rendered":"<p>Tervetuloa tulevaisuuteen! Jotul F 377 V2 Advance, himoitun &#8221;Best of the Best&#8221; Red Dot Design Award -palkinnon voittaja ja yksi Euroopan suosituimmista takoista, on t\u00e4\u00e4ll\u00e4. Jotul F 377:ss\u00e4 on tyylik\u00e4s muotoilu ja selke\u00e4t linjat, k\u00e4yt\u00e4nn\u00f6llinen s\u00e4ilytystila takan pohjassa ja upea vuolukivikotelo, joka varastoi tehokkaasti l\u00e4mp\u00f6\u00e4. T\u00e4m\u00e4 ainutlaatuinen takka tarjoaa panoraaman\u00e4kym\u00e4t tuleen kolmelta sivulta pit\u00e4en lasin tahrattoman puhtaana edistyneen Airwash-j\u00e4rjestelm\u00e4n ansiosta.<\/p>\n","protected":false},"featured_media":19690,"template":"","meta":{"_acf_changed":false},"product_brand":[],"product_cat":[9620],"product_tag":[],"class_list":{"0":"post-27194","1":"product","2":"type-product","3":"status-publish","4":"has-post-thumbnail","6":"brands-jotul-fi","7":"product_cat-takat","9":"first","10":"instock","11":"shipping-taxable","12":"purchasable","13":"product-type-simple"},"acf":[],"yoast_head":"<!-- This site is optimized with the Yoast SEO plugin v27.2 - https:\/\/yoast.com\/product\/yoast-seo-wordpress\/ -->\n<title>Valurautatakka JOTUL F 377 V2 ADVANCE, vuolukivell\u00e4 - Kodukolle<\/title>\n<meta name=\"description\" content=\"Jotul F 377:ss\u00e4 on tyylik\u00e4s muotoilu ja selke\u00e4t linjat, k\u00e4yt\u00e4nn\u00f6llinen s\u00e4ilytystila takan pohjassa ja upea vuolukivikotelo, joka varastoi tehokkaasti l\u00e4mp\u00f6\u00e4.\" \/>\n<meta name=\"robots\" content=\"index, follow, max-snippet:-1, max-image-preview:large, max-video-preview:-1\" \/>\n<link rel=\"canonical\" href=\"https:\/\/kodukolle.ee\/fi\/tuote\/valurautatakka-jotul-f-377-v2-advance-vuolukivella\/\" \/>\n<meta property=\"og:locale\" content=\"fi_FI\" \/>\n<meta property=\"og:type\" content=\"article\" \/>\n<meta property=\"og:title\" content=\"Valurautatakka JOTUL F 377 V2 ADVANCE, vuolukivell\u00e4 - Kodukolle\" \/>\n<meta property=\"og:description\" content=\"Jotul F 377:ss\u00e4 on tyylik\u00e4s muotoilu ja selke\u00e4t linjat, k\u00e4yt\u00e4nn\u00f6llinen s\u00e4ilytystila takan pohjassa ja upea vuolukivikotelo, joka varastoi tehokkaasti l\u00e4mp\u00f6\u00e4.\" \/>\n<meta property=\"og:url\" content=\"https:\/\/kodukolle.ee\/fi\/tuote\/valurautatakka-jotul-f-377-v2-advance-vuolukivella\/\" \/>\n<meta property=\"og:site_name\" content=\"Kodukolle\" \/>\n<meta property=\"article:modified_time\" content=\"2024-01-30T12:02:41+00:00\" \/>\n<meta property=\"og:image\" content=\"https:\/\/kodukolle.ee\/wp-content\/uploads\/2019\/07\/Jotul-F-377-Advance-BP-int-1-scaled.jpg\" \/>\n\t<meta property=\"og:image:width\" content=\"2560\" \/>\n\t<meta property=\"og:image:height\" content=\"1920\" \/>\n\t<meta property=\"og:image:type\" content=\"image\/jpeg\" \/>\n<meta name=\"twitter:card\" content=\"summary_large_image\" \/>\n<meta name=\"twitter:label1\" content=\"Est. reading time\" \/>\n\t<meta name=\"twitter:data1\" content=\"2 minuuttia\" \/>\n<script type=\"application\/ld+json\" class=\"yoast-schema-graph\">{\"@context\":\"https:\/\/schema.org\",\"@graph\":[{\"@type\":\"WebPage\",\"@id\":\"https:\/\/kodukolle.ee\/fi\/tuote\/valurautatakka-jotul-f-377-v2-advance-vuolukivella\/\",\"url\":\"https:\/\/kodukolle.ee\/fi\/tuote\/valurautatakka-jotul-f-377-v2-advance-vuolukivella\/\",\"name\":\"Valurautatakka JOTUL F 377 V2 ADVANCE, vuolukivell\u00e4 - Kodukolle\",\"isPartOf\":{\"@id\":\"https:\/\/kodukolle.ee\/en\/#website\"},\"primaryImageOfPage\":{\"@id\":\"https:\/\/kodukolle.ee\/fi\/tuote\/valurautatakka-jotul-f-377-v2-advance-vuolukivella\/#primaryimage\"},\"image\":{\"@id\":\"https:\/\/kodukolle.ee\/fi\/tuote\/valurautatakka-jotul-f-377-v2-advance-vuolukivella\/#primaryimage\"},\"thumbnailUrl\":\"https:\/\/kodukolle.ee\/wp-content\/uploads\/2019\/07\/Jotul-F-377-Advance-BP-int-1-scaled.jpg\",\"datePublished\":\"2019-07-29T05:47:26+00:00\",\"dateModified\":\"2024-01-30T12:02:41+00:00\",\"description\":\"Jotul F 377:ss\u00e4 on tyylik\u00e4s muotoilu ja selke\u00e4t linjat, k\u00e4yt\u00e4nn\u00f6llinen s\u00e4ilytystila takan pohjassa ja upea vuolukivikotelo, joka varastoi tehokkaasti l\u00e4mp\u00f6\u00e4.\",\"breadcrumb\":{\"@id\":\"https:\/\/kodukolle.ee\/fi\/tuote\/valurautatakka-jotul-f-377-v2-advance-vuolukivella\/#breadcrumb\"},\"inLanguage\":\"fi\",\"potentialAction\":[{\"@type\":\"ReadAction\",\"target\":[\"https:\/\/kodukolle.ee\/fi\/tuote\/valurautatakka-jotul-f-377-v2-advance-vuolukivella\/\"]}]},{\"@type\":\"ImageObject\",\"inLanguage\":\"fi\",\"@id\":\"https:\/\/kodukolle.ee\/fi\/tuote\/valurautatakka-jotul-f-377-v2-advance-vuolukivella\/#primaryimage\",\"url\":\"https:\/\/kodukolle.ee\/wp-content\/uploads\/2019\/07\/Jotul-F-377-Advance-BP-int-1-scaled.jpg\",\"contentUrl\":\"https:\/\/kodukolle.ee\/wp-content\/uploads\/2019\/07\/Jotul-F-377-Advance-BP-int-1-scaled.jpg\",\"width\":2560,\"height\":1920,\"caption\":\"Jotul F 377 V2 Advance\"},{\"@type\":\"BreadcrumbList\",\"@id\":\"https:\/\/kodukolle.ee\/fi\/tuote\/valurautatakka-jotul-f-377-v2-advance-vuolukivella\/#breadcrumb\",\"itemListElement\":[{\"@type\":\"ListItem\",\"position\":1,\"name\":\"Home\",\"item\":\"https:\/\/kodukolle.ee\/fi\/\"},{\"@type\":\"ListItem\",\"position\":2,\"name\":\"Tuotteet\",\"item\":\"https:\/\/kodukolle.ee\/fi\/tuotteet\/\"},{\"@type\":\"ListItem\",\"position\":3,\"name\":\"Valurautatakka JOTUL F 377 V2 ADVANCE, vuolukivell\u00e4\"}]},{\"@type\":\"WebSite\",\"@id\":\"https:\/\/kodukolle.ee\/en\/#website\",\"url\":\"https:\/\/kodukolle.ee\/en\/\",\"name\":\"Kodukolle\",\"description\":\"\",\"publisher\":{\"@id\":\"https:\/\/kodukolle.ee\/en\/#organization\"},\"potentialAction\":[{\"@type\":\"SearchAction\",\"target\":{\"@type\":\"EntryPoint\",\"urlTemplate\":\"https:\/\/kodukolle.ee\/en\/?s={search_term_string}\"},\"query-input\":{\"@type\":\"PropertyValueSpecification\",\"valueRequired\":true,\"valueName\":\"search_term_string\"}}],\"inLanguage\":\"fi\"},{\"@type\":\"Organization\",\"@id\":\"https:\/\/kodukolle.ee\/en\/#organization\",\"name\":\"Kodukolle\",\"url\":\"https:\/\/kodukolle.ee\/en\/\",\"logo\":{\"@type\":\"ImageObject\",\"inLanguage\":\"fi\",\"@id\":\"https:\/\/kodukolle.ee\/en\/#\/schema\/logo\/image\/\",\"url\":\"https:\/\/kodukolle.ee\/wp-content\/uploads\/2025\/06\/logo_must_gradient.svg\",\"contentUrl\":\"https:\/\/kodukolle.ee\/wp-content\/uploads\/2025\/06\/logo_must_gradient.svg\",\"caption\":\"Kodukolle\"},\"image\":{\"@id\":\"https:\/\/kodukolle.ee\/en\/#\/schema\/logo\/image\/\"}}]}<\/script>\n<!-- \/ Yoast SEO plugin. -->","yoast_head_json":{"title":"Valurautatakka JOTUL F 377 V2 ADVANCE, vuolukivell\u00e4 - Kodukolle","description":"Jotul F 377:ss\u00e4 on tyylik\u00e4s muotoilu ja selke\u00e4t linjat, k\u00e4yt\u00e4nn\u00f6llinen s\u00e4ilytystila takan pohjassa ja upea vuolukivikotelo, joka varastoi tehokkaasti l\u00e4mp\u00f6\u00e4.","robots":{"index":"index","follow":"follow","max-snippet":"max-snippet:-1","max-image-preview":"max-image-preview:large","max-video-preview":"max-video-preview:-1"},"canonical":"https:\/\/kodukolle.ee\/fi\/tuote\/valurautatakka-jotul-f-377-v2-advance-vuolukivella\/","og_locale":"fi_FI","og_type":"article","og_title":"Valurautatakka JOTUL F 377 V2 ADVANCE, vuolukivell\u00e4 - Kodukolle","og_description":"Jotul F 377:ss\u00e4 on tyylik\u00e4s muotoilu ja selke\u00e4t linjat, k\u00e4yt\u00e4nn\u00f6llinen s\u00e4ilytystila takan pohjassa ja upea vuolukivikotelo, joka varastoi tehokkaasti l\u00e4mp\u00f6\u00e4.","og_url":"https:\/\/kodukolle.ee\/fi\/tuote\/valurautatakka-jotul-f-377-v2-advance-vuolukivella\/","og_site_name":"Kodukolle","article_modified_time":"2024-01-30T12:02:41+00:00","og_image":[{"width":2560,"height":1920,"url":"https:\/\/kodukolle.ee\/wp-content\/uploads\/2019\/07\/Jotul-F-377-Advance-BP-int-1-scaled.jpg","type":"image\/jpeg"}],"twitter_card":"summary_large_image","twitter_misc":{"Est. reading time":"2 minuuttia"},"schema":{"@context":"https:\/\/schema.org","@graph":[{"@type":"WebPage","@id":"https:\/\/kodukolle.ee\/fi\/tuote\/valurautatakka-jotul-f-377-v2-advance-vuolukivella\/","url":"https:\/\/kodukolle.ee\/fi\/tuote\/valurautatakka-jotul-f-377-v2-advance-vuolukivella\/","name":"Valurautatakka JOTUL F 377 V2 ADVANCE, vuolukivell\u00e4 - Kodukolle","isPartOf":{"@id":"https:\/\/kodukolle.ee\/en\/#website"},"primaryImageOfPage":{"@id":"https:\/\/kodukolle.ee\/fi\/tuote\/valurautatakka-jotul-f-377-v2-advance-vuolukivella\/#primaryimage"},"image":{"@id":"https:\/\/kodukolle.ee\/fi\/tuote\/valurautatakka-jotul-f-377-v2-advance-vuolukivella\/#primaryimage"},"thumbnailUrl":"https:\/\/kodukolle.ee\/wp-content\/uploads\/2019\/07\/Jotul-F-377-Advance-BP-int-1-scaled.jpg","datePublished":"2019-07-29T05:47:26+00:00","dateModified":"2024-01-30T12:02:41+00:00","description":"Jotul F 377:ss\u00e4 on tyylik\u00e4s muotoilu ja selke\u00e4t linjat, k\u00e4yt\u00e4nn\u00f6llinen s\u00e4ilytystila takan pohjassa ja upea vuolukivikotelo, joka varastoi tehokkaasti l\u00e4mp\u00f6\u00e4.","breadcrumb":{"@id":"https:\/\/kodukolle.ee\/fi\/tuote\/valurautatakka-jotul-f-377-v2-advance-vuolukivella\/#breadcrumb"},"inLanguage":"fi","potentialAction":[{"@type":"ReadAction","target":["https:\/\/kodukolle.ee\/fi\/tuote\/valurautatakka-jotul-f-377-v2-advance-vuolukivella\/"]}]},{"@type":"ImageObject","inLanguage":"fi","@id":"https:\/\/kodukolle.ee\/fi\/tuote\/valurautatakka-jotul-f-377-v2-advance-vuolukivella\/#primaryimage","url":"https:\/\/kodukolle.ee\/wp-content\/uploads\/2019\/07\/Jotul-F-377-Advance-BP-int-1-scaled.jpg","contentUrl":"https:\/\/kodukolle.ee\/wp-content\/uploads\/2019\/07\/Jotul-F-377-Advance-BP-int-1-scaled.jpg","width":2560,"height":1920,"caption":"Jotul F 377 V2 Advance"},{"@type":"BreadcrumbList","@id":"https:\/\/kodukolle.ee\/fi\/tuote\/valurautatakka-jotul-f-377-v2-advance-vuolukivella\/#breadcrumb","itemListElement":[{"@type":"ListItem","position":1,"name":"Home","item":"https:\/\/kodukolle.ee\/fi\/"},{"@type":"ListItem","position":2,"name":"Tuotteet","item":"https:\/\/kodukolle.ee\/fi\/tuotteet\/"},{"@type":"ListItem","position":3,"name":"Valurautatakka JOTUL F 377 V2 ADVANCE, vuolukivell\u00e4"}]},{"@type":"WebSite","@id":"https:\/\/kodukolle.ee\/en\/#website","url":"https:\/\/kodukolle.ee\/en\/","name":"Kodukolle","description":"","publisher":{"@id":"https:\/\/kodukolle.ee\/en\/#organization"},"potentialAction":[{"@type":"SearchAction","target":{"@type":"EntryPoint","urlTemplate":"https:\/\/kodukolle.ee\/en\/?s={search_term_string}"},"query-input":{"@type":"PropertyValueSpecification","valueRequired":true,"valueName":"search_term_string"}}],"inLanguage":"fi"},{"@type":"Organization","@id":"https:\/\/kodukolle.ee\/en\/#organization","name":"Kodukolle","url":"https:\/\/kodukolle.ee\/en\/","logo":{"@type":"ImageObject","inLanguage":"fi","@id":"https:\/\/kodukolle.ee\/en\/#\/schema\/logo\/image\/","url":"https:\/\/kodukolle.ee\/wp-content\/uploads\/2025\/06\/logo_must_gradient.svg","contentUrl":"https:\/\/kodukolle.ee\/wp-content\/uploads\/2025\/06\/logo_must_gradient.svg","caption":"Kodukolle"},"image":{"@id":"https:\/\/kodukolle.ee\/en\/#\/schema\/logo\/image\/"}}]}},"_links":{"self":[{"href":"https:\/\/kodukolle.ee\/fi\/wp-json\/wp\/v2\/product\/27194","targetHints":{"allow":["GET"]}}],"collection":[{"href":"https:\/\/kodukolle.ee\/fi\/wp-json\/wp\/v2\/product"}],"about":[{"href":"https:\/\/kodukolle.ee\/fi\/wp-json\/wp\/v2\/types\/product"}],"wp:featuredmedia":[{"embeddable":true,"href":"https:\/\/kodukolle.ee\/fi\/wp-json\/wp\/v2\/media\/19690"}],"wp:attachment":[{"href":"https:\/\/kodukolle.ee\/fi\/wp-json\/wp\/v2\/media?parent=27194"}],"wp:term":[{"taxonomy":"product_brand","embeddable":true,"href":"https:\/\/kodukolle.ee\/fi\/wp-json\/wp\/v2\/product_brand?post=27194"},{"taxonomy":"product_cat","embeddable":true,"href":"https:\/\/kodukolle.ee\/fi\/wp-json\/wp\/v2\/product_cat?post=27194"},{"taxonomy":"product_tag","embeddable":true,"href":"https:\/\/kodukolle.ee\/fi\/wp-json\/wp\/v2\/product_tag?post=27194"}],"curies":[{"name":"wp","href":"https:\/\/api.w.org\/{rel}","templated":true}]}}