{"id":27216,"date":"2023-06-01T08:24:19","date_gmt":"2023-06-01T05:24:19","guid":{"rendered":"https:\/\/kodukolle.ee\/?post_type=product&#038;p=27216"},"modified":"2024-02-09T15:20:00","modified_gmt":"2024-02-09T13:20:00","slug":"puukiuas-skamet-ssy-210-gl","status":"publish","type":"product","link":"https:\/\/kodukolle.ee\/fi\/tuote\/puukiuas-skamet-ssy-210-gl\/","title":{"rendered":"Puukiuas SKAMET SSY-210 GL"},"content":{"rendered":"<p>Kiuas on l\u00f6ylysaunan syd\u00e4n ja jokaisen todellisen saunan yst\u00e4v\u00e4n kodin pakollinen hankinta. Virkist\u00e4v\u00e4 sauna tarjoaa t\u00e4ydellisen pakopaikan arjen huolista v\u00e4syneen ty\u00f6p\u00e4iv\u00e4n tai stressaavan ty\u00f6viikon j\u00e4lkeen. Skamet-kiukaat on suunniteltu kaikille, jotka arvostavat rentouttavaa saunael\u00e4myst\u00e4, h\u00f6yryn ottamisesta yst\u00e4vien kanssa tai parantavaa saunomista.<\/p>\n<p>Toisesta huoneesta l\u00e4mmitetty pieni py\u00f6re\u00e4verkkorunkoinen Skamet SSY-210 GL kiuas sopii mainiosti 7-12 m\u00b3 l\u00f6ylyhuoneisiin. Kiuaskivet voidaan sijoittaa koko kiukaan ymp\u00e4rille siten, ett\u00e4 kiukaan ja ymp\u00e4r\u00f6iv\u00e4n alueen v\u00e4linen et\u00e4isyys on noin 5-8 cm. Se t\u00e4ytet\u00e4\u00e4n pienemm\u00e4n fraktion kivill\u00e4. Kompaktin kokonsa ansiosta kiuas on ihanteellinen pienempiin l\u00f6ylyhuoneisiin ja tynnyrisaunoihin. Verkkorungolla varustetuilla kiukailla saunominen kest\u00e4\u00e4 tavallista pidemp\u00e4\u00e4n suuren kiuaskiven vuoksi ja l\u00f6ylyhuone l\u00e4mpenee 60-90 minuutissa. Puul\u00e4mmitteinen kiuassarja sis\u00e4lt\u00e4\u00e4 l\u00e4mm\u00f6nkest\u00e4v\u00e4n lasioven metallikahvalla ja oven aukeamista voi valita. On my\u00f6s mahdollista ostaa kiuaskivi\u00e4 ja vesis\u00e4ili\u00f6 savupiippuun kiinnitett\u00e4v\u00e4ksi ja l\u00e4mmitt\u00e4\u00e4 sen avulla vett\u00e4. Lis\u00e4ksi on mahdollista ostaa musta tai ruostumaton ter\u00e4sverhous, joka muuttaa kiukaan tyylikk\u00e4\u00e4n sisustuselementin.<\/p>\n<p>&nbsp;<\/p>\n","protected":false},"excerpt":{"rendered":"<p>Toisesta huoneesta l\u00e4mmitetty pieni py\u00f6re\u00e4verkkorunkoinen Skamet SSY-210 GL kiuas sopii mainiosti 7-12 m\u00b3 l\u00f6ylyhuoneisiin. Kiuaskivet voidaan sijoittaa koko kiukaan ymp\u00e4rille siten, ett\u00e4 kiukaan ja ymp\u00e4r\u00f6iv\u00e4n alueen v\u00e4linen et\u00e4isyys on noin 5-8 cm. Se t\u00e4ytet\u00e4\u00e4n pienemm\u00e4n fraktion kivill\u00e4. Kompaktin kokonsa ansiosta kiuas on ihanteellinen pienempiin l\u00f6ylyhuoneisiin ja tynnyrisaunoihin.<\/p>\n","protected":false},"featured_media":12151,"template":"","meta":{"_acf_changed":false},"product_brand":[],"product_cat":[9692,9723],"product_tag":[],"class_list":{"0":"post-27216","1":"product","2":"type-product","3":"status-publish","4":"has-post-thumbnail","6":"brands-skamet-fi","7":"product_cat-kiukaat-ja-grillit","8":"product_cat-ale","10":"first","11":"instock","12":"shipping-taxable","13":"purchasable","14":"product-type-simple"},"acf":[],"yoast_head":"<!-- This site is optimized with the Yoast SEO plugin v27.4 - https:\/\/yoast.com\/product\/yoast-seo-wordpress\/ -->\n<title>Puukiuas SKAMET SSY-210 GL - Kodukolle<\/title>\n<meta name=\"description\" content=\"Toisesta huoneesta l\u00e4mmitetty pieni py\u00f6re\u00e4verkkorunkoinen Skamet SSY-210 GL kiuas sopii mainiosti 7-12 m\u00b3 l\u00f6ylyhuoneisiin.\" \/>\n<meta name=\"robots\" content=\"index, follow, max-snippet:-1, max-image-preview:large, max-video-preview:-1\" \/>\n<link rel=\"canonical\" href=\"https:\/\/kodukolle.ee\/fi\/tuote\/puukiuas-skamet-ssy-210-gl\/\" \/>\n<meta property=\"og:locale\" content=\"fi_FI\" \/>\n<meta property=\"og:type\" content=\"article\" \/>\n<meta property=\"og:title\" content=\"Puukiuas SKAMET SSY-210 GL - Kodukolle\" \/>\n<meta property=\"og:description\" content=\"Toisesta huoneesta l\u00e4mmitetty pieni py\u00f6re\u00e4verkkorunkoinen Skamet SSY-210 GL kiuas sopii mainiosti 7-12 m\u00b3 l\u00f6ylyhuoneisiin.\" \/>\n<meta property=\"og:url\" content=\"https:\/\/kodukolle.ee\/fi\/tuote\/puukiuas-skamet-ssy-210-gl\/\" \/>\n<meta property=\"og:site_name\" content=\"Kodukolle\" \/>\n<meta property=\"article:modified_time\" content=\"2024-02-09T13:20:00+00:00\" \/>\n<meta property=\"og:image\" content=\"https:\/\/kodukolle.ee\/wp-content\/uploads\/2023\/06\/Skamet-SSY-210-GL.jpg\" \/>\n\t<meta property=\"og:image:width\" content=\"2560\" \/>\n\t<meta property=\"og:image:height\" content=\"2560\" \/>\n\t<meta property=\"og:image:type\" content=\"image\/jpeg\" \/>\n<meta name=\"twitter:card\" content=\"summary_large_image\" \/>\n<meta name=\"twitter:label1\" content=\"Est. reading time\" \/>\n\t<meta name=\"twitter:data1\" content=\"2 minuuttia\" \/>\n<script type=\"application\/ld+json\" class=\"yoast-schema-graph\">{\"@context\":\"https:\\\/\\\/schema.org\",\"@graph\":[{\"@type\":\"WebPage\",\"@id\":\"https:\\\/\\\/kodukolle.ee\\\/fi\\\/tuote\\\/puukiuas-skamet-ssy-210-gl\\\/\",\"url\":\"https:\\\/\\\/kodukolle.ee\\\/fi\\\/tuote\\\/puukiuas-skamet-ssy-210-gl\\\/\",\"name\":\"Puukiuas SKAMET SSY-210 GL - Kodukolle\",\"isPartOf\":{\"@id\":\"https:\\\/\\\/kodukolle.ee\\\/en\\\/#website\"},\"primaryImageOfPage\":{\"@id\":\"https:\\\/\\\/kodukolle.ee\\\/fi\\\/tuote\\\/puukiuas-skamet-ssy-210-gl\\\/#primaryimage\"},\"image\":{\"@id\":\"https:\\\/\\\/kodukolle.ee\\\/fi\\\/tuote\\\/puukiuas-skamet-ssy-210-gl\\\/#primaryimage\"},\"thumbnailUrl\":\"https:\\\/\\\/kodukolle.ee\\\/wp-content\\\/uploads\\\/2023\\\/06\\\/Skamet-SSY-210-GL.jpg\",\"datePublished\":\"2023-06-01T05:24:19+00:00\",\"dateModified\":\"2024-02-09T13:20:00+00:00\",\"description\":\"Toisesta huoneesta l\u00e4mmitetty pieni py\u00f6re\u00e4verkkorunkoinen Skamet SSY-210 GL kiuas sopii mainiosti 7-12 m\u00b3 l\u00f6ylyhuoneisiin.\",\"breadcrumb\":{\"@id\":\"https:\\\/\\\/kodukolle.ee\\\/fi\\\/tuote\\\/puukiuas-skamet-ssy-210-gl\\\/#breadcrumb\"},\"inLanguage\":\"fi\",\"potentialAction\":[{\"@type\":\"ReadAction\",\"target\":[\"https:\\\/\\\/kodukolle.ee\\\/fi\\\/tuote\\\/puukiuas-skamet-ssy-210-gl\\\/\"]}]},{\"@type\":\"ImageObject\",\"inLanguage\":\"fi\",\"@id\":\"https:\\\/\\\/kodukolle.ee\\\/fi\\\/tuote\\\/puukiuas-skamet-ssy-210-gl\\\/#primaryimage\",\"url\":\"https:\\\/\\\/kodukolle.ee\\\/wp-content\\\/uploads\\\/2023\\\/06\\\/Skamet-SSY-210-GL.jpg\",\"contentUrl\":\"https:\\\/\\\/kodukolle.ee\\\/wp-content\\\/uploads\\\/2023\\\/06\\\/Skamet-SSY-210-GL.jpg\",\"width\":2560,\"height\":2560,\"caption\":\"Skamet SSY-210-GL\"},{\"@type\":\"BreadcrumbList\",\"@id\":\"https:\\\/\\\/kodukolle.ee\\\/fi\\\/tuote\\\/puukiuas-skamet-ssy-210-gl\\\/#breadcrumb\",\"itemListElement\":[{\"@type\":\"ListItem\",\"position\":1,\"name\":\"Home\",\"item\":\"https:\\\/\\\/kodukolle.ee\\\/fi\\\/\"},{\"@type\":\"ListItem\",\"position\":2,\"name\":\"Tuotteet\",\"item\":\"https:\\\/\\\/kodukolle.ee\\\/fi\\\/tuotteet\\\/\"},{\"@type\":\"ListItem\",\"position\":3,\"name\":\"Puukiuas SKAMET SSY-210 GL\"}]},{\"@type\":\"WebSite\",\"@id\":\"https:\\\/\\\/kodukolle.ee\\\/en\\\/#website\",\"url\":\"https:\\\/\\\/kodukolle.ee\\\/en\\\/\",\"name\":\"Kodukolle\",\"description\":\"\",\"publisher\":{\"@id\":\"https:\\\/\\\/kodukolle.ee\\\/en\\\/#organization\"},\"potentialAction\":[{\"@type\":\"SearchAction\",\"target\":{\"@type\":\"EntryPoint\",\"urlTemplate\":\"https:\\\/\\\/kodukolle.ee\\\/en\\\/?s={search_term_string}\"},\"query-input\":{\"@type\":\"PropertyValueSpecification\",\"valueRequired\":true,\"valueName\":\"search_term_string\"}}],\"inLanguage\":\"fi\"},{\"@type\":\"Organization\",\"@id\":\"https:\\\/\\\/kodukolle.ee\\\/en\\\/#organization\",\"name\":\"Kodukolle\",\"url\":\"https:\\\/\\\/kodukolle.ee\\\/en\\\/\",\"logo\":{\"@type\":\"ImageObject\",\"inLanguage\":\"fi\",\"@id\":\"https:\\\/\\\/kodukolle.ee\\\/en\\\/#\\\/schema\\\/logo\\\/image\\\/\",\"url\":\"https:\\\/\\\/kodukolle.ee\\\/wp-content\\\/uploads\\\/2025\\\/06\\\/logo_must_gradient.svg\",\"contentUrl\":\"https:\\\/\\\/kodukolle.ee\\\/wp-content\\\/uploads\\\/2025\\\/06\\\/logo_must_gradient.svg\",\"caption\":\"Kodukolle\"},\"image\":{\"@id\":\"https:\\\/\\\/kodukolle.ee\\\/en\\\/#\\\/schema\\\/logo\\\/image\\\/\"}}]}<\/script>\n<!-- \/ Yoast SEO plugin. -->","yoast_head_json":{"title":"Puukiuas SKAMET SSY-210 GL - Kodukolle","description":"Toisesta huoneesta l\u00e4mmitetty pieni py\u00f6re\u00e4verkkorunkoinen Skamet SSY-210 GL kiuas sopii mainiosti 7-12 m\u00b3 l\u00f6ylyhuoneisiin.","robots":{"index":"index","follow":"follow","max-snippet":"max-snippet:-1","max-image-preview":"max-image-preview:large","max-video-preview":"max-video-preview:-1"},"canonical":"https:\/\/kodukolle.ee\/fi\/tuote\/puukiuas-skamet-ssy-210-gl\/","og_locale":"fi_FI","og_type":"article","og_title":"Puukiuas SKAMET SSY-210 GL - Kodukolle","og_description":"Toisesta huoneesta l\u00e4mmitetty pieni py\u00f6re\u00e4verkkorunkoinen Skamet SSY-210 GL kiuas sopii mainiosti 7-12 m\u00b3 l\u00f6ylyhuoneisiin.","og_url":"https:\/\/kodukolle.ee\/fi\/tuote\/puukiuas-skamet-ssy-210-gl\/","og_site_name":"Kodukolle","article_modified_time":"2024-02-09T13:20:00+00:00","og_image":[{"width":2560,"height":2560,"url":"https:\/\/kodukolle.ee\/wp-content\/uploads\/2023\/06\/Skamet-SSY-210-GL.jpg","type":"image\/jpeg"}],"twitter_card":"summary_large_image","twitter_misc":{"Est. reading time":"2 minuuttia"},"schema":{"@context":"https:\/\/schema.org","@graph":[{"@type":"WebPage","@id":"https:\/\/kodukolle.ee\/fi\/tuote\/puukiuas-skamet-ssy-210-gl\/","url":"https:\/\/kodukolle.ee\/fi\/tuote\/puukiuas-skamet-ssy-210-gl\/","name":"Puukiuas SKAMET SSY-210 GL - Kodukolle","isPartOf":{"@id":"https:\/\/kodukolle.ee\/en\/#website"},"primaryImageOfPage":{"@id":"https:\/\/kodukolle.ee\/fi\/tuote\/puukiuas-skamet-ssy-210-gl\/#primaryimage"},"image":{"@id":"https:\/\/kodukolle.ee\/fi\/tuote\/puukiuas-skamet-ssy-210-gl\/#primaryimage"},"thumbnailUrl":"https:\/\/kodukolle.ee\/wp-content\/uploads\/2023\/06\/Skamet-SSY-210-GL.jpg","datePublished":"2023-06-01T05:24:19+00:00","dateModified":"2024-02-09T13:20:00+00:00","description":"Toisesta huoneesta l\u00e4mmitetty pieni py\u00f6re\u00e4verkkorunkoinen Skamet SSY-210 GL kiuas sopii mainiosti 7-12 m\u00b3 l\u00f6ylyhuoneisiin.","breadcrumb":{"@id":"https:\/\/kodukolle.ee\/fi\/tuote\/puukiuas-skamet-ssy-210-gl\/#breadcrumb"},"inLanguage":"fi","potentialAction":[{"@type":"ReadAction","target":["https:\/\/kodukolle.ee\/fi\/tuote\/puukiuas-skamet-ssy-210-gl\/"]}]},{"@type":"ImageObject","inLanguage":"fi","@id":"https:\/\/kodukolle.ee\/fi\/tuote\/puukiuas-skamet-ssy-210-gl\/#primaryimage","url":"https:\/\/kodukolle.ee\/wp-content\/uploads\/2023\/06\/Skamet-SSY-210-GL.jpg","contentUrl":"https:\/\/kodukolle.ee\/wp-content\/uploads\/2023\/06\/Skamet-SSY-210-GL.jpg","width":2560,"height":2560,"caption":"Skamet SSY-210-GL"},{"@type":"BreadcrumbList","@id":"https:\/\/kodukolle.ee\/fi\/tuote\/puukiuas-skamet-ssy-210-gl\/#breadcrumb","itemListElement":[{"@type":"ListItem","position":1,"name":"Home","item":"https:\/\/kodukolle.ee\/fi\/"},{"@type":"ListItem","position":2,"name":"Tuotteet","item":"https:\/\/kodukolle.ee\/fi\/tuotteet\/"},{"@type":"ListItem","position":3,"name":"Puukiuas SKAMET SSY-210 GL"}]},{"@type":"WebSite","@id":"https:\/\/kodukolle.ee\/en\/#website","url":"https:\/\/kodukolle.ee\/en\/","name":"Kodukolle","description":"","publisher":{"@id":"https:\/\/kodukolle.ee\/en\/#organization"},"potentialAction":[{"@type":"SearchAction","target":{"@type":"EntryPoint","urlTemplate":"https:\/\/kodukolle.ee\/en\/?s={search_term_string}"},"query-input":{"@type":"PropertyValueSpecification","valueRequired":true,"valueName":"search_term_string"}}],"inLanguage":"fi"},{"@type":"Organization","@id":"https:\/\/kodukolle.ee\/en\/#organization","name":"Kodukolle","url":"https:\/\/kodukolle.ee\/en\/","logo":{"@type":"ImageObject","inLanguage":"fi","@id":"https:\/\/kodukolle.ee\/en\/#\/schema\/logo\/image\/","url":"https:\/\/kodukolle.ee\/wp-content\/uploads\/2025\/06\/logo_must_gradient.svg","contentUrl":"https:\/\/kodukolle.ee\/wp-content\/uploads\/2025\/06\/logo_must_gradient.svg","caption":"Kodukolle"},"image":{"@id":"https:\/\/kodukolle.ee\/en\/#\/schema\/logo\/image\/"}}]}},"_links":{"self":[{"href":"https:\/\/kodukolle.ee\/fi\/wp-json\/wp\/v2\/product\/27216","targetHints":{"allow":["GET"]}}],"collection":[{"href":"https:\/\/kodukolle.ee\/fi\/wp-json\/wp\/v2\/product"}],"about":[{"href":"https:\/\/kodukolle.ee\/fi\/wp-json\/wp\/v2\/types\/product"}],"wp:featuredmedia":[{"embeddable":true,"href":"https:\/\/kodukolle.ee\/fi\/wp-json\/wp\/v2\/media\/12151"}],"wp:attachment":[{"href":"https:\/\/kodukolle.ee\/fi\/wp-json\/wp\/v2\/media?parent=27216"}],"wp:term":[{"taxonomy":"product_brand","embeddable":true,"href":"https:\/\/kodukolle.ee\/fi\/wp-json\/wp\/v2\/product_brand?post=27216"},{"taxonomy":"product_cat","embeddable":true,"href":"https:\/\/kodukolle.ee\/fi\/wp-json\/wp\/v2\/product_cat?post=27216"},{"taxonomy":"product_tag","embeddable":true,"href":"https:\/\/kodukolle.ee\/fi\/wp-json\/wp\/v2\/product_tag?post=27216"}],"curies":[{"name":"wp","href":"https:\/\/api.w.org\/{rel}","templated":true}]}}