{"id":27347,"date":"2020-02-13T15:22:50","date_gmt":"2020-02-13T13:22:50","guid":{"rendered":"https:\/\/kodukolle.ee\/?post_type=product&#038;p=27347"},"modified":"2024-02-06T14:13:37","modified_gmt":"2024-02-06T12:13:37","slug":"puuliesi-thermorossi-klaretta-evo","status":"publish","type":"product","link":"https:\/\/kodukolle.ee\/fi\/tuote\/puuliesi-thermorossi-klaretta-evo\/","title":{"rendered":"Puuliesi Thermorossi KLARETTA EVO"},"content":{"rendered":"<p>Italiassa valmistetussa korkealaatuisessa Thermorossi Klaretta Evo -puuhellassa yhdistyv\u00e4t erinomainen l\u00e4mmitysteho, tehokkaat ruoanlaittotoiminnot ja tyylik\u00e4s muotoilu. Liesin tulisijasta avautuu kaunis n\u00e4kym\u00e4 tulelle ja kompakti uuni suorittaa ruoanlaittoteht\u00e4v\u00e4t virheett\u00f6m\u00e4sti. Ensi\u00f6- ja toisioilman ohjauslaitteet varmistavat optimaalisen palamisen. Kiillotettu valurautainen keittolevy valurautarenkailla varmistaa erinomaiset kypsennystulokset, kun taas emaloitu uuni, jonka tilavuus on 27 litraa, on varustettu l\u00e4mp\u00f6mittarilla ja uunipellill\u00e4. Uunin alaosassa on tilaa ruoan pit\u00e4miseksi l\u00e4mpim\u00e4n\u00e4. Voit s\u00e4ilytt\u00e4\u00e4 tarvikkeita k\u00e4tev\u00e4ss\u00e4 laatikossa, ja \u00e4lykk\u00e4\u00e4t jalat helpottavat hellan ymp\u00e4rill\u00e4 olevan alueen pit\u00e4mist\u00e4 puhtaana. Sarja sis\u00e4lt\u00e4\u00e4 etukaiteen, sivukaiteet saatavana lis\u00e4varusteena. Thermorossi Klaretta Evo puul\u00e4mmitteinen liesi on tyylik\u00e4s mutta k\u00e4yt\u00e4nn\u00f6llinen lis\u00e4 jokaiseen keitti\u00f6\u00f6n.<\/p>\n<p><strong>Saatavana lis\u00e4varusteena<\/strong><\/p>\n<ul>\n<li>Sivukaiteet<\/li>\n<\/ul>\n<p>&nbsp;<\/p>\n","protected":false},"excerpt":{"rendered":"<p>Italiassa valmistetussa korkealaatuisessa Thermorossi Klaretta Evo -puuhellassa yhdistyv\u00e4t erinomainen l\u00e4mmitysteho, tehokkaat ruoanlaittotoiminnot ja tyylik\u00e4s muotoilu. Liesin tulisijasta avautuu kaunis n\u00e4kym\u00e4 tulelle ja kompakti uuni suorittaa ruoanlaittoteht\u00e4v\u00e4t virheett\u00f6m\u00e4sti. Ensi\u00f6- ja toisioilman ohjauslaitteet varmistavat optimaalisen palamisen.<\/p>\n","protected":false},"featured_media":27330,"template":"","meta":{"_acf_changed":false},"product_brand":[],"product_cat":[9689],"product_tag":[],"class_list":{"0":"post-27347","1":"product","2":"type-product","3":"status-publish","4":"has-post-thumbnail","6":"brands-thermorossi-fi","7":"product_cat-puuhellat-ja-liedet","9":"first","10":"instock","11":"shipping-taxable","12":"purchasable","13":"product-type-simple"},"acf":[],"yoast_head":"<!-- This site is optimized with the Yoast SEO plugin v27.2 - https:\/\/yoast.com\/product\/yoast-seo-wordpress\/ -->\n<title>Puuliesi Thermorossi KLARETTA EVO - Kodukolle<\/title>\n<meta name=\"description\" content=\"Thermorossi Klaretta Evo -liesin tulisijasta avautuu kaunis n\u00e4kym\u00e4 tulelle ja kompakti uuni suorittaa ruoanlaittoteht\u00e4v\u00e4t virheett\u00f6m\u00e4sti.\" \/>\n<meta name=\"robots\" content=\"index, follow, max-snippet:-1, max-image-preview:large, max-video-preview:-1\" \/>\n<link rel=\"canonical\" href=\"https:\/\/kodukolle.ee\/fi\/tuote\/puuliesi-thermorossi-klaretta-evo\/\" \/>\n<meta property=\"og:locale\" content=\"fi_FI\" \/>\n<meta property=\"og:type\" content=\"article\" \/>\n<meta property=\"og:title\" content=\"Puuliesi Thermorossi KLARETTA EVO - Kodukolle\" \/>\n<meta property=\"og:description\" content=\"Thermorossi Klaretta Evo -liesin tulisijasta avautuu kaunis n\u00e4kym\u00e4 tulelle ja kompakti uuni suorittaa ruoanlaittoteht\u00e4v\u00e4t virheett\u00f6m\u00e4sti.\" \/>\n<meta property=\"og:url\" content=\"https:\/\/kodukolle.ee\/fi\/tuote\/puuliesi-thermorossi-klaretta-evo\/\" \/>\n<meta property=\"og:site_name\" content=\"Kodukolle\" \/>\n<meta property=\"article:modified_time\" content=\"2024-02-06T12:13:37+00:00\" \/>\n<meta property=\"og:image\" content=\"https:\/\/kodukolle.ee\/wp-content\/uploads\/2020\/02\/Thermorossi-Klaretta-Evo_1.jpg\" \/>\n\t<meta property=\"og:image:width\" content=\"1106\" \/>\n\t<meta property=\"og:image:height\" content=\"1053\" \/>\n\t<meta property=\"og:image:type\" content=\"image\/jpeg\" \/>\n<meta name=\"twitter:card\" content=\"summary_large_image\" \/>\n<script type=\"application\/ld+json\" class=\"yoast-schema-graph\">{\"@context\":\"https:\/\/schema.org\",\"@graph\":[{\"@type\":\"WebPage\",\"@id\":\"https:\/\/kodukolle.ee\/fi\/tuote\/puuliesi-thermorossi-klaretta-evo\/\",\"url\":\"https:\/\/kodukolle.ee\/fi\/tuote\/puuliesi-thermorossi-klaretta-evo\/\",\"name\":\"Puuliesi Thermorossi KLARETTA EVO - Kodukolle\",\"isPartOf\":{\"@id\":\"https:\/\/kodukolle.ee\/en\/#website\"},\"primaryImageOfPage\":{\"@id\":\"https:\/\/kodukolle.ee\/fi\/tuote\/puuliesi-thermorossi-klaretta-evo\/#primaryimage\"},\"image\":{\"@id\":\"https:\/\/kodukolle.ee\/fi\/tuote\/puuliesi-thermorossi-klaretta-evo\/#primaryimage\"},\"thumbnailUrl\":\"https:\/\/kodukolle.ee\/wp-content\/uploads\/2020\/02\/Thermorossi-Klaretta-Evo_1.jpg\",\"datePublished\":\"2020-02-13T13:22:50+00:00\",\"dateModified\":\"2024-02-06T12:13:37+00:00\",\"description\":\"Thermorossi Klaretta Evo -liesin tulisijasta avautuu kaunis n\u00e4kym\u00e4 tulelle ja kompakti uuni suorittaa ruoanlaittoteht\u00e4v\u00e4t virheett\u00f6m\u00e4sti.\",\"breadcrumb\":{\"@id\":\"https:\/\/kodukolle.ee\/fi\/tuote\/puuliesi-thermorossi-klaretta-evo\/#breadcrumb\"},\"inLanguage\":\"fi\",\"potentialAction\":[{\"@type\":\"ReadAction\",\"target\":[\"https:\/\/kodukolle.ee\/fi\/tuote\/puuliesi-thermorossi-klaretta-evo\/\"]}]},{\"@type\":\"ImageObject\",\"inLanguage\":\"fi\",\"@id\":\"https:\/\/kodukolle.ee\/fi\/tuote\/puuliesi-thermorossi-klaretta-evo\/#primaryimage\",\"url\":\"https:\/\/kodukolle.ee\/wp-content\/uploads\/2020\/02\/Thermorossi-Klaretta-Evo_1.jpg\",\"contentUrl\":\"https:\/\/kodukolle.ee\/wp-content\/uploads\/2020\/02\/Thermorossi-Klaretta-Evo_1.jpg\",\"width\":1106,\"height\":1053,\"caption\":\"Thermorossi Klaretta Evo\"},{\"@type\":\"BreadcrumbList\",\"@id\":\"https:\/\/kodukolle.ee\/fi\/tuote\/puuliesi-thermorossi-klaretta-evo\/#breadcrumb\",\"itemListElement\":[{\"@type\":\"ListItem\",\"position\":1,\"name\":\"Home\",\"item\":\"https:\/\/kodukolle.ee\/fi\/\"},{\"@type\":\"ListItem\",\"position\":2,\"name\":\"Tuotteet\",\"item\":\"https:\/\/kodukolle.ee\/fi\/tuotteet\/\"},{\"@type\":\"ListItem\",\"position\":3,\"name\":\"Puuliesi Thermorossi KLARETTA EVO\"}]},{\"@type\":\"WebSite\",\"@id\":\"https:\/\/kodukolle.ee\/en\/#website\",\"url\":\"https:\/\/kodukolle.ee\/en\/\",\"name\":\"Kodukolle\",\"description\":\"\",\"publisher\":{\"@id\":\"https:\/\/kodukolle.ee\/en\/#organization\"},\"potentialAction\":[{\"@type\":\"SearchAction\",\"target\":{\"@type\":\"EntryPoint\",\"urlTemplate\":\"https:\/\/kodukolle.ee\/en\/?s={search_term_string}\"},\"query-input\":{\"@type\":\"PropertyValueSpecification\",\"valueRequired\":true,\"valueName\":\"search_term_string\"}}],\"inLanguage\":\"fi\"},{\"@type\":\"Organization\",\"@id\":\"https:\/\/kodukolle.ee\/en\/#organization\",\"name\":\"Kodukolle\",\"url\":\"https:\/\/kodukolle.ee\/en\/\",\"logo\":{\"@type\":\"ImageObject\",\"inLanguage\":\"fi\",\"@id\":\"https:\/\/kodukolle.ee\/en\/#\/schema\/logo\/image\/\",\"url\":\"https:\/\/kodukolle.ee\/wp-content\/uploads\/2025\/06\/logo_must_gradient.svg\",\"contentUrl\":\"https:\/\/kodukolle.ee\/wp-content\/uploads\/2025\/06\/logo_must_gradient.svg\",\"caption\":\"Kodukolle\"},\"image\":{\"@id\":\"https:\/\/kodukolle.ee\/en\/#\/schema\/logo\/image\/\"}}]}<\/script>\n<!-- \/ Yoast SEO plugin. -->","yoast_head_json":{"title":"Puuliesi Thermorossi KLARETTA EVO - Kodukolle","description":"Thermorossi Klaretta Evo -liesin tulisijasta avautuu kaunis n\u00e4kym\u00e4 tulelle ja kompakti uuni suorittaa ruoanlaittoteht\u00e4v\u00e4t virheett\u00f6m\u00e4sti.","robots":{"index":"index","follow":"follow","max-snippet":"max-snippet:-1","max-image-preview":"max-image-preview:large","max-video-preview":"max-video-preview:-1"},"canonical":"https:\/\/kodukolle.ee\/fi\/tuote\/puuliesi-thermorossi-klaretta-evo\/","og_locale":"fi_FI","og_type":"article","og_title":"Puuliesi Thermorossi KLARETTA EVO - Kodukolle","og_description":"Thermorossi Klaretta Evo -liesin tulisijasta avautuu kaunis n\u00e4kym\u00e4 tulelle ja kompakti uuni suorittaa ruoanlaittoteht\u00e4v\u00e4t virheett\u00f6m\u00e4sti.","og_url":"https:\/\/kodukolle.ee\/fi\/tuote\/puuliesi-thermorossi-klaretta-evo\/","og_site_name":"Kodukolle","article_modified_time":"2024-02-06T12:13:37+00:00","og_image":[{"width":1106,"height":1053,"url":"https:\/\/kodukolle.ee\/wp-content\/uploads\/2020\/02\/Thermorossi-Klaretta-Evo_1.jpg","type":"image\/jpeg"}],"twitter_card":"summary_large_image","schema":{"@context":"https:\/\/schema.org","@graph":[{"@type":"WebPage","@id":"https:\/\/kodukolle.ee\/fi\/tuote\/puuliesi-thermorossi-klaretta-evo\/","url":"https:\/\/kodukolle.ee\/fi\/tuote\/puuliesi-thermorossi-klaretta-evo\/","name":"Puuliesi Thermorossi KLARETTA EVO - Kodukolle","isPartOf":{"@id":"https:\/\/kodukolle.ee\/en\/#website"},"primaryImageOfPage":{"@id":"https:\/\/kodukolle.ee\/fi\/tuote\/puuliesi-thermorossi-klaretta-evo\/#primaryimage"},"image":{"@id":"https:\/\/kodukolle.ee\/fi\/tuote\/puuliesi-thermorossi-klaretta-evo\/#primaryimage"},"thumbnailUrl":"https:\/\/kodukolle.ee\/wp-content\/uploads\/2020\/02\/Thermorossi-Klaretta-Evo_1.jpg","datePublished":"2020-02-13T13:22:50+00:00","dateModified":"2024-02-06T12:13:37+00:00","description":"Thermorossi Klaretta Evo -liesin tulisijasta avautuu kaunis n\u00e4kym\u00e4 tulelle ja kompakti uuni suorittaa ruoanlaittoteht\u00e4v\u00e4t virheett\u00f6m\u00e4sti.","breadcrumb":{"@id":"https:\/\/kodukolle.ee\/fi\/tuote\/puuliesi-thermorossi-klaretta-evo\/#breadcrumb"},"inLanguage":"fi","potentialAction":[{"@type":"ReadAction","target":["https:\/\/kodukolle.ee\/fi\/tuote\/puuliesi-thermorossi-klaretta-evo\/"]}]},{"@type":"ImageObject","inLanguage":"fi","@id":"https:\/\/kodukolle.ee\/fi\/tuote\/puuliesi-thermorossi-klaretta-evo\/#primaryimage","url":"https:\/\/kodukolle.ee\/wp-content\/uploads\/2020\/02\/Thermorossi-Klaretta-Evo_1.jpg","contentUrl":"https:\/\/kodukolle.ee\/wp-content\/uploads\/2020\/02\/Thermorossi-Klaretta-Evo_1.jpg","width":1106,"height":1053,"caption":"Thermorossi Klaretta Evo"},{"@type":"BreadcrumbList","@id":"https:\/\/kodukolle.ee\/fi\/tuote\/puuliesi-thermorossi-klaretta-evo\/#breadcrumb","itemListElement":[{"@type":"ListItem","position":1,"name":"Home","item":"https:\/\/kodukolle.ee\/fi\/"},{"@type":"ListItem","position":2,"name":"Tuotteet","item":"https:\/\/kodukolle.ee\/fi\/tuotteet\/"},{"@type":"ListItem","position":3,"name":"Puuliesi Thermorossi KLARETTA EVO"}]},{"@type":"WebSite","@id":"https:\/\/kodukolle.ee\/en\/#website","url":"https:\/\/kodukolle.ee\/en\/","name":"Kodukolle","description":"","publisher":{"@id":"https:\/\/kodukolle.ee\/en\/#organization"},"potentialAction":[{"@type":"SearchAction","target":{"@type":"EntryPoint","urlTemplate":"https:\/\/kodukolle.ee\/en\/?s={search_term_string}"},"query-input":{"@type":"PropertyValueSpecification","valueRequired":true,"valueName":"search_term_string"}}],"inLanguage":"fi"},{"@type":"Organization","@id":"https:\/\/kodukolle.ee\/en\/#organization","name":"Kodukolle","url":"https:\/\/kodukolle.ee\/en\/","logo":{"@type":"ImageObject","inLanguage":"fi","@id":"https:\/\/kodukolle.ee\/en\/#\/schema\/logo\/image\/","url":"https:\/\/kodukolle.ee\/wp-content\/uploads\/2025\/06\/logo_must_gradient.svg","contentUrl":"https:\/\/kodukolle.ee\/wp-content\/uploads\/2025\/06\/logo_must_gradient.svg","caption":"Kodukolle"},"image":{"@id":"https:\/\/kodukolle.ee\/en\/#\/schema\/logo\/image\/"}}]}},"_links":{"self":[{"href":"https:\/\/kodukolle.ee\/fi\/wp-json\/wp\/v2\/product\/27347","targetHints":{"allow":["GET"]}}],"collection":[{"href":"https:\/\/kodukolle.ee\/fi\/wp-json\/wp\/v2\/product"}],"about":[{"href":"https:\/\/kodukolle.ee\/fi\/wp-json\/wp\/v2\/types\/product"}],"wp:featuredmedia":[{"embeddable":true,"href":"https:\/\/kodukolle.ee\/fi\/wp-json\/wp\/v2\/media\/27330"}],"wp:attachment":[{"href":"https:\/\/kodukolle.ee\/fi\/wp-json\/wp\/v2\/media?parent=27347"}],"wp:term":[{"taxonomy":"product_brand","embeddable":true,"href":"https:\/\/kodukolle.ee\/fi\/wp-json\/wp\/v2\/product_brand?post=27347"},{"taxonomy":"product_cat","embeddable":true,"href":"https:\/\/kodukolle.ee\/fi\/wp-json\/wp\/v2\/product_cat?post=27347"},{"taxonomy":"product_tag","embeddable":true,"href":"https:\/\/kodukolle.ee\/fi\/wp-json\/wp\/v2\/product_tag?post=27347"}],"curies":[{"name":"wp","href":"https:\/\/api.w.org\/{rel}","templated":true}]}}