{"id":27521,"date":"2020-02-17T12:10:14","date_gmt":"2020-02-17T10:10:14","guid":{"rendered":"https:\/\/kodukolle.ee\/?post_type=product&#038;p=27521"},"modified":"2024-02-08T10:41:23","modified_gmt":"2024-02-08T08:41:23","slug":"puuliesi-thermorossi-margherita-evo","status":"publish","type":"product","link":"https:\/\/kodukolle.ee\/fi\/tuote\/puuliesi-thermorossi-margherita-evo\/","title":{"rendered":"Puuliesi Thermorossi MARGHERITA EVO"},"content":{"rendered":"<p>Italiassa valmistettu Thermorossi-puuhella Margherita Evo on mestarillinen yhdistelm\u00e4 edistynytt\u00e4 l\u00e4mmitystekniikkaa, ruoanlaittotoiminnallisuutta, helppok\u00e4ytt\u00f6isyytt\u00e4 ja harkittua suunnittelua. T\u00e4m\u00e4 liesi on suunniteltu erityisesti vaativille keitti\u00f6k\u00e4ytt\u00e4jille ja tarjoaa erilaisia toimintoja. Patentoitu PANEPIZZA\u00ae-j\u00e4rjestelm\u00e4 mahdollistaa kahden uunin l\u00e4mp\u00f6tilan tarkan s\u00e4\u00e4telyn. Ylempi uuni voi saavuttaa korkeampia l\u00e4mp\u00f6tiloja erityisen savukaasukanavan ansiosta. Ensi\u00f6- ja toisioilman ohjausyksik\u00f6t varmistavat optimaalisen palamisen ja tehokkuuden. Kiillotettu valurautainen keittolevy valurautarenkailla varmistaa erinomaiset kypsennystulokset. Molemmissa emaloiduissa uuneissa on vuolukivipohja ja erityinen l\u00e4mp\u00f6mittari. Tarvikkeet voidaan s\u00e4ilytt\u00e4\u00e4 k\u00e4tev\u00e4sti k\u00e4tev\u00e4ss\u00e4 laatikossa, ja \u00e4lykk\u00e4\u00e4t jalat helpottavat liesin ymp\u00e4rist\u00f6n puhtaanapitoa. Hienot koristeet ja vuolukivi- tai majolikalaatoilla p\u00e4\u00e4llystetty kotelo rikastuttaa avaraa tulin\u00e4kym\u00e4\u00e4, mik\u00e4 tekee siit\u00e4 todellisen helmen jokaiseen kotiin. Sarja sis\u00e4lt\u00e4\u00e4 etukaiteen, sivukaiteet saatavana lis\u00e4varusteena. Nerokkaan PANEPIZZA\u00ae-patentoidun j\u00e4rjestelm\u00e4n ansiosta voit her\u00e4tt\u00e4\u00e4 kulinaarisia fantasioitasi henkiin keitti\u00f6ss\u00e4 Thermorossi Margherita Evo -liesin avulla.<\/p>\n<p><strong>Saatavana lis\u00e4varusteena<\/strong><\/p>\n<ul>\n<li>Sivukaiteet<\/li>\n<\/ul>\n<p>&nbsp;<\/p>\n","protected":false},"excerpt":{"rendered":"<p>Italiassa valmistettu Thermorossi-puuhella Margherita Evo on mestarillinen yhdistelm\u00e4 edistynytt\u00e4 l\u00e4mmitystekniikkaa, ruoanlaittotoiminnallisuutta, helppok\u00e4ytt\u00f6isyytt\u00e4 ja harkittua suunnittelua. T\u00e4m\u00e4 liesi on suunniteltu erityisesti vaativille keitti\u00f6k\u00e4ytt\u00e4jille ja tarjoaa erilaisia toimintoja. Patentoitu PANEPIZZA\u00ae-j\u00e4rjestelm\u00e4 mahdollistaa kahden uunin l\u00e4mp\u00f6tilan tarkan s\u00e4\u00e4telyn. <\/p>\n","protected":false},"featured_media":27488,"template":"","meta":{"_acf_changed":false},"product_brand":[],"product_cat":[9689],"product_tag":[],"class_list":{"0":"post-27521","1":"product","2":"type-product","3":"status-publish","4":"has-post-thumbnail","6":"brands-thermorossi-fi","7":"product_cat-puuhellat-ja-liedet","9":"first","10":"instock","11":"shipping-taxable","12":"purchasable","13":"product-type-simple"},"acf":[],"yoast_head":"<!-- This site is optimized with the Yoast SEO plugin v27.2 - https:\/\/yoast.com\/product\/yoast-seo-wordpress\/ -->\n<title>Puuliesi Thermorossi MARGHERITA EVO - Kodukolle<\/title>\n<meta name=\"description\" content=\"Nerokkaan PANEPIZZA\u00ae-patentoidun j\u00e4rjestelm\u00e4n ansiosta voit her\u00e4tt\u00e4\u00e4 kulinaarisia fantasioitasi henkiin keitti\u00f6ss\u00e4 Thermorossi Margherita Evo -liesin avulla.\" \/>\n<meta name=\"robots\" content=\"index, follow, max-snippet:-1, max-image-preview:large, max-video-preview:-1\" \/>\n<link rel=\"canonical\" href=\"https:\/\/kodukolle.ee\/fi\/tuote\/puuliesi-thermorossi-margherita-evo\/\" \/>\n<meta property=\"og:locale\" content=\"fi_FI\" \/>\n<meta property=\"og:type\" content=\"article\" \/>\n<meta property=\"og:title\" content=\"Puuliesi Thermorossi MARGHERITA EVO - Kodukolle\" \/>\n<meta property=\"og:description\" content=\"Nerokkaan PANEPIZZA\u00ae-patentoidun j\u00e4rjestelm\u00e4n ansiosta voit her\u00e4tt\u00e4\u00e4 kulinaarisia fantasioitasi henkiin keitti\u00f6ss\u00e4 Thermorossi Margherita Evo -liesin avulla.\" \/>\n<meta property=\"og:url\" content=\"https:\/\/kodukolle.ee\/fi\/tuote\/puuliesi-thermorossi-margherita-evo\/\" \/>\n<meta property=\"og:site_name\" content=\"Kodukolle\" \/>\n<meta property=\"article:modified_time\" content=\"2024-02-08T08:41:23+00:00\" \/>\n<meta property=\"og:image\" content=\"https:\/\/kodukolle.ee\/wp-content\/uploads\/2020\/02\/Thermorossi-Margherita-Evo_1.jpg\" \/>\n\t<meta property=\"og:image:width\" content=\"1177\" \/>\n\t<meta property=\"og:image:height\" content=\"1060\" \/>\n\t<meta property=\"og:image:type\" content=\"image\/jpeg\" \/>\n<meta name=\"twitter:card\" content=\"summary_large_image\" \/>\n<meta name=\"twitter:label1\" content=\"Est. reading time\" \/>\n\t<meta name=\"twitter:data1\" content=\"1 minuutti\" \/>\n<script type=\"application\/ld+json\" class=\"yoast-schema-graph\">{\"@context\":\"https:\/\/schema.org\",\"@graph\":[{\"@type\":\"WebPage\",\"@id\":\"https:\/\/kodukolle.ee\/fi\/tuote\/puuliesi-thermorossi-margherita-evo\/\",\"url\":\"https:\/\/kodukolle.ee\/fi\/tuote\/puuliesi-thermorossi-margherita-evo\/\",\"name\":\"Puuliesi Thermorossi MARGHERITA EVO - Kodukolle\",\"isPartOf\":{\"@id\":\"https:\/\/kodukolle.ee\/en\/#website\"},\"primaryImageOfPage\":{\"@id\":\"https:\/\/kodukolle.ee\/fi\/tuote\/puuliesi-thermorossi-margherita-evo\/#primaryimage\"},\"image\":{\"@id\":\"https:\/\/kodukolle.ee\/fi\/tuote\/puuliesi-thermorossi-margherita-evo\/#primaryimage\"},\"thumbnailUrl\":\"https:\/\/kodukolle.ee\/wp-content\/uploads\/2020\/02\/Thermorossi-Margherita-Evo_1.jpg\",\"datePublished\":\"2020-02-17T10:10:14+00:00\",\"dateModified\":\"2024-02-08T08:41:23+00:00\",\"description\":\"Nerokkaan PANEPIZZA\u00ae-patentoidun j\u00e4rjestelm\u00e4n ansiosta voit her\u00e4tt\u00e4\u00e4 kulinaarisia fantasioitasi henkiin keitti\u00f6ss\u00e4 Thermorossi Margherita Evo -liesin avulla.\",\"breadcrumb\":{\"@id\":\"https:\/\/kodukolle.ee\/fi\/tuote\/puuliesi-thermorossi-margherita-evo\/#breadcrumb\"},\"inLanguage\":\"fi\",\"potentialAction\":[{\"@type\":\"ReadAction\",\"target\":[\"https:\/\/kodukolle.ee\/fi\/tuote\/puuliesi-thermorossi-margherita-evo\/\"]}]},{\"@type\":\"ImageObject\",\"inLanguage\":\"fi\",\"@id\":\"https:\/\/kodukolle.ee\/fi\/tuote\/puuliesi-thermorossi-margherita-evo\/#primaryimage\",\"url\":\"https:\/\/kodukolle.ee\/wp-content\/uploads\/2020\/02\/Thermorossi-Margherita-Evo_1.jpg\",\"contentUrl\":\"https:\/\/kodukolle.ee\/wp-content\/uploads\/2020\/02\/Thermorossi-Margherita-Evo_1.jpg\",\"width\":1177,\"height\":1060,\"caption\":\"Thermorossi Margherita Evo\"},{\"@type\":\"BreadcrumbList\",\"@id\":\"https:\/\/kodukolle.ee\/fi\/tuote\/puuliesi-thermorossi-margherita-evo\/#breadcrumb\",\"itemListElement\":[{\"@type\":\"ListItem\",\"position\":1,\"name\":\"Home\",\"item\":\"https:\/\/kodukolle.ee\/fi\/\"},{\"@type\":\"ListItem\",\"position\":2,\"name\":\"Tuotteet\",\"item\":\"https:\/\/kodukolle.ee\/fi\/tuotteet\/\"},{\"@type\":\"ListItem\",\"position\":3,\"name\":\"Puuliesi Thermorossi MARGHERITA EVO\"}]},{\"@type\":\"WebSite\",\"@id\":\"https:\/\/kodukolle.ee\/en\/#website\",\"url\":\"https:\/\/kodukolle.ee\/en\/\",\"name\":\"Kodukolle\",\"description\":\"\",\"publisher\":{\"@id\":\"https:\/\/kodukolle.ee\/en\/#organization\"},\"potentialAction\":[{\"@type\":\"SearchAction\",\"target\":{\"@type\":\"EntryPoint\",\"urlTemplate\":\"https:\/\/kodukolle.ee\/en\/?s={search_term_string}\"},\"query-input\":{\"@type\":\"PropertyValueSpecification\",\"valueRequired\":true,\"valueName\":\"search_term_string\"}}],\"inLanguage\":\"fi\"},{\"@type\":\"Organization\",\"@id\":\"https:\/\/kodukolle.ee\/en\/#organization\",\"name\":\"Kodukolle\",\"url\":\"https:\/\/kodukolle.ee\/en\/\",\"logo\":{\"@type\":\"ImageObject\",\"inLanguage\":\"fi\",\"@id\":\"https:\/\/kodukolle.ee\/en\/#\/schema\/logo\/image\/\",\"url\":\"https:\/\/kodukolle.ee\/wp-content\/uploads\/2025\/06\/logo_must_gradient.svg\",\"contentUrl\":\"https:\/\/kodukolle.ee\/wp-content\/uploads\/2025\/06\/logo_must_gradient.svg\",\"caption\":\"Kodukolle\"},\"image\":{\"@id\":\"https:\/\/kodukolle.ee\/en\/#\/schema\/logo\/image\/\"}}]}<\/script>\n<!-- \/ Yoast SEO plugin. -->","yoast_head_json":{"title":"Puuliesi Thermorossi MARGHERITA EVO - Kodukolle","description":"Nerokkaan PANEPIZZA\u00ae-patentoidun j\u00e4rjestelm\u00e4n ansiosta voit her\u00e4tt\u00e4\u00e4 kulinaarisia fantasioitasi henkiin keitti\u00f6ss\u00e4 Thermorossi Margherita Evo -liesin avulla.","robots":{"index":"index","follow":"follow","max-snippet":"max-snippet:-1","max-image-preview":"max-image-preview:large","max-video-preview":"max-video-preview:-1"},"canonical":"https:\/\/kodukolle.ee\/fi\/tuote\/puuliesi-thermorossi-margherita-evo\/","og_locale":"fi_FI","og_type":"article","og_title":"Puuliesi Thermorossi MARGHERITA EVO - Kodukolle","og_description":"Nerokkaan PANEPIZZA\u00ae-patentoidun j\u00e4rjestelm\u00e4n ansiosta voit her\u00e4tt\u00e4\u00e4 kulinaarisia fantasioitasi henkiin keitti\u00f6ss\u00e4 Thermorossi Margherita Evo -liesin avulla.","og_url":"https:\/\/kodukolle.ee\/fi\/tuote\/puuliesi-thermorossi-margherita-evo\/","og_site_name":"Kodukolle","article_modified_time":"2024-02-08T08:41:23+00:00","og_image":[{"width":1177,"height":1060,"url":"https:\/\/kodukolle.ee\/wp-content\/uploads\/2020\/02\/Thermorossi-Margherita-Evo_1.jpg","type":"image\/jpeg"}],"twitter_card":"summary_large_image","twitter_misc":{"Est. reading time":"1 minuutti"},"schema":{"@context":"https:\/\/schema.org","@graph":[{"@type":"WebPage","@id":"https:\/\/kodukolle.ee\/fi\/tuote\/puuliesi-thermorossi-margherita-evo\/","url":"https:\/\/kodukolle.ee\/fi\/tuote\/puuliesi-thermorossi-margherita-evo\/","name":"Puuliesi Thermorossi MARGHERITA EVO - Kodukolle","isPartOf":{"@id":"https:\/\/kodukolle.ee\/en\/#website"},"primaryImageOfPage":{"@id":"https:\/\/kodukolle.ee\/fi\/tuote\/puuliesi-thermorossi-margherita-evo\/#primaryimage"},"image":{"@id":"https:\/\/kodukolle.ee\/fi\/tuote\/puuliesi-thermorossi-margherita-evo\/#primaryimage"},"thumbnailUrl":"https:\/\/kodukolle.ee\/wp-content\/uploads\/2020\/02\/Thermorossi-Margherita-Evo_1.jpg","datePublished":"2020-02-17T10:10:14+00:00","dateModified":"2024-02-08T08:41:23+00:00","description":"Nerokkaan PANEPIZZA\u00ae-patentoidun j\u00e4rjestelm\u00e4n ansiosta voit her\u00e4tt\u00e4\u00e4 kulinaarisia fantasioitasi henkiin keitti\u00f6ss\u00e4 Thermorossi Margherita Evo -liesin avulla.","breadcrumb":{"@id":"https:\/\/kodukolle.ee\/fi\/tuote\/puuliesi-thermorossi-margherita-evo\/#breadcrumb"},"inLanguage":"fi","potentialAction":[{"@type":"ReadAction","target":["https:\/\/kodukolle.ee\/fi\/tuote\/puuliesi-thermorossi-margherita-evo\/"]}]},{"@type":"ImageObject","inLanguage":"fi","@id":"https:\/\/kodukolle.ee\/fi\/tuote\/puuliesi-thermorossi-margherita-evo\/#primaryimage","url":"https:\/\/kodukolle.ee\/wp-content\/uploads\/2020\/02\/Thermorossi-Margherita-Evo_1.jpg","contentUrl":"https:\/\/kodukolle.ee\/wp-content\/uploads\/2020\/02\/Thermorossi-Margherita-Evo_1.jpg","width":1177,"height":1060,"caption":"Thermorossi Margherita Evo"},{"@type":"BreadcrumbList","@id":"https:\/\/kodukolle.ee\/fi\/tuote\/puuliesi-thermorossi-margherita-evo\/#breadcrumb","itemListElement":[{"@type":"ListItem","position":1,"name":"Home","item":"https:\/\/kodukolle.ee\/fi\/"},{"@type":"ListItem","position":2,"name":"Tuotteet","item":"https:\/\/kodukolle.ee\/fi\/tuotteet\/"},{"@type":"ListItem","position":3,"name":"Puuliesi Thermorossi MARGHERITA EVO"}]},{"@type":"WebSite","@id":"https:\/\/kodukolle.ee\/en\/#website","url":"https:\/\/kodukolle.ee\/en\/","name":"Kodukolle","description":"","publisher":{"@id":"https:\/\/kodukolle.ee\/en\/#organization"},"potentialAction":[{"@type":"SearchAction","target":{"@type":"EntryPoint","urlTemplate":"https:\/\/kodukolle.ee\/en\/?s={search_term_string}"},"query-input":{"@type":"PropertyValueSpecification","valueRequired":true,"valueName":"search_term_string"}}],"inLanguage":"fi"},{"@type":"Organization","@id":"https:\/\/kodukolle.ee\/en\/#organization","name":"Kodukolle","url":"https:\/\/kodukolle.ee\/en\/","logo":{"@type":"ImageObject","inLanguage":"fi","@id":"https:\/\/kodukolle.ee\/en\/#\/schema\/logo\/image\/","url":"https:\/\/kodukolle.ee\/wp-content\/uploads\/2025\/06\/logo_must_gradient.svg","contentUrl":"https:\/\/kodukolle.ee\/wp-content\/uploads\/2025\/06\/logo_must_gradient.svg","caption":"Kodukolle"},"image":{"@id":"https:\/\/kodukolle.ee\/en\/#\/schema\/logo\/image\/"}}]}},"_links":{"self":[{"href":"https:\/\/kodukolle.ee\/fi\/wp-json\/wp\/v2\/product\/27521","targetHints":{"allow":["GET"]}}],"collection":[{"href":"https:\/\/kodukolle.ee\/fi\/wp-json\/wp\/v2\/product"}],"about":[{"href":"https:\/\/kodukolle.ee\/fi\/wp-json\/wp\/v2\/types\/product"}],"wp:featuredmedia":[{"embeddable":true,"href":"https:\/\/kodukolle.ee\/fi\/wp-json\/wp\/v2\/media\/27488"}],"wp:attachment":[{"href":"https:\/\/kodukolle.ee\/fi\/wp-json\/wp\/v2\/media?parent=27521"}],"wp:term":[{"taxonomy":"product_brand","embeddable":true,"href":"https:\/\/kodukolle.ee\/fi\/wp-json\/wp\/v2\/product_brand?post=27521"},{"taxonomy":"product_cat","embeddable":true,"href":"https:\/\/kodukolle.ee\/fi\/wp-json\/wp\/v2\/product_cat?post=27521"},{"taxonomy":"product_tag","embeddable":true,"href":"https:\/\/kodukolle.ee\/fi\/wp-json\/wp\/v2\/product_tag?post=27521"}],"curies":[{"name":"wp","href":"https:\/\/api.w.org\/{rel}","templated":true}]}}