{"id":27573,"date":"2020-02-17T12:10:14","date_gmt":"2020-02-17T10:10:14","guid":{"rendered":"https:\/\/kodukolle.ee\/?post_type=product&#038;p=27573"},"modified":"2024-02-08T11:59:20","modified_gmt":"2024-02-08T09:59:20","slug":"puuliesi-thermorossi-margot-evo","status":"publish","type":"product","link":"https:\/\/kodukolle.ee\/fi\/tuote\/puuliesi-thermorossi-margot-evo\/","title":{"rendered":"Puuliesi Thermorossi MARGOT EVO"},"content":{"rendered":"<p>Italiassa valmistettu Thermorossi-puuhella Margot Evo yhdist\u00e4\u00e4 teknisen innovaation, perinteisen k\u00e4sity\u00f6taidon ja korkean energiatehokkuuden tyylikk\u00e4\u00e4ss\u00e4 muotoilussa, joka tuo keitti\u00f6\u00f6si sek\u00e4 toimivuutta ett\u00e4 tyyli\u00e4. T\u00e4m\u00e4 liesi on suunniteltu erityisesti vaativille keitti\u00f6k\u00e4ytt\u00e4jille, ja patentoitu PANEPIZZA\u00ae-j\u00e4rjestelm\u00e4 mahdollistaa kahden uunin l\u00e4mp\u00f6tilan tarkan s\u00e4\u00e4telyn. Ylempi uuni voi saavuttaa korkeampia l\u00e4mp\u00f6tiloja erityisen savukaasukanavan ansiosta. Ensi\u00f6- ja toisioilman ohjausyksik\u00f6t varmistavat optimaalisen palamisen ja tehokkuuden. Kiillotettu valurautainen keittolevy valurautarenkailla varmistaa erinomaiset kypsennystulokset. Molemmissa emaloiduissa uuneissa on vuolukivipohja ja erityinen l\u00e4mp\u00f6mittari. Tarvikkeet voidaan s\u00e4ilytt\u00e4\u00e4 k\u00e4tev\u00e4sti k\u00e4tev\u00e4ss\u00e4 laatikossa, ja \u00e4lykk\u00e4\u00e4t jalat helpottavat liesin ymp\u00e4rist\u00f6n puhtaanapitoa. Sarja sis\u00e4lt\u00e4\u00e4 etukaiteen, sivukaiteet saatavana lis\u00e4varusteena. Halusitpa sitten kokata gourmet-aterian tai l\u00e4mmitt\u00e4\u00e4 kotisi, Thermorossi-puul\u00e4mmitteinen liesi Margot Evo t\u00e4ytt\u00e4\u00e4 kaikki tarpeesi.<\/p>\n<p><strong>Saatavana lis\u00e4varusteena<\/strong><\/p>\n<ul>\n<li>Sivukaiteet<\/li>\n<\/ul>\n<p>&nbsp;<\/p>\n","protected":false},"excerpt":{"rendered":"<p>Italiassa valmistettu Thermorossi-puuhella Margot Evo yhdist\u00e4\u00e4 teknisen innovaation, perinteisen k\u00e4sity\u00f6taidon ja korkean energiatehokkuuden tyylikk\u00e4\u00e4ss\u00e4 muotoilussa, joka tuo keitti\u00f6\u00f6si sek\u00e4 toimivuutta ett\u00e4 tyyli\u00e4. T\u00e4m\u00e4 liesi on suunniteltu erityisesti vaativille keitti\u00f6k\u00e4ytt\u00e4jille, ja patentoitu PANEPIZZA\u00ae-j\u00e4rjestelm\u00e4 mahdollistaa kahden uunin l\u00e4mp\u00f6tilan tarkan s\u00e4\u00e4telyn.<\/p>\n","protected":false},"featured_media":27537,"template":"","meta":{"_acf_changed":false},"product_brand":[],"product_cat":[9689],"product_tag":[],"class_list":{"0":"post-27573","1":"product","2":"type-product","3":"status-publish","4":"has-post-thumbnail","6":"brands-thermorossi-fi","7":"product_cat-puuhellat-ja-liedet","9":"first","10":"instock","11":"shipping-taxable","12":"purchasable","13":"product-type-simple"},"acf":[],"yoast_head":"<!-- This site is optimized with the Yoast SEO plugin v27.2 - https:\/\/yoast.com\/product\/yoast-seo-wordpress\/ -->\n<title>Puuliesi Thermorossi MARGOT EVO - Kodukolle<\/title>\n<meta name=\"description\" content=\"Halusitpa sitten kokata gourmet-aterian tai l\u00e4mmitt\u00e4\u00e4 kotisi, Thermorossi-puul\u00e4mmitteinen liesi Margot Evo t\u00e4ytt\u00e4\u00e4 kaikki tarpeesi.\" \/>\n<meta name=\"robots\" content=\"index, follow, max-snippet:-1, max-image-preview:large, max-video-preview:-1\" \/>\n<link rel=\"canonical\" href=\"https:\/\/kodukolle.ee\/fi\/tuote\/puuliesi-thermorossi-margot-evo\/\" \/>\n<meta property=\"og:locale\" content=\"fi_FI\" \/>\n<meta property=\"og:type\" content=\"article\" \/>\n<meta property=\"og:title\" content=\"Puuliesi Thermorossi MARGOT EVO - Kodukolle\" \/>\n<meta property=\"og:description\" content=\"Halusitpa sitten kokata gourmet-aterian tai l\u00e4mmitt\u00e4\u00e4 kotisi, Thermorossi-puul\u00e4mmitteinen liesi Margot Evo t\u00e4ytt\u00e4\u00e4 kaikki tarpeesi.\" \/>\n<meta property=\"og:url\" content=\"https:\/\/kodukolle.ee\/fi\/tuote\/puuliesi-thermorossi-margot-evo\/\" \/>\n<meta property=\"og:site_name\" content=\"Kodukolle\" \/>\n<meta property=\"article:modified_time\" content=\"2024-02-08T09:59:20+00:00\" \/>\n<meta property=\"og:image\" content=\"https:\/\/kodukolle.ee\/wp-content\/uploads\/2020\/02\/Thermorossi-Margot-Evo_1.jpg\" \/>\n\t<meta property=\"og:image:width\" content=\"1138\" \/>\n\t<meta property=\"og:image:height\" content=\"1061\" \/>\n\t<meta property=\"og:image:type\" content=\"image\/jpeg\" \/>\n<meta name=\"twitter:card\" content=\"summary_large_image\" \/>\n<script type=\"application\/ld+json\" class=\"yoast-schema-graph\">{\"@context\":\"https:\/\/schema.org\",\"@graph\":[{\"@type\":\"WebPage\",\"@id\":\"https:\/\/kodukolle.ee\/fi\/tuote\/puuliesi-thermorossi-margot-evo\/\",\"url\":\"https:\/\/kodukolle.ee\/fi\/tuote\/puuliesi-thermorossi-margot-evo\/\",\"name\":\"Puuliesi Thermorossi MARGOT EVO - Kodukolle\",\"isPartOf\":{\"@id\":\"https:\/\/kodukolle.ee\/en\/#website\"},\"primaryImageOfPage\":{\"@id\":\"https:\/\/kodukolle.ee\/fi\/tuote\/puuliesi-thermorossi-margot-evo\/#primaryimage\"},\"image\":{\"@id\":\"https:\/\/kodukolle.ee\/fi\/tuote\/puuliesi-thermorossi-margot-evo\/#primaryimage\"},\"thumbnailUrl\":\"https:\/\/kodukolle.ee\/wp-content\/uploads\/2020\/02\/Thermorossi-Margot-Evo_1.jpg\",\"datePublished\":\"2020-02-17T10:10:14+00:00\",\"dateModified\":\"2024-02-08T09:59:20+00:00\",\"description\":\"Halusitpa sitten kokata gourmet-aterian tai l\u00e4mmitt\u00e4\u00e4 kotisi, Thermorossi-puul\u00e4mmitteinen liesi Margot Evo t\u00e4ytt\u00e4\u00e4 kaikki tarpeesi.\",\"breadcrumb\":{\"@id\":\"https:\/\/kodukolle.ee\/fi\/tuote\/puuliesi-thermorossi-margot-evo\/#breadcrumb\"},\"inLanguage\":\"fi\",\"potentialAction\":[{\"@type\":\"ReadAction\",\"target\":[\"https:\/\/kodukolle.ee\/fi\/tuote\/puuliesi-thermorossi-margot-evo\/\"]}]},{\"@type\":\"ImageObject\",\"inLanguage\":\"fi\",\"@id\":\"https:\/\/kodukolle.ee\/fi\/tuote\/puuliesi-thermorossi-margot-evo\/#primaryimage\",\"url\":\"https:\/\/kodukolle.ee\/wp-content\/uploads\/2020\/02\/Thermorossi-Margot-Evo_1.jpg\",\"contentUrl\":\"https:\/\/kodukolle.ee\/wp-content\/uploads\/2020\/02\/Thermorossi-Margot-Evo_1.jpg\",\"width\":1138,\"height\":1061,\"caption\":\"Thermorossi Margot Evo\"},{\"@type\":\"BreadcrumbList\",\"@id\":\"https:\/\/kodukolle.ee\/fi\/tuote\/puuliesi-thermorossi-margot-evo\/#breadcrumb\",\"itemListElement\":[{\"@type\":\"ListItem\",\"position\":1,\"name\":\"Home\",\"item\":\"https:\/\/kodukolle.ee\/fi\/\"},{\"@type\":\"ListItem\",\"position\":2,\"name\":\"Tuotteet\",\"item\":\"https:\/\/kodukolle.ee\/fi\/tuotteet\/\"},{\"@type\":\"ListItem\",\"position\":3,\"name\":\"Puuliesi Thermorossi MARGOT EVO\"}]},{\"@type\":\"WebSite\",\"@id\":\"https:\/\/kodukolle.ee\/en\/#website\",\"url\":\"https:\/\/kodukolle.ee\/en\/\",\"name\":\"Kodukolle\",\"description\":\"\",\"publisher\":{\"@id\":\"https:\/\/kodukolle.ee\/en\/#organization\"},\"potentialAction\":[{\"@type\":\"SearchAction\",\"target\":{\"@type\":\"EntryPoint\",\"urlTemplate\":\"https:\/\/kodukolle.ee\/en\/?s={search_term_string}\"},\"query-input\":{\"@type\":\"PropertyValueSpecification\",\"valueRequired\":true,\"valueName\":\"search_term_string\"}}],\"inLanguage\":\"fi\"},{\"@type\":\"Organization\",\"@id\":\"https:\/\/kodukolle.ee\/en\/#organization\",\"name\":\"Kodukolle\",\"url\":\"https:\/\/kodukolle.ee\/en\/\",\"logo\":{\"@type\":\"ImageObject\",\"inLanguage\":\"fi\",\"@id\":\"https:\/\/kodukolle.ee\/en\/#\/schema\/logo\/image\/\",\"url\":\"https:\/\/kodukolle.ee\/wp-content\/uploads\/2025\/06\/logo_must_gradient.svg\",\"contentUrl\":\"https:\/\/kodukolle.ee\/wp-content\/uploads\/2025\/06\/logo_must_gradient.svg\",\"caption\":\"Kodukolle\"},\"image\":{\"@id\":\"https:\/\/kodukolle.ee\/en\/#\/schema\/logo\/image\/\"}}]}<\/script>\n<!-- \/ Yoast SEO plugin. -->","yoast_head_json":{"title":"Puuliesi Thermorossi MARGOT EVO - Kodukolle","description":"Halusitpa sitten kokata gourmet-aterian tai l\u00e4mmitt\u00e4\u00e4 kotisi, Thermorossi-puul\u00e4mmitteinen liesi Margot Evo t\u00e4ytt\u00e4\u00e4 kaikki tarpeesi.","robots":{"index":"index","follow":"follow","max-snippet":"max-snippet:-1","max-image-preview":"max-image-preview:large","max-video-preview":"max-video-preview:-1"},"canonical":"https:\/\/kodukolle.ee\/fi\/tuote\/puuliesi-thermorossi-margot-evo\/","og_locale":"fi_FI","og_type":"article","og_title":"Puuliesi Thermorossi MARGOT EVO - Kodukolle","og_description":"Halusitpa sitten kokata gourmet-aterian tai l\u00e4mmitt\u00e4\u00e4 kotisi, Thermorossi-puul\u00e4mmitteinen liesi Margot Evo t\u00e4ytt\u00e4\u00e4 kaikki tarpeesi.","og_url":"https:\/\/kodukolle.ee\/fi\/tuote\/puuliesi-thermorossi-margot-evo\/","og_site_name":"Kodukolle","article_modified_time":"2024-02-08T09:59:20+00:00","og_image":[{"width":1138,"height":1061,"url":"https:\/\/kodukolle.ee\/wp-content\/uploads\/2020\/02\/Thermorossi-Margot-Evo_1.jpg","type":"image\/jpeg"}],"twitter_card":"summary_large_image","schema":{"@context":"https:\/\/schema.org","@graph":[{"@type":"WebPage","@id":"https:\/\/kodukolle.ee\/fi\/tuote\/puuliesi-thermorossi-margot-evo\/","url":"https:\/\/kodukolle.ee\/fi\/tuote\/puuliesi-thermorossi-margot-evo\/","name":"Puuliesi Thermorossi MARGOT EVO - Kodukolle","isPartOf":{"@id":"https:\/\/kodukolle.ee\/en\/#website"},"primaryImageOfPage":{"@id":"https:\/\/kodukolle.ee\/fi\/tuote\/puuliesi-thermorossi-margot-evo\/#primaryimage"},"image":{"@id":"https:\/\/kodukolle.ee\/fi\/tuote\/puuliesi-thermorossi-margot-evo\/#primaryimage"},"thumbnailUrl":"https:\/\/kodukolle.ee\/wp-content\/uploads\/2020\/02\/Thermorossi-Margot-Evo_1.jpg","datePublished":"2020-02-17T10:10:14+00:00","dateModified":"2024-02-08T09:59:20+00:00","description":"Halusitpa sitten kokata gourmet-aterian tai l\u00e4mmitt\u00e4\u00e4 kotisi, Thermorossi-puul\u00e4mmitteinen liesi Margot Evo t\u00e4ytt\u00e4\u00e4 kaikki tarpeesi.","breadcrumb":{"@id":"https:\/\/kodukolle.ee\/fi\/tuote\/puuliesi-thermorossi-margot-evo\/#breadcrumb"},"inLanguage":"fi","potentialAction":[{"@type":"ReadAction","target":["https:\/\/kodukolle.ee\/fi\/tuote\/puuliesi-thermorossi-margot-evo\/"]}]},{"@type":"ImageObject","inLanguage":"fi","@id":"https:\/\/kodukolle.ee\/fi\/tuote\/puuliesi-thermorossi-margot-evo\/#primaryimage","url":"https:\/\/kodukolle.ee\/wp-content\/uploads\/2020\/02\/Thermorossi-Margot-Evo_1.jpg","contentUrl":"https:\/\/kodukolle.ee\/wp-content\/uploads\/2020\/02\/Thermorossi-Margot-Evo_1.jpg","width":1138,"height":1061,"caption":"Thermorossi Margot Evo"},{"@type":"BreadcrumbList","@id":"https:\/\/kodukolle.ee\/fi\/tuote\/puuliesi-thermorossi-margot-evo\/#breadcrumb","itemListElement":[{"@type":"ListItem","position":1,"name":"Home","item":"https:\/\/kodukolle.ee\/fi\/"},{"@type":"ListItem","position":2,"name":"Tuotteet","item":"https:\/\/kodukolle.ee\/fi\/tuotteet\/"},{"@type":"ListItem","position":3,"name":"Puuliesi Thermorossi MARGOT EVO"}]},{"@type":"WebSite","@id":"https:\/\/kodukolle.ee\/en\/#website","url":"https:\/\/kodukolle.ee\/en\/","name":"Kodukolle","description":"","publisher":{"@id":"https:\/\/kodukolle.ee\/en\/#organization"},"potentialAction":[{"@type":"SearchAction","target":{"@type":"EntryPoint","urlTemplate":"https:\/\/kodukolle.ee\/en\/?s={search_term_string}"},"query-input":{"@type":"PropertyValueSpecification","valueRequired":true,"valueName":"search_term_string"}}],"inLanguage":"fi"},{"@type":"Organization","@id":"https:\/\/kodukolle.ee\/en\/#organization","name":"Kodukolle","url":"https:\/\/kodukolle.ee\/en\/","logo":{"@type":"ImageObject","inLanguage":"fi","@id":"https:\/\/kodukolle.ee\/en\/#\/schema\/logo\/image\/","url":"https:\/\/kodukolle.ee\/wp-content\/uploads\/2025\/06\/logo_must_gradient.svg","contentUrl":"https:\/\/kodukolle.ee\/wp-content\/uploads\/2025\/06\/logo_must_gradient.svg","caption":"Kodukolle"},"image":{"@id":"https:\/\/kodukolle.ee\/en\/#\/schema\/logo\/image\/"}}]}},"_links":{"self":[{"href":"https:\/\/kodukolle.ee\/fi\/wp-json\/wp\/v2\/product\/27573","targetHints":{"allow":["GET"]}}],"collection":[{"href":"https:\/\/kodukolle.ee\/fi\/wp-json\/wp\/v2\/product"}],"about":[{"href":"https:\/\/kodukolle.ee\/fi\/wp-json\/wp\/v2\/types\/product"}],"wp:featuredmedia":[{"embeddable":true,"href":"https:\/\/kodukolle.ee\/fi\/wp-json\/wp\/v2\/media\/27537"}],"wp:attachment":[{"href":"https:\/\/kodukolle.ee\/fi\/wp-json\/wp\/v2\/media?parent=27573"}],"wp:term":[{"taxonomy":"product_brand","embeddable":true,"href":"https:\/\/kodukolle.ee\/fi\/wp-json\/wp\/v2\/product_brand?post=27573"},{"taxonomy":"product_cat","embeddable":true,"href":"https:\/\/kodukolle.ee\/fi\/wp-json\/wp\/v2\/product_cat?post=27573"},{"taxonomy":"product_tag","embeddable":true,"href":"https:\/\/kodukolle.ee\/fi\/wp-json\/wp\/v2\/product_tag?post=27573"}],"curies":[{"name":"wp","href":"https:\/\/api.w.org\/{rel}","templated":true}]}}