{"id":27869,"date":"2019-07-26T08:24:29","date_gmt":"2019-07-26T05:24:29","guid":{"rendered":"https:\/\/kodukolle.ee\/?post_type=product&#038;p=27869"},"modified":"2026-04-08T01:33:27","modified_gmt":"2026-04-07T22:33:27","slug":"puuliesi-alfa-plam-dominant-90h","status":"publish","type":"product","link":"https:\/\/kodukolle.ee\/fi\/tuote\/puuliesi-alfa-plam-dominant-90h\/","title":{"rendered":"Puuliesi Alfa Plam DOMINANT 90H"},"content":{"rendered":"<p>Alfa Plam Dominant 90H on monik\u00e4ytt\u00f6inen puul\u00e4mmitteinen liesi, joka on tunnettu erinomaisesta laadustaan ja muotoilustaan. Se ilment\u00e4\u00e4 harvinaisen yhdistelm\u00e4n perinteisi\u00e4 ja moderneja esteettisi\u00e4 elementtej\u00e4 ja lis\u00e4\u00e4 erottuvaa kosketusta mihin tahansa tilaan. T\u00e4m\u00e4 liesi antaa ainutlaatuisen maun jokaiselle sill\u00e4 valmistetulle ruoalle. Tulipes\u00e4n lasiovi takaa selke\u00e4n n\u00e4kyvyyden liekkeihin, mik\u00e4 parantaa kokonaiskokemusta. Lis\u00e4ksi keraaminen keittolevy on saatavana lis\u00e4varusteena, mik\u00e4 lis\u00e4\u00e4 entisest\u00e4\u00e4n sen monipuolisuutta ja toimivuutta.<\/p>\n<p><strong>EDUT:<\/strong> <\/p>\n<ul>\n<li>Tasainen kypsennys koko lieden pinnalla<\/li>\n<li>Uunissa sis\u00e4\u00e4nrakennettu l\u00e4mp\u00f6mittari tarkkaan l\u00e4mp\u00f6tilan s\u00e4\u00e4telyyn<\/li>\n<li>L\u00e4mm\u00f6nkest\u00e4v\u00e4 kaksoislasiovi sek\u00e4 tulipes\u00e4ss\u00e4 ett\u00e4 uunissa<\/li>\n<li>Palokammio vuorattu samottilevyill\u00e4, mik\u00e4 parantaa l\u00e4mm\u00f6n kertymist\u00e4 ja palamisl\u00e4mp\u00f6tilaa<\/li>\n<li>Prim\u00e4\u00e4ri- ja toisioilman sy\u00f6t\u00f6n s\u00e4\u00e4t\u00f6 takaa tarkan ilman annostelun ja paremman palamistehokkuuden<\/li>\n<li>Keittotason ter\u00e4skansi tarjoaa sek\u00e4 suojaa ett\u00e4 esteettist\u00e4 ulkon\u00e4k\u00f6\u00e4<\/li>\n<li>Irrotettava tuhkalaatikko helppoon puhdistamiseen<\/li>\n<li>Alalaatikko polttopuiden tai keitti\u00f6tarvikkeiden k\u00e4tev\u00e4\u00e4n s\u00e4ilytykseen<\/li>\n<li>Hormiliit\u00e4nn\u00e4n sijainti: oikealla tai vasemmalla, ylh\u00e4\u00e4ll\u00e4 ja takana monipuolisia asennuskokoonpanoja varten<\/li>\n<\/ul>\n<p>&nbsp;<\/p>\n","protected":false},"excerpt":{"rendered":"<p>Alfa Plam Dominant 90H on monik\u00e4ytt\u00f6inen puul\u00e4mmitteinen liesi, joka on tunnettu erinomaisesta laadustaan ja muotoilustaan. Se ilment\u00e4\u00e4 harvinaisen yhdistelm\u00e4n perinteisi\u00e4 ja moderneja esteettisi\u00e4 elementtej\u00e4 ja lis\u00e4\u00e4 erottuvaa kosketusta mihin tahansa tilaan. T\u00e4m\u00e4 liesi antaa ainutlaatuisen maun jokaiselle sill\u00e4 valmistetulle ruoalle. <\/p>\n","protected":false},"featured_media":27850,"template":"","meta":{"_acf_changed":false},"product_brand":[],"product_cat":[9689,9723],"product_tag":[],"class_list":{"0":"post-27869","1":"product","2":"type-product","3":"status-publish","4":"has-post-thumbnail","6":"brands-alfa-plam-fi","7":"product_cat-puuhellat-ja-liedet","8":"product_cat-ale","10":"first","11":"instock","12":"shipping-taxable","13":"purchasable","14":"product-type-simple"},"acf":[],"yoast_head":"<!-- This site is optimized with the Yoast SEO plugin v27.2 - https:\/\/yoast.com\/product\/yoast-seo-wordpress\/ -->\n<title>Puuliesi Alfa Plam DOMINANT 90H - Kodukolle<\/title>\n<meta name=\"description\" content=\"Alfa Plam Dominant 90H on monik\u00e4ytt\u00f6inen puul\u00e4mmitteinen liesi, joka on tunnettu erinomaisesta laadustaan ja muotoilustaan.\" \/>\n<meta name=\"robots\" content=\"index, follow, max-snippet:-1, max-image-preview:large, max-video-preview:-1\" \/>\n<link rel=\"canonical\" href=\"https:\/\/kodukolle.ee\/fi\/tuote\/puuliesi-alfa-plam-dominant-90h\/\" \/>\n<meta property=\"og:locale\" content=\"fi_FI\" \/>\n<meta property=\"og:type\" content=\"article\" \/>\n<meta property=\"og:title\" content=\"Puuliesi Alfa Plam DOMINANT 90H - Kodukolle\" \/>\n<meta property=\"og:description\" content=\"Alfa Plam Dominant 90H on monik\u00e4ytt\u00f6inen puul\u00e4mmitteinen liesi, joka on tunnettu erinomaisesta laadustaan ja muotoilustaan.\" \/>\n<meta property=\"og:url\" content=\"https:\/\/kodukolle.ee\/fi\/tuote\/puuliesi-alfa-plam-dominant-90h\/\" \/>\n<meta property=\"og:site_name\" content=\"Kodukolle\" \/>\n<meta property=\"article:modified_time\" content=\"2026-04-07T22:33:27+00:00\" \/>\n<meta property=\"og:image\" content=\"https:\/\/kodukolle.ee\/wp-content\/uploads\/2019\/07\/Alfa-Plam-Dominant-90H.jpg\" \/>\n\t<meta property=\"og:image:width\" content=\"1275\" \/>\n\t<meta property=\"og:image:height\" content=\"1275\" \/>\n\t<meta property=\"og:image:type\" content=\"image\/jpeg\" \/>\n<meta name=\"twitter:card\" content=\"summary_large_image\" \/>\n<script type=\"application\/ld+json\" class=\"yoast-schema-graph\">{\"@context\":\"https:\/\/schema.org\",\"@graph\":[{\"@type\":\"WebPage\",\"@id\":\"https:\/\/kodukolle.ee\/fi\/tuote\/puuliesi-alfa-plam-dominant-90h\/\",\"url\":\"https:\/\/kodukolle.ee\/fi\/tuote\/puuliesi-alfa-plam-dominant-90h\/\",\"name\":\"Puuliesi Alfa Plam DOMINANT 90H - Kodukolle\",\"isPartOf\":{\"@id\":\"https:\/\/kodukolle.ee\/en\/#website\"},\"primaryImageOfPage\":{\"@id\":\"https:\/\/kodukolle.ee\/fi\/tuote\/puuliesi-alfa-plam-dominant-90h\/#primaryimage\"},\"image\":{\"@id\":\"https:\/\/kodukolle.ee\/fi\/tuote\/puuliesi-alfa-plam-dominant-90h\/#primaryimage\"},\"thumbnailUrl\":\"https:\/\/kodukolle.ee\/wp-content\/uploads\/2019\/07\/Alfa-Plam-Dominant-90H.jpg\",\"datePublished\":\"2019-07-26T05:24:29+00:00\",\"dateModified\":\"2026-04-07T22:33:27+00:00\",\"description\":\"Alfa Plam Dominant 90H on monik\u00e4ytt\u00f6inen puul\u00e4mmitteinen liesi, joka on tunnettu erinomaisesta laadustaan ja muotoilustaan.\",\"breadcrumb\":{\"@id\":\"https:\/\/kodukolle.ee\/fi\/tuote\/puuliesi-alfa-plam-dominant-90h\/#breadcrumb\"},\"inLanguage\":\"fi\",\"potentialAction\":[{\"@type\":\"ReadAction\",\"target\":[\"https:\/\/kodukolle.ee\/fi\/tuote\/puuliesi-alfa-plam-dominant-90h\/\"]}]},{\"@type\":\"ImageObject\",\"inLanguage\":\"fi\",\"@id\":\"https:\/\/kodukolle.ee\/fi\/tuote\/puuliesi-alfa-plam-dominant-90h\/#primaryimage\",\"url\":\"https:\/\/kodukolle.ee\/wp-content\/uploads\/2019\/07\/Alfa-Plam-Dominant-90H.jpg\",\"contentUrl\":\"https:\/\/kodukolle.ee\/wp-content\/uploads\/2019\/07\/Alfa-Plam-Dominant-90H.jpg\",\"width\":1275,\"height\":1275,\"caption\":\"Alfa Plam Dominant 90H\"},{\"@type\":\"BreadcrumbList\",\"@id\":\"https:\/\/kodukolle.ee\/fi\/tuote\/puuliesi-alfa-plam-dominant-90h\/#breadcrumb\",\"itemListElement\":[{\"@type\":\"ListItem\",\"position\":1,\"name\":\"Home\",\"item\":\"https:\/\/kodukolle.ee\/fi\/\"},{\"@type\":\"ListItem\",\"position\":2,\"name\":\"Tuotteet\",\"item\":\"https:\/\/kodukolle.ee\/fi\/tuotteet\/\"},{\"@type\":\"ListItem\",\"position\":3,\"name\":\"Puuliesi Alfa Plam DOMINANT 90H\"}]},{\"@type\":\"WebSite\",\"@id\":\"https:\/\/kodukolle.ee\/en\/#website\",\"url\":\"https:\/\/kodukolle.ee\/en\/\",\"name\":\"Kodukolle\",\"description\":\"\",\"publisher\":{\"@id\":\"https:\/\/kodukolle.ee\/en\/#organization\"},\"potentialAction\":[{\"@type\":\"SearchAction\",\"target\":{\"@type\":\"EntryPoint\",\"urlTemplate\":\"https:\/\/kodukolle.ee\/en\/?s={search_term_string}\"},\"query-input\":{\"@type\":\"PropertyValueSpecification\",\"valueRequired\":true,\"valueName\":\"search_term_string\"}}],\"inLanguage\":\"fi\"},{\"@type\":\"Organization\",\"@id\":\"https:\/\/kodukolle.ee\/en\/#organization\",\"name\":\"Kodukolle\",\"url\":\"https:\/\/kodukolle.ee\/en\/\",\"logo\":{\"@type\":\"ImageObject\",\"inLanguage\":\"fi\",\"@id\":\"https:\/\/kodukolle.ee\/en\/#\/schema\/logo\/image\/\",\"url\":\"https:\/\/kodukolle.ee\/wp-content\/uploads\/2025\/06\/logo_must_gradient.svg\",\"contentUrl\":\"https:\/\/kodukolle.ee\/wp-content\/uploads\/2025\/06\/logo_must_gradient.svg\",\"caption\":\"Kodukolle\"},\"image\":{\"@id\":\"https:\/\/kodukolle.ee\/en\/#\/schema\/logo\/image\/\"}}]}<\/script>\n<!-- \/ Yoast SEO plugin. -->","yoast_head_json":{"title":"Puuliesi Alfa Plam DOMINANT 90H - Kodukolle","description":"Alfa Plam Dominant 90H on monik\u00e4ytt\u00f6inen puul\u00e4mmitteinen liesi, joka on tunnettu erinomaisesta laadustaan ja muotoilustaan.","robots":{"index":"index","follow":"follow","max-snippet":"max-snippet:-1","max-image-preview":"max-image-preview:large","max-video-preview":"max-video-preview:-1"},"canonical":"https:\/\/kodukolle.ee\/fi\/tuote\/puuliesi-alfa-plam-dominant-90h\/","og_locale":"fi_FI","og_type":"article","og_title":"Puuliesi Alfa Plam DOMINANT 90H - Kodukolle","og_description":"Alfa Plam Dominant 90H on monik\u00e4ytt\u00f6inen puul\u00e4mmitteinen liesi, joka on tunnettu erinomaisesta laadustaan ja muotoilustaan.","og_url":"https:\/\/kodukolle.ee\/fi\/tuote\/puuliesi-alfa-plam-dominant-90h\/","og_site_name":"Kodukolle","article_modified_time":"2026-04-07T22:33:27+00:00","og_image":[{"width":1275,"height":1275,"url":"https:\/\/kodukolle.ee\/wp-content\/uploads\/2019\/07\/Alfa-Plam-Dominant-90H.jpg","type":"image\/jpeg"}],"twitter_card":"summary_large_image","schema":{"@context":"https:\/\/schema.org","@graph":[{"@type":"WebPage","@id":"https:\/\/kodukolle.ee\/fi\/tuote\/puuliesi-alfa-plam-dominant-90h\/","url":"https:\/\/kodukolle.ee\/fi\/tuote\/puuliesi-alfa-plam-dominant-90h\/","name":"Puuliesi Alfa Plam DOMINANT 90H - Kodukolle","isPartOf":{"@id":"https:\/\/kodukolle.ee\/en\/#website"},"primaryImageOfPage":{"@id":"https:\/\/kodukolle.ee\/fi\/tuote\/puuliesi-alfa-plam-dominant-90h\/#primaryimage"},"image":{"@id":"https:\/\/kodukolle.ee\/fi\/tuote\/puuliesi-alfa-plam-dominant-90h\/#primaryimage"},"thumbnailUrl":"https:\/\/kodukolle.ee\/wp-content\/uploads\/2019\/07\/Alfa-Plam-Dominant-90H.jpg","datePublished":"2019-07-26T05:24:29+00:00","dateModified":"2026-04-07T22:33:27+00:00","description":"Alfa Plam Dominant 90H on monik\u00e4ytt\u00f6inen puul\u00e4mmitteinen liesi, joka on tunnettu erinomaisesta laadustaan ja muotoilustaan.","breadcrumb":{"@id":"https:\/\/kodukolle.ee\/fi\/tuote\/puuliesi-alfa-plam-dominant-90h\/#breadcrumb"},"inLanguage":"fi","potentialAction":[{"@type":"ReadAction","target":["https:\/\/kodukolle.ee\/fi\/tuote\/puuliesi-alfa-plam-dominant-90h\/"]}]},{"@type":"ImageObject","inLanguage":"fi","@id":"https:\/\/kodukolle.ee\/fi\/tuote\/puuliesi-alfa-plam-dominant-90h\/#primaryimage","url":"https:\/\/kodukolle.ee\/wp-content\/uploads\/2019\/07\/Alfa-Plam-Dominant-90H.jpg","contentUrl":"https:\/\/kodukolle.ee\/wp-content\/uploads\/2019\/07\/Alfa-Plam-Dominant-90H.jpg","width":1275,"height":1275,"caption":"Alfa Plam Dominant 90H"},{"@type":"BreadcrumbList","@id":"https:\/\/kodukolle.ee\/fi\/tuote\/puuliesi-alfa-plam-dominant-90h\/#breadcrumb","itemListElement":[{"@type":"ListItem","position":1,"name":"Home","item":"https:\/\/kodukolle.ee\/fi\/"},{"@type":"ListItem","position":2,"name":"Tuotteet","item":"https:\/\/kodukolle.ee\/fi\/tuotteet\/"},{"@type":"ListItem","position":3,"name":"Puuliesi Alfa Plam DOMINANT 90H"}]},{"@type":"WebSite","@id":"https:\/\/kodukolle.ee\/en\/#website","url":"https:\/\/kodukolle.ee\/en\/","name":"Kodukolle","description":"","publisher":{"@id":"https:\/\/kodukolle.ee\/en\/#organization"},"potentialAction":[{"@type":"SearchAction","target":{"@type":"EntryPoint","urlTemplate":"https:\/\/kodukolle.ee\/en\/?s={search_term_string}"},"query-input":{"@type":"PropertyValueSpecification","valueRequired":true,"valueName":"search_term_string"}}],"inLanguage":"fi"},{"@type":"Organization","@id":"https:\/\/kodukolle.ee\/en\/#organization","name":"Kodukolle","url":"https:\/\/kodukolle.ee\/en\/","logo":{"@type":"ImageObject","inLanguage":"fi","@id":"https:\/\/kodukolle.ee\/en\/#\/schema\/logo\/image\/","url":"https:\/\/kodukolle.ee\/wp-content\/uploads\/2025\/06\/logo_must_gradient.svg","contentUrl":"https:\/\/kodukolle.ee\/wp-content\/uploads\/2025\/06\/logo_must_gradient.svg","caption":"Kodukolle"},"image":{"@id":"https:\/\/kodukolle.ee\/en\/#\/schema\/logo\/image\/"}}]}},"_links":{"self":[{"href":"https:\/\/kodukolle.ee\/fi\/wp-json\/wp\/v2\/product\/27869","targetHints":{"allow":["GET"]}}],"collection":[{"href":"https:\/\/kodukolle.ee\/fi\/wp-json\/wp\/v2\/product"}],"about":[{"href":"https:\/\/kodukolle.ee\/fi\/wp-json\/wp\/v2\/types\/product"}],"wp:featuredmedia":[{"embeddable":true,"href":"https:\/\/kodukolle.ee\/fi\/wp-json\/wp\/v2\/media\/27850"}],"wp:attachment":[{"href":"https:\/\/kodukolle.ee\/fi\/wp-json\/wp\/v2\/media?parent=27869"}],"wp:term":[{"taxonomy":"product_brand","embeddable":true,"href":"https:\/\/kodukolle.ee\/fi\/wp-json\/wp\/v2\/product_brand?post=27869"},{"taxonomy":"product_cat","embeddable":true,"href":"https:\/\/kodukolle.ee\/fi\/wp-json\/wp\/v2\/product_cat?post=27869"},{"taxonomy":"product_tag","embeddable":true,"href":"https:\/\/kodukolle.ee\/fi\/wp-json\/wp\/v2\/product_tag?post=27869"}],"curies":[{"name":"wp","href":"https:\/\/api.w.org\/{rel}","templated":true}]}}