{"id":27979,"date":"2019-08-13T17:25:49","date_gmt":"2019-08-13T14:25:49","guid":{"rendered":"https:\/\/kodukolle.ee\/?post_type=product&#038;p=27979"},"modified":"2026-01-01T23:00:02","modified_gmt":"2026-01-01T21:00:02","slug":"keskuslammitys-pellettitakka-alfa-plam-commo-15","status":"publish","type":"product","link":"https:\/\/kodukolle.ee\/fi\/tuote\/keskuslammitys-pellettitakka-alfa-plam-commo-15\/","title":{"rendered":"Keskusl\u00e4mmitys pellettitakka Alfa Plam COMMO 15 (H20)"},"content":{"rendered":"<p>Alfa Plam Commo 15 keskusl\u00e4mmitys pellettitakka luo kompaktein mitoillaan ja yksinkertaisella muotoilullaan l\u00e4mpim\u00e4n tunnelman kotiisi. Sen korkea automaatio ja ty\u00f6n autonomia takaavat maksimaalisen helppok\u00e4ytt\u00f6isyyden. Se on taloudellinen ja luotettava, eritt\u00e4in tehokas keskusl\u00e4mmitysj\u00e4rjestelm\u00e4.<\/p>\n<p><strong>EDUT:<\/strong> <\/p>\n<ul>\n<li>Kotelo ja tulipes\u00e4n ovi on valmistettu korkealaatuisesta peltilevyst\u00e4 ja p\u00e4\u00e4llystetty korkean l\u00e4mp\u00f6tilan kest\u00e4v\u00e4ll\u00e4 maalilla ja lakalla<\/li>\n<li>Suuren l\u00e4mm\u00f6nkest\u00e4v\u00e4n keraamisen lasin palokammion oven l\u00e4pi n\u00e4kyv\u00e4 liekki tuo lis\u00e4l\u00e4mp\u00f6\u00e4 kotiisi<\/li>\n<li>Kaikki j\u00e4rjestelm\u00e4n toimintaan tarvittavat komponentit (paisuntas\u00e4ili\u00f6, vesipumppu, varoventtiili ja ilmaventtiili) on sis\u00e4\u00e4nrakennettu<\/li>\n<li>Pellettitakka mahdollistaa toiminnan viikoittaisen ohjelmoinnin, ja siin\u00e4 on viisi tehotasoa yksil\u00f6lliseen l\u00e4mm\u00f6ns\u00e4\u00e4t\u00f6\u00f6n<\/li>\n<li>Sis\u00e4\u00e4nrakennetut turvatermostaatit est\u00e4v\u00e4t kattilan veden ylikuumenemisen ja takan itsest\u00e4\u00e4n syttymisen<\/li>\n<li>Takkaan integroidut puhdistusj\u00e4rjestelm\u00e4t helpottavat huoltoa ja varmistavat luotettavan toiminnan<\/li>\n<li>Mahdollisuus k\u00e4ytt\u00e4\u00e4 kaukos\u00e4\u00e4dint\u00e4<\/li>\n<li>Takkaan on mahdollista l\u00e4mmitt\u00e4\u00e4 saniteettivesi (kattila) ja se voidaan liitt\u00e4\u00e4 lattial\u00e4mmitysj\u00e4rjestelm\u00e4\u00e4n kokonaisvaltaisten l\u00e4mmitysratkaisujen saamiseksi<\/li>\n<li>Takka tarjoaa k\u00e4tev\u00e4n kauko-ohjauksen Android- ja iOS-sovellusten kautta, jolloin k\u00e4ytt\u00e4j\u00e4t voivat hallita sen toimintaa mobiililaitteistaan<\/li>\n<\/ul>\n<p>&nbsp;<\/p>\n","protected":false},"excerpt":{"rendered":"<p>Alfa Plam Commo 15 keskusl\u00e4mmitys pellettitakka luo kompaktein mitoillaan ja yksinkertaisella muotoilullaan l\u00e4mpim\u00e4n tunnelman kotiisi. Sen korkea automaatio ja ty\u00f6n autonomia takaavat maksimaalisen helppok\u00e4ytt\u00f6isyyden. Se on taloudellinen ja luotettava, eritt\u00e4in tehokas keskusl\u00e4mmitysj\u00e4rjestelm\u00e4.<\/p>\n","protected":false},"featured_media":27957,"template":"","meta":{"_acf_changed":false},"product_brand":[],"product_cat":[9687,9688],"product_tag":[],"class_list":{"0":"post-27979","1":"product","2":"type-product","3":"status-publish","4":"has-post-thumbnail","6":"brands-alfa-plam-fi","7":"product_cat-pellettitakat","8":"product_cat-keskuslammitys","10":"first","11":"instock","12":"shipping-taxable","13":"purchasable","14":"product-type-simple"},"acf":[],"yoast_head":"<!-- This site is optimized with the Yoast SEO plugin v27.2 - https:\/\/yoast.com\/product\/yoast-seo-wordpress\/ -->\n<title>Keskusl\u00e4mmitys pellettitakka Alfa Plam COMMO 15 (H20) - Kodukolle<\/title>\n<meta name=\"description\" content=\"Alfa Plam Commo 15 keskusl\u00e4mmitys pellettitakka luo kompaktein mitoillaan ja yksinkertaisella muotoilullaan l\u00e4mpim\u00e4n tunnelman kotiisi.\" \/>\n<meta name=\"robots\" content=\"index, follow, max-snippet:-1, max-image-preview:large, max-video-preview:-1\" \/>\n<link rel=\"canonical\" href=\"https:\/\/kodukolle.ee\/fi\/tuote\/keskuslammitys-pellettitakka-alfa-plam-commo-15\/\" \/>\n<meta property=\"og:locale\" content=\"fi_FI\" \/>\n<meta property=\"og:type\" content=\"article\" \/>\n<meta property=\"og:title\" content=\"Keskusl\u00e4mmitys pellettitakka Alfa Plam COMMO 15 (H20) - Kodukolle\" \/>\n<meta property=\"og:description\" content=\"Alfa Plam Commo 15 keskusl\u00e4mmitys pellettitakka luo kompaktein mitoillaan ja yksinkertaisella muotoilullaan l\u00e4mpim\u00e4n tunnelman kotiisi.\" \/>\n<meta property=\"og:url\" content=\"https:\/\/kodukolle.ee\/fi\/tuote\/keskuslammitys-pellettitakka-alfa-plam-commo-15\/\" \/>\n<meta property=\"og:site_name\" content=\"Kodukolle\" \/>\n<meta property=\"article:modified_time\" content=\"2026-01-01T21:00:02+00:00\" \/>\n<meta property=\"og:image\" content=\"https:\/\/kodukolle.ee\/wp-content\/uploads\/2019\/08\/Alfa-Plam-Commo-15-1.jpeg\" \/>\n\t<meta property=\"og:image:width\" content=\"940\" \/>\n\t<meta property=\"og:image:height\" content=\"838\" \/>\n\t<meta property=\"og:image:type\" content=\"image\/jpeg\" \/>\n<meta name=\"twitter:card\" content=\"summary_large_image\" \/>\n<meta name=\"twitter:label1\" content=\"Est. reading time\" \/>\n\t<meta name=\"twitter:data1\" content=\"1 minuutti\" \/>\n<script type=\"application\/ld+json\" class=\"yoast-schema-graph\">{\"@context\":\"https:\/\/schema.org\",\"@graph\":[{\"@type\":\"WebPage\",\"@id\":\"https:\/\/kodukolle.ee\/fi\/tuote\/keskuslammitys-pellettitakka-alfa-plam-commo-15\/\",\"url\":\"https:\/\/kodukolle.ee\/fi\/tuote\/keskuslammitys-pellettitakka-alfa-plam-commo-15\/\",\"name\":\"Keskusl\u00e4mmitys pellettitakka Alfa Plam COMMO 15 (H20) - Kodukolle\",\"isPartOf\":{\"@id\":\"https:\/\/kodukolle.ee\/en\/#website\"},\"primaryImageOfPage\":{\"@id\":\"https:\/\/kodukolle.ee\/fi\/tuote\/keskuslammitys-pellettitakka-alfa-plam-commo-15\/#primaryimage\"},\"image\":{\"@id\":\"https:\/\/kodukolle.ee\/fi\/tuote\/keskuslammitys-pellettitakka-alfa-plam-commo-15\/#primaryimage\"},\"thumbnailUrl\":\"https:\/\/kodukolle.ee\/wp-content\/uploads\/2019\/08\/Alfa-Plam-Commo-15-1.jpeg\",\"datePublished\":\"2019-08-13T14:25:49+00:00\",\"dateModified\":\"2026-01-01T21:00:02+00:00\",\"description\":\"Alfa Plam Commo 15 keskusl\u00e4mmitys pellettitakka luo kompaktein mitoillaan ja yksinkertaisella muotoilullaan l\u00e4mpim\u00e4n tunnelman kotiisi.\",\"breadcrumb\":{\"@id\":\"https:\/\/kodukolle.ee\/fi\/tuote\/keskuslammitys-pellettitakka-alfa-plam-commo-15\/#breadcrumb\"},\"inLanguage\":\"fi\",\"potentialAction\":[{\"@type\":\"ReadAction\",\"target\":[\"https:\/\/kodukolle.ee\/fi\/tuote\/keskuslammitys-pellettitakka-alfa-plam-commo-15\/\"]}]},{\"@type\":\"ImageObject\",\"inLanguage\":\"fi\",\"@id\":\"https:\/\/kodukolle.ee\/fi\/tuote\/keskuslammitys-pellettitakka-alfa-plam-commo-15\/#primaryimage\",\"url\":\"https:\/\/kodukolle.ee\/wp-content\/uploads\/2019\/08\/Alfa-Plam-Commo-15-1.jpeg\",\"contentUrl\":\"https:\/\/kodukolle.ee\/wp-content\/uploads\/2019\/08\/Alfa-Plam-Commo-15-1.jpeg\",\"width\":940,\"height\":838,\"caption\":\"Alfa Plam Commo 15\"},{\"@type\":\"BreadcrumbList\",\"@id\":\"https:\/\/kodukolle.ee\/fi\/tuote\/keskuslammitys-pellettitakka-alfa-plam-commo-15\/#breadcrumb\",\"itemListElement\":[{\"@type\":\"ListItem\",\"position\":1,\"name\":\"Home\",\"item\":\"https:\/\/kodukolle.ee\/fi\/\"},{\"@type\":\"ListItem\",\"position\":2,\"name\":\"Tuotteet\",\"item\":\"https:\/\/kodukolle.ee\/fi\/tuotteet\/\"},{\"@type\":\"ListItem\",\"position\":3,\"name\":\"Keskusl\u00e4mmitys pellettitakka Alfa Plam COMMO 15 (H20)\"}]},{\"@type\":\"WebSite\",\"@id\":\"https:\/\/kodukolle.ee\/en\/#website\",\"url\":\"https:\/\/kodukolle.ee\/en\/\",\"name\":\"Kodukolle\",\"description\":\"\",\"publisher\":{\"@id\":\"https:\/\/kodukolle.ee\/en\/#organization\"},\"potentialAction\":[{\"@type\":\"SearchAction\",\"target\":{\"@type\":\"EntryPoint\",\"urlTemplate\":\"https:\/\/kodukolle.ee\/en\/?s={search_term_string}\"},\"query-input\":{\"@type\":\"PropertyValueSpecification\",\"valueRequired\":true,\"valueName\":\"search_term_string\"}}],\"inLanguage\":\"fi\"},{\"@type\":\"Organization\",\"@id\":\"https:\/\/kodukolle.ee\/en\/#organization\",\"name\":\"Kodukolle\",\"url\":\"https:\/\/kodukolle.ee\/en\/\",\"logo\":{\"@type\":\"ImageObject\",\"inLanguage\":\"fi\",\"@id\":\"https:\/\/kodukolle.ee\/en\/#\/schema\/logo\/image\/\",\"url\":\"https:\/\/kodukolle.ee\/wp-content\/uploads\/2025\/06\/logo_must_gradient.svg\",\"contentUrl\":\"https:\/\/kodukolle.ee\/wp-content\/uploads\/2025\/06\/logo_must_gradient.svg\",\"caption\":\"Kodukolle\"},\"image\":{\"@id\":\"https:\/\/kodukolle.ee\/en\/#\/schema\/logo\/image\/\"}}]}<\/script>\n<!-- \/ Yoast SEO plugin. -->","yoast_head_json":{"title":"Keskusl\u00e4mmitys pellettitakka Alfa Plam COMMO 15 (H20) - Kodukolle","description":"Alfa Plam Commo 15 keskusl\u00e4mmitys pellettitakka luo kompaktein mitoillaan ja yksinkertaisella muotoilullaan l\u00e4mpim\u00e4n tunnelman kotiisi.","robots":{"index":"index","follow":"follow","max-snippet":"max-snippet:-1","max-image-preview":"max-image-preview:large","max-video-preview":"max-video-preview:-1"},"canonical":"https:\/\/kodukolle.ee\/fi\/tuote\/keskuslammitys-pellettitakka-alfa-plam-commo-15\/","og_locale":"fi_FI","og_type":"article","og_title":"Keskusl\u00e4mmitys pellettitakka Alfa Plam COMMO 15 (H20) - Kodukolle","og_description":"Alfa Plam Commo 15 keskusl\u00e4mmitys pellettitakka luo kompaktein mitoillaan ja yksinkertaisella muotoilullaan l\u00e4mpim\u00e4n tunnelman kotiisi.","og_url":"https:\/\/kodukolle.ee\/fi\/tuote\/keskuslammitys-pellettitakka-alfa-plam-commo-15\/","og_site_name":"Kodukolle","article_modified_time":"2026-01-01T21:00:02+00:00","og_image":[{"width":940,"height":838,"url":"https:\/\/kodukolle.ee\/wp-content\/uploads\/2019\/08\/Alfa-Plam-Commo-15-1.jpeg","type":"image\/jpeg"}],"twitter_card":"summary_large_image","twitter_misc":{"Est. reading time":"1 minuutti"},"schema":{"@context":"https:\/\/schema.org","@graph":[{"@type":"WebPage","@id":"https:\/\/kodukolle.ee\/fi\/tuote\/keskuslammitys-pellettitakka-alfa-plam-commo-15\/","url":"https:\/\/kodukolle.ee\/fi\/tuote\/keskuslammitys-pellettitakka-alfa-plam-commo-15\/","name":"Keskusl\u00e4mmitys pellettitakka Alfa Plam COMMO 15 (H20) - Kodukolle","isPartOf":{"@id":"https:\/\/kodukolle.ee\/en\/#website"},"primaryImageOfPage":{"@id":"https:\/\/kodukolle.ee\/fi\/tuote\/keskuslammitys-pellettitakka-alfa-plam-commo-15\/#primaryimage"},"image":{"@id":"https:\/\/kodukolle.ee\/fi\/tuote\/keskuslammitys-pellettitakka-alfa-plam-commo-15\/#primaryimage"},"thumbnailUrl":"https:\/\/kodukolle.ee\/wp-content\/uploads\/2019\/08\/Alfa-Plam-Commo-15-1.jpeg","datePublished":"2019-08-13T14:25:49+00:00","dateModified":"2026-01-01T21:00:02+00:00","description":"Alfa Plam Commo 15 keskusl\u00e4mmitys pellettitakka luo kompaktein mitoillaan ja yksinkertaisella muotoilullaan l\u00e4mpim\u00e4n tunnelman kotiisi.","breadcrumb":{"@id":"https:\/\/kodukolle.ee\/fi\/tuote\/keskuslammitys-pellettitakka-alfa-plam-commo-15\/#breadcrumb"},"inLanguage":"fi","potentialAction":[{"@type":"ReadAction","target":["https:\/\/kodukolle.ee\/fi\/tuote\/keskuslammitys-pellettitakka-alfa-plam-commo-15\/"]}]},{"@type":"ImageObject","inLanguage":"fi","@id":"https:\/\/kodukolle.ee\/fi\/tuote\/keskuslammitys-pellettitakka-alfa-plam-commo-15\/#primaryimage","url":"https:\/\/kodukolle.ee\/wp-content\/uploads\/2019\/08\/Alfa-Plam-Commo-15-1.jpeg","contentUrl":"https:\/\/kodukolle.ee\/wp-content\/uploads\/2019\/08\/Alfa-Plam-Commo-15-1.jpeg","width":940,"height":838,"caption":"Alfa Plam Commo 15"},{"@type":"BreadcrumbList","@id":"https:\/\/kodukolle.ee\/fi\/tuote\/keskuslammitys-pellettitakka-alfa-plam-commo-15\/#breadcrumb","itemListElement":[{"@type":"ListItem","position":1,"name":"Home","item":"https:\/\/kodukolle.ee\/fi\/"},{"@type":"ListItem","position":2,"name":"Tuotteet","item":"https:\/\/kodukolle.ee\/fi\/tuotteet\/"},{"@type":"ListItem","position":3,"name":"Keskusl\u00e4mmitys pellettitakka Alfa Plam COMMO 15 (H20)"}]},{"@type":"WebSite","@id":"https:\/\/kodukolle.ee\/en\/#website","url":"https:\/\/kodukolle.ee\/en\/","name":"Kodukolle","description":"","publisher":{"@id":"https:\/\/kodukolle.ee\/en\/#organization"},"potentialAction":[{"@type":"SearchAction","target":{"@type":"EntryPoint","urlTemplate":"https:\/\/kodukolle.ee\/en\/?s={search_term_string}"},"query-input":{"@type":"PropertyValueSpecification","valueRequired":true,"valueName":"search_term_string"}}],"inLanguage":"fi"},{"@type":"Organization","@id":"https:\/\/kodukolle.ee\/en\/#organization","name":"Kodukolle","url":"https:\/\/kodukolle.ee\/en\/","logo":{"@type":"ImageObject","inLanguage":"fi","@id":"https:\/\/kodukolle.ee\/en\/#\/schema\/logo\/image\/","url":"https:\/\/kodukolle.ee\/wp-content\/uploads\/2025\/06\/logo_must_gradient.svg","contentUrl":"https:\/\/kodukolle.ee\/wp-content\/uploads\/2025\/06\/logo_must_gradient.svg","caption":"Kodukolle"},"image":{"@id":"https:\/\/kodukolle.ee\/en\/#\/schema\/logo\/image\/"}}]}},"_links":{"self":[{"href":"https:\/\/kodukolle.ee\/fi\/wp-json\/wp\/v2\/product\/27979","targetHints":{"allow":["GET"]}}],"collection":[{"href":"https:\/\/kodukolle.ee\/fi\/wp-json\/wp\/v2\/product"}],"about":[{"href":"https:\/\/kodukolle.ee\/fi\/wp-json\/wp\/v2\/types\/product"}],"wp:featuredmedia":[{"embeddable":true,"href":"https:\/\/kodukolle.ee\/fi\/wp-json\/wp\/v2\/media\/27957"}],"wp:attachment":[{"href":"https:\/\/kodukolle.ee\/fi\/wp-json\/wp\/v2\/media?parent=27979"}],"wp:term":[{"taxonomy":"product_brand","embeddable":true,"href":"https:\/\/kodukolle.ee\/fi\/wp-json\/wp\/v2\/product_brand?post=27979"},{"taxonomy":"product_cat","embeddable":true,"href":"https:\/\/kodukolle.ee\/fi\/wp-json\/wp\/v2\/product_cat?post=27979"},{"taxonomy":"product_tag","embeddable":true,"href":"https:\/\/kodukolle.ee\/fi\/wp-json\/wp\/v2\/product_tag?post=27979"}],"curies":[{"name":"wp","href":"https:\/\/api.w.org\/{rel}","templated":true}]}}