{"id":28024,"date":"2019-08-13T17:25:50","date_gmt":"2019-08-13T14:25:50","guid":{"rendered":"https:\/\/kodukolle.ee\/?post_type=product&#038;p=28024"},"modified":"2024-03-07T09:02:43","modified_gmt":"2024-03-07T07:02:43","slug":"keskuslammitys-pellettitakka-alfa-plam-commo-21","status":"publish","type":"product","link":"https:\/\/kodukolle.ee\/fi\/tuote\/keskuslammitys-pellettitakka-alfa-plam-commo-21\/","title":{"rendered":"Keskusl\u00e4mmitys pellettitakka Alfa Plam COMMO 21 (H20)"},"content":{"rendered":"<p>Laadukas keskusl\u00e4mmitys pellettitakka Alfa Plam Commo 21 on fiksu valinta. Valitse sisustukseesi sopivin v\u00e4ri. Korkea automaatio ja ty\u00f6n autonomia mahdollistavat maksimaalisen helppok\u00e4ytt\u00f6isyyden. Taloudellinen ja luotettava korkeatehoinen keskusl\u00e4mmitysj\u00e4rjestelm\u00e4.<\/p>\n<p><strong>EDUT:<\/strong> <\/p>\n<ul>\n<li>Kotelo ja tulipes\u00e4n ovi on valmistettu korkealaatuisesta peltilevyst\u00e4 ja p\u00e4\u00e4llystetty korkean l\u00e4mp\u00f6tilan kest\u00e4v\u00e4ll\u00e4 maalilla ja lakalla<\/li>\n<li>Suuren l\u00e4mm\u00f6nkest\u00e4v\u00e4n keraamisen lasin palokammion oven l\u00e4pi n\u00e4kyv\u00e4 liekki tuo lis\u00e4l\u00e4mp\u00f6\u00e4 kotiisi<\/li>\n<li>Kaikki j\u00e4rjestelm\u00e4n toimintaan tarvittavat komponentit (paisuntas\u00e4ili\u00f6, vesipumppu, varoventtiili ja ilmaventtiili) on sis\u00e4\u00e4nrakennettu<\/li>\n<li>Pellettitakka mahdollistaa toiminnan viikoittaisen ohjelmoinnin, ja siin\u00e4 on viisi tehotasoa yksil\u00f6lliseen l\u00e4mm\u00f6ns\u00e4\u00e4t\u00f6\u00f6n<\/li>\n<li>Sis\u00e4\u00e4nrakennetut turvatermostaatit est\u00e4v\u00e4t kattilan veden ylikuumenemisen ja takan itsest\u00e4\u00e4n syttymisen<\/li>\n<li>Takkaan integroidut puhdistusj\u00e4rjestelm\u00e4t helpottavat huoltoa ja varmistavat luotettavan toiminnan<\/li>\n<li>Mahdollisuus k\u00e4ytt\u00e4\u00e4 kaukos\u00e4\u00e4dint\u00e4<\/li>\n<li>Takkaan on mahdollista l\u00e4mmitt\u00e4\u00e4 saniteettivesi (kattila) ja se voidaan liitt\u00e4\u00e4 lattial\u00e4mmitysj\u00e4rjestelm\u00e4\u00e4n kokonaisvaltaisten l\u00e4mmitysratkaisujen saamiseksi<\/li>\n<li>Takka tarjoaa k\u00e4tev\u00e4n kauko-ohjauksen Android- ja iOS-sovellusten kautta, jolloin k\u00e4ytt\u00e4j\u00e4t voivat hallita sen toimintaa mobiililaitteistaan<\/li>\n<\/ul>\n<p>&nbsp;<\/p>\n","protected":false},"excerpt":{"rendered":"<p>Laadukas keskusl\u00e4mmitys pellettitakka Alfa Plam Commo 21 on fiksu valinta. Valitse sisustukseesi sopivin v\u00e4ri. Korkea automaatio ja ty\u00f6n autonomia mahdollistavat maksimaalisen helppok\u00e4ytt\u00f6isyyden. Taloudellinen ja luotettava korkeatehoinen keskusl\u00e4mmitysj\u00e4rjestelm\u00e4.<\/p>\n","protected":false},"featured_media":28003,"template":"","meta":{"_acf_changed":false},"product_brand":[],"product_cat":[9687,9688,9723],"product_tag":[],"class_list":{"0":"post-28024","1":"product","2":"type-product","3":"status-publish","4":"has-post-thumbnail","6":"brands-alfa-plam-fi","7":"product_cat-pellettitakat","8":"product_cat-keskuslammitys","9":"product_cat-ale","11":"first","12":"instock","13":"sale","14":"shipping-taxable","15":"purchasable","16":"product-type-simple"},"acf":[],"yoast_head":"<!-- This site is optimized with the Yoast SEO plugin v27.2 - https:\/\/yoast.com\/product\/yoast-seo-wordpress\/ -->\n<title>Keskusl\u00e4mmitys pellettitakka Alfa Plam COMMO 21 (H20) - Kodukolle<\/title>\n<meta name=\"description\" content=\"Laadukas keskusl\u00e4mmitys pellettitakka Alfa Plam Commo 21 on fiksu valinta. Valitse sisustukseesi sopivin v\u00e4ri.\" \/>\n<meta name=\"robots\" content=\"index, follow, max-snippet:-1, max-image-preview:large, max-video-preview:-1\" \/>\n<link rel=\"canonical\" href=\"https:\/\/kodukolle.ee\/fi\/tuote\/keskuslammitys-pellettitakka-alfa-plam-commo-21\/\" \/>\n<meta property=\"og:locale\" content=\"fi_FI\" \/>\n<meta property=\"og:type\" content=\"article\" \/>\n<meta property=\"og:title\" content=\"Keskusl\u00e4mmitys pellettitakka Alfa Plam COMMO 21 (H20) - Kodukolle\" \/>\n<meta property=\"og:description\" content=\"Laadukas keskusl\u00e4mmitys pellettitakka Alfa Plam Commo 21 on fiksu valinta. Valitse sisustukseesi sopivin v\u00e4ri.\" \/>\n<meta property=\"og:url\" content=\"https:\/\/kodukolle.ee\/fi\/tuote\/keskuslammitys-pellettitakka-alfa-plam-commo-21\/\" \/>\n<meta property=\"og:site_name\" content=\"Kodukolle\" \/>\n<meta property=\"article:modified_time\" content=\"2024-03-07T07:02:43+00:00\" \/>\n<meta property=\"og:image\" content=\"https:\/\/kodukolle.ee\/wp-content\/uploads\/2019\/08\/Alfa-Plam-Commo-21_1.jpg\" \/>\n\t<meta property=\"og:image:width\" content=\"995\" \/>\n\t<meta property=\"og:image:height\" content=\"994\" \/>\n\t<meta property=\"og:image:type\" content=\"image\/jpeg\" \/>\n<meta name=\"twitter:card\" content=\"summary_large_image\" \/>\n<script type=\"application\/ld+json\" class=\"yoast-schema-graph\">{\"@context\":\"https:\/\/schema.org\",\"@graph\":[{\"@type\":\"WebPage\",\"@id\":\"https:\/\/kodukolle.ee\/fi\/tuote\/keskuslammitys-pellettitakka-alfa-plam-commo-21\/\",\"url\":\"https:\/\/kodukolle.ee\/fi\/tuote\/keskuslammitys-pellettitakka-alfa-plam-commo-21\/\",\"name\":\"Keskusl\u00e4mmitys pellettitakka Alfa Plam COMMO 21 (H20) - Kodukolle\",\"isPartOf\":{\"@id\":\"https:\/\/kodukolle.ee\/en\/#website\"},\"primaryImageOfPage\":{\"@id\":\"https:\/\/kodukolle.ee\/fi\/tuote\/keskuslammitys-pellettitakka-alfa-plam-commo-21\/#primaryimage\"},\"image\":{\"@id\":\"https:\/\/kodukolle.ee\/fi\/tuote\/keskuslammitys-pellettitakka-alfa-plam-commo-21\/#primaryimage\"},\"thumbnailUrl\":\"https:\/\/kodukolle.ee\/wp-content\/uploads\/2019\/08\/Alfa-Plam-Commo-21_1.jpg\",\"datePublished\":\"2019-08-13T14:25:50+00:00\",\"dateModified\":\"2024-03-07T07:02:43+00:00\",\"description\":\"Laadukas keskusl\u00e4mmitys pellettitakka Alfa Plam Commo 21 on fiksu valinta. Valitse sisustukseesi sopivin v\u00e4ri.\",\"breadcrumb\":{\"@id\":\"https:\/\/kodukolle.ee\/fi\/tuote\/keskuslammitys-pellettitakka-alfa-plam-commo-21\/#breadcrumb\"},\"inLanguage\":\"fi\",\"potentialAction\":[{\"@type\":\"ReadAction\",\"target\":[\"https:\/\/kodukolle.ee\/fi\/tuote\/keskuslammitys-pellettitakka-alfa-plam-commo-21\/\"]}]},{\"@type\":\"ImageObject\",\"inLanguage\":\"fi\",\"@id\":\"https:\/\/kodukolle.ee\/fi\/tuote\/keskuslammitys-pellettitakka-alfa-plam-commo-21\/#primaryimage\",\"url\":\"https:\/\/kodukolle.ee\/wp-content\/uploads\/2019\/08\/Alfa-Plam-Commo-21_1.jpg\",\"contentUrl\":\"https:\/\/kodukolle.ee\/wp-content\/uploads\/2019\/08\/Alfa-Plam-Commo-21_1.jpg\",\"width\":995,\"height\":994,\"caption\":\"Alfa Plam Commo 21\"},{\"@type\":\"BreadcrumbList\",\"@id\":\"https:\/\/kodukolle.ee\/fi\/tuote\/keskuslammitys-pellettitakka-alfa-plam-commo-21\/#breadcrumb\",\"itemListElement\":[{\"@type\":\"ListItem\",\"position\":1,\"name\":\"Home\",\"item\":\"https:\/\/kodukolle.ee\/fi\/\"},{\"@type\":\"ListItem\",\"position\":2,\"name\":\"Tuotteet\",\"item\":\"https:\/\/kodukolle.ee\/fi\/tuotteet\/\"},{\"@type\":\"ListItem\",\"position\":3,\"name\":\"Keskusl\u00e4mmitys pellettitakka Alfa Plam COMMO 21 (H20)\"}]},{\"@type\":\"WebSite\",\"@id\":\"https:\/\/kodukolle.ee\/en\/#website\",\"url\":\"https:\/\/kodukolle.ee\/en\/\",\"name\":\"Kodukolle\",\"description\":\"\",\"publisher\":{\"@id\":\"https:\/\/kodukolle.ee\/en\/#organization\"},\"potentialAction\":[{\"@type\":\"SearchAction\",\"target\":{\"@type\":\"EntryPoint\",\"urlTemplate\":\"https:\/\/kodukolle.ee\/en\/?s={search_term_string}\"},\"query-input\":{\"@type\":\"PropertyValueSpecification\",\"valueRequired\":true,\"valueName\":\"search_term_string\"}}],\"inLanguage\":\"fi\"},{\"@type\":\"Organization\",\"@id\":\"https:\/\/kodukolle.ee\/en\/#organization\",\"name\":\"Kodukolle\",\"url\":\"https:\/\/kodukolle.ee\/en\/\",\"logo\":{\"@type\":\"ImageObject\",\"inLanguage\":\"fi\",\"@id\":\"https:\/\/kodukolle.ee\/en\/#\/schema\/logo\/image\/\",\"url\":\"https:\/\/kodukolle.ee\/wp-content\/uploads\/2025\/06\/logo_must_gradient.svg\",\"contentUrl\":\"https:\/\/kodukolle.ee\/wp-content\/uploads\/2025\/06\/logo_must_gradient.svg\",\"caption\":\"Kodukolle\"},\"image\":{\"@id\":\"https:\/\/kodukolle.ee\/en\/#\/schema\/logo\/image\/\"}}]}<\/script>\n<!-- \/ Yoast SEO plugin. -->","yoast_head_json":{"title":"Keskusl\u00e4mmitys pellettitakka Alfa Plam COMMO 21 (H20) - Kodukolle","description":"Laadukas keskusl\u00e4mmitys pellettitakka Alfa Plam Commo 21 on fiksu valinta. Valitse sisustukseesi sopivin v\u00e4ri.","robots":{"index":"index","follow":"follow","max-snippet":"max-snippet:-1","max-image-preview":"max-image-preview:large","max-video-preview":"max-video-preview:-1"},"canonical":"https:\/\/kodukolle.ee\/fi\/tuote\/keskuslammitys-pellettitakka-alfa-plam-commo-21\/","og_locale":"fi_FI","og_type":"article","og_title":"Keskusl\u00e4mmitys pellettitakka Alfa Plam COMMO 21 (H20) - Kodukolle","og_description":"Laadukas keskusl\u00e4mmitys pellettitakka Alfa Plam Commo 21 on fiksu valinta. Valitse sisustukseesi sopivin v\u00e4ri.","og_url":"https:\/\/kodukolle.ee\/fi\/tuote\/keskuslammitys-pellettitakka-alfa-plam-commo-21\/","og_site_name":"Kodukolle","article_modified_time":"2024-03-07T07:02:43+00:00","og_image":[{"width":995,"height":994,"url":"https:\/\/kodukolle.ee\/wp-content\/uploads\/2019\/08\/Alfa-Plam-Commo-21_1.jpg","type":"image\/jpeg"}],"twitter_card":"summary_large_image","schema":{"@context":"https:\/\/schema.org","@graph":[{"@type":"WebPage","@id":"https:\/\/kodukolle.ee\/fi\/tuote\/keskuslammitys-pellettitakka-alfa-plam-commo-21\/","url":"https:\/\/kodukolle.ee\/fi\/tuote\/keskuslammitys-pellettitakka-alfa-plam-commo-21\/","name":"Keskusl\u00e4mmitys pellettitakka Alfa Plam COMMO 21 (H20) - Kodukolle","isPartOf":{"@id":"https:\/\/kodukolle.ee\/en\/#website"},"primaryImageOfPage":{"@id":"https:\/\/kodukolle.ee\/fi\/tuote\/keskuslammitys-pellettitakka-alfa-plam-commo-21\/#primaryimage"},"image":{"@id":"https:\/\/kodukolle.ee\/fi\/tuote\/keskuslammitys-pellettitakka-alfa-plam-commo-21\/#primaryimage"},"thumbnailUrl":"https:\/\/kodukolle.ee\/wp-content\/uploads\/2019\/08\/Alfa-Plam-Commo-21_1.jpg","datePublished":"2019-08-13T14:25:50+00:00","dateModified":"2024-03-07T07:02:43+00:00","description":"Laadukas keskusl\u00e4mmitys pellettitakka Alfa Plam Commo 21 on fiksu valinta. Valitse sisustukseesi sopivin v\u00e4ri.","breadcrumb":{"@id":"https:\/\/kodukolle.ee\/fi\/tuote\/keskuslammitys-pellettitakka-alfa-plam-commo-21\/#breadcrumb"},"inLanguage":"fi","potentialAction":[{"@type":"ReadAction","target":["https:\/\/kodukolle.ee\/fi\/tuote\/keskuslammitys-pellettitakka-alfa-plam-commo-21\/"]}]},{"@type":"ImageObject","inLanguage":"fi","@id":"https:\/\/kodukolle.ee\/fi\/tuote\/keskuslammitys-pellettitakka-alfa-plam-commo-21\/#primaryimage","url":"https:\/\/kodukolle.ee\/wp-content\/uploads\/2019\/08\/Alfa-Plam-Commo-21_1.jpg","contentUrl":"https:\/\/kodukolle.ee\/wp-content\/uploads\/2019\/08\/Alfa-Plam-Commo-21_1.jpg","width":995,"height":994,"caption":"Alfa Plam Commo 21"},{"@type":"BreadcrumbList","@id":"https:\/\/kodukolle.ee\/fi\/tuote\/keskuslammitys-pellettitakka-alfa-plam-commo-21\/#breadcrumb","itemListElement":[{"@type":"ListItem","position":1,"name":"Home","item":"https:\/\/kodukolle.ee\/fi\/"},{"@type":"ListItem","position":2,"name":"Tuotteet","item":"https:\/\/kodukolle.ee\/fi\/tuotteet\/"},{"@type":"ListItem","position":3,"name":"Keskusl\u00e4mmitys pellettitakka Alfa Plam COMMO 21 (H20)"}]},{"@type":"WebSite","@id":"https:\/\/kodukolle.ee\/en\/#website","url":"https:\/\/kodukolle.ee\/en\/","name":"Kodukolle","description":"","publisher":{"@id":"https:\/\/kodukolle.ee\/en\/#organization"},"potentialAction":[{"@type":"SearchAction","target":{"@type":"EntryPoint","urlTemplate":"https:\/\/kodukolle.ee\/en\/?s={search_term_string}"},"query-input":{"@type":"PropertyValueSpecification","valueRequired":true,"valueName":"search_term_string"}}],"inLanguage":"fi"},{"@type":"Organization","@id":"https:\/\/kodukolle.ee\/en\/#organization","name":"Kodukolle","url":"https:\/\/kodukolle.ee\/en\/","logo":{"@type":"ImageObject","inLanguage":"fi","@id":"https:\/\/kodukolle.ee\/en\/#\/schema\/logo\/image\/","url":"https:\/\/kodukolle.ee\/wp-content\/uploads\/2025\/06\/logo_must_gradient.svg","contentUrl":"https:\/\/kodukolle.ee\/wp-content\/uploads\/2025\/06\/logo_must_gradient.svg","caption":"Kodukolle"},"image":{"@id":"https:\/\/kodukolle.ee\/en\/#\/schema\/logo\/image\/"}}]}},"_links":{"self":[{"href":"https:\/\/kodukolle.ee\/fi\/wp-json\/wp\/v2\/product\/28024","targetHints":{"allow":["GET"]}}],"collection":[{"href":"https:\/\/kodukolle.ee\/fi\/wp-json\/wp\/v2\/product"}],"about":[{"href":"https:\/\/kodukolle.ee\/fi\/wp-json\/wp\/v2\/types\/product"}],"wp:featuredmedia":[{"embeddable":true,"href":"https:\/\/kodukolle.ee\/fi\/wp-json\/wp\/v2\/media\/28003"}],"wp:attachment":[{"href":"https:\/\/kodukolle.ee\/fi\/wp-json\/wp\/v2\/media?parent=28024"}],"wp:term":[{"taxonomy":"product_brand","embeddable":true,"href":"https:\/\/kodukolle.ee\/fi\/wp-json\/wp\/v2\/product_brand?post=28024"},{"taxonomy":"product_cat","embeddable":true,"href":"https:\/\/kodukolle.ee\/fi\/wp-json\/wp\/v2\/product_cat?post=28024"},{"taxonomy":"product_tag","embeddable":true,"href":"https:\/\/kodukolle.ee\/fi\/wp-json\/wp\/v2\/product_tag?post=28024"}],"curies":[{"name":"wp","href":"https:\/\/api.w.org\/{rel}","templated":true}]}}