{"id":28160,"date":"2019-07-31T09:53:53","date_gmt":"2019-07-31T06:53:53","guid":{"rendered":"https:\/\/kodukolle.ee\/?post_type=product&#038;p=28160"},"modified":"2024-03-11T15:46:15","modified_gmt":"2024-03-11T13:46:15","slug":"keskuslammitysliesi-alfa-plam-alfa-term-27","status":"publish","type":"product","link":"https:\/\/kodukolle.ee\/fi\/tuote\/keskuslammitysliesi-alfa-plam-alfa-term-27\/","title":{"rendered":"Keskusl\u00e4mmitysliesi Alfa Plam ALFA TERM 27"},"content":{"rendered":"<p>Keskusl\u00e4mmitysliesi Alfa Plam Alfa Term 27 on erinomainen ratkaisu taloudelliseen l\u00e4mmitysj\u00e4rjestelm\u00e4\u00e4n. Se sopii erinomaisesti isompien asuintilojen l\u00e4mmitt\u00e4miseen ja mahdollistaa my\u00f6s perinteisen ruoanvalmistuksen.<\/p>\n<p><strong>EDUT:<\/strong> <\/p>\n<ul>\n<li>Keittotaso on valmistettu harjatusta ter\u00e4ksest\u00e4, mik\u00e4 lis\u00e4\u00e4 lieden kest\u00e4vyytt\u00e4 ja tyylik\u00e4st\u00e4 ulkon\u00e4k\u00f6\u00e4<\/li>\n<li>L\u00e4mm\u00f6nkest\u00e4v\u00e4 kaksoislasiovi on varustettu sis\u00e4\u00e4nrakennetulla l\u00e4mp\u00f6mittarilla, joka varmistaa tarkan l\u00e4mp\u00f6tilan hallinnan<\/li>\n<li>Liesiin on asennettu l\u00e4mp\u00f6mittari ja painemittari, jotka n\u00e4ytt\u00e4v\u00e4t veden l\u00e4mp\u00f6tilan ja vedenpaineen keskusl\u00e4mmityspiiriss\u00e4<\/li>\n<li>Liesi on varustettu l\u00e4mm\u00f6ns\u00e4\u00e4timell\u00e4, joka toimii termostaatin periaatteella<\/li>\n<li>Prim\u00e4\u00e4ri- ja toisioilman sy\u00f6t\u00f6n s\u00e4\u00e4t\u00f6 takaa tarkan ilman annostelun ja paremman palamistehokkuuden<\/li>\n<li>Keittotason ter\u00e4skansi tarjoaa sek\u00e4 suojaa ett\u00e4 esteettist\u00e4 ulkon\u00e4k\u00f6\u00e4<\/li>\n<li>Irrotettava tuhkalaatikko helppoon puhdistamiseen<\/li>\n<li>Alalaatikko polttopuiden tai keitti\u00f6tarvikkeiden k\u00e4tev\u00e4\u00e4n s\u00e4ilytykseen<\/li>\n<li>Hormiliit\u00e4nn\u00e4n sijainti: oikealla tai vasemmalla ja ylh\u00e4\u00e4ll\u00e4 monipuolisia asennuskokoonpanoja varten<\/li>\n<\/ul>\n<p>&nbsp;<\/p>\n","protected":false},"excerpt":{"rendered":"<p>Keskusl\u00e4mmitysliesi Alfa Plam Alfa Term 27 on erinomainen ratkaisu taloudelliseen l\u00e4mmitysj\u00e4rjestelm\u00e4\u00e4n. Se sopii erinomaisesti isompien asuintilojen l\u00e4mmitt\u00e4miseen ja mahdollistaa my\u00f6s perinteisen ruoanvalmistuksen.<\/p>\n","protected":false},"featured_media":28115,"template":"","meta":{"_acf_changed":false},"product_brand":[],"product_cat":[9688],"product_tag":[],"class_list":{"0":"post-28160","1":"product","2":"type-product","3":"status-publish","4":"has-post-thumbnail","6":"brands-alfa-plam-fi","7":"product_cat-keskuslammitys","9":"first","10":"instock","11":"shipping-taxable","12":"purchasable","13":"product-type-simple"},"acf":[],"yoast_head":"<!-- This site is optimized with the Yoast SEO plugin v27.2 - https:\/\/yoast.com\/product\/yoast-seo-wordpress\/ -->\n<title>Keskusl\u00e4mmitysliesi Alfa Plam ALFA TERM 27 - Kodukolle<\/title>\n<meta name=\"description\" content=\"Keskusl\u00e4mmitysliesi Alfa Plam Alfa Term 27 on erinomainen ratkaisu taloudelliseen l\u00e4mmitysj\u00e4rjestelm\u00e4\u00e4n.\" \/>\n<meta name=\"robots\" content=\"index, follow, max-snippet:-1, max-image-preview:large, max-video-preview:-1\" \/>\n<link rel=\"canonical\" href=\"https:\/\/kodukolle.ee\/fi\/tuote\/keskuslammitysliesi-alfa-plam-alfa-term-27\/\" \/>\n<meta property=\"og:locale\" content=\"fi_FI\" \/>\n<meta property=\"og:type\" content=\"article\" \/>\n<meta property=\"og:title\" content=\"Keskusl\u00e4mmitysliesi Alfa Plam ALFA TERM 27 - Kodukolle\" \/>\n<meta property=\"og:description\" content=\"Keskusl\u00e4mmitysliesi Alfa Plam Alfa Term 27 on erinomainen ratkaisu taloudelliseen l\u00e4mmitysj\u00e4rjestelm\u00e4\u00e4n.\" \/>\n<meta property=\"og:url\" content=\"https:\/\/kodukolle.ee\/fi\/tuote\/keskuslammitysliesi-alfa-plam-alfa-term-27\/\" \/>\n<meta property=\"og:site_name\" content=\"Kodukolle\" \/>\n<meta property=\"article:modified_time\" content=\"2024-03-11T13:46:15+00:00\" \/>\n<meta property=\"og:image\" content=\"https:\/\/kodukolle.ee\/wp-content\/uploads\/2019\/07\/Alfa-Plam-Alfa-Term-27.jpg\" \/>\n\t<meta property=\"og:image:width\" content=\"1025\" \/>\n\t<meta property=\"og:image:height\" content=\"836\" \/>\n\t<meta property=\"og:image:type\" content=\"image\/jpeg\" \/>\n<meta name=\"twitter:card\" content=\"summary_large_image\" \/>\n<meta name=\"twitter:label1\" content=\"Est. reading time\" \/>\n\t<meta name=\"twitter:data1\" content=\"1 minuutti\" \/>\n<script type=\"application\/ld+json\" class=\"yoast-schema-graph\">{\"@context\":\"https:\/\/schema.org\",\"@graph\":[{\"@type\":\"WebPage\",\"@id\":\"https:\/\/kodukolle.ee\/fi\/tuote\/keskuslammitysliesi-alfa-plam-alfa-term-27\/\",\"url\":\"https:\/\/kodukolle.ee\/fi\/tuote\/keskuslammitysliesi-alfa-plam-alfa-term-27\/\",\"name\":\"Keskusl\u00e4mmitysliesi Alfa Plam ALFA TERM 27 - Kodukolle\",\"isPartOf\":{\"@id\":\"https:\/\/kodukolle.ee\/en\/#website\"},\"primaryImageOfPage\":{\"@id\":\"https:\/\/kodukolle.ee\/fi\/tuote\/keskuslammitysliesi-alfa-plam-alfa-term-27\/#primaryimage\"},\"image\":{\"@id\":\"https:\/\/kodukolle.ee\/fi\/tuote\/keskuslammitysliesi-alfa-plam-alfa-term-27\/#primaryimage\"},\"thumbnailUrl\":\"https:\/\/kodukolle.ee\/wp-content\/uploads\/2019\/07\/Alfa-Plam-Alfa-Term-27.jpg\",\"datePublished\":\"2019-07-31T06:53:53+00:00\",\"dateModified\":\"2024-03-11T13:46:15+00:00\",\"description\":\"Keskusl\u00e4mmitysliesi Alfa Plam Alfa Term 27 on erinomainen ratkaisu taloudelliseen l\u00e4mmitysj\u00e4rjestelm\u00e4\u00e4n.\",\"breadcrumb\":{\"@id\":\"https:\/\/kodukolle.ee\/fi\/tuote\/keskuslammitysliesi-alfa-plam-alfa-term-27\/#breadcrumb\"},\"inLanguage\":\"fi\",\"potentialAction\":[{\"@type\":\"ReadAction\",\"target\":[\"https:\/\/kodukolle.ee\/fi\/tuote\/keskuslammitysliesi-alfa-plam-alfa-term-27\/\"]}]},{\"@type\":\"ImageObject\",\"inLanguage\":\"fi\",\"@id\":\"https:\/\/kodukolle.ee\/fi\/tuote\/keskuslammitysliesi-alfa-plam-alfa-term-27\/#primaryimage\",\"url\":\"https:\/\/kodukolle.ee\/wp-content\/uploads\/2019\/07\/Alfa-Plam-Alfa-Term-27.jpg\",\"contentUrl\":\"https:\/\/kodukolle.ee\/wp-content\/uploads\/2019\/07\/Alfa-Plam-Alfa-Term-27.jpg\",\"width\":1025,\"height\":836,\"caption\":\"Alfa Plam Alfa Term 27\"},{\"@type\":\"BreadcrumbList\",\"@id\":\"https:\/\/kodukolle.ee\/fi\/tuote\/keskuslammitysliesi-alfa-plam-alfa-term-27\/#breadcrumb\",\"itemListElement\":[{\"@type\":\"ListItem\",\"position\":1,\"name\":\"Home\",\"item\":\"https:\/\/kodukolle.ee\/fi\/\"},{\"@type\":\"ListItem\",\"position\":2,\"name\":\"Tuotteet\",\"item\":\"https:\/\/kodukolle.ee\/fi\/tuotteet\/\"},{\"@type\":\"ListItem\",\"position\":3,\"name\":\"Keskusl\u00e4mmitysliesi Alfa Plam ALFA TERM 27\"}]},{\"@type\":\"WebSite\",\"@id\":\"https:\/\/kodukolle.ee\/en\/#website\",\"url\":\"https:\/\/kodukolle.ee\/en\/\",\"name\":\"Kodukolle\",\"description\":\"\",\"publisher\":{\"@id\":\"https:\/\/kodukolle.ee\/en\/#organization\"},\"potentialAction\":[{\"@type\":\"SearchAction\",\"target\":{\"@type\":\"EntryPoint\",\"urlTemplate\":\"https:\/\/kodukolle.ee\/en\/?s={search_term_string}\"},\"query-input\":{\"@type\":\"PropertyValueSpecification\",\"valueRequired\":true,\"valueName\":\"search_term_string\"}}],\"inLanguage\":\"fi\"},{\"@type\":\"Organization\",\"@id\":\"https:\/\/kodukolle.ee\/en\/#organization\",\"name\":\"Kodukolle\",\"url\":\"https:\/\/kodukolle.ee\/en\/\",\"logo\":{\"@type\":\"ImageObject\",\"inLanguage\":\"fi\",\"@id\":\"https:\/\/kodukolle.ee\/en\/#\/schema\/logo\/image\/\",\"url\":\"https:\/\/kodukolle.ee\/wp-content\/uploads\/2025\/06\/logo_must_gradient.svg\",\"contentUrl\":\"https:\/\/kodukolle.ee\/wp-content\/uploads\/2025\/06\/logo_must_gradient.svg\",\"caption\":\"Kodukolle\"},\"image\":{\"@id\":\"https:\/\/kodukolle.ee\/en\/#\/schema\/logo\/image\/\"}}]}<\/script>\n<!-- \/ Yoast SEO plugin. -->","yoast_head_json":{"title":"Keskusl\u00e4mmitysliesi Alfa Plam ALFA TERM 27 - Kodukolle","description":"Keskusl\u00e4mmitysliesi Alfa Plam Alfa Term 27 on erinomainen ratkaisu taloudelliseen l\u00e4mmitysj\u00e4rjestelm\u00e4\u00e4n.","robots":{"index":"index","follow":"follow","max-snippet":"max-snippet:-1","max-image-preview":"max-image-preview:large","max-video-preview":"max-video-preview:-1"},"canonical":"https:\/\/kodukolle.ee\/fi\/tuote\/keskuslammitysliesi-alfa-plam-alfa-term-27\/","og_locale":"fi_FI","og_type":"article","og_title":"Keskusl\u00e4mmitysliesi Alfa Plam ALFA TERM 27 - Kodukolle","og_description":"Keskusl\u00e4mmitysliesi Alfa Plam Alfa Term 27 on erinomainen ratkaisu taloudelliseen l\u00e4mmitysj\u00e4rjestelm\u00e4\u00e4n.","og_url":"https:\/\/kodukolle.ee\/fi\/tuote\/keskuslammitysliesi-alfa-plam-alfa-term-27\/","og_site_name":"Kodukolle","article_modified_time":"2024-03-11T13:46:15+00:00","og_image":[{"width":1025,"height":836,"url":"https:\/\/kodukolle.ee\/wp-content\/uploads\/2019\/07\/Alfa-Plam-Alfa-Term-27.jpg","type":"image\/jpeg"}],"twitter_card":"summary_large_image","twitter_misc":{"Est. reading time":"1 minuutti"},"schema":{"@context":"https:\/\/schema.org","@graph":[{"@type":"WebPage","@id":"https:\/\/kodukolle.ee\/fi\/tuote\/keskuslammitysliesi-alfa-plam-alfa-term-27\/","url":"https:\/\/kodukolle.ee\/fi\/tuote\/keskuslammitysliesi-alfa-plam-alfa-term-27\/","name":"Keskusl\u00e4mmitysliesi Alfa Plam ALFA TERM 27 - Kodukolle","isPartOf":{"@id":"https:\/\/kodukolle.ee\/en\/#website"},"primaryImageOfPage":{"@id":"https:\/\/kodukolle.ee\/fi\/tuote\/keskuslammitysliesi-alfa-plam-alfa-term-27\/#primaryimage"},"image":{"@id":"https:\/\/kodukolle.ee\/fi\/tuote\/keskuslammitysliesi-alfa-plam-alfa-term-27\/#primaryimage"},"thumbnailUrl":"https:\/\/kodukolle.ee\/wp-content\/uploads\/2019\/07\/Alfa-Plam-Alfa-Term-27.jpg","datePublished":"2019-07-31T06:53:53+00:00","dateModified":"2024-03-11T13:46:15+00:00","description":"Keskusl\u00e4mmitysliesi Alfa Plam Alfa Term 27 on erinomainen ratkaisu taloudelliseen l\u00e4mmitysj\u00e4rjestelm\u00e4\u00e4n.","breadcrumb":{"@id":"https:\/\/kodukolle.ee\/fi\/tuote\/keskuslammitysliesi-alfa-plam-alfa-term-27\/#breadcrumb"},"inLanguage":"fi","potentialAction":[{"@type":"ReadAction","target":["https:\/\/kodukolle.ee\/fi\/tuote\/keskuslammitysliesi-alfa-plam-alfa-term-27\/"]}]},{"@type":"ImageObject","inLanguage":"fi","@id":"https:\/\/kodukolle.ee\/fi\/tuote\/keskuslammitysliesi-alfa-plam-alfa-term-27\/#primaryimage","url":"https:\/\/kodukolle.ee\/wp-content\/uploads\/2019\/07\/Alfa-Plam-Alfa-Term-27.jpg","contentUrl":"https:\/\/kodukolle.ee\/wp-content\/uploads\/2019\/07\/Alfa-Plam-Alfa-Term-27.jpg","width":1025,"height":836,"caption":"Alfa Plam Alfa Term 27"},{"@type":"BreadcrumbList","@id":"https:\/\/kodukolle.ee\/fi\/tuote\/keskuslammitysliesi-alfa-plam-alfa-term-27\/#breadcrumb","itemListElement":[{"@type":"ListItem","position":1,"name":"Home","item":"https:\/\/kodukolle.ee\/fi\/"},{"@type":"ListItem","position":2,"name":"Tuotteet","item":"https:\/\/kodukolle.ee\/fi\/tuotteet\/"},{"@type":"ListItem","position":3,"name":"Keskusl\u00e4mmitysliesi Alfa Plam ALFA TERM 27"}]},{"@type":"WebSite","@id":"https:\/\/kodukolle.ee\/en\/#website","url":"https:\/\/kodukolle.ee\/en\/","name":"Kodukolle","description":"","publisher":{"@id":"https:\/\/kodukolle.ee\/en\/#organization"},"potentialAction":[{"@type":"SearchAction","target":{"@type":"EntryPoint","urlTemplate":"https:\/\/kodukolle.ee\/en\/?s={search_term_string}"},"query-input":{"@type":"PropertyValueSpecification","valueRequired":true,"valueName":"search_term_string"}}],"inLanguage":"fi"},{"@type":"Organization","@id":"https:\/\/kodukolle.ee\/en\/#organization","name":"Kodukolle","url":"https:\/\/kodukolle.ee\/en\/","logo":{"@type":"ImageObject","inLanguage":"fi","@id":"https:\/\/kodukolle.ee\/en\/#\/schema\/logo\/image\/","url":"https:\/\/kodukolle.ee\/wp-content\/uploads\/2025\/06\/logo_must_gradient.svg","contentUrl":"https:\/\/kodukolle.ee\/wp-content\/uploads\/2025\/06\/logo_must_gradient.svg","caption":"Kodukolle"},"image":{"@id":"https:\/\/kodukolle.ee\/en\/#\/schema\/logo\/image\/"}}]}},"_links":{"self":[{"href":"https:\/\/kodukolle.ee\/fi\/wp-json\/wp\/v2\/product\/28160","targetHints":{"allow":["GET"]}}],"collection":[{"href":"https:\/\/kodukolle.ee\/fi\/wp-json\/wp\/v2\/product"}],"about":[{"href":"https:\/\/kodukolle.ee\/fi\/wp-json\/wp\/v2\/types\/product"}],"wp:featuredmedia":[{"embeddable":true,"href":"https:\/\/kodukolle.ee\/fi\/wp-json\/wp\/v2\/media\/28115"}],"wp:attachment":[{"href":"https:\/\/kodukolle.ee\/fi\/wp-json\/wp\/v2\/media?parent=28160"}],"wp:term":[{"taxonomy":"product_brand","embeddable":true,"href":"https:\/\/kodukolle.ee\/fi\/wp-json\/wp\/v2\/product_brand?post=28160"},{"taxonomy":"product_cat","embeddable":true,"href":"https:\/\/kodukolle.ee\/fi\/wp-json\/wp\/v2\/product_cat?post=28160"},{"taxonomy":"product_tag","embeddable":true,"href":"https:\/\/kodukolle.ee\/fi\/wp-json\/wp\/v2\/product_tag?post=28160"}],"curies":[{"name":"wp","href":"https:\/\/api.w.org\/{rel}","templated":true}]}}